{"id":40855,"date":"2020-06-19T15:10:38","date_gmt":"2020-06-19T14:10:38","guid":{"rendered":"http:\/\/www.freimarianne.ch\/?page_id=40855"},"modified":"2020-06-19T15:29:48","modified_gmt":"2020-06-19T14:29:48","slug":"herisau-degersheim-ar-13-6-2020","status":"publish","type":"page","link":"http:\/\/www.freimarianne.ch\/?page_id=40855","title":{"rendered":"Herisau &#8211; Degersheim  AR  13.6.2020"},"content":{"rendered":"<p><strong>Wanderung von Herisau nach Degersheim<\/strong><\/p>\n<p><img loading=\"lazy\" class=\"size-full wp-image-40850\" src=\"http:\/\/www.freimarianne.ch\/wp-content\/uploads\/2020\/06\/IMG_6457._herisau500.jpeg\" alt=\"\" width=\"500\" height=\"334\" srcset=\"http:\/\/www.freimarianne.ch\/wp-content\/uploads\/2020\/06\/IMG_6457._herisau500.jpeg 500w, http:\/\/www.freimarianne.ch\/wp-content\/uploads\/2020\/06\/IMG_6457._herisau500-300x200.jpeg 300w, http:\/\/www.freimarianne.ch\/wp-content\/uploads\/2020\/06\/IMG_6457._herisau500-449x300.jpeg 449w\" sizes=\"(max-width: 500px) 100vw, 500px\" \/><br \/>\nSchw\u00e4nberg 708m<\/p>\n<p>In Herisau suchen wir den Einstieg in den Wanderweg nach Degersheim, was in Herisau nicht ganz einfach ist. Wir m\u00f6chten auf der Route 22 Appenzell Kulturspur wandern. Wir gelangen \u00fcber T\u00fcfenau &#8211; Ramsenburg auf einen Waldweg mit vielen hohen Stufen, der uns hinauf zum P.874m, der Verzweigung zur Ramsenburg und Burgruine Rosenburg bringt. Hier schalten wir einen kurzen Halt ein, um dann wieder hinunter ins n\u00e4chste Tal gegen Ergeten zu steigen. Wir finden dann nach einigen Schwierigkeiten den Weg, der uns auf einem sch\u00f6nen Wanderweg nach dem Weiler Schw\u00e4nberg 708m bringt. Dieser Weiler zeichnet sich durch einige sehr sch\u00f6ne Bauernh\u00f6fe , die ein Ensemble bilden aus. Auch das alte Ratshaus Schw\u00e4nberg ist ein ganz pr\u00e4chtiger Bau ! Wir sind ja auch der Kulturspur !<br \/>\nVon Schw\u00e4nberg f\u00fchrt uns der Wanderweg hinunter zur Wissbachbr\u00fccke 657m und dann folgt der Weg durch das lange, interessante Wissenbachtobel. Es gibt dann noch einen Aufstieg nach Degersheim, wo wir noch ein wenig Zeit bis zur Abfahrt des Postautos um 14.01h nach Flawil haben.<br \/>\nAuch diese Wanderung war sch\u00f6n und interessant.<br \/>\nLaut Schweizmobil:<br \/>\nDistanz: 9.50km; Aufstieg: 449m; Abstieg: 393m; Wanderzeit: 2h 55min<\/p>\n<p><a href=\"https:\/\/map.schweizmobil.ch\/?lang=de&amp;photos=yes&amp;logo=yes&amp;season=summer&amp;bgLayer=pk&amp;resolution=5.9&amp;E=2735828&amp;N=1249579&amp;layers=Wanderland%2CStation&amp;trackId=7123213\">Karte Schweizmobil:<\/a><\/p>\n<p><!-- index.php -->\n<div\n\tclass=\"ngg-galleryoverview ngg-ajax-pagination-none\"\n\tid=\"ngg-gallery-41011-1\">\n\n    \t<div class=\"slideshowlink\">\n        <a href='http:\/\/www.freimarianne.ch\/index.php\/nggallery\/slideshow?page_id=40855'>[Show as slideshow]<\/a>\n\t\t\n\t<\/div>\n\t\t\t<!-- Thumbnails -->\n\t\t\t\t<div id=\"ngg-image-0\" class=\"ngg-gallery-thumbnail-box\" >\n\t\t\t\t        <div class=\"ngg-gallery-thumbnail\">\n            <a href=\"http:\/\/www.freimarianne.ch\/wp-content\/gallery\/herisau-degersheim-13-6-20\/IMG_6450.jpeg\"\n               title=\"Blick hzur\u00fcck auf Herisau\"\n               data-src=\"http:\/\/www.freimarianne.ch\/wp-content\/gallery\/herisau-degersheim-13-6-20\/IMG_6450.jpeg\"\n               data-thumbnail=\"http:\/\/www.freimarianne.ch\/wp-content\/gallery\/herisau-degersheim-13-6-20\/thumbs\/thumbs_IMG_6450.jpeg\"\n               data-image-id=\"22311\"\n               data-title=\"IMG_6450\"\n               data-description=\"Blick hzur\u00fcck auf Herisau\"\n               data-image-slug=\"img_6450-3\"\n               class=\"shutterset_41011\">\n                <img\n                    title=\"IMG_6450\"\n                    alt=\"IMG_6450\"\n                    src=\"http:\/\/www.freimarianne.ch\/wp-content\/gallery\/herisau-degersheim-13-6-20\/thumbs\/thumbs_IMG_6450.jpeg\"\n                    width=\"100\"\n                    height=\"75\"\n                    style=\"max-width:100%;\"\n                \/>\n            <\/a>\n        <\/div>\n\t\t\t\t\t\t\t<\/div> \n\t\t\t\n        \n\t\t\t\t<div id=\"ngg-image-1\" class=\"ngg-gallery-thumbnail-box\" >\n\t\t\t\t        <div class=\"ngg-gallery-thumbnail\">\n            <a href=\"http:\/\/www.freimarianne.ch\/wp-content\/gallery\/herisau-degersheim-13-6-20\/IMG_6451.jpeg\"\n               title=\"der Waldweg\"\n               data-src=\"http:\/\/www.freimarianne.ch\/wp-content\/gallery\/herisau-degersheim-13-6-20\/IMG_6451.jpeg\"\n               data-thumbnail=\"http:\/\/www.freimarianne.ch\/wp-content\/gallery\/herisau-degersheim-13-6-20\/thumbs\/thumbs_IMG_6451.jpeg\"\n               data-image-id=\"22312\"\n               data-title=\"IMG_6451\"\n               data-description=\"der Waldweg\"\n               data-image-slug=\"img_6451-1\"\n               class=\"shutterset_41011\">\n                <img\n                    title=\"IMG_6451\"\n                    alt=\"IMG_6451\"\n                    src=\"http:\/\/www.freimarianne.ch\/wp-content\/gallery\/herisau-degersheim-13-6-20\/thumbs\/thumbs_IMG_6451.jpeg\"\n                    width=\"100\"\n                    height=\"75\"\n                    style=\"max-width:100%;\"\n                \/>\n            <\/a>\n        <\/div>\n\t\t\t\t\t\t\t<\/div> \n\t\t\t\n        \n\t\t\t\t<div id=\"ngg-image-2\" class=\"ngg-gallery-thumbnail-box\" >\n\t\t\t\t        <div class=\"ngg-gallery-thumbnail\">\n            <a href=\"http:\/\/www.freimarianne.ch\/wp-content\/gallery\/herisau-degersheim-13-6-20\/IMG_6455.jpeg\"\n               title=\"\u00fcber die Wiesen gegen Schw\u00e4nberg\"\n               data-src=\"http:\/\/www.freimarianne.ch\/wp-content\/gallery\/herisau-degersheim-13-6-20\/IMG_6455.jpeg\"\n               data-thumbnail=\"http:\/\/www.freimarianne.ch\/wp-content\/gallery\/herisau-degersheim-13-6-20\/thumbs\/thumbs_IMG_6455.jpeg\"\n               data-image-id=\"22313\"\n               data-title=\"IMG_6455\"\n               data-description=\"\u00fcber die Wiesen gegen Schw\u00e4nberg\"\n               data-image-slug=\"img_6455-2\"\n               class=\"shutterset_41011\">\n                <img\n                    title=\"IMG_6455\"\n                    alt=\"IMG_6455\"\n                    src=\"http:\/\/www.freimarianne.ch\/wp-content\/gallery\/herisau-degersheim-13-6-20\/thumbs\/thumbs_IMG_6455.jpeg\"\n                    width=\"100\"\n                    height=\"75\"\n                    style=\"max-width:100%;\"\n                \/>\n            <\/a>\n        <\/div>\n\t\t\t\t\t\t\t<\/div> \n\t\t\t\n        \n\t\t\t\t<div id=\"ngg-image-3\" class=\"ngg-gallery-thumbnail-box\" >\n\t\t\t\t        <div class=\"ngg-gallery-thumbnail\">\n            <a href=\"http:\/\/www.freimarianne.ch\/wp-content\/gallery\/herisau-degersheim-13-6-20\/IMG_6458.jpeg\"\n               title=\"Schw\u00e4nberg   708m\"\n               data-src=\"http:\/\/www.freimarianne.ch\/wp-content\/gallery\/herisau-degersheim-13-6-20\/IMG_6458.jpeg\"\n               data-thumbnail=\"http:\/\/www.freimarianne.ch\/wp-content\/gallery\/herisau-degersheim-13-6-20\/thumbs\/thumbs_IMG_6458.jpeg\"\n               data-image-id=\"22314\"\n               data-title=\"IMG_6458\"\n               data-description=\"Schw\u00e4nberg   708m\"\n               data-image-slug=\"img_6458\"\n               class=\"shutterset_41011\">\n                <img\n                    title=\"IMG_6458\"\n                    alt=\"IMG_6458\"\n                    src=\"http:\/\/www.freimarianne.ch\/wp-content\/gallery\/herisau-degersheim-13-6-20\/thumbs\/thumbs_IMG_6458.jpeg\"\n                    width=\"100\"\n                    height=\"75\"\n                    style=\"max-width:100%;\"\n                \/>\n            <\/a>\n        <\/div>\n\t\t\t\t\t\t\t<\/div> \n\t\t\t\n        \n\t\t\t\t<div id=\"ngg-image-4\" class=\"ngg-gallery-thumbnail-box\" >\n\t\t\t\t        <div class=\"ngg-gallery-thumbnail\">\n            <a href=\"http:\/\/www.freimarianne.ch\/wp-content\/gallery\/herisau-degersheim-13-6-20\/IMG_6468.jpeg\"\n               title=\"Sicht ins Wissbachtobel\"\n               data-src=\"http:\/\/www.freimarianne.ch\/wp-content\/gallery\/herisau-degersheim-13-6-20\/IMG_6468.jpeg\"\n               data-thumbnail=\"http:\/\/www.freimarianne.ch\/wp-content\/gallery\/herisau-degersheim-13-6-20\/thumbs\/thumbs_IMG_6468.jpeg\"\n               data-image-id=\"22315\"\n               data-title=\"IMG_6468\"\n               data-description=\"Sicht ins Wissbachtobel\"\n               data-image-slug=\"img_6468-2\"\n               class=\"shutterset_41011\">\n                <img\n                    title=\"IMG_6468\"\n                    alt=\"IMG_6468\"\n                    src=\"http:\/\/www.freimarianne.ch\/wp-content\/gallery\/herisau-degersheim-13-6-20\/thumbs\/thumbs_IMG_6468.jpeg\"\n                    width=\"100\"\n                    height=\"75\"\n                    style=\"max-width:100%;\"\n                \/>\n            <\/a>\n        <\/div>\n\t\t\t\t\t\t\t<\/div> \n\t\t\t\n        \n\t\t\t\t<div id=\"ngg-image-5\" class=\"ngg-gallery-thumbnail-box\" >\n\t\t\t\t        <div class=\"ngg-gallery-thumbnail\">\n            <a href=\"http:\/\/www.freimarianne.ch\/wp-content\/gallery\/herisau-degersheim-13-6-20\/IMG_6470.jpeg\"\n               title=\"Stausee im Wissbachtobel\"\n               data-src=\"http:\/\/www.freimarianne.ch\/wp-content\/gallery\/herisau-degersheim-13-6-20\/IMG_6470.jpeg\"\n               data-thumbnail=\"http:\/\/www.freimarianne.ch\/wp-content\/gallery\/herisau-degersheim-13-6-20\/thumbs\/thumbs_IMG_6470.jpeg\"\n               data-image-id=\"22316\"\n               data-title=\"IMG_6470\"\n               data-description=\"Stausee im Wissbachtobel\"\n               data-image-slug=\"img_6470-2\"\n               class=\"shutterset_41011\">\n                <img\n                    title=\"IMG_6470\"\n                    alt=\"IMG_6470\"\n                    src=\"http:\/\/www.freimarianne.ch\/wp-content\/gallery\/herisau-degersheim-13-6-20\/thumbs\/thumbs_IMG_6470.jpeg\"\n                    width=\"100\"\n                    height=\"75\"\n                    style=\"max-width:100%;\"\n                \/>\n            <\/a>\n        <\/div>\n\t\t\t\t\t\t\t<\/div> \n\t\t\t\n        \n\t\t\t\t<div id=\"ngg-image-6\" class=\"ngg-gallery-thumbnail-box\" >\n\t\t\t\t        <div class=\"ngg-gallery-thumbnail\">\n            <a href=\"http:\/\/www.freimarianne.ch\/wp-content\/gallery\/herisau-degersheim-13-6-20\/IMG_6472.jpeg\"\n               title=\"im Wissbachtobel\"\n               data-src=\"http:\/\/www.freimarianne.ch\/wp-content\/gallery\/herisau-degersheim-13-6-20\/IMG_6472.jpeg\"\n               data-thumbnail=\"http:\/\/www.freimarianne.ch\/wp-content\/gallery\/herisau-degersheim-13-6-20\/thumbs\/thumbs_IMG_6472.jpeg\"\n               data-image-id=\"22317\"\n               data-title=\"IMG_6472\"\n               data-description=\"im Wissbachtobel\"\n               data-image-slug=\"img_6472-3\"\n               class=\"shutterset_41011\">\n                <img\n                    title=\"IMG_6472\"\n                    alt=\"IMG_6472\"\n                    src=\"http:\/\/www.freimarianne.ch\/wp-content\/gallery\/herisau-degersheim-13-6-20\/thumbs\/thumbs_IMG_6472.jpeg\"\n                    width=\"100\"\n                    height=\"75\"\n                    style=\"max-width:100%;\"\n                \/>\n            <\/a>\n        <\/div>\n\t\t\t\t\t\t\t<\/div> \n\t\t\t\n        \n\t\t\t\t<div id=\"ngg-image-7\" class=\"ngg-gallery-thumbnail-box\" >\n\t\t\t\t        <div class=\"ngg-gallery-thumbnail\">\n            <a href=\"http:\/\/www.freimarianne.ch\/wp-content\/gallery\/herisau-degersheim-13-6-20\/IMG_6476.jpeg\"\n               title=\"Felsw\u00e4nde im Wissbachtobel\"\n               data-src=\"http:\/\/www.freimarianne.ch\/wp-content\/gallery\/herisau-degersheim-13-6-20\/IMG_6476.jpeg\"\n               data-thumbnail=\"http:\/\/www.freimarianne.ch\/wp-content\/gallery\/herisau-degersheim-13-6-20\/thumbs\/thumbs_IMG_6476.jpeg\"\n               data-image-id=\"22318\"\n               data-title=\"IMG_6476\"\n               data-description=\"Felsw\u00e4nde im Wissbachtobel\"\n               data-image-slug=\"img_6476-1\"\n               class=\"shutterset_41011\">\n                <img\n                    title=\"IMG_6476\"\n                    alt=\"IMG_6476\"\n                    src=\"http:\/\/www.freimarianne.ch\/wp-content\/gallery\/herisau-degersheim-13-6-20\/thumbs\/thumbs_IMG_6476.jpeg\"\n                    width=\"100\"\n                    height=\"75\"\n                    style=\"max-width:100%;\"\n                \/>\n            <\/a>\n        <\/div>\n\t\t\t\t\t\t\t<\/div> \n\t\t\t\n        \n\t\t\t\t<div id=\"ngg-image-8\" class=\"ngg-gallery-thumbnail-box\" >\n\t\t\t\t        <div class=\"ngg-gallery-thumbnail\">\n            <a href=\"http:\/\/www.freimarianne.ch\/wp-content\/gallery\/herisau-degersheim-13-6-20\/IMG_6481.jpeg\"\n               title=\"im Wissbachtobel:\"\n               data-src=\"http:\/\/www.freimarianne.ch\/wp-content\/gallery\/herisau-degersheim-13-6-20\/IMG_6481.jpeg\"\n               data-thumbnail=\"http:\/\/www.freimarianne.ch\/wp-content\/gallery\/herisau-degersheim-13-6-20\/thumbs\/thumbs_IMG_6481.jpeg\"\n               data-image-id=\"22319\"\n               data-title=\"IMG_6481\"\n               data-description=\"im Wissbachtobel:\"\n               data-image-slug=\"img_6481-1\"\n               class=\"shutterset_41011\">\n                <img\n                    title=\"IMG_6481\"\n                    alt=\"IMG_6481\"\n                    src=\"http:\/\/www.freimarianne.ch\/wp-content\/gallery\/herisau-degersheim-13-6-20\/thumbs\/thumbs_IMG_6481.jpeg\"\n                    width=\"100\"\n                    height=\"75\"\n                    style=\"max-width:100%;\"\n                \/>\n            <\/a>\n        <\/div>\n\t\t\t\t\t\t\t<\/div> \n\t\t\t\n        \n\t\t\n\t\t<!-- Pagination -->\n\t<div class='ngg-clear'><\/div>\t<\/div>\n<\/p>\n<p><!-- index.php -->\n<div\n\tclass=\"ngg-galleryoverview ngg-ajax-pagination-none\"\n\tid=\"ngg-gallery-41012-1\">\n\n    \t<div class=\"slideshowlink\">\n        <a href='http:\/\/www.freimarianne.ch\/index.php\/nggallery\/slideshow?page_id=40855'>[Show as slideshow]<\/a>\n\t\t\n\t<\/div>\n\t\t\t<!-- Thumbnails -->\n\t\t\t\t<div id=\"ngg-image-0\" class=\"ngg-gallery-thumbnail-box\" >\n\t\t\t\t        <div class=\"ngg-gallery-thumbnail\">\n            <a href=\"http:\/\/www.freimarianne.ch\/wp-content\/gallery\/herisau-degersheim-iph-13-6-20\/IMG_1424.jpeg\"\n               title=\"Schw\u00e4nberg 708m\"\n               data-src=\"http:\/\/www.freimarianne.ch\/wp-content\/gallery\/herisau-degersheim-iph-13-6-20\/IMG_1424.jpeg\"\n               data-thumbnail=\"http:\/\/www.freimarianne.ch\/wp-content\/gallery\/herisau-degersheim-iph-13-6-20\/thumbs\/thumbs_IMG_1424.jpeg\"\n               data-image-id=\"22320\"\n               data-title=\"IMG_1424\"\n               data-description=\"Schw\u00e4nberg 708m\"\n               data-image-slug=\"img_1424-2\"\n               class=\"shutterset_41012\">\n                <img\n                    title=\"IMG_1424\"\n                    alt=\"IMG_1424\"\n                    src=\"http:\/\/www.freimarianne.ch\/wp-content\/gallery\/herisau-degersheim-iph-13-6-20\/thumbs\/thumbs_IMG_1424.jpeg\"\n                    width=\"100\"\n                    height=\"75\"\n                    style=\"max-width:100%;\"\n                \/>\n            <\/a>\n        <\/div>\n\t\t\t\t\t\t\t<\/div> \n\t\t\t\n        \n\t\t\t\t<div id=\"ngg-image-1\" class=\"ngg-gallery-thumbnail-box\" >\n\t\t\t\t        <div class=\"ngg-gallery-thumbnail\">\n            <a href=\"http:\/\/www.freimarianne.ch\/wp-content\/gallery\/herisau-degersheim-iph-13-6-20\/IMG_1426.jpeg\"\n               title=\"der Wissbach\"\n               data-src=\"http:\/\/www.freimarianne.ch\/wp-content\/gallery\/herisau-degersheim-iph-13-6-20\/IMG_1426.jpeg\"\n               data-thumbnail=\"http:\/\/www.freimarianne.ch\/wp-content\/gallery\/herisau-degersheim-iph-13-6-20\/thumbs\/thumbs_IMG_1426.jpeg\"\n               data-image-id=\"22321\"\n               data-title=\"IMG_1426\"\n               data-description=\"der Wissbach\"\n               data-image-slug=\"img_1426-3\"\n               class=\"shutterset_41012\">\n                <img\n                    title=\"IMG_1426\"\n                    alt=\"IMG_1426\"\n                    src=\"http:\/\/www.freimarianne.ch\/wp-content\/gallery\/herisau-degersheim-iph-13-6-20\/thumbs\/thumbs_IMG_1426.jpeg\"\n                    width=\"100\"\n                    height=\"75\"\n                    style=\"max-width:100%;\"\n                \/>\n            <\/a>\n        <\/div>\n\t\t\t\t\t\t\t<\/div> \n\t\t\t\n        \n\t\t\t\t<div id=\"ngg-image-2\" class=\"ngg-gallery-thumbnail-box\" >\n\t\t\t\t        <div class=\"ngg-gallery-thumbnail\">\n            <a href=\"http:\/\/www.freimarianne.ch\/wp-content\/gallery\/herisau-degersheim-iph-13-6-20\/IMG_1427.jpeg\"\n               title=\"der Wissbach im Wissbachtobel\"\n               data-src=\"http:\/\/www.freimarianne.ch\/wp-content\/gallery\/herisau-degersheim-iph-13-6-20\/IMG_1427.jpeg\"\n               data-thumbnail=\"http:\/\/www.freimarianne.ch\/wp-content\/gallery\/herisau-degersheim-iph-13-6-20\/thumbs\/thumbs_IMG_1427.jpeg\"\n               data-image-id=\"22322\"\n               data-title=\"IMG_1427\"\n               data-description=\"der Wissbach im Wissbachtobel\"\n               data-image-slug=\"img_1427-2\"\n               class=\"shutterset_41012\">\n                <img\n                    title=\"IMG_1427\"\n                    alt=\"IMG_1427\"\n                    src=\"http:\/\/www.freimarianne.ch\/wp-content\/gallery\/herisau-degersheim-iph-13-6-20\/thumbs\/thumbs_IMG_1427.jpeg\"\n                    width=\"100\"\n                    height=\"75\"\n                    style=\"max-width:100%;\"\n                \/>\n            <\/a>\n        <\/div>\n\t\t\t\t\t\t\t<\/div> \n\t\t\t\n        \n\t\t\t\t<div id=\"ngg-image-3\" class=\"ngg-gallery-thumbnail-box\" >\n\t\t\t\t        <div class=\"ngg-gallery-thumbnail\">\n            <a href=\"http:\/\/www.freimarianne.ch\/wp-content\/gallery\/herisau-degersheim-iph-13-6-20\/IMG_1428.jpeg\"\n               title=\"der Wissbach im Wissbachtobel\"\n               data-src=\"http:\/\/www.freimarianne.ch\/wp-content\/gallery\/herisau-degersheim-iph-13-6-20\/IMG_1428.jpeg\"\n               data-thumbnail=\"http:\/\/www.freimarianne.ch\/wp-content\/gallery\/herisau-degersheim-iph-13-6-20\/thumbs\/thumbs_IMG_1428.jpeg\"\n               data-image-id=\"22323\"\n               data-title=\"IMG_1428\"\n               data-description=\"der Wissbach im Wissbachtobel\"\n               data-image-slug=\"img_1428-6\"\n               class=\"shutterset_41012\">\n                <img\n                    title=\"IMG_1428\"\n                    alt=\"IMG_1428\"\n                    src=\"http:\/\/www.freimarianne.ch\/wp-content\/gallery\/herisau-degersheim-iph-13-6-20\/thumbs\/thumbs_IMG_1428.jpeg\"\n                    width=\"100\"\n                    height=\"75\"\n                    style=\"max-width:100%;\"\n                \/>\n            <\/a>\n        <\/div>\n\t\t\t\t\t\t\t<\/div> \n\t\t\t\n        \n\t\t\n\t\t<!-- Pagination -->\n\t<div class='ngg-clear'><\/div>\t<\/div>\n<\/p>\n","protected":false},"excerpt":{"rendered":"<p>Wanderung von Herisau nach Degersheim Schw\u00e4nberg 708m In Herisau suchen wir den Einstieg in den Wanderweg nach Degersheim, was in Herisau nicht ganz einfach ist. Wir m\u00f6chten auf der Route 22 Appenzell Kulturspur wandern. Wir gelangen \u00fcber T\u00fcfenau &#8211; Ramsenburg auf einen Waldweg mit vielen hohen Stufen, der uns hinauf zum P.874m, der Verzweigung zur [&hellip;]<\/p>\n","protected":false},"author":1,"featured_media":0,"parent":40733,"menu_order":4,"comment_status":"closed","ping_status":"closed","template":"","meta":{"ngg_post_thumbnail":0},"_links":{"self":[{"href":"http:\/\/www.freimarianne.ch\/index.php?rest_route=\/wp\/v2\/pages\/40855"}],"collection":[{"href":"http:\/\/www.freimarianne.ch\/index.php?rest_route=\/wp\/v2\/pages"}],"about":[{"href":"http:\/\/www.freimarianne.ch\/index.php?rest_route=\/wp\/v2\/types\/page"}],"author":[{"embeddable":true,"href":"http:\/\/www.freimarianne.ch\/index.php?rest_route=\/wp\/v2\/users\/1"}],"replies":[{"embeddable":true,"href":"http:\/\/www.freimarianne.ch\/index.php?rest_route=%2Fwp%2Fv2%2Fcomments&post=40855"}],"version-history":[{"count":6,"href":"http:\/\/www.freimarianne.ch\/index.php?rest_route=\/wp\/v2\/pages\/40855\/revisions"}],"predecessor-version":[{"id":41013,"href":"http:\/\/www.freimarianne.ch\/index.php?rest_route=\/wp\/v2\/pages\/40855\/revisions\/41013"}],"up":[{"embeddable":true,"href":"http:\/\/www.freimarianne.ch\/index.php?rest_route=\/wp\/v2\/pages\/40733"}],"wp:attachment":[{"href":"http:\/\/www.freimarianne.ch\/index.php?rest_route=%2Fwp%2Fv2%2Fmedia&parent=40855"}],"curies":[{"name":"wp","href":"https:\/\/api.w.org\/{rel}","templated":true}]}}