{"id":4147,"date":"2013-07-11T10:42:52","date_gmt":"2013-07-11T09:42:52","guid":{"rendered":"http:\/\/www.freimarianne.ch\/?page_id=4147"},"modified":"2013-07-20T08:08:51","modified_gmt":"2013-07-20T07:08:51","slug":"montenegro-25-5-2013","status":"publish","type":"page","link":"http:\/\/www.freimarianne.ch\/?page_id=4147","title":{"rendered":"Montenegro 25.5.2013"},"content":{"rendered":"<p><strong>Transfertag<\/strong>:Von Zabljak nach Kolasin, das im Biogradska Gora liegt.<br \/>\nAuf der Fahrt besuchen wir das kleine Frauenkloster, Biogradska Gora, welches Frauen nur mit Jupe besuchen k\u00f6nnen.<br \/>\nIm  Biogradsko Nationalpark fahren wir an einen Bergsee, den wir bei Regen umwandern. Gl\u00fccklicherweise findet sich am Ende der Wanderung noch ein Restaurant, wo wir uns trockenen und w\u00e4ren k\u00f6nnen. Dann f\u00fchrt uns der Bus in die Bergstadt Kolasin, die im Durmitor Gebirge liegt.<br \/>\n<img loading=\"lazy\" src=\"http:\/\/www.freimarianne.ch\/wp-content\/uploads\/2013\/07\/IMG_4791_titel_08.jpg\" alt=\"IMG_4791_titel_08\" width=\"500\" height=\"375\" class=\"aligncenter size-full wp-image-4209\" srcset=\"http:\/\/www.freimarianne.ch\/wp-content\/uploads\/2013\/07\/IMG_4791_titel_08.jpg 500w, http:\/\/www.freimarianne.ch\/wp-content\/uploads\/2013\/07\/IMG_4791_titel_08-300x225.jpg 300w, http:\/\/www.freimarianne.ch\/wp-content\/uploads\/2013\/07\/IMG_4791_titel_08-400x300.jpg 400w\" sizes=\"(max-width: 500px) 100vw, 500px\" \/><\/a><br \/>\n<!-- index.php -->\n<div\n\tclass=\"ngg-galleryoverview ngg-ajax-pagination-none\"\n\tid=\"ngg-gallery-796a967acdf1f71ad64f33e3b4639ff6-1\">\n\n    \t<div class=\"slideshowlink\">\n        <a href='http:\/\/www.freimarianne.ch\/index.php\/nggallery\/slideshow?page_id=4147'>[Show as slideshow]<\/a>\n\t\t\n\t<\/div>\n\t\t\t<!-- Thumbnails -->\n\t\t\t\t<div id=\"ngg-image-0\" class=\"ngg-gallery-thumbnail-box\" >\n\t\t\t\t        <div class=\"ngg-gallery-thumbnail\">\n            <a href=\"http:\/\/www.freimarianne.ch\/wp-content\/gallery\/montenegro-25-5-13\/img_4776.jpg\"\n               title=\"\"\n               data-src=\"http:\/\/www.freimarianne.ch\/wp-content\/gallery\/montenegro-25-5-13\/img_4776.jpg\"\n               data-thumbnail=\"http:\/\/www.freimarianne.ch\/wp-content\/gallery\/montenegro-25-5-13\/thumbs\/thumbs_img_4776.jpg\"\n               data-image-id=\"6882\"\n               data-title=\"img_4776\"\n               data-description=\"\"\n               data-image-slug=\"img_4776-2\"\n               class=\"shutterset_796a967acdf1f71ad64f33e3b4639ff6\">\n                <img\n                    title=\"img_4776\"\n                    alt=\"img_4776\"\n                    src=\"http:\/\/www.freimarianne.ch\/wp-content\/gallery\/montenegro-25-5-13\/cache\/img_4776.jpg-nggid046882-ngg0dyn-100x75x100-00f0w010c010r110f110r010t010.jpg\"\n                    width=\"100\"\n                    height=\"75\"\n                    style=\"max-width:100%;\"\n                \/>\n            <\/a>\n        <\/div>\n\t\t\t\t\t\t\t<\/div> \n\t\t\t\n                            \n\t\t\t\t<div id=\"ngg-image-1\" class=\"ngg-gallery-thumbnail-box\" >\n\t\t\t\t        <div class=\"ngg-gallery-thumbnail\">\n            <a href=\"http:\/\/www.freimarianne.ch\/wp-content\/gallery\/montenegro-25-5-13\/img_4783.jpg\"\n               title=\"\"\n               data-src=\"http:\/\/www.freimarianne.ch\/wp-content\/gallery\/montenegro-25-5-13\/img_4783.jpg\"\n               data-thumbnail=\"http:\/\/www.freimarianne.ch\/wp-content\/gallery\/montenegro-25-5-13\/thumbs\/thumbs_img_4783.jpg\"\n               data-image-id=\"6883\"\n               data-title=\"img_4783\"\n               data-description=\"\"\n               data-image-slug=\"img_4783-2\"\n               class=\"shutterset_796a967acdf1f71ad64f33e3b4639ff6\">\n                <img\n                    title=\"img_4783\"\n                    alt=\"img_4783\"\n                    src=\"http:\/\/www.freimarianne.ch\/wp-content\/gallery\/montenegro-25-5-13\/cache\/img_4783.jpg-nggid046883-ngg0dyn-100x75x100-00f0w010c010r110f110r010t010.jpg\"\n                    width=\"100\"\n                    height=\"75\"\n                    style=\"max-width:100%;\"\n                \/>\n            <\/a>\n        <\/div>\n\t\t\t\t\t\t\t<\/div> \n\t\t\t\n                            \n\t\t\t\t<div id=\"ngg-image-2\" class=\"ngg-gallery-thumbnail-box\" >\n\t\t\t\t        <div class=\"ngg-gallery-thumbnail\">\n            <a href=\"http:\/\/www.freimarianne.ch\/wp-content\/gallery\/montenegro-25-5-13\/img_4791.jpg\"\n               title=\"\"\n               data-src=\"http:\/\/www.freimarianne.ch\/wp-content\/gallery\/montenegro-25-5-13\/img_4791.jpg\"\n               data-thumbnail=\"http:\/\/www.freimarianne.ch\/wp-content\/gallery\/montenegro-25-5-13\/thumbs\/thumbs_img_4791.jpg\"\n               data-image-id=\"6884\"\n               data-title=\"img_4791\"\n               data-description=\"\"\n               data-image-slug=\"img_4791\"\n               class=\"shutterset_796a967acdf1f71ad64f33e3b4639ff6\">\n                <img\n                    title=\"img_4791\"\n                    alt=\"img_4791\"\n                    src=\"http:\/\/www.freimarianne.ch\/wp-content\/gallery\/montenegro-25-5-13\/cache\/img_4791.jpg-nggid046884-ngg0dyn-100x75x100-00f0w010c010r110f110r010t010.jpg\"\n                    width=\"100\"\n                    height=\"75\"\n                    style=\"max-width:100%;\"\n                \/>\n            <\/a>\n        <\/div>\n\t\t\t\t\t\t\t<\/div> \n\t\t\t\n                            \n\t\t\t\t<div id=\"ngg-image-3\" class=\"ngg-gallery-thumbnail-box\" >\n\t\t\t\t        <div class=\"ngg-gallery-thumbnail\">\n            <a href=\"http:\/\/www.freimarianne.ch\/wp-content\/gallery\/montenegro-25-5-13\/img_4807.jpg\"\n               title=\"\"\n               data-src=\"http:\/\/www.freimarianne.ch\/wp-content\/gallery\/montenegro-25-5-13\/img_4807.jpg\"\n               data-thumbnail=\"http:\/\/www.freimarianne.ch\/wp-content\/gallery\/montenegro-25-5-13\/thumbs\/thumbs_img_4807.jpg\"\n               data-image-id=\"6885\"\n               data-title=\"img_4807\"\n               data-description=\"\"\n               data-image-slug=\"img_4807\"\n               class=\"shutterset_796a967acdf1f71ad64f33e3b4639ff6\">\n                <img\n                    title=\"img_4807\"\n                    alt=\"img_4807\"\n                    src=\"http:\/\/www.freimarianne.ch\/wp-content\/gallery\/montenegro-25-5-13\/cache\/img_4807.jpg-nggid046885-ngg0dyn-100x75x100-00f0w010c010r110f110r010t010.jpg\"\n                    width=\"100\"\n                    height=\"75\"\n                    style=\"max-width:100%;\"\n                \/>\n            <\/a>\n        <\/div>\n\t\t\t\t\t\t\t<\/div> \n\t\t\t\n                                    <br style=\"clear: both\" \/>\n                    \n\t\t\t\t<div id=\"ngg-image-4\" class=\"ngg-gallery-thumbnail-box\" >\n\t\t\t\t        <div class=\"ngg-gallery-thumbnail\">\n            <a href=\"http:\/\/www.freimarianne.ch\/wp-content\/gallery\/montenegro-25-5-13\/img_4815.jpg\"\n               title=\"\"\n               data-src=\"http:\/\/www.freimarianne.ch\/wp-content\/gallery\/montenegro-25-5-13\/img_4815.jpg\"\n               data-thumbnail=\"http:\/\/www.freimarianne.ch\/wp-content\/gallery\/montenegro-25-5-13\/thumbs\/thumbs_img_4815.jpg\"\n               data-image-id=\"6886\"\n               data-title=\"img_4815\"\n               data-description=\"\"\n               data-image-slug=\"img_4815\"\n               class=\"shutterset_796a967acdf1f71ad64f33e3b4639ff6\">\n                <img\n                    title=\"img_4815\"\n                    alt=\"img_4815\"\n                    src=\"http:\/\/www.freimarianne.ch\/wp-content\/gallery\/montenegro-25-5-13\/cache\/img_4815.jpg-nggid046886-ngg0dyn-100x75x100-00f0w010c010r110f110r010t010.jpg\"\n                    width=\"100\"\n                    height=\"75\"\n                    style=\"max-width:100%;\"\n                \/>\n            <\/a>\n        <\/div>\n\t\t\t\t\t\t\t<\/div> \n\t\t\t\n                            \n\t\t\t\t<div id=\"ngg-image-5\" class=\"ngg-gallery-thumbnail-box\" >\n\t\t\t\t        <div class=\"ngg-gallery-thumbnail\">\n            <a href=\"http:\/\/www.freimarianne.ch\/wp-content\/gallery\/montenegro-25-5-13\/img_4824.jpg\"\n               title=\"\"\n               data-src=\"http:\/\/www.freimarianne.ch\/wp-content\/gallery\/montenegro-25-5-13\/img_4824.jpg\"\n               data-thumbnail=\"http:\/\/www.freimarianne.ch\/wp-content\/gallery\/montenegro-25-5-13\/thumbs\/thumbs_img_4824.jpg\"\n               data-image-id=\"6887\"\n               data-title=\"img_4824\"\n               data-description=\"\"\n               data-image-slug=\"img_4824\"\n               class=\"shutterset_796a967acdf1f71ad64f33e3b4639ff6\">\n                <img\n                    title=\"img_4824\"\n                    alt=\"img_4824\"\n                    src=\"http:\/\/www.freimarianne.ch\/wp-content\/gallery\/montenegro-25-5-13\/cache\/img_4824.jpg-nggid046887-ngg0dyn-100x75x100-00f0w010c010r110f110r010t010.jpg\"\n                    width=\"100\"\n                    height=\"52\"\n                    style=\"max-width:100%;\"\n                \/>\n            <\/a>\n        <\/div>\n\t\t\t\t\t\t\t<\/div> \n\t\t\t\n                            \n\t\t\t\t<div id=\"ngg-image-6\" class=\"ngg-gallery-thumbnail-box\" >\n\t\t\t\t        <div class=\"ngg-gallery-thumbnail\">\n            <a href=\"http:\/\/www.freimarianne.ch\/wp-content\/gallery\/montenegro-25-5-13\/img_4831.jpg\"\n               title=\"\"\n               data-src=\"http:\/\/www.freimarianne.ch\/wp-content\/gallery\/montenegro-25-5-13\/img_4831.jpg\"\n               data-thumbnail=\"http:\/\/www.freimarianne.ch\/wp-content\/gallery\/montenegro-25-5-13\/thumbs\/thumbs_img_4831.jpg\"\n               data-image-id=\"6888\"\n               data-title=\"img_4831\"\n               data-description=\"\"\n               data-image-slug=\"img_4831\"\n               class=\"shutterset_796a967acdf1f71ad64f33e3b4639ff6\">\n                <img\n                    title=\"img_4831\"\n                    alt=\"img_4831\"\n                    src=\"http:\/\/www.freimarianne.ch\/wp-content\/gallery\/montenegro-25-5-13\/cache\/img_4831.jpg-nggid046888-ngg0dyn-100x75x100-00f0w010c010r110f110r010t010.jpg\"\n                    width=\"100\"\n                    height=\"70\"\n                    style=\"max-width:100%;\"\n                \/>\n            <\/a>\n        <\/div>\n\t\t\t\t\t\t\t<\/div> \n\t\t\t\n                            \n\t\t\t\t<div id=\"ngg-image-7\" class=\"ngg-gallery-thumbnail-box\" >\n\t\t\t\t        <div class=\"ngg-gallery-thumbnail\">\n            <a href=\"http:\/\/www.freimarianne.ch\/wp-content\/gallery\/montenegro-25-5-13\/img_4840.jpg\"\n               title=\"\"\n               data-src=\"http:\/\/www.freimarianne.ch\/wp-content\/gallery\/montenegro-25-5-13\/img_4840.jpg\"\n               data-thumbnail=\"http:\/\/www.freimarianne.ch\/wp-content\/gallery\/montenegro-25-5-13\/thumbs\/thumbs_img_4840.jpg\"\n               data-image-id=\"6889\"\n               data-title=\"img_4840\"\n               data-description=\"\"\n               data-image-slug=\"img_4840\"\n               class=\"shutterset_796a967acdf1f71ad64f33e3b4639ff6\">\n                <img\n                    title=\"img_4840\"\n                    alt=\"img_4840\"\n                    src=\"http:\/\/www.freimarianne.ch\/wp-content\/gallery\/montenegro-25-5-13\/cache\/img_4840.jpg-nggid046889-ngg0dyn-100x75x100-00f0w010c010r110f110r010t010.jpg\"\n                    width=\"100\"\n                    height=\"75\"\n                    style=\"max-width:100%;\"\n                \/>\n            <\/a>\n        <\/div>\n\t\t\t\t\t\t\t<\/div> \n\t\t\t\n                                    <br style=\"clear: both\" \/>\n                    \n\t\t\t\t<div id=\"ngg-image-8\" class=\"ngg-gallery-thumbnail-box\" >\n\t\t\t\t        <div class=\"ngg-gallery-thumbnail\">\n            <a href=\"http:\/\/www.freimarianne.ch\/wp-content\/gallery\/montenegro-25-5-13\/img_4857.jpg\"\n               title=\"\"\n               data-src=\"http:\/\/www.freimarianne.ch\/wp-content\/gallery\/montenegro-25-5-13\/img_4857.jpg\"\n               data-thumbnail=\"http:\/\/www.freimarianne.ch\/wp-content\/gallery\/montenegro-25-5-13\/thumbs\/thumbs_img_4857.jpg\"\n               data-image-id=\"6890\"\n               data-title=\"img_4857\"\n               data-description=\"\"\n               data-image-slug=\"img_4857-3\"\n               class=\"shutterset_796a967acdf1f71ad64f33e3b4639ff6\">\n                <img\n                    title=\"img_4857\"\n                    alt=\"img_4857\"\n                    src=\"http:\/\/www.freimarianne.ch\/wp-content\/gallery\/montenegro-25-5-13\/cache\/img_4857.jpg-nggid046890-ngg0dyn-100x75x100-00f0w010c010r110f110r010t010.jpg\"\n                    width=\"100\"\n                    height=\"75\"\n                    style=\"max-width:100%;\"\n                \/>\n            <\/a>\n        <\/div>\n\t\t\t\t\t\t\t<\/div> \n\t\t\t\n                            \n\t\t\n\t\t<!-- Pagination -->\n\t<div class='ngg-clear'><\/div>\t<\/div>\n<\/p>\n","protected":false},"excerpt":{"rendered":"<p>Transfertag:Von Zabljak nach Kolasin, das im Biogradska Gora liegt. Auf der Fahrt besuchen wir das kleine Frauenkloster, Biogradska Gora, welches Frauen nur mit Jupe besuchen k\u00f6nnen. Im Biogradsko Nationalpark fahren wir an einen Bergsee, den wir bei Regen umwandern. Gl\u00fccklicherweise findet sich am Ende der Wanderung noch ein Restaurant, wo wir uns trockenen und w\u00e4ren [&hellip;]<\/p>\n","protected":false},"author":1,"featured_media":0,"parent":3874,"menu_order":8,"comment_status":"closed","ping_status":"closed","template":"","meta":{"ngg_post_thumbnail":0},"_links":{"self":[{"href":"http:\/\/www.freimarianne.ch\/index.php?rest_route=\/wp\/v2\/pages\/4147"}],"collection":[{"href":"http:\/\/www.freimarianne.ch\/index.php?rest_route=\/wp\/v2\/pages"}],"about":[{"href":"http:\/\/www.freimarianne.ch\/index.php?rest_route=\/wp\/v2\/types\/page"}],"author":[{"embeddable":true,"href":"http:\/\/www.freimarianne.ch\/index.php?rest_route=\/wp\/v2\/users\/1"}],"replies":[{"embeddable":true,"href":"http:\/\/www.freimarianne.ch\/index.php?rest_route=%2Fwp%2Fv2%2Fcomments&post=4147"}],"version-history":[{"count":8,"href":"http:\/\/www.freimarianne.ch\/index.php?rest_route=\/wp\/v2\/pages\/4147\/revisions"}],"predecessor-version":[{"id":4266,"href":"http:\/\/www.freimarianne.ch\/index.php?rest_route=\/wp\/v2\/pages\/4147\/revisions\/4266"}],"up":[{"embeddable":true,"href":"http:\/\/www.freimarianne.ch\/index.php?rest_route=\/wp\/v2\/pages\/3874"}],"wp:attachment":[{"href":"http:\/\/www.freimarianne.ch\/index.php?rest_route=%2Fwp%2Fv2%2Fmedia&parent=4147"}],"curies":[{"name":"wp","href":"https:\/\/api.w.org\/{rel}","templated":true}]}}