{"id":4428,"date":"2013-08-26T07:46:29","date_gmt":"2013-08-26T06:46:29","guid":{"rendered":"http:\/\/www.freimarianne.ch\/?page_id=4428"},"modified":"2013-08-28T15:28:03","modified_gmt":"2013-08-28T14:28:03","slug":"davos-15-8-2013","status":"publish","type":"page","link":"http:\/\/www.freimarianne.ch\/?page_id=4428","title":{"rendered":"Davos 15.8.2013"},"content":{"rendered":"<p><strong>Bergwanderung<\/strong> vom Weissfluhjoch zum Gotschnagrat.<br \/>\n<img loading=\"lazy\" src=\"http:\/\/www.freimarianne.ch\/wp-content\/uploads\/2013\/08\/IMG_8388_dav_15.8.jpg\" alt=\"IMG_8388_dav_15.8\" width=\"500\" height=\"260\" class=\"aligncenter size-full wp-image-4466\" srcset=\"http:\/\/www.freimarianne.ch\/wp-content\/uploads\/2013\/08\/IMG_8388_dav_15.8.jpg 500w, http:\/\/www.freimarianne.ch\/wp-content\/uploads\/2013\/08\/IMG_8388_dav_15.8-300x156.jpg 300w\" sizes=\"(max-width: 500px) 100vw, 500px\" \/><\/a><br \/>\nWir fahren von Davos Dorf 1550m hinauf auf das Weissfluhjoch 2686m und steigen zum Aussichtspunkt hinauf. Leider ist die Sicht ins H\u00e4upter T\u00e4lli und zur Weissfluh etwas d\u00fcster .Hier oben ist alles Grau in Grau. Sch\u00f6nist es hier eigentlich nur im Winter.<br \/>\nWir nehmen den Weg von der Wasserscheide nach Obers\u00e4sst\u00e4lli, wandern rechts vom Schwarzhorn zur Parsennfurgga 2435m. Dann steigen wir  hinunter  zur Parsennh\u00fctte 2200m und  wandern weiter auf dem Panoramaweg unterhalb des Gr\u00fcnhorns  hin\u00fcber zum Gotschnagrat 2281m.<br \/>\nNch einem Kaffee auf der Sonnenterrasse fahren wir mit der Seilbahn hinunter nach Klosters und mit dem Zug  zur\u00fcck nach Davos ins Hotel Ochs.<\/p>\n<!-- index.php -->\n<div\n\tclass=\"ngg-galleryoverview ngg-ajax-pagination-none\"\n\tid=\"ngg-gallery-4781712a361e183455d03c3088f99b05-1\">\n\n    \t<div class=\"slideshowlink\">\n        <a href='http:\/\/www.freimarianne.ch\/index.php\/nggallery\/slideshow?page_id=4428'>[Show as slideshow]<\/a>\n\t\t\n\t<\/div>\n\t\t\t<!-- Thumbnails -->\n\t\t\t\t<div id=\"ngg-image-0\" class=\"ngg-gallery-thumbnail-box\" >\n\t\t\t\t        <div class=\"ngg-gallery-thumbnail\">\n            <a href=\"http:\/\/www.freimarianne.ch\/wp-content\/gallery\/davos-15-8-13\/img_8367.jpg\"\n               title=\"\"\n               data-src=\"http:\/\/www.freimarianne.ch\/wp-content\/gallery\/davos-15-8-13\/img_8367.jpg\"\n               data-thumbnail=\"http:\/\/www.freimarianne.ch\/wp-content\/gallery\/davos-15-8-13\/thumbs\/thumbs_img_8367.jpg\"\n               data-image-id=\"7243\"\n               data-title=\"img_8367\"\n               data-description=\"\"\n               data-image-slug=\"img_8367-2\"\n               class=\"shutterset_4781712a361e183455d03c3088f99b05\">\n                <img\n                    title=\"img_8367\"\n                    alt=\"img_8367\"\n                    src=\"http:\/\/www.freimarianne.ch\/wp-content\/gallery\/davos-15-8-13\/cache\/img_8367.jpg-nggid047243-ngg0dyn-100x75x100-00f0w010c010r110f110r010t010.jpg\"\n                    width=\"100\"\n                    height=\"75\"\n                    style=\"max-width:100%;\"\n                \/>\n            <\/a>\n        <\/div>\n\t\t\t\t\t\t\t<\/div> \n\t\t\t\n                            \n\t\t\t\t<div id=\"ngg-image-1\" class=\"ngg-gallery-thumbnail-box\" >\n\t\t\t\t        <div class=\"ngg-gallery-thumbnail\">\n            <a href=\"http:\/\/www.freimarianne.ch\/wp-content\/gallery\/davos-15-8-13\/img_8387.jpg\"\n               title=\"\"\n               data-src=\"http:\/\/www.freimarianne.ch\/wp-content\/gallery\/davos-15-8-13\/img_8387.jpg\"\n               data-thumbnail=\"http:\/\/www.freimarianne.ch\/wp-content\/gallery\/davos-15-8-13\/thumbs\/thumbs_img_8387.jpg\"\n               data-image-id=\"7244\"\n               data-title=\"img_8387\"\n               data-description=\"\"\n               data-image-slug=\"img_8387\"\n               class=\"shutterset_4781712a361e183455d03c3088f99b05\">\n                <img\n                    title=\"img_8387\"\n                    alt=\"img_8387\"\n                    src=\"http:\/\/www.freimarianne.ch\/wp-content\/gallery\/davos-15-8-13\/cache\/img_8387.jpg-nggid047244-ngg0dyn-100x75x100-00f0w010c010r110f110r010t010.jpg\"\n                    width=\"100\"\n                    height=\"75\"\n                    style=\"max-width:100%;\"\n                \/>\n            <\/a>\n        <\/div>\n\t\t\t\t\t\t\t<\/div> \n\t\t\t\n                            \n\t\t\t\t<div id=\"ngg-image-2\" class=\"ngg-gallery-thumbnail-box\" >\n\t\t\t\t        <div class=\"ngg-gallery-thumbnail\">\n            <a href=\"http:\/\/www.freimarianne.ch\/wp-content\/gallery\/davos-15-8-13\/img_8394.jpg\"\n               title=\"\"\n               data-src=\"http:\/\/www.freimarianne.ch\/wp-content\/gallery\/davos-15-8-13\/img_8394.jpg\"\n               data-thumbnail=\"http:\/\/www.freimarianne.ch\/wp-content\/gallery\/davos-15-8-13\/thumbs\/thumbs_img_8394.jpg\"\n               data-image-id=\"7245\"\n               data-title=\"img_8394\"\n               data-description=\"\"\n               data-image-slug=\"img_8394\"\n               class=\"shutterset_4781712a361e183455d03c3088f99b05\">\n                <img\n                    title=\"img_8394\"\n                    alt=\"img_8394\"\n                    src=\"http:\/\/www.freimarianne.ch\/wp-content\/gallery\/davos-15-8-13\/cache\/img_8394.jpg-nggid047245-ngg0dyn-100x75x100-00f0w010c010r110f110r010t010.jpg\"\n                    width=\"100\"\n                    height=\"61\"\n                    style=\"max-width:100%;\"\n                \/>\n            <\/a>\n        <\/div>\n\t\t\t\t\t\t\t<\/div> \n\t\t\t\n                            \n\t\t\t\t<div id=\"ngg-image-3\" class=\"ngg-gallery-thumbnail-box\" >\n\t\t\t\t        <div class=\"ngg-gallery-thumbnail\">\n            <a href=\"http:\/\/www.freimarianne.ch\/wp-content\/gallery\/davos-15-8-13\/img_8402.jpg\"\n               title=\"\"\n               data-src=\"http:\/\/www.freimarianne.ch\/wp-content\/gallery\/davos-15-8-13\/img_8402.jpg\"\n               data-thumbnail=\"http:\/\/www.freimarianne.ch\/wp-content\/gallery\/davos-15-8-13\/thumbs\/thumbs_img_8402.jpg\"\n               data-image-id=\"7246\"\n               data-title=\"img_8402\"\n               data-description=\"\"\n               data-image-slug=\"img_8402\"\n               class=\"shutterset_4781712a361e183455d03c3088f99b05\">\n                <img\n                    title=\"img_8402\"\n                    alt=\"img_8402\"\n                    src=\"http:\/\/www.freimarianne.ch\/wp-content\/gallery\/davos-15-8-13\/cache\/img_8402.jpg-nggid047246-ngg0dyn-100x75x100-00f0w010c010r110f110r010t010.jpg\"\n                    width=\"100\"\n                    height=\"75\"\n                    style=\"max-width:100%;\"\n                \/>\n            <\/a>\n        <\/div>\n\t\t\t\t\t\t\t<\/div> \n\t\t\t\n                                    <br style=\"clear: both\" \/>\n                    \n\t\t\t\t<div id=\"ngg-image-4\" class=\"ngg-gallery-thumbnail-box\" >\n\t\t\t\t        <div class=\"ngg-gallery-thumbnail\">\n            <a href=\"http:\/\/www.freimarianne.ch\/wp-content\/gallery\/davos-15-8-13\/img_8406.jpg\"\n               title=\"\"\n               data-src=\"http:\/\/www.freimarianne.ch\/wp-content\/gallery\/davos-15-8-13\/img_8406.jpg\"\n               data-thumbnail=\"http:\/\/www.freimarianne.ch\/wp-content\/gallery\/davos-15-8-13\/thumbs\/thumbs_img_8406.jpg\"\n               data-image-id=\"7247\"\n               data-title=\"img_8406\"\n               data-description=\"\"\n               data-image-slug=\"img_8406\"\n               class=\"shutterset_4781712a361e183455d03c3088f99b05\">\n                <img\n                    title=\"img_8406\"\n                    alt=\"img_8406\"\n                    src=\"http:\/\/www.freimarianne.ch\/wp-content\/gallery\/davos-15-8-13\/cache\/img_8406.jpg-nggid047247-ngg0dyn-100x75x100-00f0w010c010r110f110r010t010.jpg\"\n                    width=\"100\"\n                    height=\"75\"\n                    style=\"max-width:100%;\"\n                \/>\n            <\/a>\n        <\/div>\n\t\t\t\t\t\t\t<\/div> \n\t\t\t\n                            \n\t\t\t\t<div id=\"ngg-image-5\" class=\"ngg-gallery-thumbnail-box\" >\n\t\t\t\t        <div class=\"ngg-gallery-thumbnail\">\n            <a href=\"http:\/\/www.freimarianne.ch\/wp-content\/gallery\/davos-15-8-13\/img_8408.jpg\"\n               title=\"\"\n               data-src=\"http:\/\/www.freimarianne.ch\/wp-content\/gallery\/davos-15-8-13\/img_8408.jpg\"\n               data-thumbnail=\"http:\/\/www.freimarianne.ch\/wp-content\/gallery\/davos-15-8-13\/thumbs\/thumbs_img_8408.jpg\"\n               data-image-id=\"7248\"\n               data-title=\"img_8408\"\n               data-description=\"\"\n               data-image-slug=\"img_8408\"\n               class=\"shutterset_4781712a361e183455d03c3088f99b05\">\n                <img\n                    title=\"img_8408\"\n                    alt=\"img_8408\"\n                    src=\"http:\/\/www.freimarianne.ch\/wp-content\/gallery\/davos-15-8-13\/cache\/img_8408.jpg-nggid047248-ngg0dyn-100x75x100-00f0w010c010r110f110r010t010.jpg\"\n                    width=\"100\"\n                    height=\"52\"\n                    style=\"max-width:100%;\"\n                \/>\n            <\/a>\n        <\/div>\n\t\t\t\t\t\t\t<\/div> \n\t\t\t\n                            \n\t\t\t\t<div id=\"ngg-image-6\" class=\"ngg-gallery-thumbnail-box\" >\n\t\t\t\t        <div class=\"ngg-gallery-thumbnail\">\n            <a href=\"http:\/\/www.freimarianne.ch\/wp-content\/gallery\/davos-15-8-13\/img_8410.jpg\"\n               title=\"\"\n               data-src=\"http:\/\/www.freimarianne.ch\/wp-content\/gallery\/davos-15-8-13\/img_8410.jpg\"\n               data-thumbnail=\"http:\/\/www.freimarianne.ch\/wp-content\/gallery\/davos-15-8-13\/thumbs\/thumbs_img_8410.jpg\"\n               data-image-id=\"7249\"\n               data-title=\"img_8410\"\n               data-description=\"\"\n               data-image-slug=\"img_8410\"\n               class=\"shutterset_4781712a361e183455d03c3088f99b05\">\n                <img\n                    title=\"img_8410\"\n                    alt=\"img_8410\"\n                    src=\"http:\/\/www.freimarianne.ch\/wp-content\/gallery\/davos-15-8-13\/cache\/img_8410.jpg-nggid047249-ngg0dyn-100x75x100-00f0w010c010r110f110r010t010.jpg\"\n                    width=\"100\"\n                    height=\"56\"\n                    style=\"max-width:100%;\"\n                \/>\n            <\/a>\n        <\/div>\n\t\t\t\t\t\t\t<\/div> \n\t\t\t\n                            \n\t\t\t\t<div id=\"ngg-image-7\" class=\"ngg-gallery-thumbnail-box\" >\n\t\t\t\t        <div class=\"ngg-gallery-thumbnail\">\n            <a href=\"http:\/\/www.freimarianne.ch\/wp-content\/gallery\/davos-15-8-13\/img_8412.jpg\"\n               title=\"\"\n               data-src=\"http:\/\/www.freimarianne.ch\/wp-content\/gallery\/davos-15-8-13\/img_8412.jpg\"\n               data-thumbnail=\"http:\/\/www.freimarianne.ch\/wp-content\/gallery\/davos-15-8-13\/thumbs\/thumbs_img_8412.jpg\"\n               data-image-id=\"7250\"\n               data-title=\"img_8412\"\n               data-description=\"\"\n               data-image-slug=\"img_8412\"\n               class=\"shutterset_4781712a361e183455d03c3088f99b05\">\n                <img\n                    title=\"img_8412\"\n                    alt=\"img_8412\"\n                    src=\"http:\/\/www.freimarianne.ch\/wp-content\/gallery\/davos-15-8-13\/cache\/img_8412.jpg-nggid047250-ngg0dyn-100x75x100-00f0w010c010r110f110r010t010.jpg\"\n                    width=\"100\"\n                    height=\"75\"\n                    style=\"max-width:100%;\"\n                \/>\n            <\/a>\n        <\/div>\n\t\t\t\t\t\t\t<\/div> \n\t\t\t\n                                    <br style=\"clear: both\" \/>\n                    \n\t\t\n\t\t<!-- Pagination -->\n\t<div class='ngg-clear'><\/div>\t<\/div>\n\n","protected":false},"excerpt":{"rendered":"<p>Bergwanderung vom Weissfluhjoch zum Gotschnagrat. Wir fahren von Davos Dorf 1550m hinauf auf das Weissfluhjoch 2686m und steigen zum Aussichtspunkt hinauf. Leider ist die Sicht ins H\u00e4upter T\u00e4lli und zur Weissfluh etwas d\u00fcster .Hier oben ist alles Grau in Grau. Sch\u00f6nist es hier eigentlich nur im Winter. Wir nehmen den Weg von der Wasserscheide nach [&hellip;]<\/p>\n","protected":false},"author":1,"featured_media":0,"parent":4426,"menu_order":1,"comment_status":"closed","ping_status":"closed","template":"","meta":{"ngg_post_thumbnail":0},"_links":{"self":[{"href":"http:\/\/www.freimarianne.ch\/index.php?rest_route=\/wp\/v2\/pages\/4428"}],"collection":[{"href":"http:\/\/www.freimarianne.ch\/index.php?rest_route=\/wp\/v2\/pages"}],"about":[{"href":"http:\/\/www.freimarianne.ch\/index.php?rest_route=\/wp\/v2\/types\/page"}],"author":[{"embeddable":true,"href":"http:\/\/www.freimarianne.ch\/index.php?rest_route=\/wp\/v2\/users\/1"}],"replies":[{"embeddable":true,"href":"http:\/\/www.freimarianne.ch\/index.php?rest_route=%2Fwp%2Fv2%2Fcomments&post=4428"}],"version-history":[{"count":6,"href":"http:\/\/www.freimarianne.ch\/index.php?rest_route=\/wp\/v2\/pages\/4428\/revisions"}],"predecessor-version":[{"id":4507,"href":"http:\/\/www.freimarianne.ch\/index.php?rest_route=\/wp\/v2\/pages\/4428\/revisions\/4507"}],"up":[{"embeddable":true,"href":"http:\/\/www.freimarianne.ch\/index.php?rest_route=\/wp\/v2\/pages\/4426"}],"wp:attachment":[{"href":"http:\/\/www.freimarianne.ch\/index.php?rest_route=%2Fwp%2Fv2%2Fmedia&parent=4428"}],"curies":[{"name":"wp","href":"https:\/\/api.w.org\/{rel}","templated":true}]}}