{"id":4432,"date":"2013-08-26T07:49:32","date_gmt":"2013-08-26T06:49:32","guid":{"rendered":"http:\/\/www.freimarianne.ch\/?page_id=4432"},"modified":"2013-08-28T15:41:07","modified_gmt":"2013-08-28T14:41:07","slug":"davos-17-8-2013","status":"publish","type":"page","link":"http:\/\/www.freimarianne.ch\/?page_id=4432","title":{"rendered":"Davos 17.8.2013"},"content":{"rendered":"<p><strong>Bergwanderung<\/strong> auf dem Panoramaweg von Davos Schatzalp nach Davos Frauenkirch.<br \/>\n<img loading=\"lazy\" src=\"http:\/\/www.freimarianne.ch\/wp-content\/uploads\/2013\/08\/IMG_8672_dav_17.jpg\" alt=\"IMG_8672_dav_17\" width=\"500\" height=\"375\" class=\"aligncenter size-full wp-image-4468\" srcset=\"http:\/\/www.freimarianne.ch\/wp-content\/uploads\/2013\/08\/IMG_8672_dav_17.jpg 500w, http:\/\/www.freimarianne.ch\/wp-content\/uploads\/2013\/08\/IMG_8672_dav_17-300x225.jpg 300w, http:\/\/www.freimarianne.ch\/wp-content\/uploads\/2013\/08\/IMG_8672_dav_17-400x300.jpg 400w\" sizes=\"(max-width: 500px) 100vw, 500px\" \/><\/a><br \/>\nWir staunen nicht schlecht als am Morgen regnerisch ist. Mit Regenausr\u00fcstung machen wir uns auf den Weg zur Schatzalpbahn, die uns hinauf  zum Ausgangspunkt unserer geplanten Wanderung auf dem Panoramaweg bringt.<br \/>\nDer weg f\u00fchrt uns ins Albertitobel hinein und wieder hinaus zur Gr\u00fceni Alp, ins Tobel des Bildjibaches zur Erdalpen   und nach Usser Erb. Von dort geht es zur Stafelalp 1894m mit ihren sch\u00f6nen  Holzh\u00e4usern. Nochmals geht es hinauf in ein Tal hinein und hin\u00fcber zur Chummeralp 2017m. Von hier aus steigen wir hinunter nach M\u00e4lcheren und dann weiter nach Frauenkirche. Wir verpassen den Bus um wenige Minuten.<br \/>\n Wieder hatten wir einen sch\u00f6nen Wandertag mit immer besser werdenden Wetter.<br \/>\nLaut Swissmap: Distanz: 13.2km; Gesamtaufstieg: 726m; Gesamtabstieg: 1092m; Marschzeit 4. 36 h<\/p>\n<!-- index.php -->\n<div\n\tclass=\"ngg-galleryoverview ngg-ajax-pagination-none\"\n\tid=\"ngg-gallery-5feeba1a935d9d6bf7665897a20fbccf-1\">\n\n    \t<div class=\"slideshowlink\">\n        <a href='http:\/\/www.freimarianne.ch\/index.php\/nggallery\/slideshow?page_id=4432'>[Show as slideshow]<\/a>\n\t\t\n\t<\/div>\n\t\t\t<!-- Thumbnails -->\n\t\t\t\t<div id=\"ngg-image-0\" class=\"ngg-gallery-thumbnail-box\" >\n\t\t\t\t        <div class=\"ngg-gallery-thumbnail\">\n            <a href=\"http:\/\/www.freimarianne.ch\/wp-content\/gallery\/davos-17-8-13\/img_8628.jpg\"\n               title=\"\"\n               data-src=\"http:\/\/www.freimarianne.ch\/wp-content\/gallery\/davos-17-8-13\/img_8628.jpg\"\n               data-thumbnail=\"http:\/\/www.freimarianne.ch\/wp-content\/gallery\/davos-17-8-13\/thumbs\/thumbs_img_8628.jpg\"\n               data-image-id=\"7281\"\n               data-title=\"img_8628\"\n               data-description=\"\"\n               data-image-slug=\"img_8628\"\n               class=\"shutterset_5feeba1a935d9d6bf7665897a20fbccf\">\n                <img\n                    title=\"img_8628\"\n                    alt=\"img_8628\"\n                    src=\"http:\/\/www.freimarianne.ch\/wp-content\/gallery\/davos-17-8-13\/cache\/img_8628.jpg-nggid047281-ngg0dyn-100x75x100-00f0w010c010r110f110r010t010.jpg\"\n                    width=\"100\"\n                    height=\"75\"\n                    style=\"max-width:100%;\"\n                \/>\n            <\/a>\n        <\/div>\n\t\t\t\t\t\t\t<\/div> \n\t\t\t\n                            \n\t\t\t\t<div id=\"ngg-image-1\" class=\"ngg-gallery-thumbnail-box\" >\n\t\t\t\t        <div class=\"ngg-gallery-thumbnail\">\n            <a href=\"http:\/\/www.freimarianne.ch\/wp-content\/gallery\/davos-17-8-13\/img_8633.jpg\"\n               title=\"\"\n               data-src=\"http:\/\/www.freimarianne.ch\/wp-content\/gallery\/davos-17-8-13\/img_8633.jpg\"\n               data-thumbnail=\"http:\/\/www.freimarianne.ch\/wp-content\/gallery\/davos-17-8-13\/thumbs\/thumbs_img_8633.jpg\"\n               data-image-id=\"7282\"\n               data-title=\"img_8633\"\n               data-description=\"\"\n               data-image-slug=\"img_8633-2\"\n               class=\"shutterset_5feeba1a935d9d6bf7665897a20fbccf\">\n                <img\n                    title=\"img_8633\"\n                    alt=\"img_8633\"\n                    src=\"http:\/\/www.freimarianne.ch\/wp-content\/gallery\/davos-17-8-13\/cache\/img_8633.jpg-nggid047282-ngg0dyn-100x75x100-00f0w010c010r110f110r010t010.jpg\"\n                    width=\"100\"\n                    height=\"75\"\n                    style=\"max-width:100%;\"\n                \/>\n            <\/a>\n        <\/div>\n\t\t\t\t\t\t\t<\/div> \n\t\t\t\n                            \n\t\t\t\t<div id=\"ngg-image-2\" class=\"ngg-gallery-thumbnail-box\" >\n\t\t\t\t        <div class=\"ngg-gallery-thumbnail\">\n            <a href=\"http:\/\/www.freimarianne.ch\/wp-content\/gallery\/davos-17-8-13\/img_8644.jpg\"\n               title=\"\"\n               data-src=\"http:\/\/www.freimarianne.ch\/wp-content\/gallery\/davos-17-8-13\/img_8644.jpg\"\n               data-thumbnail=\"http:\/\/www.freimarianne.ch\/wp-content\/gallery\/davos-17-8-13\/thumbs\/thumbs_img_8644.jpg\"\n               data-image-id=\"7283\"\n               data-title=\"img_8644\"\n               data-description=\"\"\n               data-image-slug=\"img_8644\"\n               class=\"shutterset_5feeba1a935d9d6bf7665897a20fbccf\">\n                <img\n                    title=\"img_8644\"\n                    alt=\"img_8644\"\n                    src=\"http:\/\/www.freimarianne.ch\/wp-content\/gallery\/davos-17-8-13\/cache\/img_8644.jpg-nggid047283-ngg0dyn-100x75x100-00f0w010c010r110f110r010t010.jpg\"\n                    width=\"100\"\n                    height=\"75\"\n                    style=\"max-width:100%;\"\n                \/>\n            <\/a>\n        <\/div>\n\t\t\t\t\t\t\t<\/div> \n\t\t\t\n                            \n\t\t\t\t<div id=\"ngg-image-3\" class=\"ngg-gallery-thumbnail-box\" >\n\t\t\t\t        <div class=\"ngg-gallery-thumbnail\">\n            <a href=\"http:\/\/www.freimarianne.ch\/wp-content\/gallery\/davos-17-8-13\/img_8648.jpg\"\n               title=\"\"\n               data-src=\"http:\/\/www.freimarianne.ch\/wp-content\/gallery\/davos-17-8-13\/img_8648.jpg\"\n               data-thumbnail=\"http:\/\/www.freimarianne.ch\/wp-content\/gallery\/davos-17-8-13\/thumbs\/thumbs_img_8648.jpg\"\n               data-image-id=\"7284\"\n               data-title=\"img_8648\"\n               data-description=\"\"\n               data-image-slug=\"img_8648-3\"\n               class=\"shutterset_5feeba1a935d9d6bf7665897a20fbccf\">\n                <img\n                    title=\"img_8648\"\n                    alt=\"img_8648\"\n                    src=\"http:\/\/www.freimarianne.ch\/wp-content\/gallery\/davos-17-8-13\/cache\/img_8648.jpg-nggid047284-ngg0dyn-100x75x100-00f0w010c010r110f110r010t010.jpg\"\n                    width=\"100\"\n                    height=\"75\"\n                    style=\"max-width:100%;\"\n                \/>\n            <\/a>\n        <\/div>\n\t\t\t\t\t\t\t<\/div> \n\t\t\t\n                                    <br style=\"clear: both\" \/>\n                    \n\t\t\t\t<div id=\"ngg-image-4\" class=\"ngg-gallery-thumbnail-box\" >\n\t\t\t\t        <div class=\"ngg-gallery-thumbnail\">\n            <a href=\"http:\/\/www.freimarianne.ch\/wp-content\/gallery\/davos-17-8-13\/img_8650.jpg\"\n               title=\"\"\n               data-src=\"http:\/\/www.freimarianne.ch\/wp-content\/gallery\/davos-17-8-13\/img_8650.jpg\"\n               data-thumbnail=\"http:\/\/www.freimarianne.ch\/wp-content\/gallery\/davos-17-8-13\/thumbs\/thumbs_img_8650.jpg\"\n               data-image-id=\"7285\"\n               data-title=\"img_8650\"\n               data-description=\"\"\n               data-image-slug=\"img_8650\"\n               class=\"shutterset_5feeba1a935d9d6bf7665897a20fbccf\">\n                <img\n                    title=\"img_8650\"\n                    alt=\"img_8650\"\n                    src=\"http:\/\/www.freimarianne.ch\/wp-content\/gallery\/davos-17-8-13\/cache\/img_8650.jpg-nggid047285-ngg0dyn-100x75x100-00f0w010c010r110f110r010t010.jpg\"\n                    width=\"100\"\n                    height=\"75\"\n                    style=\"max-width:100%;\"\n                \/>\n            <\/a>\n        <\/div>\n\t\t\t\t\t\t\t<\/div> \n\t\t\t\n                            \n\t\t\t\t<div id=\"ngg-image-5\" class=\"ngg-gallery-thumbnail-box\" >\n\t\t\t\t        <div class=\"ngg-gallery-thumbnail\">\n            <a href=\"http:\/\/www.freimarianne.ch\/wp-content\/gallery\/davos-17-8-13\/img_8666.jpg\"\n               title=\"\"\n               data-src=\"http:\/\/www.freimarianne.ch\/wp-content\/gallery\/davos-17-8-13\/img_8666.jpg\"\n               data-thumbnail=\"http:\/\/www.freimarianne.ch\/wp-content\/gallery\/davos-17-8-13\/thumbs\/thumbs_img_8666.jpg\"\n               data-image-id=\"7286\"\n               data-title=\"img_8666\"\n               data-description=\"\"\n               data-image-slug=\"img_8666\"\n               class=\"shutterset_5feeba1a935d9d6bf7665897a20fbccf\">\n                <img\n                    title=\"img_8666\"\n                    alt=\"img_8666\"\n                    src=\"http:\/\/www.freimarianne.ch\/wp-content\/gallery\/davos-17-8-13\/cache\/img_8666.jpg-nggid047286-ngg0dyn-100x75x100-00f0w010c010r110f110r010t010.jpg\"\n                    width=\"100\"\n                    height=\"75\"\n                    style=\"max-width:100%;\"\n                \/>\n            <\/a>\n        <\/div>\n\t\t\t\t\t\t\t<\/div> \n\t\t\t\n                            \n\t\t\t\t<div id=\"ngg-image-6\" class=\"ngg-gallery-thumbnail-box\" >\n\t\t\t\t        <div class=\"ngg-gallery-thumbnail\">\n            <a href=\"http:\/\/www.freimarianne.ch\/wp-content\/gallery\/davos-17-8-13\/img_8670.jpg\"\n               title=\"\"\n               data-src=\"http:\/\/www.freimarianne.ch\/wp-content\/gallery\/davos-17-8-13\/img_8670.jpg\"\n               data-thumbnail=\"http:\/\/www.freimarianne.ch\/wp-content\/gallery\/davos-17-8-13\/thumbs\/thumbs_img_8670.jpg\"\n               data-image-id=\"7287\"\n               data-title=\"img_8670\"\n               data-description=\"\"\n               data-image-slug=\"img_8670\"\n               class=\"shutterset_5feeba1a935d9d6bf7665897a20fbccf\">\n                <img\n                    title=\"img_8670\"\n                    alt=\"img_8670\"\n                    src=\"http:\/\/www.freimarianne.ch\/wp-content\/gallery\/davos-17-8-13\/cache\/img_8670.jpg-nggid047287-ngg0dyn-100x75x100-00f0w010c010r110f110r010t010.jpg\"\n                    width=\"100\"\n                    height=\"75\"\n                    style=\"max-width:100%;\"\n                \/>\n            <\/a>\n        <\/div>\n\t\t\t\t\t\t\t<\/div> \n\t\t\t\n                            \n\t\t\t\t<div id=\"ngg-image-7\" class=\"ngg-gallery-thumbnail-box\" >\n\t\t\t\t        <div class=\"ngg-gallery-thumbnail\">\n            <a href=\"http:\/\/www.freimarianne.ch\/wp-content\/gallery\/davos-17-8-13\/img_8680.jpg\"\n               title=\"\"\n               data-src=\"http:\/\/www.freimarianne.ch\/wp-content\/gallery\/davos-17-8-13\/img_8680.jpg\"\n               data-thumbnail=\"http:\/\/www.freimarianne.ch\/wp-content\/gallery\/davos-17-8-13\/thumbs\/thumbs_img_8680.jpg\"\n               data-image-id=\"7288\"\n               data-title=\"img_8680\"\n               data-description=\"\"\n               data-image-slug=\"img_8680\"\n               class=\"shutterset_5feeba1a935d9d6bf7665897a20fbccf\">\n                <img\n                    title=\"img_8680\"\n                    alt=\"img_8680\"\n                    src=\"http:\/\/www.freimarianne.ch\/wp-content\/gallery\/davos-17-8-13\/cache\/img_8680.jpg-nggid047288-ngg0dyn-100x75x100-00f0w010c010r110f110r010t010.jpg\"\n                    width=\"100\"\n                    height=\"75\"\n                    style=\"max-width:100%;\"\n                \/>\n            <\/a>\n        <\/div>\n\t\t\t\t\t\t\t<\/div> \n\t\t\t\n                                    <br style=\"clear: both\" \/>\n                    \n\t\t\t\t<div id=\"ngg-image-8\" class=\"ngg-gallery-thumbnail-box\" >\n\t\t\t\t        <div class=\"ngg-gallery-thumbnail\">\n            <a href=\"http:\/\/www.freimarianne.ch\/wp-content\/gallery\/davos-17-8-13\/img_8683.jpg\"\n               title=\"\"\n               data-src=\"http:\/\/www.freimarianne.ch\/wp-content\/gallery\/davos-17-8-13\/img_8683.jpg\"\n               data-thumbnail=\"http:\/\/www.freimarianne.ch\/wp-content\/gallery\/davos-17-8-13\/thumbs\/thumbs_img_8683.jpg\"\n               data-image-id=\"7289\"\n               data-title=\"img_8683\"\n               data-description=\"\"\n               data-image-slug=\"img_8683-3\"\n               class=\"shutterset_5feeba1a935d9d6bf7665897a20fbccf\">\n                <img\n                    title=\"img_8683\"\n                    alt=\"img_8683\"\n                    src=\"http:\/\/www.freimarianne.ch\/wp-content\/gallery\/davos-17-8-13\/cache\/img_8683.jpg-nggid047289-ngg0dyn-100x75x100-00f0w010c010r110f110r010t010.jpg\"\n                    width=\"100\"\n                    height=\"75\"\n                    style=\"max-width:100%;\"\n                \/>\n            <\/a>\n        <\/div>\n\t\t\t\t\t\t\t<\/div> \n\t\t\t\n                            \n\t\t\t\t<div id=\"ngg-image-9\" class=\"ngg-gallery-thumbnail-box\" >\n\t\t\t\t        <div class=\"ngg-gallery-thumbnail\">\n            <a href=\"http:\/\/www.freimarianne.ch\/wp-content\/gallery\/davos-17-8-13\/img_8686.jpg\"\n               title=\"\"\n               data-src=\"http:\/\/www.freimarianne.ch\/wp-content\/gallery\/davos-17-8-13\/img_8686.jpg\"\n               data-thumbnail=\"http:\/\/www.freimarianne.ch\/wp-content\/gallery\/davos-17-8-13\/thumbs\/thumbs_img_8686.jpg\"\n               data-image-id=\"7290\"\n               data-title=\"img_8686\"\n               data-description=\"\"\n               data-image-slug=\"img_8686-2\"\n               class=\"shutterset_5feeba1a935d9d6bf7665897a20fbccf\">\n                <img\n                    title=\"img_8686\"\n                    alt=\"img_8686\"\n                    src=\"http:\/\/www.freimarianne.ch\/wp-content\/gallery\/davos-17-8-13\/cache\/img_8686.jpg-nggid047290-ngg0dyn-100x75x100-00f0w010c010r110f110r010t010.jpg\"\n                    width=\"100\"\n                    height=\"75\"\n                    style=\"max-width:100%;\"\n                \/>\n            <\/a>\n        <\/div>\n\t\t\t\t\t\t\t<\/div> \n\t\t\t\n                            \n\t\t\t\t<div id=\"ngg-image-10\" class=\"ngg-gallery-thumbnail-box\" >\n\t\t\t\t        <div class=\"ngg-gallery-thumbnail\">\n            <a href=\"http:\/\/www.freimarianne.ch\/wp-content\/gallery\/davos-17-8-13\/img_8691.jpg\"\n               title=\"\"\n               data-src=\"http:\/\/www.freimarianne.ch\/wp-content\/gallery\/davos-17-8-13\/img_8691.jpg\"\n               data-thumbnail=\"http:\/\/www.freimarianne.ch\/wp-content\/gallery\/davos-17-8-13\/thumbs\/thumbs_img_8691.jpg\"\n               data-image-id=\"7291\"\n               data-title=\"img_8691\"\n               data-description=\"\"\n               data-image-slug=\"img_8691-2\"\n               class=\"shutterset_5feeba1a935d9d6bf7665897a20fbccf\">\n                <img\n                    title=\"img_8691\"\n                    alt=\"img_8691\"\n                    src=\"http:\/\/www.freimarianne.ch\/wp-content\/gallery\/davos-17-8-13\/cache\/img_8691.jpg-nggid047291-ngg0dyn-100x75x100-00f0w010c010r110f110r010t010.jpg\"\n                    width=\"100\"\n                    height=\"75\"\n                    style=\"max-width:100%;\"\n                \/>\n            <\/a>\n        <\/div>\n\t\t\t\t\t\t\t<\/div> \n\t\t\t\n                            \n\t\t\t\t<div id=\"ngg-image-11\" class=\"ngg-gallery-thumbnail-box\" >\n\t\t\t\t        <div class=\"ngg-gallery-thumbnail\">\n            <a href=\"http:\/\/www.freimarianne.ch\/wp-content\/gallery\/davos-17-8-13\/img_8696.jpg\"\n               title=\"\"\n               data-src=\"http:\/\/www.freimarianne.ch\/wp-content\/gallery\/davos-17-8-13\/img_8696.jpg\"\n               data-thumbnail=\"http:\/\/www.freimarianne.ch\/wp-content\/gallery\/davos-17-8-13\/thumbs\/thumbs_img_8696.jpg\"\n               data-image-id=\"7292\"\n               data-title=\"img_8696\"\n               data-description=\"\"\n               data-image-slug=\"img_8696-2\"\n               class=\"shutterset_5feeba1a935d9d6bf7665897a20fbccf\">\n                <img\n                    title=\"img_8696\"\n                    alt=\"img_8696\"\n                    src=\"http:\/\/www.freimarianne.ch\/wp-content\/gallery\/davos-17-8-13\/cache\/img_8696.jpg-nggid047292-ngg0dyn-100x75x100-00f0w010c010r110f110r010t010.jpg\"\n                    width=\"100\"\n                    height=\"75\"\n                    style=\"max-width:100%;\"\n                \/>\n            <\/a>\n        <\/div>\n\t\t\t\t\t\t\t<\/div> \n\t\t\t\n                                    <br style=\"clear: both\" \/>\n                    \n\t\t\t\t<div id=\"ngg-image-12\" class=\"ngg-gallery-thumbnail-box\" >\n\t\t\t\t        <div class=\"ngg-gallery-thumbnail\">\n            <a href=\"http:\/\/www.freimarianne.ch\/wp-content\/gallery\/davos-17-8-13\/img_8698.jpg\"\n               title=\"\"\n               data-src=\"http:\/\/www.freimarianne.ch\/wp-content\/gallery\/davos-17-8-13\/img_8698.jpg\"\n               data-thumbnail=\"http:\/\/www.freimarianne.ch\/wp-content\/gallery\/davos-17-8-13\/thumbs\/thumbs_img_8698.jpg\"\n               data-image-id=\"7293\"\n               data-title=\"img_8698\"\n               data-description=\"\"\n               data-image-slug=\"img_8698\"\n               class=\"shutterset_5feeba1a935d9d6bf7665897a20fbccf\">\n                <img\n                    title=\"img_8698\"\n                    alt=\"img_8698\"\n                    src=\"http:\/\/www.freimarianne.ch\/wp-content\/gallery\/davos-17-8-13\/cache\/img_8698.jpg-nggid047293-ngg0dyn-100x75x100-00f0w010c010r110f110r010t010.jpg\"\n                    width=\"100\"\n                    height=\"75\"\n                    style=\"max-width:100%;\"\n                \/>\n            <\/a>\n        <\/div>\n\t\t\t\t\t\t\t<\/div> \n\t\t\t\n                            \n\t\t\t\t<div id=\"ngg-image-13\" class=\"ngg-gallery-thumbnail-box\" >\n\t\t\t\t        <div class=\"ngg-gallery-thumbnail\">\n            <a href=\"http:\/\/www.freimarianne.ch\/wp-content\/gallery\/davos-17-8-13\/img_8703.jpg\"\n               title=\"\"\n               data-src=\"http:\/\/www.freimarianne.ch\/wp-content\/gallery\/davos-17-8-13\/img_8703.jpg\"\n               data-thumbnail=\"http:\/\/www.freimarianne.ch\/wp-content\/gallery\/davos-17-8-13\/thumbs\/thumbs_img_8703.jpg\"\n               data-image-id=\"7294\"\n               data-title=\"img_8703\"\n               data-description=\"\"\n               data-image-slug=\"img_8703\"\n               class=\"shutterset_5feeba1a935d9d6bf7665897a20fbccf\">\n                <img\n                    title=\"img_8703\"\n                    alt=\"img_8703\"\n                    src=\"http:\/\/www.freimarianne.ch\/wp-content\/gallery\/davos-17-8-13\/cache\/img_8703.jpg-nggid047294-ngg0dyn-100x75x100-00f0w010c010r110f110r010t010.jpg\"\n                    width=\"100\"\n                    height=\"75\"\n                    style=\"max-width:100%;\"\n                \/>\n            <\/a>\n        <\/div>\n\t\t\t\t\t\t\t<\/div> \n\t\t\t\n                            \n\t\t\t\t<div id=\"ngg-image-14\" class=\"ngg-gallery-thumbnail-box\" >\n\t\t\t\t        <div class=\"ngg-gallery-thumbnail\">\n            <a href=\"http:\/\/www.freimarianne.ch\/wp-content\/gallery\/davos-17-8-13\/img_8710.jpg\"\n               title=\"\"\n               data-src=\"http:\/\/www.freimarianne.ch\/wp-content\/gallery\/davos-17-8-13\/img_8710.jpg\"\n               data-thumbnail=\"http:\/\/www.freimarianne.ch\/wp-content\/gallery\/davos-17-8-13\/thumbs\/thumbs_img_8710.jpg\"\n               data-image-id=\"7295\"\n               data-title=\"img_8710\"\n               data-description=\"\"\n               data-image-slug=\"img_8710\"\n               class=\"shutterset_5feeba1a935d9d6bf7665897a20fbccf\">\n                <img\n                    title=\"img_8710\"\n                    alt=\"img_8710\"\n                    src=\"http:\/\/www.freimarianne.ch\/wp-content\/gallery\/davos-17-8-13\/cache\/img_8710.jpg-nggid047295-ngg0dyn-100x75x100-00f0w010c010r110f110r010t010.jpg\"\n                    width=\"100\"\n                    height=\"75\"\n                    style=\"max-width:100%;\"\n                \/>\n            <\/a>\n        <\/div>\n\t\t\t\t\t\t\t<\/div> \n\t\t\t\n                            \n\t\t\t\t<div id=\"ngg-image-15\" class=\"ngg-gallery-thumbnail-box\" >\n\t\t\t\t        <div class=\"ngg-gallery-thumbnail\">\n            <a href=\"http:\/\/www.freimarianne.ch\/wp-content\/gallery\/davos-17-8-13\/img_8715.jpg\"\n               title=\"\"\n               data-src=\"http:\/\/www.freimarianne.ch\/wp-content\/gallery\/davos-17-8-13\/img_8715.jpg\"\n               data-thumbnail=\"http:\/\/www.freimarianne.ch\/wp-content\/gallery\/davos-17-8-13\/thumbs\/thumbs_img_8715.jpg\"\n               data-image-id=\"7296\"\n               data-title=\"img_8715\"\n               data-description=\"\"\n               data-image-slug=\"img_8715-2\"\n               class=\"shutterset_5feeba1a935d9d6bf7665897a20fbccf\">\n                <img\n                    title=\"img_8715\"\n                    alt=\"img_8715\"\n                    src=\"http:\/\/www.freimarianne.ch\/wp-content\/gallery\/davos-17-8-13\/cache\/img_8715.jpg-nggid047296-ngg0dyn-100x75x100-00f0w010c010r110f110r010t010.jpg\"\n                    width=\"56\"\n                    height=\"75\"\n                    style=\"max-width:100%;\"\n                \/>\n            <\/a>\n        <\/div>\n\t\t\t\t\t\t\t<\/div> \n\t\t\t\n                                    <br style=\"clear: both\" \/>\n                    \n\t\t\t\t<div id=\"ngg-image-16\" class=\"ngg-gallery-thumbnail-box\" >\n\t\t\t\t        <div class=\"ngg-gallery-thumbnail\">\n            <a href=\"http:\/\/www.freimarianne.ch\/wp-content\/gallery\/davos-17-8-13\/img_8718.jpg\"\n               title=\"\"\n               data-src=\"http:\/\/www.freimarianne.ch\/wp-content\/gallery\/davos-17-8-13\/img_8718.jpg\"\n               data-thumbnail=\"http:\/\/www.freimarianne.ch\/wp-content\/gallery\/davos-17-8-13\/thumbs\/thumbs_img_8718.jpg\"\n               data-image-id=\"7297\"\n               data-title=\"img_8718\"\n               data-description=\"\"\n               data-image-slug=\"img_8718-2\"\n               class=\"shutterset_5feeba1a935d9d6bf7665897a20fbccf\">\n                <img\n                    title=\"img_8718\"\n                    alt=\"img_8718\"\n                    src=\"http:\/\/www.freimarianne.ch\/wp-content\/gallery\/davos-17-8-13\/cache\/img_8718.jpg-nggid047297-ngg0dyn-100x75x100-00f0w010c010r110f110r010t010.jpg\"\n                    width=\"100\"\n                    height=\"53\"\n                    style=\"max-width:100%;\"\n                \/>\n            <\/a>\n        <\/div>\n\t\t\t\t\t\t\t<\/div> \n\t\t\t\n                            \n\t\t\n\t\t<!-- Pagination -->\n\t<div class='ngg-clear'><\/div>\t<\/div>\n\n","protected":false},"excerpt":{"rendered":"<p>Bergwanderung auf dem Panoramaweg von Davos Schatzalp nach Davos Frauenkirch. Wir staunen nicht schlecht als am Morgen regnerisch ist. Mit Regenausr\u00fcstung machen wir uns auf den Weg zur Schatzalpbahn, die uns hinauf zum Ausgangspunkt unserer geplanten Wanderung auf dem Panoramaweg bringt. Der weg f\u00fchrt uns ins Albertitobel hinein und wieder hinaus zur Gr\u00fceni Alp, ins [&hellip;]<\/p>\n","protected":false},"author":1,"featured_media":0,"parent":4426,"menu_order":3,"comment_status":"closed","ping_status":"closed","template":"","meta":{"ngg_post_thumbnail":0},"_links":{"self":[{"href":"http:\/\/www.freimarianne.ch\/index.php?rest_route=\/wp\/v2\/pages\/4432"}],"collection":[{"href":"http:\/\/www.freimarianne.ch\/index.php?rest_route=\/wp\/v2\/pages"}],"about":[{"href":"http:\/\/www.freimarianne.ch\/index.php?rest_route=\/wp\/v2\/types\/page"}],"author":[{"embeddable":true,"href":"http:\/\/www.freimarianne.ch\/index.php?rest_route=\/wp\/v2\/users\/1"}],"replies":[{"embeddable":true,"href":"http:\/\/www.freimarianne.ch\/index.php?rest_route=%2Fwp%2Fv2%2Fcomments&post=4432"}],"version-history":[{"count":7,"href":"http:\/\/www.freimarianne.ch\/index.php?rest_route=\/wp\/v2\/pages\/4432\/revisions"}],"predecessor-version":[{"id":4513,"href":"http:\/\/www.freimarianne.ch\/index.php?rest_route=\/wp\/v2\/pages\/4432\/revisions\/4513"}],"up":[{"embeddable":true,"href":"http:\/\/www.freimarianne.ch\/index.php?rest_route=\/wp\/v2\/pages\/4426"}],"wp:attachment":[{"href":"http:\/\/www.freimarianne.ch\/index.php?rest_route=%2Fwp%2Fv2%2Fmedia&parent=4432"}],"curies":[{"name":"wp","href":"https:\/\/api.w.org\/{rel}","templated":true}]}}