{"id":44530,"date":"2020-09-24T09:45:23","date_gmt":"2020-09-24T08:45:23","guid":{"rendered":"http:\/\/www.freimarianne.ch\/?page_id=44530"},"modified":"2020-09-25T07:47:08","modified_gmt":"2020-09-25T06:47:08","slug":"chellenspitz-sg-22-9-2020","status":"publish","type":"page","link":"http:\/\/www.freimarianne.ch\/?page_id=44530","title":{"rendered":"Chellenspitz  SG  22.9.2020"},"content":{"rendered":"<p><strong>Von Wattwil &#8211; St\u00e4misegg &#8211; Alplisattel &#8211; Oberalpli &#8211; Loh &#8211; Libingen<\/strong><\/p>\n<p><img loading=\"lazy\" class=\"size-full wp-image-44529\" src=\"http:\/\/www.freimarianne.ch\/wp-content\/uploads\/2020\/09\/IMG_9167_chellenspitz_500.jpeg\" alt=\"\" width=\"500\" height=\"334\" srcset=\"http:\/\/www.freimarianne.ch\/wp-content\/uploads\/2020\/09\/IMG_9167_chellenspitz_500.jpeg 500w, http:\/\/www.freimarianne.ch\/wp-content\/uploads\/2020\/09\/IMG_9167_chellenspitz_500-300x200.jpeg 300w, http:\/\/www.freimarianne.ch\/wp-content\/uploads\/2020\/09\/IMG_9167_chellenspitz_500-449x300.jpeg 449w\" sizes=\"(max-width: 500px) 100vw, 500px\" \/><br \/>\nChapf; Geisschopf 1985m<\/p>\n<p>In der Broch\u00fcre der Schweizerwanderwege \u201eHerbst 2020\u201c ist diese Tour publiziert. Ich habe aber den Wegweiser zum Chellenspitz nicht gefunden. Daher nahm ich einen Weg parallell zum oberen Weg.<\/p>\n<p>Ich beginne meine Wanderung um 9.30h in Wattwil und steige am ehem. Kloster Sankt Maria vorbei auf einem Wanderweg hinauf zum Chapf. Der Weiterweg f\u00fchrt \u00fcber den Weiler Steintal 787m. Von dort aus steigt der Pfad an hinauf zur St\u00e4misegg 940m. Bei dem warmen Wetter komme ich recht ins Schwitzen ! Bei der St\u00e4misegg versperrt mir eine Schafwerde den Wanderweg, sodass ich einen anderen Zugang zum Wanderweg finden muss, was auch gelingt.<\/p>\n<p>Nun wird es richtig steil und ich muss bei der Alp Geisschopf 1095m eine Pause einlegen. Ich finde eine Bank und einen Tisch und kann hier meinen Mittagsrast halten. Bald kommen zwei M\u00e4nner hinauf, die aus demselben Grunde wie ich, diese Wanderung machen. Nacher gilt es, nochmals fast 100 H\u00f6henmeter bis hinauf zum Alplisattel 1245m zu \u00fcberwinden. Ich suche den Einstieg in den Wanderweg zum Chellenspitz. Aber vergebens: Auf den Wegweisern war dieser Name nirgends zu lesen. Da das Wetter sich ge\u00e4ndert hat und ich dunkle Wolken am Himmel sehe, beschliesse ich, nicht weiter nach dem Weg zu suchen und \u00fcber Schw\u00e4mmli den unteren Weg zu nehmen. Dies erweist sich als gute Idee, denn der Pfad ist abwechslungsreich und f\u00fchrt teilweise durch den Wald, wo riesige Nagelfluhfelsen anzutreffen sind. Dann komme ich in das Gebiet der Bergschlipf-H\u00fcgeli\u201c.<br \/>\nDies sind zerborstenen Nagelfluh Pakete, die auf einer Mergelschicht hangabw\u00e4rts gerutscht sind und in der Landschaft grasbewachsene H\u00fcgelchen bilden.<br \/>\nBeim P. 1139m m\u00fcnden die beiden Weg wieder zusammen und ich bin wieder auf der geplanten Route.<br \/>\nAuf dem Weiterweg komme ich \u00fcber Ober \u00c4lpli 1140m (Bergbeiz) und Unt. \u00c4lpli 1081m. Nun folgt eine Steilst\u00fcck im Wald mit einigen Treppen. Bald sehe ich das Dorf Libigen unter mir. Dieses erreiche ich aber nicht so schnell, denn ich muss noch in die Schlucht des Schnebelhornbaches hinunter und wieder hinaufsteigen.<br \/>\nUm 13.31h bin ich dann endlich in Libigen. Hier befinden sich gleich mehre Restaurants,was erstaunllch ist. Eines ist jedenfalls offen und ich kann bei einem Kaffee auf den Bus um 14.24h warten.<\/p>\n<p>Ich habe Gl\u00fcck mit dem Wetter gehabt und bin nicht in den Regen gekommen. Aber der Abstieg fand bei tr\u00fcben Wetter statt. Deswegen habe ich mich auch beeilt, an mein Ziel zu kommen.<br \/>\nIn dieser Gegend g\u00e4be es noch einiges zu machen. Hoffen wir auf einen guten Herbst mit vielen sonnigen Tagen!<br \/>\nWegen dem Umweg habe ich noch mehr H\u00f6henmeter machen m\u00fcssen und zwar 894m.<\/p>\n<p>Chellenspitz:<br \/>\nLaut Schweizmobil:<br \/>\nDistanz: 9.80km; Aufstieg: 800m; Abstieg: 646m; Wanderzeit: 3h 53min<\/p>\n<p><a href=\"https:\/\/map.schweizmobil.ch\/?lang=de&amp;photos=yes&amp;logo=yes&amp;season=summer&amp;bgLayer=pk&amp;resolution=6.64&amp;E=2722141&amp;N=1241525&amp;layers=Wanderland%2CStation&amp;trackId=1240828668\">Karte Schweizmobil:<\/a><\/p>\n<p><!-- index.php -->\n<div\n\tclass=\"ngg-galleryoverview ngg-ajax-pagination-none\"\n\tid=\"ngg-gallery-44569-1\">\n\n    \t<div class=\"slideshowlink\">\n        <a href='http:\/\/www.freimarianne.ch\/index.php\/nggallery\/slideshow?page_id=44530'>[Show as slideshow]<\/a>\n\t\t\n\t<\/div>\n\t\t\t<!-- Thumbnails -->\n\t\t\t\t<div id=\"ngg-image-0\" class=\"ngg-gallery-thumbnail-box\" >\n\t\t\t\t        <div class=\"ngg-gallery-thumbnail\">\n            <a href=\"http:\/\/www.freimarianne.ch\/wp-content\/gallery\/chellenspitz-22-9-20\/IMG_9154.jpeg\"\n               title=\"ehem. Kloster Sankt Maria\"\n               data-src=\"http:\/\/www.freimarianne.ch\/wp-content\/gallery\/chellenspitz-22-9-20\/IMG_9154.jpeg\"\n               data-thumbnail=\"http:\/\/www.freimarianne.ch\/wp-content\/gallery\/chellenspitz-22-9-20\/thumbs\/thumbs_IMG_9154.jpeg\"\n               data-image-id=\"23830\"\n               data-title=\"IMG_9154\"\n               data-description=\"ehem. Kloster Sankt Maria\"\n               data-image-slug=\"img_9154\"\n               class=\"shutterset_44569\">\n                <img\n                    title=\"IMG_9154\"\n                    alt=\"IMG_9154\"\n                    src=\"http:\/\/www.freimarianne.ch\/wp-content\/gallery\/chellenspitz-22-9-20\/thumbs\/thumbs_IMG_9154.jpeg\"\n                    width=\"100\"\n                    height=\"75\"\n                    style=\"max-width:100%;\"\n                \/>\n            <\/a>\n        <\/div>\n\t\t\t\t\t\t\t<\/div> \n\t\t\t\n        \n\t\t\t\t<div id=\"ngg-image-1\" class=\"ngg-gallery-thumbnail-box\" >\n\t\t\t\t        <div class=\"ngg-gallery-thumbnail\">\n            <a href=\"http:\/\/www.freimarianne.ch\/wp-content\/gallery\/chellenspitz-22-9-20\/IMG_9158.jpeg\"\n               title=\"Blick zur\u00fcck auf Wattwil\"\n               data-src=\"http:\/\/www.freimarianne.ch\/wp-content\/gallery\/chellenspitz-22-9-20\/IMG_9158.jpeg\"\n               data-thumbnail=\"http:\/\/www.freimarianne.ch\/wp-content\/gallery\/chellenspitz-22-9-20\/thumbs\/thumbs_IMG_9158.jpeg\"\n               data-image-id=\"23831\"\n               data-title=\"IMG_9158\"\n               data-description=\"Blick zur\u00fcck auf Wattwil\"\n               data-image-slug=\"img_9158\"\n               class=\"shutterset_44569\">\n                <img\n                    title=\"IMG_9158\"\n                    alt=\"IMG_9158\"\n                    src=\"http:\/\/www.freimarianne.ch\/wp-content\/gallery\/chellenspitz-22-9-20\/thumbs\/thumbs_IMG_9158.jpeg\"\n                    width=\"100\"\n                    height=\"75\"\n                    style=\"max-width:100%;\"\n                \/>\n            <\/a>\n        <\/div>\n\t\t\t\t\t\t\t<\/div> \n\t\t\t\n        \n\t\t\t\t<div id=\"ngg-image-2\" class=\"ngg-gallery-thumbnail-box\" >\n\t\t\t\t        <div class=\"ngg-gallery-thumbnail\">\n            <a href=\"http:\/\/www.freimarianne.ch\/wp-content\/gallery\/chellenspitz-22-9-20\/IMG_9159.jpeg\"\n               title=\"es geht hinauf\"\n               data-src=\"http:\/\/www.freimarianne.ch\/wp-content\/gallery\/chellenspitz-22-9-20\/IMG_9159.jpeg\"\n               data-thumbnail=\"http:\/\/www.freimarianne.ch\/wp-content\/gallery\/chellenspitz-22-9-20\/thumbs\/thumbs_IMG_9159.jpeg\"\n               data-image-id=\"23832\"\n               data-title=\"IMG_9159\"\n               data-description=\"es geht hinauf\"\n               data-image-slug=\"img_9159-4\"\n               class=\"shutterset_44569\">\n                <img\n                    title=\"IMG_9159\"\n                    alt=\"IMG_9159\"\n                    src=\"http:\/\/www.freimarianne.ch\/wp-content\/gallery\/chellenspitz-22-9-20\/thumbs\/thumbs_IMG_9159.jpeg\"\n                    width=\"100\"\n                    height=\"75\"\n                    style=\"max-width:100%;\"\n                \/>\n            <\/a>\n        <\/div>\n\t\t\t\t\t\t\t<\/div> \n\t\t\t\n        \n\t\t\t\t<div id=\"ngg-image-3\" class=\"ngg-gallery-thumbnail-box\" >\n\t\t\t\t        <div class=\"ngg-gallery-thumbnail\">\n            <a href=\"http:\/\/www.freimarianne.ch\/wp-content\/gallery\/chellenspitz-22-9-20\/IMG_9163.jpeg\"\n               title=\"ein sch\u00f6ner Wanderweg\"\n               data-src=\"http:\/\/www.freimarianne.ch\/wp-content\/gallery\/chellenspitz-22-9-20\/IMG_9163.jpeg\"\n               data-thumbnail=\"http:\/\/www.freimarianne.ch\/wp-content\/gallery\/chellenspitz-22-9-20\/thumbs\/thumbs_IMG_9163.jpeg\"\n               data-image-id=\"23833\"\n               data-title=\"IMG_9163\"\n               data-description=\"ein sch\u00f6ner Wanderweg\"\n               data-image-slug=\"img_9163\"\n               class=\"shutterset_44569\">\n                <img\n                    title=\"IMG_9163\"\n                    alt=\"IMG_9163\"\n                    src=\"http:\/\/www.freimarianne.ch\/wp-content\/gallery\/chellenspitz-22-9-20\/thumbs\/thumbs_IMG_9163.jpeg\"\n                    width=\"100\"\n                    height=\"75\"\n                    style=\"max-width:100%;\"\n                \/>\n            <\/a>\n        <\/div>\n\t\t\t\t\t\t\t<\/div> \n\t\t\t\n        \n\t\t\t\t<div id=\"ngg-image-4\" class=\"ngg-gallery-thumbnail-box\" >\n\t\t\t\t        <div class=\"ngg-gallery-thumbnail\">\n            <a href=\"http:\/\/www.freimarianne.ch\/wp-content\/gallery\/chellenspitz-22-9-20\/IMG_9165.jpeg\"\n               title=\"Chapf\"\n               data-src=\"http:\/\/www.freimarianne.ch\/wp-content\/gallery\/chellenspitz-22-9-20\/IMG_9165.jpeg\"\n               data-thumbnail=\"http:\/\/www.freimarianne.ch\/wp-content\/gallery\/chellenspitz-22-9-20\/thumbs\/thumbs_IMG_9165.jpeg\"\n               data-image-id=\"23834\"\n               data-title=\"IMG_9165\"\n               data-description=\"Chapf\"\n               data-image-slug=\"img_9165-1\"\n               class=\"shutterset_44569\">\n                <img\n                    title=\"IMG_9165\"\n                    alt=\"IMG_9165\"\n                    src=\"http:\/\/www.freimarianne.ch\/wp-content\/gallery\/chellenspitz-22-9-20\/thumbs\/thumbs_IMG_9165.jpeg\"\n                    width=\"100\"\n                    height=\"75\"\n                    style=\"max-width:100%;\"\n                \/>\n            <\/a>\n        <\/div>\n\t\t\t\t\t\t\t<\/div> \n\t\t\t\n        \n\t\t\t\t<div id=\"ngg-image-5\" class=\"ngg-gallery-thumbnail-box\" >\n\t\t\t\t        <div class=\"ngg-gallery-thumbnail\">\n            <a href=\"http:\/\/www.freimarianne.ch\/wp-content\/gallery\/chellenspitz-22-9-20\/IMG_9168.jpeg\"\n               title=\"Chapf\"\n               data-src=\"http:\/\/www.freimarianne.ch\/wp-content\/gallery\/chellenspitz-22-9-20\/IMG_9168.jpeg\"\n               data-thumbnail=\"http:\/\/www.freimarianne.ch\/wp-content\/gallery\/chellenspitz-22-9-20\/thumbs\/thumbs_IMG_9168.jpeg\"\n               data-image-id=\"23835\"\n               data-title=\"IMG_9168\"\n               data-description=\"Chapf\"\n               data-image-slug=\"img_9168-1\"\n               class=\"shutterset_44569\">\n                <img\n                    title=\"IMG_9168\"\n                    alt=\"IMG_9168\"\n                    src=\"http:\/\/www.freimarianne.ch\/wp-content\/gallery\/chellenspitz-22-9-20\/thumbs\/thumbs_IMG_9168.jpeg\"\n                    width=\"100\"\n                    height=\"75\"\n                    style=\"max-width:100%;\"\n                \/>\n            <\/a>\n        <\/div>\n\t\t\t\t\t\t\t<\/div> \n\t\t\t\n        \n\t\t\t\t<div id=\"ngg-image-6\" class=\"ngg-gallery-thumbnail-box\" >\n\t\t\t\t        <div class=\"ngg-gallery-thumbnail\">\n            <a href=\"http:\/\/www.freimarianne.ch\/wp-content\/gallery\/chellenspitz-22-9-20\/IMG_9172.jpeg\"\n               title=\"hinauf zur St\u00e4misegg\"\n               data-src=\"http:\/\/www.freimarianne.ch\/wp-content\/gallery\/chellenspitz-22-9-20\/IMG_9172.jpeg\"\n               data-thumbnail=\"http:\/\/www.freimarianne.ch\/wp-content\/gallery\/chellenspitz-22-9-20\/thumbs\/thumbs_IMG_9172.jpeg\"\n               data-image-id=\"23836\"\n               data-title=\"IMG_9172\"\n               data-description=\"hinauf zur St\u00e4misegg\"\n               data-image-slug=\"img_9172\"\n               class=\"shutterset_44569\">\n                <img\n                    title=\"IMG_9172\"\n                    alt=\"IMG_9172\"\n                    src=\"http:\/\/www.freimarianne.ch\/wp-content\/gallery\/chellenspitz-22-9-20\/thumbs\/thumbs_IMG_9172.jpeg\"\n                    width=\"100\"\n                    height=\"75\"\n                    style=\"max-width:100%;\"\n                \/>\n            <\/a>\n        <\/div>\n\t\t\t\t\t\t\t<\/div> \n\t\t\t\n        \n\t\t\t\t<div id=\"ngg-image-7\" class=\"ngg-gallery-thumbnail-box\" >\n\t\t\t\t        <div class=\"ngg-gallery-thumbnail\">\n            <a href=\"http:\/\/www.freimarianne.ch\/wp-content\/gallery\/chellenspitz-22-9-20\/IMG_9177.jpeg\"\n               title=\"Alp Geisschopf 1095m\"\n               data-src=\"http:\/\/www.freimarianne.ch\/wp-content\/gallery\/chellenspitz-22-9-20\/IMG_9177.jpeg\"\n               data-thumbnail=\"http:\/\/www.freimarianne.ch\/wp-content\/gallery\/chellenspitz-22-9-20\/thumbs\/thumbs_IMG_9177.jpeg\"\n               data-image-id=\"23837\"\n               data-title=\"IMG_9177\"\n               data-description=\"Alp Geisschopf 1095m\"\n               data-image-slug=\"img_9177-6\"\n               class=\"shutterset_44569\">\n                <img\n                    title=\"IMG_9177\"\n                    alt=\"IMG_9177\"\n                    src=\"http:\/\/www.freimarianne.ch\/wp-content\/gallery\/chellenspitz-22-9-20\/thumbs\/thumbs_IMG_9177.jpeg\"\n                    width=\"100\"\n                    height=\"75\"\n                    style=\"max-width:100%;\"\n                \/>\n            <\/a>\n        <\/div>\n\t\t\t\t\t\t\t<\/div> \n\t\t\t\n        \n\t\t\t\t<div id=\"ngg-image-8\" class=\"ngg-gallery-thumbnail-box\" >\n\t\t\t\t        <div class=\"ngg-gallery-thumbnail\">\n            <a href=\"http:\/\/www.freimarianne.ch\/wp-content\/gallery\/chellenspitz-22-9-20\/IMG_9180.jpeg\"\n               title=\"Blick zur\u00fcck auf Alp Geisschopf 1095m\"\n               data-src=\"http:\/\/www.freimarianne.ch\/wp-content\/gallery\/chellenspitz-22-9-20\/IMG_9180.jpeg\"\n               data-thumbnail=\"http:\/\/www.freimarianne.ch\/wp-content\/gallery\/chellenspitz-22-9-20\/thumbs\/thumbs_IMG_9180.jpeg\"\n               data-image-id=\"23838\"\n               data-title=\"IMG_9180\"\n               data-description=\"Blick zur\u00fcck auf Alp Geisschopf 1095m\"\n               data-image-slug=\"img_9180-3\"\n               class=\"shutterset_44569\">\n                <img\n                    title=\"IMG_9180\"\n                    alt=\"IMG_9180\"\n                    src=\"http:\/\/www.freimarianne.ch\/wp-content\/gallery\/chellenspitz-22-9-20\/thumbs\/thumbs_IMG_9180.jpeg\"\n                    width=\"100\"\n                    height=\"75\"\n                    style=\"max-width:100%;\"\n                \/>\n            <\/a>\n        <\/div>\n\t\t\t\t\t\t\t<\/div> \n\t\t\t\n        \n\t\t\t\t<div id=\"ngg-image-9\" class=\"ngg-gallery-thumbnail-box\" >\n\t\t\t\t        <div class=\"ngg-gallery-thumbnail\">\n            <a href=\"http:\/\/www.freimarianne.ch\/wp-content\/gallery\/chellenspitz-22-9-20\/IMG_9184.jpeg\"\n               title=\"Deutscher  Fransen Enzian, Gentianella germanica  5KB\"\n               data-src=\"http:\/\/www.freimarianne.ch\/wp-content\/gallery\/chellenspitz-22-9-20\/IMG_9184.jpeg\"\n               data-thumbnail=\"http:\/\/www.freimarianne.ch\/wp-content\/gallery\/chellenspitz-22-9-20\/thumbs\/thumbs_IMG_9184.jpeg\"\n               data-image-id=\"23839\"\n               data-title=\"IMG_9184\"\n               data-description=\"Deutscher  Fransen Enzian, Gentianella germanica  5KB\"\n               data-image-slug=\"img_9184\"\n               class=\"shutterset_44569\">\n                <img\n                    title=\"IMG_9184\"\n                    alt=\"IMG_9184\"\n                    src=\"http:\/\/www.freimarianne.ch\/wp-content\/gallery\/chellenspitz-22-9-20\/thumbs\/thumbs_IMG_9184.jpeg\"\n                    width=\"100\"\n                    height=\"75\"\n                    style=\"max-width:100%;\"\n                \/>\n            <\/a>\n        <\/div>\n\t\t\t\t\t\t\t<\/div> \n\t\t\t\n        \n\t\t\t\t<div id=\"ngg-image-10\" class=\"ngg-gallery-thumbnail-box\" >\n\t\t\t\t        <div class=\"ngg-gallery-thumbnail\">\n            <a href=\"http:\/\/www.freimarianne.ch\/wp-content\/gallery\/chellenspitz-22-9-20\/IMG_9191.jpeg\"\n               title=\"Nagelfluhfelsen im Wald\"\n               data-src=\"http:\/\/www.freimarianne.ch\/wp-content\/gallery\/chellenspitz-22-9-20\/IMG_9191.jpeg\"\n               data-thumbnail=\"http:\/\/www.freimarianne.ch\/wp-content\/gallery\/chellenspitz-22-9-20\/thumbs\/thumbs_IMG_9191.jpeg\"\n               data-image-id=\"23840\"\n               data-title=\"IMG_9191\"\n               data-description=\"Nagelfluhfelsen im Wald\"\n               data-image-slug=\"img_9191-1\"\n               class=\"shutterset_44569\">\n                <img\n                    title=\"IMG_9191\"\n                    alt=\"IMG_9191\"\n                    src=\"http:\/\/www.freimarianne.ch\/wp-content\/gallery\/chellenspitz-22-9-20\/thumbs\/thumbs_IMG_9191.jpeg\"\n                    width=\"100\"\n                    height=\"75\"\n                    style=\"max-width:100%;\"\n                \/>\n            <\/a>\n        <\/div>\n\t\t\t\t\t\t\t<\/div> \n\t\t\t\n        \n\t\t\t\t<div id=\"ngg-image-11\" class=\"ngg-gallery-thumbnail-box\" >\n\t\t\t\t        <div class=\"ngg-gallery-thumbnail\">\n            <a href=\"http:\/\/www.freimarianne.ch\/wp-content\/gallery\/chellenspitz-22-9-20\/IMG_9194.jpeg\"\n               title=\"\u201eBergschlipf-H\u00fcgeli\u201c\"\n               data-src=\"http:\/\/www.freimarianne.ch\/wp-content\/gallery\/chellenspitz-22-9-20\/IMG_9194.jpeg\"\n               data-thumbnail=\"http:\/\/www.freimarianne.ch\/wp-content\/gallery\/chellenspitz-22-9-20\/thumbs\/thumbs_IMG_9194.jpeg\"\n               data-image-id=\"23841\"\n               data-title=\"IMG_9194\"\n               data-description=\"\u201eBergschlipf-H\u00fcgeli\u201c\"\n               data-image-slug=\"img_9194-1\"\n               class=\"shutterset_44569\">\n                <img\n                    title=\"IMG_9194\"\n                    alt=\"IMG_9194\"\n                    src=\"http:\/\/www.freimarianne.ch\/wp-content\/gallery\/chellenspitz-22-9-20\/thumbs\/thumbs_IMG_9194.jpeg\"\n                    width=\"100\"\n                    height=\"75\"\n                    style=\"max-width:100%;\"\n                \/>\n            <\/a>\n        <\/div>\n\t\t\t\t\t\t\t<\/div> \n\t\t\t\n        \n\t\t\t\t<div id=\"ngg-image-12\" class=\"ngg-gallery-thumbnail-box\" >\n\t\t\t\t        <div class=\"ngg-gallery-thumbnail\">\n            <a href=\"http:\/\/www.freimarianne.ch\/wp-content\/gallery\/chellenspitz-22-9-20\/IMG_9200.jpeg\"\n               title=\"Ober \u00c4lpli  1140m\"\n               data-src=\"http:\/\/www.freimarianne.ch\/wp-content\/gallery\/chellenspitz-22-9-20\/IMG_9200.jpeg\"\n               data-thumbnail=\"http:\/\/www.freimarianne.ch\/wp-content\/gallery\/chellenspitz-22-9-20\/thumbs\/thumbs_IMG_9200.jpeg\"\n               data-image-id=\"23842\"\n               data-title=\"IMG_9200\"\n               data-description=\"Ober \u00c4lpli  1140m\"\n               data-image-slug=\"img_9200-2\"\n               class=\"shutterset_44569\">\n                <img\n                    title=\"IMG_9200\"\n                    alt=\"IMG_9200\"\n                    src=\"http:\/\/www.freimarianne.ch\/wp-content\/gallery\/chellenspitz-22-9-20\/thumbs\/thumbs_IMG_9200.jpeg\"\n                    width=\"100\"\n                    height=\"75\"\n                    style=\"max-width:100%;\"\n                \/>\n            <\/a>\n        <\/div>\n\t\t\t\t\t\t\t<\/div> \n\t\t\t\n        \n\t\t\t\t<div id=\"ngg-image-13\" class=\"ngg-gallery-thumbnail-box\" >\n\t\t\t\t        <div class=\"ngg-gallery-thumbnail\">\n            <a href=\"http:\/\/www.freimarianne.ch\/wp-content\/gallery\/chellenspitz-22-9-20\/IMG_9204.jpeg\"\n               title=\"Fliegenpilz\"\n               data-src=\"http:\/\/www.freimarianne.ch\/wp-content\/gallery\/chellenspitz-22-9-20\/IMG_9204.jpeg\"\n               data-thumbnail=\"http:\/\/www.freimarianne.ch\/wp-content\/gallery\/chellenspitz-22-9-20\/thumbs\/thumbs_IMG_9204.jpeg\"\n               data-image-id=\"23843\"\n               data-title=\"IMG_9204\"\n               data-description=\"Fliegenpilz\"\n               data-image-slug=\"img_9204\"\n               class=\"shutterset_44569\">\n                <img\n                    title=\"IMG_9204\"\n                    alt=\"IMG_9204\"\n                    src=\"http:\/\/www.freimarianne.ch\/wp-content\/gallery\/chellenspitz-22-9-20\/thumbs\/thumbs_IMG_9204.jpeg\"\n                    width=\"100\"\n                    height=\"75\"\n                    style=\"max-width:100%;\"\n                \/>\n            <\/a>\n        <\/div>\n\t\t\t\t\t\t\t<\/div> \n\t\t\t\n        \n\t\t\t\t<div id=\"ngg-image-14\" class=\"ngg-gallery-thumbnail-box\" >\n\t\t\t\t        <div class=\"ngg-gallery-thumbnail\">\n            <a href=\"http:\/\/www.freimarianne.ch\/wp-content\/gallery\/chellenspitz-22-9-20\/IMG_9209.jpeg\"\n               title=\"Schlucht der Schnebelhornbaches\"\n               data-src=\"http:\/\/www.freimarianne.ch\/wp-content\/gallery\/chellenspitz-22-9-20\/IMG_9209.jpeg\"\n               data-thumbnail=\"http:\/\/www.freimarianne.ch\/wp-content\/gallery\/chellenspitz-22-9-20\/thumbs\/thumbs_IMG_9209.jpeg\"\n               data-image-id=\"23844\"\n               data-title=\"IMG_9209\"\n               data-description=\"Schlucht der Schnebelhornbaches\"\n               data-image-slug=\"img_9209-2\"\n               class=\"shutterset_44569\">\n                <img\n                    title=\"IMG_9209\"\n                    alt=\"IMG_9209\"\n                    src=\"http:\/\/www.freimarianne.ch\/wp-content\/gallery\/chellenspitz-22-9-20\/thumbs\/thumbs_IMG_9209.jpeg\"\n                    width=\"100\"\n                    height=\"75\"\n                    style=\"max-width:100%;\"\n                \/>\n            <\/a>\n        <\/div>\n\t\t\t\t\t\t\t<\/div> \n\t\t\t\n        \n\t\t\t\t<div id=\"ngg-image-15\" class=\"ngg-gallery-thumbnail-box\" >\n\t\t\t\t        <div class=\"ngg-gallery-thumbnail\">\n            <a href=\"http:\/\/www.freimarianne.ch\/wp-content\/gallery\/chellenspitz-22-9-20\/IMG_9212.jpeg\"\n               title=\"Libigen 760m\"\n               data-src=\"http:\/\/www.freimarianne.ch\/wp-content\/gallery\/chellenspitz-22-9-20\/IMG_9212.jpeg\"\n               data-thumbnail=\"http:\/\/www.freimarianne.ch\/wp-content\/gallery\/chellenspitz-22-9-20\/thumbs\/thumbs_IMG_9212.jpeg\"\n               data-image-id=\"23845\"\n               data-title=\"IMG_9212\"\n               data-description=\"Libigen 760m\"\n               data-image-slug=\"img_9212-3\"\n               class=\"shutterset_44569\">\n                <img\n                    title=\"IMG_9212\"\n                    alt=\"IMG_9212\"\n                    src=\"http:\/\/www.freimarianne.ch\/wp-content\/gallery\/chellenspitz-22-9-20\/thumbs\/thumbs_IMG_9212.jpeg\"\n                    width=\"100\"\n                    height=\"75\"\n                    style=\"max-width:100%;\"\n                \/>\n            <\/a>\n        <\/div>\n\t\t\t\t\t\t\t<\/div> \n\t\t\t\n        \n\t\t\n\t\t<!-- Pagination -->\n\t<div class='ngg-clear'><\/div>\t<\/div>\n<\/p>\n","protected":false},"excerpt":{"rendered":"<p>Von Wattwil &#8211; St\u00e4misegg &#8211; Alplisattel &#8211; Oberalpli &#8211; Loh &#8211; Libingen Chapf; Geisschopf 1985m In der Broch\u00fcre der Schweizerwanderwege \u201eHerbst 2020\u201c ist diese Tour publiziert. Ich habe aber den Wegweiser zum Chellenspitz nicht gefunden. Daher nahm ich einen Weg parallell zum oberen Weg. Ich beginne meine Wanderung um 9.30h in Wattwil und steige am [&hellip;]<\/p>\n","protected":false},"author":1,"featured_media":0,"parent":43602,"menu_order":9,"comment_status":"closed","ping_status":"closed","template":"","meta":{"ngg_post_thumbnail":0},"_links":{"self":[{"href":"http:\/\/www.freimarianne.ch\/index.php?rest_route=\/wp\/v2\/pages\/44530"}],"collection":[{"href":"http:\/\/www.freimarianne.ch\/index.php?rest_route=\/wp\/v2\/pages"}],"about":[{"href":"http:\/\/www.freimarianne.ch\/index.php?rest_route=\/wp\/v2\/types\/page"}],"author":[{"embeddable":true,"href":"http:\/\/www.freimarianne.ch\/index.php?rest_route=\/wp\/v2\/users\/1"}],"replies":[{"embeddable":true,"href":"http:\/\/www.freimarianne.ch\/index.php?rest_route=%2Fwp%2Fv2%2Fcomments&post=44530"}],"version-history":[{"count":5,"href":"http:\/\/www.freimarianne.ch\/index.php?rest_route=\/wp\/v2\/pages\/44530\/revisions"}],"predecessor-version":[{"id":44570,"href":"http:\/\/www.freimarianne.ch\/index.php?rest_route=\/wp\/v2\/pages\/44530\/revisions\/44570"}],"up":[{"embeddable":true,"href":"http:\/\/www.freimarianne.ch\/index.php?rest_route=\/wp\/v2\/pages\/43602"}],"wp:attachment":[{"href":"http:\/\/www.freimarianne.ch\/index.php?rest_route=%2Fwp%2Fv2%2Fmedia&parent=44530"}],"curies":[{"name":"wp","href":"https:\/\/api.w.org\/{rel}","templated":true}]}}