{"id":46065,"date":"2020-12-02T10:04:08","date_gmt":"2020-12-02T09:04:08","guid":{"rendered":"http:\/\/www.freimarianne.ch\/?page_id=46065"},"modified":"2021-12-02T11:33:12","modified_gmt":"2021-12-02T10:33:12","slug":"winter-2020-2021","status":"publish","type":"page","link":"http:\/\/www.freimarianne.ch\/?page_id=46065","title":{"rendered":"Winter 2020\/ 2021"},"content":{"rendered":"<p><strong>Dezember&nbsp; 2020 bis Februar 2021<\/strong><\/p>\n<p><img loading=\"lazy\" class=\"size-full wp-image-46063\" src=\"http:\/\/www.freimarianne.ch\/wp-content\/uploads\/2020\/12\/winter20_01.jpeg\" alt=\"\" width=\"500\" height=\"358\" srcset=\"http:\/\/www.freimarianne.ch\/wp-content\/uploads\/2020\/12\/winter20_01.jpeg 500w, http:\/\/www.freimarianne.ch\/wp-content\/uploads\/2020\/12\/winter20_01-300x215.jpeg 300w, http:\/\/www.freimarianne.ch\/wp-content\/uploads\/2020\/12\/winter20_01-419x300.jpeg 419w\" sizes=\"(max-width: 500px) 100vw, 500px\" \/> Frost<\/p>\n<p><img loading=\"lazy\" class=\"size-full wp-image-46414\" src=\"http:\/\/www.freimarianne.ch\/wp-content\/uploads\/2020\/12\/winter20_03.jpeg\" alt=\"\" width=\"500\" height=\"500\" srcset=\"http:\/\/www.freimarianne.ch\/wp-content\/uploads\/2020\/12\/winter20_03.jpeg 500w, http:\/\/www.freimarianne.ch\/wp-content\/uploads\/2020\/12\/winter20_03-300x300.jpeg 300w\" sizes=\"(max-width: 500px) 100vw, 500px\" \/> winterliche Verh\u00e4ltnisse auf dem Stanserhorn<\/p>\n<p><img loading=\"lazy\" class=\"alignleft size-full wp-image-46064\" src=\"http:\/\/www.freimarianne.ch\/wp-content\/uploads\/2020\/12\/winter20_02.jpeg\" alt=\"\" width=\"500\" height=\"419\" srcset=\"http:\/\/www.freimarianne.ch\/wp-content\/uploads\/2020\/12\/winter20_02.jpeg 500w, http:\/\/www.freimarianne.ch\/wp-content\/uploads\/2020\/12\/winter20_02-300x251.jpeg 300w, http:\/\/www.freimarianne.ch\/wp-content\/uploads\/2020\/12\/winter20_02-358x300.jpeg 358w\" sizes=\"(max-width: 500px) 100vw, 500px\" \/><\/p>\n<p><img loading=\"lazy\" class=\"size-full wp-image-46417\" src=\"http:\/\/www.freimarianne.ch\/wp-content\/uploads\/2020\/12\/IMG_0303_saanenmo\u0308ser12.20_500.jpeg\" alt=\"\" width=\"500\" height=\"334\" srcset=\"http:\/\/www.freimarianne.ch\/wp-content\/uploads\/2020\/12\/IMG_0303_saanenmo\u0308ser12.20_500.jpeg 500w, http:\/\/www.freimarianne.ch\/wp-content\/uploads\/2020\/12\/IMG_0303_saanenmo\u0308ser12.20_500-300x200.jpeg 300w, http:\/\/www.freimarianne.ch\/wp-content\/uploads\/2020\/12\/IMG_0303_saanenmo\u0308ser12.20_500-449x300.jpeg 449w\" sizes=\"(max-width: 500px) 100vw, 500px\" \/><br \/>\nBlick gegen Rougemont<\/p>\n<p><img loading=\"lazy\" class=\"size-full wp-image-46479\" src=\"http:\/\/www.freimarianne.ch\/wp-content\/uploads\/2020\/12\/winter20_04.jpeg\" alt=\"\" width=\"500\" height=\"334\" srcset=\"http:\/\/www.freimarianne.ch\/wp-content\/uploads\/2020\/12\/winter20_04.jpeg 500w, http:\/\/www.freimarianne.ch\/wp-content\/uploads\/2020\/12\/winter20_04-300x200.jpeg 300w, http:\/\/www.freimarianne.ch\/wp-content\/uploads\/2020\/12\/winter20_04-449x300.jpeg 449w\" sizes=\"(max-width: 500px) 100vw, 500px\" \/><br \/>\nWinteridyll<\/p>\n<p><img loading=\"lazy\" class=\"size-full wp-image-46480\" src=\"http:\/\/www.freimarianne.ch\/wp-content\/uploads\/2020\/12\/winter20_05.jpeg\" alt=\"\" width=\"500\" height=\"375\" srcset=\"http:\/\/www.freimarianne.ch\/wp-content\/uploads\/2020\/12\/winter20_05.jpeg 500w, http:\/\/www.freimarianne.ch\/wp-content\/uploads\/2020\/12\/winter20_05-300x225.jpeg 300w, http:\/\/www.freimarianne.ch\/wp-content\/uploads\/2020\/12\/winter20_05-400x300.jpeg 400w\" sizes=\"(max-width: 500px) 100vw, 500px\" \/><br \/>\nOeschinenhorn 3488m, Fr\u00fcndenhorn 3368m, Doldenhorn 3643m, \u00dcssere Fisisstock 2945m, Inn. Fisisstock 2787m<\/p>\n","protected":false},"excerpt":{"rendered":"<p>Dezember&nbsp; 2020 bis Februar 2021 Frost winterliche Verh\u00e4ltnisse auf dem Stanserhorn Blick gegen Rougemont Winteridyll Oeschinenhorn 3488m, Fr\u00fcndenhorn 3368m, Doldenhorn 3643m, \u00dcssere Fisisstock 2945m, Inn. Fisisstock 2787m<\/p>\n","protected":false},"author":1,"featured_media":0,"parent":35,"menu_order":104,"comment_status":"closed","ping_status":"closed","template":"","meta":{"ngg_post_thumbnail":0},"_links":{"self":[{"href":"http:\/\/www.freimarianne.ch\/index.php?rest_route=\/wp\/v2\/pages\/46065"}],"collection":[{"href":"http:\/\/www.freimarianne.ch\/index.php?rest_route=\/wp\/v2\/pages"}],"about":[{"href":"http:\/\/www.freimarianne.ch\/index.php?rest_route=\/wp\/v2\/types\/page"}],"author":[{"embeddable":true,"href":"http:\/\/www.freimarianne.ch\/index.php?rest_route=\/wp\/v2\/users\/1"}],"replies":[{"embeddable":true,"href":"http:\/\/www.freimarianne.ch\/index.php?rest_route=%2Fwp%2Fv2%2Fcomments&post=46065"}],"version-history":[{"count":7,"href":"http:\/\/www.freimarianne.ch\/index.php?rest_route=\/wp\/v2\/pages\/46065\/revisions"}],"predecessor-version":[{"id":58142,"href":"http:\/\/www.freimarianne.ch\/index.php?rest_route=\/wp\/v2\/pages\/46065\/revisions\/58142"}],"up":[{"embeddable":true,"href":"http:\/\/www.freimarianne.ch\/index.php?rest_route=\/wp\/v2\/pages\/35"}],"wp:attachment":[{"href":"http:\/\/www.freimarianne.ch\/index.php?rest_route=%2Fwp%2Fv2%2Fmedia&parent=46065"}],"curies":[{"name":"wp","href":"https:\/\/api.w.org\/{rel}","templated":true}]}}