{"id":4679,"date":"2013-10-23T16:11:14","date_gmt":"2013-10-23T15:11:14","guid":{"rendered":"http:\/\/www.freimarianne.ch\/?page_id=4679"},"modified":"2013-11-04T16:02:56","modified_gmt":"2013-11-04T15:02:56","slug":"eggen-mund-lalden-vs-17-10-2013","status":"publish","type":"page","link":"http:\/\/www.freimarianne.ch\/?page_id=4679","title":{"rendered":"Eggen- Mund-Lalden, VS 17.10.2013"},"content":{"rendered":"<p><strong>Wanderung<\/strong> von Eggen 1049m  hinauf nach Finnu 1408m, dem Hang entlang nach Bodma 1431m, \u00fcber F\u00e4rchu nach Mund 1188m.<br \/>\nAuf dem Saffran Lehrpfad hinunter (noch keine Spur von den Blumen)  auf einem sch\u00f6nen Wanderweg nach Warbflie, zur Gstein Kapelle und weiter nach Lalden. Da   ich urspr\u00fcnglich nach Birgisch wollte, hatte ich keinen Bus in Lalden.  In 25 Minuten ereichte ich trotzdem den Visper Bahnhof , wenn auch der Autostrasse entlang und hatte sofort einen Zug nach Basel.<br \/>\n<img loading=\"lazy\" src=\"http:\/\/www.freimarianne.ch\/wp-content\/uploads\/2013\/10\/IMG_8059_mund_500.jpg\" alt=\"IMG_8059_mund_500\" width=\"500\" height=\"333\" class=\"aligncenter size-full wp-image-4684\" srcset=\"http:\/\/www.freimarianne.ch\/wp-content\/uploads\/2013\/10\/IMG_8059_mund_500.jpg 500w, http:\/\/www.freimarianne.ch\/wp-content\/uploads\/2013\/10\/IMG_8059_mund_500-300x199.jpg 300w, http:\/\/www.freimarianne.ch\/wp-content\/uploads\/2013\/10\/IMG_8059_mund_500-450x300.jpg 450w\" sizes=\"(max-width: 500px) 100vw, 500px\" \/><\/a><br \/>\n<!-- index.php -->\n<div\n\tclass=\"ngg-galleryoverview ngg-ajax-pagination-none\"\n\tid=\"ngg-gallery-531571270f50fc942a7a4658d4033522-1\">\n\n    \t<div class=\"slideshowlink\">\n        <a href='http:\/\/www.freimarianne.ch\/index.php\/nggallery\/slideshow?page_id=4679'>[Show as slideshow]<\/a>\n\t\t\n\t<\/div>\n\t\t\t<!-- Thumbnails -->\n\t\t\t\t<div id=\"ngg-image-0\" class=\"ngg-gallery-thumbnail-box\" >\n\t\t\t\t        <div class=\"ngg-gallery-thumbnail\">\n            <a href=\"http:\/\/www.freimarianne.ch\/wp-content\/gallery\/eggen-mund-lalden-17-10-13\/img_8018.jpg\"\n               title=\"\"\n               data-src=\"http:\/\/www.freimarianne.ch\/wp-content\/gallery\/eggen-mund-lalden-17-10-13\/img_8018.jpg\"\n               data-thumbnail=\"http:\/\/www.freimarianne.ch\/wp-content\/gallery\/eggen-mund-lalden-17-10-13\/thumbs\/thumbs_img_8018.jpg\"\n               data-image-id=\"7623\"\n               data-title=\"img_8018\"\n               data-description=\"\"\n               data-image-slug=\"img_8018\"\n               class=\"shutterset_531571270f50fc942a7a4658d4033522\">\n                <img\n                    title=\"img_8018\"\n                    alt=\"img_8018\"\n                    src=\"http:\/\/www.freimarianne.ch\/wp-content\/gallery\/eggen-mund-lalden-17-10-13\/cache\/img_8018.jpg-nggid047623-ngg0dyn-100x75x100-00f0w010c010r110f110r010t010.jpg\"\n                    width=\"100\"\n                    height=\"67\"\n                    style=\"max-width:100%;\"\n                \/>\n            <\/a>\n        <\/div>\n\t\t\t\t\t\t\t<\/div> \n\t\t\t\n                            \n\t\t\t\t<div id=\"ngg-image-1\" class=\"ngg-gallery-thumbnail-box\" >\n\t\t\t\t        <div class=\"ngg-gallery-thumbnail\">\n            <a href=\"http:\/\/www.freimarianne.ch\/wp-content\/gallery\/eggen-mund-lalden-17-10-13\/img_8020.jpg\"\n               title=\"\"\n               data-src=\"http:\/\/www.freimarianne.ch\/wp-content\/gallery\/eggen-mund-lalden-17-10-13\/img_8020.jpg\"\n               data-thumbnail=\"http:\/\/www.freimarianne.ch\/wp-content\/gallery\/eggen-mund-lalden-17-10-13\/thumbs\/thumbs_img_8020.jpg\"\n               data-image-id=\"7624\"\n               data-title=\"img_8020\"\n               data-description=\"\"\n               data-image-slug=\"img_8020-2\"\n               class=\"shutterset_531571270f50fc942a7a4658d4033522\">\n                <img\n                    title=\"img_8020\"\n                    alt=\"img_8020\"\n                    src=\"http:\/\/www.freimarianne.ch\/wp-content\/gallery\/eggen-mund-lalden-17-10-13\/cache\/img_8020.jpg-nggid047624-ngg0dyn-100x75x100-00f0w010c010r110f110r010t010.jpg\"\n                    width=\"100\"\n                    height=\"68\"\n                    style=\"max-width:100%;\"\n                \/>\n            <\/a>\n        <\/div>\n\t\t\t\t\t\t\t<\/div> \n\t\t\t\n                            \n\t\t\t\t<div id=\"ngg-image-2\" class=\"ngg-gallery-thumbnail-box\" >\n\t\t\t\t        <div class=\"ngg-gallery-thumbnail\">\n            <a href=\"http:\/\/www.freimarianne.ch\/wp-content\/gallery\/eggen-mund-lalden-17-10-13\/img_8021.jpg\"\n               title=\"\"\n               data-src=\"http:\/\/www.freimarianne.ch\/wp-content\/gallery\/eggen-mund-lalden-17-10-13\/img_8021.jpg\"\n               data-thumbnail=\"http:\/\/www.freimarianne.ch\/wp-content\/gallery\/eggen-mund-lalden-17-10-13\/thumbs\/thumbs_img_8021.jpg\"\n               data-image-id=\"7625\"\n               data-title=\"img_8021\"\n               data-description=\"\"\n               data-image-slug=\"img_8021\"\n               class=\"shutterset_531571270f50fc942a7a4658d4033522\">\n                <img\n                    title=\"img_8021\"\n                    alt=\"img_8021\"\n                    src=\"http:\/\/www.freimarianne.ch\/wp-content\/gallery\/eggen-mund-lalden-17-10-13\/cache\/img_8021.jpg-nggid047625-ngg0dyn-100x75x100-00f0w010c010r110f110r010t010.jpg\"\n                    width=\"100\"\n                    height=\"67\"\n                    style=\"max-width:100%;\"\n                \/>\n            <\/a>\n        <\/div>\n\t\t\t\t\t\t\t<\/div> \n\t\t\t\n                            \n\t\t\t\t<div id=\"ngg-image-3\" class=\"ngg-gallery-thumbnail-box\" >\n\t\t\t\t        <div class=\"ngg-gallery-thumbnail\">\n            <a href=\"http:\/\/www.freimarianne.ch\/wp-content\/gallery\/eggen-mund-lalden-17-10-13\/img_8030.jpg\"\n               title=\"\"\n               data-src=\"http:\/\/www.freimarianne.ch\/wp-content\/gallery\/eggen-mund-lalden-17-10-13\/img_8030.jpg\"\n               data-thumbnail=\"http:\/\/www.freimarianne.ch\/wp-content\/gallery\/eggen-mund-lalden-17-10-13\/thumbs\/thumbs_img_8030.jpg\"\n               data-image-id=\"7626\"\n               data-title=\"img_8030\"\n               data-description=\"\"\n               data-image-slug=\"img_8030\"\n               class=\"shutterset_531571270f50fc942a7a4658d4033522\">\n                <img\n                    title=\"img_8030\"\n                    alt=\"img_8030\"\n                    src=\"http:\/\/www.freimarianne.ch\/wp-content\/gallery\/eggen-mund-lalden-17-10-13\/cache\/img_8030.jpg-nggid047626-ngg0dyn-100x75x100-00f0w010c010r110f110r010t010.jpg\"\n                    width=\"100\"\n                    height=\"67\"\n                    style=\"max-width:100%;\"\n                \/>\n            <\/a>\n        <\/div>\n\t\t\t\t\t\t\t<\/div> \n\t\t\t\n                                    <br style=\"clear: both\" \/>\n                    \n\t\t\t\t<div id=\"ngg-image-4\" class=\"ngg-gallery-thumbnail-box\" >\n\t\t\t\t        <div class=\"ngg-gallery-thumbnail\">\n            <a href=\"http:\/\/www.freimarianne.ch\/wp-content\/gallery\/eggen-mund-lalden-17-10-13\/img_8044.jpg\"\n               title=\"\"\n               data-src=\"http:\/\/www.freimarianne.ch\/wp-content\/gallery\/eggen-mund-lalden-17-10-13\/img_8044.jpg\"\n               data-thumbnail=\"http:\/\/www.freimarianne.ch\/wp-content\/gallery\/eggen-mund-lalden-17-10-13\/thumbs\/thumbs_img_8044.jpg\"\n               data-image-id=\"7627\"\n               data-title=\"img_8044\"\n               data-description=\"\"\n               data-image-slug=\"img_8044-3\"\n               class=\"shutterset_531571270f50fc942a7a4658d4033522\">\n                <img\n                    title=\"img_8044\"\n                    alt=\"img_8044\"\n                    src=\"http:\/\/www.freimarianne.ch\/wp-content\/gallery\/eggen-mund-lalden-17-10-13\/cache\/img_8044.jpg-nggid047627-ngg0dyn-100x75x100-00f0w010c010r110f110r010t010.jpg\"\n                    width=\"100\"\n                    height=\"67\"\n                    style=\"max-width:100%;\"\n                \/>\n            <\/a>\n        <\/div>\n\t\t\t\t\t\t\t<\/div> \n\t\t\t\n                            \n\t\t\t\t<div id=\"ngg-image-5\" class=\"ngg-gallery-thumbnail-box\" >\n\t\t\t\t        <div class=\"ngg-gallery-thumbnail\">\n            <a href=\"http:\/\/www.freimarianne.ch\/wp-content\/gallery\/eggen-mund-lalden-17-10-13\/img_8045.jpg\"\n               title=\"\"\n               data-src=\"http:\/\/www.freimarianne.ch\/wp-content\/gallery\/eggen-mund-lalden-17-10-13\/img_8045.jpg\"\n               data-thumbnail=\"http:\/\/www.freimarianne.ch\/wp-content\/gallery\/eggen-mund-lalden-17-10-13\/thumbs\/thumbs_img_8045.jpg\"\n               data-image-id=\"7628\"\n               data-title=\"img_8045\"\n               data-description=\"\"\n               data-image-slug=\"img_8045\"\n               class=\"shutterset_531571270f50fc942a7a4658d4033522\">\n                <img\n                    title=\"img_8045\"\n                    alt=\"img_8045\"\n                    src=\"http:\/\/www.freimarianne.ch\/wp-content\/gallery\/eggen-mund-lalden-17-10-13\/cache\/img_8045.jpg-nggid047628-ngg0dyn-100x75x100-00f0w010c010r110f110r010t010.jpg\"\n                    width=\"100\"\n                    height=\"67\"\n                    style=\"max-width:100%;\"\n                \/>\n            <\/a>\n        <\/div>\n\t\t\t\t\t\t\t<\/div> \n\t\t\t\n                            \n\t\t\t\t<div id=\"ngg-image-6\" class=\"ngg-gallery-thumbnail-box\" >\n\t\t\t\t        <div class=\"ngg-gallery-thumbnail\">\n            <a href=\"http:\/\/www.freimarianne.ch\/wp-content\/gallery\/eggen-mund-lalden-17-10-13\/img_8054.jpg\"\n               title=\"\"\n               data-src=\"http:\/\/www.freimarianne.ch\/wp-content\/gallery\/eggen-mund-lalden-17-10-13\/img_8054.jpg\"\n               data-thumbnail=\"http:\/\/www.freimarianne.ch\/wp-content\/gallery\/eggen-mund-lalden-17-10-13\/thumbs\/thumbs_img_8054.jpg\"\n               data-image-id=\"7629\"\n               data-title=\"img_8054\"\n               data-description=\"\"\n               data-image-slug=\"img_8054-2\"\n               class=\"shutterset_531571270f50fc942a7a4658d4033522\">\n                <img\n                    title=\"img_8054\"\n                    alt=\"img_8054\"\n                    src=\"http:\/\/www.freimarianne.ch\/wp-content\/gallery\/eggen-mund-lalden-17-10-13\/cache\/img_8054.jpg-nggid047629-ngg0dyn-100x75x100-00f0w010c010r110f110r010t010.jpg\"\n                    width=\"100\"\n                    height=\"67\"\n                    style=\"max-width:100%;\"\n                \/>\n            <\/a>\n        <\/div>\n\t\t\t\t\t\t\t<\/div> \n\t\t\t\n                            \n\t\t\t\t<div id=\"ngg-image-7\" class=\"ngg-gallery-thumbnail-box\" >\n\t\t\t\t        <div class=\"ngg-gallery-thumbnail\">\n            <a href=\"http:\/\/www.freimarianne.ch\/wp-content\/gallery\/eggen-mund-lalden-17-10-13\/img_8056.jpg\"\n               title=\"\"\n               data-src=\"http:\/\/www.freimarianne.ch\/wp-content\/gallery\/eggen-mund-lalden-17-10-13\/img_8056.jpg\"\n               data-thumbnail=\"http:\/\/www.freimarianne.ch\/wp-content\/gallery\/eggen-mund-lalden-17-10-13\/thumbs\/thumbs_img_8056.jpg\"\n               data-image-id=\"7630\"\n               data-title=\"img_8056\"\n               data-description=\"\"\n               data-image-slug=\"img_8056-2\"\n               class=\"shutterset_531571270f50fc942a7a4658d4033522\">\n                <img\n                    title=\"img_8056\"\n                    alt=\"img_8056\"\n                    src=\"http:\/\/www.freimarianne.ch\/wp-content\/gallery\/eggen-mund-lalden-17-10-13\/cache\/img_8056.jpg-nggid047630-ngg0dyn-100x75x100-00f0w010c010r110f110r010t010.jpg\"\n                    width=\"100\"\n                    height=\"67\"\n                    style=\"max-width:100%;\"\n                \/>\n            <\/a>\n        <\/div>\n\t\t\t\t\t\t\t<\/div> \n\t\t\t\n                                    <br style=\"clear: both\" \/>\n                    \n\t\t\t\t<div id=\"ngg-image-8\" class=\"ngg-gallery-thumbnail-box\" >\n\t\t\t\t        <div class=\"ngg-gallery-thumbnail\">\n            <a href=\"http:\/\/www.freimarianne.ch\/wp-content\/gallery\/eggen-mund-lalden-17-10-13\/img_8059.jpg\"\n               title=\"\"\n               data-src=\"http:\/\/www.freimarianne.ch\/wp-content\/gallery\/eggen-mund-lalden-17-10-13\/img_8059.jpg\"\n               data-thumbnail=\"http:\/\/www.freimarianne.ch\/wp-content\/gallery\/eggen-mund-lalden-17-10-13\/thumbs\/thumbs_img_8059.jpg\"\n               data-image-id=\"7631\"\n               data-title=\"img_8059\"\n               data-description=\"\"\n               data-image-slug=\"img_8059-2\"\n               class=\"shutterset_531571270f50fc942a7a4658d4033522\">\n                <img\n                    title=\"img_8059\"\n                    alt=\"img_8059\"\n                    src=\"http:\/\/www.freimarianne.ch\/wp-content\/gallery\/eggen-mund-lalden-17-10-13\/cache\/img_8059.jpg-nggid047631-ngg0dyn-100x75x100-00f0w010c010r110f110r010t010.jpg\"\n                    width=\"100\"\n                    height=\"67\"\n                    style=\"max-width:100%;\"\n                \/>\n            <\/a>\n        <\/div>\n\t\t\t\t\t\t\t<\/div> \n\t\t\t\n                            \n\t\t\n\t\t<!-- Pagination -->\n\t<div class='ngg-clear'><\/div>\t<\/div>\n<\/p>\n","protected":false},"excerpt":{"rendered":"<p>Wanderung von Eggen 1049m hinauf nach Finnu 1408m, dem Hang entlang nach Bodma 1431m, \u00fcber F\u00e4rchu nach Mund 1188m. Auf dem Saffran Lehrpfad hinunter (noch keine Spur von den Blumen) auf einem sch\u00f6nen Wanderweg nach Warbflie, zur Gstein Kapelle und weiter nach Lalden. Da ich urspr\u00fcnglich nach Birgisch wollte, hatte ich keinen Bus in Lalden. [&hellip;]<\/p>\n","protected":false},"author":1,"featured_media":0,"parent":4550,"menu_order":8,"comment_status":"closed","ping_status":"closed","template":"","meta":{"ngg_post_thumbnail":0},"_links":{"self":[{"href":"http:\/\/www.freimarianne.ch\/index.php?rest_route=\/wp\/v2\/pages\/4679"}],"collection":[{"href":"http:\/\/www.freimarianne.ch\/index.php?rest_route=\/wp\/v2\/pages"}],"about":[{"href":"http:\/\/www.freimarianne.ch\/index.php?rest_route=\/wp\/v2\/types\/page"}],"author":[{"embeddable":true,"href":"http:\/\/www.freimarianne.ch\/index.php?rest_route=\/wp\/v2\/users\/1"}],"replies":[{"embeddable":true,"href":"http:\/\/www.freimarianne.ch\/index.php?rest_route=%2Fwp%2Fv2%2Fcomments&post=4679"}],"version-history":[{"count":4,"href":"http:\/\/www.freimarianne.ch\/index.php?rest_route=\/wp\/v2\/pages\/4679\/revisions"}],"predecessor-version":[{"id":4699,"href":"http:\/\/www.freimarianne.ch\/index.php?rest_route=\/wp\/v2\/pages\/4679\/revisions\/4699"}],"up":[{"embeddable":true,"href":"http:\/\/www.freimarianne.ch\/index.php?rest_route=\/wp\/v2\/pages\/4550"}],"wp:attachment":[{"href":"http:\/\/www.freimarianne.ch\/index.php?rest_route=%2Fwp%2Fv2%2Fmedia&parent=4679"}],"curies":[{"name":"wp","href":"https:\/\/api.w.org\/{rel}","templated":true}]}}