{"id":47411,"date":"2021-02-28T16:08:31","date_gmt":"2021-02-28T15:08:31","guid":{"rendered":"http:\/\/www.freimarianne.ch\/?page_id=47411"},"modified":"2021-03-01T10:00:13","modified_gmt":"2021-03-01T09:00:13","slug":"fiescheralp-riederalp-vs-11-2-2021","status":"publish","type":"page","link":"http:\/\/www.freimarianne.ch\/?page_id=47411","title":{"rendered":"Fiescheralp -Riederalp   VS  11.2.2021"},"content":{"rendered":"<p><strong>Winterwanderung ohen jegliche Sicht<\/strong><\/p>\n<p>F\u00fcr heute war der Wetterbericht f\u00fcr die Fiescheralp gar nicht so schlecht. Aber wieder einmal ist die Fiescheralp vollkommen zu als ich dort ankomme. In der Gondel hatte ich eine Bekannte angetroffen, mit welcher ich nun die Winterwanderung im dichten Nebel unter die F\u00fcsse nehme. Wir sehen gerade immer den n\u00e4chsten rosa Stecken im Schnee! Nat\u00fcrlich hat es sehr viel Schnee und bei sch\u00f6nem Wetter w\u00e4re die Wanderung ein echtes Wintererlebnis ! Wir wandern dann von der Bettmeralp hin\u00fcber zur Riederalp und k\u00f6nnen nach einiger Wartezeit die Seilbahn hinunter nach M\u00f6rel nehmen. In Brig haben wir noch Zeit im Sonnenschein, draussen einen Kaffee ( Corona konform) zu trinken.<\/p>\n<p>Laut Schweizmobil:<br>Distanz: 8.33km; Aufstieg: 150m; Abstieg: 462m; Wanderzeit: 2h 15 min<br>(Sommer)<\/p>\n<p><a href=\"https:\/\/map.schweizmobil.ch\/?lang=de&amp;bgLayer=pk&amp;logo=yes&amp;season=winter&amp;resolution=7.3&amp;E=2648423&amp;N=1138431&amp;photos=yes&amp;layers=Winterhiking&amp;trackId=1446542120\">Karte Schweizmobil:<\/a><\/p>\n\n\n<!-- index.php -->\n<div\n\tclass=\"ngg-galleryoverview ngg-ajax-pagination-none\"\n\tid=\"ngg-gallery-3940980199d4b24450669720d6689219-1\">\n\n    \t<div class=\"slideshowlink\">\n        <a href='http:\/\/www.freimarianne.ch\/index.php\/nggallery\/slideshow?page_id=47411'>[Show as slideshow]<\/a>\n\t\t\n\t<\/div>\n\t\t\t<!-- Thumbnails -->\n\t\t\t\t<div id=\"ngg-image-0\" class=\"ngg-gallery-thumbnail-box\" >\n\t\t\t\t        <div class=\"ngg-gallery-thumbnail\">\n            <a href=\"http:\/\/www.freimarianne.ch\/wp-content\/gallery\/fiescheralp-11-2-21\/IMG_1378.jpeg\"\n               title=\"tiefster Winter auf der  Fiescheralp\"\n               data-src=\"http:\/\/www.freimarianne.ch\/wp-content\/gallery\/fiescheralp-11-2-21\/IMG_1378.jpeg\"\n               data-thumbnail=\"http:\/\/www.freimarianne.ch\/wp-content\/gallery\/fiescheralp-11-2-21\/thumbs\/thumbs_IMG_1378.jpeg\"\n               data-image-id=\"25028\"\n               data-title=\"IMG_1378\"\n               data-description=\"tiefster Winter auf der  Fiescheralp\"\n               data-image-slug=\"img_1378-3\"\n               class=\"shutterset_3940980199d4b24450669720d6689219\">\n                <img\n                    title=\"IMG_1378\"\n                    alt=\"IMG_1378\"\n                    src=\"http:\/\/www.freimarianne.ch\/wp-content\/gallery\/fiescheralp-11-2-21\/cache\/IMG_1378.jpeg-nggid0525028-ngg0dyn-100x75x100-00f0w010c010r110f110r010t010.jpeg\"\n                    width=\"100\"\n                    height=\"67\"\n                    style=\"max-width:100%;\"\n                \/>\n            <\/a>\n        <\/div>\n\t\t\t\t\t\t\t<\/div> \n\t\t\t\n                            \n\t\t\t\t<div id=\"ngg-image-1\" class=\"ngg-gallery-thumbnail-box\" >\n\t\t\t\t        <div class=\"ngg-gallery-thumbnail\">\n            <a href=\"http:\/\/www.freimarianne.ch\/wp-content\/gallery\/fiescheralp-11-2-21\/IMG_1385.jpeg\"\n               title=\"sehr viel Schnee  auf der Bettmeralp\"\n               data-src=\"http:\/\/www.freimarianne.ch\/wp-content\/gallery\/fiescheralp-11-2-21\/IMG_1385.jpeg\"\n               data-thumbnail=\"http:\/\/www.freimarianne.ch\/wp-content\/gallery\/fiescheralp-11-2-21\/thumbs\/thumbs_IMG_1385.jpeg\"\n               data-image-id=\"25029\"\n               data-title=\"IMG_1385\"\n               data-description=\"sehr viel Schnee  auf der Bettmeralp\"\n               data-image-slug=\"img_1385-3\"\n               class=\"shutterset_3940980199d4b24450669720d6689219\">\n                <img\n                    title=\"IMG_1385\"\n                    alt=\"IMG_1385\"\n                    src=\"http:\/\/www.freimarianne.ch\/wp-content\/gallery\/fiescheralp-11-2-21\/cache\/IMG_1385.jpeg-nggid0525029-ngg0dyn-100x75x100-00f0w010c010r110f110r010t010.jpeg\"\n                    width=\"100\"\n                    height=\"67\"\n                    style=\"max-width:100%;\"\n                \/>\n            <\/a>\n        <\/div>\n\t\t\t\t\t\t\t<\/div> \n\t\t\t\n                            \n\t\t\t\t<div id=\"ngg-image-2\" class=\"ngg-gallery-thumbnail-box\" >\n\t\t\t\t        <div class=\"ngg-gallery-thumbnail\">\n            <a href=\"http:\/\/www.freimarianne.ch\/wp-content\/gallery\/fiescheralp-11-2-21\/IMG_1386.jpeg\"\n               title=\"sehr viel Schnee  auf der Bettmeralp\"\n               data-src=\"http:\/\/www.freimarianne.ch\/wp-content\/gallery\/fiescheralp-11-2-21\/IMG_1386.jpeg\"\n               data-thumbnail=\"http:\/\/www.freimarianne.ch\/wp-content\/gallery\/fiescheralp-11-2-21\/thumbs\/thumbs_IMG_1386.jpeg\"\n               data-image-id=\"25026\"\n               data-title=\"IMG_1386\"\n               data-description=\"sehr viel Schnee  auf der Bettmeralp\"\n               data-image-slug=\"img_1386-2\"\n               class=\"shutterset_3940980199d4b24450669720d6689219\">\n                <img\n                    title=\"IMG_1386\"\n                    alt=\"IMG_1386\"\n                    src=\"http:\/\/www.freimarianne.ch\/wp-content\/gallery\/fiescheralp-11-2-21\/cache\/IMG_1386.jpeg-nggid0525026-ngg0dyn-100x75x100-00f0w010c010r110f110r010t010.jpeg\"\n                    width=\"100\"\n                    height=\"67\"\n                    style=\"max-width:100%;\"\n                \/>\n            <\/a>\n        <\/div>\n\t\t\t\t\t\t\t<\/div> \n\t\t\t\n                            \n\t\t\t\t<div id=\"ngg-image-3\" class=\"ngg-gallery-thumbnail-box\" >\n\t\t\t\t        <div class=\"ngg-gallery-thumbnail\">\n            <a href=\"http:\/\/www.freimarianne.ch\/wp-content\/gallery\/fiescheralp-11-2-21\/IMG_1388.jpeg\"\n               title=\"Marianne auf der Bettmeralp\"\n               data-src=\"http:\/\/www.freimarianne.ch\/wp-content\/gallery\/fiescheralp-11-2-21\/IMG_1388.jpeg\"\n               data-thumbnail=\"http:\/\/www.freimarianne.ch\/wp-content\/gallery\/fiescheralp-11-2-21\/thumbs\/thumbs_IMG_1388.jpeg\"\n               data-image-id=\"25025\"\n               data-title=\"IMG_1388\"\n               data-description=\"Marianne auf der Bettmeralp\"\n               data-image-slug=\"img_1388-2\"\n               class=\"shutterset_3940980199d4b24450669720d6689219\">\n                <img\n                    title=\"IMG_1388\"\n                    alt=\"IMG_1388\"\n                    src=\"http:\/\/www.freimarianne.ch\/wp-content\/gallery\/fiescheralp-11-2-21\/cache\/IMG_1388.jpeg-nggid0525025-ngg0dyn-100x75x100-00f0w010c010r110f110r010t010.jpeg\"\n                    width=\"100\"\n                    height=\"67\"\n                    style=\"max-width:100%;\"\n                \/>\n            <\/a>\n        <\/div>\n\t\t\t\t\t\t\t<\/div> \n\t\t\t\n                                    <br style=\"clear: both\" \/>\n                    \n\t\t\t\t<div id=\"ngg-image-4\" class=\"ngg-gallery-thumbnail-box\" >\n\t\t\t\t        <div class=\"ngg-gallery-thumbnail\">\n            <a href=\"http:\/\/www.freimarianne.ch\/wp-content\/gallery\/fiescheralp-11-2-21\/IMG_1389.jpeg\"\n               title=\"Marianne auf der Bettmeralp\"\n               data-src=\"http:\/\/www.freimarianne.ch\/wp-content\/gallery\/fiescheralp-11-2-21\/IMG_1389.jpeg\"\n               data-thumbnail=\"http:\/\/www.freimarianne.ch\/wp-content\/gallery\/fiescheralp-11-2-21\/thumbs\/thumbs_IMG_1389.jpeg\"\n               data-image-id=\"25027\"\n               data-title=\"IMG_1389\"\n               data-description=\"Marianne auf der Bettmeralp\"\n               data-image-slug=\"img_1389-5\"\n               class=\"shutterset_3940980199d4b24450669720d6689219\">\n                <img\n                    title=\"IMG_1389\"\n                    alt=\"IMG_1389\"\n                    src=\"http:\/\/www.freimarianne.ch\/wp-content\/gallery\/fiescheralp-11-2-21\/cache\/IMG_1389.jpeg-nggid0525027-ngg0dyn-100x75x100-00f0w010c010r110f110r010t010.jpeg\"\n                    width=\"90\"\n                    height=\"75\"\n                    style=\"max-width:100%;\"\n                \/>\n            <\/a>\n        <\/div>\n\t\t\t\t\t\t\t<\/div> \n\t\t\t\n                            \n\t\t\t\t<div id=\"ngg-image-5\" class=\"ngg-gallery-thumbnail-box\" >\n\t\t\t\t        <div class=\"ngg-gallery-thumbnail\">\n            <a href=\"http:\/\/www.freimarianne.ch\/wp-content\/gallery\/fiescheralp-11-2-21\/IMG_1391.jpeg\"\n               title=\"sehr viel Schnee  auf der Bettmeralp\"\n               data-src=\"http:\/\/www.freimarianne.ch\/wp-content\/gallery\/fiescheralp-11-2-21\/IMG_1391.jpeg\"\n               data-thumbnail=\"http:\/\/www.freimarianne.ch\/wp-content\/gallery\/fiescheralp-11-2-21\/thumbs\/thumbs_IMG_1391.jpeg\"\n               data-image-id=\"25023\"\n               data-title=\"IMG_1391\"\n               data-description=\"sehr viel Schnee  auf der Bettmeralp\"\n               data-image-slug=\"img_1391-2\"\n               class=\"shutterset_3940980199d4b24450669720d6689219\">\n                <img\n                    title=\"IMG_1391\"\n                    alt=\"IMG_1391\"\n                    src=\"http:\/\/www.freimarianne.ch\/wp-content\/gallery\/fiescheralp-11-2-21\/cache\/IMG_1391.jpeg-nggid0525023-ngg0dyn-100x75x100-00f0w010c010r110f110r010t010.jpeg\"\n                    width=\"100\"\n                    height=\"65\"\n                    style=\"max-width:100%;\"\n                \/>\n            <\/a>\n        <\/div>\n\t\t\t\t\t\t\t<\/div> \n\t\t\t\n                            \n\t\t\t\t<div id=\"ngg-image-6\" class=\"ngg-gallery-thumbnail-box\" >\n\t\t\t\t        <div class=\"ngg-gallery-thumbnail\">\n            <a href=\"http:\/\/www.freimarianne.ch\/wp-content\/gallery\/fiescheralp-11-2-21\/IMG_1395.jpeg\"\n               title=\"sehr viel Schnee  auf der Bettmeralp\"\n               data-src=\"http:\/\/www.freimarianne.ch\/wp-content\/gallery\/fiescheralp-11-2-21\/IMG_1395.jpeg\"\n               data-thumbnail=\"http:\/\/www.freimarianne.ch\/wp-content\/gallery\/fiescheralp-11-2-21\/thumbs\/thumbs_IMG_1395.jpeg\"\n               data-image-id=\"25024\"\n               data-title=\"IMG_1395\"\n               data-description=\"sehr viel Schnee  auf der Bettmeralp\"\n               data-image-slug=\"img_1395-3\"\n               class=\"shutterset_3940980199d4b24450669720d6689219\">\n                <img\n                    title=\"IMG_1395\"\n                    alt=\"IMG_1395\"\n                    src=\"http:\/\/www.freimarianne.ch\/wp-content\/gallery\/fiescheralp-11-2-21\/cache\/IMG_1395.jpeg-nggid0525024-ngg0dyn-100x75x100-00f0w010c010r110f110r010t010.jpeg\"\n                    width=\"100\"\n                    height=\"67\"\n                    style=\"max-width:100%;\"\n                \/>\n            <\/a>\n        <\/div>\n\t\t\t\t\t\t\t<\/div> \n\t\t\t\n                            \n\t\t\t\t<div id=\"ngg-image-7\" class=\"ngg-gallery-thumbnail-box\" >\n\t\t\t\t        <div class=\"ngg-gallery-thumbnail\">\n            <a href=\"http:\/\/www.freimarianne.ch\/wp-content\/gallery\/fiescheralp-11-2-21\/IMG_1396.jpeg\"\n               title=\"Kapelle Bettmeralp\"\n               data-src=\"http:\/\/www.freimarianne.ch\/wp-content\/gallery\/fiescheralp-11-2-21\/IMG_1396.jpeg\"\n               data-thumbnail=\"http:\/\/www.freimarianne.ch\/wp-content\/gallery\/fiescheralp-11-2-21\/thumbs\/thumbs_IMG_1396.jpeg\"\n               data-image-id=\"25022\"\n               data-title=\"IMG_1396\"\n               data-description=\"Kapelle Bettmeralp\"\n               data-image-slug=\"img_1396-5\"\n               class=\"shutterset_3940980199d4b24450669720d6689219\">\n                <img\n                    title=\"IMG_1396\"\n                    alt=\"IMG_1396\"\n                    src=\"http:\/\/www.freimarianne.ch\/wp-content\/gallery\/fiescheralp-11-2-21\/cache\/IMG_1396.jpeg-nggid0525022-ngg0dyn-100x75x100-00f0w010c010r110f110r010t010.jpeg\"\n                    width=\"100\"\n                    height=\"70\"\n                    style=\"max-width:100%;\"\n                \/>\n            <\/a>\n        <\/div>\n\t\t\t\t\t\t\t<\/div> \n\t\t\t\n                                    <br style=\"clear: both\" \/>\n                    \n\t\t\n\t\t<!-- Pagination -->\n\t<div class='ngg-clear'><\/div>\t<\/div>\n\n\n\n\n<p><\/p>\n","protected":false},"excerpt":{"rendered":"<p>Winterwanderung ohen jegliche Sicht F\u00fcr heute war der Wetterbericht f\u00fcr die Fiescheralp gar nicht so schlecht. Aber wieder einmal ist die Fiescheralp vollkommen zu als ich dort ankomme. In der Gondel hatte ich eine Bekannte angetroffen, mit welcher ich nun die Winterwanderung im dichten Nebel unter die F\u00fcsse nehme. Wir sehen gerade immer den n\u00e4chsten [&hellip;]<\/p>\n","protected":false},"author":1,"featured_media":0,"parent":46065,"menu_order":18,"comment_status":"closed","ping_status":"closed","template":"","meta":{"ngg_post_thumbnail":0},"_links":{"self":[{"href":"http:\/\/www.freimarianne.ch\/index.php?rest_route=\/wp\/v2\/pages\/47411"}],"collection":[{"href":"http:\/\/www.freimarianne.ch\/index.php?rest_route=\/wp\/v2\/pages"}],"about":[{"href":"http:\/\/www.freimarianne.ch\/index.php?rest_route=\/wp\/v2\/types\/page"}],"author":[{"embeddable":true,"href":"http:\/\/www.freimarianne.ch\/index.php?rest_route=\/wp\/v2\/users\/1"}],"replies":[{"embeddable":true,"href":"http:\/\/www.freimarianne.ch\/index.php?rest_route=%2Fwp%2Fv2%2Fcomments&post=47411"}],"version-history":[{"count":7,"href":"http:\/\/www.freimarianne.ch\/index.php?rest_route=\/wp\/v2\/pages\/47411\/revisions"}],"predecessor-version":[{"id":47575,"href":"http:\/\/www.freimarianne.ch\/index.php?rest_route=\/wp\/v2\/pages\/47411\/revisions\/47575"}],"up":[{"embeddable":true,"href":"http:\/\/www.freimarianne.ch\/index.php?rest_route=\/wp\/v2\/pages\/46065"}],"wp:attachment":[{"href":"http:\/\/www.freimarianne.ch\/index.php?rest_route=%2Fwp%2Fv2%2Fmedia&parent=47411"}],"curies":[{"name":"wp","href":"https:\/\/api.w.org\/{rel}","templated":true}]}}