{"id":4842,"date":"2013-12-30T09:40:14","date_gmt":"2013-12-30T08:40:14","guid":{"rendered":"http:\/\/www.freimarianne.ch\/?page_id=4842"},"modified":"2013-12-30T10:04:36","modified_gmt":"2013-12-30T09:04:36","slug":"engelberg-ow-27-12-2013","status":"publish","type":"page","link":"http:\/\/www.freimarianne.ch\/?page_id=4842","title":{"rendered":"Engelberg, OW  27.12.2013"},"content":{"rendered":"<p><strong>Winterwanderung <\/strong> bei strahlenden Winterwetter.<br \/>\nIch steige zur Gerschnialp hinauf, die in dieser Jahreszeit teils noch im Schatten liegt. Aber die Sicht auf die gegen\u00fcberliegenden Berge und die verschneiten B\u00e4ume ist wundersch\u00f6n.<br \/>\nEin Rundgang beim Kloster Engelberg rundet den Tag ab und bevor die Sonne hinter den Bergen verschwindet bin ich schon wieder im Zug.<br \/>\n<img loading=\"lazy\" src=\"http:\/\/www.freimarianne.ch\/wp-content\/uploads\/2013\/12\/IMG_8592_engelbeer12.jpg\" alt=\"IMG_8592_engelbeer12\" width=\"500\" height=\"333\" class=\"aligncenter size-full wp-image-4844\" srcset=\"http:\/\/www.freimarianne.ch\/wp-content\/uploads\/2013\/12\/IMG_8592_engelbeer12.jpg 500w, http:\/\/www.freimarianne.ch\/wp-content\/uploads\/2013\/12\/IMG_8592_engelbeer12-300x199.jpg 300w, http:\/\/www.freimarianne.ch\/wp-content\/uploads\/2013\/12\/IMG_8592_engelbeer12-450x300.jpg 450w\" sizes=\"(max-width: 500px) 100vw, 500px\" \/><\/a><br \/>\n<!-- index.php -->\n<div\n\tclass=\"ngg-galleryoverview ngg-ajax-pagination-none\"\n\tid=\"ngg-gallery-411934ccd612020a65715d2ffaf9601d-1\">\n\n    \t<div class=\"slideshowlink\">\n        <a href='http:\/\/www.freimarianne.ch\/index.php\/nggallery\/slideshow?page_id=4842'>[Show as slideshow]<\/a>\n\t\t\n\t<\/div>\n\t\t\t<!-- Thumbnails -->\n\t\t\t\t<div id=\"ngg-image-0\" class=\"ngg-gallery-thumbnail-box\" >\n\t\t\t\t        <div class=\"ngg-gallery-thumbnail\">\n            <a href=\"http:\/\/www.freimarianne.ch\/wp-content\/gallery\/engelberg-27-12-13\/img_8536.jpg\"\n               title=\"\"\n               data-src=\"http:\/\/www.freimarianne.ch\/wp-content\/gallery\/engelberg-27-12-13\/img_8536.jpg\"\n               data-thumbnail=\"http:\/\/www.freimarianne.ch\/wp-content\/gallery\/engelberg-27-12-13\/thumbs\/thumbs_img_8536.jpg\"\n               data-image-id=\"7775\"\n               data-title=\"img_8536\"\n               data-description=\"\"\n               data-image-slug=\"img_8536-2\"\n               class=\"shutterset_411934ccd612020a65715d2ffaf9601d\">\n                <img\n                    title=\"img_8536\"\n                    alt=\"img_8536\"\n                    src=\"http:\/\/www.freimarianne.ch\/wp-content\/gallery\/engelberg-27-12-13\/cache\/img_8536.jpg-nggid047775-ngg0dyn-100x75x100-00f0w010c010r110f110r010t010.jpg\"\n                    width=\"100\"\n                    height=\"67\"\n                    style=\"max-width:100%;\"\n                \/>\n            <\/a>\n        <\/div>\n\t\t\t\t\t\t\t<\/div> \n\t\t\t\n                            \n\t\t\t\t<div id=\"ngg-image-1\" class=\"ngg-gallery-thumbnail-box\" >\n\t\t\t\t        <div class=\"ngg-gallery-thumbnail\">\n            <a href=\"http:\/\/www.freimarianne.ch\/wp-content\/gallery\/engelberg-27-12-13\/img_8540.jpg\"\n               title=\"\"\n               data-src=\"http:\/\/www.freimarianne.ch\/wp-content\/gallery\/engelberg-27-12-13\/img_8540.jpg\"\n               data-thumbnail=\"http:\/\/www.freimarianne.ch\/wp-content\/gallery\/engelberg-27-12-13\/thumbs\/thumbs_img_8540.jpg\"\n               data-image-id=\"7776\"\n               data-title=\"img_8540\"\n               data-description=\"\"\n               data-image-slug=\"img_8540-3\"\n               class=\"shutterset_411934ccd612020a65715d2ffaf9601d\">\n                <img\n                    title=\"img_8540\"\n                    alt=\"img_8540\"\n                    src=\"http:\/\/www.freimarianne.ch\/wp-content\/gallery\/engelberg-27-12-13\/cache\/img_8540.jpg-nggid047776-ngg0dyn-100x75x100-00f0w010c010r110f110r010t010.jpg\"\n                    width=\"100\"\n                    height=\"67\"\n                    style=\"max-width:100%;\"\n                \/>\n            <\/a>\n        <\/div>\n\t\t\t\t\t\t\t<\/div> \n\t\t\t\n                            \n\t\t\t\t<div id=\"ngg-image-2\" class=\"ngg-gallery-thumbnail-box\" >\n\t\t\t\t        <div class=\"ngg-gallery-thumbnail\">\n            <a href=\"http:\/\/www.freimarianne.ch\/wp-content\/gallery\/engelberg-27-12-13\/img_8545.jpg\"\n               title=\"\"\n               data-src=\"http:\/\/www.freimarianne.ch\/wp-content\/gallery\/engelberg-27-12-13\/img_8545.jpg\"\n               data-thumbnail=\"http:\/\/www.freimarianne.ch\/wp-content\/gallery\/engelberg-27-12-13\/thumbs\/thumbs_img_8545.jpg\"\n               data-image-id=\"7777\"\n               data-title=\"img_8545\"\n               data-description=\"\"\n               data-image-slug=\"img_8545-3\"\n               class=\"shutterset_411934ccd612020a65715d2ffaf9601d\">\n                <img\n                    title=\"img_8545\"\n                    alt=\"img_8545\"\n                    src=\"http:\/\/www.freimarianne.ch\/wp-content\/gallery\/engelberg-27-12-13\/cache\/img_8545.jpg-nggid047777-ngg0dyn-100x75x100-00f0w010c010r110f110r010t010.jpg\"\n                    width=\"100\"\n                    height=\"67\"\n                    style=\"max-width:100%;\"\n                \/>\n            <\/a>\n        <\/div>\n\t\t\t\t\t\t\t<\/div> \n\t\t\t\n                            \n\t\t\t\t<div id=\"ngg-image-3\" class=\"ngg-gallery-thumbnail-box\" >\n\t\t\t\t        <div class=\"ngg-gallery-thumbnail\">\n            <a href=\"http:\/\/www.freimarianne.ch\/wp-content\/gallery\/engelberg-27-12-13\/img_8567.jpg\"\n               title=\"\"\n               data-src=\"http:\/\/www.freimarianne.ch\/wp-content\/gallery\/engelberg-27-12-13\/img_8567.jpg\"\n               data-thumbnail=\"http:\/\/www.freimarianne.ch\/wp-content\/gallery\/engelberg-27-12-13\/thumbs\/thumbs_img_8567.jpg\"\n               data-image-id=\"7778\"\n               data-title=\"img_8567\"\n               data-description=\"\"\n               data-image-slug=\"img_8567-3\"\n               class=\"shutterset_411934ccd612020a65715d2ffaf9601d\">\n                <img\n                    title=\"img_8567\"\n                    alt=\"img_8567\"\n                    src=\"http:\/\/www.freimarianne.ch\/wp-content\/gallery\/engelberg-27-12-13\/cache\/img_8567.jpg-nggid047778-ngg0dyn-100x75x100-00f0w010c010r110f110r010t010.jpg\"\n                    width=\"100\"\n                    height=\"67\"\n                    style=\"max-width:100%;\"\n                \/>\n            <\/a>\n        <\/div>\n\t\t\t\t\t\t\t<\/div> \n\t\t\t\n                                    <br style=\"clear: both\" \/>\n                    \n\t\t\t\t<div id=\"ngg-image-4\" class=\"ngg-gallery-thumbnail-box\" >\n\t\t\t\t        <div class=\"ngg-gallery-thumbnail\">\n            <a href=\"http:\/\/www.freimarianne.ch\/wp-content\/gallery\/engelberg-27-12-13\/img_8570.jpg\"\n               title=\"\"\n               data-src=\"http:\/\/www.freimarianne.ch\/wp-content\/gallery\/engelberg-27-12-13\/img_8570.jpg\"\n               data-thumbnail=\"http:\/\/www.freimarianne.ch\/wp-content\/gallery\/engelberg-27-12-13\/thumbs\/thumbs_img_8570.jpg\"\n               data-image-id=\"7779\"\n               data-title=\"img_8570\"\n               data-description=\"\"\n               data-image-slug=\"img_8570-2\"\n               class=\"shutterset_411934ccd612020a65715d2ffaf9601d\">\n                <img\n                    title=\"img_8570\"\n                    alt=\"img_8570\"\n                    src=\"http:\/\/www.freimarianne.ch\/wp-content\/gallery\/engelberg-27-12-13\/cache\/img_8570.jpg-nggid047779-ngg0dyn-100x75x100-00f0w010c010r110f110r010t010.jpg\"\n                    width=\"100\"\n                    height=\"67\"\n                    style=\"max-width:100%;\"\n                \/>\n            <\/a>\n        <\/div>\n\t\t\t\t\t\t\t<\/div> \n\t\t\t\n                            \n\t\t\t\t<div id=\"ngg-image-5\" class=\"ngg-gallery-thumbnail-box\" >\n\t\t\t\t        <div class=\"ngg-gallery-thumbnail\">\n            <a href=\"http:\/\/www.freimarianne.ch\/wp-content\/gallery\/engelberg-27-12-13\/img_8571.jpg\"\n               title=\"\"\n               data-src=\"http:\/\/www.freimarianne.ch\/wp-content\/gallery\/engelberg-27-12-13\/img_8571.jpg\"\n               data-thumbnail=\"http:\/\/www.freimarianne.ch\/wp-content\/gallery\/engelberg-27-12-13\/thumbs\/thumbs_img_8571.jpg\"\n               data-image-id=\"7780\"\n               data-title=\"img_8571\"\n               data-description=\"\"\n               data-image-slug=\"img_8571-3\"\n               class=\"shutterset_411934ccd612020a65715d2ffaf9601d\">\n                <img\n                    title=\"img_8571\"\n                    alt=\"img_8571\"\n                    src=\"http:\/\/www.freimarianne.ch\/wp-content\/gallery\/engelberg-27-12-13\/cache\/img_8571.jpg-nggid047780-ngg0dyn-100x75x100-00f0w010c010r110f110r010t010.jpg\"\n                    width=\"100\"\n                    height=\"67\"\n                    style=\"max-width:100%;\"\n                \/>\n            <\/a>\n        <\/div>\n\t\t\t\t\t\t\t<\/div> \n\t\t\t\n                            \n\t\t\t\t<div id=\"ngg-image-6\" class=\"ngg-gallery-thumbnail-box\" >\n\t\t\t\t        <div class=\"ngg-gallery-thumbnail\">\n            <a href=\"http:\/\/www.freimarianne.ch\/wp-content\/gallery\/engelberg-27-12-13\/img_8572.jpg\"\n               title=\"\"\n               data-src=\"http:\/\/www.freimarianne.ch\/wp-content\/gallery\/engelberg-27-12-13\/img_8572.jpg\"\n               data-thumbnail=\"http:\/\/www.freimarianne.ch\/wp-content\/gallery\/engelberg-27-12-13\/thumbs\/thumbs_img_8572.jpg\"\n               data-image-id=\"7781\"\n               data-title=\"img_8572\"\n               data-description=\"\"\n               data-image-slug=\"img_8572\"\n               class=\"shutterset_411934ccd612020a65715d2ffaf9601d\">\n                <img\n                    title=\"img_8572\"\n                    alt=\"img_8572\"\n                    src=\"http:\/\/www.freimarianne.ch\/wp-content\/gallery\/engelberg-27-12-13\/cache\/img_8572.jpg-nggid047781-ngg0dyn-100x75x100-00f0w010c010r110f110r010t010.jpg\"\n                    width=\"100\"\n                    height=\"67\"\n                    style=\"max-width:100%;\"\n                \/>\n            <\/a>\n        <\/div>\n\t\t\t\t\t\t\t<\/div> \n\t\t\t\n                            \n\t\t\t\t<div id=\"ngg-image-7\" class=\"ngg-gallery-thumbnail-box\" >\n\t\t\t\t        <div class=\"ngg-gallery-thumbnail\">\n            <a href=\"http:\/\/www.freimarianne.ch\/wp-content\/gallery\/engelberg-27-12-13\/img_8575.jpg\"\n               title=\"\"\n               data-src=\"http:\/\/www.freimarianne.ch\/wp-content\/gallery\/engelberg-27-12-13\/img_8575.jpg\"\n               data-thumbnail=\"http:\/\/www.freimarianne.ch\/wp-content\/gallery\/engelberg-27-12-13\/thumbs\/thumbs_img_8575.jpg\"\n               data-image-id=\"7782\"\n               data-title=\"img_8575\"\n               data-description=\"\"\n               data-image-slug=\"img_8575\"\n               class=\"shutterset_411934ccd612020a65715d2ffaf9601d\">\n                <img\n                    title=\"img_8575\"\n                    alt=\"img_8575\"\n                    src=\"http:\/\/www.freimarianne.ch\/wp-content\/gallery\/engelberg-27-12-13\/cache\/img_8575.jpg-nggid047782-ngg0dyn-100x75x100-00f0w010c010r110f110r010t010.jpg\"\n                    width=\"100\"\n                    height=\"67\"\n                    style=\"max-width:100%;\"\n                \/>\n            <\/a>\n        <\/div>\n\t\t\t\t\t\t\t<\/div> \n\t\t\t\n                                    <br style=\"clear: both\" \/>\n                    \n\t\t\t\t<div id=\"ngg-image-8\" class=\"ngg-gallery-thumbnail-box\" >\n\t\t\t\t        <div class=\"ngg-gallery-thumbnail\">\n            <a href=\"http:\/\/www.freimarianne.ch\/wp-content\/gallery\/engelberg-27-12-13\/img_8581.jpg\"\n               title=\"\"\n               data-src=\"http:\/\/www.freimarianne.ch\/wp-content\/gallery\/engelberg-27-12-13\/img_8581.jpg\"\n               data-thumbnail=\"http:\/\/www.freimarianne.ch\/wp-content\/gallery\/engelberg-27-12-13\/thumbs\/thumbs_img_8581.jpg\"\n               data-image-id=\"7783\"\n               data-title=\"img_8581\"\n               data-description=\"\"\n               data-image-slug=\"img_8581-2\"\n               class=\"shutterset_411934ccd612020a65715d2ffaf9601d\">\n                <img\n                    title=\"img_8581\"\n                    alt=\"img_8581\"\n                    src=\"http:\/\/www.freimarianne.ch\/wp-content\/gallery\/engelberg-27-12-13\/cache\/img_8581.jpg-nggid047783-ngg0dyn-100x75x100-00f0w010c010r110f110r010t010.jpg\"\n                    width=\"100\"\n                    height=\"67\"\n                    style=\"max-width:100%;\"\n                \/>\n            <\/a>\n        <\/div>\n\t\t\t\t\t\t\t<\/div> \n\t\t\t\n                            \n\t\t\t\t<div id=\"ngg-image-9\" class=\"ngg-gallery-thumbnail-box\" >\n\t\t\t\t        <div class=\"ngg-gallery-thumbnail\">\n            <a href=\"http:\/\/www.freimarianne.ch\/wp-content\/gallery\/engelberg-27-12-13\/img_8582.jpg\"\n               title=\"\"\n               data-src=\"http:\/\/www.freimarianne.ch\/wp-content\/gallery\/engelberg-27-12-13\/img_8582.jpg\"\n               data-thumbnail=\"http:\/\/www.freimarianne.ch\/wp-content\/gallery\/engelberg-27-12-13\/thumbs\/thumbs_img_8582.jpg\"\n               data-image-id=\"7784\"\n               data-title=\"img_8582\"\n               data-description=\"\"\n               data-image-slug=\"img_8582\"\n               class=\"shutterset_411934ccd612020a65715d2ffaf9601d\">\n                <img\n                    title=\"img_8582\"\n                    alt=\"img_8582\"\n                    src=\"http:\/\/www.freimarianne.ch\/wp-content\/gallery\/engelberg-27-12-13\/cache\/img_8582.jpg-nggid047784-ngg0dyn-100x75x100-00f0w010c010r110f110r010t010.jpg\"\n                    width=\"100\"\n                    height=\"67\"\n                    style=\"max-width:100%;\"\n                \/>\n            <\/a>\n        <\/div>\n\t\t\t\t\t\t\t<\/div> \n\t\t\t\n                            \n\t\t\t\t<div id=\"ngg-image-10\" class=\"ngg-gallery-thumbnail-box\" >\n\t\t\t\t        <div class=\"ngg-gallery-thumbnail\">\n            <a href=\"http:\/\/www.freimarianne.ch\/wp-content\/gallery\/engelberg-27-12-13\/img_8583.jpg\"\n               title=\"\"\n               data-src=\"http:\/\/www.freimarianne.ch\/wp-content\/gallery\/engelberg-27-12-13\/img_8583.jpg\"\n               data-thumbnail=\"http:\/\/www.freimarianne.ch\/wp-content\/gallery\/engelberg-27-12-13\/thumbs\/thumbs_img_8583.jpg\"\n               data-image-id=\"7785\"\n               data-title=\"img_8583\"\n               data-description=\"\"\n               data-image-slug=\"img_8583-2\"\n               class=\"shutterset_411934ccd612020a65715d2ffaf9601d\">\n                <img\n                    title=\"img_8583\"\n                    alt=\"img_8583\"\n                    src=\"http:\/\/www.freimarianne.ch\/wp-content\/gallery\/engelberg-27-12-13\/cache\/img_8583.jpg-nggid047785-ngg0dyn-100x75x100-00f0w010c010r110f110r010t010.jpg\"\n                    width=\"100\"\n                    height=\"67\"\n                    style=\"max-width:100%;\"\n                \/>\n            <\/a>\n        <\/div>\n\t\t\t\t\t\t\t<\/div> \n\t\t\t\n                            \n\t\t\t\t<div id=\"ngg-image-11\" class=\"ngg-gallery-thumbnail-box\" >\n\t\t\t\t        <div class=\"ngg-gallery-thumbnail\">\n            <a href=\"http:\/\/www.freimarianne.ch\/wp-content\/gallery\/engelberg-27-12-13\/img_8588.jpg\"\n               title=\"\"\n               data-src=\"http:\/\/www.freimarianne.ch\/wp-content\/gallery\/engelberg-27-12-13\/img_8588.jpg\"\n               data-thumbnail=\"http:\/\/www.freimarianne.ch\/wp-content\/gallery\/engelberg-27-12-13\/thumbs\/thumbs_img_8588.jpg\"\n               data-image-id=\"7786\"\n               data-title=\"img_8588\"\n               data-description=\"\"\n               data-image-slug=\"img_8588\"\n               class=\"shutterset_411934ccd612020a65715d2ffaf9601d\">\n                <img\n                    title=\"img_8588\"\n                    alt=\"img_8588\"\n                    src=\"http:\/\/www.freimarianne.ch\/wp-content\/gallery\/engelberg-27-12-13\/cache\/img_8588.jpg-nggid047786-ngg0dyn-100x75x100-00f0w010c010r110f110r010t010.jpg\"\n                    width=\"100\"\n                    height=\"67\"\n                    style=\"max-width:100%;\"\n                \/>\n            <\/a>\n        <\/div>\n\t\t\t\t\t\t\t<\/div> \n\t\t\t\n                                    <br style=\"clear: both\" \/>\n                    \n\t\t\t\t<div id=\"ngg-image-12\" class=\"ngg-gallery-thumbnail-box\" >\n\t\t\t\t        <div class=\"ngg-gallery-thumbnail\">\n            <a href=\"http:\/\/www.freimarianne.ch\/wp-content\/gallery\/engelberg-27-12-13\/img_8591.jpg\"\n               title=\"\"\n               data-src=\"http:\/\/www.freimarianne.ch\/wp-content\/gallery\/engelberg-27-12-13\/img_8591.jpg\"\n               data-thumbnail=\"http:\/\/www.freimarianne.ch\/wp-content\/gallery\/engelberg-27-12-13\/thumbs\/thumbs_img_8591.jpg\"\n               data-image-id=\"7787\"\n               data-title=\"img_8591\"\n               data-description=\"\"\n               data-image-slug=\"img_8591-2\"\n               class=\"shutterset_411934ccd612020a65715d2ffaf9601d\">\n                <img\n                    title=\"img_8591\"\n                    alt=\"img_8591\"\n                    src=\"http:\/\/www.freimarianne.ch\/wp-content\/gallery\/engelberg-27-12-13\/cache\/img_8591.jpg-nggid047787-ngg0dyn-100x75x100-00f0w010c010r110f110r010t010.jpg\"\n                    width=\"100\"\n                    height=\"67\"\n                    style=\"max-width:100%;\"\n                \/>\n            <\/a>\n        <\/div>\n\t\t\t\t\t\t\t<\/div> \n\t\t\t\n                            \n\t\t\t\t<div id=\"ngg-image-13\" class=\"ngg-gallery-thumbnail-box\" >\n\t\t\t\t        <div class=\"ngg-gallery-thumbnail\">\n            <a href=\"http:\/\/www.freimarianne.ch\/wp-content\/gallery\/engelberg-27-12-13\/img_8592.jpg\"\n               title=\"\"\n               data-src=\"http:\/\/www.freimarianne.ch\/wp-content\/gallery\/engelberg-27-12-13\/img_8592.jpg\"\n               data-thumbnail=\"http:\/\/www.freimarianne.ch\/wp-content\/gallery\/engelberg-27-12-13\/thumbs\/thumbs_img_8592.jpg\"\n               data-image-id=\"7788\"\n               data-title=\"img_8592\"\n               data-description=\"\"\n               data-image-slug=\"img_8592-2\"\n               class=\"shutterset_411934ccd612020a65715d2ffaf9601d\">\n                <img\n                    title=\"img_8592\"\n                    alt=\"img_8592\"\n                    src=\"http:\/\/www.freimarianne.ch\/wp-content\/gallery\/engelberg-27-12-13\/cache\/img_8592.jpg-nggid047788-ngg0dyn-100x75x100-00f0w010c010r110f110r010t010.jpg\"\n                    width=\"100\"\n                    height=\"67\"\n                    style=\"max-width:100%;\"\n                \/>\n            <\/a>\n        <\/div>\n\t\t\t\t\t\t\t<\/div> \n\t\t\t\n                            \n\t\t\t\t<div id=\"ngg-image-14\" class=\"ngg-gallery-thumbnail-box\" >\n\t\t\t\t        <div class=\"ngg-gallery-thumbnail\">\n            <a href=\"http:\/\/www.freimarianne.ch\/wp-content\/gallery\/engelberg-27-12-13\/img_8595.jpg\"\n               title=\"\"\n               data-src=\"http:\/\/www.freimarianne.ch\/wp-content\/gallery\/engelberg-27-12-13\/img_8595.jpg\"\n               data-thumbnail=\"http:\/\/www.freimarianne.ch\/wp-content\/gallery\/engelberg-27-12-13\/thumbs\/thumbs_img_8595.jpg\"\n               data-image-id=\"7789\"\n               data-title=\"img_8595\"\n               data-description=\"\"\n               data-image-slug=\"img_8595-3\"\n               class=\"shutterset_411934ccd612020a65715d2ffaf9601d\">\n                <img\n                    title=\"img_8595\"\n                    alt=\"img_8595\"\n                    src=\"http:\/\/www.freimarianne.ch\/wp-content\/gallery\/engelberg-27-12-13\/cache\/img_8595.jpg-nggid047789-ngg0dyn-100x75x100-00f0w010c010r110f110r010t010.jpg\"\n                    width=\"100\"\n                    height=\"67\"\n                    style=\"max-width:100%;\"\n                \/>\n            <\/a>\n        <\/div>\n\t\t\t\t\t\t\t<\/div> \n\t\t\t\n                            \n\t\t\t\t<div id=\"ngg-image-15\" class=\"ngg-gallery-thumbnail-box\" >\n\t\t\t\t        <div class=\"ngg-gallery-thumbnail\">\n            <a href=\"http:\/\/www.freimarianne.ch\/wp-content\/gallery\/engelberg-27-12-13\/img_8598.jpg\"\n               title=\"\"\n               data-src=\"http:\/\/www.freimarianne.ch\/wp-content\/gallery\/engelberg-27-12-13\/img_8598.jpg\"\n               data-thumbnail=\"http:\/\/www.freimarianne.ch\/wp-content\/gallery\/engelberg-27-12-13\/thumbs\/thumbs_img_8598.jpg\"\n               data-image-id=\"7790\"\n               data-title=\"img_8598\"\n               data-description=\"\"\n               data-image-slug=\"img_8598\"\n               class=\"shutterset_411934ccd612020a65715d2ffaf9601d\">\n                <img\n                    title=\"img_8598\"\n                    alt=\"img_8598\"\n                    src=\"http:\/\/www.freimarianne.ch\/wp-content\/gallery\/engelberg-27-12-13\/cache\/img_8598.jpg-nggid047790-ngg0dyn-100x75x100-00f0w010c010r110f110r010t010.jpg\"\n                    width=\"100\"\n                    height=\"67\"\n                    style=\"max-width:100%;\"\n                \/>\n            <\/a>\n        <\/div>\n\t\t\t\t\t\t\t<\/div> \n\t\t\t\n                                    <br style=\"clear: both\" \/>\n                    \n\t\t\t\t<div id=\"ngg-image-16\" class=\"ngg-gallery-thumbnail-box\" >\n\t\t\t\t        <div class=\"ngg-gallery-thumbnail\">\n            <a href=\"http:\/\/www.freimarianne.ch\/wp-content\/gallery\/engelberg-27-12-13\/img_8601.jpg\"\n               title=\"\"\n               data-src=\"http:\/\/www.freimarianne.ch\/wp-content\/gallery\/engelberg-27-12-13\/img_8601.jpg\"\n               data-thumbnail=\"http:\/\/www.freimarianne.ch\/wp-content\/gallery\/engelberg-27-12-13\/thumbs\/thumbs_img_8601.jpg\"\n               data-image-id=\"7791\"\n               data-title=\"img_8601\"\n               data-description=\"\"\n               data-image-slug=\"img_8601-2\"\n               class=\"shutterset_411934ccd612020a65715d2ffaf9601d\">\n                <img\n                    title=\"img_8601\"\n                    alt=\"img_8601\"\n                    src=\"http:\/\/www.freimarianne.ch\/wp-content\/gallery\/engelberg-27-12-13\/cache\/img_8601.jpg-nggid047791-ngg0dyn-100x75x100-00f0w010c010r110f110r010t010.jpg\"\n                    width=\"100\"\n                    height=\"67\"\n                    style=\"max-width:100%;\"\n                \/>\n            <\/a>\n        <\/div>\n\t\t\t\t\t\t\t<\/div> \n\t\t\t\n                            \n\t\t\n\t\t<!-- Pagination -->\n\t<div class='ngg-clear'><\/div>\t<\/div>\n<\/p>\n","protected":false},"excerpt":{"rendered":"<p>Winterwanderung bei strahlenden Winterwetter. Ich steige zur Gerschnialp hinauf, die in dieser Jahreszeit teils noch im Schatten liegt. Aber die Sicht auf die gegen\u00fcberliegenden Berge und die verschneiten B\u00e4ume ist wundersch\u00f6n. Ein Rundgang beim Kloster Engelberg rundet den Tag ab und bevor die Sonne hinter den Bergen verschwindet bin ich schon wieder im Zug.<\/p>\n","protected":false},"author":1,"featured_media":0,"parent":3491,"menu_order":22,"comment_status":"closed","ping_status":"closed","template":"","meta":{"ngg_post_thumbnail":0},"_links":{"self":[{"href":"http:\/\/www.freimarianne.ch\/index.php?rest_route=\/wp\/v2\/pages\/4842"}],"collection":[{"href":"http:\/\/www.freimarianne.ch\/index.php?rest_route=\/wp\/v2\/pages"}],"about":[{"href":"http:\/\/www.freimarianne.ch\/index.php?rest_route=\/wp\/v2\/types\/page"}],"author":[{"embeddable":true,"href":"http:\/\/www.freimarianne.ch\/index.php?rest_route=\/wp\/v2\/users\/1"}],"replies":[{"embeddable":true,"href":"http:\/\/www.freimarianne.ch\/index.php?rest_route=%2Fwp%2Fv2%2Fcomments&post=4842"}],"version-history":[{"count":6,"href":"http:\/\/www.freimarianne.ch\/index.php?rest_route=\/wp\/v2\/pages\/4842\/revisions"}],"predecessor-version":[{"id":4854,"href":"http:\/\/www.freimarianne.ch\/index.php?rest_route=\/wp\/v2\/pages\/4842\/revisions\/4854"}],"up":[{"embeddable":true,"href":"http:\/\/www.freimarianne.ch\/index.php?rest_route=\/wp\/v2\/pages\/3491"}],"wp:attachment":[{"href":"http:\/\/www.freimarianne.ch\/index.php?rest_route=%2Fwp%2Fv2%2Fmedia&parent=4842"}],"curies":[{"name":"wp","href":"https:\/\/api.w.org\/{rel}","templated":true}]}}