{"id":48483,"date":"2021-04-18T15:29:27","date_gmt":"2021-04-18T14:29:27","guid":{"rendered":"http:\/\/www.freimarianne.ch\/?page_id=48483"},"modified":"2021-04-26T11:27:31","modified_gmt":"2021-04-26T10:27:31","slug":"hohle-gasse-sz","status":"publish","type":"page","link":"http:\/\/www.freimarianne.ch\/?page_id=48483","title":{"rendered":"Hohle Gasse  16.4.2021  SZ, LU"},"content":{"rendered":"<p><strong>Von K\u00fcssnacht&nbsp; SZ&nbsp; nach Weggis&nbsp; LU<\/strong><\/p>\n<div id=\"attachment_48477\" style=\"width: 510px\" class=\"wp-caption alignleft\"><img aria-describedby=\"caption-attachment-48477\" loading=\"lazy\" class=\"size-full wp-image-48477\" src=\"http:\/\/www.freimarianne.ch\/wp-content\/uploads\/2021\/04\/IMG_2343_hohlegasse500.jpeg\" alt=\"\" width=\"500\" height=\"334\" srcset=\"http:\/\/www.freimarianne.ch\/wp-content\/uploads\/2021\/04\/IMG_2343_hohlegasse500.jpeg 500w, http:\/\/www.freimarianne.ch\/wp-content\/uploads\/2021\/04\/IMG_2343_hohlegasse500-300x200.jpeg 300w, http:\/\/www.freimarianne.ch\/wp-content\/uploads\/2021\/04\/IMG_2343_hohlegasse500-449x300.jpeg 449w\" sizes=\"(max-width: 500px) 100vw, 500px\" \/><p id=\"caption-attachment-48477\" class=\"wp-caption-text\">die Hohle Gasse<\/p><\/div>\n\n\n<p>Heute laufen wir die Wanderung von n\u00e4chster Woche vor.<br>Wir fahren nach Immensee, Hohle Gasse, wo wir uns im Info Pavillon umschauen. Dann gehen wir durch die Hohle Gasse zur Tellskapelle. Unser Wanderweg ist der Rigilehenweg, der im Auf -und Ab am Abhang der Rigi entlang f\u00fchrt. Auch Hartbelag und Naturbelag wechseln sich ab.<br>Zuerst besichtigen wir aber noch die Gesslerburg, die auf einem H\u00fcgel liegt.<br>Bei eher bew\u00f6lkten und kalten Wetter sind wir nun unterwegs und kommen an einigen H\u00f6fen vorbei. Nach Greppen steigt der Weg an und eine Bank l\u00e4dt uns zum Mittagshalt ein. Leider ist die Rast nicht gem\u00fctlich, denn es ist kalt und windig. So machen wir uns wieder auf den Weg und erreichen nach einem Abstieg in eine Mulde<br>den Punkt, von wo es hinunter nach Weggis geht. Da wir noch viel Zeit haben bis zur Abfahrt des Schiffes um 13.12h bleiben wir auf dem Rigilehnenweg, um dann auf einem Wanderweg hinunter nach Weggis zu gelangen. Wir geniessen die sch\u00f6ne Sicht auf den See und fahren dann mit dem Schiff nach Luzern.<br>Seit langem ist das meine erste Fahrt mit einem Schiff (Corona) !<\/p>\n\n\n\n<p>Fazit: Wir waren zu schnell ! Mit der Gruppe ist die Abfahrt erst um 15.05h geplant.<\/p>\n\n\n\n<p>Laut Schweizmobil:<\/p>\n\n\n\n<p>Distanz: 9.48km; Aufstieg: 387m; Abstieg: 408m; Wanderzeit: 2h 41min<\/p>\n\n\n\n<p><a href=\"https:\/\/map.schweizmobil.ch\/?lang=de&amp;bgLayer=pk&amp;logo=yes&amp;season=summer&amp;resolution=11.96&amp;E=2676304&amp;N=1212835&amp;photos=yes&amp;trackId=361539502\">Karte Schweizmobil:<\/a><\/p>\n\n\n\n<!-- index.php -->\n<div\n\tclass=\"ngg-galleryoverview ngg-ajax-pagination-none\"\n\tid=\"ngg-gallery-4e1dd3225ec71121841546047c9bf365-1\">\n\n    \t<div class=\"slideshowlink\">\n        <a href='http:\/\/www.freimarianne.ch\/index.php\/nggallery\/slideshow?page_id=48483'>[Show as slideshow]<\/a>\n\t\t\n\t<\/div>\n\t\t\t<!-- Thumbnails -->\n\t\t\t\t<div id=\"ngg-image-0\" class=\"ngg-gallery-thumbnail-box\" >\n\t\t\t\t        <div class=\"ngg-gallery-thumbnail\">\n            <a href=\"http:\/\/www.freimarianne.ch\/wp-content\/gallery\/hohle-gasse-16-4-21\/IMG_2342.jpeg\"\n               title=\"die Hohle Gasse\"\n               data-src=\"http:\/\/www.freimarianne.ch\/wp-content\/gallery\/hohle-gasse-16-4-21\/IMG_2342.jpeg\"\n               data-thumbnail=\"http:\/\/www.freimarianne.ch\/wp-content\/gallery\/hohle-gasse-16-4-21\/thumbs\/thumbs_IMG_2342.jpeg\"\n               data-image-id=\"25622\"\n               data-title=\"IMG_2342\"\n               data-description=\"die Hohle Gasse\"\n               data-image-slug=\"img_2342-4\"\n               class=\"shutterset_4e1dd3225ec71121841546047c9bf365\">\n                <img\n                    title=\"IMG_2342\"\n                    alt=\"IMG_2342\"\n                    src=\"http:\/\/www.freimarianne.ch\/wp-content\/gallery\/hohle-gasse-16-4-21\/cache\/IMG_2342.jpeg-nggid0525622-ngg0dyn-100x75x100-00f0w010c010r110f110r010t010.jpeg\"\n                    width=\"100\"\n                    height=\"67\"\n                    style=\"max-width:100%;\"\n                \/>\n            <\/a>\n        <\/div>\n\t\t\t\t\t\t\t<\/div> \n\t\t\t\n                            \n\t\t\t\t<div id=\"ngg-image-1\" class=\"ngg-gallery-thumbnail-box\" >\n\t\t\t\t        <div class=\"ngg-gallery-thumbnail\">\n            <a href=\"http:\/\/www.freimarianne.ch\/wp-content\/gallery\/hohle-gasse-16-4-21\/IMG_2344.jpeg\"\n               title=\"die Hohle Gasse\"\n               data-src=\"http:\/\/www.freimarianne.ch\/wp-content\/gallery\/hohle-gasse-16-4-21\/IMG_2344.jpeg\"\n               data-thumbnail=\"http:\/\/www.freimarianne.ch\/wp-content\/gallery\/hohle-gasse-16-4-21\/thumbs\/thumbs_IMG_2344.jpeg\"\n               data-image-id=\"25621\"\n               data-title=\"IMG_2344\"\n               data-description=\"die Hohle Gasse\"\n               data-image-slug=\"img_2344-2\"\n               class=\"shutterset_4e1dd3225ec71121841546047c9bf365\">\n                <img\n                    title=\"IMG_2344\"\n                    alt=\"IMG_2344\"\n                    src=\"http:\/\/www.freimarianne.ch\/wp-content\/gallery\/hohle-gasse-16-4-21\/cache\/IMG_2344.jpeg-nggid0525621-ngg0dyn-100x75x100-00f0w010c010r110f110r010t010.jpeg\"\n                    width=\"100\"\n                    height=\"67\"\n                    style=\"max-width:100%;\"\n                \/>\n            <\/a>\n        <\/div>\n\t\t\t\t\t\t\t<\/div> \n\t\t\t\n                            \n\t\t\t\t<div id=\"ngg-image-2\" class=\"ngg-gallery-thumbnail-box\" >\n\t\t\t\t        <div class=\"ngg-gallery-thumbnail\">\n            <a href=\"http:\/\/www.freimarianne.ch\/wp-content\/gallery\/hohle-gasse-16-4-21\/IMG_2345.jpeg\"\n               title=\"Tellskapelle\"\n               data-src=\"http:\/\/www.freimarianne.ch\/wp-content\/gallery\/hohle-gasse-16-4-21\/IMG_2345.jpeg\"\n               data-thumbnail=\"http:\/\/www.freimarianne.ch\/wp-content\/gallery\/hohle-gasse-16-4-21\/thumbs\/thumbs_IMG_2345.jpeg\"\n               data-image-id=\"25620\"\n               data-title=\"IMG_2345\"\n               data-description=\"Tellskapelle\"\n               data-image-slug=\"img_2345-2\"\n               class=\"shutterset_4e1dd3225ec71121841546047c9bf365\">\n                <img\n                    title=\"IMG_2345\"\n                    alt=\"IMG_2345\"\n                    src=\"http:\/\/www.freimarianne.ch\/wp-content\/gallery\/hohle-gasse-16-4-21\/cache\/IMG_2345.jpeg-nggid0525620-ngg0dyn-100x75x100-00f0w010c010r110f110r010t010.jpeg\"\n                    width=\"100\"\n                    height=\"67\"\n                    style=\"max-width:100%;\"\n                \/>\n            <\/a>\n        <\/div>\n\t\t\t\t\t\t\t<\/div> \n\t\t\t\n                            \n\t\t\t\t<div id=\"ngg-image-3\" class=\"ngg-gallery-thumbnail-box\" >\n\t\t\t\t        <div class=\"ngg-gallery-thumbnail\">\n            <a href=\"http:\/\/www.freimarianne.ch\/wp-content\/gallery\/hohle-gasse-16-4-21\/IMG_2352.jpeg\"\n               title=\"Gesslerburg Ruine\"\n               data-src=\"http:\/\/www.freimarianne.ch\/wp-content\/gallery\/hohle-gasse-16-4-21\/IMG_2352.jpeg\"\n               data-thumbnail=\"http:\/\/www.freimarianne.ch\/wp-content\/gallery\/hohle-gasse-16-4-21\/thumbs\/thumbs_IMG_2352.jpeg\"\n               data-image-id=\"25617\"\n               data-title=\"IMG_2352\"\n               data-description=\"Gesslerburg Ruine\"\n               data-image-slug=\"img_2352-2\"\n               class=\"shutterset_4e1dd3225ec71121841546047c9bf365\">\n                <img\n                    title=\"IMG_2352\"\n                    alt=\"IMG_2352\"\n                    src=\"http:\/\/www.freimarianne.ch\/wp-content\/gallery\/hohle-gasse-16-4-21\/cache\/IMG_2352.jpeg-nggid0525617-ngg0dyn-100x75x100-00f0w010c010r110f110r010t010.jpeg\"\n                    width=\"100\"\n                    height=\"67\"\n                    style=\"max-width:100%;\"\n                \/>\n            <\/a>\n        <\/div>\n\t\t\t\t\t\t\t<\/div> \n\t\t\t\n                                    <br style=\"clear: both\" \/>\n                    \n\t\t\t\t<div id=\"ngg-image-4\" class=\"ngg-gallery-thumbnail-box\" >\n\t\t\t\t        <div class=\"ngg-gallery-thumbnail\">\n            <a href=\"http:\/\/www.freimarianne.ch\/wp-content\/gallery\/hohle-gasse-16-4-21\/IMG_2354.jpeg\"\n               title=\"M\u00fchleteich\"\n               data-src=\"http:\/\/www.freimarianne.ch\/wp-content\/gallery\/hohle-gasse-16-4-21\/IMG_2354.jpeg\"\n               data-thumbnail=\"http:\/\/www.freimarianne.ch\/wp-content\/gallery\/hohle-gasse-16-4-21\/thumbs\/thumbs_IMG_2354.jpeg\"\n               data-image-id=\"25618\"\n               data-title=\"IMG_2354\"\n               data-description=\"M\u00fchleteich\"\n               data-image-slug=\"img_2354-2\"\n               class=\"shutterset_4e1dd3225ec71121841546047c9bf365\">\n                <img\n                    title=\"IMG_2354\"\n                    alt=\"IMG_2354\"\n                    src=\"http:\/\/www.freimarianne.ch\/wp-content\/gallery\/hohle-gasse-16-4-21\/cache\/IMG_2354.jpeg-nggid0525618-ngg0dyn-100x75x100-00f0w010c010r110f110r010t010.jpeg\"\n                    width=\"100\"\n                    height=\"67\"\n                    style=\"max-width:100%;\"\n                \/>\n            <\/a>\n        <\/div>\n\t\t\t\t\t\t\t<\/div> \n\t\t\t\n                            \n\t\t\t\t<div id=\"ngg-image-5\" class=\"ngg-gallery-thumbnail-box\" >\n\t\t\t\t        <div class=\"ngg-gallery-thumbnail\">\n            <a href=\"http:\/\/www.freimarianne.ch\/wp-content\/gallery\/hohle-gasse-16-4-21\/IMG_2356.jpeg\"\n               title=\"Blick auf den K\u00fcssnachtersee\"\n               data-src=\"http:\/\/www.freimarianne.ch\/wp-content\/gallery\/hohle-gasse-16-4-21\/IMG_2356.jpeg\"\n               data-thumbnail=\"http:\/\/www.freimarianne.ch\/wp-content\/gallery\/hohle-gasse-16-4-21\/thumbs\/thumbs_IMG_2356.jpeg\"\n               data-image-id=\"25614\"\n               data-title=\"IMG_2356\"\n               data-description=\"Blick auf den K\u00fcssnachtersee\"\n               data-image-slug=\"img_2356-3\"\n               class=\"shutterset_4e1dd3225ec71121841546047c9bf365\">\n                <img\n                    title=\"IMG_2356\"\n                    alt=\"IMG_2356\"\n                    src=\"http:\/\/www.freimarianne.ch\/wp-content\/gallery\/hohle-gasse-16-4-21\/cache\/IMG_2356.jpeg-nggid0525614-ngg0dyn-100x75x100-00f0w010c010r110f110r010t010.jpeg\"\n                    width=\"100\"\n                    height=\"67\"\n                    style=\"max-width:100%;\"\n                \/>\n            <\/a>\n        <\/div>\n\t\t\t\t\t\t\t<\/div> \n\t\t\t\n                            \n\t\t\t\t<div id=\"ngg-image-6\" class=\"ngg-gallery-thumbnail-box\" >\n\t\t\t\t        <div class=\"ngg-gallery-thumbnail\">\n            <a href=\"http:\/\/www.freimarianne.ch\/wp-content\/gallery\/hohle-gasse-16-4-21\/IMG_2365.jpeg\"\n               title=\"Fr\u00fchling, auch wenn es kalt ist\"\n               data-src=\"http:\/\/www.freimarianne.ch\/wp-content\/gallery\/hohle-gasse-16-4-21\/IMG_2365.jpeg\"\n               data-thumbnail=\"http:\/\/www.freimarianne.ch\/wp-content\/gallery\/hohle-gasse-16-4-21\/thumbs\/thumbs_IMG_2365.jpeg\"\n               data-image-id=\"25616\"\n               data-title=\"IMG_2365\"\n               data-description=\"Fr\u00fchling, auch wenn es kalt ist\"\n               data-image-slug=\"img_2365-3\"\n               class=\"shutterset_4e1dd3225ec71121841546047c9bf365\">\n                <img\n                    title=\"IMG_2365\"\n                    alt=\"IMG_2365\"\n                    src=\"http:\/\/www.freimarianne.ch\/wp-content\/gallery\/hohle-gasse-16-4-21\/cache\/IMG_2365.jpeg-nggid0525616-ngg0dyn-100x75x100-00f0w010c010r110f110r010t010.jpeg\"\n                    width=\"100\"\n                    height=\"67\"\n                    style=\"max-width:100%;\"\n                \/>\n            <\/a>\n        <\/div>\n\t\t\t\t\t\t\t<\/div> \n\t\t\t\n                            \n\t\t\t\t<div id=\"ngg-image-7\" class=\"ngg-gallery-thumbnail-box\" >\n\t\t\t\t        <div class=\"ngg-gallery-thumbnail\">\n            <a href=\"http:\/\/www.freimarianne.ch\/wp-content\/gallery\/hohle-gasse-16-4-21\/IMG_2367.jpeg\"\n               title=\"Sicht auf Weggis und B\u00fcrgenstock\"\n               data-src=\"http:\/\/www.freimarianne.ch\/wp-content\/gallery\/hohle-gasse-16-4-21\/IMG_2367.jpeg\"\n               data-thumbnail=\"http:\/\/www.freimarianne.ch\/wp-content\/gallery\/hohle-gasse-16-4-21\/thumbs\/thumbs_IMG_2367.jpeg\"\n               data-image-id=\"25615\"\n               data-title=\"IMG_2367\"\n               data-description=\"Sicht auf Weggis und B\u00fcrgenstock\"\n               data-image-slug=\"img_2367-2\"\n               class=\"shutterset_4e1dd3225ec71121841546047c9bf365\">\n                <img\n                    title=\"IMG_2367\"\n                    alt=\"IMG_2367\"\n                    src=\"http:\/\/www.freimarianne.ch\/wp-content\/gallery\/hohle-gasse-16-4-21\/cache\/IMG_2367.jpeg-nggid0525615-ngg0dyn-100x75x100-00f0w010c010r110f110r010t010.jpeg\"\n                    width=\"100\"\n                    height=\"68\"\n                    style=\"max-width:100%;\"\n                \/>\n            <\/a>\n        <\/div>\n\t\t\t\t\t\t\t<\/div> \n\t\t\t\n                                    <br style=\"clear: both\" \/>\n                    \n\t\t\t\t<div id=\"ngg-image-8\" class=\"ngg-gallery-thumbnail-box\" >\n\t\t\t\t        <div class=\"ngg-gallery-thumbnail\">\n            <a href=\"http:\/\/www.freimarianne.ch\/wp-content\/gallery\/hohle-gasse-16-4-21\/IMG_2369.jpeg\"\n               title=\"Blumenpracht; Vierwaldst\u00e4ttersee\"\n               data-src=\"http:\/\/www.freimarianne.ch\/wp-content\/gallery\/hohle-gasse-16-4-21\/IMG_2369.jpeg\"\n               data-thumbnail=\"http:\/\/www.freimarianne.ch\/wp-content\/gallery\/hohle-gasse-16-4-21\/thumbs\/thumbs_IMG_2369.jpeg\"\n               data-image-id=\"25619\"\n               data-title=\"IMG_2369\"\n               data-description=\"Blumenpracht; Vierwaldst\u00e4ttersee\"\n               data-image-slug=\"img_2369-2\"\n               class=\"shutterset_4e1dd3225ec71121841546047c9bf365\">\n                <img\n                    title=\"IMG_2369\"\n                    alt=\"IMG_2369\"\n                    src=\"http:\/\/www.freimarianne.ch\/wp-content\/gallery\/hohle-gasse-16-4-21\/cache\/IMG_2369.jpeg-nggid0525619-ngg0dyn-100x75x100-00f0w010c010r110f110r010t010.jpeg\"\n                    width=\"100\"\n                    height=\"66\"\n                    style=\"max-width:100%;\"\n                \/>\n            <\/a>\n        <\/div>\n\t\t\t\t\t\t\t<\/div> \n\t\t\t\n                            \n\t\t\t\t<div id=\"ngg-image-9\" class=\"ngg-gallery-thumbnail-box\" >\n\t\t\t\t        <div class=\"ngg-gallery-thumbnail\">\n            <a href=\"http:\/\/www.freimarianne.ch\/wp-content\/gallery\/hohle-gasse-16-4-21\/IMG_2370.jpeg\"\n               title=\"in Weggis\"\n               data-src=\"http:\/\/www.freimarianne.ch\/wp-content\/gallery\/hohle-gasse-16-4-21\/IMG_2370.jpeg\"\n               data-thumbnail=\"http:\/\/www.freimarianne.ch\/wp-content\/gallery\/hohle-gasse-16-4-21\/thumbs\/thumbs_IMG_2370.jpeg\"\n               data-image-id=\"25613\"\n               data-title=\"IMG_2370\"\n               data-description=\"in Weggis\"\n               data-image-slug=\"img_2370-5\"\n               class=\"shutterset_4e1dd3225ec71121841546047c9bf365\">\n                <img\n                    title=\"IMG_2370\"\n                    alt=\"IMG_2370\"\n                    src=\"http:\/\/www.freimarianne.ch\/wp-content\/gallery\/hohle-gasse-16-4-21\/cache\/IMG_2370.jpeg-nggid0525613-ngg0dyn-100x75x100-00f0w010c010r110f110r010t010.jpeg\"\n                    width=\"100\"\n                    height=\"60\"\n                    style=\"max-width:100%;\"\n                \/>\n            <\/a>\n        <\/div>\n\t\t\t\t\t\t\t<\/div> \n\t\t\t\n                            \n\t\t\n\t\t<!-- Pagination -->\n\t<div class='ngg-clear'><\/div>\t<\/div>\n\n","protected":false},"excerpt":{"rendered":"<p>Von K\u00fcssnacht&nbsp; SZ&nbsp; nach Weggis&nbsp; LU Heute laufen wir die Wanderung von n\u00e4chster Woche vor.Wir fahren nach Immensee, Hohle Gasse, wo wir uns im Info Pavillon umschauen. Dann gehen wir durch die Hohle Gasse zur Tellskapelle. Unser Wanderweg ist der Rigilehenweg, der im Auf -und Ab am Abhang der Rigi entlang f\u00fchrt. Auch Hartbelag und [&hellip;]<\/p>\n","protected":false},"author":1,"featured_media":0,"parent":47952,"menu_order":14,"comment_status":"closed","ping_status":"closed","template":"","meta":{"ngg_post_thumbnail":0},"_links":{"self":[{"href":"http:\/\/www.freimarianne.ch\/index.php?rest_route=\/wp\/v2\/pages\/48483"}],"collection":[{"href":"http:\/\/www.freimarianne.ch\/index.php?rest_route=\/wp\/v2\/pages"}],"about":[{"href":"http:\/\/www.freimarianne.ch\/index.php?rest_route=\/wp\/v2\/types\/page"}],"author":[{"embeddable":true,"href":"http:\/\/www.freimarianne.ch\/index.php?rest_route=\/wp\/v2\/users\/1"}],"replies":[{"embeddable":true,"href":"http:\/\/www.freimarianne.ch\/index.php?rest_route=%2Fwp%2Fv2%2Fcomments&post=48483"}],"version-history":[{"count":4,"href":"http:\/\/www.freimarianne.ch\/index.php?rest_route=\/wp\/v2\/pages\/48483\/revisions"}],"predecessor-version":[{"id":48656,"href":"http:\/\/www.freimarianne.ch\/index.php?rest_route=\/wp\/v2\/pages\/48483\/revisions\/48656"}],"up":[{"embeddable":true,"href":"http:\/\/www.freimarianne.ch\/index.php?rest_route=\/wp\/v2\/pages\/47952"}],"wp:attachment":[{"href":"http:\/\/www.freimarianne.ch\/index.php?rest_route=%2Fwp%2Fv2%2Fmedia&parent=48483"}],"curies":[{"name":"wp","href":"https:\/\/api.w.org\/{rel}","templated":true}]}}