{"id":4849,"date":"2013-12-30T09:44:58","date_gmt":"2013-12-30T08:44:58","guid":{"rendered":"http:\/\/www.freimarianne.ch\/?page_id=4849"},"modified":"2013-12-30T10:01:10","modified_gmt":"2013-12-30T09:01:10","slug":"zugerberg-zg-28-12-2013","status":"publish","type":"page","link":"http:\/\/www.freimarianne.ch\/?page_id=4849","title":{"rendered":"Zugerberg, ZG 28.12.2013"},"content":{"rendered":"<p><strong>Winterwanderung<\/strong> oder eher Spaziergang  auf dem Zugerberg.<br \/>\n<img loading=\"lazy\" src=\"http:\/\/www.freimarianne.ch\/wp-content\/uploads\/2013\/12\/IMG_8631_zugerberg13_500.jpg\" alt=\"IMG_8631_zugerberg13_500\" width=\"500\" height=\"333\" class=\"aligncenter size-full wp-image-4845\" srcset=\"http:\/\/www.freimarianne.ch\/wp-content\/uploads\/2013\/12\/IMG_8631_zugerberg13_500.jpg 500w, http:\/\/www.freimarianne.ch\/wp-content\/uploads\/2013\/12\/IMG_8631_zugerberg13_500-300x199.jpg 300w, http:\/\/www.freimarianne.ch\/wp-content\/uploads\/2013\/12\/IMG_8631_zugerberg13_500-450x300.jpg 450w\" sizes=\"(max-width: 500px) 100vw, 500px\" \/><\/a><br \/>\nUnerwartet haben wir recht sch\u00f6nes, meist sonniges Wetter auf unserer Wanderung auf  dem Zugerberg.<br \/>\nWIr wandern von der Bergstation  Zugerberg 925m  auf der Route 4 der Winterwanderwege  \u00fcber den Altenboden, Ewegstafel, Fr\u00fceb\u00fcel zur Kapelle bei Buschench\u00e4ppeli 1021m. Von hier aus gehen wir  \u00fcber Brand und Schw\u00e4ndi zur\u00fcck  zum Unteren Geissboden.<br \/>\nAuf der gewellten Hochebene des Zugerberges haben wir eine pr\u00e4chtige Sicht auf  den WIldspitz, die Rigi und den Pilatus.<br \/>\nWir geniessen diesen sonnigen Tag, indem wir auch zwei Halte auf einem B\u00e4nklein einschalten.<br \/>\nAls Abschluss   des Tages  spazieren wir am Ufer  des Zugersees entlang und bewundern den Sonnenuntergang.<br \/>\n<!-- index.php -->\n<div\n\tclass=\"ngg-galleryoverview ngg-ajax-pagination-none\"\n\tid=\"ngg-gallery-8bc4903a83f799838c9ad79821d66fba-1\">\n\n    \t<div class=\"slideshowlink\">\n        <a href='http:\/\/www.freimarianne.ch\/index.php\/nggallery\/slideshow?page_id=4849'>[Show as slideshow]<\/a>\n\t\t\n\t<\/div>\n\t\t\t<!-- Thumbnails -->\n\t\t\t\t<div id=\"ngg-image-0\" class=\"ngg-gallery-thumbnail-box\" >\n\t\t\t\t        <div class=\"ngg-gallery-thumbnail\">\n            <a href=\"http:\/\/www.freimarianne.ch\/wp-content\/gallery\/zugerberg-28-12-13\/img_8602.jpg\"\n               title=\"\"\n               data-src=\"http:\/\/www.freimarianne.ch\/wp-content\/gallery\/zugerberg-28-12-13\/img_8602.jpg\"\n               data-thumbnail=\"http:\/\/www.freimarianne.ch\/wp-content\/gallery\/zugerberg-28-12-13\/thumbs\/thumbs_img_8602.jpg\"\n               data-image-id=\"7792\"\n               data-title=\"img_8602\"\n               data-description=\"\"\n               data-image-slug=\"img_8602\"\n               class=\"shutterset_8bc4903a83f799838c9ad79821d66fba\">\n                <img\n                    title=\"img_8602\"\n                    alt=\"img_8602\"\n                    src=\"http:\/\/www.freimarianne.ch\/wp-content\/gallery\/zugerberg-28-12-13\/cache\/img_8602.jpg-nggid047792-ngg0dyn-100x75x100-00f0w010c010r110f110r010t010.jpg\"\n                    width=\"100\"\n                    height=\"67\"\n                    style=\"max-width:100%;\"\n                \/>\n            <\/a>\n        <\/div>\n\t\t\t\t\t\t\t<\/div> \n\t\t\t\n                            \n\t\t\t\t<div id=\"ngg-image-1\" class=\"ngg-gallery-thumbnail-box\" >\n\t\t\t\t        <div class=\"ngg-gallery-thumbnail\">\n            <a href=\"http:\/\/www.freimarianne.ch\/wp-content\/gallery\/zugerberg-28-12-13\/img_8606.jpg\"\n               title=\"\"\n               data-src=\"http:\/\/www.freimarianne.ch\/wp-content\/gallery\/zugerberg-28-12-13\/img_8606.jpg\"\n               data-thumbnail=\"http:\/\/www.freimarianne.ch\/wp-content\/gallery\/zugerberg-28-12-13\/thumbs\/thumbs_img_8606.jpg\"\n               data-image-id=\"7793\"\n               data-title=\"img_8606\"\n               data-description=\"\"\n               data-image-slug=\"img_8606-2\"\n               class=\"shutterset_8bc4903a83f799838c9ad79821d66fba\">\n                <img\n                    title=\"img_8606\"\n                    alt=\"img_8606\"\n                    src=\"http:\/\/www.freimarianne.ch\/wp-content\/gallery\/zugerberg-28-12-13\/cache\/img_8606.jpg-nggid047793-ngg0dyn-100x75x100-00f0w010c010r110f110r010t010.jpg\"\n                    width=\"100\"\n                    height=\"67\"\n                    style=\"max-width:100%;\"\n                \/>\n            <\/a>\n        <\/div>\n\t\t\t\t\t\t\t<\/div> \n\t\t\t\n                            \n\t\t\t\t<div id=\"ngg-image-2\" class=\"ngg-gallery-thumbnail-box\" >\n\t\t\t\t        <div class=\"ngg-gallery-thumbnail\">\n            <a href=\"http:\/\/www.freimarianne.ch\/wp-content\/gallery\/zugerberg-28-12-13\/img_8612.jpg\"\n               title=\"\"\n               data-src=\"http:\/\/www.freimarianne.ch\/wp-content\/gallery\/zugerberg-28-12-13\/img_8612.jpg\"\n               data-thumbnail=\"http:\/\/www.freimarianne.ch\/wp-content\/gallery\/zugerberg-28-12-13\/thumbs\/thumbs_img_8612.jpg\"\n               data-image-id=\"7794\"\n               data-title=\"img_8612\"\n               data-description=\"\"\n               data-image-slug=\"img_8612\"\n               class=\"shutterset_8bc4903a83f799838c9ad79821d66fba\">\n                <img\n                    title=\"img_8612\"\n                    alt=\"img_8612\"\n                    src=\"http:\/\/www.freimarianne.ch\/wp-content\/gallery\/zugerberg-28-12-13\/cache\/img_8612.jpg-nggid047794-ngg0dyn-100x75x100-00f0w010c010r110f110r010t010.jpg\"\n                    width=\"100\"\n                    height=\"67\"\n                    style=\"max-width:100%;\"\n                \/>\n            <\/a>\n        <\/div>\n\t\t\t\t\t\t\t<\/div> \n\t\t\t\n                            \n\t\t\t\t<div id=\"ngg-image-3\" class=\"ngg-gallery-thumbnail-box\" >\n\t\t\t\t        <div class=\"ngg-gallery-thumbnail\">\n            <a href=\"http:\/\/www.freimarianne.ch\/wp-content\/gallery\/zugerberg-28-12-13\/img_8619.jpg\"\n               title=\"\"\n               data-src=\"http:\/\/www.freimarianne.ch\/wp-content\/gallery\/zugerberg-28-12-13\/img_8619.jpg\"\n               data-thumbnail=\"http:\/\/www.freimarianne.ch\/wp-content\/gallery\/zugerberg-28-12-13\/thumbs\/thumbs_img_8619.jpg\"\n               data-image-id=\"7795\"\n               data-title=\"img_8619\"\n               data-description=\"\"\n               data-image-slug=\"img_8619-2\"\n               class=\"shutterset_8bc4903a83f799838c9ad79821d66fba\">\n                <img\n                    title=\"img_8619\"\n                    alt=\"img_8619\"\n                    src=\"http:\/\/www.freimarianne.ch\/wp-content\/gallery\/zugerberg-28-12-13\/cache\/img_8619.jpg-nggid047795-ngg0dyn-100x75x100-00f0w010c010r110f110r010t010.jpg\"\n                    width=\"100\"\n                    height=\"67\"\n                    style=\"max-width:100%;\"\n                \/>\n            <\/a>\n        <\/div>\n\t\t\t\t\t\t\t<\/div> \n\t\t\t\n                                    <br style=\"clear: both\" \/>\n                    \n\t\t\t\t<div id=\"ngg-image-4\" class=\"ngg-gallery-thumbnail-box\" >\n\t\t\t\t        <div class=\"ngg-gallery-thumbnail\">\n            <a href=\"http:\/\/www.freimarianne.ch\/wp-content\/gallery\/zugerberg-28-12-13\/img_8620.jpg\"\n               title=\"\"\n               data-src=\"http:\/\/www.freimarianne.ch\/wp-content\/gallery\/zugerberg-28-12-13\/img_8620.jpg\"\n               data-thumbnail=\"http:\/\/www.freimarianne.ch\/wp-content\/gallery\/zugerberg-28-12-13\/thumbs\/thumbs_img_8620.jpg\"\n               data-image-id=\"7796\"\n               data-title=\"img_8620\"\n               data-description=\"\"\n               data-image-slug=\"img_8620\"\n               class=\"shutterset_8bc4903a83f799838c9ad79821d66fba\">\n                <img\n                    title=\"img_8620\"\n                    alt=\"img_8620\"\n                    src=\"http:\/\/www.freimarianne.ch\/wp-content\/gallery\/zugerberg-28-12-13\/cache\/img_8620.jpg-nggid047796-ngg0dyn-100x75x100-00f0w010c010r110f110r010t010.jpg\"\n                    width=\"100\"\n                    height=\"67\"\n                    style=\"max-width:100%;\"\n                \/>\n            <\/a>\n        <\/div>\n\t\t\t\t\t\t\t<\/div> \n\t\t\t\n                            \n\t\t\t\t<div id=\"ngg-image-5\" class=\"ngg-gallery-thumbnail-box\" >\n\t\t\t\t        <div class=\"ngg-gallery-thumbnail\">\n            <a href=\"http:\/\/www.freimarianne.ch\/wp-content\/gallery\/zugerberg-28-12-13\/img_8622.jpg\"\n               title=\"\"\n               data-src=\"http:\/\/www.freimarianne.ch\/wp-content\/gallery\/zugerberg-28-12-13\/img_8622.jpg\"\n               data-thumbnail=\"http:\/\/www.freimarianne.ch\/wp-content\/gallery\/zugerberg-28-12-13\/thumbs\/thumbs_img_8622.jpg\"\n               data-image-id=\"7797\"\n               data-title=\"img_8622\"\n               data-description=\"\"\n               data-image-slug=\"img_8622-3\"\n               class=\"shutterset_8bc4903a83f799838c9ad79821d66fba\">\n                <img\n                    title=\"img_8622\"\n                    alt=\"img_8622\"\n                    src=\"http:\/\/www.freimarianne.ch\/wp-content\/gallery\/zugerberg-28-12-13\/cache\/img_8622.jpg-nggid047797-ngg0dyn-100x75x100-00f0w010c010r110f110r010t010.jpg\"\n                    width=\"100\"\n                    height=\"66\"\n                    style=\"max-width:100%;\"\n                \/>\n            <\/a>\n        <\/div>\n\t\t\t\t\t\t\t<\/div> \n\t\t\t\n                            \n\t\t\t\t<div id=\"ngg-image-6\" class=\"ngg-gallery-thumbnail-box\" >\n\t\t\t\t        <div class=\"ngg-gallery-thumbnail\">\n            <a href=\"http:\/\/www.freimarianne.ch\/wp-content\/gallery\/zugerberg-28-12-13\/img_8623.jpg\"\n               title=\"\"\n               data-src=\"http:\/\/www.freimarianne.ch\/wp-content\/gallery\/zugerberg-28-12-13\/img_8623.jpg\"\n               data-thumbnail=\"http:\/\/www.freimarianne.ch\/wp-content\/gallery\/zugerberg-28-12-13\/thumbs\/thumbs_img_8623.jpg\"\n               data-image-id=\"7798\"\n               data-title=\"img_8623\"\n               data-description=\"\"\n               data-image-slug=\"img_8623\"\n               class=\"shutterset_8bc4903a83f799838c9ad79821d66fba\">\n                <img\n                    title=\"img_8623\"\n                    alt=\"img_8623\"\n                    src=\"http:\/\/www.freimarianne.ch\/wp-content\/gallery\/zugerberg-28-12-13\/cache\/img_8623.jpg-nggid047798-ngg0dyn-100x75x100-00f0w010c010r110f110r010t010.jpg\"\n                    width=\"100\"\n                    height=\"67\"\n                    style=\"max-width:100%;\"\n                \/>\n            <\/a>\n        <\/div>\n\t\t\t\t\t\t\t<\/div> \n\t\t\t\n                            \n\t\t\t\t<div id=\"ngg-image-7\" class=\"ngg-gallery-thumbnail-box\" >\n\t\t\t\t        <div class=\"ngg-gallery-thumbnail\">\n            <a href=\"http:\/\/www.freimarianne.ch\/wp-content\/gallery\/zugerberg-28-12-13\/img_8625.jpg\"\n               title=\"\"\n               data-src=\"http:\/\/www.freimarianne.ch\/wp-content\/gallery\/zugerberg-28-12-13\/img_8625.jpg\"\n               data-thumbnail=\"http:\/\/www.freimarianne.ch\/wp-content\/gallery\/zugerberg-28-12-13\/thumbs\/thumbs_img_8625.jpg\"\n               data-image-id=\"7799\"\n               data-title=\"img_8625\"\n               data-description=\"\"\n               data-image-slug=\"img_8625-2\"\n               class=\"shutterset_8bc4903a83f799838c9ad79821d66fba\">\n                <img\n                    title=\"img_8625\"\n                    alt=\"img_8625\"\n                    src=\"http:\/\/www.freimarianne.ch\/wp-content\/gallery\/zugerberg-28-12-13\/cache\/img_8625.jpg-nggid047799-ngg0dyn-100x75x100-00f0w010c010r110f110r010t010.jpg\"\n                    width=\"100\"\n                    height=\"67\"\n                    style=\"max-width:100%;\"\n                \/>\n            <\/a>\n        <\/div>\n\t\t\t\t\t\t\t<\/div> \n\t\t\t\n                                    <br style=\"clear: both\" \/>\n                    \n\t\t\t\t<div id=\"ngg-image-8\" class=\"ngg-gallery-thumbnail-box\" >\n\t\t\t\t        <div class=\"ngg-gallery-thumbnail\">\n            <a href=\"http:\/\/www.freimarianne.ch\/wp-content\/gallery\/zugerberg-28-12-13\/img_8626.jpg\"\n               title=\"\"\n               data-src=\"http:\/\/www.freimarianne.ch\/wp-content\/gallery\/zugerberg-28-12-13\/img_8626.jpg\"\n               data-thumbnail=\"http:\/\/www.freimarianne.ch\/wp-content\/gallery\/zugerberg-28-12-13\/thumbs\/thumbs_img_8626.jpg\"\n               data-image-id=\"7800\"\n               data-title=\"img_8626\"\n               data-description=\"\"\n               data-image-slug=\"img_8626-2\"\n               class=\"shutterset_8bc4903a83f799838c9ad79821d66fba\">\n                <img\n                    title=\"img_8626\"\n                    alt=\"img_8626\"\n                    src=\"http:\/\/www.freimarianne.ch\/wp-content\/gallery\/zugerberg-28-12-13\/cache\/img_8626.jpg-nggid047800-ngg0dyn-100x75x100-00f0w010c010r110f110r010t010.jpg\"\n                    width=\"100\"\n                    height=\"67\"\n                    style=\"max-width:100%;\"\n                \/>\n            <\/a>\n        <\/div>\n\t\t\t\t\t\t\t<\/div> \n\t\t\t\n                            \n\t\t\t\t<div id=\"ngg-image-9\" class=\"ngg-gallery-thumbnail-box\" >\n\t\t\t\t        <div class=\"ngg-gallery-thumbnail\">\n            <a href=\"http:\/\/www.freimarianne.ch\/wp-content\/gallery\/zugerberg-28-12-13\/img_8629_01.jpg\"\n               title=\"\"\n               data-src=\"http:\/\/www.freimarianne.ch\/wp-content\/gallery\/zugerberg-28-12-13\/img_8629_01.jpg\"\n               data-thumbnail=\"http:\/\/www.freimarianne.ch\/wp-content\/gallery\/zugerberg-28-12-13\/thumbs\/thumbs_img_8629_01.jpg\"\n               data-image-id=\"7801\"\n               data-title=\"img_8629_01\"\n               data-description=\"\"\n               data-image-slug=\"img_8629_01\"\n               class=\"shutterset_8bc4903a83f799838c9ad79821d66fba\">\n                <img\n                    title=\"img_8629_01\"\n                    alt=\"img_8629_01\"\n                    src=\"http:\/\/www.freimarianne.ch\/wp-content\/gallery\/zugerberg-28-12-13\/cache\/img_8629_01.jpg-nggid047801-ngg0dyn-100x75x100-00f0w010c010r110f110r010t010.jpg\"\n                    width=\"100\"\n                    height=\"43\"\n                    style=\"max-width:100%;\"\n                \/>\n            <\/a>\n        <\/div>\n\t\t\t\t\t\t\t<\/div> \n\t\t\t\n                            \n\t\t\t\t<div id=\"ngg-image-10\" class=\"ngg-gallery-thumbnail-box\" >\n\t\t\t\t        <div class=\"ngg-gallery-thumbnail\">\n            <a href=\"http:\/\/www.freimarianne.ch\/wp-content\/gallery\/zugerberg-28-12-13\/img_8632.jpg\"\n               title=\"\"\n               data-src=\"http:\/\/www.freimarianne.ch\/wp-content\/gallery\/zugerberg-28-12-13\/img_8632.jpg\"\n               data-thumbnail=\"http:\/\/www.freimarianne.ch\/wp-content\/gallery\/zugerberg-28-12-13\/thumbs\/thumbs_img_8632.jpg\"\n               data-image-id=\"7802\"\n               data-title=\"img_8632\"\n               data-description=\"\"\n               data-image-slug=\"img_8632\"\n               class=\"shutterset_8bc4903a83f799838c9ad79821d66fba\">\n                <img\n                    title=\"img_8632\"\n                    alt=\"img_8632\"\n                    src=\"http:\/\/www.freimarianne.ch\/wp-content\/gallery\/zugerberg-28-12-13\/cache\/img_8632.jpg-nggid047802-ngg0dyn-100x75x100-00f0w010c010r110f110r010t010.jpg\"\n                    width=\"100\"\n                    height=\"67\"\n                    style=\"max-width:100%;\"\n                \/>\n            <\/a>\n        <\/div>\n\t\t\t\t\t\t\t<\/div> \n\t\t\t\n                            \n\t\t\t\t<div id=\"ngg-image-11\" class=\"ngg-gallery-thumbnail-box\" >\n\t\t\t\t        <div class=\"ngg-gallery-thumbnail\">\n            <a href=\"http:\/\/www.freimarianne.ch\/wp-content\/gallery\/zugerberg-28-12-13\/img_8635.jpg\"\n               title=\"\"\n               data-src=\"http:\/\/www.freimarianne.ch\/wp-content\/gallery\/zugerberg-28-12-13\/img_8635.jpg\"\n               data-thumbnail=\"http:\/\/www.freimarianne.ch\/wp-content\/gallery\/zugerberg-28-12-13\/thumbs\/thumbs_img_8635.jpg\"\n               data-image-id=\"7803\"\n               data-title=\"img_8635\"\n               data-description=\"\"\n               data-image-slug=\"img_8635-2\"\n               class=\"shutterset_8bc4903a83f799838c9ad79821d66fba\">\n                <img\n                    title=\"img_8635\"\n                    alt=\"img_8635\"\n                    src=\"http:\/\/www.freimarianne.ch\/wp-content\/gallery\/zugerberg-28-12-13\/cache\/img_8635.jpg-nggid047803-ngg0dyn-100x75x100-00f0w010c010r110f110r010t010.jpg\"\n                    width=\"100\"\n                    height=\"67\"\n                    style=\"max-width:100%;\"\n                \/>\n            <\/a>\n        <\/div>\n\t\t\t\t\t\t\t<\/div> \n\t\t\t\n                                    <br style=\"clear: both\" \/>\n                    \n\t\t\t\t<div id=\"ngg-image-12\" class=\"ngg-gallery-thumbnail-box\" >\n\t\t\t\t        <div class=\"ngg-gallery-thumbnail\">\n            <a href=\"http:\/\/www.freimarianne.ch\/wp-content\/gallery\/zugerberg-28-12-13\/img_8637.jpg\"\n               title=\"\"\n               data-src=\"http:\/\/www.freimarianne.ch\/wp-content\/gallery\/zugerberg-28-12-13\/img_8637.jpg\"\n               data-thumbnail=\"http:\/\/www.freimarianne.ch\/wp-content\/gallery\/zugerberg-28-12-13\/thumbs\/thumbs_img_8637.jpg\"\n               data-image-id=\"7804\"\n               data-title=\"img_8637\"\n               data-description=\"\"\n               data-image-slug=\"img_8637-2\"\n               class=\"shutterset_8bc4903a83f799838c9ad79821d66fba\">\n                <img\n                    title=\"img_8637\"\n                    alt=\"img_8637\"\n                    src=\"http:\/\/www.freimarianne.ch\/wp-content\/gallery\/zugerberg-28-12-13\/cache\/img_8637.jpg-nggid047804-ngg0dyn-100x75x100-00f0w010c010r110f110r010t010.jpg\"\n                    width=\"100\"\n                    height=\"67\"\n                    style=\"max-width:100%;\"\n                \/>\n            <\/a>\n        <\/div>\n\t\t\t\t\t\t\t<\/div> \n\t\t\t\n                            \n\t\t\t\t<div id=\"ngg-image-13\" class=\"ngg-gallery-thumbnail-box\" >\n\t\t\t\t        <div class=\"ngg-gallery-thumbnail\">\n            <a href=\"http:\/\/www.freimarianne.ch\/wp-content\/gallery\/zugerberg-28-12-13\/img_8642.jpg\"\n               title=\"\"\n               data-src=\"http:\/\/www.freimarianne.ch\/wp-content\/gallery\/zugerberg-28-12-13\/img_8642.jpg\"\n               data-thumbnail=\"http:\/\/www.freimarianne.ch\/wp-content\/gallery\/zugerberg-28-12-13\/thumbs\/thumbs_img_8642.jpg\"\n               data-image-id=\"7805\"\n               data-title=\"img_8642\"\n               data-description=\"\"\n               data-image-slug=\"img_8642\"\n               class=\"shutterset_8bc4903a83f799838c9ad79821d66fba\">\n                <img\n                    title=\"img_8642\"\n                    alt=\"img_8642\"\n                    src=\"http:\/\/www.freimarianne.ch\/wp-content\/gallery\/zugerberg-28-12-13\/cache\/img_8642.jpg-nggid047805-ngg0dyn-100x75x100-00f0w010c010r110f110r010t010.jpg\"\n                    width=\"100\"\n                    height=\"67\"\n                    style=\"max-width:100%;\"\n                \/>\n            <\/a>\n        <\/div>\n\t\t\t\t\t\t\t<\/div> \n\t\t\t\n                            \n\t\t\t\t<div id=\"ngg-image-14\" class=\"ngg-gallery-thumbnail-box\" >\n\t\t\t\t        <div class=\"ngg-gallery-thumbnail\">\n            <a href=\"http:\/\/www.freimarianne.ch\/wp-content\/gallery\/zugerberg-28-12-13\/img_8650.jpg\"\n               title=\"\"\n               data-src=\"http:\/\/www.freimarianne.ch\/wp-content\/gallery\/zugerberg-28-12-13\/img_8650.jpg\"\n               data-thumbnail=\"http:\/\/www.freimarianne.ch\/wp-content\/gallery\/zugerberg-28-12-13\/thumbs\/thumbs_img_8650.jpg\"\n               data-image-id=\"7806\"\n               data-title=\"img_8650\"\n               data-description=\"\"\n               data-image-slug=\"img_8650-2\"\n               class=\"shutterset_8bc4903a83f799838c9ad79821d66fba\">\n                <img\n                    title=\"img_8650\"\n                    alt=\"img_8650\"\n                    src=\"http:\/\/www.freimarianne.ch\/wp-content\/gallery\/zugerberg-28-12-13\/cache\/img_8650.jpg-nggid047806-ngg0dyn-100x75x100-00f0w010c010r110f110r010t010.jpg\"\n                    width=\"100\"\n                    height=\"65\"\n                    style=\"max-width:100%;\"\n                \/>\n            <\/a>\n        <\/div>\n\t\t\t\t\t\t\t<\/div> \n\t\t\t\n                            \n\t\t\t\t<div id=\"ngg-image-15\" class=\"ngg-gallery-thumbnail-box\" >\n\t\t\t\t        <div class=\"ngg-gallery-thumbnail\">\n            <a href=\"http:\/\/www.freimarianne.ch\/wp-content\/gallery\/zugerberg-28-12-13\/img_8652.jpg\"\n               title=\"\"\n               data-src=\"http:\/\/www.freimarianne.ch\/wp-content\/gallery\/zugerberg-28-12-13\/img_8652.jpg\"\n               data-thumbnail=\"http:\/\/www.freimarianne.ch\/wp-content\/gallery\/zugerberg-28-12-13\/thumbs\/thumbs_img_8652.jpg\"\n               data-image-id=\"7807\"\n               data-title=\"img_8652\"\n               data-description=\"\"\n               data-image-slug=\"img_8652-2\"\n               class=\"shutterset_8bc4903a83f799838c9ad79821d66fba\">\n                <img\n                    title=\"img_8652\"\n                    alt=\"img_8652\"\n                    src=\"http:\/\/www.freimarianne.ch\/wp-content\/gallery\/zugerberg-28-12-13\/cache\/img_8652.jpg-nggid047807-ngg0dyn-100x75x100-00f0w010c010r110f110r010t010.jpg\"\n                    width=\"100\"\n                    height=\"67\"\n                    style=\"max-width:100%;\"\n                \/>\n            <\/a>\n        <\/div>\n\t\t\t\t\t\t\t<\/div> \n\t\t\t\n                                    <br style=\"clear: both\" \/>\n                    \n\t\t\n\t\t<!-- Pagination -->\n\t<div class='ngg-clear'><\/div>\t<\/div>\n<\/p>\n","protected":false},"excerpt":{"rendered":"<p>Winterwanderung oder eher Spaziergang auf dem Zugerberg. Unerwartet haben wir recht sch\u00f6nes, meist sonniges Wetter auf unserer Wanderung auf dem Zugerberg. WIr wandern von der Bergstation Zugerberg 925m auf der Route 4 der Winterwanderwege \u00fcber den Altenboden, Ewegstafel, Fr\u00fceb\u00fcel zur Kapelle bei Buschench\u00e4ppeli 1021m. Von hier aus gehen wir \u00fcber Brand und Schw\u00e4ndi zur\u00fcck zum [&hellip;]<\/p>\n","protected":false},"author":1,"featured_media":0,"parent":3491,"menu_order":23,"comment_status":"closed","ping_status":"closed","template":"","meta":{"ngg_post_thumbnail":0},"_links":{"self":[{"href":"http:\/\/www.freimarianne.ch\/index.php?rest_route=\/wp\/v2\/pages\/4849"}],"collection":[{"href":"http:\/\/www.freimarianne.ch\/index.php?rest_route=\/wp\/v2\/pages"}],"about":[{"href":"http:\/\/www.freimarianne.ch\/index.php?rest_route=\/wp\/v2\/types\/page"}],"author":[{"embeddable":true,"href":"http:\/\/www.freimarianne.ch\/index.php?rest_route=\/wp\/v2\/users\/1"}],"replies":[{"embeddable":true,"href":"http:\/\/www.freimarianne.ch\/index.php?rest_route=%2Fwp%2Fv2%2Fcomments&post=4849"}],"version-history":[{"count":3,"href":"http:\/\/www.freimarianne.ch\/index.php?rest_route=\/wp\/v2\/pages\/4849\/revisions"}],"predecessor-version":[{"id":4853,"href":"http:\/\/www.freimarianne.ch\/index.php?rest_route=\/wp\/v2\/pages\/4849\/revisions\/4853"}],"up":[{"embeddable":true,"href":"http:\/\/www.freimarianne.ch\/index.php?rest_route=\/wp\/v2\/pages\/3491"}],"wp:attachment":[{"href":"http:\/\/www.freimarianne.ch\/index.php?rest_route=%2Fwp%2Fv2%2Fmedia&parent=4849"}],"curies":[{"name":"wp","href":"https:\/\/api.w.org\/{rel}","templated":true}]}}