{"id":4954,"date":"2014-02-10T10:52:43","date_gmt":"2014-02-10T09:52:43","guid":{"rendered":"http:\/\/www.freimarianne.ch\/?page_id=4954"},"modified":"2014-02-11T11:09:16","modified_gmt":"2014-02-11T10:09:16","slug":"val-mustair-7-2-2014","status":"publish","type":"page","link":"http:\/\/www.freimarianne.ch\/?page_id=4954","title":{"rendered":"Val M\u00fcstair 7.2.2014"},"content":{"rendered":"<p><strong>Kloster Sankt Johann in M\u00fcstair<\/strong><br \/>\nHeute morgen  fahren wir hinunter nach M\u00fcstair, um das Kloster Sankt Johann, das zum Unesco Welterbe z\u00e4hlt, zu besichtigen.Wir haben eine &#8220;kalte&#8221; aber sehr interessante F\u00fchrung (die Geb\u00e4ude werden nicht beheizt)  durch die Kirche und einen Teil des Klosters. Am Schluss k\u00f6nnen wir uns an einer Tasse heissen Tee aufw\u00e4rmen.<br \/>\nNach einem Restaurantbesuch besteigen wir dann das Postauto und wir fahren im Schneetreiben  \u00fcber den Ofenpass nach Zernez. Von dort aus geht es weiter mit dem Zug  nach Sagliains, Klosters, Landquart nach Basel.<br \/>\nDies war eine sch\u00f6ne Tourenwoche mit vielen Eindr\u00fccken.<br \/>\nDie Menge Schnee war \u00fcberw\u00e4ltigend f\u00fcr uns St\u00e4dter. Der Sonnentag am Donnerstag , der uns auf den Munt Buffalora f\u00fchrte war der kr\u00f6nende Abschluss dieser Woche. Diese Tour war ein grosses Erlebnis.<br \/>\nHerzlichen Dank an die Organisatorin und an unseren F\u00fchrer.<br \/>\n[slideshow_deploy id=&#8217;4961&#8217;&#093;<\/p>\n","protected":false},"excerpt":{"rendered":"<p>Kloster Sankt Johann in M\u00fcstair Heute morgen fahren wir hinunter nach M\u00fcstair, um das Kloster Sankt Johann, das zum Unesco Welterbe z\u00e4hlt, zu besichtigen.Wir haben eine &#8220;kalte&#8221; aber sehr interessante F\u00fchrung (die Geb\u00e4ude werden nicht beheizt) durch die Kirche und einen Teil des Klosters. Am Schluss k\u00f6nnen wir uns an einer Tasse heissen Tee aufw\u00e4rmen. [&hellip;]<\/p>\n","protected":false},"author":1,"featured_media":0,"parent":4932,"menu_order":6,"comment_status":"closed","ping_status":"closed","template":"","meta":{"ngg_post_thumbnail":0},"_links":{"self":[{"href":"http:\/\/www.freimarianne.ch\/index.php?rest_route=\/wp\/v2\/pages\/4954"}],"collection":[{"href":"http:\/\/www.freimarianne.ch\/index.php?rest_route=\/wp\/v2\/pages"}],"about":[{"href":"http:\/\/www.freimarianne.ch\/index.php?rest_route=\/wp\/v2\/types\/page"}],"author":[{"embeddable":true,"href":"http:\/\/www.freimarianne.ch\/index.php?rest_route=\/wp\/v2\/users\/1"}],"replies":[{"embeddable":true,"href":"http:\/\/www.freimarianne.ch\/index.php?rest_route=%2Fwp%2Fv2%2Fcomments&post=4954"}],"version-history":[{"count":4,"href":"http:\/\/www.freimarianne.ch\/index.php?rest_route=\/wp\/v2\/pages\/4954\/revisions"}],"predecessor-version":[{"id":5000,"href":"http:\/\/www.freimarianne.ch\/index.php?rest_route=\/wp\/v2\/pages\/4954\/revisions\/5000"}],"up":[{"embeddable":true,"href":"http:\/\/www.freimarianne.ch\/index.php?rest_route=\/wp\/v2\/pages\/4932"}],"wp:attachment":[{"href":"http:\/\/www.freimarianne.ch\/index.php?rest_route=%2Fwp%2Fv2%2Fmedia&parent=4954"}],"curies":[{"name":"wp","href":"https:\/\/api.w.org\/{rel}","templated":true}]}}