{"id":5005,"date":"2014-02-25T09:59:38","date_gmt":"2014-02-25T08:59:38","guid":{"rendered":"http:\/\/www.freimarianne.ch\/?page_id=5005"},"modified":"2014-02-25T10:31:30","modified_gmt":"2014-02-25T09:31:30","slug":"tete-de-ran-ne-18-2-2014","status":"publish","type":"page","link":"http:\/\/www.freimarianne.ch\/?page_id=5005","title":{"rendered":"T\u00eate de Ran , NE  18.2.2014"},"content":{"rendered":"<p><strong>Schneeschuhwanderung<\/strong> von les Hauts-Geneveys auf den T\u00eate de Ran &#8211; Vue des Alpes und wieder  hinunter nach les Hauts-Geneveys<br \/>\n[slideshow_deploy id=&#8217;5014&#8217;&#093;<br \/>\nWir folgen oberhalb les Hauts-Geneveys 970m  dem ausgeschilderten Schneeschuhpfad, der uns in einem weiten Bogen nach  La Baume bringt. Von dort gehts es  dann links hinauf zum T\u00eate de Ran 1329m. Wir wandern  \u00fcber den Gratweg zum Pass Vue des Alpes 1269m und von dort  auf dem Weg \u00fcber la Grognerie und la Baume wieder hinunter nach les Hauts-Geneveys 970m.<br \/>\nTotal:<br \/>\nDistanz: 10.5km; Aufstieg: 533m; Abstieg; 532m; Marschzeit:  3.17 h<br \/>\nDauer mit Schneeschuhen ca. 4 h  <\/p>\n","protected":false},"excerpt":{"rendered":"<p>Schneeschuhwanderung von les Hauts-Geneveys auf den T\u00eate de Ran &#8211; Vue des Alpes und wieder hinunter nach les Hauts-Geneveys Wir folgen oberhalb les Hauts-Geneveys 970m dem ausgeschilderten Schneeschuhpfad, der uns in einem weiten Bogen nach La Baume bringt. Von dort gehts es dann links hinauf zum T\u00eate de Ran 1329m. Wir wandern \u00fcber den Gratweg [&hellip;]<\/p>\n","protected":false},"author":1,"featured_media":0,"parent":4769,"menu_order":7,"comment_status":"closed","ping_status":"closed","template":"","meta":{"ngg_post_thumbnail":0},"_links":{"self":[{"href":"http:\/\/www.freimarianne.ch\/index.php?rest_route=\/wp\/v2\/pages\/5005"}],"collection":[{"href":"http:\/\/www.freimarianne.ch\/index.php?rest_route=\/wp\/v2\/pages"}],"about":[{"href":"http:\/\/www.freimarianne.ch\/index.php?rest_route=\/wp\/v2\/types\/page"}],"author":[{"embeddable":true,"href":"http:\/\/www.freimarianne.ch\/index.php?rest_route=\/wp\/v2\/users\/1"}],"replies":[{"embeddable":true,"href":"http:\/\/www.freimarianne.ch\/index.php?rest_route=%2Fwp%2Fv2%2Fcomments&post=5005"}],"version-history":[{"count":4,"href":"http:\/\/www.freimarianne.ch\/index.php?rest_route=\/wp\/v2\/pages\/5005\/revisions"}],"predecessor-version":[{"id":5021,"href":"http:\/\/www.freimarianne.ch\/index.php?rest_route=\/wp\/v2\/pages\/5005\/revisions\/5021"}],"up":[{"embeddable":true,"href":"http:\/\/www.freimarianne.ch\/index.php?rest_route=\/wp\/v2\/pages\/4769"}],"wp:attachment":[{"href":"http:\/\/www.freimarianne.ch\/index.php?rest_route=%2Fwp%2Fv2%2Fmedia&parent=5005"}],"curies":[{"name":"wp","href":"https:\/\/api.w.org\/{rel}","templated":true}]}}