{"id":5026,"date":"2014-02-25T10:38:59","date_gmt":"2014-02-25T09:38:59","guid":{"rendered":"http:\/\/www.freimarianne.ch\/?page_id=5026"},"modified":"2015-01-03T09:38:20","modified_gmt":"2015-01-03T08:38:20","slug":"les-breuleux-tramelan-23-2-2014","status":"publish","type":"page","link":"http:\/\/www.freimarianne.ch\/?page_id=5026","title":{"rendered":"Les Breuleux &#8211; Tramelan  23.2.2014"},"content":{"rendered":"<p><strong>Schneeschuhwanderung<\/strong> von les Breuleux auf den Mont Crosin und nach Tramelan.<br \/>\nEine Tour mit dem Novartis Berg &amp; Ski Club.<br \/>\n<img loading=\"lazy\" class=\"aligncenter size-full wp-image-5010\" src=\"http:\/\/www.freimarianne.ch\/wp-content\/uploads\/2014\/02\/IMG_1379_breueleux_500.jpg\" alt=\"IMG_1379_breueleux_500\" width=\"500\" height=\"327\" srcset=\"http:\/\/www.freimarianne.ch\/wp-content\/uploads\/2014\/02\/IMG_1379_breueleux_500.jpg 500w, http:\/\/www.freimarianne.ch\/wp-content\/uploads\/2014\/02\/IMG_1379_breueleux_500-300x196.jpg 300w, http:\/\/www.freimarianne.ch\/wp-content\/uploads\/2014\/02\/IMG_1379_breueleux_500-458x300.jpg 458w\" sizes=\"(max-width: 500px) 100vw, 500px\" \/><br \/>\nWir wandern von les Breuleux, wo wir gleich unsere Schneeschuhe anziehen k\u00f6nnen nach les Envers und von dort teils den rosa Wegweisern folgend hinauf auf die Hochebene des Mont Crosin, wo das Windkraftwerk mit seinen vielen Windturbinen steht. Nach einer Rast wandern wir &#8211; oft in einer eigenen Spur- weiter zum Pass Mont Crosin und dann \u00fcber die Hochebene, wo auch die Loipe verl\u00e4uft. Wir kehren im Naturfreundehaus ein, um eine Suppe zu essen. Dies ist eine sp\u00e4te Mittagspause, die wir geniessen. Mit frischem Elan laufen wir nachher weiter nach Ch\u00e2let neuf und Bise de Cort\u00e9bert. Von dort geht es hinunter nach Tramelan, wo wir den Zug um 17.00 erwischen.<br \/>\nDies war eine sehr sch\u00f6ne Tour. Wir waren positiv \u00fcberrascht von der Schneemenge und dem Sonnenschein.<br \/>\nNach Swissmap:<br \/>\nDistanz: 14.1km; Gesamtaufstieg: 428m; Gesamtabstieg: 551m; Marschzeit: 3.48 h<\/p>\n<p><!-- index.php -->\n<div\n\tclass=\"ngg-galleryoverview ngg-ajax-pagination-none\"\n\tid=\"ngg-gallery-8710-1\">\n\n    \t<div class=\"slideshowlink\">\n        <a href='http:\/\/www.freimarianne.ch\/index.php\/nggallery\/slideshow?page_id=5026'>[Show as slideshow]<\/a>\n\t\t\n\t<\/div>\n\t\t\t<!-- Thumbnails -->\n\t\t\t\t<div id=\"ngg-image-0\" class=\"ngg-gallery-thumbnail-box\" >\n\t\t\t\t        <div class=\"ngg-gallery-thumbnail\">\n            <a href=\"http:\/\/www.freimarianne.ch\/wp-content\/gallery\/les-breuleux-23-2-14\/img_1358.jpg\"\n               title=\"\"\n               data-src=\"http:\/\/www.freimarianne.ch\/wp-content\/gallery\/les-breuleux-23-2-14\/img_1358.jpg\"\n               data-thumbnail=\"http:\/\/www.freimarianne.ch\/wp-content\/gallery\/les-breuleux-23-2-14\/thumbs\/thumbs_img_1358.jpg\"\n               data-image-id=\"8035\"\n               data-title=\"img_1358\"\n               data-description=\"\"\n               data-image-slug=\"img_1358\"\n               class=\"shutterset_8710\">\n                <img\n                    title=\"img_1358\"\n                    alt=\"img_1358\"\n                    src=\"http:\/\/www.freimarianne.ch\/wp-content\/gallery\/les-breuleux-23-2-14\/thumbs\/thumbs_img_1358.jpg\"\n                    width=\"100\"\n                    height=\"75\"\n                    style=\"max-width:100%;\"\n                \/>\n            <\/a>\n        <\/div>\n\t\t\t\t\t\t\t<\/div> \n\t\t\t\n        \n\t\t\t\t<div id=\"ngg-image-1\" class=\"ngg-gallery-thumbnail-box\" >\n\t\t\t\t        <div class=\"ngg-gallery-thumbnail\">\n            <a href=\"http:\/\/www.freimarianne.ch\/wp-content\/gallery\/les-breuleux-23-2-14\/img_1363.jpg\"\n               title=\"\"\n               data-src=\"http:\/\/www.freimarianne.ch\/wp-content\/gallery\/les-breuleux-23-2-14\/img_1363.jpg\"\n               data-thumbnail=\"http:\/\/www.freimarianne.ch\/wp-content\/gallery\/les-breuleux-23-2-14\/thumbs\/thumbs_img_1363.jpg\"\n               data-image-id=\"8036\"\n               data-title=\"img_1363\"\n               data-description=\"\"\n               data-image-slug=\"img_1363-2\"\n               class=\"shutterset_8710\">\n                <img\n                    title=\"img_1363\"\n                    alt=\"img_1363\"\n                    src=\"http:\/\/www.freimarianne.ch\/wp-content\/gallery\/les-breuleux-23-2-14\/thumbs\/thumbs_img_1363.jpg\"\n                    width=\"100\"\n                    height=\"75\"\n                    style=\"max-width:100%;\"\n                \/>\n            <\/a>\n        <\/div>\n\t\t\t\t\t\t\t<\/div> \n\t\t\t\n        \n\t\t\t\t<div id=\"ngg-image-2\" class=\"ngg-gallery-thumbnail-box\" >\n\t\t\t\t        <div class=\"ngg-gallery-thumbnail\">\n            <a href=\"http:\/\/www.freimarianne.ch\/wp-content\/gallery\/les-breuleux-23-2-14\/img_1372.jpg\"\n               title=\"\"\n               data-src=\"http:\/\/www.freimarianne.ch\/wp-content\/gallery\/les-breuleux-23-2-14\/img_1372.jpg\"\n               data-thumbnail=\"http:\/\/www.freimarianne.ch\/wp-content\/gallery\/les-breuleux-23-2-14\/thumbs\/thumbs_img_1372.jpg\"\n               data-image-id=\"8037\"\n               data-title=\"img_1372\"\n               data-description=\"\"\n               data-image-slug=\"img_1372-2\"\n               class=\"shutterset_8710\">\n                <img\n                    title=\"img_1372\"\n                    alt=\"img_1372\"\n                    src=\"http:\/\/www.freimarianne.ch\/wp-content\/gallery\/les-breuleux-23-2-14\/thumbs\/thumbs_img_1372.jpg\"\n                    width=\"100\"\n                    height=\"75\"\n                    style=\"max-width:100%;\"\n                \/>\n            <\/a>\n        <\/div>\n\t\t\t\t\t\t\t<\/div> \n\t\t\t\n        \n\t\t\t\t<div id=\"ngg-image-3\" class=\"ngg-gallery-thumbnail-box\" >\n\t\t\t\t        <div class=\"ngg-gallery-thumbnail\">\n            <a href=\"http:\/\/www.freimarianne.ch\/wp-content\/gallery\/les-breuleux-23-2-14\/img_1374.jpg\"\n               title=\"\"\n               data-src=\"http:\/\/www.freimarianne.ch\/wp-content\/gallery\/les-breuleux-23-2-14\/img_1374.jpg\"\n               data-thumbnail=\"http:\/\/www.freimarianne.ch\/wp-content\/gallery\/les-breuleux-23-2-14\/thumbs\/thumbs_img_1374.jpg\"\n               data-image-id=\"8038\"\n               data-title=\"img_1374\"\n               data-description=\"\"\n               data-image-slug=\"img_1374\"\n               class=\"shutterset_8710\">\n                <img\n                    title=\"img_1374\"\n                    alt=\"img_1374\"\n                    src=\"http:\/\/www.freimarianne.ch\/wp-content\/gallery\/les-breuleux-23-2-14\/thumbs\/thumbs_img_1374.jpg\"\n                    width=\"100\"\n                    height=\"75\"\n                    style=\"max-width:100%;\"\n                \/>\n            <\/a>\n        <\/div>\n\t\t\t\t\t\t\t<\/div> \n\t\t\t\n        \n\t\t\t\t<div id=\"ngg-image-4\" class=\"ngg-gallery-thumbnail-box\" >\n\t\t\t\t        <div class=\"ngg-gallery-thumbnail\">\n            <a href=\"http:\/\/www.freimarianne.ch\/wp-content\/gallery\/les-breuleux-23-2-14\/img_1376.jpg\"\n               title=\"\"\n               data-src=\"http:\/\/www.freimarianne.ch\/wp-content\/gallery\/les-breuleux-23-2-14\/img_1376.jpg\"\n               data-thumbnail=\"http:\/\/www.freimarianne.ch\/wp-content\/gallery\/les-breuleux-23-2-14\/thumbs\/thumbs_img_1376.jpg\"\n               data-image-id=\"8039\"\n               data-title=\"img_1376\"\n               data-description=\"\"\n               data-image-slug=\"img_1376\"\n               class=\"shutterset_8710\">\n                <img\n                    title=\"img_1376\"\n                    alt=\"img_1376\"\n                    src=\"http:\/\/www.freimarianne.ch\/wp-content\/gallery\/les-breuleux-23-2-14\/thumbs\/thumbs_img_1376.jpg\"\n                    width=\"100\"\n                    height=\"75\"\n                    style=\"max-width:100%;\"\n                \/>\n            <\/a>\n        <\/div>\n\t\t\t\t\t\t\t<\/div> \n\t\t\t\n        \n\t\t\t\t<div id=\"ngg-image-5\" class=\"ngg-gallery-thumbnail-box\" >\n\t\t\t\t        <div class=\"ngg-gallery-thumbnail\">\n            <a href=\"http:\/\/www.freimarianne.ch\/wp-content\/gallery\/les-breuleux-23-2-14\/img_1382.jpg\"\n               title=\"\"\n               data-src=\"http:\/\/www.freimarianne.ch\/wp-content\/gallery\/les-breuleux-23-2-14\/img_1382.jpg\"\n               data-thumbnail=\"http:\/\/www.freimarianne.ch\/wp-content\/gallery\/les-breuleux-23-2-14\/thumbs\/thumbs_img_1382.jpg\"\n               data-image-id=\"8040\"\n               data-title=\"img_1382\"\n               data-description=\"\"\n               data-image-slug=\"img_1382-3\"\n               class=\"shutterset_8710\">\n                <img\n                    title=\"img_1382\"\n                    alt=\"img_1382\"\n                    src=\"http:\/\/www.freimarianne.ch\/wp-content\/gallery\/les-breuleux-23-2-14\/thumbs\/thumbs_img_1382.jpg\"\n                    width=\"100\"\n                    height=\"75\"\n                    style=\"max-width:100%;\"\n                \/>\n            <\/a>\n        <\/div>\n\t\t\t\t\t\t\t<\/div> \n\t\t\t\n        \n\t\t\t\t<div id=\"ngg-image-6\" class=\"ngg-gallery-thumbnail-box\" >\n\t\t\t\t        <div class=\"ngg-gallery-thumbnail\">\n            <a href=\"http:\/\/www.freimarianne.ch\/wp-content\/gallery\/les-breuleux-23-2-14\/img_1384.jpg\"\n               title=\"\"\n               data-src=\"http:\/\/www.freimarianne.ch\/wp-content\/gallery\/les-breuleux-23-2-14\/img_1384.jpg\"\n               data-thumbnail=\"http:\/\/www.freimarianne.ch\/wp-content\/gallery\/les-breuleux-23-2-14\/thumbs\/thumbs_img_1384.jpg\"\n               data-image-id=\"8041\"\n               data-title=\"img_1384\"\n               data-description=\"\"\n               data-image-slug=\"img_1384-3\"\n               class=\"shutterset_8710\">\n                <img\n                    title=\"img_1384\"\n                    alt=\"img_1384\"\n                    src=\"http:\/\/www.freimarianne.ch\/wp-content\/gallery\/les-breuleux-23-2-14\/thumbs\/thumbs_img_1384.jpg\"\n                    width=\"100\"\n                    height=\"75\"\n                    style=\"max-width:100%;\"\n                \/>\n            <\/a>\n        <\/div>\n\t\t\t\t\t\t\t<\/div> \n\t\t\t\n        \n\t\t\t\t<div id=\"ngg-image-7\" class=\"ngg-gallery-thumbnail-box\" >\n\t\t\t\t        <div class=\"ngg-gallery-thumbnail\">\n            <a href=\"http:\/\/www.freimarianne.ch\/wp-content\/gallery\/les-breuleux-23-2-14\/img_1389.jpg\"\n               title=\"\"\n               data-src=\"http:\/\/www.freimarianne.ch\/wp-content\/gallery\/les-breuleux-23-2-14\/img_1389.jpg\"\n               data-thumbnail=\"http:\/\/www.freimarianne.ch\/wp-content\/gallery\/les-breuleux-23-2-14\/thumbs\/thumbs_img_1389.jpg\"\n               data-image-id=\"8042\"\n               data-title=\"img_1389\"\n               data-description=\"\"\n               data-image-slug=\"img_1389-2\"\n               class=\"shutterset_8710\">\n                <img\n                    title=\"img_1389\"\n                    alt=\"img_1389\"\n                    src=\"http:\/\/www.freimarianne.ch\/wp-content\/gallery\/les-breuleux-23-2-14\/thumbs\/thumbs_img_1389.jpg\"\n                    width=\"100\"\n                    height=\"75\"\n                    style=\"max-width:100%;\"\n                \/>\n            <\/a>\n        <\/div>\n\t\t\t\t\t\t\t<\/div> \n\t\t\t\n        \n\t\t\t\t<div id=\"ngg-image-8\" class=\"ngg-gallery-thumbnail-box\" >\n\t\t\t\t        <div class=\"ngg-gallery-thumbnail\">\n            <a href=\"http:\/\/www.freimarianne.ch\/wp-content\/gallery\/les-breuleux-23-2-14\/img_1390.jpg\"\n               title=\"\"\n               data-src=\"http:\/\/www.freimarianne.ch\/wp-content\/gallery\/les-breuleux-23-2-14\/img_1390.jpg\"\n               data-thumbnail=\"http:\/\/www.freimarianne.ch\/wp-content\/gallery\/les-breuleux-23-2-14\/thumbs\/thumbs_img_1390.jpg\"\n               data-image-id=\"8043\"\n               data-title=\"img_1390\"\n               data-description=\"\"\n               data-image-slug=\"img_1390-2\"\n               class=\"shutterset_8710\">\n                <img\n                    title=\"img_1390\"\n                    alt=\"img_1390\"\n                    src=\"http:\/\/www.freimarianne.ch\/wp-content\/gallery\/les-breuleux-23-2-14\/thumbs\/thumbs_img_1390.jpg\"\n                    width=\"100\"\n                    height=\"75\"\n                    style=\"max-width:100%;\"\n                \/>\n            <\/a>\n        <\/div>\n\t\t\t\t\t\t\t<\/div> \n\t\t\t\n        \n\t\t\t\t<div id=\"ngg-image-9\" class=\"ngg-gallery-thumbnail-box\" >\n\t\t\t\t        <div class=\"ngg-gallery-thumbnail\">\n            <a href=\"http:\/\/www.freimarianne.ch\/wp-content\/gallery\/les-breuleux-23-2-14\/img_1393.jpg\"\n               title=\"\"\n               data-src=\"http:\/\/www.freimarianne.ch\/wp-content\/gallery\/les-breuleux-23-2-14\/img_1393.jpg\"\n               data-thumbnail=\"http:\/\/www.freimarianne.ch\/wp-content\/gallery\/les-breuleux-23-2-14\/thumbs\/thumbs_img_1393.jpg\"\n               data-image-id=\"8044\"\n               data-title=\"img_1393\"\n               data-description=\"\"\n               data-image-slug=\"img_1393\"\n               class=\"shutterset_8710\">\n                <img\n                    title=\"img_1393\"\n                    alt=\"img_1393\"\n                    src=\"http:\/\/www.freimarianne.ch\/wp-content\/gallery\/les-breuleux-23-2-14\/thumbs\/thumbs_img_1393.jpg\"\n                    width=\"100\"\n                    height=\"75\"\n                    style=\"max-width:100%;\"\n                \/>\n            <\/a>\n        <\/div>\n\t\t\t\t\t\t\t<\/div> \n\t\t\t\n        \n\t\t\t\t<div id=\"ngg-image-10\" class=\"ngg-gallery-thumbnail-box\" >\n\t\t\t\t        <div class=\"ngg-gallery-thumbnail\">\n            <a href=\"http:\/\/www.freimarianne.ch\/wp-content\/gallery\/les-breuleux-23-2-14\/img_1396.jpg\"\n               title=\"\"\n               data-src=\"http:\/\/www.freimarianne.ch\/wp-content\/gallery\/les-breuleux-23-2-14\/img_1396.jpg\"\n               data-thumbnail=\"http:\/\/www.freimarianne.ch\/wp-content\/gallery\/les-breuleux-23-2-14\/thumbs\/thumbs_img_1396.jpg\"\n               data-image-id=\"8045\"\n               data-title=\"img_1396\"\n               data-description=\"\"\n               data-image-slug=\"img_1396-2\"\n               class=\"shutterset_8710\">\n                <img\n                    title=\"img_1396\"\n                    alt=\"img_1396\"\n                    src=\"http:\/\/www.freimarianne.ch\/wp-content\/gallery\/les-breuleux-23-2-14\/thumbs\/thumbs_img_1396.jpg\"\n                    width=\"100\"\n                    height=\"75\"\n                    style=\"max-width:100%;\"\n                \/>\n            <\/a>\n        <\/div>\n\t\t\t\t\t\t\t<\/div> \n\t\t\t\n        \n\t\t\t\t<div id=\"ngg-image-11\" class=\"ngg-gallery-thumbnail-box\" >\n\t\t\t\t        <div class=\"ngg-gallery-thumbnail\">\n            <a href=\"http:\/\/www.freimarianne.ch\/wp-content\/gallery\/les-breuleux-23-2-14\/img_1397.jpg\"\n               title=\"\"\n               data-src=\"http:\/\/www.freimarianne.ch\/wp-content\/gallery\/les-breuleux-23-2-14\/img_1397.jpg\"\n               data-thumbnail=\"http:\/\/www.freimarianne.ch\/wp-content\/gallery\/les-breuleux-23-2-14\/thumbs\/thumbs_img_1397.jpg\"\n               data-image-id=\"8046\"\n               data-title=\"img_1397\"\n               data-description=\"\"\n               data-image-slug=\"img_1397-2\"\n               class=\"shutterset_8710\">\n                <img\n                    title=\"img_1397\"\n                    alt=\"img_1397\"\n                    src=\"http:\/\/www.freimarianne.ch\/wp-content\/gallery\/les-breuleux-23-2-14\/thumbs\/thumbs_img_1397.jpg\"\n                    width=\"100\"\n                    height=\"75\"\n                    style=\"max-width:100%;\"\n                \/>\n            <\/a>\n        <\/div>\n\t\t\t\t\t\t\t<\/div> \n\t\t\t\n        \n\t\t\n\t\t<!-- Pagination -->\n\t<div class='ngg-clear'><\/div>\t<\/div>\n<\/p>\n","protected":false},"excerpt":{"rendered":"<p>Schneeschuhwanderung von les Breuleux auf den Mont Crosin und nach Tramelan. Eine Tour mit dem Novartis Berg &amp; Ski Club. Wir wandern von les Breuleux, wo wir gleich unsere Schneeschuhe anziehen k\u00f6nnen nach les Envers und von dort teils den rosa Wegweisern folgend hinauf auf die Hochebene des Mont Crosin, wo das Windkraftwerk mit seinen [&hellip;]<\/p>\n","protected":false},"author":1,"featured_media":0,"parent":4769,"menu_order":10,"comment_status":"closed","ping_status":"closed","template":"","meta":{"ngg_post_thumbnail":0},"_links":{"self":[{"href":"http:\/\/www.freimarianne.ch\/index.php?rest_route=\/wp\/v2\/pages\/5026"}],"collection":[{"href":"http:\/\/www.freimarianne.ch\/index.php?rest_route=\/wp\/v2\/pages"}],"about":[{"href":"http:\/\/www.freimarianne.ch\/index.php?rest_route=\/wp\/v2\/types\/page"}],"author":[{"embeddable":true,"href":"http:\/\/www.freimarianne.ch\/index.php?rest_route=\/wp\/v2\/users\/1"}],"replies":[{"embeddable":true,"href":"http:\/\/www.freimarianne.ch\/index.php?rest_route=%2Fwp%2Fv2%2Fcomments&post=5026"}],"version-history":[{"count":9,"href":"http:\/\/www.freimarianne.ch\/index.php?rest_route=\/wp\/v2\/pages\/5026\/revisions"}],"predecessor-version":[{"id":8712,"href":"http:\/\/www.freimarianne.ch\/index.php?rest_route=\/wp\/v2\/pages\/5026\/revisions\/8712"}],"up":[{"embeddable":true,"href":"http:\/\/www.freimarianne.ch\/index.php?rest_route=\/wp\/v2\/pages\/4769"}],"wp:attachment":[{"href":"http:\/\/www.freimarianne.ch\/index.php?rest_route=%2Fwp%2Fv2%2Fmedia&parent=5026"}],"curies":[{"name":"wp","href":"https:\/\/api.w.org\/{rel}","templated":true}]}}