{"id":5063,"date":"2014-03-10T09:54:55","date_gmt":"2014-03-10T08:54:55","guid":{"rendered":"http:\/\/www.freimarianne.ch\/?page_id=5063"},"modified":"2015-01-03T09:44:56","modified_gmt":"2015-01-03T08:44:56","slug":"rigi-8-3-2014","status":"publish","type":"page","link":"http:\/\/www.freimarianne.ch\/?page_id=5063","title":{"rendered":"Rigi,   8.3.2014"},"content":{"rendered":"<p><strong>Winterwanderung<\/strong> vom Rigi Kulm nach Rigi Kaltbad. Eine Rekognoszierungstour und Genusstour bei viel Sonnenschein und kalter Bise.<br \/>\n<img loading=\"lazy\" class=\"aligncenter size-full wp-image-5065\" src=\"http:\/\/www.freimarianne.ch\/wp-content\/uploads\/2014\/03\/IMG_9183_rigi8.3.jpg\" alt=\"IMG_9183_rigi8.3\" width=\"500\" height=\"333\" srcset=\"http:\/\/www.freimarianne.ch\/wp-content\/uploads\/2014\/03\/IMG_9183_rigi8.3.jpg 500w, http:\/\/www.freimarianne.ch\/wp-content\/uploads\/2014\/03\/IMG_9183_rigi8.3-300x199.jpg 300w, http:\/\/www.freimarianne.ch\/wp-content\/uploads\/2014\/03\/IMG_9183_rigi8.3-450x300.jpg 450w\" sizes=\"(max-width: 500px) 100vw, 500px\" \/><br \/>\nHeute gehen wir die Rigi von einer anderen Seite an und zwar von Vitznau. Am 4.3.14 sind wir bei Schneetreiben von Rigi Scheidegg bis hin\u00fcber auf den Rigi Kulm gewandert und haben absolut keine Sicht gehabt.<br \/>\nDas Schiff ab Luzern um 9.12 h bringt uns bei sch\u00f6nsten aber dunstigen Wetter nach Vitznau, wo wir in die Rigibahn steigen.Wir erleben eine Fahrt vom Fr\u00fchling in den Winter! Auf dem Rigi Kulm weht eine kr\u00e4ftige kalte Bise, die uns die H\u00e4nde erstarren l\u00e4sst. Wir geniessen trotzdem das grossartige Panorama auf die Alpen. Wir wandern dann \u00fcber Rigi Staffel, Staffelh\u00f6he hinunter zum Ch\u00e4nzeli. Dabei lassen wir uns viel Zeit zum Fotografieren und Rasten auf einem der vielen B\u00e4nke. Der Schnee ist sulzig und der Weg ist rutschig.<br \/>\nVom Ch\u00e4nzeli aus bietet sich sonst eine grossartige Sicht auf die Berge und das Mittelland. Heute ist es aber sehr dunstig und der Pilatus verschwindet fast im Dunst.<br \/>\nIn Rigi Kaltbad trinken wir etwas und geniessen den Sonnenschein in einer windgesch\u00fctzten Ecke. Dann fahren wir wieder hinunter nach Vitznau und haben gleich Anschluss an des Schiff, das uns ( mit sehr vielen Leuten) nach Luzern bringt. Eine Schiffsreise im Winter oder eher Fr\u00fchling hat auch ihren Reiz!<br \/>\nDies war ein Genuss &#8211; und &#8211; Rekognoszierungsausflug f\u00fcr die geplante Wanderung am 11.3.2014.<br \/>\n<!-- index.php -->\n<div\n\tclass=\"ngg-galleryoverview ngg-ajax-pagination-none\"\n\tid=\"ngg-gallery-8722-1\">\n\n    \t<div class=\"slideshowlink\">\n        <a href='http:\/\/www.freimarianne.ch\/index.php\/nggallery\/slideshow?page_id=5063'>[Show as slideshow]<\/a>\n\t\t\n\t<\/div>\n\t\t\t<!-- Thumbnails -->\n\t\t\t\t<div id=\"ngg-image-0\" class=\"ngg-gallery-thumbnail-box\" >\n\t\t\t\t        <div class=\"ngg-gallery-thumbnail\">\n            <a href=\"http:\/\/www.freimarianne.ch\/wp-content\/gallery\/rigi-8-3-2014\/img_9120.jpg\"\n               title=\"\"\n               data-src=\"http:\/\/www.freimarianne.ch\/wp-content\/gallery\/rigi-8-3-2014\/img_9120.jpg\"\n               data-thumbnail=\"http:\/\/www.freimarianne.ch\/wp-content\/gallery\/rigi-8-3-2014\/thumbs\/thumbs_img_9120.jpg\"\n               data-image-id=\"8111\"\n               data-title=\"img_9120\"\n               data-description=\"\"\n               data-image-slug=\"img_9120-2\"\n               class=\"shutterset_8722\">\n                <img\n                    title=\"img_9120\"\n                    alt=\"img_9120\"\n                    src=\"http:\/\/www.freimarianne.ch\/wp-content\/gallery\/rigi-8-3-2014\/thumbs\/thumbs_img_9120.jpg\"\n                    width=\"100\"\n                    height=\"75\"\n                    style=\"max-width:100%;\"\n                \/>\n            <\/a>\n        <\/div>\n\t\t\t\t\t\t\t<\/div> \n\t\t\t\n        \n\t\t\t\t<div id=\"ngg-image-1\" class=\"ngg-gallery-thumbnail-box\" >\n\t\t\t\t        <div class=\"ngg-gallery-thumbnail\">\n            <a href=\"http:\/\/www.freimarianne.ch\/wp-content\/gallery\/rigi-8-3-2014\/img_9124.jpg\"\n               title=\"\"\n               data-src=\"http:\/\/www.freimarianne.ch\/wp-content\/gallery\/rigi-8-3-2014\/img_9124.jpg\"\n               data-thumbnail=\"http:\/\/www.freimarianne.ch\/wp-content\/gallery\/rigi-8-3-2014\/thumbs\/thumbs_img_9124.jpg\"\n               data-image-id=\"8112\"\n               data-title=\"img_9124\"\n               data-description=\"\"\n               data-image-slug=\"img_9124-2\"\n               class=\"shutterset_8722\">\n                <img\n                    title=\"img_9124\"\n                    alt=\"img_9124\"\n                    src=\"http:\/\/www.freimarianne.ch\/wp-content\/gallery\/rigi-8-3-2014\/thumbs\/thumbs_img_9124.jpg\"\n                    width=\"100\"\n                    height=\"75\"\n                    style=\"max-width:100%;\"\n                \/>\n            <\/a>\n        <\/div>\n\t\t\t\t\t\t\t<\/div> \n\t\t\t\n        \n\t\t\t\t<div id=\"ngg-image-2\" class=\"ngg-gallery-thumbnail-box\" >\n\t\t\t\t        <div class=\"ngg-gallery-thumbnail\">\n            <a href=\"http:\/\/www.freimarianne.ch\/wp-content\/gallery\/rigi-8-3-2014\/img_9126.jpg\"\n               title=\"\"\n               data-src=\"http:\/\/www.freimarianne.ch\/wp-content\/gallery\/rigi-8-3-2014\/img_9126.jpg\"\n               data-thumbnail=\"http:\/\/www.freimarianne.ch\/wp-content\/gallery\/rigi-8-3-2014\/thumbs\/thumbs_img_9126.jpg\"\n               data-image-id=\"8113\"\n               data-title=\"img_9126\"\n               data-description=\"\"\n               data-image-slug=\"img_9126-2\"\n               class=\"shutterset_8722\">\n                <img\n                    title=\"img_9126\"\n                    alt=\"img_9126\"\n                    src=\"http:\/\/www.freimarianne.ch\/wp-content\/gallery\/rigi-8-3-2014\/thumbs\/thumbs_img_9126.jpg\"\n                    width=\"100\"\n                    height=\"75\"\n                    style=\"max-width:100%;\"\n                \/>\n            <\/a>\n        <\/div>\n\t\t\t\t\t\t\t<\/div> \n\t\t\t\n        \n\t\t\t\t<div id=\"ngg-image-3\" class=\"ngg-gallery-thumbnail-box\" >\n\t\t\t\t        <div class=\"ngg-gallery-thumbnail\">\n            <a href=\"http:\/\/www.freimarianne.ch\/wp-content\/gallery\/rigi-8-3-2014\/img_9128.jpg\"\n               title=\"\"\n               data-src=\"http:\/\/www.freimarianne.ch\/wp-content\/gallery\/rigi-8-3-2014\/img_9128.jpg\"\n               data-thumbnail=\"http:\/\/www.freimarianne.ch\/wp-content\/gallery\/rigi-8-3-2014\/thumbs\/thumbs_img_9128.jpg\"\n               data-image-id=\"8114\"\n               data-title=\"img_9128\"\n               data-description=\"\"\n               data-image-slug=\"img_9128-2\"\n               class=\"shutterset_8722\">\n                <img\n                    title=\"img_9128\"\n                    alt=\"img_9128\"\n                    src=\"http:\/\/www.freimarianne.ch\/wp-content\/gallery\/rigi-8-3-2014\/thumbs\/thumbs_img_9128.jpg\"\n                    width=\"100\"\n                    height=\"75\"\n                    style=\"max-width:100%;\"\n                \/>\n            <\/a>\n        <\/div>\n\t\t\t\t\t\t\t<\/div> \n\t\t\t\n        \n\t\t\t\t<div id=\"ngg-image-4\" class=\"ngg-gallery-thumbnail-box\" >\n\t\t\t\t        <div class=\"ngg-gallery-thumbnail\">\n            <a href=\"http:\/\/www.freimarianne.ch\/wp-content\/gallery\/rigi-8-3-2014\/img_9132.jpg\"\n               title=\"\"\n               data-src=\"http:\/\/www.freimarianne.ch\/wp-content\/gallery\/rigi-8-3-2014\/img_9132.jpg\"\n               data-thumbnail=\"http:\/\/www.freimarianne.ch\/wp-content\/gallery\/rigi-8-3-2014\/thumbs\/thumbs_img_9132.jpg\"\n               data-image-id=\"8115\"\n               data-title=\"img_9132\"\n               data-description=\"\"\n               data-image-slug=\"img_9132-2\"\n               class=\"shutterset_8722\">\n                <img\n                    title=\"img_9132\"\n                    alt=\"img_9132\"\n                    src=\"http:\/\/www.freimarianne.ch\/wp-content\/gallery\/rigi-8-3-2014\/thumbs\/thumbs_img_9132.jpg\"\n                    width=\"100\"\n                    height=\"75\"\n                    style=\"max-width:100%;\"\n                \/>\n            <\/a>\n        <\/div>\n\t\t\t\t\t\t\t<\/div> \n\t\t\t\n        \n\t\t\t\t<div id=\"ngg-image-5\" class=\"ngg-gallery-thumbnail-box\" >\n\t\t\t\t        <div class=\"ngg-gallery-thumbnail\">\n            <a href=\"http:\/\/www.freimarianne.ch\/wp-content\/gallery\/rigi-8-3-2014\/img_9140.jpg\"\n               title=\"\"\n               data-src=\"http:\/\/www.freimarianne.ch\/wp-content\/gallery\/rigi-8-3-2014\/img_9140.jpg\"\n               data-thumbnail=\"http:\/\/www.freimarianne.ch\/wp-content\/gallery\/rigi-8-3-2014\/thumbs\/thumbs_img_9140.jpg\"\n               data-image-id=\"8116\"\n               data-title=\"img_9140\"\n               data-description=\"\"\n               data-image-slug=\"img_9140-5\"\n               class=\"shutterset_8722\">\n                <img\n                    title=\"img_9140\"\n                    alt=\"img_9140\"\n                    src=\"http:\/\/www.freimarianne.ch\/wp-content\/gallery\/rigi-8-3-2014\/thumbs\/thumbs_img_9140.jpg\"\n                    width=\"100\"\n                    height=\"75\"\n                    style=\"max-width:100%;\"\n                \/>\n            <\/a>\n        <\/div>\n\t\t\t\t\t\t\t<\/div> \n\t\t\t\n        \n\t\t\t\t<div id=\"ngg-image-6\" class=\"ngg-gallery-thumbnail-box\" >\n\t\t\t\t        <div class=\"ngg-gallery-thumbnail\">\n            <a href=\"http:\/\/www.freimarianne.ch\/wp-content\/gallery\/rigi-8-3-2014\/img_9159.jpg\"\n               title=\"\"\n               data-src=\"http:\/\/www.freimarianne.ch\/wp-content\/gallery\/rigi-8-3-2014\/img_9159.jpg\"\n               data-thumbnail=\"http:\/\/www.freimarianne.ch\/wp-content\/gallery\/rigi-8-3-2014\/thumbs\/thumbs_img_9159.jpg\"\n               data-image-id=\"8117\"\n               data-title=\"img_9159\"\n               data-description=\"\"\n               data-image-slug=\"img_9159-2\"\n               class=\"shutterset_8722\">\n                <img\n                    title=\"img_9159\"\n                    alt=\"img_9159\"\n                    src=\"http:\/\/www.freimarianne.ch\/wp-content\/gallery\/rigi-8-3-2014\/thumbs\/thumbs_img_9159.jpg\"\n                    width=\"100\"\n                    height=\"75\"\n                    style=\"max-width:100%;\"\n                \/>\n            <\/a>\n        <\/div>\n\t\t\t\t\t\t\t<\/div> \n\t\t\t\n        \n\t\t\t\t<div id=\"ngg-image-7\" class=\"ngg-gallery-thumbnail-box\" >\n\t\t\t\t        <div class=\"ngg-gallery-thumbnail\">\n            <a href=\"http:\/\/www.freimarianne.ch\/wp-content\/gallery\/rigi-8-3-2014\/img_9169.jpg\"\n               title=\"\"\n               data-src=\"http:\/\/www.freimarianne.ch\/wp-content\/gallery\/rigi-8-3-2014\/img_9169.jpg\"\n               data-thumbnail=\"http:\/\/www.freimarianne.ch\/wp-content\/gallery\/rigi-8-3-2014\/thumbs\/thumbs_img_9169.jpg\"\n               data-image-id=\"8118\"\n               data-title=\"img_9169\"\n               data-description=\"\"\n               data-image-slug=\"img_9169\"\n               class=\"shutterset_8722\">\n                <img\n                    title=\"img_9169\"\n                    alt=\"img_9169\"\n                    src=\"http:\/\/www.freimarianne.ch\/wp-content\/gallery\/rigi-8-3-2014\/thumbs\/thumbs_img_9169.jpg\"\n                    width=\"100\"\n                    height=\"75\"\n                    style=\"max-width:100%;\"\n                \/>\n            <\/a>\n        <\/div>\n\t\t\t\t\t\t\t<\/div> \n\t\t\t\n        \n\t\t\t\t<div id=\"ngg-image-8\" class=\"ngg-gallery-thumbnail-box\" >\n\t\t\t\t        <div class=\"ngg-gallery-thumbnail\">\n            <a href=\"http:\/\/www.freimarianne.ch\/wp-content\/gallery\/rigi-8-3-2014\/img_9170.jpg\"\n               title=\"\"\n               data-src=\"http:\/\/www.freimarianne.ch\/wp-content\/gallery\/rigi-8-3-2014\/img_9170.jpg\"\n               data-thumbnail=\"http:\/\/www.freimarianne.ch\/wp-content\/gallery\/rigi-8-3-2014\/thumbs\/thumbs_img_9170.jpg\"\n               data-image-id=\"8119\"\n               data-title=\"img_9170\"\n               data-description=\"\"\n               data-image-slug=\"img_9170-3\"\n               class=\"shutterset_8722\">\n                <img\n                    title=\"img_9170\"\n                    alt=\"img_9170\"\n                    src=\"http:\/\/www.freimarianne.ch\/wp-content\/gallery\/rigi-8-3-2014\/thumbs\/thumbs_img_9170.jpg\"\n                    width=\"100\"\n                    height=\"75\"\n                    style=\"max-width:100%;\"\n                \/>\n            <\/a>\n        <\/div>\n\t\t\t\t\t\t\t<\/div> \n\t\t\t\n        \n\t\t\t\t<div id=\"ngg-image-9\" class=\"ngg-gallery-thumbnail-box\" >\n\t\t\t\t        <div class=\"ngg-gallery-thumbnail\">\n            <a href=\"http:\/\/www.freimarianne.ch\/wp-content\/gallery\/rigi-8-3-2014\/img_9175.jpg\"\n               title=\"\"\n               data-src=\"http:\/\/www.freimarianne.ch\/wp-content\/gallery\/rigi-8-3-2014\/img_9175.jpg\"\n               data-thumbnail=\"http:\/\/www.freimarianne.ch\/wp-content\/gallery\/rigi-8-3-2014\/thumbs\/thumbs_img_9175.jpg\"\n               data-image-id=\"8120\"\n               data-title=\"img_9175\"\n               data-description=\"\"\n               data-image-slug=\"img_9175-2\"\n               class=\"shutterset_8722\">\n                <img\n                    title=\"img_9175\"\n                    alt=\"img_9175\"\n                    src=\"http:\/\/www.freimarianne.ch\/wp-content\/gallery\/rigi-8-3-2014\/thumbs\/thumbs_img_9175.jpg\"\n                    width=\"100\"\n                    height=\"75\"\n                    style=\"max-width:100%;\"\n                \/>\n            <\/a>\n        <\/div>\n\t\t\t\t\t\t\t<\/div> \n\t\t\t\n        \n\t\t\t\t<div id=\"ngg-image-10\" class=\"ngg-gallery-thumbnail-box\" >\n\t\t\t\t        <div class=\"ngg-gallery-thumbnail\">\n            <a href=\"http:\/\/www.freimarianne.ch\/wp-content\/gallery\/rigi-8-3-2014\/img_9180.jpg\"\n               title=\"\"\n               data-src=\"http:\/\/www.freimarianne.ch\/wp-content\/gallery\/rigi-8-3-2014\/img_9180.jpg\"\n               data-thumbnail=\"http:\/\/www.freimarianne.ch\/wp-content\/gallery\/rigi-8-3-2014\/thumbs\/thumbs_img_9180.jpg\"\n               data-image-id=\"8121\"\n               data-title=\"img_9180\"\n               data-description=\"\"\n               data-image-slug=\"img_9180\"\n               class=\"shutterset_8722\">\n                <img\n                    title=\"img_9180\"\n                    alt=\"img_9180\"\n                    src=\"http:\/\/www.freimarianne.ch\/wp-content\/gallery\/rigi-8-3-2014\/thumbs\/thumbs_img_9180.jpg\"\n                    width=\"100\"\n                    height=\"75\"\n                    style=\"max-width:100%;\"\n                \/>\n            <\/a>\n        <\/div>\n\t\t\t\t\t\t\t<\/div> \n\t\t\t\n        \n\t\t\t\t<div id=\"ngg-image-11\" class=\"ngg-gallery-thumbnail-box\" >\n\t\t\t\t        <div class=\"ngg-gallery-thumbnail\">\n            <a href=\"http:\/\/www.freimarianne.ch\/wp-content\/gallery\/rigi-8-3-2014\/img_9186.jpg\"\n               title=\"\"\n               data-src=\"http:\/\/www.freimarianne.ch\/wp-content\/gallery\/rigi-8-3-2014\/img_9186.jpg\"\n               data-thumbnail=\"http:\/\/www.freimarianne.ch\/wp-content\/gallery\/rigi-8-3-2014\/thumbs\/thumbs_img_9186.jpg\"\n               data-image-id=\"8122\"\n               data-title=\"img_9186\"\n               data-description=\"\"\n               data-image-slug=\"img_9186\"\n               class=\"shutterset_8722\">\n                <img\n                    title=\"img_9186\"\n                    alt=\"img_9186\"\n                    src=\"http:\/\/www.freimarianne.ch\/wp-content\/gallery\/rigi-8-3-2014\/thumbs\/thumbs_img_9186.jpg\"\n                    width=\"100\"\n                    height=\"75\"\n                    style=\"max-width:100%;\"\n                \/>\n            <\/a>\n        <\/div>\n\t\t\t\t\t\t\t<\/div> \n\t\t\t\n        \n\t\t\t\t<div id=\"ngg-image-12\" class=\"ngg-gallery-thumbnail-box\" >\n\t\t\t\t        <div class=\"ngg-gallery-thumbnail\">\n            <a href=\"http:\/\/www.freimarianne.ch\/wp-content\/gallery\/rigi-8-3-2014\/img_9189.jpg\"\n               title=\"\"\n               data-src=\"http:\/\/www.freimarianne.ch\/wp-content\/gallery\/rigi-8-3-2014\/img_9189.jpg\"\n               data-thumbnail=\"http:\/\/www.freimarianne.ch\/wp-content\/gallery\/rigi-8-3-2014\/thumbs\/thumbs_img_9189.jpg\"\n               data-image-id=\"8123\"\n               data-title=\"img_9189\"\n               data-description=\"\"\n               data-image-slug=\"img_9189\"\n               class=\"shutterset_8722\">\n                <img\n                    title=\"img_9189\"\n                    alt=\"img_9189\"\n                    src=\"http:\/\/www.freimarianne.ch\/wp-content\/gallery\/rigi-8-3-2014\/thumbs\/thumbs_img_9189.jpg\"\n                    width=\"100\"\n                    height=\"75\"\n                    style=\"max-width:100%;\"\n                \/>\n            <\/a>\n        <\/div>\n\t\t\t\t\t\t\t<\/div> \n\t\t\t\n        \n\t\t\t\t<div id=\"ngg-image-13\" class=\"ngg-gallery-thumbnail-box\" >\n\t\t\t\t        <div class=\"ngg-gallery-thumbnail\">\n            <a href=\"http:\/\/www.freimarianne.ch\/wp-content\/gallery\/rigi-8-3-2014\/img_9191.jpg\"\n               title=\"\"\n               data-src=\"http:\/\/www.freimarianne.ch\/wp-content\/gallery\/rigi-8-3-2014\/img_9191.jpg\"\n               data-thumbnail=\"http:\/\/www.freimarianne.ch\/wp-content\/gallery\/rigi-8-3-2014\/thumbs\/thumbs_img_9191.jpg\"\n               data-image-id=\"8124\"\n               data-title=\"img_9191\"\n               data-description=\"\"\n               data-image-slug=\"img_9191\"\n               class=\"shutterset_8722\">\n                <img\n                    title=\"img_9191\"\n                    alt=\"img_9191\"\n                    src=\"http:\/\/www.freimarianne.ch\/wp-content\/gallery\/rigi-8-3-2014\/thumbs\/thumbs_img_9191.jpg\"\n                    width=\"100\"\n                    height=\"75\"\n                    style=\"max-width:100%;\"\n                \/>\n            <\/a>\n        <\/div>\n\t\t\t\t\t\t\t<\/div> \n\t\t\t\n        \n\t\t\t\t<div id=\"ngg-image-14\" class=\"ngg-gallery-thumbnail-box\" >\n\t\t\t\t        <div class=\"ngg-gallery-thumbnail\">\n            <a href=\"http:\/\/www.freimarianne.ch\/wp-content\/gallery\/rigi-8-3-2014\/img_9198.jpg\"\n               title=\"\"\n               data-src=\"http:\/\/www.freimarianne.ch\/wp-content\/gallery\/rigi-8-3-2014\/img_9198.jpg\"\n               data-thumbnail=\"http:\/\/www.freimarianne.ch\/wp-content\/gallery\/rigi-8-3-2014\/thumbs\/thumbs_img_9198.jpg\"\n               data-image-id=\"8125\"\n               data-title=\"img_9198\"\n               data-description=\"\"\n               data-image-slug=\"img_9198-4\"\n               class=\"shutterset_8722\">\n                <img\n                    title=\"img_9198\"\n                    alt=\"img_9198\"\n                    src=\"http:\/\/www.freimarianne.ch\/wp-content\/gallery\/rigi-8-3-2014\/thumbs\/thumbs_img_9198.jpg\"\n                    width=\"100\"\n                    height=\"75\"\n                    style=\"max-width:100%;\"\n                \/>\n            <\/a>\n        <\/div>\n\t\t\t\t\t\t\t<\/div> \n\t\t\t\n        \n\t\t\t\t<div id=\"ngg-image-15\" class=\"ngg-gallery-thumbnail-box\" >\n\t\t\t\t        <div class=\"ngg-gallery-thumbnail\">\n            <a href=\"http:\/\/www.freimarianne.ch\/wp-content\/gallery\/rigi-8-3-2014\/img_9202.jpg\"\n               title=\"\"\n               data-src=\"http:\/\/www.freimarianne.ch\/wp-content\/gallery\/rigi-8-3-2014\/img_9202.jpg\"\n               data-thumbnail=\"http:\/\/www.freimarianne.ch\/wp-content\/gallery\/rigi-8-3-2014\/thumbs\/thumbs_img_9202.jpg\"\n               data-image-id=\"8126\"\n               data-title=\"img_9202\"\n               data-description=\"\"\n               data-image-slug=\"img_9202-2\"\n               class=\"shutterset_8722\">\n                <img\n                    title=\"img_9202\"\n                    alt=\"img_9202\"\n                    src=\"http:\/\/www.freimarianne.ch\/wp-content\/gallery\/rigi-8-3-2014\/thumbs\/thumbs_img_9202.jpg\"\n                    width=\"100\"\n                    height=\"75\"\n                    style=\"max-width:100%;\"\n                \/>\n            <\/a>\n        <\/div>\n\t\t\t\t\t\t\t<\/div> \n\t\t\t\n        \n\t\t\t\t<div id=\"ngg-image-16\" class=\"ngg-gallery-thumbnail-box\" >\n\t\t\t\t        <div class=\"ngg-gallery-thumbnail\">\n            <a href=\"http:\/\/www.freimarianne.ch\/wp-content\/gallery\/rigi-8-3-2014\/img_9212.jpg\"\n               title=\"\"\n               data-src=\"http:\/\/www.freimarianne.ch\/wp-content\/gallery\/rigi-8-3-2014\/img_9212.jpg\"\n               data-thumbnail=\"http:\/\/www.freimarianne.ch\/wp-content\/gallery\/rigi-8-3-2014\/thumbs\/thumbs_img_9212.jpg\"\n               data-image-id=\"8127\"\n               data-title=\"img_9212\"\n               data-description=\"\"\n               data-image-slug=\"img_9212-2\"\n               class=\"shutterset_8722\">\n                <img\n                    title=\"img_9212\"\n                    alt=\"img_9212\"\n                    src=\"http:\/\/www.freimarianne.ch\/wp-content\/gallery\/rigi-8-3-2014\/thumbs\/thumbs_img_9212.jpg\"\n                    width=\"100\"\n                    height=\"75\"\n                    style=\"max-width:100%;\"\n                \/>\n            <\/a>\n        <\/div>\n\t\t\t\t\t\t\t<\/div> \n\t\t\t\n        \n\t\t\t\t<div id=\"ngg-image-17\" class=\"ngg-gallery-thumbnail-box\" >\n\t\t\t\t        <div class=\"ngg-gallery-thumbnail\">\n            <a href=\"http:\/\/www.freimarianne.ch\/wp-content\/gallery\/rigi-8-3-2014\/img_9215.jpg\"\n               title=\"\"\n               data-src=\"http:\/\/www.freimarianne.ch\/wp-content\/gallery\/rigi-8-3-2014\/img_9215.jpg\"\n               data-thumbnail=\"http:\/\/www.freimarianne.ch\/wp-content\/gallery\/rigi-8-3-2014\/thumbs\/thumbs_img_9215.jpg\"\n               data-image-id=\"8128\"\n               data-title=\"img_9215\"\n               data-description=\"\"\n               data-image-slug=\"img_9215\"\n               class=\"shutterset_8722\">\n                <img\n                    title=\"img_9215\"\n                    alt=\"img_9215\"\n                    src=\"http:\/\/www.freimarianne.ch\/wp-content\/gallery\/rigi-8-3-2014\/thumbs\/thumbs_img_9215.jpg\"\n                    width=\"100\"\n                    height=\"75\"\n                    style=\"max-width:100%;\"\n                \/>\n            <\/a>\n        <\/div>\n\t\t\t\t\t\t\t<\/div> \n\t\t\t\n        \n\t\t\n\t\t<!-- Pagination -->\n\t<div class='ngg-clear'><\/div>\t<\/div>\n<\/p>\n","protected":false},"excerpt":{"rendered":"<p>Winterwanderung vom Rigi Kulm nach Rigi Kaltbad. Eine Rekognoszierungstour und Genusstour bei viel Sonnenschein und kalter Bise. Heute gehen wir die Rigi von einer anderen Seite an und zwar von Vitznau. Am 4.3.14 sind wir bei Schneetreiben von Rigi Scheidegg bis hin\u00fcber auf den Rigi Kulm gewandert und haben absolut keine Sicht gehabt. Das Schiff [&hellip;]<\/p>\n","protected":false},"author":1,"featured_media":0,"parent":4769,"menu_order":14,"comment_status":"closed","ping_status":"closed","template":"","meta":{"ngg_post_thumbnail":0},"_links":{"self":[{"href":"http:\/\/www.freimarianne.ch\/index.php?rest_route=\/wp\/v2\/pages\/5063"}],"collection":[{"href":"http:\/\/www.freimarianne.ch\/index.php?rest_route=\/wp\/v2\/pages"}],"about":[{"href":"http:\/\/www.freimarianne.ch\/index.php?rest_route=\/wp\/v2\/types\/page"}],"author":[{"embeddable":true,"href":"http:\/\/www.freimarianne.ch\/index.php?rest_route=\/wp\/v2\/users\/1"}],"replies":[{"embeddable":true,"href":"http:\/\/www.freimarianne.ch\/index.php?rest_route=%2Fwp%2Fv2%2Fcomments&post=5063"}],"version-history":[{"count":11,"href":"http:\/\/www.freimarianne.ch\/index.php?rest_route=\/wp\/v2\/pages\/5063\/revisions"}],"predecessor-version":[{"id":8724,"href":"http:\/\/www.freimarianne.ch\/index.php?rest_route=\/wp\/v2\/pages\/5063\/revisions\/8724"}],"up":[{"embeddable":true,"href":"http:\/\/www.freimarianne.ch\/index.php?rest_route=\/wp\/v2\/pages\/4769"}],"wp:attachment":[{"href":"http:\/\/www.freimarianne.ch\/index.php?rest_route=%2Fwp%2Fv2%2Fmedia&parent=5063"}],"curies":[{"name":"wp","href":"https:\/\/api.w.org\/{rel}","templated":true}]}}