{"id":5300,"date":"2014-06-03T09:42:11","date_gmt":"2014-06-03T08:42:11","guid":{"rendered":"http:\/\/www.freimarianne.ch\/?page_id=5300"},"modified":"2015-01-03T11:22:04","modified_gmt":"2015-01-03T10:22:04","slug":"habkern-lombachalp-31-5-2014","status":"publish","type":"page","link":"http:\/\/www.freimarianne.ch\/?page_id=5300","title":{"rendered":"Habkern &#8211; Lombachalp  31.5.2014"},"content":{"rendered":"<p><strong>Bergwanderung<\/strong> von Habkern auf die Lombachalp und zur\u00fcck<\/p>\n<p><img loading=\"lazy\" class=\"aligncenter size-full wp-image-5307\" src=\"http:\/\/www.freimarianne.ch\/wp-content\/uploads\/2014\/06\/IMG_4425_31.5.jpg\" alt=\"IMG_4425_31.5\" width=\"500\" height=\"375\" srcset=\"http:\/\/www.freimarianne.ch\/wp-content\/uploads\/2014\/06\/IMG_4425_31.5.jpg 500w, http:\/\/www.freimarianne.ch\/wp-content\/uploads\/2014\/06\/IMG_4425_31.5-300x225.jpg 300w, http:\/\/www.freimarianne.ch\/wp-content\/uploads\/2014\/06\/IMG_4425_31.5-400x300.jpg 400w\" sizes=\"(max-width: 500px) 100vw, 500px\" \/><br \/>\nVon Habkern aus marschieren wir um 10.25 h hinunter zur Br\u00fccke, Mettlen 1041m. Ein kurzes St\u00fcck bis zur Kurve gehen wir auf dem Str\u00e4sschen. Dann steigen wir in den Wanderweg ein, der steil durch den Wald hinauf auf die Wiesen f\u00fchrt. Auf einen kaum begangenen Wiesenpfad steigen wir steil hinauf , wobei wir dreimal die Strasse queren, um dann zur Alp Schwendallmi 1405m zu kommen. Die Alp ist noch nicht bestossen. Nach Schwendallmi verpassen wir die Abzweigung links zum Wanderweg. Der kleine Pfosten wird vom hohen Gras bedeckt und die Farben sind abgebl\u00e4ttert. So m\u00fcssen wir auf der geteerten Strasse gehen. Bei L\u00e4gerstutz\/ Rotschwanz haben wir unser Ziel erreicht. Wir kehren in der K\u00e4serein ein und k\u00f6nnen den Sonnenschein auf der Terrasse geniessen sowie die Sicht auf das Augstmatthorn 2137m, das wir auf einer anderen Wanderung besteigen m\u00f6chten.<br \/>\nWir machen noch einen kleinen Rundgang. Wir haben uns die Lombachalp etwas anders vorgestellt. Wir finden nirgends kleine Pfade durch das Moor sondern sehen nur die Teerstrassen! Die Biker k\u00f6nnnn mitten durch das Gebiet fahren aber die Wanderer haben keine Pfade, ausser demjenigen \u00fcber Winterr\u00f6scht!<br \/>\nWir wandern wieder zur\u00fcck &#8211; und finden den Einstieg in den Wanderweg- , der uns durch Wiesen mit Orchideen und Enzian f\u00fchrt. Sp\u00e4ter weichen wir r kurz auf die Strasse aus, um die sehr steilen Abstiege durch die glitschten Wiesen zu vermeiden. Wir rasten auf einem B\u00e4nklein oberhalb Habkern, da wir auf das Postauto um 16.35 h warten m\u00fcssen.<br \/>\nLaut Swissmap:<br \/>\nDistanz: 8.58km; Aufstieg: 544m; Abstieg: 502m; Marschzeit: 3h<br \/>\nMan kann aber schon ca. 4 h einplanen.<br \/>\n<!-- index.php -->\n<div\n\tclass=\"ngg-galleryoverview ngg-ajax-pagination-none\"\n\tid=\"ngg-gallery-8818-1\">\n\n    \t<div class=\"slideshowlink\">\n        <a href='http:\/\/www.freimarianne.ch\/index.php\/nggallery\/slideshow?page_id=5300'>[Show as slideshow]<\/a>\n\t\t\n\t<\/div>\n\t\t\t<!-- Thumbnails -->\n\t\t\t\t<div id=\"ngg-image-0\" class=\"ngg-gallery-thumbnail-box\" >\n\t\t\t\t        <div class=\"ngg-gallery-thumbnail\">\n            <a href=\"http:\/\/www.freimarianne.ch\/wp-content\/gallery\/lombachalp-31-5-14\/img_4420.jpg\"\n               title=\"\"\n               data-src=\"http:\/\/www.freimarianne.ch\/wp-content\/gallery\/lombachalp-31-5-14\/img_4420.jpg\"\n               data-thumbnail=\"http:\/\/www.freimarianne.ch\/wp-content\/gallery\/lombachalp-31-5-14\/thumbs\/thumbs_img_4420.jpg\"\n               data-image-id=\"8350\"\n               data-title=\"img_4420\"\n               data-description=\"\"\n               data-image-slug=\"img_4420-3\"\n               class=\"shutterset_8818\">\n                <img\n                    title=\"img_4420\"\n                    alt=\"img_4420\"\n                    src=\"http:\/\/www.freimarianne.ch\/wp-content\/gallery\/lombachalp-31-5-14\/thumbs\/thumbs_img_4420.jpg\"\n                    width=\"100\"\n                    height=\"75\"\n                    style=\"max-width:100%;\"\n                \/>\n            <\/a>\n        <\/div>\n\t\t\t\t\t\t\t<\/div> \n\t\t\t\n        \n\t\t\t\t<div id=\"ngg-image-1\" class=\"ngg-gallery-thumbnail-box\" >\n\t\t\t\t        <div class=\"ngg-gallery-thumbnail\">\n            <a href=\"http:\/\/www.freimarianne.ch\/wp-content\/gallery\/lombachalp-31-5-14\/img_4421.jpg\"\n               title=\"\"\n               data-src=\"http:\/\/www.freimarianne.ch\/wp-content\/gallery\/lombachalp-31-5-14\/img_4421.jpg\"\n               data-thumbnail=\"http:\/\/www.freimarianne.ch\/wp-content\/gallery\/lombachalp-31-5-14\/thumbs\/thumbs_img_4421.jpg\"\n               data-image-id=\"8351\"\n               data-title=\"img_4421\"\n               data-description=\"\"\n               data-image-slug=\"img_4421\"\n               class=\"shutterset_8818\">\n                <img\n                    title=\"img_4421\"\n                    alt=\"img_4421\"\n                    src=\"http:\/\/www.freimarianne.ch\/wp-content\/gallery\/lombachalp-31-5-14\/thumbs\/thumbs_img_4421.jpg\"\n                    width=\"100\"\n                    height=\"75\"\n                    style=\"max-width:100%;\"\n                \/>\n            <\/a>\n        <\/div>\n\t\t\t\t\t\t\t<\/div> \n\t\t\t\n        \n\t\t\t\t<div id=\"ngg-image-2\" class=\"ngg-gallery-thumbnail-box\" >\n\t\t\t\t        <div class=\"ngg-gallery-thumbnail\">\n            <a href=\"http:\/\/www.freimarianne.ch\/wp-content\/gallery\/lombachalp-31-5-14\/img_4423.jpg\"\n               title=\"\"\n               data-src=\"http:\/\/www.freimarianne.ch\/wp-content\/gallery\/lombachalp-31-5-14\/img_4423.jpg\"\n               data-thumbnail=\"http:\/\/www.freimarianne.ch\/wp-content\/gallery\/lombachalp-31-5-14\/thumbs\/thumbs_img_4423.jpg\"\n               data-image-id=\"8352\"\n               data-title=\"img_4423\"\n               data-description=\"\"\n               data-image-slug=\"img_4423\"\n               class=\"shutterset_8818\">\n                <img\n                    title=\"img_4423\"\n                    alt=\"img_4423\"\n                    src=\"http:\/\/www.freimarianne.ch\/wp-content\/gallery\/lombachalp-31-5-14\/thumbs\/thumbs_img_4423.jpg\"\n                    width=\"100\"\n                    height=\"75\"\n                    style=\"max-width:100%;\"\n                \/>\n            <\/a>\n        <\/div>\n\t\t\t\t\t\t\t<\/div> \n\t\t\t\n        \n\t\t\t\t<div id=\"ngg-image-3\" class=\"ngg-gallery-thumbnail-box\" >\n\t\t\t\t        <div class=\"ngg-gallery-thumbnail\">\n            <a href=\"http:\/\/www.freimarianne.ch\/wp-content\/gallery\/lombachalp-31-5-14\/img_4425.jpg\"\n               title=\"\"\n               data-src=\"http:\/\/www.freimarianne.ch\/wp-content\/gallery\/lombachalp-31-5-14\/img_4425.jpg\"\n               data-thumbnail=\"http:\/\/www.freimarianne.ch\/wp-content\/gallery\/lombachalp-31-5-14\/thumbs\/thumbs_img_4425.jpg\"\n               data-image-id=\"8353\"\n               data-title=\"img_4425\"\n               data-description=\"\"\n               data-image-slug=\"img_4425\"\n               class=\"shutterset_8818\">\n                <img\n                    title=\"img_4425\"\n                    alt=\"img_4425\"\n                    src=\"http:\/\/www.freimarianne.ch\/wp-content\/gallery\/lombachalp-31-5-14\/thumbs\/thumbs_img_4425.jpg\"\n                    width=\"100\"\n                    height=\"75\"\n                    style=\"max-width:100%;\"\n                \/>\n            <\/a>\n        <\/div>\n\t\t\t\t\t\t\t<\/div> \n\t\t\t\n        \n\t\t\t\t<div id=\"ngg-image-4\" class=\"ngg-gallery-thumbnail-box\" >\n\t\t\t\t        <div class=\"ngg-gallery-thumbnail\">\n            <a href=\"http:\/\/www.freimarianne.ch\/wp-content\/gallery\/lombachalp-31-5-14\/img_4429.jpg\"\n               title=\"\"\n               data-src=\"http:\/\/www.freimarianne.ch\/wp-content\/gallery\/lombachalp-31-5-14\/img_4429.jpg\"\n               data-thumbnail=\"http:\/\/www.freimarianne.ch\/wp-content\/gallery\/lombachalp-31-5-14\/thumbs\/thumbs_img_4429.jpg\"\n               data-image-id=\"8354\"\n               data-title=\"img_4429\"\n               data-description=\"\"\n               data-image-slug=\"img_4429\"\n               class=\"shutterset_8818\">\n                <img\n                    title=\"img_4429\"\n                    alt=\"img_4429\"\n                    src=\"http:\/\/www.freimarianne.ch\/wp-content\/gallery\/lombachalp-31-5-14\/thumbs\/thumbs_img_4429.jpg\"\n                    width=\"100\"\n                    height=\"75\"\n                    style=\"max-width:100%;\"\n                \/>\n            <\/a>\n        <\/div>\n\t\t\t\t\t\t\t<\/div> \n\t\t\t\n        \n\t\t\t\t<div id=\"ngg-image-5\" class=\"ngg-gallery-thumbnail-box\" >\n\t\t\t\t        <div class=\"ngg-gallery-thumbnail\">\n            <a href=\"http:\/\/www.freimarianne.ch\/wp-content\/gallery\/lombachalp-31-5-14\/img_4432.jpg\"\n               title=\"\"\n               data-src=\"http:\/\/www.freimarianne.ch\/wp-content\/gallery\/lombachalp-31-5-14\/img_4432.jpg\"\n               data-thumbnail=\"http:\/\/www.freimarianne.ch\/wp-content\/gallery\/lombachalp-31-5-14\/thumbs\/thumbs_img_4432.jpg\"\n               data-image-id=\"8355\"\n               data-title=\"img_4432\"\n               data-description=\"\"\n               data-image-slug=\"img_4432-5\"\n               class=\"shutterset_8818\">\n                <img\n                    title=\"img_4432\"\n                    alt=\"img_4432\"\n                    src=\"http:\/\/www.freimarianne.ch\/wp-content\/gallery\/lombachalp-31-5-14\/thumbs\/thumbs_img_4432.jpg\"\n                    width=\"100\"\n                    height=\"75\"\n                    style=\"max-width:100%;\"\n                \/>\n            <\/a>\n        <\/div>\n\t\t\t\t\t\t\t<\/div> \n\t\t\t\n        \n\t\t\t\t<div id=\"ngg-image-6\" class=\"ngg-gallery-thumbnail-box\" >\n\t\t\t\t        <div class=\"ngg-gallery-thumbnail\">\n            <a href=\"http:\/\/www.freimarianne.ch\/wp-content\/gallery\/lombachalp-31-5-14\/img_4435.jpg\"\n               title=\"\"\n               data-src=\"http:\/\/www.freimarianne.ch\/wp-content\/gallery\/lombachalp-31-5-14\/img_4435.jpg\"\n               data-thumbnail=\"http:\/\/www.freimarianne.ch\/wp-content\/gallery\/lombachalp-31-5-14\/thumbs\/thumbs_img_4435.jpg\"\n               data-image-id=\"8356\"\n               data-title=\"img_4435\"\n               data-description=\"\"\n               data-image-slug=\"img_4435-2\"\n               class=\"shutterset_8818\">\n                <img\n                    title=\"img_4435\"\n                    alt=\"img_4435\"\n                    src=\"http:\/\/www.freimarianne.ch\/wp-content\/gallery\/lombachalp-31-5-14\/thumbs\/thumbs_img_4435.jpg\"\n                    width=\"100\"\n                    height=\"75\"\n                    style=\"max-width:100%;\"\n                \/>\n            <\/a>\n        <\/div>\n\t\t\t\t\t\t\t<\/div> \n\t\t\t\n        \n\t\t\t\t<div id=\"ngg-image-7\" class=\"ngg-gallery-thumbnail-box\" >\n\t\t\t\t        <div class=\"ngg-gallery-thumbnail\">\n            <a href=\"http:\/\/www.freimarianne.ch\/wp-content\/gallery\/lombachalp-31-5-14\/img_4439.jpg\"\n               title=\"\"\n               data-src=\"http:\/\/www.freimarianne.ch\/wp-content\/gallery\/lombachalp-31-5-14\/img_4439.jpg\"\n               data-thumbnail=\"http:\/\/www.freimarianne.ch\/wp-content\/gallery\/lombachalp-31-5-14\/thumbs\/thumbs_img_4439.jpg\"\n               data-image-id=\"8357\"\n               data-title=\"img_4439\"\n               data-description=\"\"\n               data-image-slug=\"img_4439-2\"\n               class=\"shutterset_8818\">\n                <img\n                    title=\"img_4439\"\n                    alt=\"img_4439\"\n                    src=\"http:\/\/www.freimarianne.ch\/wp-content\/gallery\/lombachalp-31-5-14\/thumbs\/thumbs_img_4439.jpg\"\n                    width=\"100\"\n                    height=\"75\"\n                    style=\"max-width:100%;\"\n                \/>\n            <\/a>\n        <\/div>\n\t\t\t\t\t\t\t<\/div> \n\t\t\t\n        \n\t\t\t\t<div id=\"ngg-image-8\" class=\"ngg-gallery-thumbnail-box\" >\n\t\t\t\t        <div class=\"ngg-gallery-thumbnail\">\n            <a href=\"http:\/\/www.freimarianne.ch\/wp-content\/gallery\/lombachalp-31-5-14\/img_4446.jpg\"\n               title=\"\"\n               data-src=\"http:\/\/www.freimarianne.ch\/wp-content\/gallery\/lombachalp-31-5-14\/img_4446.jpg\"\n               data-thumbnail=\"http:\/\/www.freimarianne.ch\/wp-content\/gallery\/lombachalp-31-5-14\/thumbs\/thumbs_img_4446.jpg\"\n               data-image-id=\"8358\"\n               data-title=\"img_4446\"\n               data-description=\"\"\n               data-image-slug=\"img_4446-2\"\n               class=\"shutterset_8818\">\n                <img\n                    title=\"img_4446\"\n                    alt=\"img_4446\"\n                    src=\"http:\/\/www.freimarianne.ch\/wp-content\/gallery\/lombachalp-31-5-14\/thumbs\/thumbs_img_4446.jpg\"\n                    width=\"100\"\n                    height=\"75\"\n                    style=\"max-width:100%;\"\n                \/>\n            <\/a>\n        <\/div>\n\t\t\t\t\t\t\t<\/div> \n\t\t\t\n        \n\t\t\t\t<div id=\"ngg-image-9\" class=\"ngg-gallery-thumbnail-box\" >\n\t\t\t\t        <div class=\"ngg-gallery-thumbnail\">\n            <a href=\"http:\/\/www.freimarianne.ch\/wp-content\/gallery\/lombachalp-31-5-14\/img_4449.jpg\"\n               title=\"\"\n               data-src=\"http:\/\/www.freimarianne.ch\/wp-content\/gallery\/lombachalp-31-5-14\/img_4449.jpg\"\n               data-thumbnail=\"http:\/\/www.freimarianne.ch\/wp-content\/gallery\/lombachalp-31-5-14\/thumbs\/thumbs_img_4449.jpg\"\n               data-image-id=\"8359\"\n               data-title=\"img_4449\"\n               data-description=\"\"\n               data-image-slug=\"img_4449\"\n               class=\"shutterset_8818\">\n                <img\n                    title=\"img_4449\"\n                    alt=\"img_4449\"\n                    src=\"http:\/\/www.freimarianne.ch\/wp-content\/gallery\/lombachalp-31-5-14\/thumbs\/thumbs_img_4449.jpg\"\n                    width=\"100\"\n                    height=\"75\"\n                    style=\"max-width:100%;\"\n                \/>\n            <\/a>\n        <\/div>\n\t\t\t\t\t\t\t<\/div> \n\t\t\t\n        \n\t\t\t\t<div id=\"ngg-image-10\" class=\"ngg-gallery-thumbnail-box\" >\n\t\t\t\t        <div class=\"ngg-gallery-thumbnail\">\n            <a href=\"http:\/\/www.freimarianne.ch\/wp-content\/gallery\/lombachalp-31-5-14\/img_4451.jpg\"\n               title=\"\"\n               data-src=\"http:\/\/www.freimarianne.ch\/wp-content\/gallery\/lombachalp-31-5-14\/img_4451.jpg\"\n               data-thumbnail=\"http:\/\/www.freimarianne.ch\/wp-content\/gallery\/lombachalp-31-5-14\/thumbs\/thumbs_img_4451.jpg\"\n               data-image-id=\"8360\"\n               data-title=\"img_4451\"\n               data-description=\"\"\n               data-image-slug=\"img_4451-2\"\n               class=\"shutterset_8818\">\n                <img\n                    title=\"img_4451\"\n                    alt=\"img_4451\"\n                    src=\"http:\/\/www.freimarianne.ch\/wp-content\/gallery\/lombachalp-31-5-14\/thumbs\/thumbs_img_4451.jpg\"\n                    width=\"100\"\n                    height=\"75\"\n                    style=\"max-width:100%;\"\n                \/>\n            <\/a>\n        <\/div>\n\t\t\t\t\t\t\t<\/div> \n\t\t\t\n        \n\t\t\n\t\t<!-- Pagination -->\n\t<div class='ngg-clear'><\/div>\t<\/div>\n<\/p>\n","protected":false},"excerpt":{"rendered":"<p>Bergwanderung von Habkern auf die Lombachalp und zur\u00fcck Von Habkern aus marschieren wir um 10.25 h hinunter zur Br\u00fccke, Mettlen 1041m. Ein kurzes St\u00fcck bis zur Kurve gehen wir auf dem Str\u00e4sschen. Dann steigen wir in den Wanderweg ein, der steil durch den Wald hinauf auf die Wiesen f\u00fchrt. Auf einen kaum begangenen Wiesenpfad steigen [&hellip;]<\/p>\n","protected":false},"author":1,"featured_media":0,"parent":5166,"menu_order":12,"comment_status":"closed","ping_status":"closed","template":"","meta":{"ngg_post_thumbnail":0},"_links":{"self":[{"href":"http:\/\/www.freimarianne.ch\/index.php?rest_route=\/wp\/v2\/pages\/5300"}],"collection":[{"href":"http:\/\/www.freimarianne.ch\/index.php?rest_route=\/wp\/v2\/pages"}],"about":[{"href":"http:\/\/www.freimarianne.ch\/index.php?rest_route=\/wp\/v2\/types\/page"}],"author":[{"embeddable":true,"href":"http:\/\/www.freimarianne.ch\/index.php?rest_route=\/wp\/v2\/users\/1"}],"replies":[{"embeddable":true,"href":"http:\/\/www.freimarianne.ch\/index.php?rest_route=%2Fwp%2Fv2%2Fcomments&post=5300"}],"version-history":[{"count":6,"href":"http:\/\/www.freimarianne.ch\/index.php?rest_route=\/wp\/v2\/pages\/5300\/revisions"}],"predecessor-version":[{"id":8820,"href":"http:\/\/www.freimarianne.ch\/index.php?rest_route=\/wp\/v2\/pages\/5300\/revisions\/8820"}],"up":[{"embeddable":true,"href":"http:\/\/www.freimarianne.ch\/index.php?rest_route=\/wp\/v2\/pages\/5166"}],"wp:attachment":[{"href":"http:\/\/www.freimarianne.ch\/index.php?rest_route=%2Fwp%2Fv2%2Fmedia&parent=5300"}],"curies":[{"name":"wp","href":"https:\/\/api.w.org\/{rel}","templated":true}]}}