{"id":5337,"date":"2014-06-16T08:45:30","date_gmt":"2014-06-16T07:45:30","guid":{"rendered":"http:\/\/www.freimarianne.ch\/?page_id=5337"},"modified":"2015-01-03T10:40:15","modified_gmt":"2015-01-03T09:40:15","slug":"gampel-jeizine-goppenstein-vs-14-6-2014","status":"publish","type":"page","link":"http:\/\/www.freimarianne.ch\/?page_id=5337","title":{"rendered":"Gampel- Jeizinen-Goppenstein, VS 14.6.2014"},"content":{"rendered":"<p><strong>Bergwanderung<\/strong> von Gampel nach Jeizinen &#8211; \u00fcber Roten Graben nach Goppenstein<\/p>\n<p><img loading=\"lazy\" class=\"aligncenter size-full wp-image-5328\" src=\"http:\/\/www.freimarianne.ch\/wp-content\/uploads\/2014\/06\/IMG_4668_gampel_500.jpg\" alt=\"IMG_4668_gampel_500\" width=\"500\" height=\"375\" srcset=\"http:\/\/www.freimarianne.ch\/wp-content\/uploads\/2014\/06\/IMG_4668_gampel_500.jpg 500w, http:\/\/www.freimarianne.ch\/wp-content\/uploads\/2014\/06\/IMG_4668_gampel_500-300x225.jpg 300w, http:\/\/www.freimarianne.ch\/wp-content\/uploads\/2014\/06\/IMG_4668_gampel_500-400x300.jpg 400w\" sizes=\"(max-width: 500px) 100vw, 500px\" \/><\/p>\n<p>Abmarsch ca. 9.00 in Gampel\/Steg.<br \/>\nAufstieg in Kehren auf einem Saumweg in der sonnigen Felslandschaft am Jeizib\u00e4rgi. Bald kommen wir in den Wald, wo es etwas k\u00fchler und die Gegend etwas lieblicher wird. Wir sehen viele Jupiter-Lichtnelken in den Wiesen. Wir gehen an den St\u00e4llen bei St\u00e4dil vorbei queren eine Weide und treten dann in den Wald ein. Bald erreichen wir Jeizinen 1525m, wo wir bei der Kirche auf einer Bank unsere Mitagsrast halten mit sch\u00f6ner Ausblick \u00fcber das Rhonetal.<br \/>\nNach einer halben Stunde wandern wir weiter auf einem Wiesenpfad Richtung Goppenstein. Hier bietet sich eine sch\u00f6ne Sicht auf die schroffen Bergspitzen des L\u00f6tschentals. Bald gehen wir wieder im Bergwald, wo es gut duftet<br \/>\nDann erreichen wir die Abzweigung nach Goppenstein 1673m. Hier wird bereits vor Steinschlaggefahr im Roten Graben gewarnt. Wir steigen hinunter durch den Wald zur Haslerweide 1581m, die verlassen ist. Bei der Inneri Weide 1566m machen wir eine Rast, um dann hinunter in den Roten Graben oder Rote Grabu zu steigen (der Weg ist hier abgesperrt wegen Steinschlaggefahr) &#8211; aber es gibt ja keinen anderen Weg mehr nach Goppenstein!!)<br \/>\nDie n\u00e4chsten 240 H\u00f6henmeter sind erschreckend steil &#8211; aber der Weg ist meist gut gesichert mit Seilen und hat auch hin und wieder Treppenstufen. Aber er erfordert sehr sorgf\u00e4ltiges Gehen, um ja keinen Stein loszutreten.<br \/>\nWir sind froh als wir endlich unten in der Talebene stehen. Nun k\u00f6nnen wir wieder normal gehen und wir erreichen sogar den Zug um 15.01h.<br \/>\nDiesen Abstieg w\u00fcrde ich niemanden empfehlen und er ist offiziell noch gesperrt wie ich sp\u00e4ter vom Tourismusb\u00fcro erfahren habe.<\/p>\n<p>Profil Swissmap: Gampel-Jeiznen- Goppenstein<br \/>\nDistanz: 12.6km; Aufstieg: 1260m; Abstieg: 637m; Maschzeit: 5. 23 h<br \/>\nNach GPS:<br \/>\nDistanz: 13.7km; Aufstieg: 1098m; Abstieg: 507m; Marschzeit: 5.05 h<\/p>\n<p><!-- index.php -->\n<div\n\tclass=\"ngg-galleryoverview ngg-ajax-pagination-none\"\n\tid=\"ngg-gallery-8752-1\">\n\n    \t<div class=\"slideshowlink\">\n        <a href='http:\/\/www.freimarianne.ch\/index.php\/nggallery\/slideshow?page_id=5337'>[Show as slideshow]<\/a>\n\t\t\n\t<\/div>\n\t\t\t<!-- Thumbnails -->\n\t\t\t\t<div id=\"ngg-image-0\" class=\"ngg-gallery-thumbnail-box\" >\n\t\t\t\t        <div class=\"ngg-gallery-thumbnail\">\n            <a href=\"http:\/\/www.freimarianne.ch\/wp-content\/gallery\/gampel-goppenstein-14-6-14_1\/img_4643.jpg\"\n               title=\"\"\n               data-src=\"http:\/\/www.freimarianne.ch\/wp-content\/gallery\/gampel-goppenstein-14-6-14_1\/img_4643.jpg\"\n               data-thumbnail=\"http:\/\/www.freimarianne.ch\/wp-content\/gallery\/gampel-goppenstein-14-6-14_1\/thumbs\/thumbs_img_4643.jpg\"\n               data-image-id=\"8417\"\n               data-title=\"img_4643\"\n               data-description=\"\"\n               data-image-slug=\"img_4643-2\"\n               class=\"shutterset_8752\">\n                <img\n                    title=\"img_4643\"\n                    alt=\"img_4643\"\n                    src=\"http:\/\/www.freimarianne.ch\/wp-content\/gallery\/gampel-goppenstein-14-6-14_1\/thumbs\/thumbs_img_4643.jpg\"\n                    width=\"100\"\n                    height=\"75\"\n                    style=\"max-width:100%;\"\n                \/>\n            <\/a>\n        <\/div>\n\t\t\t\t\t\t\t<\/div> \n\t\t\t\n        \n\t\t\t\t<div id=\"ngg-image-1\" class=\"ngg-gallery-thumbnail-box\" >\n\t\t\t\t        <div class=\"ngg-gallery-thumbnail\">\n            <a href=\"http:\/\/www.freimarianne.ch\/wp-content\/gallery\/gampel-goppenstein-14-6-14_1\/img_4644.jpg\"\n               title=\"\"\n               data-src=\"http:\/\/www.freimarianne.ch\/wp-content\/gallery\/gampel-goppenstein-14-6-14_1\/img_4644.jpg\"\n               data-thumbnail=\"http:\/\/www.freimarianne.ch\/wp-content\/gallery\/gampel-goppenstein-14-6-14_1\/thumbs\/thumbs_img_4644.jpg\"\n               data-image-id=\"8418\"\n               data-title=\"img_4644\"\n               data-description=\"\"\n               data-image-slug=\"img_4644\"\n               class=\"shutterset_8752\">\n                <img\n                    title=\"img_4644\"\n                    alt=\"img_4644\"\n                    src=\"http:\/\/www.freimarianne.ch\/wp-content\/gallery\/gampel-goppenstein-14-6-14_1\/thumbs\/thumbs_img_4644.jpg\"\n                    width=\"100\"\n                    height=\"75\"\n                    style=\"max-width:100%;\"\n                \/>\n            <\/a>\n        <\/div>\n\t\t\t\t\t\t\t<\/div> \n\t\t\t\n        \n\t\t\t\t<div id=\"ngg-image-2\" class=\"ngg-gallery-thumbnail-box\" >\n\t\t\t\t        <div class=\"ngg-gallery-thumbnail\">\n            <a href=\"http:\/\/www.freimarianne.ch\/wp-content\/gallery\/gampel-goppenstein-14-6-14_1\/img_4646.jpg\"\n               title=\"\"\n               data-src=\"http:\/\/www.freimarianne.ch\/wp-content\/gallery\/gampel-goppenstein-14-6-14_1\/img_4646.jpg\"\n               data-thumbnail=\"http:\/\/www.freimarianne.ch\/wp-content\/gallery\/gampel-goppenstein-14-6-14_1\/thumbs\/thumbs_img_4646.jpg\"\n               data-image-id=\"8419\"\n               data-title=\"img_4646\"\n               data-description=\"\"\n               data-image-slug=\"img_4646\"\n               class=\"shutterset_8752\">\n                <img\n                    title=\"img_4646\"\n                    alt=\"img_4646\"\n                    src=\"http:\/\/www.freimarianne.ch\/wp-content\/gallery\/gampel-goppenstein-14-6-14_1\/thumbs\/thumbs_img_4646.jpg\"\n                    width=\"100\"\n                    height=\"75\"\n                    style=\"max-width:100%;\"\n                \/>\n            <\/a>\n        <\/div>\n\t\t\t\t\t\t\t<\/div> \n\t\t\t\n        \n\t\t\t\t<div id=\"ngg-image-3\" class=\"ngg-gallery-thumbnail-box\" >\n\t\t\t\t        <div class=\"ngg-gallery-thumbnail\">\n            <a href=\"http:\/\/www.freimarianne.ch\/wp-content\/gallery\/gampel-goppenstein-14-6-14_1\/img_4653.jpg\"\n               title=\"\"\n               data-src=\"http:\/\/www.freimarianne.ch\/wp-content\/gallery\/gampel-goppenstein-14-6-14_1\/img_4653.jpg\"\n               data-thumbnail=\"http:\/\/www.freimarianne.ch\/wp-content\/gallery\/gampel-goppenstein-14-6-14_1\/thumbs\/thumbs_img_4653.jpg\"\n               data-image-id=\"8420\"\n               data-title=\"img_4653\"\n               data-description=\"\"\n               data-image-slug=\"img_4653\"\n               class=\"shutterset_8752\">\n                <img\n                    title=\"img_4653\"\n                    alt=\"img_4653\"\n                    src=\"http:\/\/www.freimarianne.ch\/wp-content\/gallery\/gampel-goppenstein-14-6-14_1\/thumbs\/thumbs_img_4653.jpg\"\n                    width=\"100\"\n                    height=\"75\"\n                    style=\"max-width:100%;\"\n                \/>\n            <\/a>\n        <\/div>\n\t\t\t\t\t\t\t<\/div> \n\t\t\t\n        \n\t\t\t\t<div id=\"ngg-image-4\" class=\"ngg-gallery-thumbnail-box\" >\n\t\t\t\t        <div class=\"ngg-gallery-thumbnail\">\n            <a href=\"http:\/\/www.freimarianne.ch\/wp-content\/gallery\/gampel-goppenstein-14-6-14_1\/img_4660.jpg\"\n               title=\"\"\n               data-src=\"http:\/\/www.freimarianne.ch\/wp-content\/gallery\/gampel-goppenstein-14-6-14_1\/img_4660.jpg\"\n               data-thumbnail=\"http:\/\/www.freimarianne.ch\/wp-content\/gallery\/gampel-goppenstein-14-6-14_1\/thumbs\/thumbs_img_4660.jpg\"\n               data-image-id=\"8421\"\n               data-title=\"img_4660\"\n               data-description=\"\"\n               data-image-slug=\"img_4660-3\"\n               class=\"shutterset_8752\">\n                <img\n                    title=\"img_4660\"\n                    alt=\"img_4660\"\n                    src=\"http:\/\/www.freimarianne.ch\/wp-content\/gallery\/gampel-goppenstein-14-6-14_1\/thumbs\/thumbs_img_4660.jpg\"\n                    width=\"100\"\n                    height=\"75\"\n                    style=\"max-width:100%;\"\n                \/>\n            <\/a>\n        <\/div>\n\t\t\t\t\t\t\t<\/div> \n\t\t\t\n        \n\t\t\t\t<div id=\"ngg-image-5\" class=\"ngg-gallery-thumbnail-box\" >\n\t\t\t\t        <div class=\"ngg-gallery-thumbnail\">\n            <a href=\"http:\/\/www.freimarianne.ch\/wp-content\/gallery\/gampel-goppenstein-14-6-14_1\/img_4669.jpg\"\n               title=\"\"\n               data-src=\"http:\/\/www.freimarianne.ch\/wp-content\/gallery\/gampel-goppenstein-14-6-14_1\/img_4669.jpg\"\n               data-thumbnail=\"http:\/\/www.freimarianne.ch\/wp-content\/gallery\/gampel-goppenstein-14-6-14_1\/thumbs\/thumbs_img_4669.jpg\"\n               data-image-id=\"8422\"\n               data-title=\"img_4669\"\n               data-description=\"\"\n               data-image-slug=\"img_4669\"\n               class=\"shutterset_8752\">\n                <img\n                    title=\"img_4669\"\n                    alt=\"img_4669\"\n                    src=\"http:\/\/www.freimarianne.ch\/wp-content\/gallery\/gampel-goppenstein-14-6-14_1\/thumbs\/thumbs_img_4669.jpg\"\n                    width=\"100\"\n                    height=\"75\"\n                    style=\"max-width:100%;\"\n                \/>\n            <\/a>\n        <\/div>\n\t\t\t\t\t\t\t<\/div> \n\t\t\t\n        \n\t\t\t\t<div id=\"ngg-image-6\" class=\"ngg-gallery-thumbnail-box\" >\n\t\t\t\t        <div class=\"ngg-gallery-thumbnail\">\n            <a href=\"http:\/\/www.freimarianne.ch\/wp-content\/gallery\/gampel-goppenstein-14-6-14_1\/img_4671.jpg\"\n               title=\"\"\n               data-src=\"http:\/\/www.freimarianne.ch\/wp-content\/gallery\/gampel-goppenstein-14-6-14_1\/img_4671.jpg\"\n               data-thumbnail=\"http:\/\/www.freimarianne.ch\/wp-content\/gallery\/gampel-goppenstein-14-6-14_1\/thumbs\/thumbs_img_4671.jpg\"\n               data-image-id=\"8423\"\n               data-title=\"img_4671\"\n               data-description=\"\"\n               data-image-slug=\"img_4671-2\"\n               class=\"shutterset_8752\">\n                <img\n                    title=\"img_4671\"\n                    alt=\"img_4671\"\n                    src=\"http:\/\/www.freimarianne.ch\/wp-content\/gallery\/gampel-goppenstein-14-6-14_1\/thumbs\/thumbs_img_4671.jpg\"\n                    width=\"100\"\n                    height=\"75\"\n                    style=\"max-width:100%;\"\n                \/>\n            <\/a>\n        <\/div>\n\t\t\t\t\t\t\t<\/div> \n\t\t\t\n        \n\t\t\t\t<div id=\"ngg-image-7\" class=\"ngg-gallery-thumbnail-box\" >\n\t\t\t\t        <div class=\"ngg-gallery-thumbnail\">\n            <a href=\"http:\/\/www.freimarianne.ch\/wp-content\/gallery\/gampel-goppenstein-14-6-14_1\/img_4674.jpg\"\n               title=\"\"\n               data-src=\"http:\/\/www.freimarianne.ch\/wp-content\/gallery\/gampel-goppenstein-14-6-14_1\/img_4674.jpg\"\n               data-thumbnail=\"http:\/\/www.freimarianne.ch\/wp-content\/gallery\/gampel-goppenstein-14-6-14_1\/thumbs\/thumbs_img_4674.jpg\"\n               data-image-id=\"8424\"\n               data-title=\"img_4674\"\n               data-description=\"\"\n               data-image-slug=\"img_4674-2\"\n               class=\"shutterset_8752\">\n                <img\n                    title=\"img_4674\"\n                    alt=\"img_4674\"\n                    src=\"http:\/\/www.freimarianne.ch\/wp-content\/gallery\/gampel-goppenstein-14-6-14_1\/thumbs\/thumbs_img_4674.jpg\"\n                    width=\"100\"\n                    height=\"75\"\n                    style=\"max-width:100%;\"\n                \/>\n            <\/a>\n        <\/div>\n\t\t\t\t\t\t\t<\/div> \n\t\t\t\n        \n\t\t\t\t<div id=\"ngg-image-8\" class=\"ngg-gallery-thumbnail-box\" >\n\t\t\t\t        <div class=\"ngg-gallery-thumbnail\">\n            <a href=\"http:\/\/www.freimarianne.ch\/wp-content\/gallery\/gampel-goppenstein-14-6-14_1\/img_4677.jpg\"\n               title=\"\"\n               data-src=\"http:\/\/www.freimarianne.ch\/wp-content\/gallery\/gampel-goppenstein-14-6-14_1\/img_4677.jpg\"\n               data-thumbnail=\"http:\/\/www.freimarianne.ch\/wp-content\/gallery\/gampel-goppenstein-14-6-14_1\/thumbs\/thumbs_img_4677.jpg\"\n               data-image-id=\"8425\"\n               data-title=\"img_4677\"\n               data-description=\"\"\n               data-image-slug=\"img_4677-2\"\n               class=\"shutterset_8752\">\n                <img\n                    title=\"img_4677\"\n                    alt=\"img_4677\"\n                    src=\"http:\/\/www.freimarianne.ch\/wp-content\/gallery\/gampel-goppenstein-14-6-14_1\/thumbs\/thumbs_img_4677.jpg\"\n                    width=\"100\"\n                    height=\"75\"\n                    style=\"max-width:100%;\"\n                \/>\n            <\/a>\n        <\/div>\n\t\t\t\t\t\t\t<\/div> \n\t\t\t\n        \n\t\t\t\t<div id=\"ngg-image-9\" class=\"ngg-gallery-thumbnail-box\" >\n\t\t\t\t        <div class=\"ngg-gallery-thumbnail\">\n            <a href=\"http:\/\/www.freimarianne.ch\/wp-content\/gallery\/gampel-goppenstein-14-6-14_1\/img_4681.jpg\"\n               title=\"\"\n               data-src=\"http:\/\/www.freimarianne.ch\/wp-content\/gallery\/gampel-goppenstein-14-6-14_1\/img_4681.jpg\"\n               data-thumbnail=\"http:\/\/www.freimarianne.ch\/wp-content\/gallery\/gampel-goppenstein-14-6-14_1\/thumbs\/thumbs_img_4681.jpg\"\n               data-image-id=\"8426\"\n               data-title=\"img_4681\"\n               data-description=\"\"\n               data-image-slug=\"img_4681\"\n               class=\"shutterset_8752\">\n                <img\n                    title=\"img_4681\"\n                    alt=\"img_4681\"\n                    src=\"http:\/\/www.freimarianne.ch\/wp-content\/gallery\/gampel-goppenstein-14-6-14_1\/thumbs\/thumbs_img_4681.jpg\"\n                    width=\"100\"\n                    height=\"75\"\n                    style=\"max-width:100%;\"\n                \/>\n            <\/a>\n        <\/div>\n\t\t\t\t\t\t\t<\/div> \n\t\t\t\n        \n\t\t\t\t<div id=\"ngg-image-10\" class=\"ngg-gallery-thumbnail-box\" >\n\t\t\t\t        <div class=\"ngg-gallery-thumbnail\">\n            <a href=\"http:\/\/www.freimarianne.ch\/wp-content\/gallery\/gampel-goppenstein-14-6-14_1\/img_4692.jpg\"\n               title=\"\"\n               data-src=\"http:\/\/www.freimarianne.ch\/wp-content\/gallery\/gampel-goppenstein-14-6-14_1\/img_4692.jpg\"\n               data-thumbnail=\"http:\/\/www.freimarianne.ch\/wp-content\/gallery\/gampel-goppenstein-14-6-14_1\/thumbs\/thumbs_img_4692.jpg\"\n               data-image-id=\"8427\"\n               data-title=\"img_4692\"\n               data-description=\"\"\n               data-image-slug=\"img_4692\"\n               class=\"shutterset_8752\">\n                <img\n                    title=\"img_4692\"\n                    alt=\"img_4692\"\n                    src=\"http:\/\/www.freimarianne.ch\/wp-content\/gallery\/gampel-goppenstein-14-6-14_1\/thumbs\/thumbs_img_4692.jpg\"\n                    width=\"100\"\n                    height=\"75\"\n                    style=\"max-width:100%;\"\n                \/>\n            <\/a>\n        <\/div>\n\t\t\t\t\t\t\t<\/div> \n\t\t\t\n        \n\t\t\n\t\t<!-- Pagination -->\n\t<div class='ngg-clear'><\/div>\t<\/div>\n<\/p>\n","protected":false},"excerpt":{"rendered":"<p>Bergwanderung von Gampel nach Jeizinen &#8211; \u00fcber Roten Graben nach Goppenstein Abmarsch ca. 9.00 in Gampel\/Steg. Aufstieg in Kehren auf einem Saumweg in der sonnigen Felslandschaft am Jeizib\u00e4rgi. Bald kommen wir in den Wald, wo es etwas k\u00fchler und die Gegend etwas lieblicher wird. Wir sehen viele Jupiter-Lichtnelken in den Wiesen. Wir gehen an den [&hellip;]<\/p>\n","protected":false},"author":1,"featured_media":0,"parent":5303,"menu_order":5,"comment_status":"closed","ping_status":"closed","template":"","meta":{"ngg_post_thumbnail":0},"_links":{"self":[{"href":"http:\/\/www.freimarianne.ch\/index.php?rest_route=\/wp\/v2\/pages\/5337"}],"collection":[{"href":"http:\/\/www.freimarianne.ch\/index.php?rest_route=\/wp\/v2\/pages"}],"about":[{"href":"http:\/\/www.freimarianne.ch\/index.php?rest_route=\/wp\/v2\/types\/page"}],"author":[{"embeddable":true,"href":"http:\/\/www.freimarianne.ch\/index.php?rest_route=\/wp\/v2\/users\/1"}],"replies":[{"embeddable":true,"href":"http:\/\/www.freimarianne.ch\/index.php?rest_route=%2Fwp%2Fv2%2Fcomments&post=5337"}],"version-history":[{"count":10,"href":"http:\/\/www.freimarianne.ch\/index.php?rest_route=\/wp\/v2\/pages\/5337\/revisions"}],"predecessor-version":[{"id":8754,"href":"http:\/\/www.freimarianne.ch\/index.php?rest_route=\/wp\/v2\/pages\/5337\/revisions\/8754"}],"up":[{"embeddable":true,"href":"http:\/\/www.freimarianne.ch\/index.php?rest_route=\/wp\/v2\/pages\/5303"}],"wp:attachment":[{"href":"http:\/\/www.freimarianne.ch\/index.php?rest_route=%2Fwp%2Fv2%2Fmedia&parent=5337"}],"curies":[{"name":"wp","href":"https:\/\/api.w.org\/{rel}","templated":true}]}}