{"id":5351,"date":"2014-06-20T08:41:25","date_gmt":"2014-06-20T07:41:25","guid":{"rendered":"http:\/\/www.freimarianne.ch\/?page_id=5351"},"modified":"2015-01-03T10:41:37","modified_gmt":"2015-01-03T09:41:37","slug":"stanserhorn-nw-17-6-2014","status":"publish","type":"page","link":"http:\/\/www.freimarianne.ch\/?page_id=5351","title":{"rendered":"Stanserhorn, NW 17.6.2014"},"content":{"rendered":"<p><strong>Bergwanderung <\/strong> auf das Stanserhorn mit dem Akzentforum<\/p>\n<p><img loading=\"lazy\" class=\"aligncenter size-full wp-image-5353\" src=\"http:\/\/www.freimarianne.ch\/wp-content\/uploads\/2014\/06\/IMG_4728_stanserhorn_500.jpg\" alt=\"IMG_4728_stanserhorn_500\" width=\"500\" height=\"375\" srcset=\"http:\/\/www.freimarianne.ch\/wp-content\/uploads\/2014\/06\/IMG_4728_stanserhorn_500.jpg 500w, http:\/\/www.freimarianne.ch\/wp-content\/uploads\/2014\/06\/IMG_4728_stanserhorn_500-300x225.jpg 300w, http:\/\/www.freimarianne.ch\/wp-content\/uploads\/2014\/06\/IMG_4728_stanserhorn_500-400x300.jpg 400w\" sizes=\"(max-width: 500px) 100vw, 500px\" \/><br \/>\nUm 9.00 beginnen wir unseren Aufstieg auf das Stanserhorn bei Ch\u00e4lti 710m. Der Weg f\u00fchrt im Wald in langen Kehren hinauf zum Chalcherli 1170m. Bald gibt es den ersten Trinkhal.Weiter geht es hinauf am sehr steilen Hang des Stanserhorns. Bei der Ahornh\u00fctte 1445m machen wir einen weiteren Halt.<br \/>\nFalls wir nicht gerade im Bergwald gehen, sehen wir viele Orchideen (Fuchs&#8217; Knabenkraut, Dactylorhiza Fuchsie,) auf den Bergwiesen. Von der Ahornh\u00fctte aus nehmen wir die linke Abzweigung zum Stanserhorn, die uns in etlichen Kehren hinauf auf den Grat zur Alp Blatti 1564m f\u00fchrt. Hier finden wir einen Tisch mit B\u00e4nken, ein idealer Ort f\u00fcr die Mittagspause. Dann geht es weiter am s\u00fcdlichen Wiesengrat hin\u00fcber zur Rinderalp 1635m. Nun erfolgt noch ein steiler Anstieg zum Stanserhorn auf dem Gratweg. Die steil abfallenden Wiesen sind voll von weissen K\u00fcchenschellen (Pulsatilla alpina) und Narzissenbl\u00e4ttrigen Windr\u00f6schen (Anemone narcissiflora).<br \/>\nEndlich sind wir oben beim Restaurant! Es ist k\u00fchl und windig und wir haben keinerlei Aussicht. Gleich geht es noch zum eigentlichen Gipfel hinauf, wo ein Gruppenbild gemacht wird ( 14.00 h) Wir k\u00f6nnen stolz sein auf unsere Leistung. Wir waren 5 Stunden unterwegs und haben drei Pausen gemacht). In dieser Zeit haben wir 1200 H\u00f6henmeter hinter uns gebracht. Daf\u00fcr gibt es eine Belohnung im Restaurant!<br \/>\nZufrieden besteigen wir die Cabriobahn &#8211; die Unentwegten stehen trotz des k\u00fchlen WIndes auf dem Deck und geniessen die sanfte Fahrt hinunter ins Tal.<br \/>\nDies war eine sch\u00f6ne Wanderung auch wenn wir keine Alpensicht hatten.<br \/>\n<!-- index.php -->\n<div\n\tclass=\"ngg-galleryoverview ngg-ajax-pagination-none\"\n\tid=\"ngg-gallery-8755-1\">\n\n    \t<div class=\"slideshowlink\">\n        <a href='http:\/\/www.freimarianne.ch\/index.php\/nggallery\/slideshow?page_id=5351'>[Show as slideshow]<\/a>\n\t\t\n\t<\/div>\n\t\t\t<!-- Thumbnails -->\n\t\t\t\t<div id=\"ngg-image-0\" class=\"ngg-gallery-thumbnail-box\" >\n\t\t\t\t        <div class=\"ngg-gallery-thumbnail\">\n            <a href=\"http:\/\/www.freimarianne.ch\/wp-content\/gallery\/stanserhorn-17-6-14\/img_1628.jpg\"\n               title=\"\"\n               data-src=\"http:\/\/www.freimarianne.ch\/wp-content\/gallery\/stanserhorn-17-6-14\/img_1628.jpg\"\n               data-thumbnail=\"http:\/\/www.freimarianne.ch\/wp-content\/gallery\/stanserhorn-17-6-14\/thumbs\/thumbs_img_1628.jpg\"\n               data-image-id=\"8428\"\n               data-title=\"img_1628\"\n               data-description=\"\"\n               data-image-slug=\"img_1628\"\n               class=\"shutterset_8755\">\n                <img\n                    title=\"img_1628\"\n                    alt=\"img_1628\"\n                    src=\"http:\/\/www.freimarianne.ch\/wp-content\/gallery\/stanserhorn-17-6-14\/thumbs\/thumbs_img_1628.jpg\"\n                    width=\"100\"\n                    height=\"75\"\n                    style=\"max-width:100%;\"\n                \/>\n            <\/a>\n        <\/div>\n\t\t\t\t\t\t\t<\/div> \n\t\t\t\n        \n\t\t\t\t<div id=\"ngg-image-1\" class=\"ngg-gallery-thumbnail-box\" >\n\t\t\t\t        <div class=\"ngg-gallery-thumbnail\">\n            <a href=\"http:\/\/www.freimarianne.ch\/wp-content\/gallery\/stanserhorn-17-6-14\/img_4704.jpg\"\n               title=\"\"\n               data-src=\"http:\/\/www.freimarianne.ch\/wp-content\/gallery\/stanserhorn-17-6-14\/img_4704.jpg\"\n               data-thumbnail=\"http:\/\/www.freimarianne.ch\/wp-content\/gallery\/stanserhorn-17-6-14\/thumbs\/thumbs_img_4704.jpg\"\n               data-image-id=\"8429\"\n               data-title=\"img_4704\"\n               data-description=\"\"\n               data-image-slug=\"img_4704\"\n               class=\"shutterset_8755\">\n                <img\n                    title=\"img_4704\"\n                    alt=\"img_4704\"\n                    src=\"http:\/\/www.freimarianne.ch\/wp-content\/gallery\/stanserhorn-17-6-14\/thumbs\/thumbs_img_4704.jpg\"\n                    width=\"100\"\n                    height=\"75\"\n                    style=\"max-width:100%;\"\n                \/>\n            <\/a>\n        <\/div>\n\t\t\t\t\t\t\t<\/div> \n\t\t\t\n        \n\t\t\t\t<div id=\"ngg-image-2\" class=\"ngg-gallery-thumbnail-box\" >\n\t\t\t\t        <div class=\"ngg-gallery-thumbnail\">\n            <a href=\"http:\/\/www.freimarianne.ch\/wp-content\/gallery\/stanserhorn-17-6-14\/img_4705.jpg\"\n               title=\"\"\n               data-src=\"http:\/\/www.freimarianne.ch\/wp-content\/gallery\/stanserhorn-17-6-14\/img_4705.jpg\"\n               data-thumbnail=\"http:\/\/www.freimarianne.ch\/wp-content\/gallery\/stanserhorn-17-6-14\/thumbs\/thumbs_img_4705.jpg\"\n               data-image-id=\"8430\"\n               data-title=\"img_4705\"\n               data-description=\"\"\n               data-image-slug=\"img_4705-2\"\n               class=\"shutterset_8755\">\n                <img\n                    title=\"img_4705\"\n                    alt=\"img_4705\"\n                    src=\"http:\/\/www.freimarianne.ch\/wp-content\/gallery\/stanserhorn-17-6-14\/thumbs\/thumbs_img_4705.jpg\"\n                    width=\"100\"\n                    height=\"75\"\n                    style=\"max-width:100%;\"\n                \/>\n            <\/a>\n        <\/div>\n\t\t\t\t\t\t\t<\/div> \n\t\t\t\n        \n\t\t\t\t<div id=\"ngg-image-3\" class=\"ngg-gallery-thumbnail-box\" >\n\t\t\t\t        <div class=\"ngg-gallery-thumbnail\">\n            <a href=\"http:\/\/www.freimarianne.ch\/wp-content\/gallery\/stanserhorn-17-6-14\/img_4706.jpg\"\n               title=\"\"\n               data-src=\"http:\/\/www.freimarianne.ch\/wp-content\/gallery\/stanserhorn-17-6-14\/img_4706.jpg\"\n               data-thumbnail=\"http:\/\/www.freimarianne.ch\/wp-content\/gallery\/stanserhorn-17-6-14\/thumbs\/thumbs_img_4706.jpg\"\n               data-image-id=\"8431\"\n               data-title=\"img_4706\"\n               data-description=\"\"\n               data-image-slug=\"img_4706-2\"\n               class=\"shutterset_8755\">\n                <img\n                    title=\"img_4706\"\n                    alt=\"img_4706\"\n                    src=\"http:\/\/www.freimarianne.ch\/wp-content\/gallery\/stanserhorn-17-6-14\/thumbs\/thumbs_img_4706.jpg\"\n                    width=\"100\"\n                    height=\"75\"\n                    style=\"max-width:100%;\"\n                \/>\n            <\/a>\n        <\/div>\n\t\t\t\t\t\t\t<\/div> \n\t\t\t\n        \n\t\t\t\t<div id=\"ngg-image-4\" class=\"ngg-gallery-thumbnail-box\" >\n\t\t\t\t        <div class=\"ngg-gallery-thumbnail\">\n            <a href=\"http:\/\/www.freimarianne.ch\/wp-content\/gallery\/stanserhorn-17-6-14\/img_4708.jpg\"\n               title=\"\"\n               data-src=\"http:\/\/www.freimarianne.ch\/wp-content\/gallery\/stanserhorn-17-6-14\/img_4708.jpg\"\n               data-thumbnail=\"http:\/\/www.freimarianne.ch\/wp-content\/gallery\/stanserhorn-17-6-14\/thumbs\/thumbs_img_4708.jpg\"\n               data-image-id=\"8432\"\n               data-title=\"img_4708\"\n               data-description=\"\"\n               data-image-slug=\"img_4708\"\n               class=\"shutterset_8755\">\n                <img\n                    title=\"img_4708\"\n                    alt=\"img_4708\"\n                    src=\"http:\/\/www.freimarianne.ch\/wp-content\/gallery\/stanserhorn-17-6-14\/thumbs\/thumbs_img_4708.jpg\"\n                    width=\"100\"\n                    height=\"75\"\n                    style=\"max-width:100%;\"\n                \/>\n            <\/a>\n        <\/div>\n\t\t\t\t\t\t\t<\/div> \n\t\t\t\n        \n\t\t\t\t<div id=\"ngg-image-5\" class=\"ngg-gallery-thumbnail-box\" >\n\t\t\t\t        <div class=\"ngg-gallery-thumbnail\">\n            <a href=\"http:\/\/www.freimarianne.ch\/wp-content\/gallery\/stanserhorn-17-6-14\/img_4710.jpg\"\n               title=\"\"\n               data-src=\"http:\/\/www.freimarianne.ch\/wp-content\/gallery\/stanserhorn-17-6-14\/img_4710.jpg\"\n               data-thumbnail=\"http:\/\/www.freimarianne.ch\/wp-content\/gallery\/stanserhorn-17-6-14\/thumbs\/thumbs_img_4710.jpg\"\n               data-image-id=\"8433\"\n               data-title=\"img_4710\"\n               data-description=\"\"\n               data-image-slug=\"img_4710-2\"\n               class=\"shutterset_8755\">\n                <img\n                    title=\"img_4710\"\n                    alt=\"img_4710\"\n                    src=\"http:\/\/www.freimarianne.ch\/wp-content\/gallery\/stanserhorn-17-6-14\/thumbs\/thumbs_img_4710.jpg\"\n                    width=\"100\"\n                    height=\"75\"\n                    style=\"max-width:100%;\"\n                \/>\n            <\/a>\n        <\/div>\n\t\t\t\t\t\t\t<\/div> \n\t\t\t\n        \n\t\t\t\t<div id=\"ngg-image-6\" class=\"ngg-gallery-thumbnail-box\" >\n\t\t\t\t        <div class=\"ngg-gallery-thumbnail\">\n            <a href=\"http:\/\/www.freimarianne.ch\/wp-content\/gallery\/stanserhorn-17-6-14\/img_4711.jpg\"\n               title=\"\"\n               data-src=\"http:\/\/www.freimarianne.ch\/wp-content\/gallery\/stanserhorn-17-6-14\/img_4711.jpg\"\n               data-thumbnail=\"http:\/\/www.freimarianne.ch\/wp-content\/gallery\/stanserhorn-17-6-14\/thumbs\/thumbs_img_4711.jpg\"\n               data-image-id=\"8434\"\n               data-title=\"img_4711\"\n               data-description=\"\"\n               data-image-slug=\"img_4711-2\"\n               class=\"shutterset_8755\">\n                <img\n                    title=\"img_4711\"\n                    alt=\"img_4711\"\n                    src=\"http:\/\/www.freimarianne.ch\/wp-content\/gallery\/stanserhorn-17-6-14\/thumbs\/thumbs_img_4711.jpg\"\n                    width=\"100\"\n                    height=\"75\"\n                    style=\"max-width:100%;\"\n                \/>\n            <\/a>\n        <\/div>\n\t\t\t\t\t\t\t<\/div> \n\t\t\t\n        \n\t\t\t\t<div id=\"ngg-image-7\" class=\"ngg-gallery-thumbnail-box\" >\n\t\t\t\t        <div class=\"ngg-gallery-thumbnail\">\n            <a href=\"http:\/\/www.freimarianne.ch\/wp-content\/gallery\/stanserhorn-17-6-14\/img_4715.jpg\"\n               title=\"\"\n               data-src=\"http:\/\/www.freimarianne.ch\/wp-content\/gallery\/stanserhorn-17-6-14\/img_4715.jpg\"\n               data-thumbnail=\"http:\/\/www.freimarianne.ch\/wp-content\/gallery\/stanserhorn-17-6-14\/thumbs\/thumbs_img_4715.jpg\"\n               data-image-id=\"8435\"\n               data-title=\"img_4715\"\n               data-description=\"\"\n               data-image-slug=\"img_4715-3\"\n               class=\"shutterset_8755\">\n                <img\n                    title=\"img_4715\"\n                    alt=\"img_4715\"\n                    src=\"http:\/\/www.freimarianne.ch\/wp-content\/gallery\/stanserhorn-17-6-14\/thumbs\/thumbs_img_4715.jpg\"\n                    width=\"100\"\n                    height=\"75\"\n                    style=\"max-width:100%;\"\n                \/>\n            <\/a>\n        <\/div>\n\t\t\t\t\t\t\t<\/div> \n\t\t\t\n        \n\t\t\t\t<div id=\"ngg-image-8\" class=\"ngg-gallery-thumbnail-box\" >\n\t\t\t\t        <div class=\"ngg-gallery-thumbnail\">\n            <a href=\"http:\/\/www.freimarianne.ch\/wp-content\/gallery\/stanserhorn-17-6-14\/img_4719.jpg\"\n               title=\"\"\n               data-src=\"http:\/\/www.freimarianne.ch\/wp-content\/gallery\/stanserhorn-17-6-14\/img_4719.jpg\"\n               data-thumbnail=\"http:\/\/www.freimarianne.ch\/wp-content\/gallery\/stanserhorn-17-6-14\/thumbs\/thumbs_img_4719.jpg\"\n               data-image-id=\"8436\"\n               data-title=\"img_4719\"\n               data-description=\"\"\n               data-image-slug=\"img_4719-2\"\n               class=\"shutterset_8755\">\n                <img\n                    title=\"img_4719\"\n                    alt=\"img_4719\"\n                    src=\"http:\/\/www.freimarianne.ch\/wp-content\/gallery\/stanserhorn-17-6-14\/thumbs\/thumbs_img_4719.jpg\"\n                    width=\"100\"\n                    height=\"75\"\n                    style=\"max-width:100%;\"\n                \/>\n            <\/a>\n        <\/div>\n\t\t\t\t\t\t\t<\/div> \n\t\t\t\n        \n\t\t\t\t<div id=\"ngg-image-9\" class=\"ngg-gallery-thumbnail-box\" >\n\t\t\t\t        <div class=\"ngg-gallery-thumbnail\">\n            <a href=\"http:\/\/www.freimarianne.ch\/wp-content\/gallery\/stanserhorn-17-6-14\/img_4721.jpg\"\n               title=\"\"\n               data-src=\"http:\/\/www.freimarianne.ch\/wp-content\/gallery\/stanserhorn-17-6-14\/img_4721.jpg\"\n               data-thumbnail=\"http:\/\/www.freimarianne.ch\/wp-content\/gallery\/stanserhorn-17-6-14\/thumbs\/thumbs_img_4721.jpg\"\n               data-image-id=\"8437\"\n               data-title=\"img_4721\"\n               data-description=\"\"\n               data-image-slug=\"img_4721\"\n               class=\"shutterset_8755\">\n                <img\n                    title=\"img_4721\"\n                    alt=\"img_4721\"\n                    src=\"http:\/\/www.freimarianne.ch\/wp-content\/gallery\/stanserhorn-17-6-14\/thumbs\/thumbs_img_4721.jpg\"\n                    width=\"100\"\n                    height=\"75\"\n                    style=\"max-width:100%;\"\n                \/>\n            <\/a>\n        <\/div>\n\t\t\t\t\t\t\t<\/div> \n\t\t\t\n        \n\t\t\t\t<div id=\"ngg-image-10\" class=\"ngg-gallery-thumbnail-box\" >\n\t\t\t\t        <div class=\"ngg-gallery-thumbnail\">\n            <a href=\"http:\/\/www.freimarianne.ch\/wp-content\/gallery\/stanserhorn-17-6-14\/img_4723.jpg\"\n               title=\"\"\n               data-src=\"http:\/\/www.freimarianne.ch\/wp-content\/gallery\/stanserhorn-17-6-14\/img_4723.jpg\"\n               data-thumbnail=\"http:\/\/www.freimarianne.ch\/wp-content\/gallery\/stanserhorn-17-6-14\/thumbs\/thumbs_img_4723.jpg\"\n               data-image-id=\"8438\"\n               data-title=\"img_4723\"\n               data-description=\"\"\n               data-image-slug=\"img_4723\"\n               class=\"shutterset_8755\">\n                <img\n                    title=\"img_4723\"\n                    alt=\"img_4723\"\n                    src=\"http:\/\/www.freimarianne.ch\/wp-content\/gallery\/stanserhorn-17-6-14\/thumbs\/thumbs_img_4723.jpg\"\n                    width=\"100\"\n                    height=\"75\"\n                    style=\"max-width:100%;\"\n                \/>\n            <\/a>\n        <\/div>\n\t\t\t\t\t\t\t<\/div> \n\t\t\t\n        \n\t\t\t\t<div id=\"ngg-image-11\" class=\"ngg-gallery-thumbnail-box\" >\n\t\t\t\t        <div class=\"ngg-gallery-thumbnail\">\n            <a href=\"http:\/\/www.freimarianne.ch\/wp-content\/gallery\/stanserhorn-17-6-14\/img_4724.jpg\"\n               title=\"\"\n               data-src=\"http:\/\/www.freimarianne.ch\/wp-content\/gallery\/stanserhorn-17-6-14\/img_4724.jpg\"\n               data-thumbnail=\"http:\/\/www.freimarianne.ch\/wp-content\/gallery\/stanserhorn-17-6-14\/thumbs\/thumbs_img_4724.jpg\"\n               data-image-id=\"8439\"\n               data-title=\"img_4724\"\n               data-description=\"\"\n               data-image-slug=\"img_4724\"\n               class=\"shutterset_8755\">\n                <img\n                    title=\"img_4724\"\n                    alt=\"img_4724\"\n                    src=\"http:\/\/www.freimarianne.ch\/wp-content\/gallery\/stanserhorn-17-6-14\/thumbs\/thumbs_img_4724.jpg\"\n                    width=\"100\"\n                    height=\"75\"\n                    style=\"max-width:100%;\"\n                \/>\n            <\/a>\n        <\/div>\n\t\t\t\t\t\t\t<\/div> \n\t\t\t\n        \n\t\t\t\t<div id=\"ngg-image-12\" class=\"ngg-gallery-thumbnail-box\" >\n\t\t\t\t        <div class=\"ngg-gallery-thumbnail\">\n            <a href=\"http:\/\/www.freimarianne.ch\/wp-content\/gallery\/stanserhorn-17-6-14\/img_4727.jpg\"\n               title=\"\"\n               data-src=\"http:\/\/www.freimarianne.ch\/wp-content\/gallery\/stanserhorn-17-6-14\/img_4727.jpg\"\n               data-thumbnail=\"http:\/\/www.freimarianne.ch\/wp-content\/gallery\/stanserhorn-17-6-14\/thumbs\/thumbs_img_4727.jpg\"\n               data-image-id=\"8440\"\n               data-title=\"img_4727\"\n               data-description=\"\"\n               data-image-slug=\"img_4727-2\"\n               class=\"shutterset_8755\">\n                <img\n                    title=\"img_4727\"\n                    alt=\"img_4727\"\n                    src=\"http:\/\/www.freimarianne.ch\/wp-content\/gallery\/stanserhorn-17-6-14\/thumbs\/thumbs_img_4727.jpg\"\n                    width=\"100\"\n                    height=\"75\"\n                    style=\"max-width:100%;\"\n                \/>\n            <\/a>\n        <\/div>\n\t\t\t\t\t\t\t<\/div> \n\t\t\t\n        \n\t\t\t\t<div id=\"ngg-image-13\" class=\"ngg-gallery-thumbnail-box\" >\n\t\t\t\t        <div class=\"ngg-gallery-thumbnail\">\n            <a href=\"http:\/\/www.freimarianne.ch\/wp-content\/gallery\/stanserhorn-17-6-14\/img_4732.jpg\"\n               title=\"\"\n               data-src=\"http:\/\/www.freimarianne.ch\/wp-content\/gallery\/stanserhorn-17-6-14\/img_4732.jpg\"\n               data-thumbnail=\"http:\/\/www.freimarianne.ch\/wp-content\/gallery\/stanserhorn-17-6-14\/thumbs\/thumbs_img_4732.jpg\"\n               data-image-id=\"8441\"\n               data-title=\"img_4732\"\n               data-description=\"\"\n               data-image-slug=\"img_4732\"\n               class=\"shutterset_8755\">\n                <img\n                    title=\"img_4732\"\n                    alt=\"img_4732\"\n                    src=\"http:\/\/www.freimarianne.ch\/wp-content\/gallery\/stanserhorn-17-6-14\/thumbs\/thumbs_img_4732.jpg\"\n                    width=\"100\"\n                    height=\"75\"\n                    style=\"max-width:100%;\"\n                \/>\n            <\/a>\n        <\/div>\n\t\t\t\t\t\t\t<\/div> \n\t\t\t\n        \n\t\t\t\t<div id=\"ngg-image-14\" class=\"ngg-gallery-thumbnail-box\" >\n\t\t\t\t        <div class=\"ngg-gallery-thumbnail\">\n            <a href=\"http:\/\/www.freimarianne.ch\/wp-content\/gallery\/stanserhorn-17-6-14\/img_4748.jpg\"\n               title=\"\"\n               data-src=\"http:\/\/www.freimarianne.ch\/wp-content\/gallery\/stanserhorn-17-6-14\/img_4748.jpg\"\n               data-thumbnail=\"http:\/\/www.freimarianne.ch\/wp-content\/gallery\/stanserhorn-17-6-14\/thumbs\/thumbs_img_4748.jpg\"\n               data-image-id=\"8442\"\n               data-title=\"img_4748\"\n               data-description=\"\"\n               data-image-slug=\"img_4748-2\"\n               class=\"shutterset_8755\">\n                <img\n                    title=\"img_4748\"\n                    alt=\"img_4748\"\n                    src=\"http:\/\/www.freimarianne.ch\/wp-content\/gallery\/stanserhorn-17-6-14\/thumbs\/thumbs_img_4748.jpg\"\n                    width=\"100\"\n                    height=\"75\"\n                    style=\"max-width:100%;\"\n                \/>\n            <\/a>\n        <\/div>\n\t\t\t\t\t\t\t<\/div> \n\t\t\t\n        \n\t\t\t\t<div id=\"ngg-image-15\" class=\"ngg-gallery-thumbnail-box\" >\n\t\t\t\t        <div class=\"ngg-gallery-thumbnail\">\n            <a href=\"http:\/\/www.freimarianne.ch\/wp-content\/gallery\/stanserhorn-17-6-14\/img_4749.jpg\"\n               title=\"\"\n               data-src=\"http:\/\/www.freimarianne.ch\/wp-content\/gallery\/stanserhorn-17-6-14\/img_4749.jpg\"\n               data-thumbnail=\"http:\/\/www.freimarianne.ch\/wp-content\/gallery\/stanserhorn-17-6-14\/thumbs\/thumbs_img_4749.jpg\"\n               data-image-id=\"8443\"\n               data-title=\"img_4749\"\n               data-description=\"\"\n               data-image-slug=\"img_4749\"\n               class=\"shutterset_8755\">\n                <img\n                    title=\"img_4749\"\n                    alt=\"img_4749\"\n                    src=\"http:\/\/www.freimarianne.ch\/wp-content\/gallery\/stanserhorn-17-6-14\/thumbs\/thumbs_img_4749.jpg\"\n                    width=\"100\"\n                    height=\"75\"\n                    style=\"max-width:100%;\"\n                \/>\n            <\/a>\n        <\/div>\n\t\t\t\t\t\t\t<\/div> \n\t\t\t\n        \n\t\t\n\t\t<!-- Pagination -->\n\t<div class='ngg-clear'><\/div>\t<\/div>\n]<\/p>\n","protected":false},"excerpt":{"rendered":"<p>Bergwanderung auf das Stanserhorn mit dem Akzentforum Um 9.00 beginnen wir unseren Aufstieg auf das Stanserhorn bei Ch\u00e4lti 710m. Der Weg f\u00fchrt im Wald in langen Kehren hinauf zum Chalcherli 1170m. Bald gibt es den ersten Trinkhal.Weiter geht es hinauf am sehr steilen Hang des Stanserhorns. Bei der Ahornh\u00fctte 1445m machen wir einen weiteren Halt. [&hellip;]<\/p>\n","protected":false},"author":1,"featured_media":0,"parent":5303,"menu_order":6,"comment_status":"closed","ping_status":"closed","template":"","meta":{"ngg_post_thumbnail":0},"_links":{"self":[{"href":"http:\/\/www.freimarianne.ch\/index.php?rest_route=\/wp\/v2\/pages\/5351"}],"collection":[{"href":"http:\/\/www.freimarianne.ch\/index.php?rest_route=\/wp\/v2\/pages"}],"about":[{"href":"http:\/\/www.freimarianne.ch\/index.php?rest_route=\/wp\/v2\/types\/page"}],"author":[{"embeddable":true,"href":"http:\/\/www.freimarianne.ch\/index.php?rest_route=\/wp\/v2\/users\/1"}],"replies":[{"embeddable":true,"href":"http:\/\/www.freimarianne.ch\/index.php?rest_route=%2Fwp%2Fv2%2Fcomments&post=5351"}],"version-history":[{"count":11,"href":"http:\/\/www.freimarianne.ch\/index.php?rest_route=\/wp\/v2\/pages\/5351\/revisions"}],"predecessor-version":[{"id":8757,"href":"http:\/\/www.freimarianne.ch\/index.php?rest_route=\/wp\/v2\/pages\/5351\/revisions\/8757"}],"up":[{"embeddable":true,"href":"http:\/\/www.freimarianne.ch\/index.php?rest_route=\/wp\/v2\/pages\/5303"}],"wp:attachment":[{"href":"http:\/\/www.freimarianne.ch\/index.php?rest_route=%2Fwp%2Fv2%2Fmedia&parent=5351"}],"curies":[{"name":"wp","href":"https:\/\/api.w.org\/{rel}","templated":true}]}}