{"id":5464,"date":"2014-07-10T07:17:23","date_gmt":"2014-07-10T06:17:23","guid":{"rendered":"http:\/\/www.freimarianne.ch\/?page_id=5464"},"modified":"2014-07-12T08:22:24","modified_gmt":"2014-07-12T07:22:24","slug":"teneriffa-9-5-2014","status":"publish","type":"page","link":"http:\/\/www.freimarianne.ch\/?page_id=5464","title":{"rendered":"Teneriffa  9.5.2014"},"content":{"rendered":"<p><strong>Freier Tag in Medano<\/strong><\/p>\n<p><img loading=\"lazy\" src=\"http:\/\/www.freimarianne.ch\/wp-content\/uploads\/2014\/07\/IMG_4064_9.5.jpg\" alt=\"IMG_4064_9.5\" width=\"500\" height=\"375\" class=\"aligncenter size-full wp-image-5479\" srcset=\"http:\/\/www.freimarianne.ch\/wp-content\/uploads\/2014\/07\/IMG_4064_9.5.jpg 500w, http:\/\/www.freimarianne.ch\/wp-content\/uploads\/2014\/07\/IMG_4064_9.5-300x225.jpg 300w, http:\/\/www.freimarianne.ch\/wp-content\/uploads\/2014\/07\/IMG_4064_9.5-400x300.jpg 400w\" sizes=\"(max-width: 500px) 100vw, 500px\" \/><\/a><br \/>\nDer Bus bringt uns noch nach Medano, unseren letzten Aufenthaltsort vor der Abreise. Nach unserer Ankunft k\u00f6nnen wir gleich die Zimmer  beziehen und uns bereit machen f\u00fcr den tropischen Sturm (Calima, ein warmer W\u00fcstenwind aus der Sahara Wind) der draussen weht.<br \/>\nWir gehen noch etwas im Ort spazieren.<br \/>\nDa heute der Tag zur freien Verf\u00fcgung ist dieser Bericht nicht repr\u00e4sentativ.r<br \/>\nMir  bietet sich die Gelegenheit in guter Gesellschaft  mit dem Ortsbus  in die Hauptstadt Santa Cruz zu fahren. Diese Stadt ist einen Besuch wert.<br \/>\nWir sehen die architektonischen H\u00f6hepunkte wie das  Auditorium  vom Architekten  Calatrava und die Bibliothek von Herzog &#038; Demeuron.<br \/>\nWir schlendern durch die Stadt, besuchen den afrikanischen Markt und betreten  einige Kirchen.<br \/>\nWir essen etwas im Corte Ingles und fahren sp\u00e4t mit dem Bus zur\u00fcck nach Medano.<br \/>\nMorgen fliegen wir zur\u00fcck nach Basel.<\/p>\n<p><strong>Am 10.5.<\/strong> reicht es noch zu einem Spaziergang durch Medano und zum Besuch des Marktes. Dann besteigen wir den Bus und fahren zum Flughafen.<br \/>\n<strong>Kommentar:<\/strong><br \/>\nDies waren wirklich sehr sch\u00f6ne und interessante Ferien, die sicher alle  genossen haben. Das gute Wetter hat nat\u00fcrlich zum Gelingen beigetragen. Wir sind dem Leiter und  sehr dankbar f\u00fcr die Organisation dieser  wundersch\u00f6nen Ferien.<br \/>\n<!-- index.php -->\n<div\n\tclass=\"ngg-galleryoverview ngg-ajax-pagination-none\"\n\tid=\"ngg-gallery-d0965989ce1aaf29802aebebe7ede4e7-1\">\n\n    \t<div class=\"slideshowlink\">\n        <a href='http:\/\/www.freimarianne.ch\/index.php\/nggallery\/slideshow?page_id=5464'>[Show as slideshow]<\/a>\n\t\t\n\t<\/div>\n\t\t\t<!-- Thumbnails -->\n\t\t\t\t<div id=\"ngg-image-0\" class=\"ngg-gallery-thumbnail-box\" >\n\t\t\t\t        <div class=\"ngg-gallery-thumbnail\">\n            <a href=\"http:\/\/www.freimarianne.ch\/wp-content\/gallery\/teneriffa-9-5-14\/img_4044.jpg\"\n               title=\"\"\n               data-src=\"http:\/\/www.freimarianne.ch\/wp-content\/gallery\/teneriffa-9-5-14\/img_4044.jpg\"\n               data-thumbnail=\"http:\/\/www.freimarianne.ch\/wp-content\/gallery\/teneriffa-9-5-14\/thumbs\/thumbs_img_4044.jpg\"\n               data-image-id=\"8891\"\n               data-title=\"img_4044\"\n               data-description=\"\"\n               data-image-slug=\"img_4044-2\"\n               class=\"shutterset_d0965989ce1aaf29802aebebe7ede4e7\">\n                <img\n                    title=\"img_4044\"\n                    alt=\"img_4044\"\n                    src=\"http:\/\/www.freimarianne.ch\/wp-content\/gallery\/teneriffa-9-5-14\/cache\/img_4044.jpg-nggid048891-ngg0dyn-100x75x100-00f0w010c010r110f110r010t010.jpg\"\n                    width=\"100\"\n                    height=\"75\"\n                    style=\"max-width:100%;\"\n                \/>\n            <\/a>\n        <\/div>\n\t\t\t\t\t\t\t<\/div> \n\t\t\t\n                            \n\t\t\t\t<div id=\"ngg-image-1\" class=\"ngg-gallery-thumbnail-box\" >\n\t\t\t\t        <div class=\"ngg-gallery-thumbnail\">\n            <a href=\"http:\/\/www.freimarianne.ch\/wp-content\/gallery\/teneriffa-9-5-14\/img_4046.jpg\"\n               title=\"\"\n               data-src=\"http:\/\/www.freimarianne.ch\/wp-content\/gallery\/teneriffa-9-5-14\/img_4046.jpg\"\n               data-thumbnail=\"http:\/\/www.freimarianne.ch\/wp-content\/gallery\/teneriffa-9-5-14\/thumbs\/thumbs_img_4046.jpg\"\n               data-image-id=\"8892\"\n               data-title=\"img_4046\"\n               data-description=\"\"\n               data-image-slug=\"img_4046\"\n               class=\"shutterset_d0965989ce1aaf29802aebebe7ede4e7\">\n                <img\n                    title=\"img_4046\"\n                    alt=\"img_4046\"\n                    src=\"http:\/\/www.freimarianne.ch\/wp-content\/gallery\/teneriffa-9-5-14\/cache\/img_4046.jpg-nggid048892-ngg0dyn-100x75x100-00f0w010c010r110f110r010t010.jpg\"\n                    width=\"100\"\n                    height=\"75\"\n                    style=\"max-width:100%;\"\n                \/>\n            <\/a>\n        <\/div>\n\t\t\t\t\t\t\t<\/div> \n\t\t\t\n                            \n\t\t\t\t<div id=\"ngg-image-2\" class=\"ngg-gallery-thumbnail-box\" >\n\t\t\t\t        <div class=\"ngg-gallery-thumbnail\">\n            <a href=\"http:\/\/www.freimarianne.ch\/wp-content\/gallery\/teneriffa-9-5-14\/img_4049.jpg\"\n               title=\"\"\n               data-src=\"http:\/\/www.freimarianne.ch\/wp-content\/gallery\/teneriffa-9-5-14\/img_4049.jpg\"\n               data-thumbnail=\"http:\/\/www.freimarianne.ch\/wp-content\/gallery\/teneriffa-9-5-14\/thumbs\/thumbs_img_4049.jpg\"\n               data-image-id=\"8893\"\n               data-title=\"img_4049\"\n               data-description=\"\"\n               data-image-slug=\"img_4049-2\"\n               class=\"shutterset_d0965989ce1aaf29802aebebe7ede4e7\">\n                <img\n                    title=\"img_4049\"\n                    alt=\"img_4049\"\n                    src=\"http:\/\/www.freimarianne.ch\/wp-content\/gallery\/teneriffa-9-5-14\/cache\/img_4049.jpg-nggid048893-ngg0dyn-100x75x100-00f0w010c010r110f110r010t010.jpg\"\n                    width=\"100\"\n                    height=\"61\"\n                    style=\"max-width:100%;\"\n                \/>\n            <\/a>\n        <\/div>\n\t\t\t\t\t\t\t<\/div> \n\t\t\t\n                            \n\t\t\t\t<div id=\"ngg-image-3\" class=\"ngg-gallery-thumbnail-box\" >\n\t\t\t\t        <div class=\"ngg-gallery-thumbnail\">\n            <a href=\"http:\/\/www.freimarianne.ch\/wp-content\/gallery\/teneriffa-9-5-14\/img_4056.jpg\"\n               title=\"\"\n               data-src=\"http:\/\/www.freimarianne.ch\/wp-content\/gallery\/teneriffa-9-5-14\/img_4056.jpg\"\n               data-thumbnail=\"http:\/\/www.freimarianne.ch\/wp-content\/gallery\/teneriffa-9-5-14\/thumbs\/thumbs_img_4056.jpg\"\n               data-image-id=\"8894\"\n               data-title=\"img_4056\"\n               data-description=\"\"\n               data-image-slug=\"img_4056\"\n               class=\"shutterset_d0965989ce1aaf29802aebebe7ede4e7\">\n                <img\n                    title=\"img_4056\"\n                    alt=\"img_4056\"\n                    src=\"http:\/\/www.freimarianne.ch\/wp-content\/gallery\/teneriffa-9-5-14\/cache\/img_4056.jpg-nggid048894-ngg0dyn-100x75x100-00f0w010c010r110f110r010t010.jpg\"\n                    width=\"100\"\n                    height=\"75\"\n                    style=\"max-width:100%;\"\n                \/>\n            <\/a>\n        <\/div>\n\t\t\t\t\t\t\t<\/div> \n\t\t\t\n                                    <br style=\"clear: both\" \/>\n                    \n\t\t\t\t<div id=\"ngg-image-4\" class=\"ngg-gallery-thumbnail-box\" >\n\t\t\t\t        <div class=\"ngg-gallery-thumbnail\">\n            <a href=\"http:\/\/www.freimarianne.ch\/wp-content\/gallery\/teneriffa-9-5-14\/img_4064.jpg\"\n               title=\"\"\n               data-src=\"http:\/\/www.freimarianne.ch\/wp-content\/gallery\/teneriffa-9-5-14\/img_4064.jpg\"\n               data-thumbnail=\"http:\/\/www.freimarianne.ch\/wp-content\/gallery\/teneriffa-9-5-14\/thumbs\/thumbs_img_4064.jpg\"\n               data-image-id=\"8895\"\n               data-title=\"img_4064\"\n               data-description=\"\"\n               data-image-slug=\"img_4064\"\n               class=\"shutterset_d0965989ce1aaf29802aebebe7ede4e7\">\n                <img\n                    title=\"img_4064\"\n                    alt=\"img_4064\"\n                    src=\"http:\/\/www.freimarianne.ch\/wp-content\/gallery\/teneriffa-9-5-14\/cache\/img_4064.jpg-nggid048895-ngg0dyn-100x75x100-00f0w010c010r110f110r010t010.jpg\"\n                    width=\"100\"\n                    height=\"75\"\n                    style=\"max-width:100%;\"\n                \/>\n            <\/a>\n        <\/div>\n\t\t\t\t\t\t\t<\/div> \n\t\t\t\n                            \n\t\t\t\t<div id=\"ngg-image-5\" class=\"ngg-gallery-thumbnail-box\" >\n\t\t\t\t        <div class=\"ngg-gallery-thumbnail\">\n            <a href=\"http:\/\/www.freimarianne.ch\/wp-content\/gallery\/teneriffa-9-5-14\/img_4065.jpg\"\n               title=\"\"\n               data-src=\"http:\/\/www.freimarianne.ch\/wp-content\/gallery\/teneriffa-9-5-14\/img_4065.jpg\"\n               data-thumbnail=\"http:\/\/www.freimarianne.ch\/wp-content\/gallery\/teneriffa-9-5-14\/thumbs\/thumbs_img_4065.jpg\"\n               data-image-id=\"8896\"\n               data-title=\"img_4065\"\n               data-description=\"\"\n               data-image-slug=\"img_4065\"\n               class=\"shutterset_d0965989ce1aaf29802aebebe7ede4e7\">\n                <img\n                    title=\"img_4065\"\n                    alt=\"img_4065\"\n                    src=\"http:\/\/www.freimarianne.ch\/wp-content\/gallery\/teneriffa-9-5-14\/cache\/img_4065.jpg-nggid048896-ngg0dyn-100x75x100-00f0w010c010r110f110r010t010.jpg\"\n                    width=\"100\"\n                    height=\"75\"\n                    style=\"max-width:100%;\"\n                \/>\n            <\/a>\n        <\/div>\n\t\t\t\t\t\t\t<\/div> \n\t\t\t\n                            \n\t\t\t\t<div id=\"ngg-image-6\" class=\"ngg-gallery-thumbnail-box\" >\n\t\t\t\t        <div class=\"ngg-gallery-thumbnail\">\n            <a href=\"http:\/\/www.freimarianne.ch\/wp-content\/gallery\/teneriffa-9-5-14\/img_4071.jpg\"\n               title=\"\"\n               data-src=\"http:\/\/www.freimarianne.ch\/wp-content\/gallery\/teneriffa-9-5-14\/img_4071.jpg\"\n               data-thumbnail=\"http:\/\/www.freimarianne.ch\/wp-content\/gallery\/teneriffa-9-5-14\/thumbs\/thumbs_img_4071.jpg\"\n               data-image-id=\"8897\"\n               data-title=\"img_4071\"\n               data-description=\"\"\n               data-image-slug=\"img_4071-2\"\n               class=\"shutterset_d0965989ce1aaf29802aebebe7ede4e7\">\n                <img\n                    title=\"img_4071\"\n                    alt=\"img_4071\"\n                    src=\"http:\/\/www.freimarianne.ch\/wp-content\/gallery\/teneriffa-9-5-14\/cache\/img_4071.jpg-nggid048897-ngg0dyn-100x75x100-00f0w010c010r110f110r010t010.jpg\"\n                    width=\"100\"\n                    height=\"75\"\n                    style=\"max-width:100%;\"\n                \/>\n            <\/a>\n        <\/div>\n\t\t\t\t\t\t\t<\/div> \n\t\t\t\n                            \n\t\t\t\t<div id=\"ngg-image-7\" class=\"ngg-gallery-thumbnail-box\" >\n\t\t\t\t        <div class=\"ngg-gallery-thumbnail\">\n            <a href=\"http:\/\/www.freimarianne.ch\/wp-content\/gallery\/teneriffa-9-5-14\/img_4073.jpg\"\n               title=\"\"\n               data-src=\"http:\/\/www.freimarianne.ch\/wp-content\/gallery\/teneriffa-9-5-14\/img_4073.jpg\"\n               data-thumbnail=\"http:\/\/www.freimarianne.ch\/wp-content\/gallery\/teneriffa-9-5-14\/thumbs\/thumbs_img_4073.jpg\"\n               data-image-id=\"8898\"\n               data-title=\"img_4073\"\n               data-description=\"\"\n               data-image-slug=\"img_4073\"\n               class=\"shutterset_d0965989ce1aaf29802aebebe7ede4e7\">\n                <img\n                    title=\"img_4073\"\n                    alt=\"img_4073\"\n                    src=\"http:\/\/www.freimarianne.ch\/wp-content\/gallery\/teneriffa-9-5-14\/cache\/img_4073.jpg-nggid048898-ngg0dyn-100x75x100-00f0w010c010r110f110r010t010.jpg\"\n                    width=\"100\"\n                    height=\"75\"\n                    style=\"max-width:100%;\"\n                \/>\n            <\/a>\n        <\/div>\n\t\t\t\t\t\t\t<\/div> \n\t\t\t\n                                    <br style=\"clear: both\" \/>\n                    \n\t\t\t\t<div id=\"ngg-image-8\" class=\"ngg-gallery-thumbnail-box\" >\n\t\t\t\t        <div class=\"ngg-gallery-thumbnail\">\n            <a href=\"http:\/\/www.freimarianne.ch\/wp-content\/gallery\/teneriffa-9-5-14\/img_4074.jpg\"\n               title=\"\"\n               data-src=\"http:\/\/www.freimarianne.ch\/wp-content\/gallery\/teneriffa-9-5-14\/img_4074.jpg\"\n               data-thumbnail=\"http:\/\/www.freimarianne.ch\/wp-content\/gallery\/teneriffa-9-5-14\/thumbs\/thumbs_img_4074.jpg\"\n               data-image-id=\"8899\"\n               data-title=\"img_4074\"\n               data-description=\"\"\n               data-image-slug=\"img_4074-2\"\n               class=\"shutterset_d0965989ce1aaf29802aebebe7ede4e7\">\n                <img\n                    title=\"img_4074\"\n                    alt=\"img_4074\"\n                    src=\"http:\/\/www.freimarianne.ch\/wp-content\/gallery\/teneriffa-9-5-14\/cache\/img_4074.jpg-nggid048899-ngg0dyn-100x75x100-00f0w010c010r110f110r010t010.jpg\"\n                    width=\"100\"\n                    height=\"75\"\n                    style=\"max-width:100%;\"\n                \/>\n            <\/a>\n        <\/div>\n\t\t\t\t\t\t\t<\/div> \n\t\t\t\n                            \n\t\t\t\t<div id=\"ngg-image-9\" class=\"ngg-gallery-thumbnail-box\" >\n\t\t\t\t        <div class=\"ngg-gallery-thumbnail\">\n            <a href=\"http:\/\/www.freimarianne.ch\/wp-content\/gallery\/teneriffa-9-5-14\/img_4082.jpg\"\n               title=\"\"\n               data-src=\"http:\/\/www.freimarianne.ch\/wp-content\/gallery\/teneriffa-9-5-14\/img_4082.jpg\"\n               data-thumbnail=\"http:\/\/www.freimarianne.ch\/wp-content\/gallery\/teneriffa-9-5-14\/thumbs\/thumbs_img_4082.jpg\"\n               data-image-id=\"8900\"\n               data-title=\"img_4082\"\n               data-description=\"\"\n               data-image-slug=\"img_4082\"\n               class=\"shutterset_d0965989ce1aaf29802aebebe7ede4e7\">\n                <img\n                    title=\"img_4082\"\n                    alt=\"img_4082\"\n                    src=\"http:\/\/www.freimarianne.ch\/wp-content\/gallery\/teneriffa-9-5-14\/cache\/img_4082.jpg-nggid048900-ngg0dyn-100x75x100-00f0w010c010r110f110r010t010.jpg\"\n                    width=\"100\"\n                    height=\"75\"\n                    style=\"max-width:100%;\"\n                \/>\n            <\/a>\n        <\/div>\n\t\t\t\t\t\t\t<\/div> \n\t\t\t\n                            \n\t\t\t\t<div id=\"ngg-image-10\" class=\"ngg-gallery-thumbnail-box\" >\n\t\t\t\t        <div class=\"ngg-gallery-thumbnail\">\n            <a href=\"http:\/\/www.freimarianne.ch\/wp-content\/gallery\/teneriffa-9-5-14\/img_4085.jpg\"\n               title=\"\"\n               data-src=\"http:\/\/www.freimarianne.ch\/wp-content\/gallery\/teneriffa-9-5-14\/img_4085.jpg\"\n               data-thumbnail=\"http:\/\/www.freimarianne.ch\/wp-content\/gallery\/teneriffa-9-5-14\/thumbs\/thumbs_img_4085.jpg\"\n               data-image-id=\"8901\"\n               data-title=\"img_4085\"\n               data-description=\"\"\n               data-image-slug=\"img_4085-3\"\n               class=\"shutterset_d0965989ce1aaf29802aebebe7ede4e7\">\n                <img\n                    title=\"img_4085\"\n                    alt=\"img_4085\"\n                    src=\"http:\/\/www.freimarianne.ch\/wp-content\/gallery\/teneriffa-9-5-14\/cache\/img_4085.jpg-nggid048901-ngg0dyn-100x75x100-00f0w010c010r110f110r010t010.jpg\"\n                    width=\"100\"\n                    height=\"69\"\n                    style=\"max-width:100%;\"\n                \/>\n            <\/a>\n        <\/div>\n\t\t\t\t\t\t\t<\/div> \n\t\t\t\n                            \n\t\t\t\t<div id=\"ngg-image-11\" class=\"ngg-gallery-thumbnail-box\" >\n\t\t\t\t        <div class=\"ngg-gallery-thumbnail\">\n            <a href=\"http:\/\/www.freimarianne.ch\/wp-content\/gallery\/teneriffa-9-5-14\/img_4088.jpg\"\n               title=\"\"\n               data-src=\"http:\/\/www.freimarianne.ch\/wp-content\/gallery\/teneriffa-9-5-14\/img_4088.jpg\"\n               data-thumbnail=\"http:\/\/www.freimarianne.ch\/wp-content\/gallery\/teneriffa-9-5-14\/thumbs\/thumbs_img_4088.jpg\"\n               data-image-id=\"8902\"\n               data-title=\"img_4088\"\n               data-description=\"\"\n               data-image-slug=\"img_4088\"\n               class=\"shutterset_d0965989ce1aaf29802aebebe7ede4e7\">\n                <img\n                    title=\"img_4088\"\n                    alt=\"img_4088\"\n                    src=\"http:\/\/www.freimarianne.ch\/wp-content\/gallery\/teneriffa-9-5-14\/cache\/img_4088.jpg-nggid048902-ngg0dyn-100x75x100-00f0w010c010r110f110r010t010.jpg\"\n                    width=\"100\"\n                    height=\"75\"\n                    style=\"max-width:100%;\"\n                \/>\n            <\/a>\n        <\/div>\n\t\t\t\t\t\t\t<\/div> \n\t\t\t\n                                    <br style=\"clear: both\" \/>\n                    \n\t\t\t\t<div id=\"ngg-image-12\" class=\"ngg-gallery-thumbnail-box\" >\n\t\t\t\t        <div class=\"ngg-gallery-thumbnail\">\n            <a href=\"http:\/\/www.freimarianne.ch\/wp-content\/gallery\/teneriffa-9-5-14\/img_4090.jpg\"\n               title=\"\"\n               data-src=\"http:\/\/www.freimarianne.ch\/wp-content\/gallery\/teneriffa-9-5-14\/img_4090.jpg\"\n               data-thumbnail=\"http:\/\/www.freimarianne.ch\/wp-content\/gallery\/teneriffa-9-5-14\/thumbs\/thumbs_img_4090.jpg\"\n               data-image-id=\"8903\"\n               data-title=\"img_4090\"\n               data-description=\"\"\n               data-image-slug=\"img_4090-4\"\n               class=\"shutterset_d0965989ce1aaf29802aebebe7ede4e7\">\n                <img\n                    title=\"img_4090\"\n                    alt=\"img_4090\"\n                    src=\"http:\/\/www.freimarianne.ch\/wp-content\/gallery\/teneriffa-9-5-14\/cache\/img_4090.jpg-nggid048903-ngg0dyn-100x75x100-00f0w010c010r110f110r010t010.jpg\"\n                    width=\"100\"\n                    height=\"52\"\n                    style=\"max-width:100%;\"\n                \/>\n            <\/a>\n        <\/div>\n\t\t\t\t\t\t\t<\/div> \n\t\t\t\n                            \n\t\t\t\t<div id=\"ngg-image-13\" class=\"ngg-gallery-thumbnail-box\" >\n\t\t\t\t        <div class=\"ngg-gallery-thumbnail\">\n            <a href=\"http:\/\/www.freimarianne.ch\/wp-content\/gallery\/teneriffa-9-5-14\/img_4097.jpg\"\n               title=\"\"\n               data-src=\"http:\/\/www.freimarianne.ch\/wp-content\/gallery\/teneriffa-9-5-14\/img_4097.jpg\"\n               data-thumbnail=\"http:\/\/www.freimarianne.ch\/wp-content\/gallery\/teneriffa-9-5-14\/thumbs\/thumbs_img_4097.jpg\"\n               data-image-id=\"8904\"\n               data-title=\"img_4097\"\n               data-description=\"\"\n               data-image-slug=\"img_4097-2\"\n               class=\"shutterset_d0965989ce1aaf29802aebebe7ede4e7\">\n                <img\n                    title=\"img_4097\"\n                    alt=\"img_4097\"\n                    src=\"http:\/\/www.freimarianne.ch\/wp-content\/gallery\/teneriffa-9-5-14\/cache\/img_4097.jpg-nggid048904-ngg0dyn-100x75x100-00f0w010c010r110f110r010t010.jpg\"\n                    width=\"100\"\n                    height=\"71\"\n                    style=\"max-width:100%;\"\n                \/>\n            <\/a>\n        <\/div>\n\t\t\t\t\t\t\t<\/div> \n\t\t\t\n                            \n\t\t\t\t<div id=\"ngg-image-14\" class=\"ngg-gallery-thumbnail-box\" >\n\t\t\t\t        <div class=\"ngg-gallery-thumbnail\">\n            <a href=\"http:\/\/www.freimarianne.ch\/wp-content\/gallery\/teneriffa-9-5-14\/img_4100.jpg\"\n               title=\"\"\n               data-src=\"http:\/\/www.freimarianne.ch\/wp-content\/gallery\/teneriffa-9-5-14\/img_4100.jpg\"\n               data-thumbnail=\"http:\/\/www.freimarianne.ch\/wp-content\/gallery\/teneriffa-9-5-14\/thumbs\/thumbs_img_4100.jpg\"\n               data-image-id=\"8905\"\n               data-title=\"img_4100\"\n               data-description=\"\"\n               data-image-slug=\"img_4100-2\"\n               class=\"shutterset_d0965989ce1aaf29802aebebe7ede4e7\">\n                <img\n                    title=\"img_4100\"\n                    alt=\"img_4100\"\n                    src=\"http:\/\/www.freimarianne.ch\/wp-content\/gallery\/teneriffa-9-5-14\/cache\/img_4100.jpg-nggid048905-ngg0dyn-100x75x100-00f0w010c010r110f110r010t010.jpg\"\n                    width=\"100\"\n                    height=\"75\"\n                    style=\"max-width:100%;\"\n                \/>\n            <\/a>\n        <\/div>\n\t\t\t\t\t\t\t<\/div> \n\t\t\t\n                            \n\t\t\t\t<div id=\"ngg-image-15\" class=\"ngg-gallery-thumbnail-box\" >\n\t\t\t\t        <div class=\"ngg-gallery-thumbnail\">\n            <a href=\"http:\/\/www.freimarianne.ch\/wp-content\/gallery\/teneriffa-9-5-14\/img_4106.jpg\"\n               title=\"\"\n               data-src=\"http:\/\/www.freimarianne.ch\/wp-content\/gallery\/teneriffa-9-5-14\/img_4106.jpg\"\n               data-thumbnail=\"http:\/\/www.freimarianne.ch\/wp-content\/gallery\/teneriffa-9-5-14\/thumbs\/thumbs_img_4106.jpg\"\n               data-image-id=\"8906\"\n               data-title=\"img_4106\"\n               data-description=\"\"\n               data-image-slug=\"img_4106\"\n               class=\"shutterset_d0965989ce1aaf29802aebebe7ede4e7\">\n                <img\n                    title=\"img_4106\"\n                    alt=\"img_4106\"\n                    src=\"http:\/\/www.freimarianne.ch\/wp-content\/gallery\/teneriffa-9-5-14\/cache\/img_4106.jpg-nggid048906-ngg0dyn-100x75x100-00f0w010c010r110f110r010t010.jpg\"\n                    width=\"100\"\n                    height=\"75\"\n                    style=\"max-width:100%;\"\n                \/>\n            <\/a>\n        <\/div>\n\t\t\t\t\t\t\t<\/div> \n\t\t\t\n                                    <br style=\"clear: both\" \/>\n                    \n\t\t\t\t<div id=\"ngg-image-16\" class=\"ngg-gallery-thumbnail-box\" >\n\t\t\t\t        <div class=\"ngg-gallery-thumbnail\">\n            <a href=\"http:\/\/www.freimarianne.ch\/wp-content\/gallery\/teneriffa-9-5-14\/img_4109.jpg\"\n               title=\"\"\n               data-src=\"http:\/\/www.freimarianne.ch\/wp-content\/gallery\/teneriffa-9-5-14\/img_4109.jpg\"\n               data-thumbnail=\"http:\/\/www.freimarianne.ch\/wp-content\/gallery\/teneriffa-9-5-14\/thumbs\/thumbs_img_4109.jpg\"\n               data-image-id=\"8907\"\n               data-title=\"img_4109\"\n               data-description=\"\"\n               data-image-slug=\"img_4109\"\n               class=\"shutterset_d0965989ce1aaf29802aebebe7ede4e7\">\n                <img\n                    title=\"img_4109\"\n                    alt=\"img_4109\"\n                    src=\"http:\/\/www.freimarianne.ch\/wp-content\/gallery\/teneriffa-9-5-14\/cache\/img_4109.jpg-nggid048907-ngg0dyn-100x75x100-00f0w010c010r110f110r010t010.jpg\"\n                    width=\"100\"\n                    height=\"75\"\n                    style=\"max-width:100%;\"\n                \/>\n            <\/a>\n        <\/div>\n\t\t\t\t\t\t\t<\/div> \n\t\t\t\n                            \n\t\t\t\t<div id=\"ngg-image-17\" class=\"ngg-gallery-thumbnail-box\" >\n\t\t\t\t        <div class=\"ngg-gallery-thumbnail\">\n            <a href=\"http:\/\/www.freimarianne.ch\/wp-content\/gallery\/teneriffa-9-5-14\/img_4113.jpg\"\n               title=\"\"\n               data-src=\"http:\/\/www.freimarianne.ch\/wp-content\/gallery\/teneriffa-9-5-14\/img_4113.jpg\"\n               data-thumbnail=\"http:\/\/www.freimarianne.ch\/wp-content\/gallery\/teneriffa-9-5-14\/thumbs\/thumbs_img_4113.jpg\"\n               data-image-id=\"8908\"\n               data-title=\"img_4113\"\n               data-description=\"\"\n               data-image-slug=\"img_4113-2\"\n               class=\"shutterset_d0965989ce1aaf29802aebebe7ede4e7\">\n                <img\n                    title=\"img_4113\"\n                    alt=\"img_4113\"\n                    src=\"http:\/\/www.freimarianne.ch\/wp-content\/gallery\/teneriffa-9-5-14\/cache\/img_4113.jpg-nggid048908-ngg0dyn-100x75x100-00f0w010c010r110f110r010t010.jpg\"\n                    width=\"100\"\n                    height=\"75\"\n                    style=\"max-width:100%;\"\n                \/>\n            <\/a>\n        <\/div>\n\t\t\t\t\t\t\t<\/div> \n\t\t\t\n                            \n\t\t\n\t\t<!-- Pagination -->\n\t<div class='ngg-clear'><\/div>\t<\/div>\n<\/p>\n","protected":false},"excerpt":{"rendered":"<p>Freier Tag in Medano Der Bus bringt uns noch nach Medano, unseren letzten Aufenthaltsort vor der Abreise. Nach unserer Ankunft k\u00f6nnen wir gleich die Zimmer beziehen und uns bereit machen f\u00fcr den tropischen Sturm (Calima, ein warmer W\u00fcstenwind aus der Sahara Wind) der draussen weht. Wir gehen noch etwas im Ort spazieren. Da heute der [&hellip;]<\/p>\n","protected":false},"author":1,"featured_media":0,"parent":5438,"menu_order":13,"comment_status":"closed","ping_status":"closed","template":"","meta":{"ngg_post_thumbnail":0},"_links":{"self":[{"href":"http:\/\/www.freimarianne.ch\/index.php?rest_route=\/wp\/v2\/pages\/5464"}],"collection":[{"href":"http:\/\/www.freimarianne.ch\/index.php?rest_route=\/wp\/v2\/pages"}],"about":[{"href":"http:\/\/www.freimarianne.ch\/index.php?rest_route=\/wp\/v2\/types\/page"}],"author":[{"embeddable":true,"href":"http:\/\/www.freimarianne.ch\/index.php?rest_route=\/wp\/v2\/users\/1"}],"replies":[{"embeddable":true,"href":"http:\/\/www.freimarianne.ch\/index.php?rest_route=%2Fwp%2Fv2%2Fcomments&post=5464"}],"version-history":[{"count":10,"href":"http:\/\/www.freimarianne.ch\/index.php?rest_route=\/wp\/v2\/pages\/5464\/revisions"}],"predecessor-version":[{"id":5577,"href":"http:\/\/www.freimarianne.ch\/index.php?rest_route=\/wp\/v2\/pages\/5464\/revisions\/5577"}],"up":[{"embeddable":true,"href":"http:\/\/www.freimarianne.ch\/index.php?rest_route=\/wp\/v2\/pages\/5438"}],"wp:attachment":[{"href":"http:\/\/www.freimarianne.ch\/index.php?rest_route=%2Fwp%2Fv2%2Fmedia&parent=5464"}],"curies":[{"name":"wp","href":"https:\/\/api.w.org\/{rel}","templated":true}]}}