{"id":55342,"date":"2021-06-06T08:05:43","date_gmt":"2021-06-06T07:05:43","guid":{"rendered":"http:\/\/www.freimarianne.ch\/?page_id=55342"},"modified":"2021-06-06T08:46:52","modified_gmt":"2021-06-06T07:46:52","slug":"neudorf-beromunster-burg-lu-31-5-2021","status":"publish","type":"page","link":"http:\/\/www.freimarianne.ch\/?page_id=55342","title":{"rendered":"Neudorf &#8211; Berom\u00fcnster &#8211; Burg  LU  31.5.2021"},"content":{"rendered":"<div id=\"attachment_55339\" style=\"width: 510px\" class=\"wp-caption alignleft\"><img aria-describedby=\"caption-attachment-55339\" loading=\"lazy\" class=\"size-full wp-image-55339\" src=\"http:\/\/www.freimarianne.ch\/wp-content\/uploads\/2021\/06\/IMG_2849._beromu\u0308nster_500.jpeg\" alt=\"\" width=\"500\" height=\"347\" srcset=\"http:\/\/www.freimarianne.ch\/wp-content\/uploads\/2021\/06\/IMG_2849._beromu\u0308nster_500.jpeg 500w, http:\/\/www.freimarianne.ch\/wp-content\/uploads\/2021\/06\/IMG_2849._beromu\u0308nster_500-300x208.jpeg 300w, http:\/\/www.freimarianne.ch\/wp-content\/uploads\/2021\/06\/IMG_2849._beromu\u0308nster_500-432x300.jpeg 432w\" sizes=\"(max-width: 500px) 100vw, 500px\" \/><p id=\"caption-attachment-55339\" class=\"wp-caption-text\">Sendeturm Berom\u00fcnster<\/p><\/div>\n\n\n<p>Heute ist eine Wanderung in einer mir unbekannten Gegend auf dem Programm. Wir fahren nach Neudorf, LU, wo wir um 10.35h unsere Wanderung beginnen k\u00f6nnen.Sehr bald befinden wir uns auf einem Feldweg, der uns hin\u00fcber zum Bloseberg bringt. Wir gehen eine lange Strecke im Wald. Zwischendurch haben wir eine sch\u00f6ne Sicht auf das St\u00e4dtchen Berom\u00fcnster. Oberhalb dieses Ortes kommen wir an einem Picknickplatz vorbei, wo wir unsere Mittagspause halten. Der Weg f\u00fchrt uns nun durch die dreischiffige Waldkathedrale im \u201eBuchh\u00f6ltzli\u201c,was ein spezielles Erlebnis ist.<\/p>\n\n\n\n<p><a href=\"https:\/\/www.sempachersee-tourismus.ch\/de\/bewegen\/wandern\/stift-und-waldkathedrale-beromuenster\/https:\/\/www.sempachersee-tourismus.ch\/de\/bewegen\/wandern\/stift-und-waldkathedrale-beromuenster\/\">Waldkathedrale im Schl\u00f6ssliwald Berom\u00fcnster:<\/a><\/p>\n\n\n\n<p>Dann folgt ein Rundgang durch das St\u00e4dtchen mit dem pr\u00e4chtigen Chorherrenstift St.Michael Berom\u00fcnster.<br>Bei der Bushaltestelle finden wir wieder den Wanderweg, der uns \u00fcber Feld und Wald hin\u00fcber nach Burg bringt.<br>Hier besteigen wir um 14.19h den Bus nach Sursee.<\/p>\n\n\n\n<p>Ich habe heute wieder ein neues sch\u00f6nes Gebiet im Luzerner Hinterland kennengelernt.<\/p>\n\n\n\n<p>Laut Schweizmobil:<\/p>\n\n\n\n<p>Distanz: 11.76km; Aufstieg: 222m; Abstieg: 275m; Wanderzeit: 2h 59min<\/p>\n\n\n\n<p><a href=\"https:\/\/map.schweizmobil.ch\/?lang=de&amp;photos=yes&amp;bgLayer=pk&amp;logo=yes&amp;season=summer&amp;resolution=12.86&amp;E=2657026&amp;N=1228453&amp;trackId=1903948275\">Karte Schweizmobil:<\/a><\/p>\n\n\n\n<!-- index.php -->\n<div\n\tclass=\"ngg-galleryoverview ngg-ajax-pagination-none\"\n\tid=\"ngg-gallery-4c103bc608cec10234ac3548bd1e8bb1-1\">\n\n    \t<div class=\"slideshowlink\">\n        <a href='http:\/\/www.freimarianne.ch\/index.php\/nggallery\/slideshow?page_id=55342'>[Show as slideshow]<\/a>\n\t\t\n\t<\/div>\n\t\t\t<!-- Thumbnails -->\n\t\t\t\t<div id=\"ngg-image-0\" class=\"ngg-gallery-thumbnail-box\" >\n\t\t\t\t        <div class=\"ngg-gallery-thumbnail\">\n            <a href=\"http:\/\/www.freimarianne.ch\/wp-content\/gallery\/beromunster-31-5-21\/IMG_2844.jpeg\"\n               title=\"WW bei Neudorf\"\n               data-src=\"http:\/\/www.freimarianne.ch\/wp-content\/gallery\/beromunster-31-5-21\/IMG_2844.jpeg\"\n               data-thumbnail=\"http:\/\/www.freimarianne.ch\/wp-content\/gallery\/beromunster-31-5-21\/thumbs\/thumbs_IMG_2844.jpeg\"\n               data-image-id=\"26102\"\n               data-title=\"IMG_2844\"\n               data-description=\"WW bei Neudorf\"\n               data-image-slug=\"img_2844-2\"\n               class=\"shutterset_4c103bc608cec10234ac3548bd1e8bb1\">\n                <img\n                    title=\"IMG_2844\"\n                    alt=\"IMG_2844\"\n                    src=\"http:\/\/www.freimarianne.ch\/wp-content\/gallery\/beromunster-31-5-21\/cache\/IMG_2844.jpeg-nggid0526102-ngg0dyn-100x75x100-00f0w010c010r110f110r010t010.jpeg\"\n                    width=\"100\"\n                    height=\"67\"\n                    style=\"max-width:100%;\"\n                \/>\n            <\/a>\n        <\/div>\n\t\t\t\t\t\t\t<\/div> \n\t\t\t\n                            \n\t\t\t\t<div id=\"ngg-image-1\" class=\"ngg-gallery-thumbnail-box\" >\n\t\t\t\t        <div class=\"ngg-gallery-thumbnail\">\n            <a href=\"http:\/\/www.freimarianne.ch\/wp-content\/gallery\/beromunster-31-5-21\/IMG_2846.jpeg\"\n               title=\"Blick zur\u00fcck auf Neudorf\"\n               data-src=\"http:\/\/www.freimarianne.ch\/wp-content\/gallery\/beromunster-31-5-21\/IMG_2846.jpeg\"\n               data-thumbnail=\"http:\/\/www.freimarianne.ch\/wp-content\/gallery\/beromunster-31-5-21\/thumbs\/thumbs_IMG_2846.jpeg\"\n               data-image-id=\"26104\"\n               data-title=\"IMG_2846\"\n               data-description=\"Blick zur\u00fcck auf Neudorf\"\n               data-image-slug=\"img_2846\"\n               class=\"shutterset_4c103bc608cec10234ac3548bd1e8bb1\">\n                <img\n                    title=\"IMG_2846\"\n                    alt=\"IMG_2846\"\n                    src=\"http:\/\/www.freimarianne.ch\/wp-content\/gallery\/beromunster-31-5-21\/cache\/IMG_2846.jpeg-nggid0526104-ngg0dyn-100x75x100-00f0w010c010r110f110r010t010.jpeg\"\n                    width=\"100\"\n                    height=\"67\"\n                    style=\"max-width:100%;\"\n                \/>\n            <\/a>\n        <\/div>\n\t\t\t\t\t\t\t<\/div> \n\t\t\t\n                            \n\t\t\t\t<div id=\"ngg-image-2\" class=\"ngg-gallery-thumbnail-box\" >\n\t\t\t\t        <div class=\"ngg-gallery-thumbnail\">\n            <a href=\"http:\/\/www.freimarianne.ch\/wp-content\/gallery\/beromunster-31-5-21\/IMG_2850.jpeg\"\n               title=\"Blick auf Berom\u00fcnster\"\n               data-src=\"http:\/\/www.freimarianne.ch\/wp-content\/gallery\/beromunster-31-5-21\/IMG_2850.jpeg\"\n               data-thumbnail=\"http:\/\/www.freimarianne.ch\/wp-content\/gallery\/beromunster-31-5-21\/thumbs\/thumbs_IMG_2850.jpeg\"\n               data-image-id=\"26100\"\n               data-title=\"IMG_2850\"\n               data-description=\"Blick auf Berom\u00fcnster\"\n               data-image-slug=\"img_2850-6\"\n               class=\"shutterset_4c103bc608cec10234ac3548bd1e8bb1\">\n                <img\n                    title=\"IMG_2850\"\n                    alt=\"IMG_2850\"\n                    src=\"http:\/\/www.freimarianne.ch\/wp-content\/gallery\/beromunster-31-5-21\/cache\/IMG_2850.jpeg-nggid0526100-ngg0dyn-100x75x100-00f0w010c010r110f110r010t010.jpeg\"\n                    width=\"100\"\n                    height=\"61\"\n                    style=\"max-width:100%;\"\n                \/>\n            <\/a>\n        <\/div>\n\t\t\t\t\t\t\t<\/div> \n\t\t\t\n                            \n\t\t\t\t<div id=\"ngg-image-3\" class=\"ngg-gallery-thumbnail-box\" >\n\t\t\t\t        <div class=\"ngg-gallery-thumbnail\">\n            <a href=\"http:\/\/www.freimarianne.ch\/wp-content\/gallery\/beromunster-31-5-21\/IMG_2852.jpeg\"\n               title=\"Sendeturm Berom\u00fcnster\"\n               data-src=\"http:\/\/www.freimarianne.ch\/wp-content\/gallery\/beromunster-31-5-21\/IMG_2852.jpeg\"\n               data-thumbnail=\"http:\/\/www.freimarianne.ch\/wp-content\/gallery\/beromunster-31-5-21\/thumbs\/thumbs_IMG_2852.jpeg\"\n               data-image-id=\"26103\"\n               data-title=\"IMG_2852\"\n               data-description=\"Sendeturm Berom\u00fcnster\"\n               data-image-slug=\"img_2852-2\"\n               class=\"shutterset_4c103bc608cec10234ac3548bd1e8bb1\">\n                <img\n                    title=\"IMG_2852\"\n                    alt=\"IMG_2852\"\n                    src=\"http:\/\/www.freimarianne.ch\/wp-content\/gallery\/beromunster-31-5-21\/cache\/IMG_2852.jpeg-nggid0526103-ngg0dyn-100x75x100-00f0w010c010r110f110r010t010.jpeg\"\n                    width=\"100\"\n                    height=\"67\"\n                    style=\"max-width:100%;\"\n                \/>\n            <\/a>\n        <\/div>\n\t\t\t\t\t\t\t<\/div> \n\t\t\t\n                                    <br style=\"clear: both\" \/>\n                    \n\t\t\t\t<div id=\"ngg-image-4\" class=\"ngg-gallery-thumbnail-box\" >\n\t\t\t\t        <div class=\"ngg-gallery-thumbnail\">\n            <a href=\"http:\/\/www.freimarianne.ch\/wp-content\/gallery\/beromunster-31-5-21\/IMG_2854.jpeg\"\n               title=\"Wald  Kathedrale\"\n               data-src=\"http:\/\/www.freimarianne.ch\/wp-content\/gallery\/beromunster-31-5-21\/IMG_2854.jpeg\"\n               data-thumbnail=\"http:\/\/www.freimarianne.ch\/wp-content\/gallery\/beromunster-31-5-21\/thumbs\/thumbs_IMG_2854.jpeg\"\n               data-image-id=\"26105\"\n               data-title=\"IMG_2854\"\n               data-description=\"Wald  Kathedrale\"\n               data-image-slug=\"img_2854-1\"\n               class=\"shutterset_4c103bc608cec10234ac3548bd1e8bb1\">\n                <img\n                    title=\"IMG_2854\"\n                    alt=\"IMG_2854\"\n                    src=\"http:\/\/www.freimarianne.ch\/wp-content\/gallery\/beromunster-31-5-21\/cache\/IMG_2854.jpeg-nggid0526105-ngg0dyn-100x75x100-00f0w010c010r110f110r010t010.jpeg\"\n                    width=\"100\"\n                    height=\"67\"\n                    style=\"max-width:100%;\"\n                \/>\n            <\/a>\n        <\/div>\n\t\t\t\t\t\t\t<\/div> \n\t\t\t\n                            \n\t\t\t\t<div id=\"ngg-image-5\" class=\"ngg-gallery-thumbnail-box\" >\n\t\t\t\t        <div class=\"ngg-gallery-thumbnail\">\n            <a href=\"http:\/\/www.freimarianne.ch\/wp-content\/gallery\/beromunster-31-5-21\/IMG_2856.jpeg\"\n               title=\"Blick auf Berom\u00fcnster\"\n               data-src=\"http:\/\/www.freimarianne.ch\/wp-content\/gallery\/beromunster-31-5-21\/IMG_2856.jpeg\"\n               data-thumbnail=\"http:\/\/www.freimarianne.ch\/wp-content\/gallery\/beromunster-31-5-21\/thumbs\/thumbs_IMG_2856.jpeg\"\n               data-image-id=\"26101\"\n               data-title=\"IMG_2856\"\n               data-description=\"Blick auf Berom\u00fcnster\"\n               data-image-slug=\"img_2856-2\"\n               class=\"shutterset_4c103bc608cec10234ac3548bd1e8bb1\">\n                <img\n                    title=\"IMG_2856\"\n                    alt=\"IMG_2856\"\n                    src=\"http:\/\/www.freimarianne.ch\/wp-content\/gallery\/beromunster-31-5-21\/cache\/IMG_2856.jpeg-nggid0526101-ngg0dyn-100x75x100-00f0w010c010r110f110r010t010.jpeg\"\n                    width=\"100\"\n                    height=\"67\"\n                    style=\"max-width:100%;\"\n                \/>\n            <\/a>\n        <\/div>\n\t\t\t\t\t\t\t<\/div> \n\t\t\t\n                            \n\t\t\t\t<div id=\"ngg-image-6\" class=\"ngg-gallery-thumbnail-box\" >\n\t\t\t\t        <div class=\"ngg-gallery-thumbnail\">\n            <a href=\"http:\/\/www.freimarianne.ch\/wp-content\/gallery\/beromunster-31-5-21\/IMG_2858.jpeg\"\n               title=\"bunte Steine\"\n               data-src=\"http:\/\/www.freimarianne.ch\/wp-content\/gallery\/beromunster-31-5-21\/IMG_2858.jpeg\"\n               data-thumbnail=\"http:\/\/www.freimarianne.ch\/wp-content\/gallery\/beromunster-31-5-21\/thumbs\/thumbs_IMG_2858.jpeg\"\n               data-image-id=\"26096\"\n               data-title=\"IMG_2858\"\n               data-description=\"bunte Steine\"\n               data-image-slug=\"img_2858-5\"\n               class=\"shutterset_4c103bc608cec10234ac3548bd1e8bb1\">\n                <img\n                    title=\"IMG_2858\"\n                    alt=\"IMG_2858\"\n                    src=\"http:\/\/www.freimarianne.ch\/wp-content\/gallery\/beromunster-31-5-21\/cache\/IMG_2858.jpeg-nggid0526096-ngg0dyn-100x75x100-00f0w010c010r110f110r010t010.jpeg\"\n                    width=\"100\"\n                    height=\"67\"\n                    style=\"max-width:100%;\"\n                \/>\n            <\/a>\n        <\/div>\n\t\t\t\t\t\t\t<\/div> \n\t\t\t\n                            \n\t\t\t\t<div id=\"ngg-image-7\" class=\"ngg-gallery-thumbnail-box\" >\n\t\t\t\t        <div class=\"ngg-gallery-thumbnail\">\n            <a href=\"http:\/\/www.freimarianne.ch\/wp-content\/gallery\/beromunster-31-5-21\/IMG_2859.jpeg\"\n               title=\"bunte Steine\"\n               data-src=\"http:\/\/www.freimarianne.ch\/wp-content\/gallery\/beromunster-31-5-21\/IMG_2859.jpeg\"\n               data-thumbnail=\"http:\/\/www.freimarianne.ch\/wp-content\/gallery\/beromunster-31-5-21\/thumbs\/thumbs_IMG_2859.jpeg\"\n               data-image-id=\"26093\"\n               data-title=\"IMG_2859\"\n               data-description=\"bunte Steine\"\n               data-image-slug=\"img_2859-1\"\n               class=\"shutterset_4c103bc608cec10234ac3548bd1e8bb1\">\n                <img\n                    title=\"IMG_2859\"\n                    alt=\"IMG_2859\"\n                    src=\"http:\/\/www.freimarianne.ch\/wp-content\/gallery\/beromunster-31-5-21\/cache\/IMG_2859.jpeg-nggid0526093-ngg0dyn-100x75x100-00f0w010c010r110f110r010t010.jpeg\"\n                    width=\"100\"\n                    height=\"67\"\n                    style=\"max-width:100%;\"\n                \/>\n            <\/a>\n        <\/div>\n\t\t\t\t\t\t\t<\/div> \n\t\t\t\n                                    <br style=\"clear: both\" \/>\n                    \n\t\t\t\t<div id=\"ngg-image-8\" class=\"ngg-gallery-thumbnail-box\" >\n\t\t\t\t        <div class=\"ngg-gallery-thumbnail\">\n            <a href=\"http:\/\/www.freimarianne.ch\/wp-content\/gallery\/beromunster-31-5-21\/IMG_2861.jpeg\"\n               title=\"Chorherrenstifts St.Michael Berom\u00fcnster\"\n               data-src=\"http:\/\/www.freimarianne.ch\/wp-content\/gallery\/beromunster-31-5-21\/IMG_2861.jpeg\"\n               data-thumbnail=\"http:\/\/www.freimarianne.ch\/wp-content\/gallery\/beromunster-31-5-21\/thumbs\/thumbs_IMG_2861.jpeg\"\n               data-image-id=\"26098\"\n               data-title=\"IMG_2861\"\n               data-description=\"Chorherrenstifts St.Michael Berom\u00fcnster\"\n               data-image-slug=\"img_2861\"\n               class=\"shutterset_4c103bc608cec10234ac3548bd1e8bb1\">\n                <img\n                    title=\"IMG_2861\"\n                    alt=\"IMG_2861\"\n                    src=\"http:\/\/www.freimarianne.ch\/wp-content\/gallery\/beromunster-31-5-21\/cache\/IMG_2861.jpeg-nggid0526098-ngg0dyn-100x75x100-00f0w010c010r110f110r010t010.jpeg\"\n                    width=\"50\"\n                    height=\"75\"\n                    style=\"max-width:100%;\"\n                \/>\n            <\/a>\n        <\/div>\n\t\t\t\t\t\t\t<\/div> \n\t\t\t\n                            \n\t\t\t\t<div id=\"ngg-image-9\" class=\"ngg-gallery-thumbnail-box\" >\n\t\t\t\t        <div class=\"ngg-gallery-thumbnail\">\n            <a href=\"http:\/\/www.freimarianne.ch\/wp-content\/gallery\/beromunster-31-5-21\/IMG_2862.jpeg\"\n               title=\"Chorherrenstifts St.Michael Berom\u00fcnster\"\n               data-src=\"http:\/\/www.freimarianne.ch\/wp-content\/gallery\/beromunster-31-5-21\/IMG_2862.jpeg\"\n               data-thumbnail=\"http:\/\/www.freimarianne.ch\/wp-content\/gallery\/beromunster-31-5-21\/thumbs\/thumbs_IMG_2862.jpeg\"\n               data-image-id=\"26095\"\n               data-title=\"IMG_2862\"\n               data-description=\"Chorherrenstifts St.Michael Berom\u00fcnster\"\n               data-image-slug=\"img_2862-2\"\n               class=\"shutterset_4c103bc608cec10234ac3548bd1e8bb1\">\n                <img\n                    title=\"IMG_2862\"\n                    alt=\"IMG_2862\"\n                    src=\"http:\/\/www.freimarianne.ch\/wp-content\/gallery\/beromunster-31-5-21\/cache\/IMG_2862.jpeg-nggid0526095-ngg0dyn-100x75x100-00f0w010c010r110f110r010t010.jpeg\"\n                    width=\"100\"\n                    height=\"67\"\n                    style=\"max-width:100%;\"\n                \/>\n            <\/a>\n        <\/div>\n\t\t\t\t\t\t\t<\/div> \n\t\t\t\n                            \n\t\t\t\t<div id=\"ngg-image-10\" class=\"ngg-gallery-thumbnail-box\" >\n\t\t\t\t        <div class=\"ngg-gallery-thumbnail\">\n            <a href=\"http:\/\/www.freimarianne.ch\/wp-content\/gallery\/beromunster-31-5-21\/IMG_2866.jpeg\"\n               title=\"Chorherrenstifts St.Michael Berom\u00fcnster\"\n               data-src=\"http:\/\/www.freimarianne.ch\/wp-content\/gallery\/beromunster-31-5-21\/IMG_2866.jpeg\"\n               data-thumbnail=\"http:\/\/www.freimarianne.ch\/wp-content\/gallery\/beromunster-31-5-21\/thumbs\/thumbs_IMG_2866.jpeg\"\n               data-image-id=\"26097\"\n               data-title=\"IMG_2866\"\n               data-description=\"Chorherrenstifts St.Michael Berom\u00fcnster\"\n               data-image-slug=\"img_2866-4\"\n               class=\"shutterset_4c103bc608cec10234ac3548bd1e8bb1\">\n                <img\n                    title=\"IMG_2866\"\n                    alt=\"IMG_2866\"\n                    src=\"http:\/\/www.freimarianne.ch\/wp-content\/gallery\/beromunster-31-5-21\/cache\/IMG_2866.jpeg-nggid0526097-ngg0dyn-100x75x100-00f0w010c010r110f110r010t010.jpeg\"\n                    width=\"100\"\n                    height=\"70\"\n                    style=\"max-width:100%;\"\n                \/>\n            <\/a>\n        <\/div>\n\t\t\t\t\t\t\t<\/div> \n\t\t\t\n                            \n\t\t\t\t<div id=\"ngg-image-11\" class=\"ngg-gallery-thumbnail-box\" >\n\t\t\t\t        <div class=\"ngg-gallery-thumbnail\">\n            <a href=\"http:\/\/www.freimarianne.ch\/wp-content\/gallery\/beromunster-31-5-21\/IMG_2867.jpeg\"\n               title=\"Sommer Idyll\"\n               data-src=\"http:\/\/www.freimarianne.ch\/wp-content\/gallery\/beromunster-31-5-21\/IMG_2867.jpeg\"\n               data-thumbnail=\"http:\/\/www.freimarianne.ch\/wp-content\/gallery\/beromunster-31-5-21\/thumbs\/thumbs_IMG_2867.jpeg\"\n               data-image-id=\"26094\"\n               data-title=\"IMG_2867\"\n               data-description=\"Sommer Idyll\"\n               data-image-slug=\"img_2867-2\"\n               class=\"shutterset_4c103bc608cec10234ac3548bd1e8bb1\">\n                <img\n                    title=\"IMG_2867\"\n                    alt=\"IMG_2867\"\n                    src=\"http:\/\/www.freimarianne.ch\/wp-content\/gallery\/beromunster-31-5-21\/cache\/IMG_2867.jpeg-nggid0526094-ngg0dyn-100x75x100-00f0w010c010r110f110r010t010.jpeg\"\n                    width=\"100\"\n                    height=\"68\"\n                    style=\"max-width:100%;\"\n                \/>\n            <\/a>\n        <\/div>\n\t\t\t\t\t\t\t<\/div> \n\t\t\t\n                                    <br style=\"clear: both\" \/>\n                    \n\t\t\t\t<div id=\"ngg-image-12\" class=\"ngg-gallery-thumbnail-box\" >\n\t\t\t\t        <div class=\"ngg-gallery-thumbnail\">\n            <a href=\"http:\/\/www.freimarianne.ch\/wp-content\/gallery\/beromunster-31-5-21\/IMG_2868.jpeg\"\n               title=\"durch die Wiesen\"\n               data-src=\"http:\/\/www.freimarianne.ch\/wp-content\/gallery\/beromunster-31-5-21\/IMG_2868.jpeg\"\n               data-thumbnail=\"http:\/\/www.freimarianne.ch\/wp-content\/gallery\/beromunster-31-5-21\/thumbs\/thumbs_IMG_2868.jpeg\"\n               data-image-id=\"26099\"\n               data-title=\"IMG_2868\"\n               data-description=\"durch die Wiesen\"\n               data-image-slug=\"img_2868-2\"\n               class=\"shutterset_4c103bc608cec10234ac3548bd1e8bb1\">\n                <img\n                    title=\"IMG_2868\"\n                    alt=\"IMG_2868\"\n                    src=\"http:\/\/www.freimarianne.ch\/wp-content\/gallery\/beromunster-31-5-21\/cache\/IMG_2868.jpeg-nggid0526099-ngg0dyn-100x75x100-00f0w010c010r110f110r010t010.jpeg\"\n                    width=\"100\"\n                    height=\"67\"\n                    style=\"max-width:100%;\"\n                \/>\n            <\/a>\n        <\/div>\n\t\t\t\t\t\t\t<\/div> \n\t\t\t\n                            \n\t\t\n\t\t<!-- Pagination -->\n\t<div class='ngg-clear'><\/div>\t<\/div>\n\n","protected":false},"excerpt":{"rendered":"<p>Heute ist eine Wanderung in einer mir unbekannten Gegend auf dem Programm. Wir fahren nach Neudorf, LU, wo wir um 10.35h unsere Wanderung beginnen k\u00f6nnen.Sehr bald befinden wir uns auf einem Feldweg, der uns hin\u00fcber zum Bloseberg bringt. Wir gehen eine lange Strecke im Wald. Zwischendurch haben wir eine sch\u00f6ne Sicht auf das St\u00e4dtchen Berom\u00fcnster. [&hellip;]<\/p>\n","protected":false},"author":1,"featured_media":0,"parent":47952,"menu_order":24,"comment_status":"closed","ping_status":"closed","template":"","meta":{"ngg_post_thumbnail":0},"_links":{"self":[{"href":"http:\/\/www.freimarianne.ch\/index.php?rest_route=\/wp\/v2\/pages\/55342"}],"collection":[{"href":"http:\/\/www.freimarianne.ch\/index.php?rest_route=\/wp\/v2\/pages"}],"about":[{"href":"http:\/\/www.freimarianne.ch\/index.php?rest_route=\/wp\/v2\/types\/page"}],"author":[{"embeddable":true,"href":"http:\/\/www.freimarianne.ch\/index.php?rest_route=\/wp\/v2\/users\/1"}],"replies":[{"embeddable":true,"href":"http:\/\/www.freimarianne.ch\/index.php?rest_route=%2Fwp%2Fv2%2Fcomments&post=55342"}],"version-history":[{"count":6,"href":"http:\/\/www.freimarianne.ch\/index.php?rest_route=\/wp\/v2\/pages\/55342\/revisions"}],"predecessor-version":[{"id":55426,"href":"http:\/\/www.freimarianne.ch\/index.php?rest_route=\/wp\/v2\/pages\/55342\/revisions\/55426"}],"up":[{"embeddable":true,"href":"http:\/\/www.freimarianne.ch\/index.php?rest_route=\/wp\/v2\/pages\/47952"}],"wp:attachment":[{"href":"http:\/\/www.freimarianne.ch\/index.php?rest_route=%2Fwp%2Fv2%2Fmedia&parent=55342"}],"curies":[{"name":"wp","href":"https:\/\/api.w.org\/{rel}","templated":true}]}}