{"id":55743,"date":"2021-07-13T14:51:32","date_gmt":"2021-07-13T13:51:32","guid":{"rendered":"http:\/\/www.freimarianne.ch\/?page_id=55743"},"modified":"2021-07-13T15:40:48","modified_gmt":"2021-07-13T14:40:48","slug":"origliosee-ti-9-7-2021","status":"publish","type":"page","link":"http:\/\/www.freimarianne.ch\/?page_id=55743","title":{"rendered":"Origliosee  TI  9.7.2021"},"content":{"rendered":"<p><strong>Rundwanderung um den Origliosee und Wanderung \u00fcber Zenone nach Lamone<\/strong><\/p>\n<div id=\"attachment_55718\" style=\"width: 510px\" class=\"wp-caption alignleft\"><img aria-describedby=\"caption-attachment-55718\" loading=\"lazy\" class=\"size-full wp-image-55718\" src=\"http:\/\/www.freimarianne.ch\/wp-content\/uploads\/2021\/07\/IMG_7015_origliosee_500.jpeg\" alt=\"\" width=\"500\" height=\"375\" srcset=\"http:\/\/www.freimarianne.ch\/wp-content\/uploads\/2021\/07\/IMG_7015_origliosee_500.jpeg 500w, http:\/\/www.freimarianne.ch\/wp-content\/uploads\/2021\/07\/IMG_7015_origliosee_500-300x225.jpeg 300w, http:\/\/www.freimarianne.ch\/wp-content\/uploads\/2021\/07\/IMG_7015_origliosee_500-400x300.jpeg 400w\" sizes=\"(max-width: 500px) 100vw, 500px\" \/><p id=\"caption-attachment-55718\" class=\"wp-caption-text\">Origliosee 418m mit Kirche S. Giorgio; Ul M\u00f6tt Ferin 919m<\/p><\/div>\n\n\n<p>F\u00fcr den S\u00fcden der Schweiz ist heute gutes Wetter angesagt. Daher fahre ich nach Lugano. Wegen dem Unwetter vom Vortag,beschliesse ich, nicht wie geplant nach Cozzo zu fahren, sondern weiter unten zu bleiben. Mein Ziel ist daher an den Origliosee, den ich gerne kennenlernen m\u00f6chte. Von Origlio, paese aus mache ich einen Rundgang um der sehr idyllisch gelegenen See.<br>Auf einer Bank am See halte ich eine fr\u00fche Mittagspause. Der Weg f\u00fchrt mich dann durch das urspr\u00fcngliche Dorf hinauf zur Pfarrkirche S. Giorgio a Maria Immacolata 15.-16. Jh., die auf einem H\u00fcgel steht.<br>Von dort aus folge ich dem Wanderweg hinauf zum Aussichtspunkt S. Zenone 549m, wo auch die gleichnamige Kirche steht. Es ist sehr heiss geworden. Ich steige auf einem Wanderweg durch den Wald hinunter nach Lamone und nehme dort die S Bahn nach Lugano, dieivch ganz knapp erreiche.<br>Auf all den heute begangen Wegen lagen viele vom Unwetter des Vortages heruntergeschlagene \u00c4ste und Bl\u00e4tter.<br>In Lugano nehme ich den Funi zum See hinunter und finde dann ganz zuf\u00e4llig am kleinen Strand meine Tochter und deren Kind, die zurzeit in Lugsanop invden Ferien weilen. Welche \u00dcberraschung !<br>Nochmals muss ich mich beeilen, um den Zug um 15.02h zu erreichen.<br>Auf der Nordseite sieht es dann auch besser aus als am Morgen.<\/p>\n\n\n\n<p>Laut Schweizmobil:<br>Distanz: 6.27km; Aufstieg: 187m, Abstieg: 289m; Wanderzeit: 1h 47min<\/p>\n\n\n\n<p><a href=\"https:\/\/map.schweizmobil.ch\/?lang=de&amp;photos=yes&amp;bgLayer=pk&amp;logo=yes&amp;season=summer&amp;resolution=3.28&amp;E=2716088&amp;N=1100732&amp;trackId=703145615\">Karte Schweizmobil:<\/a><\/p>\n","protected":false},"excerpt":{"rendered":"<p>Rundwanderung um den Origliosee und Wanderung \u00fcber Zenone nach Lamone F\u00fcr den S\u00fcden der Schweiz ist heute gutes Wetter angesagt. Daher fahre ich nach Lugano. Wegen dem Unwetter vom Vortag,beschliesse ich, nicht wie geplant nach Cozzo zu fahren, sondern weiter unten zu bleiben. Mein Ziel ist daher an den Origliosee, den ich gerne kennenlernen m\u00f6chte. [&hellip;]<\/p>\n","protected":false},"author":1,"featured_media":0,"parent":55192,"menu_order":13,"comment_status":"closed","ping_status":"closed","template":"","meta":{"ngg_post_thumbnail":0},"_links":{"self":[{"href":"http:\/\/www.freimarianne.ch\/index.php?rest_route=\/wp\/v2\/pages\/55743"}],"collection":[{"href":"http:\/\/www.freimarianne.ch\/index.php?rest_route=\/wp\/v2\/pages"}],"about":[{"href":"http:\/\/www.freimarianne.ch\/index.php?rest_route=\/wp\/v2\/types\/page"}],"author":[{"embeddable":true,"href":"http:\/\/www.freimarianne.ch\/index.php?rest_route=\/wp\/v2\/users\/1"}],"replies":[{"embeddable":true,"href":"http:\/\/www.freimarianne.ch\/index.php?rest_route=%2Fwp%2Fv2%2Fcomments&post=55743"}],"version-history":[{"count":3,"href":"http:\/\/www.freimarianne.ch\/index.php?rest_route=\/wp\/v2\/pages\/55743\/revisions"}],"predecessor-version":[{"id":55747,"href":"http:\/\/www.freimarianne.ch\/index.php?rest_route=\/wp\/v2\/pages\/55743\/revisions\/55747"}],"up":[{"embeddable":true,"href":"http:\/\/www.freimarianne.ch\/index.php?rest_route=\/wp\/v2\/pages\/55192"}],"wp:attachment":[{"href":"http:\/\/www.freimarianne.ch\/index.php?rest_route=%2Fwp%2Fv2%2Fmedia&parent=55743"}],"curies":[{"name":"wp","href":"https:\/\/api.w.org\/{rel}","templated":true}]}}