{"id":5586,"date":"2014-07-23T11:00:50","date_gmt":"2014-07-23T10:00:50","guid":{"rendered":"http:\/\/www.freimarianne.ch\/?page_id=5586"},"modified":"2015-01-03T10:58:29","modified_gmt":"2015-01-03T09:58:29","slug":"iseltwald-giessbachfalle-be-19-7-2013","status":"publish","type":"page","link":"http:\/\/www.freimarianne.ch\/?page_id=5586","title":{"rendered":"Iseltwald &#8211; Giessbachf\u00e4lle  BE  19.7.2013"},"content":{"rendered":"<p><strong>Wanderung<\/strong> von Iseltwald zur Schweibenalp und hinuter an den Giessbachf\u00e4llen zum Brienzersee<\/p>\n<p><img loading=\"lazy\" class=\"aligncenter size-full wp-image-5591\" src=\"http:\/\/www.freimarianne.ch\/wp-content\/uploads\/2014\/07\/IMG_6045_giessbach_500.jpg\" alt=\"IMG_6045_giessbach_500\" width=\"500\" height=\"375\" srcset=\"http:\/\/www.freimarianne.ch\/wp-content\/uploads\/2014\/07\/IMG_6045_giessbach_500.jpg 500w, http:\/\/www.freimarianne.ch\/wp-content\/uploads\/2014\/07\/IMG_6045_giessbach_500-300x225.jpg 300w, http:\/\/www.freimarianne.ch\/wp-content\/uploads\/2014\/07\/IMG_6045_giessbach_500-400x300.jpg 400w\" sizes=\"(max-width: 500px) 100vw, 500px\" \/><br \/>\nEine sch\u00f6ne Wanderung bei heissen Wetter.<br \/>\nFahrt mit dem Schiff von Interlaken-Ost nach Iseltwald 566m. Wir folgen der Uferstrasse und marschieren zuerst auf Teer. Wir finden dann die Abzweigung auf den Wanderweg zur Schweibenalp. Es geht oft durch den k\u00fchlen Wald und dann \u00fcber die grosse Lichtung \u00fcber B\u00fcel und Hag. Mittagshalt bei einem Stall. Weiter durch Ziegenweide hinauf in den Wald zum Bim alten Hus. Wir befinden uns nun auf der Schweibenalp 1062m, wo sich auch das Haus der Einheit befindet. Es folgt ein steiler Abstieg durch die Giessbachschlucht( der Weg ist gut ausgebaut und gesichert). Es bieten sich interessante Ausblicke auf die verschieden Stufen der Giessbachf\u00e4lle. Beim Hotel unten nehmen wir den Weg zum See hinunter und fahren mit dem Schiff wieder zur\u00fcck nach Interlaken Ost.<br \/>\nProfil lauf Swissmap:<br \/>\nDistanz: 8.83km; Aufstieg: 585m; Abstieg: 612m; Marschzeit: 3.23 h<\/p>\n<p><!-- index.php -->\n<div\n\tclass=\"ngg-galleryoverview ngg-ajax-pagination-none\"\n\tid=\"ngg-gallery-8785-1\">\n\n    \t<div class=\"slideshowlink\">\n        <a href='http:\/\/www.freimarianne.ch\/index.php\/nggallery\/slideshow?page_id=5586'>[Show as slideshow]<\/a>\n\t\t\n\t<\/div>\n\t\t\t<!-- Thumbnails -->\n\t\t\t\t<div id=\"ngg-image-0\" class=\"ngg-gallery-thumbnail-box\" >\n\t\t\t\t        <div class=\"ngg-gallery-thumbnail\">\n            <a href=\"http:\/\/www.freimarianne.ch\/wp-content\/gallery\/iseltwald-giessbach-19-7-14\/img_5999.jpg\"\n               title=\"\"\n               data-src=\"http:\/\/www.freimarianne.ch\/wp-content\/gallery\/iseltwald-giessbach-19-7-14\/img_5999.jpg\"\n               data-thumbnail=\"http:\/\/www.freimarianne.ch\/wp-content\/gallery\/iseltwald-giessbach-19-7-14\/thumbs\/thumbs_img_5999.jpg\"\n               data-image-id=\"8928\"\n               data-title=\"img_5999\"\n               data-description=\"\"\n               data-image-slug=\"img_5999-2\"\n               class=\"shutterset_8785\">\n                <img\n                    title=\"img_5999\"\n                    alt=\"img_5999\"\n                    src=\"http:\/\/www.freimarianne.ch\/wp-content\/gallery\/iseltwald-giessbach-19-7-14\/thumbs\/thumbs_img_5999.jpg\"\n                    width=\"100\"\n                    height=\"75\"\n                    style=\"max-width:100%;\"\n                \/>\n            <\/a>\n        <\/div>\n\t\t\t\t\t\t\t<\/div> \n\t\t\t\n        \n\t\t\t\t<div id=\"ngg-image-1\" class=\"ngg-gallery-thumbnail-box\" >\n\t\t\t\t        <div class=\"ngg-gallery-thumbnail\">\n            <a href=\"http:\/\/www.freimarianne.ch\/wp-content\/gallery\/iseltwald-giessbach-19-7-14\/img_6004.jpg\"\n               title=\"\"\n               data-src=\"http:\/\/www.freimarianne.ch\/wp-content\/gallery\/iseltwald-giessbach-19-7-14\/img_6004.jpg\"\n               data-thumbnail=\"http:\/\/www.freimarianne.ch\/wp-content\/gallery\/iseltwald-giessbach-19-7-14\/thumbs\/thumbs_img_6004.jpg\"\n               data-image-id=\"8929\"\n               data-title=\"img_6004\"\n               data-description=\"\"\n               data-image-slug=\"img_6004-2\"\n               class=\"shutterset_8785\">\n                <img\n                    title=\"img_6004\"\n                    alt=\"img_6004\"\n                    src=\"http:\/\/www.freimarianne.ch\/wp-content\/gallery\/iseltwald-giessbach-19-7-14\/thumbs\/thumbs_img_6004.jpg\"\n                    width=\"100\"\n                    height=\"75\"\n                    style=\"max-width:100%;\"\n                \/>\n            <\/a>\n        <\/div>\n\t\t\t\t\t\t\t<\/div> \n\t\t\t\n        \n\t\t\t\t<div id=\"ngg-image-2\" class=\"ngg-gallery-thumbnail-box\" >\n\t\t\t\t        <div class=\"ngg-gallery-thumbnail\">\n            <a href=\"http:\/\/www.freimarianne.ch\/wp-content\/gallery\/iseltwald-giessbach-19-7-14\/img_6013.jpg\"\n               title=\"\"\n               data-src=\"http:\/\/www.freimarianne.ch\/wp-content\/gallery\/iseltwald-giessbach-19-7-14\/img_6013.jpg\"\n               data-thumbnail=\"http:\/\/www.freimarianne.ch\/wp-content\/gallery\/iseltwald-giessbach-19-7-14\/thumbs\/thumbs_img_6013.jpg\"\n               data-image-id=\"8930\"\n               data-title=\"img_6013\"\n               data-description=\"\"\n               data-image-slug=\"img_6013-3\"\n               class=\"shutterset_8785\">\n                <img\n                    title=\"img_6013\"\n                    alt=\"img_6013\"\n                    src=\"http:\/\/www.freimarianne.ch\/wp-content\/gallery\/iseltwald-giessbach-19-7-14\/thumbs\/thumbs_img_6013.jpg\"\n                    width=\"100\"\n                    height=\"75\"\n                    style=\"max-width:100%;\"\n                \/>\n            <\/a>\n        <\/div>\n\t\t\t\t\t\t\t<\/div> \n\t\t\t\n        \n\t\t\t\t<div id=\"ngg-image-3\" class=\"ngg-gallery-thumbnail-box\" >\n\t\t\t\t        <div class=\"ngg-gallery-thumbnail\">\n            <a href=\"http:\/\/www.freimarianne.ch\/wp-content\/gallery\/iseltwald-giessbach-19-7-14\/img_6015.jpg\"\n               title=\"\"\n               data-src=\"http:\/\/www.freimarianne.ch\/wp-content\/gallery\/iseltwald-giessbach-19-7-14\/img_6015.jpg\"\n               data-thumbnail=\"http:\/\/www.freimarianne.ch\/wp-content\/gallery\/iseltwald-giessbach-19-7-14\/thumbs\/thumbs_img_6015.jpg\"\n               data-image-id=\"8931\"\n               data-title=\"img_6015\"\n               data-description=\"\"\n               data-image-slug=\"img_6015-3\"\n               class=\"shutterset_8785\">\n                <img\n                    title=\"img_6015\"\n                    alt=\"img_6015\"\n                    src=\"http:\/\/www.freimarianne.ch\/wp-content\/gallery\/iseltwald-giessbach-19-7-14\/thumbs\/thumbs_img_6015.jpg\"\n                    width=\"100\"\n                    height=\"75\"\n                    style=\"max-width:100%;\"\n                \/>\n            <\/a>\n        <\/div>\n\t\t\t\t\t\t\t<\/div> \n\t\t\t\n        \n\t\t\t\t<div id=\"ngg-image-4\" class=\"ngg-gallery-thumbnail-box\" >\n\t\t\t\t        <div class=\"ngg-gallery-thumbnail\">\n            <a href=\"http:\/\/www.freimarianne.ch\/wp-content\/gallery\/iseltwald-giessbach-19-7-14\/img_6018.jpg\"\n               title=\"\"\n               data-src=\"http:\/\/www.freimarianne.ch\/wp-content\/gallery\/iseltwald-giessbach-19-7-14\/img_6018.jpg\"\n               data-thumbnail=\"http:\/\/www.freimarianne.ch\/wp-content\/gallery\/iseltwald-giessbach-19-7-14\/thumbs\/thumbs_img_6018.jpg\"\n               data-image-id=\"8932\"\n               data-title=\"img_6018\"\n               data-description=\"\"\n               data-image-slug=\"img_6018\"\n               class=\"shutterset_8785\">\n                <img\n                    title=\"img_6018\"\n                    alt=\"img_6018\"\n                    src=\"http:\/\/www.freimarianne.ch\/wp-content\/gallery\/iseltwald-giessbach-19-7-14\/thumbs\/thumbs_img_6018.jpg\"\n                    width=\"100\"\n                    height=\"75\"\n                    style=\"max-width:100%;\"\n                \/>\n            <\/a>\n        <\/div>\n\t\t\t\t\t\t\t<\/div> \n\t\t\t\n        \n\t\t\t\t<div id=\"ngg-image-5\" class=\"ngg-gallery-thumbnail-box\" >\n\t\t\t\t        <div class=\"ngg-gallery-thumbnail\">\n            <a href=\"http:\/\/www.freimarianne.ch\/wp-content\/gallery\/iseltwald-giessbach-19-7-14\/img_6030.jpg\"\n               title=\"\"\n               data-src=\"http:\/\/www.freimarianne.ch\/wp-content\/gallery\/iseltwald-giessbach-19-7-14\/img_6030.jpg\"\n               data-thumbnail=\"http:\/\/www.freimarianne.ch\/wp-content\/gallery\/iseltwald-giessbach-19-7-14\/thumbs\/thumbs_img_6030.jpg\"\n               data-image-id=\"8933\"\n               data-title=\"img_6030\"\n               data-description=\"\"\n               data-image-slug=\"img_6030\"\n               class=\"shutterset_8785\">\n                <img\n                    title=\"img_6030\"\n                    alt=\"img_6030\"\n                    src=\"http:\/\/www.freimarianne.ch\/wp-content\/gallery\/iseltwald-giessbach-19-7-14\/thumbs\/thumbs_img_6030.jpg\"\n                    width=\"100\"\n                    height=\"75\"\n                    style=\"max-width:100%;\"\n                \/>\n            <\/a>\n        <\/div>\n\t\t\t\t\t\t\t<\/div> \n\t\t\t\n        \n\t\t\t\t<div id=\"ngg-image-6\" class=\"ngg-gallery-thumbnail-box\" >\n\t\t\t\t        <div class=\"ngg-gallery-thumbnail\">\n            <a href=\"http:\/\/www.freimarianne.ch\/wp-content\/gallery\/iseltwald-giessbach-19-7-14\/img_6037.jpg\"\n               title=\"\"\n               data-src=\"http:\/\/www.freimarianne.ch\/wp-content\/gallery\/iseltwald-giessbach-19-7-14\/img_6037.jpg\"\n               data-thumbnail=\"http:\/\/www.freimarianne.ch\/wp-content\/gallery\/iseltwald-giessbach-19-7-14\/thumbs\/thumbs_img_6037.jpg\"\n               data-image-id=\"8934\"\n               data-title=\"img_6037\"\n               data-description=\"\"\n               data-image-slug=\"img_6037\"\n               class=\"shutterset_8785\">\n                <img\n                    title=\"img_6037\"\n                    alt=\"img_6037\"\n                    src=\"http:\/\/www.freimarianne.ch\/wp-content\/gallery\/iseltwald-giessbach-19-7-14\/thumbs\/thumbs_img_6037.jpg\"\n                    width=\"100\"\n                    height=\"75\"\n                    style=\"max-width:100%;\"\n                \/>\n            <\/a>\n        <\/div>\n\t\t\t\t\t\t\t<\/div> \n\t\t\t\n        \n\t\t\t\t<div id=\"ngg-image-7\" class=\"ngg-gallery-thumbnail-box\" >\n\t\t\t\t        <div class=\"ngg-gallery-thumbnail\">\n            <a href=\"http:\/\/www.freimarianne.ch\/wp-content\/gallery\/iseltwald-giessbach-19-7-14\/img_6044.jpg\"\n               title=\"\"\n               data-src=\"http:\/\/www.freimarianne.ch\/wp-content\/gallery\/iseltwald-giessbach-19-7-14\/img_6044.jpg\"\n               data-thumbnail=\"http:\/\/www.freimarianne.ch\/wp-content\/gallery\/iseltwald-giessbach-19-7-14\/thumbs\/thumbs_img_6044.jpg\"\n               data-image-id=\"8935\"\n               data-title=\"img_6044\"\n               data-description=\"\"\n               data-image-slug=\"img_6044-2\"\n               class=\"shutterset_8785\">\n                <img\n                    title=\"img_6044\"\n                    alt=\"img_6044\"\n                    src=\"http:\/\/www.freimarianne.ch\/wp-content\/gallery\/iseltwald-giessbach-19-7-14\/thumbs\/thumbs_img_6044.jpg\"\n                    width=\"100\"\n                    height=\"75\"\n                    style=\"max-width:100%;\"\n                \/>\n            <\/a>\n        <\/div>\n\t\t\t\t\t\t\t<\/div> \n\t\t\t\n        \n\t\t\t\t<div id=\"ngg-image-8\" class=\"ngg-gallery-thumbnail-box\" >\n\t\t\t\t        <div class=\"ngg-gallery-thumbnail\">\n            <a href=\"http:\/\/www.freimarianne.ch\/wp-content\/gallery\/iseltwald-giessbach-19-7-14\/img_6046.jpg\"\n               title=\"\"\n               data-src=\"http:\/\/www.freimarianne.ch\/wp-content\/gallery\/iseltwald-giessbach-19-7-14\/img_6046.jpg\"\n               data-thumbnail=\"http:\/\/www.freimarianne.ch\/wp-content\/gallery\/iseltwald-giessbach-19-7-14\/thumbs\/thumbs_img_6046.jpg\"\n               data-image-id=\"8936\"\n               data-title=\"img_6046\"\n               data-description=\"\"\n               data-image-slug=\"img_6046-2\"\n               class=\"shutterset_8785\">\n                <img\n                    title=\"img_6046\"\n                    alt=\"img_6046\"\n                    src=\"http:\/\/www.freimarianne.ch\/wp-content\/gallery\/iseltwald-giessbach-19-7-14\/thumbs\/thumbs_img_6046.jpg\"\n                    width=\"100\"\n                    height=\"75\"\n                    style=\"max-width:100%;\"\n                \/>\n            <\/a>\n        <\/div>\n\t\t\t\t\t\t\t<\/div> \n\t\t\t\n        \n\t\t\t\t<div id=\"ngg-image-9\" class=\"ngg-gallery-thumbnail-box\" >\n\t\t\t\t        <div class=\"ngg-gallery-thumbnail\">\n            <a href=\"http:\/\/www.freimarianne.ch\/wp-content\/gallery\/iseltwald-giessbach-19-7-14\/img_6053.jpg\"\n               title=\"\"\n               data-src=\"http:\/\/www.freimarianne.ch\/wp-content\/gallery\/iseltwald-giessbach-19-7-14\/img_6053.jpg\"\n               data-thumbnail=\"http:\/\/www.freimarianne.ch\/wp-content\/gallery\/iseltwald-giessbach-19-7-14\/thumbs\/thumbs_img_6053.jpg\"\n               data-image-id=\"8937\"\n               data-title=\"img_6053\"\n               data-description=\"\"\n               data-image-slug=\"img_6053-2\"\n               class=\"shutterset_8785\">\n                <img\n                    title=\"img_6053\"\n                    alt=\"img_6053\"\n                    src=\"http:\/\/www.freimarianne.ch\/wp-content\/gallery\/iseltwald-giessbach-19-7-14\/thumbs\/thumbs_img_6053.jpg\"\n                    width=\"100\"\n                    height=\"75\"\n                    style=\"max-width:100%;\"\n                \/>\n            <\/a>\n        <\/div>\n\t\t\t\t\t\t\t<\/div> \n\t\t\t\n        \n\t\t\n\t\t<!-- Pagination -->\n\t<div class='ngg-clear'><\/div>\t<\/div>\n<\/p>\n","protected":false},"excerpt":{"rendered":"<p>Wanderung von Iseltwald zur Schweibenalp und hinuter an den Giessbachf\u00e4llen zum Brienzersee Eine sch\u00f6ne Wanderung bei heissen Wetter. Fahrt mit dem Schiff von Interlaken-Ost nach Iseltwald 566m. Wir folgen der Uferstrasse und marschieren zuerst auf Teer. Wir finden dann die Abzweigung auf den Wanderweg zur Schweibenalp. Es geht oft durch den k\u00fchlen Wald und dann [&hellip;]<\/p>\n","protected":false},"author":1,"featured_media":0,"parent":5303,"menu_order":16,"comment_status":"closed","ping_status":"closed","template":"","meta":{"ngg_post_thumbnail":0},"_links":{"self":[{"href":"http:\/\/www.freimarianne.ch\/index.php?rest_route=\/wp\/v2\/pages\/5586"}],"collection":[{"href":"http:\/\/www.freimarianne.ch\/index.php?rest_route=\/wp\/v2\/pages"}],"about":[{"href":"http:\/\/www.freimarianne.ch\/index.php?rest_route=\/wp\/v2\/types\/page"}],"author":[{"embeddable":true,"href":"http:\/\/www.freimarianne.ch\/index.php?rest_route=\/wp\/v2\/users\/1"}],"replies":[{"embeddable":true,"href":"http:\/\/www.freimarianne.ch\/index.php?rest_route=%2Fwp%2Fv2%2Fcomments&post=5586"}],"version-history":[{"count":5,"href":"http:\/\/www.freimarianne.ch\/index.php?rest_route=\/wp\/v2\/pages\/5586\/revisions"}],"predecessor-version":[{"id":8787,"href":"http:\/\/www.freimarianne.ch\/index.php?rest_route=\/wp\/v2\/pages\/5586\/revisions\/8787"}],"up":[{"embeddable":true,"href":"http:\/\/www.freimarianne.ch\/index.php?rest_route=\/wp\/v2\/pages\/5303"}],"wp:attachment":[{"href":"http:\/\/www.freimarianne.ch\/index.php?rest_route=%2Fwp%2Fv2%2Fmedia&parent=5586"}],"curies":[{"name":"wp","href":"https:\/\/api.w.org\/{rel}","templated":true}]}}