{"id":56903,"date":"2021-09-17T16:47:29","date_gmt":"2021-09-17T15:47:29","guid":{"rendered":"http:\/\/www.freimarianne.ch\/?page_id=56903"},"modified":"2021-09-19T07:42:44","modified_gmt":"2021-09-19T06:42:44","slug":"bisses-varon-und-bisses-neuf-vs-14-9-2021","status":"publish","type":"page","link":"http:\/\/www.freimarianne.ch\/?page_id=56903","title":{"rendered":"Bisses Var\u00f4n und Bisses neuf  VS  14.9.2021"},"content":{"rendered":"<p><img loading=\"lazy\" class=\"size-full wp-image-56902\" src=\"http:\/\/www.freimarianne.ch\/wp-content\/uploads\/2021\/09\/IMG_7920_bisse-varon-14.9._500.jpeg\" alt=\"\" width=\"500\" height=\"374\" srcset=\"http:\/\/www.freimarianne.ch\/wp-content\/uploads\/2021\/09\/IMG_7920_bisse-varon-14.9._500.jpeg 500w, http:\/\/www.freimarianne.ch\/wp-content\/uploads\/2021\/09\/IMG_7920_bisse-varon-14.9._500-300x224.jpeg 300w, http:\/\/www.freimarianne.ch\/wp-content\/uploads\/2021\/09\/IMG_7920_bisse-varon-14.9._500-401x300.jpeg 401w\" sizes=\"(max-width: 500px) 100vw, 500px\" \/><\/p>\n<p><strong>Von Varen&nbsp; nach Venth\u00f4ne<\/strong><\/p>\n<p>Der Wetterbericht f\u00fcr heute l\u00e4sst es zu, die geplante Suonenwanderungmit der Gruppe \u201eAlpenblick\u201c durchzuf\u00fchren.<br>Ganz kurzfristig musste ich noch eine Routen\u00e4nderung machen, denn eine Teilnehmerin ist zuf\u00e4llig im Internet auf die Ank\u00fcndigung einer Wegsperrung ab 8.9. im Gebiet Praderotschi gestossen.<br>Es war mir bald klar, welche Stelle dies ist, denn dort musste ich einen kleinen Umweg im Bachbett machen !<\/p>\n<p>Um 8.58h kommen wir in Leuk an und k\u00f6nnen da in der langen Wartezeit auf den eine Kaffeepause machen.<br>Um 9.43h sind wir in Varen Frayen und steigen durch das kleine Dorf hinauf zu den Wegweisern.<br>Hier gibt es keine Information bez\u00fcglich der Sperrung !! <br>Wir wandern nun auf dem \u201echemin du vignoble\u201c oberhlab Salgesch.bei Sonnenschein durch die Rebberge und geniessen die pr\u00e4chtige Aussicht.<\/p>\n<p>Bei P.811m nehmen wir den schmalen Pfad im Hang, der uns hinauf zur Bisse Var\u00f4ne bringen wird.<br>Dieser Wegabschnitt ist sehr sch\u00f6n und verglichen mit dem Aufstieg in Varen ist dieser viel sch\u00f6ner, denn wir haben hier nirgends Hartbelag.<\/p>\n<p>Bei der Suone angekommen, brauchen wir eine Trinkpause, denn es ist uns allen sehr warm geworden beim steilen Aufstieg. Hier sehen wir nun die Wegsperrung.<br>Nun folgt eine Stunde abwechslungsreiche Bissenwanderung bis zur Abzweigung nach la Proprjia.<br>Hier ist auch der einzige passende Ort f\u00fcr einen Mittagshalt.<\/p>\n<p>Nach einer halben Stunde Pause steigen wir den Weg hinunter auf eine Fahrstrasse nach la Proprjia, wobei wir auf einer Br\u00fccke den Fluss Raspille queren. Bald finden wir den Einstieg zur Bisse neuf, der wir nun in einem langen Marsch folgen, der kurz von einer Trinkpause unterbrochen wird.<br>Vom Ende der Bisse aus gelangen wir hinunter insd Dorf Venth\u00f4n. SWir finden die Postautostation und das Tandem Caf\u00e9, das auf uns nicht einladend wirkt. Da wir bald einen Bus nach Sierrre haben, beschliessen wir, hinunterzufahren und die Einkehr zu verschieben. In Visp m\u00f6chten 2 in der Gruppe ihre eigernen Wege gehen. Der Rest nimmt den Zug und steigt in Spiez aus, um auf den drekten Baslerzug zu warten. Auch hier finden wir kein Caf\u00e9. Aber es reicht f\u00fcr ein Glac\u00e9 !<\/p>\n<p>Wir hatten sehr viel Gl\u00fcck mit dem Wetter. Der anf\u00e4nglich blaue Himmel wurde zwar immer weisser aber es blieb doch hell. Es war auch noch sehr warm.<\/p>\n<p>Die Gruppe hatte ein flottes Tempo. Wir waren froh, in diesen schlechten Sommer endlich wieder eine Wanderung durchf\u00fchren zu k\u00f6nnen.<\/p>\n<p>&nbsp;<\/p>\n<p>Laut Schweizmobil:<br>Distanz: 12.36km; Aufstieg: 453m; Abstieg: 373m; Wanderzeit: 3h 35min<\/p>\n<p><a href=\"https:\/\/map.schweizmobil.ch\/?lang=de&amp;photos=yes&amp;bgLayer=pk&amp;logo=yes&amp;season=summer&amp;resolution=6.56&amp;E=2609910&amp;N=1129429&amp;trackId=930030335\">Karte Schweizmobil:<\/a><\/p>\n\n\n<!-- index.php -->\n<div\n\tclass=\"ngg-galleryoverview ngg-ajax-pagination-none\"\n\tid=\"ngg-gallery-ee9f0a2a802e8abab9bb46656cb42f71-1\">\n\n    \t<div class=\"slideshowlink\">\n        <a href='http:\/\/www.freimarianne.ch\/index.php\/nggallery\/slideshow?page_id=56903'>[Show as slideshow]<\/a>\n\t\t\n\t<\/div>\n\t\t\t<!-- Thumbnails -->\n\t\t\t\t<div id=\"ngg-image-0\" class=\"ngg-gallery-thumbnail-box\" >\n\t\t\t\t        <div class=\"ngg-gallery-thumbnail\">\n            <a href=\"http:\/\/www.freimarianne.ch\/wp-content\/gallery\/varen-venthone-14-9-21\/IMG_5098.jpeg\"\n               title=\"auf dem chemin du vignoble\"\n               data-src=\"http:\/\/www.freimarianne.ch\/wp-content\/gallery\/varen-venthone-14-9-21\/IMG_5098.jpeg\"\n               data-thumbnail=\"http:\/\/www.freimarianne.ch\/wp-content\/gallery\/varen-venthone-14-9-21\/thumbs\/thumbs_IMG_5098.jpeg\"\n               data-image-id=\"27301\"\n               data-title=\"IMG_5098\"\n               data-description=\"auf dem chemin du vignoble\"\n               data-image-slug=\"img_5098-5\"\n               class=\"shutterset_ee9f0a2a802e8abab9bb46656cb42f71\">\n                <img\n                    title=\"IMG_5098\"\n                    alt=\"IMG_5098\"\n                    src=\"http:\/\/www.freimarianne.ch\/wp-content\/gallery\/varen-venthone-14-9-21\/cache\/IMG_5098.jpeg-nggid0527301-ngg0dyn-100x75x100-00f0w010c010r110f110r010t010.jpeg\"\n                    width=\"100\"\n                    height=\"67\"\n                    style=\"max-width:100%;\"\n                \/>\n            <\/a>\n        <\/div>\n\t\t\t\t\t\t\t<\/div> \n\t\t\t\n                            \n\t\t\t\t<div id=\"ngg-image-1\" class=\"ngg-gallery-thumbnail-box\" >\n\t\t\t\t        <div class=\"ngg-gallery-thumbnail\">\n            <a href=\"http:\/\/www.freimarianne.ch\/wp-content\/gallery\/varen-venthone-14-9-21\/IMG_5107.jpeg\"\n               title=\"Ritva beim Aufstieg  zur Bisse de Varon\"\n               data-src=\"http:\/\/www.freimarianne.ch\/wp-content\/gallery\/varen-venthone-14-9-21\/IMG_5107.jpeg\"\n               data-thumbnail=\"http:\/\/www.freimarianne.ch\/wp-content\/gallery\/varen-venthone-14-9-21\/thumbs\/thumbs_IMG_5107.jpeg\"\n               data-image-id=\"27302\"\n               data-title=\"IMG_5107\"\n               data-description=\"Ritva beim Aufstieg  zur Bisse de Varon\"\n               data-image-slug=\"img_5107-3\"\n               class=\"shutterset_ee9f0a2a802e8abab9bb46656cb42f71\">\n                <img\n                    title=\"IMG_5107\"\n                    alt=\"IMG_5107\"\n                    src=\"http:\/\/www.freimarianne.ch\/wp-content\/gallery\/varen-venthone-14-9-21\/cache\/IMG_5107.jpeg-nggid0527302-ngg0dyn-100x75x100-00f0w010c010r110f110r010t010.jpeg\"\n                    width=\"100\"\n                    height=\"67\"\n                    style=\"max-width:100%;\"\n                \/>\n            <\/a>\n        <\/div>\n\t\t\t\t\t\t\t<\/div> \n\t\t\t\n                            \n\t\t\t\t<div id=\"ngg-image-2\" class=\"ngg-gallery-thumbnail-box\" >\n\t\t\t\t        <div class=\"ngg-gallery-thumbnail\">\n            <a href=\"http:\/\/www.freimarianne.ch\/wp-content\/gallery\/varen-venthone-14-9-21\/IMG_5109.jpeg\"\n               title=\"beim Aufstieg  zur Bisse de Varon\"\n               data-src=\"http:\/\/www.freimarianne.ch\/wp-content\/gallery\/varen-venthone-14-9-21\/IMG_5109.jpeg\"\n               data-thumbnail=\"http:\/\/www.freimarianne.ch\/wp-content\/gallery\/varen-venthone-14-9-21\/thumbs\/thumbs_IMG_5109.jpeg\"\n               data-image-id=\"27303\"\n               data-title=\"IMG_5109\"\n               data-description=\"beim Aufstieg  zur Bisse de Varon\"\n               data-image-slug=\"img_5109-1\"\n               class=\"shutterset_ee9f0a2a802e8abab9bb46656cb42f71\">\n                <img\n                    title=\"IMG_5109\"\n                    alt=\"IMG_5109\"\n                    src=\"http:\/\/www.freimarianne.ch\/wp-content\/gallery\/varen-venthone-14-9-21\/cache\/IMG_5109.jpeg-nggid0527303-ngg0dyn-100x75x100-00f0w010c010r110f110r010t010.jpeg\"\n                    width=\"100\"\n                    height=\"70\"\n                    style=\"max-width:100%;\"\n                \/>\n            <\/a>\n        <\/div>\n\t\t\t\t\t\t\t<\/div> \n\t\t\t\n                            \n\t\t\t\t<div id=\"ngg-image-3\" class=\"ngg-gallery-thumbnail-box\" >\n\t\t\t\t        <div class=\"ngg-gallery-thumbnail\">\n            <a href=\"http:\/\/www.freimarianne.ch\/wp-content\/gallery\/varen-venthone-14-9-21\/IMG_5096.jpeg\"\n               title=\"Rebberg bei Varen\"\n               data-src=\"http:\/\/www.freimarianne.ch\/wp-content\/gallery\/varen-venthone-14-9-21\/IMG_5096.jpeg\"\n               data-thumbnail=\"http:\/\/www.freimarianne.ch\/wp-content\/gallery\/varen-venthone-14-9-21\/thumbs\/thumbs_IMG_5096.jpeg\"\n               data-image-id=\"27304\"\n               data-title=\"IMG_5096\"\n               data-description=\"Rebberg bei Varen\"\n               data-image-slug=\"img_5096-4\"\n               class=\"shutterset_ee9f0a2a802e8abab9bb46656cb42f71\">\n                <img\n                    title=\"IMG_5096\"\n                    alt=\"IMG_5096\"\n                    src=\"http:\/\/www.freimarianne.ch\/wp-content\/gallery\/varen-venthone-14-9-21\/cache\/IMG_5096.jpeg-nggid0527304-ngg0dyn-100x75x100-00f0w010c010r110f110r010t010.jpeg\"\n                    width=\"100\"\n                    height=\"68\"\n                    style=\"max-width:100%;\"\n                \/>\n            <\/a>\n        <\/div>\n\t\t\t\t\t\t\t<\/div> \n\t\t\t\n                                    <br style=\"clear: both\" \/>\n                    \n\t\t\t\t<div id=\"ngg-image-4\" class=\"ngg-gallery-thumbnail-box\" >\n\t\t\t\t        <div class=\"ngg-gallery-thumbnail\">\n            <a href=\"http:\/\/www.freimarianne.ch\/wp-content\/gallery\/varen-venthone-14-9-21\/IMG_5104.jpeg\"\n               title=\"durch die Rebberge oberhalb Salgesch\"\n               data-src=\"http:\/\/www.freimarianne.ch\/wp-content\/gallery\/varen-venthone-14-9-21\/IMG_5104.jpeg\"\n               data-thumbnail=\"http:\/\/www.freimarianne.ch\/wp-content\/gallery\/varen-venthone-14-9-21\/thumbs\/thumbs_IMG_5104.jpeg\"\n               data-image-id=\"27305\"\n               data-title=\"IMG_5104\"\n               data-description=\"durch die Rebberge oberhalb Salgesch\"\n               data-image-slug=\"img_5104-5112\"\n               class=\"shutterset_ee9f0a2a802e8abab9bb46656cb42f71\">\n                <img\n                    title=\"IMG_5104\"\n                    alt=\"IMG_5104\"\n                    src=\"http:\/\/www.freimarianne.ch\/wp-content\/gallery\/varen-venthone-14-9-21\/cache\/IMG_5104.jpeg-nggid0527305-ngg0dyn-100x75x100-00f0w010c010r110f110r010t010.jpeg\"\n                    width=\"100\"\n                    height=\"67\"\n                    style=\"max-width:100%;\"\n                \/>\n            <\/a>\n        <\/div>\n\t\t\t\t\t\t\t<\/div> \n\t\t\t\n                            \n\t\t\t\t<div id=\"ngg-image-5\" class=\"ngg-gallery-thumbnail-box\" >\n\t\t\t\t        <div class=\"ngg-gallery-thumbnail\">\n            <a href=\"http:\/\/www.freimarianne.ch\/wp-content\/gallery\/varen-venthone-14-9-21\/IMG_5112.jpeg\"\n               title=\"beim Aufstieg  zur Bisse de Varon\"\n               data-src=\"http:\/\/www.freimarianne.ch\/wp-content\/gallery\/varen-venthone-14-9-21\/IMG_5112.jpeg\"\n               data-thumbnail=\"http:\/\/www.freimarianne.ch\/wp-content\/gallery\/varen-venthone-14-9-21\/thumbs\/thumbs_IMG_5112.jpeg\"\n               data-image-id=\"27306\"\n               data-title=\"IMG_5112\"\n               data-description=\"beim Aufstieg  zur Bisse de Varon\"\n               data-image-slug=\"img_5112\"\n               class=\"shutterset_ee9f0a2a802e8abab9bb46656cb42f71\">\n                <img\n                    title=\"IMG_5112\"\n                    alt=\"IMG_5112\"\n                    src=\"http:\/\/www.freimarianne.ch\/wp-content\/gallery\/varen-venthone-14-9-21\/cache\/IMG_5112.jpeg-nggid0527306-ngg0dyn-100x75x100-00f0w010c010r110f110r010t010.jpeg\"\n                    width=\"100\"\n                    height=\"75\"\n                    style=\"max-width:100%;\"\n                \/>\n            <\/a>\n        <\/div>\n\t\t\t\t\t\t\t<\/div> \n\t\t\t\n                            \n\t\t\t\t<div id=\"ngg-image-6\" class=\"ngg-gallery-thumbnail-box\" >\n\t\t\t\t        <div class=\"ngg-gallery-thumbnail\">\n            <a href=\"http:\/\/www.freimarianne.ch\/wp-content\/gallery\/varen-venthone-14-9-21\/IMG_5101.jpeg\"\n               title=\"durch die Rebberge oberhalb Salgesch\"\n               data-src=\"http:\/\/www.freimarianne.ch\/wp-content\/gallery\/varen-venthone-14-9-21\/IMG_5101.jpeg\"\n               data-thumbnail=\"http:\/\/www.freimarianne.ch\/wp-content\/gallery\/varen-venthone-14-9-21\/thumbs\/thumbs_IMG_5101.jpeg\"\n               data-image-id=\"27307\"\n               data-title=\"IMG_5101\"\n               data-description=\"durch die Rebberge oberhalb Salgesch\"\n               data-image-slug=\"img_5101-2\"\n               class=\"shutterset_ee9f0a2a802e8abab9bb46656cb42f71\">\n                <img\n                    title=\"IMG_5101\"\n                    alt=\"IMG_5101\"\n                    src=\"http:\/\/www.freimarianne.ch\/wp-content\/gallery\/varen-venthone-14-9-21\/cache\/IMG_5101.jpeg-nggid0527307-ngg0dyn-100x75x100-00f0w010c010r110f110r010t010.jpeg\"\n                    width=\"100\"\n                    height=\"67\"\n                    style=\"max-width:100%;\"\n                \/>\n            <\/a>\n        <\/div>\n\t\t\t\t\t\t\t<\/div> \n\t\t\t\n                            \n\t\t\t\t<div id=\"ngg-image-7\" class=\"ngg-gallery-thumbnail-box\" >\n\t\t\t\t        <div class=\"ngg-gallery-thumbnail\">\n            <a href=\"http:\/\/www.freimarianne.ch\/wp-content\/gallery\/varen-venthone-14-9-21\/IMG_5114.jpeg\"\n               title=\"an der Bisse de Varon angekommen  ; hier  die Sperrung, die wir umgehen musste\"\n               data-src=\"http:\/\/www.freimarianne.ch\/wp-content\/gallery\/varen-venthone-14-9-21\/IMG_5114.jpeg\"\n               data-thumbnail=\"http:\/\/www.freimarianne.ch\/wp-content\/gallery\/varen-venthone-14-9-21\/thumbs\/thumbs_IMG_5114.jpeg\"\n               data-image-id=\"27308\"\n               data-title=\"IMG_5114\"\n               data-description=\"an der Bisse de Varon angekommen  ; hier  die Sperrung, die wir umgehen musste\"\n               data-image-slug=\"img_5114-1\"\n               class=\"shutterset_ee9f0a2a802e8abab9bb46656cb42f71\">\n                <img\n                    title=\"IMG_5114\"\n                    alt=\"IMG_5114\"\n                    src=\"http:\/\/www.freimarianne.ch\/wp-content\/gallery\/varen-venthone-14-9-21\/cache\/IMG_5114.jpeg-nggid0527308-ngg0dyn-100x75x100-00f0w010c010r110f110r010t010.jpeg\"\n                    width=\"100\"\n                    height=\"75\"\n                    style=\"max-width:100%;\"\n                \/>\n            <\/a>\n        <\/div>\n\t\t\t\t\t\t\t<\/div> \n\t\t\t\n                                    <br style=\"clear: both\" \/>\n                    \n\t\t\t\t<div id=\"ngg-image-8\" class=\"ngg-gallery-thumbnail-box\" >\n\t\t\t\t        <div class=\"ngg-gallery-thumbnail\">\n            <a href=\"http:\/\/www.freimarianne.ch\/wp-content\/gallery\/varen-venthone-14-9-21\/IMG_5128.jpeg\"\n               title=\"Blick auf Venth\u00f4ne; Kirche und Schloss\"\n               data-src=\"http:\/\/www.freimarianne.ch\/wp-content\/gallery\/varen-venthone-14-9-21\/IMG_5128.jpeg\"\n               data-thumbnail=\"http:\/\/www.freimarianne.ch\/wp-content\/gallery\/varen-venthone-14-9-21\/thumbs\/thumbs_IMG_5128.jpeg\"\n               data-image-id=\"27309\"\n               data-title=\"IMG_5128\"\n               data-description=\"Blick auf Venth\u00f4ne; Kirche und Schloss\"\n               data-image-slug=\"img_5128-4\"\n               class=\"shutterset_ee9f0a2a802e8abab9bb46656cb42f71\">\n                <img\n                    title=\"IMG_5128\"\n                    alt=\"IMG_5128\"\n                    src=\"http:\/\/www.freimarianne.ch\/wp-content\/gallery\/varen-venthone-14-9-21\/cache\/IMG_5128.jpeg-nggid0527309-ngg0dyn-100x75x100-00f0w010c010r110f110r010t010.jpeg\"\n                    width=\"100\"\n                    height=\"75\"\n                    style=\"max-width:100%;\"\n                \/>\n            <\/a>\n        <\/div>\n\t\t\t\t\t\t\t<\/div> \n\t\t\t\n                            \n\t\t\n\t\t<!-- Pagination -->\n\t<div class='ngg-clear'><\/div>\t<\/div>\n\n\n\n\n<!-- index.php -->\n<div\n\tclass=\"ngg-galleryoverview ngg-ajax-pagination-none\"\n\tid=\"ngg-gallery-f21338e419fb9e61565971ad393e8aab-1\">\n\n    \t<div class=\"slideshowlink\">\n        <a href='http:\/\/www.freimarianne.ch\/index.php\/nggallery\/slideshow?page_id=56903'>[Show as slideshow]<\/a>\n\t\t\n\t<\/div>\n\t\t\t<!-- Thumbnails -->\n\t\t\t\t<div id=\"ngg-image-0\" class=\"ngg-gallery-thumbnail-box\" >\n\t\t\t\t        <div class=\"ngg-gallery-thumbnail\">\n            <a href=\"http:\/\/www.freimarianne.ch\/wp-content\/gallery\/varen-venthone-iph-14-9-21\/IMG_7928.jpeg\"\n               title=\"Blick von Leuk\"\n               data-src=\"http:\/\/www.freimarianne.ch\/wp-content\/gallery\/varen-venthone-iph-14-9-21\/IMG_7928.jpeg\"\n               data-thumbnail=\"http:\/\/www.freimarianne.ch\/wp-content\/gallery\/varen-venthone-iph-14-9-21\/thumbs\/thumbs_IMG_7928.jpeg\"\n               data-image-id=\"27310\"\n               data-title=\"IMG_7928\"\n               data-description=\"Blick von Leuk\"\n               data-image-slug=\"img_7928-4\"\n               class=\"shutterset_f21338e419fb9e61565971ad393e8aab\">\n                <img\n                    title=\"IMG_7928\"\n                    alt=\"IMG_7928\"\n                    src=\"http:\/\/www.freimarianne.ch\/wp-content\/gallery\/varen-venthone-iph-14-9-21\/cache\/IMG_7928.jpeg-nggid0527310-ngg0dyn-100x75x100-00f0w010c010r110f110r010t010.jpeg\"\n                    width=\"100\"\n                    height=\"56\"\n                    style=\"max-width:100%;\"\n                \/>\n            <\/a>\n        <\/div>\n\t\t\t\t\t\t\t<\/div> \n\t\t\t\n                            \n\t\t\t\t<div id=\"ngg-image-1\" class=\"ngg-gallery-thumbnail-box\" >\n\t\t\t\t        <div class=\"ngg-gallery-thumbnail\">\n            <a href=\"http:\/\/www.freimarianne.ch\/wp-content\/gallery\/varen-venthone-iph-14-9-21\/IMG_7920.jpeg\"\n               title=\"an der Bisse Varone\"\n               data-src=\"http:\/\/www.freimarianne.ch\/wp-content\/gallery\/varen-venthone-iph-14-9-21\/IMG_7920.jpeg\"\n               data-thumbnail=\"http:\/\/www.freimarianne.ch\/wp-content\/gallery\/varen-venthone-iph-14-9-21\/thumbs\/thumbs_IMG_7920.jpeg\"\n               data-image-id=\"27311\"\n               data-title=\"IMG_7920\"\n               data-description=\"an der Bisse Varone\"\n               data-image-slug=\"img_7920-4\"\n               class=\"shutterset_f21338e419fb9e61565971ad393e8aab\">\n                <img\n                    title=\"IMG_7920\"\n                    alt=\"IMG_7920\"\n                    src=\"http:\/\/www.freimarianne.ch\/wp-content\/gallery\/varen-venthone-iph-14-9-21\/cache\/IMG_7920.jpeg-nggid0527311-ngg0dyn-100x75x100-00f0w010c010r110f110r010t010.jpeg\"\n                    width=\"100\"\n                    height=\"75\"\n                    style=\"max-width:100%;\"\n                \/>\n            <\/a>\n        <\/div>\n\t\t\t\t\t\t\t<\/div> \n\t\t\t\n                            \n\t\t\t\t<div id=\"ngg-image-2\" class=\"ngg-gallery-thumbnail-box\" >\n\t\t\t\t        <div class=\"ngg-gallery-thumbnail\">\n            <a href=\"http:\/\/www.freimarianne.ch\/wp-content\/gallery\/varen-venthone-iph-14-9-21\/IMG_7921.jpeg\"\n               title=\"Mittagspause oberhalb la Proprija\"\n               data-src=\"http:\/\/www.freimarianne.ch\/wp-content\/gallery\/varen-venthone-iph-14-9-21\/IMG_7921.jpeg\"\n               data-thumbnail=\"http:\/\/www.freimarianne.ch\/wp-content\/gallery\/varen-venthone-iph-14-9-21\/thumbs\/thumbs_IMG_7921.jpeg\"\n               data-image-id=\"27312\"\n               data-title=\"IMG_7921\"\n               data-description=\"Mittagspause oberhalb la Proprija\"\n               data-image-slug=\"img_7921\"\n               class=\"shutterset_f21338e419fb9e61565971ad393e8aab\">\n                <img\n                    title=\"IMG_7921\"\n                    alt=\"IMG_7921\"\n                    src=\"http:\/\/www.freimarianne.ch\/wp-content\/gallery\/varen-venthone-iph-14-9-21\/cache\/IMG_7921.jpeg-nggid0527312-ngg0dyn-100x75x100-00f0w010c010r110f110r010t010.jpeg\"\n                    width=\"100\"\n                    height=\"67\"\n                    style=\"max-width:100%;\"\n                \/>\n            <\/a>\n        <\/div>\n\t\t\t\t\t\t\t<\/div> \n\t\t\t\n                            \n\t\t\t\t<div id=\"ngg-image-3\" class=\"ngg-gallery-thumbnail-box\" >\n\t\t\t\t        <div class=\"ngg-gallery-thumbnail\">\n            <a href=\"http:\/\/www.freimarianne.ch\/wp-content\/gallery\/varen-venthone-iph-14-9-21\/IMG_7914.jpeg\"\n               title=\"Rebberg bei Varen\"\n               data-src=\"http:\/\/www.freimarianne.ch\/wp-content\/gallery\/varen-venthone-iph-14-9-21\/IMG_7914.jpeg\"\n               data-thumbnail=\"http:\/\/www.freimarianne.ch\/wp-content\/gallery\/varen-venthone-iph-14-9-21\/thumbs\/thumbs_IMG_7914.jpeg\"\n               data-image-id=\"27313\"\n               data-title=\"IMG_7914\"\n               data-description=\"Rebberg bei Varen\"\n               data-image-slug=\"img_7914-2\"\n               class=\"shutterset_f21338e419fb9e61565971ad393e8aab\">\n                <img\n                    title=\"IMG_7914\"\n                    alt=\"IMG_7914\"\n                    src=\"http:\/\/www.freimarianne.ch\/wp-content\/gallery\/varen-venthone-iph-14-9-21\/cache\/IMG_7914.jpeg-nggid0527313-ngg0dyn-100x75x100-00f0w010c010r110f110r010t010.jpeg\"\n                    width=\"100\"\n                    height=\"75\"\n                    style=\"max-width:100%;\"\n                \/>\n            <\/a>\n        <\/div>\n\t\t\t\t\t\t\t<\/div> \n\t\t\t\n                                    <br style=\"clear: both\" \/>\n                    \n\t\t\t\t<div id=\"ngg-image-4\" class=\"ngg-gallery-thumbnail-box\" >\n\t\t\t\t        <div class=\"ngg-gallery-thumbnail\">\n            <a href=\"http:\/\/www.freimarianne.ch\/wp-content\/gallery\/varen-venthone-iph-14-9-21\/IMG_7915.jpeg\"\n               title=\"durch die Rebberge auf dem chemin du vignoble\"\n               data-src=\"http:\/\/www.freimarianne.ch\/wp-content\/gallery\/varen-venthone-iph-14-9-21\/IMG_7915.jpeg\"\n               data-thumbnail=\"http:\/\/www.freimarianne.ch\/wp-content\/gallery\/varen-venthone-iph-14-9-21\/thumbs\/thumbs_IMG_7915.jpeg\"\n               data-image-id=\"27314\"\n               data-title=\"IMG_7915\"\n               data-description=\"durch die Rebberge auf dem chemin du vignoble\"\n               data-image-slug=\"img_7915-5\"\n               class=\"shutterset_f21338e419fb9e61565971ad393e8aab\">\n                <img\n                    title=\"IMG_7915\"\n                    alt=\"IMG_7915\"\n                    src=\"http:\/\/www.freimarianne.ch\/wp-content\/gallery\/varen-venthone-iph-14-9-21\/cache\/IMG_7915.jpeg-nggid0527314-ngg0dyn-100x75x100-00f0w010c010r110f110r010t010.jpeg\"\n                    width=\"100\"\n                    height=\"75\"\n                    style=\"max-width:100%;\"\n                \/>\n            <\/a>\n        <\/div>\n\t\t\t\t\t\t\t<\/div> \n\t\t\t\n                            \n\t\t\t\t<div id=\"ngg-image-5\" class=\"ngg-gallery-thumbnail-box\" >\n\t\t\t\t        <div class=\"ngg-gallery-thumbnail\">\n            <a href=\"http:\/\/www.freimarianne.ch\/wp-content\/gallery\/varen-venthone-iph-14-9-21\/IMG_7917.jpeg\"\n               title=\"durch die Rebberge auf dem chemin du vignoble\"\n               data-src=\"http:\/\/www.freimarianne.ch\/wp-content\/gallery\/varen-venthone-iph-14-9-21\/IMG_7917.jpeg\"\n               data-thumbnail=\"http:\/\/www.freimarianne.ch\/wp-content\/gallery\/varen-venthone-iph-14-9-21\/thumbs\/thumbs_IMG_7917.jpeg\"\n               data-image-id=\"27315\"\n               data-title=\"IMG_7917\"\n               data-description=\"durch die Rebberge auf dem chemin du vignoble\"\n               data-image-slug=\"img_7917-2\"\n               class=\"shutterset_f21338e419fb9e61565971ad393e8aab\">\n                <img\n                    title=\"IMG_7917\"\n                    alt=\"IMG_7917\"\n                    src=\"http:\/\/www.freimarianne.ch\/wp-content\/gallery\/varen-venthone-iph-14-9-21\/cache\/IMG_7917.jpeg-nggid0527315-ngg0dyn-100x75x100-00f0w010c010r110f110r010t010.jpeg\"\n                    width=\"100\"\n                    height=\"75\"\n                    style=\"max-width:100%;\"\n                \/>\n            <\/a>\n        <\/div>\n\t\t\t\t\t\t\t<\/div> \n\t\t\t\n                            \n\t\t\n\t\t<!-- Pagination -->\n\t<div class='ngg-clear'><\/div>\t<\/div>\n\n","protected":false},"excerpt":{"rendered":"<p>Von Varen&nbsp; nach Venth\u00f4ne Der Wetterbericht f\u00fcr heute l\u00e4sst es zu, die geplante Suonenwanderungmit der Gruppe \u201eAlpenblick\u201c durchzuf\u00fchren.Ganz kurzfristig musste ich noch eine Routen\u00e4nderung machen, denn eine Teilnehmerin ist zuf\u00e4llig im Internet auf die Ank\u00fcndigung einer Wegsperrung ab 8.9. im Gebiet Praderotschi gestossen.Es war mir bald klar, welche Stelle dies ist, denn dort musste ich [&hellip;]<\/p>\n","protected":false},"author":1,"featured_media":0,"parent":56870,"menu_order":6,"comment_status":"closed","ping_status":"closed","template":"","meta":{"ngg_post_thumbnail":0},"_links":{"self":[{"href":"http:\/\/www.freimarianne.ch\/index.php?rest_route=\/wp\/v2\/pages\/56903"}],"collection":[{"href":"http:\/\/www.freimarianne.ch\/index.php?rest_route=\/wp\/v2\/pages"}],"about":[{"href":"http:\/\/www.freimarianne.ch\/index.php?rest_route=\/wp\/v2\/types\/page"}],"author":[{"embeddable":true,"href":"http:\/\/www.freimarianne.ch\/index.php?rest_route=\/wp\/v2\/users\/1"}],"replies":[{"embeddable":true,"href":"http:\/\/www.freimarianne.ch\/index.php?rest_route=%2Fwp%2Fv2%2Fcomments&post=56903"}],"version-history":[{"count":3,"href":"http:\/\/www.freimarianne.ch\/index.php?rest_route=\/wp\/v2\/pages\/56903\/revisions"}],"predecessor-version":[{"id":57092,"href":"http:\/\/www.freimarianne.ch\/index.php?rest_route=\/wp\/v2\/pages\/56903\/revisions\/57092"}],"up":[{"embeddable":true,"href":"http:\/\/www.freimarianne.ch\/index.php?rest_route=\/wp\/v2\/pages\/56870"}],"wp:attachment":[{"href":"http:\/\/www.freimarianne.ch\/index.php?rest_route=%2Fwp%2Fv2%2Fmedia&parent=56903"}],"curies":[{"name":"wp","href":"https:\/\/api.w.org\/{rel}","templated":true}]}}