{"id":58496,"date":"2022-01-24T11:03:09","date_gmt":"2022-01-24T10:03:09","guid":{"rendered":"http:\/\/www.freimarianne.ch\/?page_id=58496"},"modified":"2022-01-26T15:18:42","modified_gmt":"2022-01-26T14:18:42","slug":"romont-lommiswil-be-18-1-2022","status":"publish","type":"page","link":"http:\/\/www.freimarianne.ch\/?page_id=58496","title":{"rendered":"Romont &#8211; Lommiswil  BE  18.1.2022"},"content":{"rendered":"\n<div class=\"wp-block-image is-style-default\"><figure class=\"alignleft\"><img loading=\"lazy\" width=\"500\" height=\"375\" src=\"http:\/\/www.freimarianne.ch\/wp-content\/uploads\/2022\/01\/IMG_9885_lommiswil_500.jpeg\" alt=\"\" class=\"wp-image-58468\" srcset=\"http:\/\/www.freimarianne.ch\/wp-content\/uploads\/2022\/01\/IMG_9885_lommiswil_500.jpeg 500w, http:\/\/www.freimarianne.ch\/wp-content\/uploads\/2022\/01\/IMG_9885_lommiswil_500-300x225.jpeg 300w, http:\/\/www.freimarianne.ch\/wp-content\/uploads\/2022\/01\/IMG_9885_lommiswil_500-400x300.jpeg 400w\" sizes=\"(max-width: 500px) 100vw, 500px\" \/><\/figure><\/div>\n\n\n\n<p><strong>Winterwanderung<\/strong><\/p>\n\n\n<p>Heute wandern wir in einer ganz anderen Gegend. Wir beginnen unsere Wanderung am Juras\u00fcdfuss um 10.20h in Romont, das wir von Biel aus mit dem Postauto erreichten. Es ist sonnig und es liegt noch etwas Schnee auf den Feldern. Unsere Wanderung f\u00fchrt uns durch den Wald \u00fcber Allerheiligen 597m, Holzh\u00fctte 590m auf dem Panoramaweg hin\u00fcber nach Lommniswil. Wir konnten unsere Iseli gut gebrauchen. <br>Wir sind nach 14h am Bahnhof und k\u00f6nnen um 14.18h den Zug nach Solothurn besteigen.<\/p>\n<p>Dies war ein eher lange Wanderung. Es war zwischendurch sehr windig und kalt. Aber wir hatten meist Sonnen schein.<\/p>\n<p>Laut Schweizmobil:<br>Distanz: 12.82km; Aufstieg: 204m; Abstieg: 390m; Wanderzeit: 3h 10 min ( Sommer)<\/p>\n<p>Karte Schweizmobil:<\/p>\n<p>&nbsp;<\/p>\n\n\n<!-- index.php -->\n<div\n\tclass=\"ngg-galleryoverview ngg-ajax-pagination-none\"\n\tid=\"ngg-gallery-c5a8d94a596330d8404f9da36ab3fedf-1\">\n\n    \t<div class=\"slideshowlink\">\n        <a href='http:\/\/www.freimarianne.ch\/index.php\/nggallery\/slideshow?page_id=58496'>[Show as slideshow]<\/a>\n\t\t\n\t<\/div>\n\t\t\t<!-- Thumbnails -->\n\t\t\t\t<div id=\"ngg-image-0\" class=\"ngg-gallery-thumbnail-box\" >\n\t\t\t\t        <div class=\"ngg-gallery-thumbnail\">\n            <a href=\"http:\/\/www.freimarianne.ch\/wp-content\/gallery\/lommiswil-18-1-22\/IMG_9857.jpeg\"\n               title=\"Romont BE 744m\"\n               data-src=\"http:\/\/www.freimarianne.ch\/wp-content\/gallery\/lommiswil-18-1-22\/IMG_9857.jpeg\"\n               data-thumbnail=\"http:\/\/www.freimarianne.ch\/wp-content\/gallery\/lommiswil-18-1-22\/thumbs\/thumbs_IMG_9857.jpeg\"\n               data-image-id=\"28508\"\n               data-title=\"IMG_9857\"\n               data-description=\"Romont BE 744m\"\n               data-image-slug=\"img_9857-3\"\n               class=\"shutterset_c5a8d94a596330d8404f9da36ab3fedf\">\n                <img\n                    title=\"IMG_9857\"\n                    alt=\"IMG_9857\"\n                    src=\"http:\/\/www.freimarianne.ch\/wp-content\/gallery\/lommiswil-18-1-22\/cache\/IMG_9857.jpeg-nggid0528508-ngg0dyn-100x75x100-00f0w010c010r110f110r010t010.jpeg\"\n                    width=\"96\"\n                    height=\"75\"\n                    style=\"max-width:100%;\"\n                \/>\n            <\/a>\n        <\/div>\n\t\t\t\t\t\t\t<\/div> \n\t\t\t\n                            \n\t\t\t\t<div id=\"ngg-image-1\" class=\"ngg-gallery-thumbnail-box\" >\n\t\t\t\t        <div class=\"ngg-gallery-thumbnail\">\n            <a href=\"http:\/\/www.freimarianne.ch\/wp-content\/gallery\/lommiswil-18-1-22\/IMG_9860.jpeg\"\n               title=\"wintertliche Stimmung  bei Allerheiligen\"\n               data-src=\"http:\/\/www.freimarianne.ch\/wp-content\/gallery\/lommiswil-18-1-22\/IMG_9860.jpeg\"\n               data-thumbnail=\"http:\/\/www.freimarianne.ch\/wp-content\/gallery\/lommiswil-18-1-22\/thumbs\/thumbs_IMG_9860.jpeg\"\n               data-image-id=\"28507\"\n               data-title=\"IMG_9860\"\n               data-description=\"wintertliche Stimmung  bei Allerheiligen\"\n               data-image-slug=\"img_9860-2\"\n               class=\"shutterset_c5a8d94a596330d8404f9da36ab3fedf\">\n                <img\n                    title=\"IMG_9860\"\n                    alt=\"IMG_9860\"\n                    src=\"http:\/\/www.freimarianne.ch\/wp-content\/gallery\/lommiswil-18-1-22\/cache\/IMG_9860.jpeg-nggid0528507-ngg0dyn-100x75x100-00f0w010c010r110f110r010t010.jpeg\"\n                    width=\"100\"\n                    height=\"69\"\n                    style=\"max-width:100%;\"\n                \/>\n            <\/a>\n        <\/div>\n\t\t\t\t\t\t\t<\/div> \n\t\t\t\n                            \n\t\t\t\t<div id=\"ngg-image-2\" class=\"ngg-gallery-thumbnail-box\" >\n\t\t\t\t        <div class=\"ngg-gallery-thumbnail\">\n            <a href=\"http:\/\/www.freimarianne.ch\/wp-content\/gallery\/lommiswil-18-1-22\/IMG_9862.jpeg\"\n               title=\"wintertliche Stimmung bei Allerheiligen\"\n               data-src=\"http:\/\/www.freimarianne.ch\/wp-content\/gallery\/lommiswil-18-1-22\/IMG_9862.jpeg\"\n               data-thumbnail=\"http:\/\/www.freimarianne.ch\/wp-content\/gallery\/lommiswil-18-1-22\/thumbs\/thumbs_IMG_9862.jpeg\"\n               data-image-id=\"28504\"\n               data-title=\"IMG_9862\"\n               data-description=\"wintertliche Stimmung bei Allerheiligen\"\n               data-image-slug=\"img_9862\"\n               class=\"shutterset_c5a8d94a596330d8404f9da36ab3fedf\">\n                <img\n                    title=\"IMG_9862\"\n                    alt=\"IMG_9862\"\n                    src=\"http:\/\/www.freimarianne.ch\/wp-content\/gallery\/lommiswil-18-1-22\/cache\/IMG_9862.jpeg-nggid0528504-ngg0dyn-100x75x100-00f0w010c010r110f110r010t010.jpeg\"\n                    width=\"95\"\n                    height=\"75\"\n                    style=\"max-width:100%;\"\n                \/>\n            <\/a>\n        <\/div>\n\t\t\t\t\t\t\t<\/div> \n\t\t\t\n                            \n\t\t\t\t<div id=\"ngg-image-3\" class=\"ngg-gallery-thumbnail-box\" >\n\t\t\t\t        <div class=\"ngg-gallery-thumbnail\">\n            <a href=\"http:\/\/www.freimarianne.ch\/wp-content\/gallery\/lommiswil-18-1-22\/IMG_9864.jpeg\"\n               title=\"wintertliche Stimmung bei Allerheiligen\"\n               data-src=\"http:\/\/www.freimarianne.ch\/wp-content\/gallery\/lommiswil-18-1-22\/IMG_9864.jpeg\"\n               data-thumbnail=\"http:\/\/www.freimarianne.ch\/wp-content\/gallery\/lommiswil-18-1-22\/thumbs\/thumbs_IMG_9864.jpeg\"\n               data-image-id=\"28503\"\n               data-title=\"IMG_9864\"\n               data-description=\"wintertliche Stimmung bei Allerheiligen\"\n               data-image-slug=\"img_9864-3\"\n               class=\"shutterset_c5a8d94a596330d8404f9da36ab3fedf\">\n                <img\n                    title=\"IMG_9864\"\n                    alt=\"IMG_9864\"\n                    src=\"http:\/\/www.freimarianne.ch\/wp-content\/gallery\/lommiswil-18-1-22\/cache\/IMG_9864.jpeg-nggid0528503-ngg0dyn-100x75x100-00f0w010c010r110f110r010t010.jpeg\"\n                    width=\"100\"\n                    height=\"75\"\n                    style=\"max-width:100%;\"\n                \/>\n            <\/a>\n        <\/div>\n\t\t\t\t\t\t\t<\/div> \n\t\t\t\n                                    <br style=\"clear: both\" \/>\n                    \n\t\t\t\t<div id=\"ngg-image-4\" class=\"ngg-gallery-thumbnail-box\" >\n\t\t\t\t        <div class=\"ngg-gallery-thumbnail\">\n            <a href=\"http:\/\/www.freimarianne.ch\/wp-content\/gallery\/lommiswil-18-1-22\/IMG_9869.jpeg\"\n               title=\"\"\n               data-src=\"http:\/\/www.freimarianne.ch\/wp-content\/gallery\/lommiswil-18-1-22\/IMG_9869.jpeg\"\n               data-thumbnail=\"http:\/\/www.freimarianne.ch\/wp-content\/gallery\/lommiswil-18-1-22\/thumbs\/thumbs_IMG_9869.jpeg\"\n               data-image-id=\"28506\"\n               data-title=\"IMG_9869\"\n               data-description=\"\"\n               data-image-slug=\"img_9869-2\"\n               class=\"shutterset_c5a8d94a596330d8404f9da36ab3fedf\">\n                <img\n                    title=\"IMG_9869\"\n                    alt=\"IMG_9869\"\n                    src=\"http:\/\/www.freimarianne.ch\/wp-content\/gallery\/lommiswil-18-1-22\/cache\/IMG_9869.jpeg-nggid0528506-ngg0dyn-100x75x100-00f0w010c010r110f110r010t010.jpeg\"\n                    width=\"100\"\n                    height=\"75\"\n                    style=\"max-width:100%;\"\n                \/>\n            <\/a>\n        <\/div>\n\t\t\t\t\t\t\t<\/div> \n\t\t\t\n                            \n\t\t\t\t<div id=\"ngg-image-5\" class=\"ngg-gallery-thumbnail-box\" >\n\t\t\t\t        <div class=\"ngg-gallery-thumbnail\">\n            <a href=\"http:\/\/www.freimarianne.ch\/wp-content\/gallery\/lommiswil-18-1-22\/IMG_9872.jpeg\"\n               title=\"Winterstimmung\"\n               data-src=\"http:\/\/www.freimarianne.ch\/wp-content\/gallery\/lommiswil-18-1-22\/IMG_9872.jpeg\"\n               data-thumbnail=\"http:\/\/www.freimarianne.ch\/wp-content\/gallery\/lommiswil-18-1-22\/thumbs\/thumbs_IMG_9872.jpeg\"\n               data-image-id=\"28505\"\n               data-title=\"IMG_9872\"\n               data-description=\"Winterstimmung\"\n               data-image-slug=\"img_9872-2\"\n               class=\"shutterset_c5a8d94a596330d8404f9da36ab3fedf\">\n                <img\n                    title=\"IMG_9872\"\n                    alt=\"IMG_9872\"\n                    src=\"http:\/\/www.freimarianne.ch\/wp-content\/gallery\/lommiswil-18-1-22\/cache\/IMG_9872.jpeg-nggid0528505-ngg0dyn-100x75x100-00f0w010c010r110f110r010t010.jpeg\"\n                    width=\"100\"\n                    height=\"75\"\n                    style=\"max-width:100%;\"\n                \/>\n            <\/a>\n        <\/div>\n\t\t\t\t\t\t\t<\/div> \n\t\t\t\n                            \n\t\t\t\t<div id=\"ngg-image-6\" class=\"ngg-gallery-thumbnail-box\" >\n\t\t\t\t        <div class=\"ngg-gallery-thumbnail\">\n            <a href=\"http:\/\/www.freimarianne.ch\/wp-content\/gallery\/lommiswil-18-1-22\/IMG_9880.jpeg\"\n               title=\"Hof vor Lommiswil\"\n               data-src=\"http:\/\/www.freimarianne.ch\/wp-content\/gallery\/lommiswil-18-1-22\/IMG_9880.jpeg\"\n               data-thumbnail=\"http:\/\/www.freimarianne.ch\/wp-content\/gallery\/lommiswil-18-1-22\/thumbs\/thumbs_IMG_9880.jpeg\"\n               data-image-id=\"28501\"\n               data-title=\"IMG_9880\"\n               data-description=\"Hof vor Lommiswil\"\n               data-image-slug=\"img_9880-3\"\n               class=\"shutterset_c5a8d94a596330d8404f9da36ab3fedf\">\n                <img\n                    title=\"IMG_9880\"\n                    alt=\"IMG_9880\"\n                    src=\"http:\/\/www.freimarianne.ch\/wp-content\/gallery\/lommiswil-18-1-22\/cache\/IMG_9880.jpeg-nggid0528501-ngg0dyn-100x75x100-00f0w010c010r110f110r010t010.jpeg\"\n                    width=\"100\"\n                    height=\"75\"\n                    style=\"max-width:100%;\"\n                \/>\n            <\/a>\n        <\/div>\n\t\t\t\t\t\t\t<\/div> \n\t\t\t\n                            \n\t\t\t\t<div id=\"ngg-image-7\" class=\"ngg-gallery-thumbnail-box\" >\n\t\t\t\t        <div class=\"ngg-gallery-thumbnail\">\n            <a href=\"http:\/\/www.freimarianne.ch\/wp-content\/gallery\/lommiswil-18-1-22\/IMG_9884.jpeg\"\n               title=\"vor Lommiswil\"\n               data-src=\"http:\/\/www.freimarianne.ch\/wp-content\/gallery\/lommiswil-18-1-22\/IMG_9884.jpeg\"\n               data-thumbnail=\"http:\/\/www.freimarianne.ch\/wp-content\/gallery\/lommiswil-18-1-22\/thumbs\/thumbs_IMG_9884.jpeg\"\n               data-image-id=\"28502\"\n               data-title=\"IMG_9884\"\n               data-description=\"vor Lommiswil\"\n               data-image-slug=\"img_9884-2\"\n               class=\"shutterset_c5a8d94a596330d8404f9da36ab3fedf\">\n                <img\n                    title=\"IMG_9884\"\n                    alt=\"IMG_9884\"\n                    src=\"http:\/\/www.freimarianne.ch\/wp-content\/gallery\/lommiswil-18-1-22\/cache\/IMG_9884.jpeg-nggid0528502-ngg0dyn-100x75x100-00f0w010c010r110f110r010t010.jpeg\"\n                    width=\"100\"\n                    height=\"75\"\n                    style=\"max-width:100%;\"\n                \/>\n            <\/a>\n        <\/div>\n\t\t\t\t\t\t\t<\/div> \n\t\t\t\n                                    <br style=\"clear: both\" \/>\n                    \n\t\t\n\t\t<!-- Pagination -->\n\t<div class='ngg-clear'><\/div>\t<\/div>\n\n\n\n\n<p><\/p>\n","protected":false},"excerpt":{"rendered":"<p>Winterwanderung Heute wandern wir in einer ganz anderen Gegend. Wir beginnen unsere Wanderung am Juras\u00fcdfuss um 10.20h in Romont, das wir von Biel aus mit dem Postauto erreichten. Es ist sonnig und es liegt noch etwas Schnee auf den Feldern. Unsere Wanderung f\u00fchrt uns durch den Wald \u00fcber Allerheiligen 597m, Holzh\u00fctte 590m auf dem Panoramaweg [&hellip;]<\/p>\n","protected":false},"author":1,"featured_media":0,"parent":58138,"menu_order":15,"comment_status":"closed","ping_status":"closed","template":"","meta":{"ngg_post_thumbnail":0},"_links":{"self":[{"href":"http:\/\/www.freimarianne.ch\/index.php?rest_route=\/wp\/v2\/pages\/58496"}],"collection":[{"href":"http:\/\/www.freimarianne.ch\/index.php?rest_route=\/wp\/v2\/pages"}],"about":[{"href":"http:\/\/www.freimarianne.ch\/index.php?rest_route=\/wp\/v2\/types\/page"}],"author":[{"embeddable":true,"href":"http:\/\/www.freimarianne.ch\/index.php?rest_route=\/wp\/v2\/users\/1"}],"replies":[{"embeddable":true,"href":"http:\/\/www.freimarianne.ch\/index.php?rest_route=%2Fwp%2Fv2%2Fcomments&post=58496"}],"version-history":[{"count":6,"href":"http:\/\/www.freimarianne.ch\/index.php?rest_route=\/wp\/v2\/pages\/58496\/revisions"}],"predecessor-version":[{"id":58760,"href":"http:\/\/www.freimarianne.ch\/index.php?rest_route=\/wp\/v2\/pages\/58496\/revisions\/58760"}],"up":[{"embeddable":true,"href":"http:\/\/www.freimarianne.ch\/index.php?rest_route=\/wp\/v2\/pages\/58138"}],"wp:attachment":[{"href":"http:\/\/www.freimarianne.ch\/index.php?rest_route=%2Fwp%2Fv2%2Fmedia&parent=58496"}],"curies":[{"name":"wp","href":"https:\/\/api.w.org\/{rel}","templated":true}]}}