{"id":59,"date":"2010-01-12T12:44:54","date_gmt":"2010-01-12T11:44:54","guid":{"rendered":"http:\/\/www.freimarianne.ch\/?page_id=59"},"modified":"2010-12-15T10:03:48","modified_gmt":"2010-12-15T09:03:48","slug":"etang-de-gruere","status":"publish","type":"page","link":"http:\/\/www.freimarianne.ch\/?page_id=59","title":{"rendered":"Etang de Gru\u00e8re  Januar 2010"},"content":{"rendered":"<p>7.01.2010<br \/>\n<strong>Winterwanderung<\/strong> von Saingl\u00e9gier an den Etang de Gru\u00e9re und zur\u00fcck<br \/>\n( Jura, Schweiz)<br \/>\nMarianne und Edith<br \/>\n<img loading=\"lazy\" src=\"http:\/\/www.freimarianne.ch\/wp-content\/uploads\/2010\/01\/etang_guere_500pi.jpg\" alt=\"etang_guere_500pi\" title=\"etang_guere_500pi\" width=\"500\" height=\"375\" class=\"alignleft size-full wp-image-162\" srcset=\"http:\/\/www.freimarianne.ch\/wp-content\/uploads\/2010\/01\/etang_guere_500pi.jpg 500w, http:\/\/www.freimarianne.ch\/wp-content\/uploads\/2010\/01\/etang_guere_500pi-300x225.jpg 300w\" sizes=\"(max-width: 500px) 100vw, 500px\" \/><br \/>\n<!-- index.php -->\n<div\n\tclass=\"ngg-galleryoverview ngg-ajax-pagination-none\"\n\tid=\"ngg-gallery-28f741c4e461032280a7b2651cd90dff-1\">\n\n    \t<div class=\"slideshowlink\">\n        <a href='http:\/\/www.freimarianne.ch\/index.php\/nggallery\/slideshow?page_id=59'>[Show as slideshow]<\/a>\n\t\t\n\t<\/div>\n\t\t\t<!-- Thumbnails -->\n\t\t\t\t<div id=\"ngg-image-0\" class=\"ngg-gallery-thumbnail-box\" >\n\t\t\t\t        <div class=\"ngg-gallery-thumbnail\">\n            <a href=\"http:\/\/www.freimarianne.ch\/wp-content\/gallery\/saignelegier-etang-de-gruere-7-1-2010\/IMG_6684.jpg\"\n               title=\"Etang de Gru\u00e8re\"\n               data-src=\"http:\/\/www.freimarianne.ch\/wp-content\/gallery\/saignelegier-etang-de-gruere-7-1-2010\/IMG_6684.jpg\"\n               data-thumbnail=\"http:\/\/www.freimarianne.ch\/wp-content\/gallery\/saignelegier-etang-de-gruere-7-1-2010\/thumbs\/thumbs_IMG_6684.jpg\"\n               data-image-id=\"19\"\n               data-title=\"IMG_6684\"\n               data-description=\"Etang de Gru\u00e8re\"\n               data-image-slug=\"img_6684\"\n               class=\"shutterset_28f741c4e461032280a7b2651cd90dff\">\n                <img\n                    title=\"IMG_6684\"\n                    alt=\"IMG_6684\"\n                    src=\"http:\/\/www.freimarianne.ch\/wp-content\/gallery\/saignelegier-etang-de-gruere-7-1-2010\/cache\/IMG_6684.jpg-nggid0219-ngg0dyn-100x75x100-00f0w010c010r110f110r010t010.jpg\"\n                    width=\"100\"\n                    height=\"75\"\n                    style=\"max-width:100%;\"\n                \/>\n            <\/a>\n        <\/div>\n\t\t\t\t\t\t\t<\/div> \n\t\t\t\n                            \n\t\t\t\t<div id=\"ngg-image-1\" class=\"ngg-gallery-thumbnail-box\" >\n\t\t\t\t        <div class=\"ngg-gallery-thumbnail\">\n            <a href=\"http:\/\/www.freimarianne.ch\/wp-content\/gallery\/saignelegier-etang-de-gruere-7-1-2010\/IMG_6685.jpg\"\n               title=\"Karte\"\n               data-src=\"http:\/\/www.freimarianne.ch\/wp-content\/gallery\/saignelegier-etang-de-gruere-7-1-2010\/IMG_6685.jpg\"\n               data-thumbnail=\"http:\/\/www.freimarianne.ch\/wp-content\/gallery\/saignelegier-etang-de-gruere-7-1-2010\/thumbs\/thumbs_IMG_6685.jpg\"\n               data-image-id=\"20\"\n               data-title=\"IMG_6685\"\n               data-description=\"Karte\"\n               data-image-slug=\"img_6685\"\n               class=\"shutterset_28f741c4e461032280a7b2651cd90dff\">\n                <img\n                    title=\"IMG_6685\"\n                    alt=\"IMG_6685\"\n                    src=\"http:\/\/www.freimarianne.ch\/wp-content\/gallery\/saignelegier-etang-de-gruere-7-1-2010\/cache\/IMG_6685.jpg-nggid0220-ngg0dyn-100x75x100-00f0w010c010r110f110r010t010.jpg\"\n                    width=\"96\"\n                    height=\"75\"\n                    style=\"max-width:100%;\"\n                \/>\n            <\/a>\n        <\/div>\n\t\t\t\t\t\t\t<\/div> \n\t\t\t\n                            \n\t\t\t\t<div id=\"ngg-image-2\" class=\"ngg-gallery-thumbnail-box\" >\n\t\t\t\t        <div class=\"ngg-gallery-thumbnail\">\n            <a href=\"http:\/\/www.freimarianne.ch\/wp-content\/gallery\/saignelegier-etang-de-gruere-7-1-2010\/IMG_6687.jpg\"\n               title=\"Saignel\u00e9gier\nMarianne\"\n               data-src=\"http:\/\/www.freimarianne.ch\/wp-content\/gallery\/saignelegier-etang-de-gruere-7-1-2010\/IMG_6687.jpg\"\n               data-thumbnail=\"http:\/\/www.freimarianne.ch\/wp-content\/gallery\/saignelegier-etang-de-gruere-7-1-2010\/thumbs\/thumbs_IMG_6687.jpg\"\n               data-image-id=\"1\"\n               data-title=\"IMG_6687\"\n               data-description=\"Saignel\u00e9gier\nMarianne\"\n               data-image-slug=\"img_6687\"\n               class=\"shutterset_28f741c4e461032280a7b2651cd90dff\">\n                <img\n                    title=\"IMG_6687\"\n                    alt=\"IMG_6687\"\n                    src=\"http:\/\/www.freimarianne.ch\/wp-content\/gallery\/saignelegier-etang-de-gruere-7-1-2010\/cache\/IMG_6687.jpg-nggid011-ngg0dyn-100x75x100-00f0w010c010r110f110r010t010.jpg\"\n                    width=\"100\"\n                    height=\"75\"\n                    style=\"max-width:100%;\"\n                \/>\n            <\/a>\n        <\/div>\n\t\t\t\t\t\t\t<\/div> \n\t\t\t\n                            \n\t\t\t\t<div id=\"ngg-image-3\" class=\"ngg-gallery-thumbnail-box\" >\n\t\t\t\t        <div class=\"ngg-gallery-thumbnail\">\n            <a href=\"http:\/\/www.freimarianne.ch\/wp-content\/gallery\/saignelegier-etang-de-gruere-7-1-2010\/IMG_6688.jpg\"\n               title=\"Edith\"\n               data-src=\"http:\/\/www.freimarianne.ch\/wp-content\/gallery\/saignelegier-etang-de-gruere-7-1-2010\/IMG_6688.jpg\"\n               data-thumbnail=\"http:\/\/www.freimarianne.ch\/wp-content\/gallery\/saignelegier-etang-de-gruere-7-1-2010\/thumbs\/thumbs_IMG_6688.jpg\"\n               data-image-id=\"2\"\n               data-title=\"IMG_6688\"\n               data-description=\"Edith\"\n               data-image-slug=\"img_6688\"\n               class=\"shutterset_28f741c4e461032280a7b2651cd90dff\">\n                <img\n                    title=\"IMG_6688\"\n                    alt=\"IMG_6688\"\n                    src=\"http:\/\/www.freimarianne.ch\/wp-content\/gallery\/saignelegier-etang-de-gruere-7-1-2010\/cache\/IMG_6688.jpg-nggid012-ngg0dyn-100x75x100-00f0w010c010r110f110r010t010.jpg\"\n                    width=\"100\"\n                    height=\"75\"\n                    style=\"max-width:100%;\"\n                \/>\n            <\/a>\n        <\/div>\n\t\t\t\t\t\t\t<\/div> \n\t\t\t\n                                    <br style=\"clear: both\" \/>\n                    \n\t\t\t\t<div id=\"ngg-image-4\" class=\"ngg-gallery-thumbnail-box\" >\n\t\t\t\t        <div class=\"ngg-gallery-thumbnail\">\n            <a href=\"http:\/\/www.freimarianne.ch\/wp-content\/gallery\/saignelegier-etang-de-gruere-7-1-2010\/IMG_6693.jpg\"\n               title=\"Winteridyll\"\n               data-src=\"http:\/\/www.freimarianne.ch\/wp-content\/gallery\/saignelegier-etang-de-gruere-7-1-2010\/IMG_6693.jpg\"\n               data-thumbnail=\"http:\/\/www.freimarianne.ch\/wp-content\/gallery\/saignelegier-etang-de-gruere-7-1-2010\/thumbs\/thumbs_IMG_6693.jpg\"\n               data-image-id=\"3\"\n               data-title=\"IMG_6693\"\n               data-description=\"Winteridyll\"\n               data-image-slug=\"img_6693\"\n               class=\"shutterset_28f741c4e461032280a7b2651cd90dff\">\n                <img\n                    title=\"IMG_6693\"\n                    alt=\"IMG_6693\"\n                    src=\"http:\/\/www.freimarianne.ch\/wp-content\/gallery\/saignelegier-etang-de-gruere-7-1-2010\/cache\/IMG_6693.jpg-nggid013-ngg0dyn-100x75x100-00f0w010c010r110f110r010t010.jpg\"\n                    width=\"100\"\n                    height=\"75\"\n                    style=\"max-width:100%;\"\n                \/>\n            <\/a>\n        <\/div>\n\t\t\t\t\t\t\t<\/div> \n\t\t\t\n                            \n\t\t\t\t<div id=\"ngg-image-5\" class=\"ngg-gallery-thumbnail-box\" >\n\t\t\t\t        <div class=\"ngg-gallery-thumbnail\">\n            <a href=\"http:\/\/www.freimarianne.ch\/wp-content\/gallery\/saignelegier-etang-de-gruere-7-1-2010\/IMG_6699_01.jpg\"\n               title=\"bei les Cerlatez\"\n               data-src=\"http:\/\/www.freimarianne.ch\/wp-content\/gallery\/saignelegier-etang-de-gruere-7-1-2010\/IMG_6699_01.jpg\"\n               data-thumbnail=\"http:\/\/www.freimarianne.ch\/wp-content\/gallery\/saignelegier-etang-de-gruere-7-1-2010\/thumbs\/thumbs_IMG_6699_01.jpg\"\n               data-image-id=\"4\"\n               data-title=\"IMG_6699_01\"\n               data-description=\"bei les Cerlatez\"\n               data-image-slug=\"img_6699_01\"\n               class=\"shutterset_28f741c4e461032280a7b2651cd90dff\">\n                <img\n                    title=\"IMG_6699_01\"\n                    alt=\"IMG_6699_01\"\n                    src=\"http:\/\/www.freimarianne.ch\/wp-content\/gallery\/saignelegier-etang-de-gruere-7-1-2010\/cache\/IMG_6699_01.jpg-nggid014-ngg0dyn-100x75x100-00f0w010c010r110f110r010t010.jpg\"\n                    width=\"100\"\n                    height=\"75\"\n                    style=\"max-width:100%;\"\n                \/>\n            <\/a>\n        <\/div>\n\t\t\t\t\t\t\t<\/div> \n\t\t\t\n                            \n\t\t\t\t<div id=\"ngg-image-6\" class=\"ngg-gallery-thumbnail-box\" >\n\t\t\t\t        <div class=\"ngg-gallery-thumbnail\">\n            <a href=\"http:\/\/www.freimarianne.ch\/wp-content\/gallery\/saignelegier-etang-de-gruere-7-1-2010\/IMG_6702.jpg\"\n               title=\"Etang de Gru\u00e8re\"\n               data-src=\"http:\/\/www.freimarianne.ch\/wp-content\/gallery\/saignelegier-etang-de-gruere-7-1-2010\/IMG_6702.jpg\"\n               data-thumbnail=\"http:\/\/www.freimarianne.ch\/wp-content\/gallery\/saignelegier-etang-de-gruere-7-1-2010\/thumbs\/thumbs_IMG_6702.jpg\"\n               data-image-id=\"5\"\n               data-title=\"IMG_6702\"\n               data-description=\"Etang de Gru\u00e8re\"\n               data-image-slug=\"img_6702\"\n               class=\"shutterset_28f741c4e461032280a7b2651cd90dff\">\n                <img\n                    title=\"IMG_6702\"\n                    alt=\"IMG_6702\"\n                    src=\"http:\/\/www.freimarianne.ch\/wp-content\/gallery\/saignelegier-etang-de-gruere-7-1-2010\/cache\/IMG_6702.jpg-nggid015-ngg0dyn-100x75x100-00f0w010c010r110f110r010t010.jpg\"\n                    width=\"100\"\n                    height=\"75\"\n                    style=\"max-width:100%;\"\n                \/>\n            <\/a>\n        <\/div>\n\t\t\t\t\t\t\t<\/div> \n\t\t\t\n                            \n\t\t\t\t<div id=\"ngg-image-7\" class=\"ngg-gallery-thumbnail-box\" >\n\t\t\t\t        <div class=\"ngg-gallery-thumbnail\">\n            <a href=\"http:\/\/www.freimarianne.ch\/wp-content\/gallery\/saignelegier-etang-de-gruere-7-1-2010\/IMG_6705.jpg\"\n               title=\"Edith\"\n               data-src=\"http:\/\/www.freimarianne.ch\/wp-content\/gallery\/saignelegier-etang-de-gruere-7-1-2010\/IMG_6705.jpg\"\n               data-thumbnail=\"http:\/\/www.freimarianne.ch\/wp-content\/gallery\/saignelegier-etang-de-gruere-7-1-2010\/thumbs\/thumbs_IMG_6705.jpg\"\n               data-image-id=\"6\"\n               data-title=\"IMG_6705\"\n               data-description=\"Edith\"\n               data-image-slug=\"img_6705\"\n               class=\"shutterset_28f741c4e461032280a7b2651cd90dff\">\n                <img\n                    title=\"IMG_6705\"\n                    alt=\"IMG_6705\"\n                    src=\"http:\/\/www.freimarianne.ch\/wp-content\/gallery\/saignelegier-etang-de-gruere-7-1-2010\/cache\/IMG_6705.jpg-nggid016-ngg0dyn-100x75x100-00f0w010c010r110f110r010t010.jpg\"\n                    width=\"100\"\n                    height=\"75\"\n                    style=\"max-width:100%;\"\n                \/>\n            <\/a>\n        <\/div>\n\t\t\t\t\t\t\t<\/div> \n\t\t\t\n                                    <br style=\"clear: both\" \/>\n                    \n\t\t\t\t<div id=\"ngg-image-8\" class=\"ngg-gallery-thumbnail-box\" >\n\t\t\t\t        <div class=\"ngg-gallery-thumbnail\">\n            <a href=\"http:\/\/www.freimarianne.ch\/wp-content\/gallery\/saignelegier-etang-de-gruere-7-1-2010\/IMG_6707_01.jpg\"\n               title=\"Marianne\"\n               data-src=\"http:\/\/www.freimarianne.ch\/wp-content\/gallery\/saignelegier-etang-de-gruere-7-1-2010\/IMG_6707_01.jpg\"\n               data-thumbnail=\"http:\/\/www.freimarianne.ch\/wp-content\/gallery\/saignelegier-etang-de-gruere-7-1-2010\/thumbs\/thumbs_IMG_6707_01.jpg\"\n               data-image-id=\"7\"\n               data-title=\"IMG_6707_01\"\n               data-description=\"Marianne\"\n               data-image-slug=\"img_6707_01\"\n               class=\"shutterset_28f741c4e461032280a7b2651cd90dff\">\n                <img\n                    title=\"IMG_6707_01\"\n                    alt=\"IMG_6707_01\"\n                    src=\"http:\/\/www.freimarianne.ch\/wp-content\/gallery\/saignelegier-etang-de-gruere-7-1-2010\/cache\/IMG_6707_01.jpg-nggid017-ngg0dyn-100x75x100-00f0w010c010r110f110r010t010.jpg\"\n                    width=\"100\"\n                    height=\"75\"\n                    style=\"max-width:100%;\"\n                \/>\n            <\/a>\n        <\/div>\n\t\t\t\t\t\t\t<\/div> \n\t\t\t\n                            \n\t\t\t\t<div id=\"ngg-image-9\" class=\"ngg-gallery-thumbnail-box\" >\n\t\t\t\t        <div class=\"ngg-gallery-thumbnail\">\n            <a href=\"http:\/\/www.freimarianne.ch\/wp-content\/gallery\/saignelegier-etang-de-gruere-7-1-2010\/IMG_6712.jpg\"\n               title=\"Etang de Gru\u00e8re\"\n               data-src=\"http:\/\/www.freimarianne.ch\/wp-content\/gallery\/saignelegier-etang-de-gruere-7-1-2010\/IMG_6712.jpg\"\n               data-thumbnail=\"http:\/\/www.freimarianne.ch\/wp-content\/gallery\/saignelegier-etang-de-gruere-7-1-2010\/thumbs\/thumbs_IMG_6712.jpg\"\n               data-image-id=\"8\"\n               data-title=\"IMG_6712\"\n               data-description=\"Etang de Gru\u00e8re\"\n               data-image-slug=\"img_6712\"\n               class=\"shutterset_28f741c4e461032280a7b2651cd90dff\">\n                <img\n                    title=\"IMG_6712\"\n                    alt=\"IMG_6712\"\n                    src=\"http:\/\/www.freimarianne.ch\/wp-content\/gallery\/saignelegier-etang-de-gruere-7-1-2010\/cache\/IMG_6712.jpg-nggid018-ngg0dyn-100x75x100-00f0w010c010r110f110r010t010.jpg\"\n                    width=\"100\"\n                    height=\"75\"\n                    style=\"max-width:100%;\"\n                \/>\n            <\/a>\n        <\/div>\n\t\t\t\t\t\t\t<\/div> \n\t\t\t\n                            \n\t\t\t\t<div id=\"ngg-image-10\" class=\"ngg-gallery-thumbnail-box\" >\n\t\t\t\t        <div class=\"ngg-gallery-thumbnail\">\n            <a href=\"http:\/\/www.freimarianne.ch\/wp-content\/gallery\/saignelegier-etang-de-gruere-7-1-2010\/IMG_6717.jpg\"\n               title=\"Winteridyll\"\n               data-src=\"http:\/\/www.freimarianne.ch\/wp-content\/gallery\/saignelegier-etang-de-gruere-7-1-2010\/IMG_6717.jpg\"\n               data-thumbnail=\"http:\/\/www.freimarianne.ch\/wp-content\/gallery\/saignelegier-etang-de-gruere-7-1-2010\/thumbs\/thumbs_IMG_6717.jpg\"\n               data-image-id=\"9\"\n               data-title=\"IMG_6717\"\n               data-description=\"Winteridyll\"\n               data-image-slug=\"img_6717\"\n               class=\"shutterset_28f741c4e461032280a7b2651cd90dff\">\n                <img\n                    title=\"IMG_6717\"\n                    alt=\"IMG_6717\"\n                    src=\"http:\/\/www.freimarianne.ch\/wp-content\/gallery\/saignelegier-etang-de-gruere-7-1-2010\/cache\/IMG_6717.jpg-nggid019-ngg0dyn-100x75x100-00f0w010c010r110f110r010t010.jpg\"\n                    width=\"100\"\n                    height=\"75\"\n                    style=\"max-width:100%;\"\n                \/>\n            <\/a>\n        <\/div>\n\t\t\t\t\t\t\t<\/div> \n\t\t\t\n                            \n\t\t\t\t<div id=\"ngg-image-11\" class=\"ngg-gallery-thumbnail-box\" >\n\t\t\t\t        <div class=\"ngg-gallery-thumbnail\">\n            <a href=\"http:\/\/www.freimarianne.ch\/wp-content\/gallery\/saignelegier-etang-de-gruere-7-1-2010\/IMG_6719.jpg\"\n               title=\"Edith\"\n               data-src=\"http:\/\/www.freimarianne.ch\/wp-content\/gallery\/saignelegier-etang-de-gruere-7-1-2010\/IMG_6719.jpg\"\n               data-thumbnail=\"http:\/\/www.freimarianne.ch\/wp-content\/gallery\/saignelegier-etang-de-gruere-7-1-2010\/thumbs\/thumbs_IMG_6719.jpg\"\n               data-image-id=\"10\"\n               data-title=\"IMG_6719\"\n               data-description=\"Edith\"\n               data-image-slug=\"img_6719\"\n               class=\"shutterset_28f741c4e461032280a7b2651cd90dff\">\n                <img\n                    title=\"IMG_6719\"\n                    alt=\"IMG_6719\"\n                    src=\"http:\/\/www.freimarianne.ch\/wp-content\/gallery\/saignelegier-etang-de-gruere-7-1-2010\/cache\/IMG_6719.jpg-nggid0210-ngg0dyn-100x75x100-00f0w010c010r110f110r010t010.jpg\"\n                    width=\"100\"\n                    height=\"75\"\n                    style=\"max-width:100%;\"\n                \/>\n            <\/a>\n        <\/div>\n\t\t\t\t\t\t\t<\/div> \n\t\t\t\n                                    <br style=\"clear: both\" \/>\n                    \n\t\t\t\t<div id=\"ngg-image-12\" class=\"ngg-gallery-thumbnail-box\" >\n\t\t\t\t        <div class=\"ngg-gallery-thumbnail\">\n            <a href=\"http:\/\/www.freimarianne.ch\/wp-content\/gallery\/saignelegier-etang-de-gruere-7-1-2010\/IMG_6725.jpg\"\n               title=\"Pferde\"\n               data-src=\"http:\/\/www.freimarianne.ch\/wp-content\/gallery\/saignelegier-etang-de-gruere-7-1-2010\/IMG_6725.jpg\"\n               data-thumbnail=\"http:\/\/www.freimarianne.ch\/wp-content\/gallery\/saignelegier-etang-de-gruere-7-1-2010\/thumbs\/thumbs_IMG_6725.jpg\"\n               data-image-id=\"11\"\n               data-title=\"IMG_6725\"\n               data-description=\"Pferde\"\n               data-image-slug=\"img_6725\"\n               class=\"shutterset_28f741c4e461032280a7b2651cd90dff\">\n                <img\n                    title=\"IMG_6725\"\n                    alt=\"IMG_6725\"\n                    src=\"http:\/\/www.freimarianne.ch\/wp-content\/gallery\/saignelegier-etang-de-gruere-7-1-2010\/cache\/IMG_6725.jpg-nggid0211-ngg0dyn-100x75x100-00f0w010c010r110f110r010t010.jpg\"\n                    width=\"100\"\n                    height=\"75\"\n                    style=\"max-width:100%;\"\n                \/>\n            <\/a>\n        <\/div>\n\t\t\t\t\t\t\t<\/div> \n\t\t\t\n                            \n\t\t\t\t<div id=\"ngg-image-13\" class=\"ngg-gallery-thumbnail-box\" >\n\t\t\t\t        <div class=\"ngg-gallery-thumbnail\">\n            <a href=\"http:\/\/www.freimarianne.ch\/wp-content\/gallery\/saignelegier-etang-de-gruere-7-1-2010\/IMG_6728.jpg\"\n               title=\"Winteridyll\"\n               data-src=\"http:\/\/www.freimarianne.ch\/wp-content\/gallery\/saignelegier-etang-de-gruere-7-1-2010\/IMG_6728.jpg\"\n               data-thumbnail=\"http:\/\/www.freimarianne.ch\/wp-content\/gallery\/saignelegier-etang-de-gruere-7-1-2010\/thumbs\/thumbs_IMG_6728.jpg\"\n               data-image-id=\"12\"\n               data-title=\"IMG_6728\"\n               data-description=\"Winteridyll\"\n               data-image-slug=\"img_6728\"\n               class=\"shutterset_28f741c4e461032280a7b2651cd90dff\">\n                <img\n                    title=\"IMG_6728\"\n                    alt=\"IMG_6728\"\n                    src=\"http:\/\/www.freimarianne.ch\/wp-content\/gallery\/saignelegier-etang-de-gruere-7-1-2010\/cache\/IMG_6728.jpg-nggid0212-ngg0dyn-100x75x100-00f0w010c010r110f110r010t010.jpg\"\n                    width=\"100\"\n                    height=\"75\"\n                    style=\"max-width:100%;\"\n                \/>\n            <\/a>\n        <\/div>\n\t\t\t\t\t\t\t<\/div> \n\t\t\t\n                            \n\t\t\t\t<div id=\"ngg-image-14\" class=\"ngg-gallery-thumbnail-box\" >\n\t\t\t\t        <div class=\"ngg-gallery-thumbnail\">\n            <a href=\"http:\/\/www.freimarianne.ch\/wp-content\/gallery\/saignelegier-etang-de-gruere-7-1-2010\/IMG_6729.jpg\"\n               title=\"\"\n               data-src=\"http:\/\/www.freimarianne.ch\/wp-content\/gallery\/saignelegier-etang-de-gruere-7-1-2010\/IMG_6729.jpg\"\n               data-thumbnail=\"http:\/\/www.freimarianne.ch\/wp-content\/gallery\/saignelegier-etang-de-gruere-7-1-2010\/thumbs\/thumbs_IMG_6729.jpg\"\n               data-image-id=\"13\"\n               data-title=\"IMG_6729\"\n               data-description=\"\"\n               data-image-slug=\"img_6729\"\n               class=\"shutterset_28f741c4e461032280a7b2651cd90dff\">\n                <img\n                    title=\"IMG_6729\"\n                    alt=\"IMG_6729\"\n                    src=\"http:\/\/www.freimarianne.ch\/wp-content\/gallery\/saignelegier-etang-de-gruere-7-1-2010\/cache\/IMG_6729.jpg-nggid0213-ngg0dyn-100x75x100-00f0w010c010r110f110r010t010.jpg\"\n                    width=\"100\"\n                    height=\"75\"\n                    style=\"max-width:100%;\"\n                \/>\n            <\/a>\n        <\/div>\n\t\t\t\t\t\t\t<\/div> \n\t\t\t\n                            \n\t\t\t\t<div id=\"ngg-image-15\" class=\"ngg-gallery-thumbnail-box\" >\n\t\t\t\t        <div class=\"ngg-gallery-thumbnail\">\n            <a href=\"http:\/\/www.freimarianne.ch\/wp-content\/gallery\/saignelegier-etang-de-gruere-7-1-2010\/IMG_6732.jpg\"\n               title=\"Sous la Neuve Vie\"\n               data-src=\"http:\/\/www.freimarianne.ch\/wp-content\/gallery\/saignelegier-etang-de-gruere-7-1-2010\/IMG_6732.jpg\"\n               data-thumbnail=\"http:\/\/www.freimarianne.ch\/wp-content\/gallery\/saignelegier-etang-de-gruere-7-1-2010\/thumbs\/thumbs_IMG_6732.jpg\"\n               data-image-id=\"14\"\n               data-title=\"IMG_6732\"\n               data-description=\"Sous la Neuve Vie\"\n               data-image-slug=\"img_6732\"\n               class=\"shutterset_28f741c4e461032280a7b2651cd90dff\">\n                <img\n                    title=\"IMG_6732\"\n                    alt=\"IMG_6732\"\n                    src=\"http:\/\/www.freimarianne.ch\/wp-content\/gallery\/saignelegier-etang-de-gruere-7-1-2010\/cache\/IMG_6732.jpg-nggid0214-ngg0dyn-100x75x100-00f0w010c010r110f110r010t010.jpg\"\n                    width=\"100\"\n                    height=\"75\"\n                    style=\"max-width:100%;\"\n                \/>\n            <\/a>\n        <\/div>\n\t\t\t\t\t\t\t<\/div> \n\t\t\t\n                                    <br style=\"clear: both\" \/>\n                    \n\t\t\t\t<div id=\"ngg-image-16\" class=\"ngg-gallery-thumbnail-box\" >\n\t\t\t\t        <div class=\"ngg-gallery-thumbnail\">\n            <a href=\"http:\/\/www.freimarianne.ch\/wp-content\/gallery\/saignelegier-etang-de-gruere-7-1-2010\/IMG_6733.jpg\"\n               title=\"Winteridyll\"\n               data-src=\"http:\/\/www.freimarianne.ch\/wp-content\/gallery\/saignelegier-etang-de-gruere-7-1-2010\/IMG_6733.jpg\"\n               data-thumbnail=\"http:\/\/www.freimarianne.ch\/wp-content\/gallery\/saignelegier-etang-de-gruere-7-1-2010\/thumbs\/thumbs_IMG_6733.jpg\"\n               data-image-id=\"15\"\n               data-title=\"IMG_6733\"\n               data-description=\"Winteridyll\"\n               data-image-slug=\"img_6733\"\n               class=\"shutterset_28f741c4e461032280a7b2651cd90dff\">\n                <img\n                    title=\"IMG_6733\"\n                    alt=\"IMG_6733\"\n                    src=\"http:\/\/www.freimarianne.ch\/wp-content\/gallery\/saignelegier-etang-de-gruere-7-1-2010\/cache\/IMG_6733.jpg-nggid0215-ngg0dyn-100x75x100-00f0w010c010r110f110r010t010.jpg\"\n                    width=\"100\"\n                    height=\"75\"\n                    style=\"max-width:100%;\"\n                \/>\n            <\/a>\n        <\/div>\n\t\t\t\t\t\t\t<\/div> \n\t\t\t\n                            \n\t\t\t\t<div id=\"ngg-image-17\" class=\"ngg-gallery-thumbnail-box\" >\n\t\t\t\t        <div class=\"ngg-gallery-thumbnail\">\n            <a href=\"http:\/\/www.freimarianne.ch\/wp-content\/gallery\/saignelegier-etang-de-gruere-7-1-2010\/IMG_6734_2.jpg\"\n               title=\"Sonnenuntergang\"\n               data-src=\"http:\/\/www.freimarianne.ch\/wp-content\/gallery\/saignelegier-etang-de-gruere-7-1-2010\/IMG_6734_2.jpg\"\n               data-thumbnail=\"http:\/\/www.freimarianne.ch\/wp-content\/gallery\/saignelegier-etang-de-gruere-7-1-2010\/thumbs\/thumbs_IMG_6734_2.jpg\"\n               data-image-id=\"16\"\n               data-title=\"IMG_6734_2\"\n               data-description=\"Sonnenuntergang\"\n               data-image-slug=\"img_6734_2\"\n               class=\"shutterset_28f741c4e461032280a7b2651cd90dff\">\n                <img\n                    title=\"IMG_6734_2\"\n                    alt=\"IMG_6734_2\"\n                    src=\"http:\/\/www.freimarianne.ch\/wp-content\/gallery\/saignelegier-etang-de-gruere-7-1-2010\/cache\/IMG_6734_2.jpg-nggid0216-ngg0dyn-100x75x100-00f0w010c010r110f110r010t010.jpg\"\n                    width=\"100\"\n                    height=\"75\"\n                    style=\"max-width:100%;\"\n                \/>\n            <\/a>\n        <\/div>\n\t\t\t\t\t\t\t<\/div> \n\t\t\t\n                            \n\t\t\n\t\t<!-- Pagination -->\n\t<div class='ngg-clear'><\/div>\t<\/div>\n<\/p>\n","protected":false},"excerpt":{"rendered":"<p>7.01.2010 Winterwanderung von Saingl\u00e9gier an den Etang de Gru\u00e9re und zur\u00fcck ( Jura, Schweiz) Marianne und Edith<\/p>\n","protected":false},"author":1,"featured_media":0,"parent":184,"menu_order":66,"comment_status":"closed","ping_status":"closed","template":"","meta":{"ngg_post_thumbnail":0},"_links":{"self":[{"href":"http:\/\/www.freimarianne.ch\/index.php?rest_route=\/wp\/v2\/pages\/59"}],"collection":[{"href":"http:\/\/www.freimarianne.ch\/index.php?rest_route=\/wp\/v2\/pages"}],"about":[{"href":"http:\/\/www.freimarianne.ch\/index.php?rest_route=\/wp\/v2\/types\/page"}],"author":[{"embeddable":true,"href":"http:\/\/www.freimarianne.ch\/index.php?rest_route=\/wp\/v2\/users\/1"}],"replies":[{"embeddable":true,"href":"http:\/\/www.freimarianne.ch\/index.php?rest_route=%2Fwp%2Fv2%2Fcomments&post=59"}],"version-history":[{"count":23,"href":"http:\/\/www.freimarianne.ch\/index.php?rest_route=\/wp\/v2\/pages\/59\/revisions"}],"predecessor-version":[{"id":827,"href":"http:\/\/www.freimarianne.ch\/index.php?rest_route=\/wp\/v2\/pages\/59\/revisions\/827"}],"up":[{"embeddable":true,"href":"http:\/\/www.freimarianne.ch\/index.php?rest_route=\/wp\/v2\/pages\/184"}],"wp:attachment":[{"href":"http:\/\/www.freimarianne.ch\/index.php?rest_route=%2Fwp%2Fv2%2Fmedia&parent=59"}],"curies":[{"name":"wp","href":"https:\/\/api.w.org\/{rel}","templated":true}]}}