{"id":59899,"date":"2022-06-22T14:15:19","date_gmt":"2022-06-22T13:15:19","guid":{"rendered":"http:\/\/www.freimarianne.ch\/?page_id=59899"},"modified":"2022-08-20T10:37:13","modified_gmt":"2022-08-20T09:37:13","slug":"hochwacht-be-14-6-2022","status":"publish","type":"page","link":"http:\/\/www.freimarianne.ch\/?page_id=59899","title":{"rendered":"Hochwacht  BE 14.6.2022"},"content":{"rendered":"\n<p><strong>Wanderung von Langnau i.E  nach Eggiwil<\/strong><\/p>\n\n\n\n<p><strong>mit der Gruppe Alpenblick<\/strong><\/p>\n\n\n<div id=\"attachment_59890\" style=\"width: 510px\" class=\"wp-caption alignleft\"><img aria-describedby=\"caption-attachment-59890\" loading=\"lazy\" class=\"size-full wp-image-59890\" src=\"http:\/\/www.freimarianne.ch\/wp-content\/uploads\/2022\/06\/IMG_1454_hochwacht_6.22_500.jpeg\" alt=\"\" width=\"500\" height=\"351\" srcset=\"http:\/\/www.freimarianne.ch\/wp-content\/uploads\/2022\/06\/IMG_1454_hochwacht_6.22_500.jpeg 500w, http:\/\/www.freimarianne.ch\/wp-content\/uploads\/2022\/06\/IMG_1454_hochwacht_6.22_500-300x211.jpeg 300w, http:\/\/www.freimarianne.ch\/wp-content\/uploads\/2022\/06\/IMG_1454_hochwacht_6.22_500-427x300.jpeg 427w\" sizes=\"(max-width: 500px) 100vw, 500px\" \/><p id=\"caption-attachment-59890\" class=\"wp-caption-text\">Eiger, M\u00f6nch und Jungfrau, Bl\u00fcemlisalp, Balmhorn\/ Altels und Niesen<\/p><\/div>\n<p>Nach einem Startkaffee in Langnau i.E beginnen wir ca. 9.15h unsere Wanderung auf die Hochwacht.<br>Wir \u00fcberqueren die Ilfis und befinden uns dann bereits auf einen schmalen Wanderweg, der oberhalb des Flusses verl\u00e4uft. Bald beginnt der Weg anzusteigen und wir erreichen \u00fcber Vorder Zwygarten die Wildmatt 979m, wobei es etliche steile Treppen zu \u00fcberwinden galt. Beim Aussichtspunkt Hochwacht machen wir eine Rast auf einer Bank und geniessen die pr\u00e4chtige Sicht ins Gr\u00fcne und das Panorama. Dann geht es kurz weiter auf der Strasse und dann im Wald hinauf zum Waldrand, wo wir auf Baumst\u00e4mmen unsere eher fr\u00fche MIttagsrast halten, denn von hier aus bietet sich eine pr\u00e4chtige Sicht hin\u00fcber zu Eiger, M\u00f6nch, Jungfrau,, Bl\u00fcemlisalp, Balmhorn\/ Altels m Niesen bist zur Stockhornkette und es ist der einzige gut Platz f\u00fcr eine Rast.<br>Der Weg f\u00fchrt uns dann weiter hinauf und dann hinunter zum H\u00fcpfenboden 1016m, wo es eine Gasparini Glace zu kaufen gibt !<br>Sowohl auf dem Aussichtspunkt Hochwacht wie bei der Mittagspause am Waldrand lassen wir uns gen\u00fcgend Zeit.<br>Trotzdem erreichen wir in Eggiwil &#8211; ohne uns zu beeilen den Bus um 14.55h, der uns nach Signau bringt. So reicht es diesmal nicht zu einem Zusammensitzen bei einem Bier. Daf\u00fcr sind wir nach 17h bereits in Basel.<\/p>\n<p>Das Wetter wie die gr\u00fcne Landschaft und die Panoramen waren super. Ich denke, es haben alle diesen ruhigen Wandertag genossen.<\/p>\n<p>Laut Schweizmobil:<br>Distanz: 12.36km; Aufstieg: 589m; Abstieg: 530m; Wanderzeit: 3h 50 min<\/p>\n<p><a href=\"https:\/\/map.schweizmobil.ch\/?lang=de&amp;bgLayer=pk&amp;logo=yes&amp;season=summer&amp;resolution=20&amp;E=2627195&amp;N=1195215&amp;trackId=5620180\">Karte Schweizmobil:<\/a><\/p>\n\n\n<!-- index.php -->\n<div\n\tclass=\"ngg-galleryoverview ngg-ajax-pagination-none\"\n\tid=\"ngg-gallery-c2fa7468ccf39659c573c47b4978be44-1\">\n\n    \t<div class=\"slideshowlink\">\n        <a href='http:\/\/www.freimarianne.ch\/index.php\/nggallery\/slideshow?page_id=59899'>[Show as slideshow]<\/a>\n\t\t\n\t<\/div>\n\t\t\t<!-- Thumbnails -->\n\t\t\t\t<div id=\"ngg-image-0\" class=\"ngg-gallery-thumbnail-box\" >\n\t\t\t\t        <div class=\"ngg-gallery-thumbnail\">\n            <a href=\"http:\/\/www.freimarianne.ch\/wp-content\/gallery\/hochwacht-14-6-22\/IMG_0758.jpeg\"\n               title=\"bei Vorder Zwygarten\"\n               data-src=\"http:\/\/www.freimarianne.ch\/wp-content\/gallery\/hochwacht-14-6-22\/IMG_0758.jpeg\"\n               data-thumbnail=\"http:\/\/www.freimarianne.ch\/wp-content\/gallery\/hochwacht-14-6-22\/thumbs\/thumbs_IMG_0758.jpeg\"\n               data-image-id=\"29406\"\n               data-title=\"IMG_0758\"\n               data-description=\"bei Vorder Zwygarten\"\n               data-image-slug=\"img_0758-5\"\n               class=\"shutterset_c2fa7468ccf39659c573c47b4978be44\">\n                <img\n                    title=\"IMG_0758\"\n                    alt=\"IMG_0758\"\n                    src=\"http:\/\/www.freimarianne.ch\/wp-content\/gallery\/hochwacht-14-6-22\/cache\/IMG_0758.jpeg-nggid0529406-ngg0dyn-100x75x100-00f0w010c010r110f110r010t010.jpeg\"\n                    width=\"100\"\n                    height=\"68\"\n                    style=\"max-width:100%;\"\n                \/>\n            <\/a>\n        <\/div>\n\t\t\t\t\t\t\t<\/div> \n\t\t\t\n                            \n\t\t\t\t<div id=\"ngg-image-1\" class=\"ngg-gallery-thumbnail-box\" >\n\t\t\t\t        <div class=\"ngg-gallery-thumbnail\">\n            <a href=\"http:\/\/www.freimarianne.ch\/wp-content\/gallery\/hochwacht-14-6-22\/IMG_0761.jpeg\"\n               title=\"Sicht auf Langnau i: E.\"\n               data-src=\"http:\/\/www.freimarianne.ch\/wp-content\/gallery\/hochwacht-14-6-22\/IMG_0761.jpeg\"\n               data-thumbnail=\"http:\/\/www.freimarianne.ch\/wp-content\/gallery\/hochwacht-14-6-22\/thumbs\/thumbs_IMG_0761.jpeg\"\n               data-image-id=\"29408\"\n               data-title=\"IMG_0761\"\n               data-description=\"Sicht auf Langnau i: E.\"\n               data-image-slug=\"img_0761-2\"\n               class=\"shutterset_c2fa7468ccf39659c573c47b4978be44\">\n                <img\n                    title=\"IMG_0761\"\n                    alt=\"IMG_0761\"\n                    src=\"http:\/\/www.freimarianne.ch\/wp-content\/gallery\/hochwacht-14-6-22\/cache\/IMG_0761.jpeg-nggid0529408-ngg0dyn-100x75x100-00f0w010c010r110f110r010t010.jpeg\"\n                    width=\"100\"\n                    height=\"75\"\n                    style=\"max-width:100%;\"\n                \/>\n            <\/a>\n        <\/div>\n\t\t\t\t\t\t\t<\/div> \n\t\t\t\n                            \n\t\t\t\t<div id=\"ngg-image-2\" class=\"ngg-gallery-thumbnail-box\" >\n\t\t\t\t        <div class=\"ngg-gallery-thumbnail\">\n            <a href=\"http:\/\/www.freimarianne.ch\/wp-content\/gallery\/hochwacht-14-6-22\/IMG_0768.jpeg\"\n               title=\"Gebiet Hochwacht\"\n               data-src=\"http:\/\/www.freimarianne.ch\/wp-content\/gallery\/hochwacht-14-6-22\/IMG_0768.jpeg\"\n               data-thumbnail=\"http:\/\/www.freimarianne.ch\/wp-content\/gallery\/hochwacht-14-6-22\/thumbs\/thumbs_IMG_0768.jpeg\"\n               data-image-id=\"29407\"\n               data-title=\"IMG_0768\"\n               data-description=\"Gebiet Hochwacht\"\n               data-image-slug=\"img_0768-2\"\n               class=\"shutterset_c2fa7468ccf39659c573c47b4978be44\">\n                <img\n                    title=\"IMG_0768\"\n                    alt=\"IMG_0768\"\n                    src=\"http:\/\/www.freimarianne.ch\/wp-content\/gallery\/hochwacht-14-6-22\/cache\/IMG_0768.jpeg-nggid0529407-ngg0dyn-100x75x100-00f0w010c010r110f110r010t010.jpeg\"\n                    width=\"100\"\n                    height=\"68\"\n                    style=\"max-width:100%;\"\n                \/>\n            <\/a>\n        <\/div>\n\t\t\t\t\t\t\t<\/div> \n\t\t\t\n                            \n\t\t\t\t<div id=\"ngg-image-3\" class=\"ngg-gallery-thumbnail-box\" >\n\t\t\t\t        <div class=\"ngg-gallery-thumbnail\">\n            <a href=\"http:\/\/www.freimarianne.ch\/wp-content\/gallery\/hochwacht-14-6-22\/IMG_0772.jpeg\"\n               title=\"sch\u00f6ner Ort f\u00fcr die Mittagspause\"\n               data-src=\"http:\/\/www.freimarianne.ch\/wp-content\/gallery\/hochwacht-14-6-22\/IMG_0772.jpeg\"\n               data-thumbnail=\"http:\/\/www.freimarianne.ch\/wp-content\/gallery\/hochwacht-14-6-22\/thumbs\/thumbs_IMG_0772.jpeg\"\n               data-image-id=\"29410\"\n               data-title=\"IMG_0772\"\n               data-description=\"sch\u00f6ner Ort f\u00fcr die Mittagspause\"\n               data-image-slug=\"img_0772\"\n               class=\"shutterset_c2fa7468ccf39659c573c47b4978be44\">\n                <img\n                    title=\"IMG_0772\"\n                    alt=\"IMG_0772\"\n                    src=\"http:\/\/www.freimarianne.ch\/wp-content\/gallery\/hochwacht-14-6-22\/cache\/IMG_0772.jpeg-nggid0529410-ngg0dyn-100x75x100-00f0w010c010r110f110r010t010.jpeg\"\n                    width=\"100\"\n                    height=\"75\"\n                    style=\"max-width:100%;\"\n                \/>\n            <\/a>\n        <\/div>\n\t\t\t\t\t\t\t<\/div> \n\t\t\t\n                                    <br style=\"clear: both\" \/>\n                    \n\t\t\t\t<div id=\"ngg-image-4\" class=\"ngg-gallery-thumbnail-box\" >\n\t\t\t\t        <div class=\"ngg-gallery-thumbnail\">\n            <a href=\"http:\/\/www.freimarianne.ch\/wp-content\/gallery\/hochwacht-14-6-22\/IMG_0776.jpeg\"\n               title=\"auf dem Weg zum Hinter Girsgrat\"\n               data-src=\"http:\/\/www.freimarianne.ch\/wp-content\/gallery\/hochwacht-14-6-22\/IMG_0776.jpeg\"\n               data-thumbnail=\"http:\/\/www.freimarianne.ch\/wp-content\/gallery\/hochwacht-14-6-22\/thumbs\/thumbs_IMG_0776.jpeg\"\n               data-image-id=\"29409\"\n               data-title=\"IMG_0776\"\n               data-description=\"auf dem Weg zum Hinter Girsgrat\"\n               data-image-slug=\"img_0776-4\"\n               class=\"shutterset_c2fa7468ccf39659c573c47b4978be44\">\n                <img\n                    title=\"IMG_0776\"\n                    alt=\"IMG_0776\"\n                    src=\"http:\/\/www.freimarianne.ch\/wp-content\/gallery\/hochwacht-14-6-22\/cache\/IMG_0776.jpeg-nggid0529409-ngg0dyn-100x75x100-00f0w010c010r110f110r010t010.jpeg\"\n                    width=\"100\"\n                    height=\"75\"\n                    style=\"max-width:100%;\"\n                \/>\n            <\/a>\n        <\/div>\n\t\t\t\t\t\t\t<\/div> \n\t\t\t\n                            \n\t\t\t\t<div id=\"ngg-image-5\" class=\"ngg-gallery-thumbnail-box\" >\n\t\t\t\t        <div class=\"ngg-gallery-thumbnail\">\n            <a href=\"http:\/\/www.freimarianne.ch\/wp-content\/gallery\/hochwacht-14-6-22\/IMG_0779.jpeg\"\n               title=\"gegen den Hinter .Girsgrat\"\n               data-src=\"http:\/\/www.freimarianne.ch\/wp-content\/gallery\/hochwacht-14-6-22\/IMG_0779.jpeg\"\n               data-thumbnail=\"http:\/\/www.freimarianne.ch\/wp-content\/gallery\/hochwacht-14-6-22\/thumbs\/thumbs_IMG_0779.jpeg\"\n               data-image-id=\"29405\"\n               data-title=\"IMG_0779\"\n               data-description=\"gegen den Hinter .Girsgrat\"\n               data-image-slug=\"img_0779-4\"\n               class=\"shutterset_c2fa7468ccf39659c573c47b4978be44\">\n                <img\n                    title=\"IMG_0779\"\n                    alt=\"IMG_0779\"\n                    src=\"http:\/\/www.freimarianne.ch\/wp-content\/gallery\/hochwacht-14-6-22\/cache\/IMG_0779.jpeg-nggid0529405-ngg0dyn-100x75x100-00f0w010c010r110f110r010t010.jpeg\"\n                    width=\"100\"\n                    height=\"69\"\n                    style=\"max-width:100%;\"\n                \/>\n            <\/a>\n        <\/div>\n\t\t\t\t\t\t\t<\/div> \n\t\t\t\n                            \n\t\t\n\t\t<!-- Pagination -->\n\t<div class='ngg-clear'><\/div>\t<\/div>\n\n\n\n\n<!-- index.php -->\n<div\n\tclass=\"ngg-galleryoverview ngg-ajax-pagination-none\"\n\tid=\"ngg-gallery-4cb2b86dd0f30c0155aaa6889656df9e-1\">\n\n    \t<div class=\"slideshowlink\">\n        <a href='http:\/\/www.freimarianne.ch\/index.php\/nggallery\/slideshow?page_id=59899'>[Show as slideshow]<\/a>\n\t\t\n\t<\/div>\n\t\t\t<!-- Thumbnails -->\n\t\t\t\t<div id=\"ngg-image-0\" class=\"ngg-gallery-thumbnail-box\" >\n\t\t\t\t        <div class=\"ngg-gallery-thumbnail\">\n            <a href=\"http:\/\/www.freimarianne.ch\/wp-content\/gallery\/hochwacht-iph-14-6-22\/IMG_1451.jpeg\"\n               title=\"das Panorama  von der Hochwacht wird festgehalten\"\n               data-src=\"http:\/\/www.freimarianne.ch\/wp-content\/gallery\/hochwacht-iph-14-6-22\/IMG_1451.jpeg\"\n               data-thumbnail=\"http:\/\/www.freimarianne.ch\/wp-content\/gallery\/hochwacht-iph-14-6-22\/thumbs\/thumbs_IMG_1451.jpeg\"\n               data-image-id=\"29417\"\n               data-title=\"IMG_1451\"\n               data-description=\"das Panorama  von der Hochwacht wird festgehalten\"\n               data-image-slug=\"img_1451-2\"\n               class=\"shutterset_4cb2b86dd0f30c0155aaa6889656df9e\">\n                <img\n                    title=\"IMG_1451\"\n                    alt=\"IMG_1451\"\n                    src=\"http:\/\/www.freimarianne.ch\/wp-content\/gallery\/hochwacht-iph-14-6-22\/cache\/IMG_1451.jpeg-nggid0529417-ngg0dyn-100x75x100-00f0w010c010r110f110r010t010.jpeg\"\n                    width=\"100\"\n                    height=\"70\"\n                    style=\"max-width:100%;\"\n                \/>\n            <\/a>\n        <\/div>\n\t\t\t\t\t\t\t<\/div> \n\t\t\t\n                            \n\t\t\t\t<div id=\"ngg-image-1\" class=\"ngg-gallery-thumbnail-box\" >\n\t\t\t\t        <div class=\"ngg-gallery-thumbnail\">\n            <a href=\"http:\/\/www.freimarianne.ch\/wp-content\/gallery\/hochwacht-iph-14-6-22\/IMG_1469.jpeg\"\n               title=\"\"\n               data-src=\"http:\/\/www.freimarianne.ch\/wp-content\/gallery\/hochwacht-iph-14-6-22\/IMG_1469.jpeg\"\n               data-thumbnail=\"http:\/\/www.freimarianne.ch\/wp-content\/gallery\/hochwacht-iph-14-6-22\/thumbs\/thumbs_IMG_1469.jpeg\"\n               data-image-id=\"29418\"\n               data-title=\"IMG_1469\"\n               data-description=\"\"\n               data-image-slug=\"img_1469-6\"\n               class=\"shutterset_4cb2b86dd0f30c0155aaa6889656df9e\">\n                <img\n                    title=\"IMG_1469\"\n                    alt=\"IMG_1469\"\n                    src=\"http:\/\/www.freimarianne.ch\/wp-content\/gallery\/hochwacht-iph-14-6-22\/cache\/IMG_1469.jpeg-nggid0529418-ngg0dyn-100x75x100-00f0w010c010r110f110r010t010.jpeg\"\n                    width=\"100\"\n                    height=\"56\"\n                    style=\"max-width:100%;\"\n                \/>\n            <\/a>\n        <\/div>\n\t\t\t\t\t\t\t<\/div> \n\t\t\t\n                            \n\t\t\t\t<div id=\"ngg-image-2\" class=\"ngg-gallery-thumbnail-box\" >\n\t\t\t\t        <div class=\"ngg-gallery-thumbnail\">\n            <a href=\"http:\/\/www.freimarianne.ch\/wp-content\/gallery\/hochwacht-iph-14-6-22\/IMG_1453.jpeg\"\n               title=\"Eiger, M\u00f6nch und Jungfrau\"\n               data-src=\"http:\/\/www.freimarianne.ch\/wp-content\/gallery\/hochwacht-iph-14-6-22\/IMG_1453.jpeg\"\n               data-thumbnail=\"http:\/\/www.freimarianne.ch\/wp-content\/gallery\/hochwacht-iph-14-6-22\/thumbs\/thumbs_IMG_1453.jpeg\"\n               data-image-id=\"29413\"\n               data-title=\"IMG_1453\"\n               data-description=\"Eiger, M\u00f6nch und Jungfrau\"\n               data-image-slug=\"img_1453\"\n               class=\"shutterset_4cb2b86dd0f30c0155aaa6889656df9e\">\n                <img\n                    title=\"IMG_1453\"\n                    alt=\"IMG_1453\"\n                    src=\"http:\/\/www.freimarianne.ch\/wp-content\/gallery\/hochwacht-iph-14-6-22\/cache\/IMG_1453.jpeg-nggid0529413-ngg0dyn-100x75x100-00f0w010c010r110f110r010t010.jpeg\"\n                    width=\"100\"\n                    height=\"75\"\n                    style=\"max-width:100%;\"\n                \/>\n            <\/a>\n        <\/div>\n\t\t\t\t\t\t\t<\/div> \n\t\t\t\n                            \n\t\t\t\t<div id=\"ngg-image-3\" class=\"ngg-gallery-thumbnail-box\" >\n\t\t\t\t        <div class=\"ngg-gallery-thumbnail\">\n            <a href=\"http:\/\/www.freimarianne.ch\/wp-content\/gallery\/hochwacht-iph-14-6-22\/IMG_1456.jpeg\"\n               title=\"\"\n               data-src=\"http:\/\/www.freimarianne.ch\/wp-content\/gallery\/hochwacht-iph-14-6-22\/IMG_1456.jpeg\"\n               data-thumbnail=\"http:\/\/www.freimarianne.ch\/wp-content\/gallery\/hochwacht-iph-14-6-22\/thumbs\/thumbs_IMG_1456.jpeg\"\n               data-image-id=\"29414\"\n               data-title=\"IMG_1456\"\n               data-description=\"\"\n               data-image-slug=\"img_1456-1\"\n               class=\"shutterset_4cb2b86dd0f30c0155aaa6889656df9e\">\n                <img\n                    title=\"IMG_1456\"\n                    alt=\"IMG_1456\"\n                    src=\"http:\/\/www.freimarianne.ch\/wp-content\/gallery\/hochwacht-iph-14-6-22\/cache\/IMG_1456.jpeg-nggid0529414-ngg0dyn-100x75x100-00f0w010c010r110f110r010t010.jpeg\"\n                    width=\"100\"\n                    height=\"56\"\n                    style=\"max-width:100%;\"\n                \/>\n            <\/a>\n        <\/div>\n\t\t\t\t\t\t\t<\/div> \n\t\t\t\n                                    <br style=\"clear: both\" \/>\n                    \n\t\t\t\t<div id=\"ngg-image-4\" class=\"ngg-gallery-thumbnail-box\" >\n\t\t\t\t        <div class=\"ngg-gallery-thumbnail\">\n            <a href=\"http:\/\/www.freimarianne.ch\/wp-content\/gallery\/hochwacht-iph-14-6-22\/IMG_1455.jpeg\"\n               title=\"ein sch\u00f6ner Ort f\u00fcr den Mittagshalt\"\n               data-src=\"http:\/\/www.freimarianne.ch\/wp-content\/gallery\/hochwacht-iph-14-6-22\/IMG_1455.jpeg\"\n               data-thumbnail=\"http:\/\/www.freimarianne.ch\/wp-content\/gallery\/hochwacht-iph-14-6-22\/thumbs\/thumbs_IMG_1455.jpeg\"\n               data-image-id=\"29415\"\n               data-title=\"IMG_1455\"\n               data-description=\"ein sch\u00f6ner Ort f\u00fcr den Mittagshalt\"\n               data-image-slug=\"img_1455-1\"\n               class=\"shutterset_4cb2b86dd0f30c0155aaa6889656df9e\">\n                <img\n                    title=\"IMG_1455\"\n                    alt=\"IMG_1455\"\n                    src=\"http:\/\/www.freimarianne.ch\/wp-content\/gallery\/hochwacht-iph-14-6-22\/cache\/IMG_1455.jpeg-nggid0529415-ngg0dyn-100x75x100-00f0w010c010r110f110r010t010.jpeg\"\n                    width=\"100\"\n                    height=\"75\"\n                    style=\"max-width:100%;\"\n                \/>\n            <\/a>\n        <\/div>\n\t\t\t\t\t\t\t<\/div> \n\t\t\t\n                            \n\t\t\t\t<div id=\"ngg-image-5\" class=\"ngg-gallery-thumbnail-box\" >\n\t\t\t\t        <div class=\"ngg-gallery-thumbnail\">\n            <a href=\"http:\/\/www.freimarianne.ch\/wp-content\/gallery\/hochwacht-iph-14-6-22\/IMG_1465.jpeg\"\n               title=\"\"\n               data-src=\"http:\/\/www.freimarianne.ch\/wp-content\/gallery\/hochwacht-iph-14-6-22\/IMG_1465.jpeg\"\n               data-thumbnail=\"http:\/\/www.freimarianne.ch\/wp-content\/gallery\/hochwacht-iph-14-6-22\/thumbs\/thumbs_IMG_1465.jpeg\"\n               data-image-id=\"29416\"\n               data-title=\"IMG_1465\"\n               data-description=\"\"\n               data-image-slug=\"img_1465-1\"\n               class=\"shutterset_4cb2b86dd0f30c0155aaa6889656df9e\">\n                <img\n                    title=\"IMG_1465\"\n                    alt=\"IMG_1465\"\n                    src=\"http:\/\/www.freimarianne.ch\/wp-content\/gallery\/hochwacht-iph-14-6-22\/cache\/IMG_1465.jpeg-nggid0529416-ngg0dyn-100x75x100-00f0w010c010r110f110r010t010.jpeg\"\n                    width=\"100\"\n                    height=\"56\"\n                    style=\"max-width:100%;\"\n                \/>\n            <\/a>\n        <\/div>\n\t\t\t\t\t\t\t<\/div> \n\t\t\t\n                            \n\t\t\t\t<div id=\"ngg-image-6\" class=\"ngg-gallery-thumbnail-box\" >\n\t\t\t\t        <div class=\"ngg-gallery-thumbnail\">\n            <a href=\"http:\/\/www.freimarianne.ch\/wp-content\/gallery\/hochwacht-iph-14-6-22\/IMG_1463.jpeg\"\n               title=\"\"\n               data-src=\"http:\/\/www.freimarianne.ch\/wp-content\/gallery\/hochwacht-iph-14-6-22\/IMG_1463.jpeg\"\n               data-thumbnail=\"http:\/\/www.freimarianne.ch\/wp-content\/gallery\/hochwacht-iph-14-6-22\/thumbs\/thumbs_IMG_1463.jpeg\"\n               data-image-id=\"29412\"\n               data-title=\"IMG_1463\"\n               data-description=\"\"\n               data-image-slug=\"img_1463-3\"\n               class=\"shutterset_4cb2b86dd0f30c0155aaa6889656df9e\">\n                <img\n                    title=\"IMG_1463\"\n                    alt=\"IMG_1463\"\n                    src=\"http:\/\/www.freimarianne.ch\/wp-content\/gallery\/hochwacht-iph-14-6-22\/cache\/IMG_1463.jpeg-nggid0529412-ngg0dyn-100x75x100-00f0w010c010r110f110r010t010.jpeg\"\n                    width=\"100\"\n                    height=\"56\"\n                    style=\"max-width:100%;\"\n                \/>\n            <\/a>\n        <\/div>\n\t\t\t\t\t\t\t<\/div> \n\t\t\t\n                            \n\t\t\t\t<div id=\"ngg-image-7\" class=\"ngg-gallery-thumbnail-box\" >\n\t\t\t\t        <div class=\"ngg-gallery-thumbnail\">\n            <a href=\"http:\/\/www.freimarianne.ch\/wp-content\/gallery\/hochwacht-iph-14-6-22\/IMG_1457.jpeg\"\n               title=\"\"\n               data-src=\"http:\/\/www.freimarianne.ch\/wp-content\/gallery\/hochwacht-iph-14-6-22\/IMG_1457.jpeg\"\n               data-thumbnail=\"http:\/\/www.freimarianne.ch\/wp-content\/gallery\/hochwacht-iph-14-6-22\/thumbs\/thumbs_IMG_1457.jpeg\"\n               data-image-id=\"29411\"\n               data-title=\"IMG_1457\"\n               data-description=\"\"\n               data-image-slug=\"img_1457-4\"\n               class=\"shutterset_4cb2b86dd0f30c0155aaa6889656df9e\">\n                <img\n                    title=\"IMG_1457\"\n                    alt=\"IMG_1457\"\n                    src=\"http:\/\/www.freimarianne.ch\/wp-content\/gallery\/hochwacht-iph-14-6-22\/cache\/IMG_1457.jpeg-nggid0529411-ngg0dyn-100x75x100-00f0w010c010r110f110r010t010.jpeg\"\n                    width=\"100\"\n                    height=\"56\"\n                    style=\"max-width:100%;\"\n                \/>\n            <\/a>\n        <\/div>\n\t\t\t\t\t\t\t<\/div> \n\t\t\t\n                                    <br style=\"clear: both\" \/>\n                    \n\t\t\n\t\t<!-- Pagination -->\n\t<div class='ngg-clear'><\/div>\t<\/div>\n\n","protected":false},"excerpt":{"rendered":"<p>Wanderung von Langnau i.E nach Eggiwil mit der Gruppe Alpenblick Nach einem Startkaffee in Langnau i.E beginnen wir ca. 9.15h unsere Wanderung auf die Hochwacht.Wir \u00fcberqueren die Ilfis und befinden uns dann bereits auf einen schmalen Wanderweg, der oberhalb des Flusses verl\u00e4uft. Bald beginnt der Weg anzusteigen und wir erreichen \u00fcber Vorder Zwygarten die Wildmatt [&hellip;]<\/p>\n","protected":false},"author":1,"featured_media":0,"parent":59592,"menu_order":5,"comment_status":"closed","ping_status":"closed","template":"","meta":{"ngg_post_thumbnail":0},"_links":{"self":[{"href":"http:\/\/www.freimarianne.ch\/index.php?rest_route=\/wp\/v2\/pages\/59899"}],"collection":[{"href":"http:\/\/www.freimarianne.ch\/index.php?rest_route=\/wp\/v2\/pages"}],"about":[{"href":"http:\/\/www.freimarianne.ch\/index.php?rest_route=\/wp\/v2\/types\/page"}],"author":[{"embeddable":true,"href":"http:\/\/www.freimarianne.ch\/index.php?rest_route=\/wp\/v2\/users\/1"}],"replies":[{"embeddable":true,"href":"http:\/\/www.freimarianne.ch\/index.php?rest_route=%2Fwp%2Fv2%2Fcomments&post=59899"}],"version-history":[{"count":4,"href":"http:\/\/www.freimarianne.ch\/index.php?rest_route=\/wp\/v2\/pages\/59899\/revisions"}],"predecessor-version":[{"id":60533,"href":"http:\/\/www.freimarianne.ch\/index.php?rest_route=\/wp\/v2\/pages\/59899\/revisions\/60533"}],"up":[{"embeddable":true,"href":"http:\/\/www.freimarianne.ch\/index.php?rest_route=\/wp\/v2\/pages\/59592"}],"wp:attachment":[{"href":"http:\/\/www.freimarianne.ch\/index.php?rest_route=%2Fwp%2Fv2%2Fmedia&parent=59899"}],"curies":[{"name":"wp","href":"https:\/\/api.w.org\/{rel}","templated":true}]}}