{"id":60509,"date":"2022-08-20T10:20:50","date_gmt":"2022-08-20T09:20:50","guid":{"rendered":"http:\/\/www.freimarianne.ch\/?page_id=60509"},"modified":"2022-08-20T10:29:39","modified_gmt":"2022-08-20T09:29:39","slug":"schallbett-wasenseewji-vs-16-8-2022","status":"publish","type":"page","link":"http:\/\/www.freimarianne.ch\/?page_id=60509","title":{"rendered":"Schallbett &#8211; Wasenseewji  VS  16.8.2022"},"content":{"rendered":"\n<p><strong>Wanderung mit der Gruppe Alpenblick<\/strong><\/p>\n\n\n\n<p><strong>Schallbett &#8211; Wasenseewji &#8211; Wasenalp &#8211; Rothwald, Schutzhaus<\/strong><\/p>\n\n\n\n<div class=\"wp-block-image is-style-default\"><figure class=\"alignleft\"><img loading=\"lazy\" width=\"500\" height=\"371\" src=\"http:\/\/www.freimarianne.ch\/wp-content\/uploads\/2022\/08\/IMG_2199_schallbett_16.8._500.jpeg\" alt=\"\" class=\"wp-image-60508\" srcset=\"http:\/\/www.freimarianne.ch\/wp-content\/uploads\/2022\/08\/IMG_2199_schallbett_16.8._500.jpeg 500w, http:\/\/www.freimarianne.ch\/wp-content\/uploads\/2022\/08\/IMG_2199_schallbett_16.8._500-300x223.jpeg 300w, http:\/\/www.freimarianne.ch\/wp-content\/uploads\/2022\/08\/IMG_2199_schallbett_16.8._500-404x300.jpeg 404w\" sizes=\"(max-width: 500px) 100vw, 500px\" \/><\/figure><\/div>\n\n\n<p>Unsere Wandergruppe kann heute vom Zwischenhoch profitieren, das uns wirklich einen wundersch\u00f6nen Wandertag gebracht hat.<\/p>\n<p>Wir beginnen unsere Wanderung in Schallbett an der Simplonstrasee 1931m und steigen im steilen Hang auf einem Bergweg hinauf durch eine sch\u00f6ne Berglandschaft hinauf auf den Punkt 222m. Hier herrscht im Winter Skibetrieb, da es einen Skilift von Rothwald aus gibt. Von der Anh\u00f6he beim Rest. M\u00e4derblick ( nur offen im Winter) haben wir ein pr\u00e4chtiges Panorama auf die Walliseralpen.<br>Wir wandern \u00fcber die schon etwas herbstlich anmutende Gegend hin\u00fcber gegen die B\u00e4rufalle. Dabei treffen wir auf zwei B\u00e4che, die kein Wasser mehr f\u00fchren.<br>Es folgt nun ein kurzer Aufstieg zum Wasenseewji hinauf, wo wir am See unsere Mittagsrast halten.<br>Es ist wundersch\u00f6n hier. Der Bergsee liegt in einer Mulde unterhalb dem m\u00e4chtig aufragenden Wasenhorn und dem M\u00e4derhorn.<br>Nach einer Seeumrundung ( es lohnt sich ein Foto von See mit den Walliseralpen zu machen) geginnen wir um 13h unseren Abstieg, der uns an der Wintrigmatte vorbei zur Wasenalp f\u00fchrt, wobei wir eine kurze Strecke auf Hartbelag gehen m\u00fcssen.<br>Oberhalb der Kapelle wechseln wir wieder auf den Wanderweg, der uns durch den Bergwald hinunter zur Simplonstrasse und zur Postautohaltestelle Rothwald, Schutzhaus bringt. Im Restaurant warten wir <br>bei erfrischenden Getr\u00e4nken auf das Postauto um 14.55h.<\/p>\n<p>Ich glaube, dass die Wanderung allen gut gefallen hat.<\/p>\n<p>Laut Schweizmobil:<br>Distanz: 8.39km; Aufstieg 439m; Abstieg: 636m; Wanderzeit: 2h 48min<\/p>\n<p><a href=\"https:\/\/map.schweizmobil.ch\/?lang=de&amp;photos=yes&amp;bgLayer=pk&amp;logo=yes&amp;season=summer&amp;resolution=2.5&amp;E=2647360&amp;N=1125859&amp;layers=Wanderland%2CStation&amp;trackId=2135558251\">Karte Schweizmobil:<\/a><\/p>\n<p>&nbsp;<\/p>\n\n\n<p><\/p>\n\n\n\n<!-- index.php -->\n<div\n\tclass=\"ngg-galleryoverview ngg-ajax-pagination-none\"\n\tid=\"ngg-gallery-a628977cfda9342571a1d6d4752f7020-1\">\n\n    \t<div class=\"slideshowlink\">\n        <a href='http:\/\/www.freimarianne.ch\/index.php\/nggallery\/slideshow?page_id=60509'>[Show as slideshow]<\/a>\n\t\t\n\t<\/div>\n\t\t\t<!-- Thumbnails -->\n\t\t\t\t<div id=\"ngg-image-0\" class=\"ngg-gallery-thumbnail-box\" >\n\t\t\t\t        <div class=\"ngg-gallery-thumbnail\">\n            <a href=\"http:\/\/www.freimarianne.ch\/wp-content\/gallery\/schallbett-16-8-22_1000\/IMG_1496.jpeg\"\n               title=\"Aufstieg von Schallbett; mi Bietschhorn\"\n               data-src=\"http:\/\/www.freimarianne.ch\/wp-content\/gallery\/schallbett-16-8-22_1000\/IMG_1496.jpeg\"\n               data-thumbnail=\"http:\/\/www.freimarianne.ch\/wp-content\/gallery\/schallbett-16-8-22_1000\/thumbs\/thumbs_IMG_1496.jpeg\"\n               data-image-id=\"29801\"\n               data-title=\"IMG_1496\"\n               data-description=\"Aufstieg von Schallbett; mi Bietschhorn\"\n               data-image-slug=\"img_1496-1\"\n               class=\"shutterset_a628977cfda9342571a1d6d4752f7020\">\n                <img\n                    title=\"IMG_1496\"\n                    alt=\"IMG_1496\"\n                    src=\"http:\/\/www.freimarianne.ch\/wp-content\/gallery\/schallbett-16-8-22_1000\/cache\/IMG_1496.jpeg-nggid0529801-ngg0dyn-100x75x100-00f0w010c010r110f110r010t010.jpeg\"\n                    width=\"100\"\n                    height=\"66\"\n                    style=\"max-width:100%;\"\n                \/>\n            <\/a>\n        <\/div>\n\t\t\t\t\t\t\t<\/div> \n\t\t\t\n                            \n\t\t\t\t<div id=\"ngg-image-1\" class=\"ngg-gallery-thumbnail-box\" >\n\t\t\t\t        <div class=\"ngg-gallery-thumbnail\">\n            <a href=\"http:\/\/www.freimarianne.ch\/wp-content\/gallery\/schallbett-16-8-22_1000\/IMG_1497.jpeg\"\n               title=\"Aufstieg von Schallbett;  Blick auf den Simplonpass;\"\n               data-src=\"http:\/\/www.freimarianne.ch\/wp-content\/gallery\/schallbett-16-8-22_1000\/IMG_1497.jpeg\"\n               data-thumbnail=\"http:\/\/www.freimarianne.ch\/wp-content\/gallery\/schallbett-16-8-22_1000\/thumbs\/thumbs_IMG_1497.jpeg\"\n               data-image-id=\"29802\"\n               data-title=\"IMG_1497\"\n               data-description=\"Aufstieg von Schallbett;  Blick auf den Simplonpass;\"\n               data-image-slug=\"img_1497-3\"\n               class=\"shutterset_a628977cfda9342571a1d6d4752f7020\">\n                <img\n                    title=\"IMG_1497\"\n                    alt=\"IMG_1497\"\n                    src=\"http:\/\/www.freimarianne.ch\/wp-content\/gallery\/schallbett-16-8-22_1000\/cache\/IMG_1497.jpeg-nggid0529802-ngg0dyn-100x75x100-00f0w010c010r110f110r010t010.jpeg\"\n                    width=\"100\"\n                    height=\"75\"\n                    style=\"max-width:100%;\"\n                \/>\n            <\/a>\n        <\/div>\n\t\t\t\t\t\t\t<\/div> \n\t\t\t\n                            \n\t\t\t\t<div id=\"ngg-image-2\" class=\"ngg-gallery-thumbnail-box\" >\n\t\t\t\t        <div class=\"ngg-gallery-thumbnail\">\n            <a href=\"http:\/\/www.freimarianne.ch\/wp-content\/gallery\/schallbett-16-8-22_1000\/IMG_1503.jpeg\"\n               title=\"Aufstieg von Schallbett;\"\n               data-src=\"http:\/\/www.freimarianne.ch\/wp-content\/gallery\/schallbett-16-8-22_1000\/IMG_1503.jpeg\"\n               data-thumbnail=\"http:\/\/www.freimarianne.ch\/wp-content\/gallery\/schallbett-16-8-22_1000\/thumbs\/thumbs_IMG_1503.jpeg\"\n               data-image-id=\"29800\"\n               data-title=\"IMG_1503\"\n               data-description=\"Aufstieg von Schallbett;\"\n               data-image-slug=\"img_1503-7\"\n               class=\"shutterset_a628977cfda9342571a1d6d4752f7020\">\n                <img\n                    title=\"IMG_1503\"\n                    alt=\"IMG_1503\"\n                    src=\"http:\/\/www.freimarianne.ch\/wp-content\/gallery\/schallbett-16-8-22_1000\/cache\/IMG_1503.jpeg-nggid0529800-ngg0dyn-100x75x100-00f0w010c010r110f110r010t010.jpeg\"\n                    width=\"100\"\n                    height=\"73\"\n                    style=\"max-width:100%;\"\n                \/>\n            <\/a>\n        <\/div>\n\t\t\t\t\t\t\t<\/div> \n\t\t\t\n                            \n\t\t\t\t<div id=\"ngg-image-3\" class=\"ngg-gallery-thumbnail-box\" >\n\t\t\t\t        <div class=\"ngg-gallery-thumbnail\">\n            <a href=\"http:\/\/www.freimarianne.ch\/wp-content\/gallery\/schallbett-16-8-22_1000\/IMG_1505.jpeg\"\n               title=\"Blick auf das Fletschhorn\"\n               data-src=\"http:\/\/www.freimarianne.ch\/wp-content\/gallery\/schallbett-16-8-22_1000\/IMG_1505.jpeg\"\n               data-thumbnail=\"http:\/\/www.freimarianne.ch\/wp-content\/gallery\/schallbett-16-8-22_1000\/thumbs\/thumbs_IMG_1505.jpeg\"\n               data-image-id=\"29799\"\n               data-title=\"IMG_1505\"\n               data-description=\"Blick auf das Fletschhorn\"\n               data-image-slug=\"img_1505-3\"\n               class=\"shutterset_a628977cfda9342571a1d6d4752f7020\">\n                <img\n                    title=\"IMG_1505\"\n                    alt=\"IMG_1505\"\n                    src=\"http:\/\/www.freimarianne.ch\/wp-content\/gallery\/schallbett-16-8-22_1000\/cache\/IMG_1505.jpeg-nggid0529799-ngg0dyn-100x75x100-00f0w010c010r110f110r010t010.jpeg\"\n                    width=\"100\"\n                    height=\"75\"\n                    style=\"max-width:100%;\"\n                \/>\n            <\/a>\n        <\/div>\n\t\t\t\t\t\t\t<\/div> \n\t\t\t\n                                    <br style=\"clear: both\" \/>\n                    \n\t\t\t\t<div id=\"ngg-image-4\" class=\"ngg-gallery-thumbnail-box\" >\n\t\t\t\t        <div class=\"ngg-gallery-thumbnail\">\n            <a href=\"http:\/\/www.freimarianne.ch\/wp-content\/gallery\/schallbett-16-8-22_1000\/IMG_1506.jpeg\"\n               title=\"nun sind wir oben auf 2222m; re Wasenhorn\"\n               data-src=\"http:\/\/www.freimarianne.ch\/wp-content\/gallery\/schallbett-16-8-22_1000\/IMG_1506.jpeg\"\n               data-thumbnail=\"http:\/\/www.freimarianne.ch\/wp-content\/gallery\/schallbett-16-8-22_1000\/thumbs\/thumbs_IMG_1506.jpeg\"\n               data-image-id=\"29798\"\n               data-title=\"IMG_1506\"\n               data-description=\"nun sind wir oben auf 2222m; re Wasenhorn\"\n               data-image-slug=\"img_1506-4\"\n               class=\"shutterset_a628977cfda9342571a1d6d4752f7020\">\n                <img\n                    title=\"IMG_1506\"\n                    alt=\"IMG_1506\"\n                    src=\"http:\/\/www.freimarianne.ch\/wp-content\/gallery\/schallbett-16-8-22_1000\/cache\/IMG_1506.jpeg-nggid0529798-ngg0dyn-100x75x100-00f0w010c010r110f110r010t010.jpeg\"\n                    width=\"98\"\n                    height=\"75\"\n                    style=\"max-width:100%;\"\n                \/>\n            <\/a>\n        <\/div>\n\t\t\t\t\t\t\t<\/div> \n\t\t\t\n                            \n\t\t\t\t<div id=\"ngg-image-5\" class=\"ngg-gallery-thumbnail-box\" >\n\t\t\t\t        <div class=\"ngg-gallery-thumbnail\">\n            <a href=\"http:\/\/www.freimarianne.ch\/wp-content\/gallery\/schallbett-16-8-22_1000\/IMG_1507.jpeg\"\n               title=\"auf dem Weg zur B\u00e4rufalle\"\n               data-src=\"http:\/\/www.freimarianne.ch\/wp-content\/gallery\/schallbett-16-8-22_1000\/IMG_1507.jpeg\"\n               data-thumbnail=\"http:\/\/www.freimarianne.ch\/wp-content\/gallery\/schallbett-16-8-22_1000\/thumbs\/thumbs_IMG_1507.jpeg\"\n               data-image-id=\"29797\"\n               data-title=\"IMG_1507\"\n               data-description=\"auf dem Weg zur B\u00e4rufalle\"\n               data-image-slug=\"img_1507-5\"\n               class=\"shutterset_a628977cfda9342571a1d6d4752f7020\">\n                <img\n                    title=\"IMG_1507\"\n                    alt=\"IMG_1507\"\n                    src=\"http:\/\/www.freimarianne.ch\/wp-content\/gallery\/schallbett-16-8-22_1000\/cache\/IMG_1507.jpeg-nggid0529797-ngg0dyn-100x75x100-00f0w010c010r110f110r010t010.jpeg\"\n                    width=\"100\"\n                    height=\"75\"\n                    style=\"max-width:100%;\"\n                \/>\n            <\/a>\n        <\/div>\n\t\t\t\t\t\t\t<\/div> \n\t\t\t\n                            \n\t\t\t\t<div id=\"ngg-image-6\" class=\"ngg-gallery-thumbnail-box\" >\n\t\t\t\t        <div class=\"ngg-gallery-thumbnail\">\n            <a href=\"http:\/\/www.freimarianne.ch\/wp-content\/gallery\/schallbett-16-8-22_1000\/IMG_1508.jpeg\"\n               title=\"die Gruppe am Wasenseewji; Chleiner Huwetz  2918m, Grosser Huwetz 2921m,  B\u00e4ttlihorn  2991m\"\n               data-src=\"http:\/\/www.freimarianne.ch\/wp-content\/gallery\/schallbett-16-8-22_1000\/IMG_1508.jpeg\"\n               data-thumbnail=\"http:\/\/www.freimarianne.ch\/wp-content\/gallery\/schallbett-16-8-22_1000\/thumbs\/thumbs_IMG_1508.jpeg\"\n               data-image-id=\"29796\"\n               data-title=\"IMG_1508\"\n               data-description=\"die Gruppe am Wasenseewji; Chleiner Huwetz  2918m, Grosser Huwetz 2921m,  B\u00e4ttlihorn  2991m\"\n               data-image-slug=\"img_1508-5\"\n               class=\"shutterset_a628977cfda9342571a1d6d4752f7020\">\n                <img\n                    title=\"IMG_1508\"\n                    alt=\"IMG_1508\"\n                    src=\"http:\/\/www.freimarianne.ch\/wp-content\/gallery\/schallbett-16-8-22_1000\/cache\/IMG_1508.jpeg-nggid0529796-ngg0dyn-100x75x100-00f0w010c010r110f110r010t010.jpeg\"\n                    width=\"100\"\n                    height=\"73\"\n                    style=\"max-width:100%;\"\n                \/>\n            <\/a>\n        <\/div>\n\t\t\t\t\t\t\t<\/div> \n\t\t\t\n                            \n\t\t\t\t<div id=\"ngg-image-7\" class=\"ngg-gallery-thumbnail-box\" >\n\t\t\t\t        <div class=\"ngg-gallery-thumbnail\">\n            <a href=\"http:\/\/www.freimarianne.ch\/wp-content\/gallery\/schallbett-16-8-22_1000\/IMG_1518.jpeg\"\n               title=\"Picknick am Wasenseewlji\"\n               data-src=\"http:\/\/www.freimarianne.ch\/wp-content\/gallery\/schallbett-16-8-22_1000\/IMG_1518.jpeg\"\n               data-thumbnail=\"http:\/\/www.freimarianne.ch\/wp-content\/gallery\/schallbett-16-8-22_1000\/thumbs\/thumbs_IMG_1518.jpeg\"\n               data-image-id=\"29795\"\n               data-title=\"IMG_1518\"\n               data-description=\"Picknick am Wasenseewlji\"\n               data-image-slug=\"img_1518-7\"\n               class=\"shutterset_a628977cfda9342571a1d6d4752f7020\">\n                <img\n                    title=\"IMG_1518\"\n                    alt=\"IMG_1518\"\n                    src=\"http:\/\/www.freimarianne.ch\/wp-content\/gallery\/schallbett-16-8-22_1000\/cache\/IMG_1518.jpeg-nggid0529795-ngg0dyn-100x75x100-00f0w010c010r110f110r010t010.jpeg\"\n                    width=\"100\"\n                    height=\"75\"\n                    style=\"max-width:100%;\"\n                \/>\n            <\/a>\n        <\/div>\n\t\t\t\t\t\t\t<\/div> \n\t\t\t\n                                    <br style=\"clear: both\" \/>\n                    \n\t\t\t\t<div id=\"ngg-image-8\" class=\"ngg-gallery-thumbnail-box\" >\n\t\t\t\t        <div class=\"ngg-gallery-thumbnail\">\n            <a href=\"http:\/\/www.freimarianne.ch\/wp-content\/gallery\/schallbett-16-8-22_1000\/IMG_1519.jpeg\"\n               title=\"Wintrigmatte\"\n               data-src=\"http:\/\/www.freimarianne.ch\/wp-content\/gallery\/schallbett-16-8-22_1000\/IMG_1519.jpeg\"\n               data-thumbnail=\"http:\/\/www.freimarianne.ch\/wp-content\/gallery\/schallbett-16-8-22_1000\/thumbs\/thumbs_IMG_1519.jpeg\"\n               data-image-id=\"29794\"\n               data-title=\"IMG_1519\"\n               data-description=\"Wintrigmatte\"\n               data-image-slug=\"img_1519-1\"\n               class=\"shutterset_a628977cfda9342571a1d6d4752f7020\">\n                <img\n                    title=\"IMG_1519\"\n                    alt=\"IMG_1519\"\n                    src=\"http:\/\/www.freimarianne.ch\/wp-content\/gallery\/schallbett-16-8-22_1000\/cache\/IMG_1519.jpeg-nggid0529794-ngg0dyn-100x75x100-00f0w010c010r110f110r010t010.jpeg\"\n                    width=\"100\"\n                    height=\"75\"\n                    style=\"max-width:100%;\"\n                \/>\n            <\/a>\n        <\/div>\n\t\t\t\t\t\t\t<\/div> \n\t\t\t\n                            \n\t\t\t\t<div id=\"ngg-image-9\" class=\"ngg-gallery-thumbnail-box\" >\n\t\t\t\t        <div class=\"ngg-gallery-thumbnail\">\n            <a href=\"http:\/\/www.freimarianne.ch\/wp-content\/gallery\/schallbett-16-8-22_1000\/IMG_1523.jpeg\"\n               title=\"Gruppe bei der Kapelle auf der Wasenalp\"\n               data-src=\"http:\/\/www.freimarianne.ch\/wp-content\/gallery\/schallbett-16-8-22_1000\/IMG_1523.jpeg\"\n               data-thumbnail=\"http:\/\/www.freimarianne.ch\/wp-content\/gallery\/schallbett-16-8-22_1000\/thumbs\/thumbs_IMG_1523.jpeg\"\n               data-image-id=\"29793\"\n               data-title=\"IMG_1523\"\n               data-description=\"Gruppe bei der Kapelle auf der Wasenalp\"\n               data-image-slug=\"img_1523-6\"\n               class=\"shutterset_a628977cfda9342571a1d6d4752f7020\">\n                <img\n                    title=\"IMG_1523\"\n                    alt=\"IMG_1523\"\n                    src=\"http:\/\/www.freimarianne.ch\/wp-content\/gallery\/schallbett-16-8-22_1000\/cache\/IMG_1523.jpeg-nggid0529793-ngg0dyn-100x75x100-00f0w010c010r110f110r010t010.jpeg\"\n                    width=\"100\"\n                    height=\"75\"\n                    style=\"max-width:100%;\"\n                \/>\n            <\/a>\n        <\/div>\n\t\t\t\t\t\t\t<\/div> \n\t\t\t\n                            \n\t\t\n\t\t<!-- Pagination -->\n\t<div class='ngg-clear'><\/div>\t<\/div>\n\n\n\n\n<!-- index.php -->\n<div\n\tclass=\"ngg-galleryoverview ngg-ajax-pagination-none\"\n\tid=\"ngg-gallery-49b7f7acc71c75e8cd4a58f7d1518064-1\">\n\n    \t<div class=\"slideshowlink\">\n        <a href='http:\/\/www.freimarianne.ch\/index.php\/nggallery\/slideshow?page_id=60509'>[Show as slideshow]<\/a>\n\t\t\n\t<\/div>\n\t\t\t<!-- Thumbnails -->\n\t\t\t\t<div id=\"ngg-image-0\" class=\"ngg-gallery-thumbnail-box\" >\n\t\t\t\t        <div class=\"ngg-gallery-thumbnail\">\n            <a href=\"http:\/\/www.freimarianne.ch\/wp-content\/gallery\/schallbett-iph-16-8-22_1000\/IMG_2203.jpeg\"\n               title=\"\"\n               data-src=\"http:\/\/www.freimarianne.ch\/wp-content\/gallery\/schallbett-iph-16-8-22_1000\/IMG_2203.jpeg\"\n               data-thumbnail=\"http:\/\/www.freimarianne.ch\/wp-content\/gallery\/schallbett-iph-16-8-22_1000\/thumbs\/thumbs_IMG_2203.jpeg\"\n               data-image-id=\"29792\"\n               data-title=\"IMG_2203\"\n               data-description=\"\"\n               data-image-slug=\"img_2203-3\"\n               class=\"shutterset_49b7f7acc71c75e8cd4a58f7d1518064\">\n                <img\n                    title=\"IMG_2203\"\n                    alt=\"IMG_2203\"\n                    src=\"http:\/\/www.freimarianne.ch\/wp-content\/gallery\/schallbett-iph-16-8-22_1000\/cache\/IMG_2203.jpeg-nggid0529792-ngg0dyn-100x75x100-00f0w010c010r110f110r010t010.jpeg\"\n                    width=\"100\"\n                    height=\"56\"\n                    style=\"max-width:100%;\"\n                \/>\n            <\/a>\n        <\/div>\n\t\t\t\t\t\t\t<\/div> \n\t\t\t\n                            \n\t\t\t\t<div id=\"ngg-image-1\" class=\"ngg-gallery-thumbnail-box\" >\n\t\t\t\t        <div class=\"ngg-gallery-thumbnail\">\n            <a href=\"http:\/\/www.freimarianne.ch\/wp-content\/gallery\/schallbett-iph-16-8-22_1000\/IMG_2202.jpeg\"\n               title=\"\"\n               data-src=\"http:\/\/www.freimarianne.ch\/wp-content\/gallery\/schallbett-iph-16-8-22_1000\/IMG_2202.jpeg\"\n               data-thumbnail=\"http:\/\/www.freimarianne.ch\/wp-content\/gallery\/schallbett-iph-16-8-22_1000\/thumbs\/thumbs_IMG_2202.jpeg\"\n               data-image-id=\"29791\"\n               data-title=\"IMG_2202\"\n               data-description=\"\"\n               data-image-slug=\"img_2202-1\"\n               class=\"shutterset_49b7f7acc71c75e8cd4a58f7d1518064\">\n                <img\n                    title=\"IMG_2202\"\n                    alt=\"IMG_2202\"\n                    src=\"http:\/\/www.freimarianne.ch\/wp-content\/gallery\/schallbett-iph-16-8-22_1000\/cache\/IMG_2202.jpeg-nggid0529791-ngg0dyn-100x75x100-00f0w010c010r110f110r010t010.jpeg\"\n                    width=\"100\"\n                    height=\"56\"\n                    style=\"max-width:100%;\"\n                \/>\n            <\/a>\n        <\/div>\n\t\t\t\t\t\t\t<\/div> \n\t\t\t\n                            \n\t\t\t\t<div id=\"ngg-image-2\" class=\"ngg-gallery-thumbnail-box\" >\n\t\t\t\t        <div class=\"ngg-gallery-thumbnail\">\n            <a href=\"http:\/\/www.freimarianne.ch\/wp-content\/gallery\/schallbett-iph-16-8-22_1000\/IMG_2201.jpeg\"\n               title=\"\"\n               data-src=\"http:\/\/www.freimarianne.ch\/wp-content\/gallery\/schallbett-iph-16-8-22_1000\/IMG_2201.jpeg\"\n               data-thumbnail=\"http:\/\/www.freimarianne.ch\/wp-content\/gallery\/schallbett-iph-16-8-22_1000\/thumbs\/thumbs_IMG_2201.jpeg\"\n               data-image-id=\"29790\"\n               data-title=\"IMG_2201\"\n               data-description=\"\"\n               data-image-slug=\"img_2201-2\"\n               class=\"shutterset_49b7f7acc71c75e8cd4a58f7d1518064\">\n                <img\n                    title=\"IMG_2201\"\n                    alt=\"IMG_2201\"\n                    src=\"http:\/\/www.freimarianne.ch\/wp-content\/gallery\/schallbett-iph-16-8-22_1000\/cache\/IMG_2201.jpeg-nggid0529790-ngg0dyn-100x75x100-00f0w010c010r110f110r010t010.jpeg\"\n                    width=\"100\"\n                    height=\"56\"\n                    style=\"max-width:100%;\"\n                \/>\n            <\/a>\n        <\/div>\n\t\t\t\t\t\t\t<\/div> \n\t\t\t\n                            \n\t\t\t\t<div id=\"ngg-image-3\" class=\"ngg-gallery-thumbnail-box\" >\n\t\t\t\t        <div class=\"ngg-gallery-thumbnail\">\n            <a href=\"http:\/\/www.freimarianne.ch\/wp-content\/gallery\/schallbett-iph-16-8-22_1000\/IMG_2198.jpeg\"\n               title=\"Wasenseewji\"\n               data-src=\"http:\/\/www.freimarianne.ch\/wp-content\/gallery\/schallbett-iph-16-8-22_1000\/IMG_2198.jpeg\"\n               data-thumbnail=\"http:\/\/www.freimarianne.ch\/wp-content\/gallery\/schallbett-iph-16-8-22_1000\/thumbs\/thumbs_IMG_2198.jpeg\"\n               data-image-id=\"29789\"\n               data-title=\"IMG_2198\"\n               data-description=\"Wasenseewji\"\n               data-image-slug=\"img_2198-5\"\n               class=\"shutterset_49b7f7acc71c75e8cd4a58f7d1518064\">\n                <img\n                    title=\"IMG_2198\"\n                    alt=\"IMG_2198\"\n                    src=\"http:\/\/www.freimarianne.ch\/wp-content\/gallery\/schallbett-iph-16-8-22_1000\/cache\/IMG_2198.jpeg-nggid0529789-ngg0dyn-100x75x100-00f0w010c010r110f110r010t010.jpeg\"\n                    width=\"100\"\n                    height=\"75\"\n                    style=\"max-width:100%;\"\n                \/>\n            <\/a>\n        <\/div>\n\t\t\t\t\t\t\t<\/div> \n\t\t\t\n                                    <br style=\"clear: both\" \/>\n                    \n\t\t\n\t\t<!-- Pagination -->\n\t<div class='ngg-clear'><\/div>\t<\/div>\n\n","protected":false},"excerpt":{"rendered":"<p>Wanderung mit der Gruppe Alpenblick Schallbett &#8211; Wasenseewji &#8211; Wasenalp &#8211; Rothwald, Schutzhaus Unsere Wandergruppe kann heute vom Zwischenhoch profitieren, das uns wirklich einen wundersch\u00f6nen Wandertag gebracht hat. Wir beginnen unsere Wanderung in Schallbett an der Simplonstrasee 1931m und steigen im steilen Hang auf einem Bergweg hinauf durch eine sch\u00f6ne Berglandschaft hinauf auf den Punkt [&hellip;]<\/p>\n","protected":false},"author":1,"featured_media":0,"parent":59592,"menu_order":20,"comment_status":"closed","ping_status":"closed","template":"","meta":{"ngg_post_thumbnail":0},"_links":{"self":[{"href":"http:\/\/www.freimarianne.ch\/index.php?rest_route=\/wp\/v2\/pages\/60509"}],"collection":[{"href":"http:\/\/www.freimarianne.ch\/index.php?rest_route=\/wp\/v2\/pages"}],"about":[{"href":"http:\/\/www.freimarianne.ch\/index.php?rest_route=\/wp\/v2\/types\/page"}],"author":[{"embeddable":true,"href":"http:\/\/www.freimarianne.ch\/index.php?rest_route=\/wp\/v2\/users\/1"}],"replies":[{"embeddable":true,"href":"http:\/\/www.freimarianne.ch\/index.php?rest_route=%2Fwp%2Fv2%2Fcomments&post=60509"}],"version-history":[{"count":4,"href":"http:\/\/www.freimarianne.ch\/index.php?rest_route=\/wp\/v2\/pages\/60509\/revisions"}],"predecessor-version":[{"id":60530,"href":"http:\/\/www.freimarianne.ch\/index.php?rest_route=\/wp\/v2\/pages\/60509\/revisions\/60530"}],"up":[{"embeddable":true,"href":"http:\/\/www.freimarianne.ch\/index.php?rest_route=\/wp\/v2\/pages\/59592"}],"wp:attachment":[{"href":"http:\/\/www.freimarianne.ch\/index.php?rest_route=%2Fwp%2Fv2%2Fmedia&parent=60509"}],"curies":[{"name":"wp","href":"https:\/\/api.w.org\/{rel}","templated":true}]}}