{"id":61586,"date":"2022-11-29T11:38:15","date_gmt":"2022-11-29T10:38:15","guid":{"rendered":"http:\/\/www.freimarianne.ch\/?page_id=61586"},"modified":"2022-11-29T11:47:40","modified_gmt":"2022-11-29T10:47:40","slug":"rotenflue-sz-27-11-2022","status":"publish","type":"page","link":"http:\/\/www.freimarianne.ch\/?page_id=61586","title":{"rendered":"Rotenflue  SZ  27.11.2022"},"content":{"rendered":"<div id=\"attachment_61579\" style=\"width: 510px\" class=\"wp-caption alignleft\"><img aria-describedby=\"caption-attachment-61579\" loading=\"lazy\" class=\"size-full wp-image-61579\" src=\"http:\/\/www.freimarianne.ch\/wp-content\/uploads\/2022\/11\/IMG_2878._rotenflue-11.22_500.jpeg\" alt=\"\" width=\"500\" height=\"375\" srcset=\"http:\/\/www.freimarianne.ch\/wp-content\/uploads\/2022\/11\/IMG_2878._rotenflue-11.22_500.jpeg 500w, http:\/\/www.freimarianne.ch\/wp-content\/uploads\/2022\/11\/IMG_2878._rotenflue-11.22_500-300x225.jpeg 300w, http:\/\/www.freimarianne.ch\/wp-content\/uploads\/2022\/11\/IMG_2878._rotenflue-11.22_500-400x300.jpeg 400w\" sizes=\"(max-width: 500px) 100vw, 500px\" \/><p id=\"caption-attachment-61579\" class=\"wp-caption-text\">Ruchen 2901m, Gl\u00e4rnisch 2915m, Druesberge 2282m<\/p><\/div>\n<p><strong>Rotenflue&nbsp; Rundwanderung<\/strong><br>\nAuf der Rotenflue 1571m bei Schwyz sollte es heute sonnig sein. Wieviel Schnee ich antreffen w\u00fcrde, musst ich nicht. Ich war positiv \u00fcberrascht, dass es hier oben schon richtig winterlich aussah. Meine Iseli hatte ich dieses Mal dabei !<br>\nIch folge dem Winterwanderweg zur M\u00fcsliegg. Ich kann nicht auf die Ibergeregg wandernd es von dort keinen \u00f6ffentlichen Transport gibt. So wandere ich dann auf dem Rundweg wieder zur\u00fcck zur Bergstation. Inzwischen ist es auch etwas bew\u00f6lkt und tr\u00fcbe geworden.<br>\nSo fahre ich nach 13h wieder hinunter zur Talstation , wo ich um 13.31h den Bus nach Schwyz besteigen kann<br>\nDies war eine kurze Winterwanderung. Sie diente auch zur Orientierung f\u00fcr neue geplante Wanderungen.<\/p>\n\n\n<!-- index.php -->\n<div\n\tclass=\"ngg-galleryoverview ngg-ajax-pagination-none\"\n\tid=\"ngg-gallery-f57afa315f92554043b6ebf81bbbc0aa-1\">\n\n    \t<div class=\"slideshowlink\">\n        <a href='http:\/\/www.freimarianne.ch\/index.php\/nggallery\/slideshow?page_id=61586'>[Show as slideshow]<\/a>\n\t\t\n\t<\/div>\n\t\t\t<!-- Thumbnails -->\n\t\t\t\t<div id=\"ngg-image-0\" class=\"ngg-gallery-thumbnail-box\" >\n\t\t\t\t        <div class=\"ngg-gallery-thumbnail\">\n            <a href=\"http:\/\/www.freimarianne.ch\/wp-content\/gallery\/rotenflue-27-11-22\/IMG_2865.jpeg\"\n               title=\"Gross Mythen 1898m, Klein Mythen 1810m, Haggenspitz  1762m\"\n               data-src=\"http:\/\/www.freimarianne.ch\/wp-content\/gallery\/rotenflue-27-11-22\/IMG_2865.jpeg\"\n               data-thumbnail=\"http:\/\/www.freimarianne.ch\/wp-content\/gallery\/rotenflue-27-11-22\/thumbs\/thumbs_IMG_2865.jpeg\"\n               data-image-id=\"30610\"\n               data-title=\"IMG_2865\"\n               data-description=\"Gross Mythen 1898m, Klein Mythen 1810m, Haggenspitz  1762m\"\n               data-image-slug=\"img_2865-2\"\n               class=\"shutterset_f57afa315f92554043b6ebf81bbbc0aa\">\n                <img\n                    title=\"IMG_2865\"\n                    alt=\"IMG_2865\"\n                    src=\"http:\/\/www.freimarianne.ch\/wp-content\/gallery\/rotenflue-27-11-22\/cache\/IMG_2865.jpeg-nggid0530610-ngg0dyn-100x75x100-00f0w010c010r110f110r010t010.jpeg\"\n                    width=\"100\"\n                    height=\"75\"\n                    style=\"max-width:100%;\"\n                \/>\n            <\/a>\n        <\/div>\n\t\t\t\t\t\t\t<\/div> \n\t\t\t\n                            \n\t\t\t\t<div id=\"ngg-image-1\" class=\"ngg-gallery-thumbnail-box\" >\n\t\t\t\t        <div class=\"ngg-gallery-thumbnail\">\n            <a href=\"http:\/\/www.freimarianne.ch\/wp-content\/gallery\/rotenflue-27-11-22\/IMG_2866.jpeg\"\n               title=\"Rotenflue: Winterwanderweg\"\n               data-src=\"http:\/\/www.freimarianne.ch\/wp-content\/gallery\/rotenflue-27-11-22\/IMG_2866.jpeg\"\n               data-thumbnail=\"http:\/\/www.freimarianne.ch\/wp-content\/gallery\/rotenflue-27-11-22\/thumbs\/thumbs_IMG_2866.jpeg\"\n               data-image-id=\"30611\"\n               data-title=\"IMG_2866\"\n               data-description=\"Rotenflue: Winterwanderweg\"\n               data-image-slug=\"img_2866-5\"\n               class=\"shutterset_f57afa315f92554043b6ebf81bbbc0aa\">\n                <img\n                    title=\"IMG_2866\"\n                    alt=\"IMG_2866\"\n                    src=\"http:\/\/www.freimarianne.ch\/wp-content\/gallery\/rotenflue-27-11-22\/cache\/IMG_2866.jpeg-nggid0530611-ngg0dyn-100x75x100-00f0w010c010r110f110r010t010.jpeg\"\n                    width=\"100\"\n                    height=\"75\"\n                    style=\"max-width:100%;\"\n                \/>\n            <\/a>\n        <\/div>\n\t\t\t\t\t\t\t<\/div> \n\t\t\t\n                            \n\t\t\t\t<div id=\"ngg-image-2\" class=\"ngg-gallery-thumbnail-box\" >\n\t\t\t\t        <div class=\"ngg-gallery-thumbnail\">\n            <a href=\"http:\/\/www.freimarianne.ch\/wp-content\/gallery\/rotenflue-27-11-22\/IMG_2867.jpeg\"\n               title=\"\"\n               data-src=\"http:\/\/www.freimarianne.ch\/wp-content\/gallery\/rotenflue-27-11-22\/IMG_2867.jpeg\"\n               data-thumbnail=\"http:\/\/www.freimarianne.ch\/wp-content\/gallery\/rotenflue-27-11-22\/thumbs\/thumbs_IMG_2867.jpeg\"\n               data-image-id=\"30613\"\n               data-title=\"IMG_2867\"\n               data-description=\"\"\n               data-image-slug=\"img_2867-3\"\n               class=\"shutterset_f57afa315f92554043b6ebf81bbbc0aa\">\n                <img\n                    title=\"IMG_2867\"\n                    alt=\"IMG_2867\"\n                    src=\"http:\/\/www.freimarianne.ch\/wp-content\/gallery\/rotenflue-27-11-22\/cache\/IMG_2867.jpeg-nggid0530613-ngg0dyn-100x75x100-00f0w010c010r110f110r010t010.jpeg\"\n                    width=\"100\"\n                    height=\"75\"\n                    style=\"max-width:100%;\"\n                \/>\n            <\/a>\n        <\/div>\n\t\t\t\t\t\t\t<\/div> \n\t\t\t\n                            \n\t\t\t\t<div id=\"ngg-image-3\" class=\"ngg-gallery-thumbnail-box\" >\n\t\t\t\t        <div class=\"ngg-gallery-thumbnail\">\n            <a href=\"http:\/\/www.freimarianne.ch\/wp-content\/gallery\/rotenflue-27-11-22\/IMG_2868.jpeg\"\n               title=\"Rotenflue: Winterwanderweg\"\n               data-src=\"http:\/\/www.freimarianne.ch\/wp-content\/gallery\/rotenflue-27-11-22\/IMG_2868.jpeg\"\n               data-thumbnail=\"http:\/\/www.freimarianne.ch\/wp-content\/gallery\/rotenflue-27-11-22\/thumbs\/thumbs_IMG_2868.jpeg\"\n               data-image-id=\"30614\"\n               data-title=\"IMG_2868\"\n               data-description=\"Rotenflue: Winterwanderweg\"\n               data-image-slug=\"img_2868-3\"\n               class=\"shutterset_f57afa315f92554043b6ebf81bbbc0aa\">\n                <img\n                    title=\"IMG_2868\"\n                    alt=\"IMG_2868\"\n                    src=\"http:\/\/www.freimarianne.ch\/wp-content\/gallery\/rotenflue-27-11-22\/cache\/IMG_2868.jpeg-nggid0530614-ngg0dyn-100x75x100-00f0w010c010r110f110r010t010.jpeg\"\n                    width=\"100\"\n                    height=\"75\"\n                    style=\"max-width:100%;\"\n                \/>\n            <\/a>\n        <\/div>\n\t\t\t\t\t\t\t<\/div> \n\t\t\t\n                                    <br style=\"clear: both\" \/>\n                    \n\t\t\t\t<div id=\"ngg-image-4\" class=\"ngg-gallery-thumbnail-box\" >\n\t\t\t\t        <div class=\"ngg-gallery-thumbnail\">\n            <a href=\"http:\/\/www.freimarianne.ch\/wp-content\/gallery\/rotenflue-27-11-22\/IMG_2873.jpeg\"\n               title=\"Ruchen 2901m, Gl\u00e4rnisch 2915m,  Druesberge 2282m, Forstberg 2215m, B\u00f6s Fulen 2802m\"\n               data-src=\"http:\/\/www.freimarianne.ch\/wp-content\/gallery\/rotenflue-27-11-22\/IMG_2873.jpeg\"\n               data-thumbnail=\"http:\/\/www.freimarianne.ch\/wp-content\/gallery\/rotenflue-27-11-22\/thumbs\/thumbs_IMG_2873.jpeg\"\n               data-image-id=\"30612\"\n               data-title=\"IMG_2873\"\n               data-description=\"Ruchen 2901m, Gl\u00e4rnisch 2915m,  Druesberge 2282m, Forstberg 2215m, B\u00f6s Fulen 2802m\"\n               data-image-slug=\"img_2873-4\"\n               class=\"shutterset_f57afa315f92554043b6ebf81bbbc0aa\">\n                <img\n                    title=\"IMG_2873\"\n                    alt=\"IMG_2873\"\n                    src=\"http:\/\/www.freimarianne.ch\/wp-content\/gallery\/rotenflue-27-11-22\/cache\/IMG_2873.jpeg-nggid0530612-ngg0dyn-100x75x100-00f0w010c010r110f110r010t010.jpeg\"\n                    width=\"100\"\n                    height=\"75\"\n                    style=\"max-width:100%;\"\n                \/>\n            <\/a>\n        <\/div>\n\t\t\t\t\t\t\t<\/div> \n\t\t\t\n                            \n\t\t\t\t<div id=\"ngg-image-5\" class=\"ngg-gallery-thumbnail-box\" >\n\t\t\t\t        <div class=\"ngg-gallery-thumbnail\">\n            <a href=\"http:\/\/www.freimarianne.ch\/wp-content\/gallery\/rotenflue-27-11-22\/IMG_2876.jpeg\"\n               title=\"liu Furggelenstock; Ruchen 2901m, Gl\u00e4rnisch 2915m,  Druesberge 2282m\"\n               data-src=\"http:\/\/www.freimarianne.ch\/wp-content\/gallery\/rotenflue-27-11-22\/IMG_2876.jpeg\"\n               data-thumbnail=\"http:\/\/www.freimarianne.ch\/wp-content\/gallery\/rotenflue-27-11-22\/thumbs\/thumbs_IMG_2876.jpeg\"\n               data-image-id=\"30609\"\n               data-title=\"IMG_2876\"\n               data-description=\"liu Furggelenstock; Ruchen 2901m, Gl\u00e4rnisch 2915m,  Druesberge 2282m\"\n               data-image-slug=\"img_2876-3\"\n               class=\"shutterset_f57afa315f92554043b6ebf81bbbc0aa\">\n                <img\n                    title=\"IMG_2876\"\n                    alt=\"IMG_2876\"\n                    src=\"http:\/\/www.freimarianne.ch\/wp-content\/gallery\/rotenflue-27-11-22\/cache\/IMG_2876.jpeg-nggid0530609-ngg0dyn-100x75x100-00f0w010c010r110f110r010t010.jpeg\"\n                    width=\"100\"\n                    height=\"65\"\n                    style=\"max-width:100%;\"\n                \/>\n            <\/a>\n        <\/div>\n\t\t\t\t\t\t\t<\/div> \n\t\t\t\n                            \n\t\t\n\t\t<!-- Pagination -->\n\t<div class='ngg-clear'><\/div>\t<\/div>\n\n\n\n\n<!-- index.php -->\n<div\n\tclass=\"ngg-galleryoverview ngg-ajax-pagination-none\"\n\tid=\"ngg-gallery-6b0b1be0163028121409b5713f43e649-1\">\n\n    \t<div class=\"slideshowlink\">\n        <a href='http:\/\/www.freimarianne.ch\/index.php\/nggallery\/slideshow?page_id=61586'>[Show as slideshow]<\/a>\n\t\t\n\t<\/div>\n\t\t\t<!-- Thumbnails -->\n\t\t\t\t<div id=\"ngg-image-0\" class=\"ngg-gallery-thumbnail-box\" >\n\t\t\t\t        <div class=\"ngg-gallery-thumbnail\">\n            <a href=\"http:\/\/www.freimarianne.ch\/wp-content\/gallery\/rotenflue-iph-27-11-22\/IMG_3712.jpeg\"\n               title=\"neben Druesberg, Forstberg 2215m\"\n               data-src=\"http:\/\/www.freimarianne.ch\/wp-content\/gallery\/rotenflue-iph-27-11-22\/IMG_3712.jpeg\"\n               data-thumbnail=\"http:\/\/www.freimarianne.ch\/wp-content\/gallery\/rotenflue-iph-27-11-22\/thumbs\/thumbs_IMG_3712.jpeg\"\n               data-image-id=\"30625\"\n               data-title=\"IMG_3712\"\n               data-description=\"neben Druesberg, Forstberg 2215m\"\n               data-image-slug=\"img_3712-4\"\n               class=\"shutterset_6b0b1be0163028121409b5713f43e649\">\n                <img\n                    title=\"IMG_3712\"\n                    alt=\"IMG_3712\"\n                    src=\"http:\/\/www.freimarianne.ch\/wp-content\/gallery\/rotenflue-iph-27-11-22\/cache\/IMG_3712.jpeg-nggid0530625-ngg0dyn-100x75x100-00f0w010c010r110f110r010t010.jpeg\"\n                    width=\"100\"\n                    height=\"62\"\n                    style=\"max-width:100%;\"\n                \/>\n            <\/a>\n        <\/div>\n\t\t\t\t\t\t\t<\/div> \n\t\t\t\n                            \n\t\t\t\t<div id=\"ngg-image-1\" class=\"ngg-gallery-thumbnail-box\" >\n\t\t\t\t        <div class=\"ngg-gallery-thumbnail\">\n            <a href=\"http:\/\/www.freimarianne.ch\/wp-content\/gallery\/rotenflue-iph-27-11-22\/IMG_3709.jpeg\"\n               title=\"\"\n               data-src=\"http:\/\/www.freimarianne.ch\/wp-content\/gallery\/rotenflue-iph-27-11-22\/IMG_3709.jpeg\"\n               data-thumbnail=\"http:\/\/www.freimarianne.ch\/wp-content\/gallery\/rotenflue-iph-27-11-22\/thumbs\/thumbs_IMG_3709.jpeg\"\n               data-image-id=\"30624\"\n               data-title=\"IMG_3709\"\n               data-description=\"\"\n               data-image-slug=\"img_3709-5\"\n               class=\"shutterset_6b0b1be0163028121409b5713f43e649\">\n                <img\n                    title=\"IMG_3709\"\n                    alt=\"IMG_3709\"\n                    src=\"http:\/\/www.freimarianne.ch\/wp-content\/gallery\/rotenflue-iph-27-11-22\/cache\/IMG_3709.jpeg-nggid0530624-ngg0dyn-100x75x100-00f0w010c010r110f110r010t010.jpeg\"\n                    width=\"100\"\n                    height=\"56\"\n                    style=\"max-width:100%;\"\n                \/>\n            <\/a>\n        <\/div>\n\t\t\t\t\t\t\t<\/div> \n\t\t\t\n                            \n\t\t\t\t<div id=\"ngg-image-2\" class=\"ngg-gallery-thumbnail-box\" >\n\t\t\t\t        <div class=\"ngg-gallery-thumbnail\">\n            <a href=\"http:\/\/www.freimarianne.ch\/wp-content\/gallery\/rotenflue-iph-27-11-22\/IMG_3711.jpeg\"\n               title=\"\"\n               data-src=\"http:\/\/www.freimarianne.ch\/wp-content\/gallery\/rotenflue-iph-27-11-22\/IMG_3711.jpeg\"\n               data-thumbnail=\"http:\/\/www.freimarianne.ch\/wp-content\/gallery\/rotenflue-iph-27-11-22\/thumbs\/thumbs_IMG_3711.jpeg\"\n               data-image-id=\"30622\"\n               data-title=\"IMG_3711\"\n               data-description=\"\"\n               data-image-slug=\"img_3711-1\"\n               class=\"shutterset_6b0b1be0163028121409b5713f43e649\">\n                <img\n                    title=\"IMG_3711\"\n                    alt=\"IMG_3711\"\n                    src=\"http:\/\/www.freimarianne.ch\/wp-content\/gallery\/rotenflue-iph-27-11-22\/cache\/IMG_3711.jpeg-nggid0530622-ngg0dyn-100x75x100-00f0w010c010r110f110r010t010.jpeg\"\n                    width=\"100\"\n                    height=\"56\"\n                    style=\"max-width:100%;\"\n                \/>\n            <\/a>\n        <\/div>\n\t\t\t\t\t\t\t<\/div> \n\t\t\t\n                            \n\t\t\t\t<div id=\"ngg-image-3\" class=\"ngg-gallery-thumbnail-box\" >\n\t\t\t\t        <div class=\"ngg-gallery-thumbnail\">\n            <a href=\"http:\/\/www.freimarianne.ch\/wp-content\/gallery\/rotenflue-iph-27-11-22\/IMG_3688.jpeg\"\n               title=\"Gross Mythen 1898m, Klein Mythen, 1810m,  Haggenspitz  1762m\"\n               data-src=\"http:\/\/www.freimarianne.ch\/wp-content\/gallery\/rotenflue-iph-27-11-22\/IMG_3688.jpeg\"\n               data-thumbnail=\"http:\/\/www.freimarianne.ch\/wp-content\/gallery\/rotenflue-iph-27-11-22\/thumbs\/thumbs_IMG_3688.jpeg\"\n               data-image-id=\"30623\"\n               data-title=\"IMG_3688\"\n               data-description=\"Gross Mythen 1898m, Klein Mythen, 1810m,  Haggenspitz  1762m\"\n               data-image-slug=\"img_3688-4\"\n               class=\"shutterset_6b0b1be0163028121409b5713f43e649\">\n                <img\n                    title=\"IMG_3688\"\n                    alt=\"IMG_3688\"\n                    src=\"http:\/\/www.freimarianne.ch\/wp-content\/gallery\/rotenflue-iph-27-11-22\/cache\/IMG_3688.jpeg-nggid0530623-ngg0dyn-100x75x100-00f0w010c010r110f110r010t010.jpeg\"\n                    width=\"100\"\n                    height=\"75\"\n                    style=\"max-width:100%;\"\n                \/>\n            <\/a>\n        <\/div>\n\t\t\t\t\t\t\t<\/div> \n\t\t\t\n                                    <br style=\"clear: both\" \/>\n                    \n\t\t\t\t<div id=\"ngg-image-4\" class=\"ngg-gallery-thumbnail-box\" >\n\t\t\t\t        <div class=\"ngg-gallery-thumbnail\">\n            <a href=\"http:\/\/www.freimarianne.ch\/wp-content\/gallery\/rotenflue-iph-27-11-22\/IMG_3706.jpeg\"\n               title=\"\"\n               data-src=\"http:\/\/www.freimarianne.ch\/wp-content\/gallery\/rotenflue-iph-27-11-22\/IMG_3706.jpeg\"\n               data-thumbnail=\"http:\/\/www.freimarianne.ch\/wp-content\/gallery\/rotenflue-iph-27-11-22\/thumbs\/thumbs_IMG_3706.jpeg\"\n               data-image-id=\"30621\"\n               data-title=\"IMG_3706\"\n               data-description=\"\"\n               data-image-slug=\"img_3706\"\n               class=\"shutterset_6b0b1be0163028121409b5713f43e649\">\n                <img\n                    title=\"IMG_3706\"\n                    alt=\"IMG_3706\"\n                    src=\"http:\/\/www.freimarianne.ch\/wp-content\/gallery\/rotenflue-iph-27-11-22\/cache\/IMG_3706.jpeg-nggid0530621-ngg0dyn-100x75x100-00f0w010c010r110f110r010t010.jpeg\"\n                    width=\"100\"\n                    height=\"56\"\n                    style=\"max-width:100%;\"\n                \/>\n            <\/a>\n        <\/div>\n\t\t\t\t\t\t\t<\/div> \n\t\t\t\n                            \n\t\t\t\t<div id=\"ngg-image-5\" class=\"ngg-gallery-thumbnail-box\" >\n\t\t\t\t        <div class=\"ngg-gallery-thumbnail\">\n            <a href=\"http:\/\/www.freimarianne.ch\/wp-content\/gallery\/rotenflue-iph-27-11-22\/IMG_3691.jpeg\"\n               title=\"Gross Mythen 1898m, Klein Mythen 1810m, Haggenspitz  1762m\"\n               data-src=\"http:\/\/www.freimarianne.ch\/wp-content\/gallery\/rotenflue-iph-27-11-22\/IMG_3691.jpeg\"\n               data-thumbnail=\"http:\/\/www.freimarianne.ch\/wp-content\/gallery\/rotenflue-iph-27-11-22\/thumbs\/thumbs_IMG_3691.jpeg\"\n               data-image-id=\"30616\"\n               data-title=\"IMG_3691\"\n               data-description=\"Gross Mythen 1898m, Klein Mythen 1810m, Haggenspitz  1762m\"\n               data-image-slug=\"img_3691-3\"\n               class=\"shutterset_6b0b1be0163028121409b5713f43e649\">\n                <img\n                    title=\"IMG_3691\"\n                    alt=\"IMG_3691\"\n                    src=\"http:\/\/www.freimarianne.ch\/wp-content\/gallery\/rotenflue-iph-27-11-22\/cache\/IMG_3691.jpeg-nggid0530616-ngg0dyn-100x75x100-00f0w010c010r110f110r010t010.jpeg\"\n                    width=\"100\"\n                    height=\"75\"\n                    style=\"max-width:100%;\"\n                \/>\n            <\/a>\n        <\/div>\n\t\t\t\t\t\t\t<\/div> \n\t\t\t\n                            \n\t\t\t\t<div id=\"ngg-image-6\" class=\"ngg-gallery-thumbnail-box\" >\n\t\t\t\t        <div class=\"ngg-gallery-thumbnail\">\n            <a href=\"http:\/\/www.freimarianne.ch\/wp-content\/gallery\/rotenflue-iph-27-11-22\/IMG_3705.jpeg\"\n               title=\"\"\n               data-src=\"http:\/\/www.freimarianne.ch\/wp-content\/gallery\/rotenflue-iph-27-11-22\/IMG_3705.jpeg\"\n               data-thumbnail=\"http:\/\/www.freimarianne.ch\/wp-content\/gallery\/rotenflue-iph-27-11-22\/thumbs\/thumbs_IMG_3705.jpeg\"\n               data-image-id=\"30619\"\n               data-title=\"IMG_3705\"\n               data-description=\"\"\n               data-image-slug=\"img_3705\"\n               class=\"shutterset_6b0b1be0163028121409b5713f43e649\">\n                <img\n                    title=\"IMG_3705\"\n                    alt=\"IMG_3705\"\n                    src=\"http:\/\/www.freimarianne.ch\/wp-content\/gallery\/rotenflue-iph-27-11-22\/cache\/IMG_3705.jpeg-nggid0530619-ngg0dyn-100x75x100-00f0w010c010r110f110r010t010.jpeg\"\n                    width=\"100\"\n                    height=\"56\"\n                    style=\"max-width:100%;\"\n                \/>\n            <\/a>\n        <\/div>\n\t\t\t\t\t\t\t<\/div> \n\t\t\t\n                            \n\t\t\t\t<div id=\"ngg-image-7\" class=\"ngg-gallery-thumbnail-box\" >\n\t\t\t\t        <div class=\"ngg-gallery-thumbnail\">\n            <a href=\"http:\/\/www.freimarianne.ch\/wp-content\/gallery\/rotenflue-iph-27-11-22\/IMG_3703.jpeg\"\n               title=\"\"\n               data-src=\"http:\/\/www.freimarianne.ch\/wp-content\/gallery\/rotenflue-iph-27-11-22\/IMG_3703.jpeg\"\n               data-thumbnail=\"http:\/\/www.freimarianne.ch\/wp-content\/gallery\/rotenflue-iph-27-11-22\/thumbs\/thumbs_IMG_3703.jpeg\"\n               data-image-id=\"30618\"\n               data-title=\"IMG_3703\"\n               data-description=\"\"\n               data-image-slug=\"img_3703-1\"\n               class=\"shutterset_6b0b1be0163028121409b5713f43e649\">\n                <img\n                    title=\"IMG_3703\"\n                    alt=\"IMG_3703\"\n                    src=\"http:\/\/www.freimarianne.ch\/wp-content\/gallery\/rotenflue-iph-27-11-22\/cache\/IMG_3703.jpeg-nggid0530618-ngg0dyn-100x75x100-00f0w010c010r110f110r010t010.jpeg\"\n                    width=\"100\"\n                    height=\"56\"\n                    style=\"max-width:100%;\"\n                \/>\n            <\/a>\n        <\/div>\n\t\t\t\t\t\t\t<\/div> \n\t\t\t\n                                    <br style=\"clear: both\" \/>\n                    \n\t\t\t\t<div id=\"ngg-image-8\" class=\"ngg-gallery-thumbnail-box\" >\n\t\t\t\t        <div class=\"ngg-gallery-thumbnail\">\n            <a href=\"http:\/\/www.freimarianne.ch\/wp-content\/gallery\/rotenflue-iph-27-11-22\/IMG_3696.jpeg\"\n               title=\"Blick auf den Vierwaldst\u00e4ttersee; Pilatus und Vitznauerstock\"\n               data-src=\"http:\/\/www.freimarianne.ch\/wp-content\/gallery\/rotenflue-iph-27-11-22\/IMG_3696.jpeg\"\n               data-thumbnail=\"http:\/\/www.freimarianne.ch\/wp-content\/gallery\/rotenflue-iph-27-11-22\/thumbs\/thumbs_IMG_3696.jpeg\"\n               data-image-id=\"30620\"\n               data-title=\"IMG_3696\"\n               data-description=\"Blick auf den Vierwaldst\u00e4ttersee; Pilatus und Vitznauerstock\"\n               data-image-slug=\"img_3696-1\"\n               class=\"shutterset_6b0b1be0163028121409b5713f43e649\">\n                <img\n                    title=\"IMG_3696\"\n                    alt=\"IMG_3696\"\n                    src=\"http:\/\/www.freimarianne.ch\/wp-content\/gallery\/rotenflue-iph-27-11-22\/cache\/IMG_3696.jpeg-nggid0530620-ngg0dyn-100x75x100-00f0w010c010r110f110r010t010.jpeg\"\n                    width=\"100\"\n                    height=\"75\"\n                    style=\"max-width:100%;\"\n                \/>\n            <\/a>\n        <\/div>\n\t\t\t\t\t\t\t<\/div> \n\t\t\t\n                            \n\t\t\t\t<div id=\"ngg-image-9\" class=\"ngg-gallery-thumbnail-box\" >\n\t\t\t\t        <div class=\"ngg-gallery-thumbnail\">\n            <a href=\"http:\/\/www.freimarianne.ch\/wp-content\/gallery\/rotenflue-iph-27-11-22\/IMG_3697.jpeg\"\n               title=\"Blick auf den Vierwaldst\u00e4ttersee; Klewenalp, Stanserhorn, Pilatus\"\n               data-src=\"http:\/\/www.freimarianne.ch\/wp-content\/gallery\/rotenflue-iph-27-11-22\/IMG_3697.jpeg\"\n               data-thumbnail=\"http:\/\/www.freimarianne.ch\/wp-content\/gallery\/rotenflue-iph-27-11-22\/thumbs\/thumbs_IMG_3697.jpeg\"\n               data-image-id=\"30617\"\n               data-title=\"IMG_3697\"\n               data-description=\"Blick auf den Vierwaldst\u00e4ttersee; Klewenalp, Stanserhorn, Pilatus\"\n               data-image-slug=\"img_3697-2\"\n               class=\"shutterset_6b0b1be0163028121409b5713f43e649\">\n                <img\n                    title=\"IMG_3697\"\n                    alt=\"IMG_3697\"\n                    src=\"http:\/\/www.freimarianne.ch\/wp-content\/gallery\/rotenflue-iph-27-11-22\/cache\/IMG_3697.jpeg-nggid0530617-ngg0dyn-100x75x100-00f0w010c010r110f110r010t010.jpeg\"\n                    width=\"100\"\n                    height=\"75\"\n                    style=\"max-width:100%;\"\n                \/>\n            <\/a>\n        <\/div>\n\t\t\t\t\t\t\t<\/div> \n\t\t\t\n                            \n\t\t\t\t<div id=\"ngg-image-10\" class=\"ngg-gallery-thumbnail-box\" >\n\t\t\t\t        <div class=\"ngg-gallery-thumbnail\">\n            <a href=\"http:\/\/www.freimarianne.ch\/wp-content\/gallery\/rotenflue-iph-27-11-22\/IMG_3699.jpeg\"\n               title=\"Pano\"\n               data-src=\"http:\/\/www.freimarianne.ch\/wp-content\/gallery\/rotenflue-iph-27-11-22\/IMG_3699.jpeg\"\n               data-thumbnail=\"http:\/\/www.freimarianne.ch\/wp-content\/gallery\/rotenflue-iph-27-11-22\/thumbs\/thumbs_IMG_3699.jpeg\"\n               data-image-id=\"30615\"\n               data-title=\"IMG_3699\"\n               data-description=\"Pano\"\n               data-image-slug=\"img_3699-2\"\n               class=\"shutterset_6b0b1be0163028121409b5713f43e649\">\n                <img\n                    title=\"IMG_3699\"\n                    alt=\"IMG_3699\"\n                    src=\"http:\/\/www.freimarianne.ch\/wp-content\/gallery\/rotenflue-iph-27-11-22\/cache\/IMG_3699.jpeg-nggid0530615-ngg0dyn-100x75x100-00f0w010c010r110f110r010t010.jpeg\"\n                    width=\"100\"\n                    height=\"75\"\n                    style=\"max-width:100%;\"\n                \/>\n            <\/a>\n        <\/div>\n\t\t\t\t\t\t\t<\/div> \n\t\t\t\n                            \n\t\t\n\t\t<!-- Pagination -->\n\t<div class='ngg-clear'><\/div>\t<\/div>\n\n","protected":false},"excerpt":{"rendered":"<p>Rotenflue&nbsp; Rundwanderung Auf der Rotenflue 1571m bei Schwyz sollte es heute sonnig sein. Wieviel Schnee ich antreffen w\u00fcrde, musst ich nicht. Ich war positiv \u00fcberrascht, dass es hier oben schon richtig winterlich aussah. Meine Iseli hatte ich dieses Mal dabei ! Ich folge dem Winterwanderweg zur M\u00fcsliegg. Ich kann nicht auf die Ibergeregg wandernd es [&hellip;]<\/p>\n","protected":false},"author":1,"featured_media":0,"parent":60728,"menu_order":24,"comment_status":"closed","ping_status":"closed","template":"","meta":{"ngg_post_thumbnail":0},"_links":{"self":[{"href":"http:\/\/www.freimarianne.ch\/index.php?rest_route=\/wp\/v2\/pages\/61586"}],"collection":[{"href":"http:\/\/www.freimarianne.ch\/index.php?rest_route=\/wp\/v2\/pages"}],"about":[{"href":"http:\/\/www.freimarianne.ch\/index.php?rest_route=\/wp\/v2\/types\/page"}],"author":[{"embeddable":true,"href":"http:\/\/www.freimarianne.ch\/index.php?rest_route=\/wp\/v2\/users\/1"}],"replies":[{"embeddable":true,"href":"http:\/\/www.freimarianne.ch\/index.php?rest_route=%2Fwp%2Fv2%2Fcomments&post=61586"}],"version-history":[{"count":2,"href":"http:\/\/www.freimarianne.ch\/index.php?rest_route=\/wp\/v2\/pages\/61586\/revisions"}],"predecessor-version":[{"id":61648,"href":"http:\/\/www.freimarianne.ch\/index.php?rest_route=\/wp\/v2\/pages\/61586\/revisions\/61648"}],"up":[{"embeddable":true,"href":"http:\/\/www.freimarianne.ch\/index.php?rest_route=\/wp\/v2\/pages\/60728"}],"wp:attachment":[{"href":"http:\/\/www.freimarianne.ch\/index.php?rest_route=%2Fwp%2Fv2%2Fmedia&parent=61586"}],"curies":[{"name":"wp","href":"https:\/\/api.w.org\/{rel}","templated":true}]}}