{"id":62272,"date":"2023-06-03T09:45:05","date_gmt":"2023-06-03T08:45:05","guid":{"rendered":"http:\/\/www.freimarianne.ch\/?page_id=62272"},"modified":"2023-06-08T07:31:38","modified_gmt":"2023-06-08T06:31:38","slug":"gomera-wanderung-vallermoso-28-4-2023","status":"publish","type":"page","link":"http:\/\/www.freimarianne.ch\/?page_id=62272","title":{"rendered":"Gomera: Wanderung Vallehermoso  28.4.2023"},"content":{"rendered":"\n<p>Wir beginnen unsere Wanderung in das \u201ewundersch\u00f6ne Tal\u201c auf ca. 800 Metern H\u00f6he mit spektakul\u00e4ren Ausblicken \u00fcber die nordwestliche K\u00fcste La Gomeras. Fantastische Aussichten und Relikte der vulkanischen T\u00e4tigkeit bestimmen heute unsere Wanderung. Nach der Rast an einer Kapelle beginnen wir unseren Abstieg nach Vallehermoso mit einem Blick auf den Roque Cano, vorbei an Terrassen und Weing\u00e4rten. In Vallehermoso bleibt uns vor der R\u00fcckfahrt noch Zeit f\u00fcr eine Ortsbesichtigung und eine Erfrischung.<br>Gehzeit ca. 4 h \/ Strecke 12 km \/ H\u00f6henmeter +100 m \/- 700 m leicht-mittel<\/p>\n\n\n\n<!-- index.php -->\n<div\n\tclass=\"ngg-galleryoverview ngg-ajax-pagination-none\"\n\tid=\"ngg-gallery-14257414e91a5129a837736f8f7b7721-1\">\n\n    \t<div class=\"slideshowlink\">\n        <a href='http:\/\/www.freimarianne.ch\/index.php\/nggallery\/slideshow?page_id=62272'>[Show as slideshow]<\/a>\n\t\t\n\t<\/div>\n\t\t\t<!-- Thumbnails -->\n\t\t\t\t<div id=\"ngg-image-0\" class=\"ngg-gallery-thumbnail-box\" >\n\t\t\t\t        <div class=\"ngg-gallery-thumbnail\">\n            <a href=\"http:\/\/www.freimarianne.ch\/wp-content\/gallery\/valle-hermosa-28-4-23\/IMG_3512.jpeg\"\n               title=\"\"\n               data-src=\"http:\/\/www.freimarianne.ch\/wp-content\/gallery\/valle-hermosa-28-4-23\/IMG_3512.jpeg\"\n               data-thumbnail=\"http:\/\/www.freimarianne.ch\/wp-content\/gallery\/valle-hermosa-28-4-23\/thumbs\/thumbs_IMG_3512.jpeg\"\n               data-image-id=\"31067\"\n               data-title=\"IMG_3512\"\n               data-description=\"\"\n               data-image-slug=\"img_3512-3\"\n               class=\"shutterset_14257414e91a5129a837736f8f7b7721\">\n                <img\n                    title=\"IMG_3512\"\n                    alt=\"IMG_3512\"\n                    src=\"http:\/\/www.freimarianne.ch\/wp-content\/gallery\/valle-hermosa-28-4-23\/cache\/IMG_3512.jpeg-nggid0531067-ngg0dyn-100x75x100-00f0w010c010r110f110r010t010.jpeg\"\n                    width=\"100\"\n                    height=\"75\"\n                    style=\"max-width:100%;\"\n                \/>\n            <\/a>\n        <\/div>\n\t\t\t\t\t\t\t<\/div> \n\t\t\t\n                            \n\t\t\t\t<div id=\"ngg-image-1\" class=\"ngg-gallery-thumbnail-box\" >\n\t\t\t\t        <div class=\"ngg-gallery-thumbnail\">\n            <a href=\"http:\/\/www.freimarianne.ch\/wp-content\/gallery\/valle-hermosa-28-4-23\/IMG_3515.jpeg\"\n               title=\"Blick hinunter nachValle Gran Rey\"\n               data-src=\"http:\/\/www.freimarianne.ch\/wp-content\/gallery\/valle-hermosa-28-4-23\/IMG_3515.jpeg\"\n               data-thumbnail=\"http:\/\/www.freimarianne.ch\/wp-content\/gallery\/valle-hermosa-28-4-23\/thumbs\/thumbs_IMG_3515.jpeg\"\n               data-image-id=\"31066\"\n               data-title=\"IMG_3515\"\n               data-description=\"Blick hinunter nachValle Gran Rey\"\n               data-image-slug=\"img_3515-5\"\n               class=\"shutterset_14257414e91a5129a837736f8f7b7721\">\n                <img\n                    title=\"IMG_3515\"\n                    alt=\"IMG_3515\"\n                    src=\"http:\/\/www.freimarianne.ch\/wp-content\/gallery\/valle-hermosa-28-4-23\/cache\/IMG_3515.jpeg-nggid0531066-ngg0dyn-100x75x100-00f0w010c010r110f110r010t010.jpeg\"\n                    width=\"100\"\n                    height=\"75\"\n                    style=\"max-width:100%;\"\n                \/>\n            <\/a>\n        <\/div>\n\t\t\t\t\t\t\t<\/div> \n\t\t\t\n                            \n\t\t\t\t<div id=\"ngg-image-2\" class=\"ngg-gallery-thumbnail-box\" >\n\t\t\t\t        <div class=\"ngg-gallery-thumbnail\">\n            <a href=\"http:\/\/www.freimarianne.ch\/wp-content\/gallery\/valle-hermosa-28-4-23\/IMG_3519.jpeg\"\n               title=\"\"\n               data-src=\"http:\/\/www.freimarianne.ch\/wp-content\/gallery\/valle-hermosa-28-4-23\/IMG_3519.jpeg\"\n               data-thumbnail=\"http:\/\/www.freimarianne.ch\/wp-content\/gallery\/valle-hermosa-28-4-23\/thumbs\/thumbs_IMG_3519.jpeg\"\n               data-image-id=\"31065\"\n               data-title=\"IMG_3519\"\n               data-description=\"\"\n               data-image-slug=\"img_3519-21\"\n               class=\"shutterset_14257414e91a5129a837736f8f7b7721\">\n                <img\n                    title=\"IMG_3519\"\n                    alt=\"IMG_3519\"\n                    src=\"http:\/\/www.freimarianne.ch\/wp-content\/gallery\/valle-hermosa-28-4-23\/cache\/IMG_3519.jpeg-nggid0531065-ngg0dyn-100x75x100-00f0w010c010r110f110r010t010.jpeg\"\n                    width=\"100\"\n                    height=\"75\"\n                    style=\"max-width:100%;\"\n                \/>\n            <\/a>\n        <\/div>\n\t\t\t\t\t\t\t<\/div> \n\t\t\t\n                            \n\t\t\t\t<div id=\"ngg-image-3\" class=\"ngg-gallery-thumbnail-box\" >\n\t\t\t\t        <div class=\"ngg-gallery-thumbnail\">\n            <a href=\"http:\/\/www.freimarianne.ch\/wp-content\/gallery\/valle-hermosa-28-4-23\/IMG_3523.jpeg\"\n               title=\"\"\n               data-src=\"http:\/\/www.freimarianne.ch\/wp-content\/gallery\/valle-hermosa-28-4-23\/IMG_3523.jpeg\"\n               data-thumbnail=\"http:\/\/www.freimarianne.ch\/wp-content\/gallery\/valle-hermosa-28-4-23\/thumbs\/thumbs_IMG_3523.jpeg\"\n               data-image-id=\"31062\"\n               data-title=\"IMG_3523\"\n               data-description=\"\"\n               data-image-slug=\"img_3523-1\"\n               class=\"shutterset_14257414e91a5129a837736f8f7b7721\">\n                <img\n                    title=\"IMG_3523\"\n                    alt=\"IMG_3523\"\n                    src=\"http:\/\/www.freimarianne.ch\/wp-content\/gallery\/valle-hermosa-28-4-23\/cache\/IMG_3523.jpeg-nggid0531062-ngg0dyn-100x75x100-00f0w010c010r110f110r010t010.jpeg\"\n                    width=\"100\"\n                    height=\"75\"\n                    style=\"max-width:100%;\"\n                \/>\n            <\/a>\n        <\/div>\n\t\t\t\t\t\t\t<\/div> \n\t\t\t\n                                    <br style=\"clear: both\" \/>\n                    \n\t\t\t\t<div id=\"ngg-image-4\" class=\"ngg-gallery-thumbnail-box\" >\n\t\t\t\t        <div class=\"ngg-gallery-thumbnail\">\n            <a href=\"http:\/\/www.freimarianne.ch\/wp-content\/gallery\/valle-hermosa-28-4-23\/IMG_3524.jpeg\"\n               title=\"\"\n               data-src=\"http:\/\/www.freimarianne.ch\/wp-content\/gallery\/valle-hermosa-28-4-23\/IMG_3524.jpeg\"\n               data-thumbnail=\"http:\/\/www.freimarianne.ch\/wp-content\/gallery\/valle-hermosa-28-4-23\/thumbs\/thumbs_IMG_3524.jpeg\"\n               data-image-id=\"31064\"\n               data-title=\"IMG_3524\"\n               data-description=\"\"\n               data-image-slug=\"img_3524-3\"\n               class=\"shutterset_14257414e91a5129a837736f8f7b7721\">\n                <img\n                    title=\"IMG_3524\"\n                    alt=\"IMG_3524\"\n                    src=\"http:\/\/www.freimarianne.ch\/wp-content\/gallery\/valle-hermosa-28-4-23\/cache\/IMG_3524.jpeg-nggid0531064-ngg0dyn-100x75x100-00f0w010c010r110f110r010t010.jpeg\"\n                    width=\"100\"\n                    height=\"75\"\n                    style=\"max-width:100%;\"\n                \/>\n            <\/a>\n        <\/div>\n\t\t\t\t\t\t\t<\/div> \n\t\t\t\n                            \n\t\t\t\t<div id=\"ngg-image-5\" class=\"ngg-gallery-thumbnail-box\" >\n\t\t\t\t        <div class=\"ngg-gallery-thumbnail\">\n            <a href=\"http:\/\/www.freimarianne.ch\/wp-content\/gallery\/valle-hermosa-28-4-23\/IMG_3528.jpeg\"\n               title=\"\"\n               data-src=\"http:\/\/www.freimarianne.ch\/wp-content\/gallery\/valle-hermosa-28-4-23\/IMG_3528.jpeg\"\n               data-thumbnail=\"http:\/\/www.freimarianne.ch\/wp-content\/gallery\/valle-hermosa-28-4-23\/thumbs\/thumbs_IMG_3528.jpeg\"\n               data-image-id=\"31063\"\n               data-title=\"IMG_3528\"\n               data-description=\"\"\n               data-image-slug=\"img_3528-1\"\n               class=\"shutterset_14257414e91a5129a837736f8f7b7721\">\n                <img\n                    title=\"IMG_3528\"\n                    alt=\"IMG_3528\"\n                    src=\"http:\/\/www.freimarianne.ch\/wp-content\/gallery\/valle-hermosa-28-4-23\/cache\/IMG_3528.jpeg-nggid0531063-ngg0dyn-100x75x100-00f0w010c010r110f110r010t010.jpeg\"\n                    width=\"100\"\n                    height=\"75\"\n                    style=\"max-width:100%;\"\n                \/>\n            <\/a>\n        <\/div>\n\t\t\t\t\t\t\t<\/div> \n\t\t\t\n                            \n\t\t\t\t<div id=\"ngg-image-6\" class=\"ngg-gallery-thumbnail-box\" >\n\t\t\t\t        <div class=\"ngg-gallery-thumbnail\">\n            <a href=\"http:\/\/www.freimarianne.ch\/wp-content\/gallery\/valle-hermosa-28-4-23\/IMG_3529.jpeg\"\n               title=\"\"\n               data-src=\"http:\/\/www.freimarianne.ch\/wp-content\/gallery\/valle-hermosa-28-4-23\/IMG_3529.jpeg\"\n               data-thumbnail=\"http:\/\/www.freimarianne.ch\/wp-content\/gallery\/valle-hermosa-28-4-23\/thumbs\/thumbs_IMG_3529.jpeg\"\n               data-image-id=\"31061\"\n               data-title=\"IMG_3529\"\n               data-description=\"\"\n               data-image-slug=\"img_3529-6\"\n               class=\"shutterset_14257414e91a5129a837736f8f7b7721\">\n                <img\n                    title=\"IMG_3529\"\n                    alt=\"IMG_3529\"\n                    src=\"http:\/\/www.freimarianne.ch\/wp-content\/gallery\/valle-hermosa-28-4-23\/cache\/IMG_3529.jpeg-nggid0531061-ngg0dyn-100x75x100-00f0w010c010r110f110r010t010.jpeg\"\n                    width=\"100\"\n                    height=\"75\"\n                    style=\"max-width:100%;\"\n                \/>\n            <\/a>\n        <\/div>\n\t\t\t\t\t\t\t<\/div> \n\t\t\t\n                            \n\t\t\t\t<div id=\"ngg-image-7\" class=\"ngg-gallery-thumbnail-box\" >\n\t\t\t\t        <div class=\"ngg-gallery-thumbnail\">\n            <a href=\"http:\/\/www.freimarianne.ch\/wp-content\/gallery\/valle-hermosa-28-4-23\/IMG_3533.jpeg\"\n               title=\"unser Rastplatz\"\n               data-src=\"http:\/\/www.freimarianne.ch\/wp-content\/gallery\/valle-hermosa-28-4-23\/IMG_3533.jpeg\"\n               data-thumbnail=\"http:\/\/www.freimarianne.ch\/wp-content\/gallery\/valle-hermosa-28-4-23\/thumbs\/thumbs_IMG_3533.jpeg\"\n               data-image-id=\"31060\"\n               data-title=\"IMG_3533\"\n               data-description=\"unser Rastplatz\"\n               data-image-slug=\"img_3533-7\"\n               class=\"shutterset_14257414e91a5129a837736f8f7b7721\">\n                <img\n                    title=\"IMG_3533\"\n                    alt=\"IMG_3533\"\n                    src=\"http:\/\/www.freimarianne.ch\/wp-content\/gallery\/valle-hermosa-28-4-23\/cache\/IMG_3533.jpeg-nggid0531060-ngg0dyn-100x75x100-00f0w010c010r110f110r010t010.jpeg\"\n                    width=\"100\"\n                    height=\"75\"\n                    style=\"max-width:100%;\"\n                \/>\n            <\/a>\n        <\/div>\n\t\t\t\t\t\t\t<\/div> \n\t\t\t\n                                    <br style=\"clear: both\" \/>\n                    \n\t\t\t\t<div id=\"ngg-image-8\" class=\"ngg-gallery-thumbnail-box\" >\n\t\t\t\t        <div class=\"ngg-gallery-thumbnail\">\n            <a href=\"http:\/\/www.freimarianne.ch\/wp-content\/gallery\/valle-hermosa-28-4-23\/IMG_3534.jpeg\"\n               title=\"Blick zum Teide\"\n               data-src=\"http:\/\/www.freimarianne.ch\/wp-content\/gallery\/valle-hermosa-28-4-23\/IMG_3534.jpeg\"\n               data-thumbnail=\"http:\/\/www.freimarianne.ch\/wp-content\/gallery\/valle-hermosa-28-4-23\/thumbs\/thumbs_IMG_3534.jpeg\"\n               data-image-id=\"31059\"\n               data-title=\"IMG_3534\"\n               data-description=\"Blick zum Teide\"\n               data-image-slug=\"img_3534-2\"\n               class=\"shutterset_14257414e91a5129a837736f8f7b7721\">\n                <img\n                    title=\"IMG_3534\"\n                    alt=\"IMG_3534\"\n                    src=\"http:\/\/www.freimarianne.ch\/wp-content\/gallery\/valle-hermosa-28-4-23\/cache\/IMG_3534.jpeg-nggid0531059-ngg0dyn-100x75x100-00f0w010c010r110f110r010t010.jpeg\"\n                    width=\"100\"\n                    height=\"75\"\n                    style=\"max-width:100%;\"\n                \/>\n            <\/a>\n        <\/div>\n\t\t\t\t\t\t\t<\/div> \n\t\t\t\n                            \n\t\t\t\t<div id=\"ngg-image-9\" class=\"ngg-gallery-thumbnail-box\" >\n\t\t\t\t        <div class=\"ngg-gallery-thumbnail\">\n            <a href=\"http:\/\/www.freimarianne.ch\/wp-content\/gallery\/valle-hermosa-28-4-23\/IMG_3535.jpeg\"\n               title=\"bereit zum Abstieg\"\n               data-src=\"http:\/\/www.freimarianne.ch\/wp-content\/gallery\/valle-hermosa-28-4-23\/IMG_3535.jpeg\"\n               data-thumbnail=\"http:\/\/www.freimarianne.ch\/wp-content\/gallery\/valle-hermosa-28-4-23\/thumbs\/thumbs_IMG_3535.jpeg\"\n               data-image-id=\"31058\"\n               data-title=\"IMG_3535\"\n               data-description=\"bereit zum Abstieg\"\n               data-image-slug=\"img_3535-3\"\n               class=\"shutterset_14257414e91a5129a837736f8f7b7721\">\n                <img\n                    title=\"IMG_3535\"\n                    alt=\"IMG_3535\"\n                    src=\"http:\/\/www.freimarianne.ch\/wp-content\/gallery\/valle-hermosa-28-4-23\/cache\/IMG_3535.jpeg-nggid0531058-ngg0dyn-100x75x100-00f0w010c010r110f110r010t010.jpeg\"\n                    width=\"100\"\n                    height=\"75\"\n                    style=\"max-width:100%;\"\n                \/>\n            <\/a>\n        <\/div>\n\t\t\t\t\t\t\t<\/div> \n\t\t\t\n                            \n\t\t\t\t<div id=\"ngg-image-10\" class=\"ngg-gallery-thumbnail-box\" >\n\t\t\t\t        <div class=\"ngg-gallery-thumbnail\">\n            <a href=\"http:\/\/www.freimarianne.ch\/wp-content\/gallery\/valle-hermosa-28-4-23\/IMG_3536.jpeg\"\n               title=\"der Abstieginnteg b\"\n               data-src=\"http:\/\/www.freimarianne.ch\/wp-content\/gallery\/valle-hermosa-28-4-23\/IMG_3536.jpeg\"\n               data-thumbnail=\"http:\/\/www.freimarianne.ch\/wp-content\/gallery\/valle-hermosa-28-4-23\/thumbs\/thumbs_IMG_3536.jpeg\"\n               data-image-id=\"31053\"\n               data-title=\"IMG_3536\"\n               data-description=\"der Abstieginnteg b\"\n               data-image-slug=\"img_3536-1\"\n               class=\"shutterset_14257414e91a5129a837736f8f7b7721\">\n                <img\n                    title=\"IMG_3536\"\n                    alt=\"IMG_3536\"\n                    src=\"http:\/\/www.freimarianne.ch\/wp-content\/gallery\/valle-hermosa-28-4-23\/cache\/IMG_3536.jpeg-nggid0531053-ngg0dyn-100x75x100-00f0w010c010r110f110r010t010.jpeg\"\n                    width=\"100\"\n                    height=\"75\"\n                    style=\"max-width:100%;\"\n                \/>\n            <\/a>\n        <\/div>\n\t\t\t\t\t\t\t<\/div> \n\t\t\t\n                            \n\t\t\t\t<div id=\"ngg-image-11\" class=\"ngg-gallery-thumbnail-box\" >\n\t\t\t\t        <div class=\"ngg-gallery-thumbnail\">\n            <a href=\"http:\/\/www.freimarianne.ch\/wp-content\/gallery\/valle-hermosa-28-4-23\/IMG_3537.jpeg\"\n               title=\"Mirador de El Palmarejo\"\n               data-src=\"http:\/\/www.freimarianne.ch\/wp-content\/gallery\/valle-hermosa-28-4-23\/IMG_3537.jpeg\"\n               data-thumbnail=\"http:\/\/www.freimarianne.ch\/wp-content\/gallery\/valle-hermosa-28-4-23\/thumbs\/thumbs_IMG_3537.jpeg\"\n               data-image-id=\"31055\"\n               data-title=\"IMG_3537\"\n               data-description=\"Mirador de El Palmarejo\"\n               data-image-slug=\"img_3537-2\"\n               class=\"shutterset_14257414e91a5129a837736f8f7b7721\">\n                <img\n                    title=\"IMG_3537\"\n                    alt=\"IMG_3537\"\n                    src=\"http:\/\/www.freimarianne.ch\/wp-content\/gallery\/valle-hermosa-28-4-23\/cache\/IMG_3537.jpeg-nggid0531055-ngg0dyn-100x75x100-00f0w010c010r110f110r010t010.jpeg\"\n                    width=\"100\"\n                    height=\"75\"\n                    style=\"max-width:100%;\"\n                \/>\n            <\/a>\n        <\/div>\n\t\t\t\t\t\t\t<\/div> \n\t\t\t\n                                    <br style=\"clear: both\" \/>\n                    \n\t\t\t\t<div id=\"ngg-image-12\" class=\"ngg-gallery-thumbnail-box\" >\n\t\t\t\t        <div class=\"ngg-gallery-thumbnail\">\n            <a href=\"http:\/\/www.freimarianne.ch\/wp-content\/gallery\/valle-hermosa-28-4-23\/IMG_3541.jpeg\"\n               title=\"Mirador de El Palmarejo\"\n               data-src=\"http:\/\/www.freimarianne.ch\/wp-content\/gallery\/valle-hermosa-28-4-23\/IMG_3541.jpeg\"\n               data-thumbnail=\"http:\/\/www.freimarianne.ch\/wp-content\/gallery\/valle-hermosa-28-4-23\/thumbs\/thumbs_IMG_3541.jpeg\"\n               data-image-id=\"31057\"\n               data-title=\"IMG_3541\"\n               data-description=\"Mirador de El Palmarejo\"\n               data-image-slug=\"img_3541-2\"\n               class=\"shutterset_14257414e91a5129a837736f8f7b7721\">\n                <img\n                    title=\"IMG_3541\"\n                    alt=\"IMG_3541\"\n                    src=\"http:\/\/www.freimarianne.ch\/wp-content\/gallery\/valle-hermosa-28-4-23\/cache\/IMG_3541.jpeg-nggid0531057-ngg0dyn-100x75x100-00f0w010c010r110f110r010t010.jpeg\"\n                    width=\"100\"\n                    height=\"75\"\n                    style=\"max-width:100%;\"\n                \/>\n            <\/a>\n        <\/div>\n\t\t\t\t\t\t\t<\/div> \n\t\t\t\n                            \n\t\t\t\t<div id=\"ngg-image-13\" class=\"ngg-gallery-thumbnail-box\" >\n\t\t\t\t        <div class=\"ngg-gallery-thumbnail\">\n            <a href=\"http:\/\/www.freimarianne.ch\/wp-content\/gallery\/valle-hermosa-28-4-23\/IMG_3543.jpeg\"\n               title=\"Abstieg nach Vallhermoso\"\n               data-src=\"http:\/\/www.freimarianne.ch\/wp-content\/gallery\/valle-hermosa-28-4-23\/IMG_3543.jpeg\"\n               data-thumbnail=\"http:\/\/www.freimarianne.ch\/wp-content\/gallery\/valle-hermosa-28-4-23\/thumbs\/thumbs_IMG_3543.jpeg\"\n               data-image-id=\"31056\"\n               data-title=\"IMG_3543\"\n               data-description=\"Abstieg nach Vallhermoso\"\n               data-image-slug=\"img_3543-2\"\n               class=\"shutterset_14257414e91a5129a837736f8f7b7721\">\n                <img\n                    title=\"IMG_3543\"\n                    alt=\"IMG_3543\"\n                    src=\"http:\/\/www.freimarianne.ch\/wp-content\/gallery\/valle-hermosa-28-4-23\/cache\/IMG_3543.jpeg-nggid0531056-ngg0dyn-100x75x100-00f0w010c010r110f110r010t010.jpeg\"\n                    width=\"100\"\n                    height=\"75\"\n                    style=\"max-width:100%;\"\n                \/>\n            <\/a>\n        <\/div>\n\t\t\t\t\t\t\t<\/div> \n\t\t\t\n                            \n\t\t\t\t<div id=\"ngg-image-14\" class=\"ngg-gallery-thumbnail-box\" >\n\t\t\t\t        <div class=\"ngg-gallery-thumbnail\">\n            <a href=\"http:\/\/www.freimarianne.ch\/wp-content\/gallery\/valle-hermosa-28-4-23\/IMG_3545.jpeg\"\n               title=\"Abstieg nach Vallhermoso\"\n               data-src=\"http:\/\/www.freimarianne.ch\/wp-content\/gallery\/valle-hermosa-28-4-23\/IMG_3545.jpeg\"\n               data-thumbnail=\"http:\/\/www.freimarianne.ch\/wp-content\/gallery\/valle-hermosa-28-4-23\/thumbs\/thumbs_IMG_3545.jpeg\"\n               data-image-id=\"31054\"\n               data-title=\"IMG_3545\"\n               data-description=\"Abstieg nach Vallhermoso\"\n               data-image-slug=\"img_3545-3\"\n               class=\"shutterset_14257414e91a5129a837736f8f7b7721\">\n                <img\n                    title=\"IMG_3545\"\n                    alt=\"IMG_3545\"\n                    src=\"http:\/\/www.freimarianne.ch\/wp-content\/gallery\/valle-hermosa-28-4-23\/cache\/IMG_3545.jpeg-nggid0531054-ngg0dyn-100x75x100-00f0w010c010r110f110r010t010.jpeg\"\n                    width=\"100\"\n                    height=\"75\"\n                    style=\"max-width:100%;\"\n                \/>\n            <\/a>\n        <\/div>\n\t\t\t\t\t\t\t<\/div> \n\t\t\t\n                            \n\t\t\t\t<div id=\"ngg-image-15\" class=\"ngg-gallery-thumbnail-box\" >\n\t\t\t\t        <div class=\"ngg-gallery-thumbnail\">\n            <a href=\"http:\/\/www.freimarianne.ch\/wp-content\/gallery\/valle-hermosa-28-4-23\/IMG_3551.jpeg\"\n               title=\"Vallehermoso\"\n               data-src=\"http:\/\/www.freimarianne.ch\/wp-content\/gallery\/valle-hermosa-28-4-23\/IMG_3551.jpeg\"\n               data-thumbnail=\"http:\/\/www.freimarianne.ch\/wp-content\/gallery\/valle-hermosa-28-4-23\/thumbs\/thumbs_IMG_3551.jpeg\"\n               data-image-id=\"31052\"\n               data-title=\"IMG_3551\"\n               data-description=\"Vallehermoso\"\n               data-image-slug=\"img_3551-4\"\n               class=\"shutterset_14257414e91a5129a837736f8f7b7721\">\n                <img\n                    title=\"IMG_3551\"\n                    alt=\"IMG_3551\"\n                    src=\"http:\/\/www.freimarianne.ch\/wp-content\/gallery\/valle-hermosa-28-4-23\/cache\/IMG_3551.jpeg-nggid0531052-ngg0dyn-100x75x100-00f0w010c010r110f110r010t010.jpeg\"\n                    width=\"100\"\n                    height=\"75\"\n                    style=\"max-width:100%;\"\n                \/>\n            <\/a>\n        <\/div>\n\t\t\t\t\t\t\t<\/div> \n\t\t\t\n                                    <br style=\"clear: both\" \/>\n                    \n\t\t\n\t\t<!-- Pagination -->\n\t<div class='ngg-clear'><\/div>\t<\/div>\n\n","protected":false},"excerpt":{"rendered":"<p>Wir beginnen unsere Wanderung in das \u201ewundersch\u00f6ne Tal\u201c auf ca. 800 Metern H\u00f6he mit spektakul\u00e4ren Ausblicken \u00fcber die nordwestliche K\u00fcste La Gomeras. Fantastische Aussichten und Relikte der vulkanischen T\u00e4tigkeit bestimmen heute unsere Wanderung. Nach der Rast an einer Kapelle beginnen wir unseren Abstieg nach Vallehermoso mit einem Blick auf den Roque Cano, vorbei an Terrassen [&hellip;]<\/p>\n","protected":false},"author":1,"featured_media":0,"parent":62265,"menu_order":2,"comment_status":"closed","ping_status":"closed","template":"","meta":{"ngg_post_thumbnail":0},"_links":{"self":[{"href":"http:\/\/www.freimarianne.ch\/index.php?rest_route=\/wp\/v2\/pages\/62272"}],"collection":[{"href":"http:\/\/www.freimarianne.ch\/index.php?rest_route=\/wp\/v2\/pages"}],"about":[{"href":"http:\/\/www.freimarianne.ch\/index.php?rest_route=\/wp\/v2\/types\/page"}],"author":[{"embeddable":true,"href":"http:\/\/www.freimarianne.ch\/index.php?rest_route=\/wp\/v2\/users\/1"}],"replies":[{"embeddable":true,"href":"http:\/\/www.freimarianne.ch\/index.php?rest_route=%2Fwp%2Fv2%2Fcomments&post=62272"}],"version-history":[{"count":4,"href":"http:\/\/www.freimarianne.ch\/index.php?rest_route=\/wp\/v2\/pages\/62272\/revisions"}],"predecessor-version":[{"id":62503,"href":"http:\/\/www.freimarianne.ch\/index.php?rest_route=\/wp\/v2\/pages\/62272\/revisions\/62503"}],"up":[{"embeddable":true,"href":"http:\/\/www.freimarianne.ch\/index.php?rest_route=\/wp\/v2\/pages\/62265"}],"wp:attachment":[{"href":"http:\/\/www.freimarianne.ch\/index.php?rest_route=%2Fwp%2Fv2%2Fmedia&parent=62272"}],"curies":[{"name":"wp","href":"https:\/\/api.w.org\/{rel}","templated":true}]}}