{"id":62287,"date":"2023-06-03T10:16:36","date_gmt":"2023-06-03T09:16:36","guid":{"rendered":"http:\/\/www.freimarianne.ch\/?page_id=62287"},"modified":"2023-06-08T07:44:47","modified_gmt":"2023-06-08T06:44:47","slug":"gomera-wanderung-benchijigua-1-5-2023","status":"publish","type":"page","link":"http:\/\/www.freimarianne.ch\/?page_id=62287","title":{"rendered":"Gomera: Wanderung Benchijigua 1.5.2023"},"content":{"rendered":"\n<p>Vom ber\u00fchmten Roque de Agando wandern wir durch duftende Kiefernw\u00e4lder und Palmenhaine in das \u00e4lteste und bezauberndste Tal der Insel, Benchijigua, und \u00fcber einen Pass in das malerisch gelegene Bergdorf Imada.<br>Gehzeit ca. 4,5 h \/ Strecke 10 km \/ H\u00f6henmeter +400 m \/ -450 m mittelschwer<\/p>\n\n\n\n<!-- index.php -->\n<div\n\tclass=\"ngg-galleryoverview ngg-ajax-pagination-none\"\n\tid=\"ngg-gallery-8ea8982c42d7af8b5060f250616f952f-1\">\n\n    \t<div class=\"slideshowlink\">\n        <a href='http:\/\/www.freimarianne.ch\/index.php\/nggallery\/slideshow?page_id=62287'>[Show as slideshow]<\/a>\n\t\t\n\t<\/div>\n\t\t\t<!-- Thumbnails -->\n\t\t\t\t<div id=\"ngg-image-0\" class=\"ngg-gallery-thumbnail-box\" >\n\t\t\t\t        <div class=\"ngg-gallery-thumbnail\">\n            <a href=\"http:\/\/www.freimarianne.ch\/wp-content\/gallery\/benchijigna-1-5-23\/IMG_3620.jpeg\"\n               title=\"\"\n               data-src=\"http:\/\/www.freimarianne.ch\/wp-content\/gallery\/benchijigna-1-5-23\/IMG_3620.jpeg\"\n               data-thumbnail=\"http:\/\/www.freimarianne.ch\/wp-content\/gallery\/benchijigna-1-5-23\/thumbs\/thumbs_IMG_3620.jpeg\"\n               data-image-id=\"31109\"\n               data-title=\"IMG_3620\"\n               data-description=\"\"\n               data-image-slug=\"img_3620-5\"\n               class=\"shutterset_8ea8982c42d7af8b5060f250616f952f\">\n                <img\n                    title=\"IMG_3620\"\n                    alt=\"IMG_3620\"\n                    src=\"http:\/\/www.freimarianne.ch\/wp-content\/gallery\/benchijigna-1-5-23\/cache\/IMG_3620.jpeg-nggid0531109-ngg0dyn-100x75x100-00f0w010c010r110f110r010t010.jpeg\"\n                    width=\"100\"\n                    height=\"75\"\n                    style=\"max-width:100%;\"\n                \/>\n            <\/a>\n        <\/div>\n\t\t\t\t\t\t\t<\/div> \n\t\t\t\n                            \n\t\t\t\t<div id=\"ngg-image-1\" class=\"ngg-gallery-thumbnail-box\" >\n\t\t\t\t        <div class=\"ngg-gallery-thumbnail\">\n            <a href=\"http:\/\/www.freimarianne.ch\/wp-content\/gallery\/benchijigna-1-5-23\/IMG_3624.jpeg\"\n               title=\"\"\n               data-src=\"http:\/\/www.freimarianne.ch\/wp-content\/gallery\/benchijigna-1-5-23\/IMG_3624.jpeg\"\n               data-thumbnail=\"http:\/\/www.freimarianne.ch\/wp-content\/gallery\/benchijigna-1-5-23\/thumbs\/thumbs_IMG_3624.jpeg\"\n               data-image-id=\"31107\"\n               data-title=\"IMG_3624\"\n               data-description=\"\"\n               data-image-slug=\"img_3624\"\n               class=\"shutterset_8ea8982c42d7af8b5060f250616f952f\">\n                <img\n                    title=\"IMG_3624\"\n                    alt=\"IMG_3624\"\n                    src=\"http:\/\/www.freimarianne.ch\/wp-content\/gallery\/benchijigna-1-5-23\/cache\/IMG_3624.jpeg-nggid0531107-ngg0dyn-100x75x100-00f0w010c010r110f110r010t010.jpeg\"\n                    width=\"100\"\n                    height=\"75\"\n                    style=\"max-width:100%;\"\n                \/>\n            <\/a>\n        <\/div>\n\t\t\t\t\t\t\t<\/div> \n\t\t\t\n                            \n\t\t\t\t<div id=\"ngg-image-2\" class=\"ngg-gallery-thumbnail-box\" >\n\t\t\t\t        <div class=\"ngg-gallery-thumbnail\">\n            <a href=\"http:\/\/www.freimarianne.ch\/wp-content\/gallery\/benchijigna-1-5-23\/IMG_3625.jpeg\"\n               title=\"\"\n               data-src=\"http:\/\/www.freimarianne.ch\/wp-content\/gallery\/benchijigna-1-5-23\/IMG_3625.jpeg\"\n               data-thumbnail=\"http:\/\/www.freimarianne.ch\/wp-content\/gallery\/benchijigna-1-5-23\/thumbs\/thumbs_IMG_3625.jpeg\"\n               data-image-id=\"31108\"\n               data-title=\"IMG_3625\"\n               data-description=\"\"\n               data-image-slug=\"img_3625\"\n               class=\"shutterset_8ea8982c42d7af8b5060f250616f952f\">\n                <img\n                    title=\"IMG_3625\"\n                    alt=\"IMG_3625\"\n                    src=\"http:\/\/www.freimarianne.ch\/wp-content\/gallery\/benchijigna-1-5-23\/cache\/IMG_3625.jpeg-nggid0531108-ngg0dyn-100x75x100-00f0w010c010r110f110r010t010.jpeg\"\n                    width=\"100\"\n                    height=\"75\"\n                    style=\"max-width:100%;\"\n                \/>\n            <\/a>\n        <\/div>\n\t\t\t\t\t\t\t<\/div> \n\t\t\t\n                            \n\t\t\t\t<div id=\"ngg-image-3\" class=\"ngg-gallery-thumbnail-box\" >\n\t\t\t\t        <div class=\"ngg-gallery-thumbnail\">\n            <a href=\"http:\/\/www.freimarianne.ch\/wp-content\/gallery\/benchijigna-1-5-23\/IMG_3626.jpeg\"\n               title=\"\"\n               data-src=\"http:\/\/www.freimarianne.ch\/wp-content\/gallery\/benchijigna-1-5-23\/IMG_3626.jpeg\"\n               data-thumbnail=\"http:\/\/www.freimarianne.ch\/wp-content\/gallery\/benchijigna-1-5-23\/thumbs\/thumbs_IMG_3626.jpeg\"\n               data-image-id=\"31106\"\n               data-title=\"IMG_3626\"\n               data-description=\"\"\n               data-image-slug=\"img_3626-1\"\n               class=\"shutterset_8ea8982c42d7af8b5060f250616f952f\">\n                <img\n                    title=\"IMG_3626\"\n                    alt=\"IMG_3626\"\n                    src=\"http:\/\/www.freimarianne.ch\/wp-content\/gallery\/benchijigna-1-5-23\/cache\/IMG_3626.jpeg-nggid0531106-ngg0dyn-100x75x100-00f0w010c010r110f110r010t010.jpeg\"\n                    width=\"100\"\n                    height=\"75\"\n                    style=\"max-width:100%;\"\n                \/>\n            <\/a>\n        <\/div>\n\t\t\t\t\t\t\t<\/div> \n\t\t\t\n                                    <br style=\"clear: both\" \/>\n                    \n\t\t\t\t<div id=\"ngg-image-4\" class=\"ngg-gallery-thumbnail-box\" >\n\t\t\t\t        <div class=\"ngg-gallery-thumbnail\">\n            <a href=\"http:\/\/www.freimarianne.ch\/wp-content\/gallery\/benchijigna-1-5-23\/IMG_3628.jpeg\"\n               title=\"\"\n               data-src=\"http:\/\/www.freimarianne.ch\/wp-content\/gallery\/benchijigna-1-5-23\/IMG_3628.jpeg\"\n               data-thumbnail=\"http:\/\/www.freimarianne.ch\/wp-content\/gallery\/benchijigna-1-5-23\/thumbs\/thumbs_IMG_3628.jpeg\"\n               data-image-id=\"31104\"\n               data-title=\"IMG_3628\"\n               data-description=\"\"\n               data-image-slug=\"img_3628\"\n               class=\"shutterset_8ea8982c42d7af8b5060f250616f952f\">\n                <img\n                    title=\"IMG_3628\"\n                    alt=\"IMG_3628\"\n                    src=\"http:\/\/www.freimarianne.ch\/wp-content\/gallery\/benchijigna-1-5-23\/cache\/IMG_3628.jpeg-nggid0531104-ngg0dyn-100x75x100-00f0w010c010r110f110r010t010.jpeg\"\n                    width=\"100\"\n                    height=\"75\"\n                    style=\"max-width:100%;\"\n                \/>\n            <\/a>\n        <\/div>\n\t\t\t\t\t\t\t<\/div> \n\t\t\t\n                            \n\t\t\t\t<div id=\"ngg-image-5\" class=\"ngg-gallery-thumbnail-box\" >\n\t\t\t\t        <div class=\"ngg-gallery-thumbnail\">\n            <a href=\"http:\/\/www.freimarianne.ch\/wp-content\/gallery\/benchijigna-1-5-23\/IMG_3629.jpeg\"\n               title=\"Roque Agando\"\n               data-src=\"http:\/\/www.freimarianne.ch\/wp-content\/gallery\/benchijigna-1-5-23\/IMG_3629.jpeg\"\n               data-thumbnail=\"http:\/\/www.freimarianne.ch\/wp-content\/gallery\/benchijigna-1-5-23\/thumbs\/thumbs_IMG_3629.jpeg\"\n               data-image-id=\"31103\"\n               data-title=\"IMG_3629\"\n               data-description=\"Roque Agando\"\n               data-image-slug=\"img_3629-3\"\n               class=\"shutterset_8ea8982c42d7af8b5060f250616f952f\">\n                <img\n                    title=\"IMG_3629\"\n                    alt=\"IMG_3629\"\n                    src=\"http:\/\/www.freimarianne.ch\/wp-content\/gallery\/benchijigna-1-5-23\/cache\/IMG_3629.jpeg-nggid0531103-ngg0dyn-100x75x100-00f0w010c010r110f110r010t010.jpeg\"\n                    width=\"100\"\n                    height=\"75\"\n                    style=\"max-width:100%;\"\n                \/>\n            <\/a>\n        <\/div>\n\t\t\t\t\t\t\t<\/div> \n\t\t\t\n                            \n\t\t\t\t<div id=\"ngg-image-6\" class=\"ngg-gallery-thumbnail-box\" >\n\t\t\t\t        <div class=\"ngg-gallery-thumbnail\">\n            <a href=\"http:\/\/www.freimarianne.ch\/wp-content\/gallery\/benchijigna-1-5-23\/IMG_3631.jpeg\"\n               title=\"\"\n               data-src=\"http:\/\/www.freimarianne.ch\/wp-content\/gallery\/benchijigna-1-5-23\/IMG_3631.jpeg\"\n               data-thumbnail=\"http:\/\/www.freimarianne.ch\/wp-content\/gallery\/benchijigna-1-5-23\/thumbs\/thumbs_IMG_3631.jpeg\"\n               data-image-id=\"31102\"\n               data-title=\"IMG_3631\"\n               data-description=\"\"\n               data-image-slug=\"img_3631-1\"\n               class=\"shutterset_8ea8982c42d7af8b5060f250616f952f\">\n                <img\n                    title=\"IMG_3631\"\n                    alt=\"IMG_3631\"\n                    src=\"http:\/\/www.freimarianne.ch\/wp-content\/gallery\/benchijigna-1-5-23\/cache\/IMG_3631.jpeg-nggid0531102-ngg0dyn-100x75x100-00f0w010c010r110f110r010t010.jpeg\"\n                    width=\"100\"\n                    height=\"75\"\n                    style=\"max-width:100%;\"\n                \/>\n            <\/a>\n        <\/div>\n\t\t\t\t\t\t\t<\/div> \n\t\t\t\n                            \n\t\t\t\t<div id=\"ngg-image-7\" class=\"ngg-gallery-thumbnail-box\" >\n\t\t\t\t        <div class=\"ngg-gallery-thumbnail\">\n            <a href=\"http:\/\/www.freimarianne.ch\/wp-content\/gallery\/benchijigna-1-5-23\/IMG_3636.jpeg\"\n               title=\"Roque Agando\"\n               data-src=\"http:\/\/www.freimarianne.ch\/wp-content\/gallery\/benchijigna-1-5-23\/IMG_3636.jpeg\"\n               data-thumbnail=\"http:\/\/www.freimarianne.ch\/wp-content\/gallery\/benchijigna-1-5-23\/thumbs\/thumbs_IMG_3636.jpeg\"\n               data-image-id=\"31105\"\n               data-title=\"IMG_3636\"\n               data-description=\"Roque Agando\"\n               data-image-slug=\"img_3636-4\"\n               class=\"shutterset_8ea8982c42d7af8b5060f250616f952f\">\n                <img\n                    title=\"IMG_3636\"\n                    alt=\"IMG_3636\"\n                    src=\"http:\/\/www.freimarianne.ch\/wp-content\/gallery\/benchijigna-1-5-23\/cache\/IMG_3636.jpeg-nggid0531105-ngg0dyn-100x75x100-00f0w010c010r110f110r010t010.jpeg\"\n                    width=\"100\"\n                    height=\"75\"\n                    style=\"max-width:100%;\"\n                \/>\n            <\/a>\n        <\/div>\n\t\t\t\t\t\t\t<\/div> \n\t\t\t\n                                    <br style=\"clear: both\" \/>\n                    \n\t\t\t\t<div id=\"ngg-image-8\" class=\"ngg-gallery-thumbnail-box\" >\n\t\t\t\t        <div class=\"ngg-gallery-thumbnail\">\n            <a href=\"http:\/\/www.freimarianne.ch\/wp-content\/gallery\/benchijigna-1-5-23\/IMG_3637.jpeg\"\n               title=\"wilde Landschaft\"\n               data-src=\"http:\/\/www.freimarianne.ch\/wp-content\/gallery\/benchijigna-1-5-23\/IMG_3637.jpeg\"\n               data-thumbnail=\"http:\/\/www.freimarianne.ch\/wp-content\/gallery\/benchijigna-1-5-23\/thumbs\/thumbs_IMG_3637.jpeg\"\n               data-image-id=\"31101\"\n               data-title=\"IMG_3637\"\n               data-description=\"wilde Landschaft\"\n               data-image-slug=\"img_3637-3\"\n               class=\"shutterset_8ea8982c42d7af8b5060f250616f952f\">\n                <img\n                    title=\"IMG_3637\"\n                    alt=\"IMG_3637\"\n                    src=\"http:\/\/www.freimarianne.ch\/wp-content\/gallery\/benchijigna-1-5-23\/cache\/IMG_3637.jpeg-nggid0531101-ngg0dyn-100x75x100-00f0w010c010r110f110r010t010.jpeg\"\n                    width=\"100\"\n                    height=\"75\"\n                    style=\"max-width:100%;\"\n                \/>\n            <\/a>\n        <\/div>\n\t\t\t\t\t\t\t<\/div> \n\t\t\t\n                            \n\t\t\t\t<div id=\"ngg-image-9\" class=\"ngg-gallery-thumbnail-box\" >\n\t\t\t\t        <div class=\"ngg-gallery-thumbnail\">\n            <a href=\"http:\/\/www.freimarianne.ch\/wp-content\/gallery\/benchijigna-1-5-23\/IMG_3638.jpeg\"\n               title=\"Roque Agando\"\n               data-src=\"http:\/\/www.freimarianne.ch\/wp-content\/gallery\/benchijigna-1-5-23\/IMG_3638.jpeg\"\n               data-thumbnail=\"http:\/\/www.freimarianne.ch\/wp-content\/gallery\/benchijigna-1-5-23\/thumbs\/thumbs_IMG_3638.jpeg\"\n               data-image-id=\"31100\"\n               data-title=\"IMG_3638\"\n               data-description=\"Roque Agando\"\n               data-image-slug=\"img_3638-42\"\n               class=\"shutterset_8ea8982c42d7af8b5060f250616f952f\">\n                <img\n                    title=\"IMG_3638\"\n                    alt=\"IMG_3638\"\n                    src=\"http:\/\/www.freimarianne.ch\/wp-content\/gallery\/benchijigna-1-5-23\/cache\/IMG_3638.jpeg-nggid0531100-ngg0dyn-100x75x100-00f0w010c010r110f110r010t010.jpeg\"\n                    width=\"100\"\n                    height=\"75\"\n                    style=\"max-width:100%;\"\n                \/>\n            <\/a>\n        <\/div>\n\t\t\t\t\t\t\t<\/div> \n\t\t\t\n                            \n\t\t\t\t<div id=\"ngg-image-10\" class=\"ngg-gallery-thumbnail-box\" >\n\t\t\t\t        <div class=\"ngg-gallery-thumbnail\">\n            <a href=\"http:\/\/www.freimarianne.ch\/wp-content\/gallery\/benchijigna-1-5-23\/IMG_3640.jpeg\"\n               title=\"Marianne vor  dem Roque Agando\"\n               data-src=\"http:\/\/www.freimarianne.ch\/wp-content\/gallery\/benchijigna-1-5-23\/IMG_3640.jpeg\"\n               data-thumbnail=\"http:\/\/www.freimarianne.ch\/wp-content\/gallery\/benchijigna-1-5-23\/thumbs\/thumbs_IMG_3640.jpeg\"\n               data-image-id=\"31099\"\n               data-title=\"IMG_3640\"\n               data-description=\"Marianne vor  dem Roque Agando\"\n               data-image-slug=\"img_3640-2\"\n               class=\"shutterset_8ea8982c42d7af8b5060f250616f952f\">\n                <img\n                    title=\"IMG_3640\"\n                    alt=\"IMG_3640\"\n                    src=\"http:\/\/www.freimarianne.ch\/wp-content\/gallery\/benchijigna-1-5-23\/cache\/IMG_3640.jpeg-nggid0531099-ngg0dyn-100x75x100-00f0w010c010r110f110r010t010.jpeg\"\n                    width=\"74\"\n                    height=\"75\"\n                    style=\"max-width:100%;\"\n                \/>\n            <\/a>\n        <\/div>\n\t\t\t\t\t\t\t<\/div> \n\t\t\t\n                            \n\t\t\t\t<div id=\"ngg-image-11\" class=\"ngg-gallery-thumbnail-box\" >\n\t\t\t\t        <div class=\"ngg-gallery-thumbnail\">\n            <a href=\"http:\/\/www.freimarianne.ch\/wp-content\/gallery\/benchijigna-1-5-23\/IMG_3642.jpeg\"\n               title=\"\"\n               data-src=\"http:\/\/www.freimarianne.ch\/wp-content\/gallery\/benchijigna-1-5-23\/IMG_3642.jpeg\"\n               data-thumbnail=\"http:\/\/www.freimarianne.ch\/wp-content\/gallery\/benchijigna-1-5-23\/thumbs\/thumbs_IMG_3642.jpeg\"\n               data-image-id=\"31098\"\n               data-title=\"IMG_3642\"\n               data-description=\"\"\n               data-image-slug=\"img_3642-3\"\n               class=\"shutterset_8ea8982c42d7af8b5060f250616f952f\">\n                <img\n                    title=\"IMG_3642\"\n                    alt=\"IMG_3642\"\n                    src=\"http:\/\/www.freimarianne.ch\/wp-content\/gallery\/benchijigna-1-5-23\/cache\/IMG_3642.jpeg-nggid0531098-ngg0dyn-100x75x100-00f0w010c010r110f110r010t010.jpeg\"\n                    width=\"100\"\n                    height=\"75\"\n                    style=\"max-width:100%;\"\n                \/>\n            <\/a>\n        <\/div>\n\t\t\t\t\t\t\t<\/div> \n\t\t\t\n                                    <br style=\"clear: both\" \/>\n                    \n\t\t\t\t<div id=\"ngg-image-12\" class=\"ngg-gallery-thumbnail-box\" >\n\t\t\t\t        <div class=\"ngg-gallery-thumbnail\">\n            <a href=\"http:\/\/www.freimarianne.ch\/wp-content\/gallery\/benchijigna-1-5-23\/IMG_3651.jpeg\"\n               title=\"\"\n               data-src=\"http:\/\/www.freimarianne.ch\/wp-content\/gallery\/benchijigna-1-5-23\/IMG_3651.jpeg\"\n               data-thumbnail=\"http:\/\/www.freimarianne.ch\/wp-content\/gallery\/benchijigna-1-5-23\/thumbs\/thumbs_IMG_3651.jpeg\"\n               data-image-id=\"31092\"\n               data-title=\"IMG_3651\"\n               data-description=\"\"\n               data-image-slug=\"img_3651-1\"\n               class=\"shutterset_8ea8982c42d7af8b5060f250616f952f\">\n                <img\n                    title=\"IMG_3651\"\n                    alt=\"IMG_3651\"\n                    src=\"http:\/\/www.freimarianne.ch\/wp-content\/gallery\/benchijigna-1-5-23\/cache\/IMG_3651.jpeg-nggid0531092-ngg0dyn-100x75x100-00f0w010c010r110f110r010t010.jpeg\"\n                    width=\"100\"\n                    height=\"75\"\n                    style=\"max-width:100%;\"\n                \/>\n            <\/a>\n        <\/div>\n\t\t\t\t\t\t\t<\/div> \n\t\t\t\n                            \n\t\t\t\t<div id=\"ngg-image-13\" class=\"ngg-gallery-thumbnail-box\" >\n\t\t\t\t        <div class=\"ngg-gallery-thumbnail\">\n            <a href=\"http:\/\/www.freimarianne.ch\/wp-content\/gallery\/benchijigna-1-5-23\/IMG_3660.jpeg\"\n               title=\"nochmals einen Aufstieg\"\n               data-src=\"http:\/\/www.freimarianne.ch\/wp-content\/gallery\/benchijigna-1-5-23\/IMG_3660.jpeg\"\n               data-thumbnail=\"http:\/\/www.freimarianne.ch\/wp-content\/gallery\/benchijigna-1-5-23\/thumbs\/thumbs_IMG_3660.jpeg\"\n               data-image-id=\"31094\"\n               data-title=\"IMG_3660\"\n               data-description=\"nochmals einen Aufstieg\"\n               data-image-slug=\"img_3660-2\"\n               class=\"shutterset_8ea8982c42d7af8b5060f250616f952f\">\n                <img\n                    title=\"IMG_3660\"\n                    alt=\"IMG_3660\"\n                    src=\"http:\/\/www.freimarianne.ch\/wp-content\/gallery\/benchijigna-1-5-23\/cache\/IMG_3660.jpeg-nggid0531094-ngg0dyn-100x75x100-00f0w010c010r110f110r010t010.jpeg\"\n                    width=\"100\"\n                    height=\"75\"\n                    style=\"max-width:100%;\"\n                \/>\n            <\/a>\n        <\/div>\n\t\t\t\t\t\t\t<\/div> \n\t\t\t\n                            \n\t\t\t\t<div id=\"ngg-image-14\" class=\"ngg-gallery-thumbnail-box\" >\n\t\t\t\t        <div class=\"ngg-gallery-thumbnail\">\n            <a href=\"http:\/\/www.freimarianne.ch\/wp-content\/gallery\/benchijigna-1-5-23\/IMG_3661.jpeg\"\n               title=\"bald sind wir dort\"\n               data-src=\"http:\/\/www.freimarianne.ch\/wp-content\/gallery\/benchijigna-1-5-23\/IMG_3661.jpeg\"\n               data-thumbnail=\"http:\/\/www.freimarianne.ch\/wp-content\/gallery\/benchijigna-1-5-23\/thumbs\/thumbs_IMG_3661.jpeg\"\n               data-image-id=\"31095\"\n               data-title=\"IMG_3661\"\n               data-description=\"bald sind wir dort\"\n               data-image-slug=\"img_3661-7\"\n               class=\"shutterset_8ea8982c42d7af8b5060f250616f952f\">\n                <img\n                    title=\"IMG_3661\"\n                    alt=\"IMG_3661\"\n                    src=\"http:\/\/www.freimarianne.ch\/wp-content\/gallery\/benchijigna-1-5-23\/cache\/IMG_3661.jpeg-nggid0531095-ngg0dyn-100x75x100-00f0w010c010r110f110r010t010.jpeg\"\n                    width=\"100\"\n                    height=\"75\"\n                    style=\"max-width:100%;\"\n                \/>\n            <\/a>\n        <\/div>\n\t\t\t\t\t\t\t<\/div> \n\t\t\t\n                            \n\t\t\t\t<div id=\"ngg-image-15\" class=\"ngg-gallery-thumbnail-box\" >\n\t\t\t\t        <div class=\"ngg-gallery-thumbnail\">\n            <a href=\"http:\/\/www.freimarianne.ch\/wp-content\/gallery\/benchijigna-1-5-23\/IMG_3662.jpeg\"\n               title=\"malerische Landschaft\"\n               data-src=\"http:\/\/www.freimarianne.ch\/wp-content\/gallery\/benchijigna-1-5-23\/IMG_3662.jpeg\"\n               data-thumbnail=\"http:\/\/www.freimarianne.ch\/wp-content\/gallery\/benchijigna-1-5-23\/thumbs\/thumbs_IMG_3662.jpeg\"\n               data-image-id=\"31096\"\n               data-title=\"IMG_3662\"\n               data-description=\"malerische Landschaft\"\n               data-image-slug=\"img_3662-3\"\n               class=\"shutterset_8ea8982c42d7af8b5060f250616f952f\">\n                <img\n                    title=\"IMG_3662\"\n                    alt=\"IMG_3662\"\n                    src=\"http:\/\/www.freimarianne.ch\/wp-content\/gallery\/benchijigna-1-5-23\/cache\/IMG_3662.jpeg-nggid0531096-ngg0dyn-100x75x100-00f0w010c010r110f110r010t010.jpeg\"\n                    width=\"100\"\n                    height=\"75\"\n                    style=\"max-width:100%;\"\n                \/>\n            <\/a>\n        <\/div>\n\t\t\t\t\t\t\t<\/div> \n\t\t\t\n                                    <br style=\"clear: both\" \/>\n                    \n\t\t\t\t<div id=\"ngg-image-16\" class=\"ngg-gallery-thumbnail-box\" >\n\t\t\t\t        <div class=\"ngg-gallery-thumbnail\">\n            <a href=\"http:\/\/www.freimarianne.ch\/wp-content\/gallery\/benchijigna-1-5-23\/IMG_3666.jpeg\"\n               title=\"das Dorf Imada\"\n               data-src=\"http:\/\/www.freimarianne.ch\/wp-content\/gallery\/benchijigna-1-5-23\/IMG_3666.jpeg\"\n               data-thumbnail=\"http:\/\/www.freimarianne.ch\/wp-content\/gallery\/benchijigna-1-5-23\/thumbs\/thumbs_IMG_3666.jpeg\"\n               data-image-id=\"31093\"\n               data-title=\"IMG_3666\"\n               data-description=\"das Dorf Imada\"\n               data-image-slug=\"img_3666-4\"\n               class=\"shutterset_8ea8982c42d7af8b5060f250616f952f\">\n                <img\n                    title=\"IMG_3666\"\n                    alt=\"IMG_3666\"\n                    src=\"http:\/\/www.freimarianne.ch\/wp-content\/gallery\/benchijigna-1-5-23\/cache\/IMG_3666.jpeg-nggid0531093-ngg0dyn-100x75x100-00f0w010c010r110f110r010t010.jpeg\"\n                    width=\"100\"\n                    height=\"75\"\n                    style=\"max-width:100%;\"\n                \/>\n            <\/a>\n        <\/div>\n\t\t\t\t\t\t\t<\/div> \n\t\t\t\n                            \n\t\t\t\t<div id=\"ngg-image-17\" class=\"ngg-gallery-thumbnail-box\" >\n\t\t\t\t        <div class=\"ngg-gallery-thumbnail\">\n            <a href=\"http:\/\/www.freimarianne.ch\/wp-content\/gallery\/benchijigna-1-5-23\/IMG_3668.jpeg\"\n               title=\"hinunter nach Imada\"\n               data-src=\"http:\/\/www.freimarianne.ch\/wp-content\/gallery\/benchijigna-1-5-23\/IMG_3668.jpeg\"\n               data-thumbnail=\"http:\/\/www.freimarianne.ch\/wp-content\/gallery\/benchijigna-1-5-23\/thumbs\/thumbs_IMG_3668.jpeg\"\n               data-image-id=\"31097\"\n               data-title=\"IMG_3668\"\n               data-description=\"hinunter nach Imada\"\n               data-image-slug=\"img_3668-3\"\n               class=\"shutterset_8ea8982c42d7af8b5060f250616f952f\">\n                <img\n                    title=\"IMG_3668\"\n                    alt=\"IMG_3668\"\n                    src=\"http:\/\/www.freimarianne.ch\/wp-content\/gallery\/benchijigna-1-5-23\/cache\/IMG_3668.jpeg-nggid0531097-ngg0dyn-100x75x100-00f0w010c010r110f110r010t010.jpeg\"\n                    width=\"100\"\n                    height=\"75\"\n                    style=\"max-width:100%;\"\n                \/>\n            <\/a>\n        <\/div>\n\t\t\t\t\t\t\t<\/div> \n\t\t\t\n                            \n\t\t\n\t\t<!-- Pagination -->\n\t<div class='ngg-clear'><\/div>\t<\/div>\n\n","protected":false},"excerpt":{"rendered":"<p>Vom ber\u00fchmten Roque de Agando wandern wir durch duftende Kiefernw\u00e4lder und Palmenhaine in das \u00e4lteste und bezauberndste Tal der Insel, Benchijigua, und \u00fcber einen Pass in das malerisch gelegene Bergdorf Imada.Gehzeit ca. 4,5 h \/ Strecke 10 km \/ H\u00f6henmeter +400 m \/ -450 m mittelschwer<\/p>\n","protected":false},"author":1,"featured_media":0,"parent":62265,"menu_order":5,"comment_status":"closed","ping_status":"closed","template":"","meta":{"ngg_post_thumbnail":0},"_links":{"self":[{"href":"http:\/\/www.freimarianne.ch\/index.php?rest_route=\/wp\/v2\/pages\/62287"}],"collection":[{"href":"http:\/\/www.freimarianne.ch\/index.php?rest_route=\/wp\/v2\/pages"}],"about":[{"href":"http:\/\/www.freimarianne.ch\/index.php?rest_route=\/wp\/v2\/types\/page"}],"author":[{"embeddable":true,"href":"http:\/\/www.freimarianne.ch\/index.php?rest_route=\/wp\/v2\/users\/1"}],"replies":[{"embeddable":true,"href":"http:\/\/www.freimarianne.ch\/index.php?rest_route=%2Fwp%2Fv2%2Fcomments&post=62287"}],"version-history":[{"count":4,"href":"http:\/\/www.freimarianne.ch\/index.php?rest_route=\/wp\/v2\/pages\/62287\/revisions"}],"predecessor-version":[{"id":62526,"href":"http:\/\/www.freimarianne.ch\/index.php?rest_route=\/wp\/v2\/pages\/62287\/revisions\/62526"}],"up":[{"embeddable":true,"href":"http:\/\/www.freimarianne.ch\/index.php?rest_route=\/wp\/v2\/pages\/62265"}],"wp:attachment":[{"href":"http:\/\/www.freimarianne.ch\/index.php?rest_route=%2Fwp%2Fv2%2Fmedia&parent=62287"}],"curies":[{"name":"wp","href":"https:\/\/api.w.org\/{rel}","templated":true}]}}