{"id":62567,"date":"2023-07-02T15:32:30","date_gmt":"2023-07-02T14:32:30","guid":{"rendered":"http:\/\/www.freimarianne.ch\/?page_id=62567"},"modified":"2023-07-02T16:07:34","modified_gmt":"2023-07-02T15:07:34","slug":"langis-janzi-ow-24-6-2023","status":"publish","type":"page","link":"http:\/\/www.freimarianne.ch\/?page_id=62567","title":{"rendered":"Langis &#8211; J\u00e4nzi   OW  24.6.2023"},"content":{"rendered":"\n<p><strong>Wanderung auf den J\u00e4nzi<\/strong><\/p>\n\n\n<div id=\"attachment_62564\" style=\"width: 510px\" class=\"wp-caption alignleft\"><img aria-describedby=\"caption-attachment-62564\" loading=\"lazy\" class=\"size-full wp-image-62564\" src=\"http:\/\/www.freimarianne.ch\/wp-content\/uploads\/2023\/07\/IMG_4003_Ja\u0308nzi6.23_500.jpeg\" alt=\"\" width=\"500\" height=\"375\" srcset=\"http:\/\/www.freimarianne.ch\/wp-content\/uploads\/2023\/07\/IMG_4003_Ja\u0308nzi6.23_500.jpeg 500w, http:\/\/www.freimarianne.ch\/wp-content\/uploads\/2023\/07\/IMG_4003_Ja\u0308nzi6.23_500-300x225.jpeg 300w, http:\/\/www.freimarianne.ch\/wp-content\/uploads\/2023\/07\/IMG_4003_Ja\u0308nzi6.23_500-400x300.jpeg 400w\" sizes=\"(max-width: 500px) 100vw, 500px\" \/><p id=\"caption-attachment-62564\" class=\"wp-caption-text\">Gipfelkreuz 1723m<\/p><\/div>\n\n\n<p>Um 10.43h sind wir in Langis 1438m.Von hier aus sollen es 2h auf den J\u00e4nzi sein.<br>Nach dem Restaurant befinden wir und gleich im Naturschutzgebiet. Die Wiesen sind voller Orchideen und Wollgr\u00e4sern. Wir erreichen bald Schwendi Kaltbad mit seiner Kapelle. Nun wandern wir den weiten Schlaufen des Baches Grosse Schliere entlang bis zur Abzweigung rechts, wo es hinauf nach Egg 1611m geht. Die Wiesen sind weiss voller Wollgr\u00e4ser. Der Weg ist teils nass und grob steinig und f\u00fchrt zuerst dem Waldrand entlang, um dann im Wald bergauf. Nach 12h erreichen wir die Egg , wo wir vor der H\u00fctte unsere Mittagsrast halten k\u00f6nnen. Dann geht es es weiter hinauf durch den einsamen Bergwald durch eine wundersch\u00f6ne gr\u00fcne Landschaft. Nach 13h erreichen wir den Grat des J\u00e4nzi. Das Panorama ist wegen der Wolken nicht sehr gut. Um 13.30h sind wir beim Gipfelkreuz 1737m und sehen hinunter zum Sarnersee und hin\u00fcber zum Pilatus Massiv.<\/p>\n\n\n\n<p>Wir m\u00fcssen uns auf den R\u00fcckweg machen, wobei wir gut vorw\u00e4rts kommen, sodass es noch zu einem Kaffee reicht, bevor wir den Bus um 15.10h nach Langis besteigen.<\/p>\n\n\n\n<p>Diese Wanderung hat sich gelohnt. Ich kann bis jetzt diese Gegend nur vom Winter von den Schneeschuhtouren auf den J\u00e4nzi.<\/p>\n\n\n\n<p>Laut Schweizmobil:<\/p>\n\n\n\n<p>Distanz: 11.76km; Aufstieg =Abstieg: 483m; Wanderzeit: 3h 24min<\/p>\n\n\n\n<p><a href=\"https:\/\/map.schweizmobil.ch\/?lang=de&amp;bgLayer=pk&amp;logo=yes&amp;season=summer&amp;resolution=5&amp;E=2652490&amp;N=1194325&amp;photos=yes&amp;detours=yes&amp;layers=Wanderland%2CStation&amp;trackId=1460713886\">Karte Schweizmobil:<\/a><\/p>\n\n\n\n<p><\/p>\n\n\n\n<!-- index.php -->\n<div\n\tclass=\"ngg-galleryoverview ngg-ajax-pagination-none\"\n\tid=\"ngg-gallery-73d0c29a00fc1f0c2996188b12fd7b6d-1\">\n\n    \t<div class=\"slideshowlink\">\n        <a href='http:\/\/www.freimarianne.ch\/index.php\/nggallery\/slideshow?page_id=62567'>[Show as slideshow]<\/a>\n\t\t\n\t<\/div>\n\t\t\t<!-- Thumbnails -->\n\t\t\t\t<div id=\"ngg-image-0\" class=\"ngg-gallery-thumbnail-box\" >\n\t\t\t\t        <div class=\"ngg-gallery-thumbnail\">\n            <a href=\"http:\/\/www.freimarianne.ch\/wp-content\/gallery\/langis-janzi-24-6-234\/IMG_3992.jpeg\"\n               title=\"Wandern an der Schliere\"\n               data-src=\"http:\/\/www.freimarianne.ch\/wp-content\/gallery\/langis-janzi-24-6-234\/IMG_3992.jpeg\"\n               data-thumbnail=\"http:\/\/www.freimarianne.ch\/wp-content\/gallery\/langis-janzi-24-6-234\/thumbs\/thumbs_IMG_3992.jpeg\"\n               data-image-id=\"31230\"\n               data-title=\"IMG_3992\"\n               data-description=\"Wandern an der Schliere\"\n               data-image-slug=\"img_3992-5\"\n               class=\"shutterset_73d0c29a00fc1f0c2996188b12fd7b6d\">\n                <img\n                    title=\"IMG_3992\"\n                    alt=\"IMG_3992\"\n                    src=\"http:\/\/www.freimarianne.ch\/wp-content\/gallery\/langis-janzi-24-6-234\/cache\/IMG_3992.jpeg-nggid0531230-ngg0dyn-100x75x100-00f0w010c010r110f110r010t010.jpeg\"\n                    width=\"100\"\n                    height=\"75\"\n                    style=\"max-width:100%;\"\n                \/>\n            <\/a>\n        <\/div>\n\t\t\t\t\t\t\t<\/div> \n\t\t\t\n                            \n\t\t\t\t<div id=\"ngg-image-1\" class=\"ngg-gallery-thumbnail-box\" >\n\t\t\t\t        <div class=\"ngg-gallery-thumbnail\">\n            <a href=\"http:\/\/www.freimarianne.ch\/wp-content\/gallery\/langis-janzi-24-6-234\/IMG_3995.jpeg\"\n               title=\"aufsteig zur Egg\"\n               data-src=\"http:\/\/www.freimarianne.ch\/wp-content\/gallery\/langis-janzi-24-6-234\/IMG_3995.jpeg\"\n               data-thumbnail=\"http:\/\/www.freimarianne.ch\/wp-content\/gallery\/langis-janzi-24-6-234\/thumbs\/thumbs_IMG_3995.jpeg\"\n               data-image-id=\"31228\"\n               data-title=\"IMG_3995\"\n               data-description=\"aufsteig zur Egg\"\n               data-image-slug=\"img_3995-6\"\n               class=\"shutterset_73d0c29a00fc1f0c2996188b12fd7b6d\">\n                <img\n                    title=\"IMG_3995\"\n                    alt=\"IMG_3995\"\n                    src=\"http:\/\/www.freimarianne.ch\/wp-content\/gallery\/langis-janzi-24-6-234\/cache\/IMG_3995.jpeg-nggid0531228-ngg0dyn-100x75x100-00f0w010c010r110f110r010t010.jpeg\"\n                    width=\"100\"\n                    height=\"75\"\n                    style=\"max-width:100%;\"\n                \/>\n            <\/a>\n        <\/div>\n\t\t\t\t\t\t\t<\/div> \n\t\t\t\n                            \n\t\t\t\t<div id=\"ngg-image-2\" class=\"ngg-gallery-thumbnail-box\" >\n\t\t\t\t        <div class=\"ngg-gallery-thumbnail\">\n            <a href=\"http:\/\/www.freimarianne.ch\/wp-content\/gallery\/langis-janzi-24-6-234\/IMG_3996.jpeg\"\n               title=\"die ersten Alpenrosen\"\n               data-src=\"http:\/\/www.freimarianne.ch\/wp-content\/gallery\/langis-janzi-24-6-234\/IMG_3996.jpeg\"\n               data-thumbnail=\"http:\/\/www.freimarianne.ch\/wp-content\/gallery\/langis-janzi-24-6-234\/thumbs\/thumbs_IMG_3996.jpeg\"\n               data-image-id=\"31229\"\n               data-title=\"IMG_3996\"\n               data-description=\"die ersten Alpenrosen\"\n               data-image-slug=\"img_3996-2\"\n               class=\"shutterset_73d0c29a00fc1f0c2996188b12fd7b6d\">\n                <img\n                    title=\"IMG_3996\"\n                    alt=\"IMG_3996\"\n                    src=\"http:\/\/www.freimarianne.ch\/wp-content\/gallery\/langis-janzi-24-6-234\/cache\/IMG_3996.jpeg-nggid0531229-ngg0dyn-100x75x100-00f0w010c010r110f110r010t010.jpeg\"\n                    width=\"100\"\n                    height=\"75\"\n                    style=\"max-width:100%;\"\n                \/>\n            <\/a>\n        <\/div>\n\t\t\t\t\t\t\t<\/div> \n\t\t\t\n                            \n\t\t\t\t<div id=\"ngg-image-3\" class=\"ngg-gallery-thumbnail-box\" >\n\t\t\t\t        <div class=\"ngg-gallery-thumbnail\">\n            <a href=\"http:\/\/www.freimarianne.ch\/wp-content\/gallery\/langis-janzi-24-6-234\/IMG_3997.jpeg\"\n               title=\"wundersch\u00f6ne Landschaft\"\n               data-src=\"http:\/\/www.freimarianne.ch\/wp-content\/gallery\/langis-janzi-24-6-234\/IMG_3997.jpeg\"\n               data-thumbnail=\"http:\/\/www.freimarianne.ch\/wp-content\/gallery\/langis-janzi-24-6-234\/thumbs\/thumbs_IMG_3997.jpeg\"\n               data-image-id=\"31224\"\n               data-title=\"IMG_3997\"\n               data-description=\"wundersch\u00f6ne Landschaft\"\n               data-image-slug=\"img_3997-5\"\n               class=\"shutterset_73d0c29a00fc1f0c2996188b12fd7b6d\">\n                <img\n                    title=\"IMG_3997\"\n                    alt=\"IMG_3997\"\n                    src=\"http:\/\/www.freimarianne.ch\/wp-content\/gallery\/langis-janzi-24-6-234\/cache\/IMG_3997.jpeg-nggid0531224-ngg0dyn-100x75x100-00f0w010c010r110f110r010t010.jpeg\"\n                    width=\"100\"\n                    height=\"75\"\n                    style=\"max-width:100%;\"\n                \/>\n            <\/a>\n        <\/div>\n\t\t\t\t\t\t\t<\/div> \n\t\t\t\n                                    <br style=\"clear: both\" \/>\n                    \n\t\t\t\t<div id=\"ngg-image-4\" class=\"ngg-gallery-thumbnail-box\" >\n\t\t\t\t        <div class=\"ngg-gallery-thumbnail\">\n            <a href=\"http:\/\/www.freimarianne.ch\/wp-content\/gallery\/langis-janzi-24-6-234\/IMG_3999.jpeg\"\n               title=\"bsld sind wir auf dem J\u00e4nzi\"\n               data-src=\"http:\/\/www.freimarianne.ch\/wp-content\/gallery\/langis-janzi-24-6-234\/IMG_3999.jpeg\"\n               data-thumbnail=\"http:\/\/www.freimarianne.ch\/wp-content\/gallery\/langis-janzi-24-6-234\/thumbs\/thumbs_IMG_3999.jpeg\"\n               data-image-id=\"31225\"\n               data-title=\"IMG_3999\"\n               data-description=\"bsld sind wir auf dem J\u00e4nzi\"\n               data-image-slug=\"img_3999-1\"\n               class=\"shutterset_73d0c29a00fc1f0c2996188b12fd7b6d\">\n                <img\n                    title=\"IMG_3999\"\n                    alt=\"IMG_3999\"\n                    src=\"http:\/\/www.freimarianne.ch\/wp-content\/gallery\/langis-janzi-24-6-234\/cache\/IMG_3999.jpeg-nggid0531225-ngg0dyn-100x75x100-00f0w010c010r110f110r010t010.jpeg\"\n                    width=\"96\"\n                    height=\"75\"\n                    style=\"max-width:100%;\"\n                \/>\n            <\/a>\n        <\/div>\n\t\t\t\t\t\t\t<\/div> \n\t\t\t\n                            \n\t\t\t\t<div id=\"ngg-image-5\" class=\"ngg-gallery-thumbnail-box\" >\n\t\t\t\t        <div class=\"ngg-gallery-thumbnail\">\n            <a href=\"http:\/\/www.freimarianne.ch\/wp-content\/gallery\/langis-janzi-24-6-234\/IMG_4002.jpeg\"\n               title=\"auf dem J\u00e4nzi\"\n               data-src=\"http:\/\/www.freimarianne.ch\/wp-content\/gallery\/langis-janzi-24-6-234\/IMG_4002.jpeg\"\n               data-thumbnail=\"http:\/\/www.freimarianne.ch\/wp-content\/gallery\/langis-janzi-24-6-234\/thumbs\/thumbs_IMG_4002.jpeg\"\n               data-image-id=\"31226\"\n               data-title=\"IMG_4002\"\n               data-description=\"auf dem J\u00e4nzi\"\n               data-image-slug=\"img_4002-6\"\n               class=\"shutterset_73d0c29a00fc1f0c2996188b12fd7b6d\">\n                <img\n                    title=\"IMG_4002\"\n                    alt=\"IMG_4002\"\n                    src=\"http:\/\/www.freimarianne.ch\/wp-content\/gallery\/langis-janzi-24-6-234\/cache\/IMG_4002.jpeg-nggid0531226-ngg0dyn-100x75x100-00f0w010c010r110f110r010t010.jpeg\"\n                    width=\"100\"\n                    height=\"75\"\n                    style=\"max-width:100%;\"\n                \/>\n            <\/a>\n        <\/div>\n\t\t\t\t\t\t\t<\/div> \n\t\t\t\n                            \n\t\t\t\t<div id=\"ngg-image-6\" class=\"ngg-gallery-thumbnail-box\" >\n\t\t\t\t        <div class=\"ngg-gallery-thumbnail\">\n            <a href=\"http:\/\/www.freimarianne.ch\/wp-content\/gallery\/langis-janzi-24-6-234\/IMG_4005.jpeg\"\n               title=\"Marianne auf dem J\u00e4nzi 1737m\"\n               data-src=\"http:\/\/www.freimarianne.ch\/wp-content\/gallery\/langis-janzi-24-6-234\/IMG_4005.jpeg\"\n               data-thumbnail=\"http:\/\/www.freimarianne.ch\/wp-content\/gallery\/langis-janzi-24-6-234\/thumbs\/thumbs_IMG_4005.jpeg\"\n               data-image-id=\"31227\"\n               data-title=\"IMG_4005\"\n               data-description=\"Marianne auf dem J\u00e4nzi 1737m\"\n               data-image-slug=\"img_4005-3\"\n               class=\"shutterset_73d0c29a00fc1f0c2996188b12fd7b6d\">\n                <img\n                    title=\"IMG_4005\"\n                    alt=\"IMG_4005\"\n                    src=\"http:\/\/www.freimarianne.ch\/wp-content\/gallery\/langis-janzi-24-6-234\/cache\/IMG_4005.jpeg-nggid0531227-ngg0dyn-100x75x100-00f0w010c010r110f110r010t010.jpeg\"\n                    width=\"100\"\n                    height=\"75\"\n                    style=\"max-width:100%;\"\n                \/>\n            <\/a>\n        <\/div>\n\t\t\t\t\t\t\t<\/div> \n\t\t\t\n                            \n\t\t\t\t<div id=\"ngg-image-7\" class=\"ngg-gallery-thumbnail-box\" >\n\t\t\t\t        <div class=\"ngg-gallery-thumbnail\">\n            <a href=\"http:\/\/www.freimarianne.ch\/wp-content\/gallery\/langis-janzi-24-6-234\/IMG_4007.jpeg\"\n               title=\"J\u00e4nzi Gipfelkreuz  1737m\"\n               data-src=\"http:\/\/www.freimarianne.ch\/wp-content\/gallery\/langis-janzi-24-6-234\/IMG_4007.jpeg\"\n               data-thumbnail=\"http:\/\/www.freimarianne.ch\/wp-content\/gallery\/langis-janzi-24-6-234\/thumbs\/thumbs_IMG_4007.jpeg\"\n               data-image-id=\"31222\"\n               data-title=\"IMG_4007\"\n               data-description=\"J\u00e4nzi Gipfelkreuz  1737m\"\n               data-image-slug=\"img_4007-3\"\n               class=\"shutterset_73d0c29a00fc1f0c2996188b12fd7b6d\">\n                <img\n                    title=\"IMG_4007\"\n                    alt=\"IMG_4007\"\n                    src=\"http:\/\/www.freimarianne.ch\/wp-content\/gallery\/langis-janzi-24-6-234\/cache\/IMG_4007.jpeg-nggid0531222-ngg0dyn-100x75x100-00f0w010c010r110f110r010t010.jpeg\"\n                    width=\"100\"\n                    height=\"70\"\n                    style=\"max-width:100%;\"\n                \/>\n            <\/a>\n        <\/div>\n\t\t\t\t\t\t\t<\/div> \n\t\t\t\n                                    <br style=\"clear: both\" \/>\n                    \n\t\t\t\t<div id=\"ngg-image-8\" class=\"ngg-gallery-thumbnail-box\" >\n\t\t\t\t        <div class=\"ngg-gallery-thumbnail\">\n            <a href=\"http:\/\/www.freimarianne.ch\/wp-content\/gallery\/langis-janzi-24-6-234\/IMG_4009.jpeg\"\n               title=\"Breitbl\u00e4ttiges Knabenkrautz\"\n               data-src=\"http:\/\/www.freimarianne.ch\/wp-content\/gallery\/langis-janzi-24-6-234\/IMG_4009.jpeg\"\n               data-thumbnail=\"http:\/\/www.freimarianne.ch\/wp-content\/gallery\/langis-janzi-24-6-234\/thumbs\/thumbs_IMG_4009.jpeg\"\n               data-image-id=\"31223\"\n               data-title=\"IMG_4009\"\n               data-description=\"Breitbl\u00e4ttiges Knabenkrautz\"\n               data-image-slug=\"img_4009-3\"\n               class=\"shutterset_73d0c29a00fc1f0c2996188b12fd7b6d\">\n                <img\n                    title=\"IMG_4009\"\n                    alt=\"IMG_4009\"\n                    src=\"http:\/\/www.freimarianne.ch\/wp-content\/gallery\/langis-janzi-24-6-234\/cache\/IMG_4009.jpeg-nggid0531223-ngg0dyn-100x75x100-00f0w010c010r110f110r010t010.jpeg\"\n                    width=\"100\"\n                    height=\"75\"\n                    style=\"max-width:100%;\"\n                \/>\n            <\/a>\n        <\/div>\n\t\t\t\t\t\t\t<\/div> \n\t\t\t\n                            \n\t\t\n\t\t<!-- Pagination -->\n\t<div class='ngg-clear'><\/div>\t<\/div>\n\n","protected":false},"excerpt":{"rendered":"<p>Wanderung auf den J\u00e4nzi Um 10.43h sind wir in Langis 1438m.Von hier aus sollen es 2h auf den J\u00e4nzi sein.Nach dem Restaurant befinden wir und gleich im Naturschutzgebiet. Die Wiesen sind voller Orchideen und Wollgr\u00e4sern. Wir erreichen bald Schwendi Kaltbad mit seiner Kapelle. Nun wandern wir den weiten Schlaufen des Baches Grosse Schliere entlang bis [&hellip;]<\/p>\n","protected":false},"author":1,"featured_media":0,"parent":62263,"menu_order":2,"comment_status":"closed","ping_status":"closed","template":"","meta":{"ngg_post_thumbnail":0},"_links":{"self":[{"href":"http:\/\/www.freimarianne.ch\/index.php?rest_route=\/wp\/v2\/pages\/62567"}],"collection":[{"href":"http:\/\/www.freimarianne.ch\/index.php?rest_route=\/wp\/v2\/pages"}],"about":[{"href":"http:\/\/www.freimarianne.ch\/index.php?rest_route=\/wp\/v2\/types\/page"}],"author":[{"embeddable":true,"href":"http:\/\/www.freimarianne.ch\/index.php?rest_route=\/wp\/v2\/users\/1"}],"replies":[{"embeddable":true,"href":"http:\/\/www.freimarianne.ch\/index.php?rest_route=%2Fwp%2Fv2%2Fcomments&post=62567"}],"version-history":[{"count":2,"href":"http:\/\/www.freimarianne.ch\/index.php?rest_route=\/wp\/v2\/pages\/62567\/revisions"}],"predecessor-version":[{"id":62636,"href":"http:\/\/www.freimarianne.ch\/index.php?rest_route=\/wp\/v2\/pages\/62567\/revisions\/62636"}],"up":[{"embeddable":true,"href":"http:\/\/www.freimarianne.ch\/index.php?rest_route=\/wp\/v2\/pages\/62263"}],"wp:attachment":[{"href":"http:\/\/www.freimarianne.ch\/index.php?rest_route=%2Fwp%2Fv2%2Fmedia&parent=62567"}],"curies":[{"name":"wp","href":"https:\/\/api.w.org\/{rel}","templated":true}]}}