{"id":62668,"date":"2023-07-16T07:45:33","date_gmt":"2023-07-16T06:45:33","guid":{"rendered":"http:\/\/www.freimarianne.ch\/?page_id=62668"},"modified":"2023-07-16T07:49:56","modified_gmt":"2023-07-16T06:49:56","slug":"schallberg-rosswald-vs-11-7-2023","status":"publish","type":"page","link":"http:\/\/www.freimarianne.ch\/?page_id=62668","title":{"rendered":"Schallberg &#8211; Rosswald  VS  11.7.2023"},"content":{"rendered":"\n<p><strong>Bergwanderung<\/strong><\/p>\n\n\n<div id=\"attachment_62667\" style=\"width: 510px\" class=\"wp-caption alignleft\"><img aria-describedby=\"caption-attachment-62667\" loading=\"lazy\" class=\"size-full wp-image-62667\" src=\"http:\/\/www.freimarianne.ch\/wp-content\/uploads\/2023\/07\/IMG_4118._rosswwald-7.23_500.jpeg\" alt=\"\" width=\"500\" height=\"406\" srcset=\"http:\/\/www.freimarianne.ch\/wp-content\/uploads\/2023\/07\/IMG_4118._rosswwald-7.23_500.jpeg 500w, http:\/\/www.freimarianne.ch\/wp-content\/uploads\/2023\/07\/IMG_4118._rosswwald-7.23_500-300x244.jpeg 300w, http:\/\/www.freimarianne.ch\/wp-content\/uploads\/2023\/07\/IMG_4118._rosswwald-7.23_500-369x300.jpeg 369w\" sizes=\"(max-width: 500px) 100vw, 500px\" \/><p id=\"caption-attachment-62667\" class=\"wp-caption-text\">bei Rosswald 1820m; Hohstock 3226m, Schinhorn 3796m, Sattelhorn 3723, Aletschhorn 4195m<\/p><\/div>\n<p>Trotz der Hitzewarnung machen wir heute eine Bergwanderung im Wallis.<br>Wir benutzen den Bus, der auf den Simplonpass f\u00e4hrt und steigen bei Schallberg aus.<br>Hier beginnt der steile Wanderweg hinauf nach Rosswald, den wir heute erkundigen m\u00f6chten. Gleich befinden wir uns auf einem schmalen Pfad, der sich durch den Bergwald hinaufschl\u00e4ngelt ( nach den Spuren ist das auch ein Bikertrail ).<br>Wir sind fast allein unterwegs. Es steigt niemand auf diesem Weg auf. Wir schalten unterwegs eine Trinkause ein, um dann den Rest des Weges in Angriff zu nehmen. Zum Gl\u00fcck verl\u00e4uft der Weg meist im Wald, wo es auch angenehm duftet. Aber wir sp\u00fcren trotzdem die Feuchtigkeit der Luft. In Rosswald sind wir ganz der Sonne ausgesetzt. Wir befinden uns nun \u00fcber der Baumgrenze. Wir finden nach einigem Suchen die Seilbahnstation. An einer Hauswand gibt es noch ein schattiges Pl\u00e4tzchen f\u00fcr die Mittagspause. Dann reicht es noch zu einem Kaffee im Restaurant. Um 13.30h fahren wir mit der Gondelbahn hinunter und von dort mit dem Bus nach Brig. Hier m\u00fcssen wir lange auf den Zug warten. Auch hier suchen wir uns einen Schattenplatz im Bahnhof. Draussen ist es wirklich sehr heiss!.<\/p>\n<p>Der steile Aufstieg nach Rosswald war bei diesem Wetter schon recht anstrengend besonders f\u00fcr uns \u00e4ltere Menschen.<\/p>\n<p>Laut Schweizmobil:<\/p>\n<p>Distanz: 2.29km; Aufstieg: 488m; Wanderzeit: 1h 21h !!!!!!!<\/p>\n<p>Wir waren mit Pausen ca. 2h 30min unterwegs.<\/p>\n<p><a href=\"_wp_link_placeholder\" data-wplink-edit=\"true\">Karte Schweizmobil:<\/a><\/p>\n\n\n<p><\/p>\n\n\n\n<!-- index.php -->\n<div\n\tclass=\"ngg-galleryoverview ngg-ajax-pagination-none\"\n\tid=\"ngg-gallery-35bd9a2b2d5168fa975f35b844bf458e-1\">\n\n    \t<div class=\"slideshowlink\">\n        <a href='http:\/\/www.freimarianne.ch\/index.php\/nggallery\/slideshow?page_id=62668'>[Show as slideshow]<\/a>\n\t\t\n\t<\/div>\n\t\t\t<!-- Thumbnails -->\n\t\t\t\t<div id=\"ngg-image-0\" class=\"ngg-gallery-thumbnail-box\" >\n\t\t\t\t        <div class=\"ngg-gallery-thumbnail\">\n            <a href=\"http:\/\/www.freimarianne.ch\/wp-content\/gallery\/rosswald-11-7-23\/IMG_4113.jpeg\"\n               title=\"Aletschhorn 4195m\"\n               data-src=\"http:\/\/www.freimarianne.ch\/wp-content\/gallery\/rosswald-11-7-23\/IMG_4113.jpeg\"\n               data-thumbnail=\"http:\/\/www.freimarianne.ch\/wp-content\/gallery\/rosswald-11-7-23\/thumbs\/thumbs_IMG_4113.jpeg\"\n               data-image-id=\"31286\"\n               data-title=\"IMG_4113\"\n               data-description=\"Aletschhorn 4195m\"\n               data-image-slug=\"img_4113-5\"\n               class=\"shutterset_35bd9a2b2d5168fa975f35b844bf458e\">\n                <img\n                    title=\"IMG_4113\"\n                    alt=\"IMG_4113\"\n                    src=\"http:\/\/www.freimarianne.ch\/wp-content\/gallery\/rosswald-11-7-23\/cache\/IMG_4113.jpeg-nggid0531286-ngg0dyn-100x75x100-00f0w010c010r110f110r010t010.jpeg\"\n                    width=\"100\"\n                    height=\"75\"\n                    style=\"max-width:100%;\"\n                \/>\n            <\/a>\n        <\/div>\n\t\t\t\t\t\t\t<\/div> \n\t\t\t\n                            \n\t\t\t\t<div id=\"ngg-image-1\" class=\"ngg-gallery-thumbnail-box\" >\n\t\t\t\t        <div class=\"ngg-gallery-thumbnail\">\n            <a href=\"http:\/\/www.freimarianne.ch\/wp-content\/gallery\/rosswald-11-7-23\/IMG_4690.jpeg\"\n               title=\"\"\n               data-src=\"http:\/\/www.freimarianne.ch\/wp-content\/gallery\/rosswald-11-7-23\/IMG_4690.jpeg\"\n               data-thumbnail=\"http:\/\/www.freimarianne.ch\/wp-content\/gallery\/rosswald-11-7-23\/thumbs\/thumbs_IMG_4690.jpeg\"\n               data-image-id=\"31285\"\n               data-title=\"IMG_4690\"\n               data-description=\"\"\n               data-image-slug=\"img_4690-3\"\n               class=\"shutterset_35bd9a2b2d5168fa975f35b844bf458e\">\n                <img\n                    title=\"IMG_4690\"\n                    alt=\"IMG_4690\"\n                    src=\"http:\/\/www.freimarianne.ch\/wp-content\/gallery\/rosswald-11-7-23\/cache\/IMG_4690.jpeg-nggid0531285-ngg0dyn-100x75x100-00f0w010c010r110f110r010t010.jpeg\"\n                    width=\"100\"\n                    height=\"56\"\n                    style=\"max-width:100%;\"\n                \/>\n            <\/a>\n        <\/div>\n\t\t\t\t\t\t\t<\/div> \n\t\t\t\n                            \n\t\t\t\t<div id=\"ngg-image-2\" class=\"ngg-gallery-thumbnail-box\" >\n\t\t\t\t        <div class=\"ngg-gallery-thumbnail\">\n            <a href=\"http:\/\/www.freimarianne.ch\/wp-content\/gallery\/rosswald-11-7-23\/IMG_4116.jpeg\"\n               title=\"bei Rosswald\"\n               data-src=\"http:\/\/www.freimarianne.ch\/wp-content\/gallery\/rosswald-11-7-23\/IMG_4116.jpeg\"\n               data-thumbnail=\"http:\/\/www.freimarianne.ch\/wp-content\/gallery\/rosswald-11-7-23\/thumbs\/thumbs_IMG_4116.jpeg\"\n               data-image-id=\"31282\"\n               data-title=\"IMG_4116\"\n               data-description=\"bei Rosswald\"\n               data-image-slug=\"img_4116-5\"\n               class=\"shutterset_35bd9a2b2d5168fa975f35b844bf458e\">\n                <img\n                    title=\"IMG_4116\"\n                    alt=\"IMG_4116\"\n                    src=\"http:\/\/www.freimarianne.ch\/wp-content\/gallery\/rosswald-11-7-23\/cache\/IMG_4116.jpeg-nggid0531282-ngg0dyn-100x75x100-00f0w010c010r110f110r010t010.jpeg\"\n                    width=\"100\"\n                    height=\"75\"\n                    style=\"max-width:100%;\"\n                \/>\n            <\/a>\n        <\/div>\n\t\t\t\t\t\t\t<\/div> \n\t\t\t\n                            \n\t\t\t\t<div id=\"ngg-image-3\" class=\"ngg-gallery-thumbnail-box\" >\n\t\t\t\t        <div class=\"ngg-gallery-thumbnail\">\n            <a href=\"http:\/\/www.freimarianne.ch\/wp-content\/gallery\/rosswald-11-7-23\/IMG_4117.jpeg\"\n               title=\"beiRosswald 1820m; hi H\u00fcbschhorn\"\n               data-src=\"http:\/\/www.freimarianne.ch\/wp-content\/gallery\/rosswald-11-7-23\/IMG_4117.jpeg\"\n               data-thumbnail=\"http:\/\/www.freimarianne.ch\/wp-content\/gallery\/rosswald-11-7-23\/thumbs\/thumbs_IMG_4117.jpeg\"\n               data-image-id=\"31283\"\n               data-title=\"IMG_4117\"\n               data-description=\"beiRosswald 1820m; hi H\u00fcbschhorn\"\n               data-image-slug=\"img_4117-3\"\n               class=\"shutterset_35bd9a2b2d5168fa975f35b844bf458e\">\n                <img\n                    title=\"IMG_4117\"\n                    alt=\"IMG_4117\"\n                    src=\"http:\/\/www.freimarianne.ch\/wp-content\/gallery\/rosswald-11-7-23\/cache\/IMG_4117.jpeg-nggid0531283-ngg0dyn-100x75x100-00f0w010c010r110f110r010t010.jpeg\"\n                    width=\"100\"\n                    height=\"75\"\n                    style=\"max-width:100%;\"\n                \/>\n            <\/a>\n        <\/div>\n\t\t\t\t\t\t\t<\/div> \n\t\t\t\n                                    <br style=\"clear: both\" \/>\n                    \n\t\t\t\t<div id=\"ngg-image-4\" class=\"ngg-gallery-thumbnail-box\" >\n\t\t\t\t        <div class=\"ngg-gallery-thumbnail\">\n            <a href=\"http:\/\/www.freimarianne.ch\/wp-content\/gallery\/rosswald-11-7-23\/IMG_4679.jpeg\"\n               title=\"\"\n               data-src=\"http:\/\/www.freimarianne.ch\/wp-content\/gallery\/rosswald-11-7-23\/IMG_4679.jpeg\"\n               data-thumbnail=\"http:\/\/www.freimarianne.ch\/wp-content\/gallery\/rosswald-11-7-23\/thumbs\/thumbs_IMG_4679.jpeg\"\n               data-image-id=\"31281\"\n               data-title=\"IMG_4679\"\n               data-description=\"\"\n               data-image-slug=\"img_4679-4\"\n               class=\"shutterset_35bd9a2b2d5168fa975f35b844bf458e\">\n                <img\n                    title=\"IMG_4679\"\n                    alt=\"IMG_4679\"\n                    src=\"http:\/\/www.freimarianne.ch\/wp-content\/gallery\/rosswald-11-7-23\/cache\/IMG_4679.jpeg-nggid0531281-ngg0dyn-100x75x100-00f0w010c010r110f110r010t010.jpeg\"\n                    width=\"100\"\n                    height=\"56\"\n                    style=\"max-width:100%;\"\n                \/>\n            <\/a>\n        <\/div>\n\t\t\t\t\t\t\t<\/div> \n\t\t\t\n                            \n\t\t\t\t<div id=\"ngg-image-5\" class=\"ngg-gallery-thumbnail-box\" >\n\t\t\t\t        <div class=\"ngg-gallery-thumbnail\">\n            <a href=\"http:\/\/www.freimarianne.ch\/wp-content\/gallery\/rosswald-11-7-23\/IMG_4119.jpeg\"\n               title=\"bei Rosswald 1820m; Furggub\u00e4umhorn\"\n               data-src=\"http:\/\/www.freimarianne.ch\/wp-content\/gallery\/rosswald-11-7-23\/IMG_4119.jpeg\"\n               data-thumbnail=\"http:\/\/www.freimarianne.ch\/wp-content\/gallery\/rosswald-11-7-23\/thumbs\/thumbs_IMG_4119.jpeg\"\n               data-image-id=\"31284\"\n               data-title=\"IMG_4119\"\n               data-description=\"bei Rosswald 1820m; Furggub\u00e4umhorn\"\n               data-image-slug=\"img_4119-5\"\n               class=\"shutterset_35bd9a2b2d5168fa975f35b844bf458e\">\n                <img\n                    title=\"IMG_4119\"\n                    alt=\"IMG_4119\"\n                    src=\"http:\/\/www.freimarianne.ch\/wp-content\/gallery\/rosswald-11-7-23\/cache\/IMG_4119.jpeg-nggid0531284-ngg0dyn-100x75x100-00f0w010c010r110f110r010t010.jpeg\"\n                    width=\"100\"\n                    height=\"75\"\n                    style=\"max-width:100%;\"\n                \/>\n            <\/a>\n        <\/div>\n\t\t\t\t\t\t\t<\/div> \n\t\t\t\n                            \n\t\t\t\t<div id=\"ngg-image-6\" class=\"ngg-gallery-thumbnail-box\" >\n\t\t\t\t        <div class=\"ngg-gallery-thumbnail\">\n            <a href=\"http:\/\/www.freimarianne.ch\/wp-content\/gallery\/rosswald-11-7-23\/IMG_4120.jpeg\"\n               title=\"bei Rosswald 1820m; Nesthorn 3822m, Hohstock 3226m, Schinhorn 3796m, Sattelhorn 3723, Aletschhorn 4195m\"\n               data-src=\"http:\/\/www.freimarianne.ch\/wp-content\/gallery\/rosswald-11-7-23\/IMG_4120.jpeg\"\n               data-thumbnail=\"http:\/\/www.freimarianne.ch\/wp-content\/gallery\/rosswald-11-7-23\/thumbs\/thumbs_IMG_4120.jpeg\"\n               data-image-id=\"31280\"\n               data-title=\"IMG_4120\"\n               data-description=\"bei Rosswald 1820m; Nesthorn 3822m, Hohstock 3226m, Schinhorn 3796m, Sattelhorn 3723, Aletschhorn 4195m\"\n               data-image-slug=\"img_4120-2\"\n               class=\"shutterset_35bd9a2b2d5168fa975f35b844bf458e\">\n                <img\n                    title=\"IMG_4120\"\n                    alt=\"IMG_4120\"\n                    src=\"http:\/\/www.freimarianne.ch\/wp-content\/gallery\/rosswald-11-7-23\/cache\/IMG_4120.jpeg-nggid0531280-ngg0dyn-100x75x100-00f0w010c010r110f110r010t010.jpeg\"\n                    width=\"100\"\n                    height=\"75\"\n                    style=\"max-width:100%;\"\n                \/>\n            <\/a>\n        <\/div>\n\t\t\t\t\t\t\t<\/div> \n\t\t\t\n                            \n\t\t\t\t<div id=\"ngg-image-7\" class=\"ngg-gallery-thumbnail-box\" >\n\t\t\t\t        <div class=\"ngg-gallery-thumbnail\">\n            <a href=\"http:\/\/www.freimarianne.ch\/wp-content\/gallery\/rosswald-11-7-23\/IMG_4675.jpeg\"\n               title=\"\"\n               data-src=\"http:\/\/www.freimarianne.ch\/wp-content\/gallery\/rosswald-11-7-23\/IMG_4675.jpeg\"\n               data-thumbnail=\"http:\/\/www.freimarianne.ch\/wp-content\/gallery\/rosswald-11-7-23\/thumbs\/thumbs_IMG_4675.jpeg\"\n               data-image-id=\"31279\"\n               data-title=\"IMG_4675\"\n               data-description=\"\"\n               data-image-slug=\"img_4675-1\"\n               class=\"shutterset_35bd9a2b2d5168fa975f35b844bf458e\">\n                <img\n                    title=\"IMG_4675\"\n                    alt=\"IMG_4675\"\n                    src=\"http:\/\/www.freimarianne.ch\/wp-content\/gallery\/rosswald-11-7-23\/cache\/IMG_4675.jpeg-nggid0531279-ngg0dyn-100x75x100-00f0w010c010r110f110r010t010.jpeg\"\n                    width=\"100\"\n                    height=\"56\"\n                    style=\"max-width:100%;\"\n                \/>\n            <\/a>\n        <\/div>\n\t\t\t\t\t\t\t<\/div> \n\t\t\t\n                                    <br style=\"clear: both\" \/>\n                    \n\t\t\n\t\t<!-- Pagination -->\n\t<div class='ngg-clear'><\/div>\t<\/div>\n\n","protected":false},"excerpt":{"rendered":"<p>Bergwanderung Trotz der Hitzewarnung machen wir heute eine Bergwanderung im Wallis.Wir benutzen den Bus, der auf den Simplonpass f\u00e4hrt und steigen bei Schallberg aus.Hier beginnt der steile Wanderweg hinauf nach Rosswald, den wir heute erkundigen m\u00f6chten. Gleich befinden wir uns auf einem schmalen Pfad, der sich durch den Bergwald hinaufschl\u00e4ngelt ( nach den Spuren ist [&hellip;]<\/p>\n","protected":false},"author":1,"featured_media":0,"parent":62263,"menu_order":6,"comment_status":"closed","ping_status":"closed","template":"","meta":{"ngg_post_thumbnail":0},"_links":{"self":[{"href":"http:\/\/www.freimarianne.ch\/index.php?rest_route=\/wp\/v2\/pages\/62668"}],"collection":[{"href":"http:\/\/www.freimarianne.ch\/index.php?rest_route=\/wp\/v2\/pages"}],"about":[{"href":"http:\/\/www.freimarianne.ch\/index.php?rest_route=\/wp\/v2\/types\/page"}],"author":[{"embeddable":true,"href":"http:\/\/www.freimarianne.ch\/index.php?rest_route=\/wp\/v2\/users\/1"}],"replies":[{"embeddable":true,"href":"http:\/\/www.freimarianne.ch\/index.php?rest_route=%2Fwp%2Fv2%2Fcomments&post=62668"}],"version-history":[{"count":2,"href":"http:\/\/www.freimarianne.ch\/index.php?rest_route=\/wp\/v2\/pages\/62668\/revisions"}],"predecessor-version":[{"id":62679,"href":"http:\/\/www.freimarianne.ch\/index.php?rest_route=\/wp\/v2\/pages\/62668\/revisions\/62679"}],"up":[{"embeddable":true,"href":"http:\/\/www.freimarianne.ch\/index.php?rest_route=\/wp\/v2\/pages\/62263"}],"wp:attachment":[{"href":"http:\/\/www.freimarianne.ch\/index.php?rest_route=%2Fwp%2Fv2%2Fmedia&parent=62668"}],"curies":[{"name":"wp","href":"https:\/\/api.w.org\/{rel}","templated":true}]}}