{"id":65483,"date":"2024-07-24T07:40:56","date_gmt":"2024-07-24T06:40:56","guid":{"rendered":"http:\/\/www.freimarianne.ch\/?page_id=65483"},"modified":"2024-07-24T07:53:19","modified_gmt":"2024-07-24T06:53:19","slug":"wald-von-versoix-ge-17-7-2024","status":"publish","type":"page","link":"http:\/\/www.freimarianne.ch\/?page_id=65483","title":{"rendered":"Wald von Versoix  GE  17.7.2024"},"content":{"rendered":"\n<p><strong>Wanderung entlang des Flusses Versoix<\/strong><\/p>\n\n\n<div id=\"attachment_65368\" style=\"width: 510px\" class=\"wp-caption alignleft\"><img aria-describedby=\"caption-attachment-65368\" loading=\"lazy\" class=\"size-full wp-image-65368\" src=\"http:\/\/www.freimarianne.ch\/wp-content\/uploads\/2024\/07\/IMG_7753_versoix-7.24_500.jpeg\" alt=\"\" width=\"500\" height=\"375\" srcset=\"http:\/\/www.freimarianne.ch\/wp-content\/uploads\/2024\/07\/IMG_7753_versoix-7.24_500.jpeg 500w, http:\/\/www.freimarianne.ch\/wp-content\/uploads\/2024\/07\/IMG_7753_versoix-7.24_500-300x225.jpeg 300w, http:\/\/www.freimarianne.ch\/wp-content\/uploads\/2024\/07\/IMG_7753_versoix-7.24_500-400x300.jpeg 400w\" sizes=\"(max-width: 500px) 100vw, 500px\" \/><p id=\"caption-attachment-65368\" class=\"wp-caption-text\">am Fluss Versoix<\/p><\/div>\n<p>Ich beginne um 10.30h meine Wanderung bei Sauverney douane, dh. an der Grenze zu Frankreich. Ich konnte mit einem Bus von Versoix hieher fahren. <br>Der Fluss markiert auf die Grenze zwischen der Schweiz und Frankreich und durchfliesst eines der gr\u00f6ssten Waldgebiete des Kantons Genf und steht unter Naturschutz.<br>Gleich tauche ich ein in eine urt\u00fcmliche Flusslandschaft wie es derer vor langer Zeit auch an anderen Orten gegeben hat. In vielen Schlaufen windet sich der Wasserlauf durch den Wald, dh. durch den Urwald.<br>An einigen Wegstellen entdecke ich Suhlen, die von Wildschweinen stammen m\u00fcssen. das gibt mir ein etwas mulmiges Gef\u00fchl.<br>Es ist schwierig, eine solche Wanderung zu beschreiben. Der Pfad f\u00fchrt meist dem Wasser entlang, dann zweigt er wieder ab und n\u00e4hert sich wieder dem Fluss. Der Weg ist aber gut ausgeschildert. Bei la B\u00e2tie wechsle ich die Flussseite. Langsam komme ich der Zivilisation n\u00e4her und quere die Autobahn. Beim Naturschutzgebiet Les Gravines verlasse ich den Fil du Versoix , dh. die markierte Route und wandere auf kleinen Wegen durch die Auenlandschaft. Bei Les Colombiers erreiche ich das Siedlungsgebiet und finde den n\u00e4chsten Weg zum Bahnhof Versoix, wo ich 14.17h den Zug nach Lausanne besteige.<\/p>\n<p>Dies war einmal ein ganz andere Wanderung in einer unbekannten Umgebung.<\/p>\n<p>Laut Schweizmobil:<\/p>\n<p>Distanz: 9.62km; Aufstieg: 116m; Abstieg: 187m; wandertet: 2h 18min<\/p>\n<p><a href=\"https:\/\/map.schweizmobil.ch\/?lang=de&amp;bgLayer=pk&amp;logo=yes&amp;season=summer&amp;resolution=1&amp;E=2501689&amp;N=1125991&amp;photos=yes&amp;detours=yes&amp;layers=Wanderland%2CStation&amp;trackId=1077616285\">Karte Schweizmobil:<\/a><\/p>\n\n\n<!-- index.php -->\n<div\n\tclass=\"ngg-galleryoverview ngg-ajax-pagination-none\"\n\tid=\"ngg-gallery-01bbbfb197ce1dba5d3f1c4f8783f434-1\">\n\n    \t<div class=\"slideshowlink\">\n        <a href='http:\/\/www.freimarianne.ch\/index.php\/nggallery\/slideshow?page_id=65483'>[Show as slideshow]<\/a>\n\t\t\n\t<\/div>\n\t\t\t<!-- Thumbnails -->\n\t\t\t\t<div id=\"ngg-image-0\" class=\"ngg-gallery-thumbnail-box\" >\n\t\t\t\t        <div class=\"ngg-gallery-thumbnail\">\n            <a href=\"http:\/\/www.freimarianne.ch\/wp-content\/gallery\/wald-von-versoix-17-7-24\/IMG_7754.jpeg\"\n               title=\"am Fluss Versoix\"\n               data-src=\"http:\/\/www.freimarianne.ch\/wp-content\/gallery\/wald-von-versoix-17-7-24\/IMG_7754.jpeg\"\n               data-thumbnail=\"http:\/\/www.freimarianne.ch\/wp-content\/gallery\/wald-von-versoix-17-7-24\/thumbs\/thumbs_IMG_7754.jpeg\"\n               data-image-id=\"33277\"\n               data-title=\"am Fluss Versoix\"\n               data-description=\"am Fluss Versoix\"\n               data-image-slug=\"img_7754-1\"\n               class=\"shutterset_01bbbfb197ce1dba5d3f1c4f8783f434\">\n                <img\n                    title=\"am Fluss Versoix\"\n                    alt=\"am Fluss Versoix\"\n                    src=\"http:\/\/www.freimarianne.ch\/wp-content\/gallery\/wald-von-versoix-17-7-24\/cache\/IMG_7754.jpeg-nggid0533277-ngg0dyn-100x75x100-00f0w010c010r110f110r010t010.jpeg\"\n                    width=\"100\"\n                    height=\"75\"\n                    style=\"max-width:100%;\"\n                \/>\n            <\/a>\n        <\/div>\n\t\t\t\t\t\t\t<\/div> \n\t\t\t\n                            \n\t\t\t\t<div id=\"ngg-image-1\" class=\"ngg-gallery-thumbnail-box\" >\n\t\t\t\t        <div class=\"ngg-gallery-thumbnail\">\n            <a href=\"http:\/\/www.freimarianne.ch\/wp-content\/gallery\/wald-von-versoix-17-7-24\/IMG_7755.jpeg\"\n               title=\"am Fluss Versoix\"\n               data-src=\"http:\/\/www.freimarianne.ch\/wp-content\/gallery\/wald-von-versoix-17-7-24\/IMG_7755.jpeg\"\n               data-thumbnail=\"http:\/\/www.freimarianne.ch\/wp-content\/gallery\/wald-von-versoix-17-7-24\/thumbs\/thumbs_IMG_7755.jpeg\"\n               data-image-id=\"33275\"\n               data-title=\"am Fluss Versoix\"\n               data-description=\"am Fluss Versoix\"\n               data-image-slug=\"img_7755-4\"\n               class=\"shutterset_01bbbfb197ce1dba5d3f1c4f8783f434\">\n                <img\n                    title=\"am Fluss Versoix\"\n                    alt=\"am Fluss Versoix\"\n                    src=\"http:\/\/www.freimarianne.ch\/wp-content\/gallery\/wald-von-versoix-17-7-24\/cache\/IMG_7755.jpeg-nggid0533275-ngg0dyn-100x75x100-00f0w010c010r110f110r010t010.jpeg\"\n                    width=\"100\"\n                    height=\"75\"\n                    style=\"max-width:100%;\"\n                \/>\n            <\/a>\n        <\/div>\n\t\t\t\t\t\t\t<\/div> \n\t\t\t\n                            \n\t\t\t\t<div id=\"ngg-image-2\" class=\"ngg-gallery-thumbnail-box\" >\n\t\t\t\t        <div class=\"ngg-gallery-thumbnail\">\n            <a href=\"http:\/\/www.freimarianne.ch\/wp-content\/gallery\/wald-von-versoix-17-7-24\/IMG_7295.jpeg\"\n               title=\"der Versoix; wunderbare Flusslandschaft\"\n               data-src=\"http:\/\/www.freimarianne.ch\/wp-content\/gallery\/wald-von-versoix-17-7-24\/IMG_7295.jpeg\"\n               data-thumbnail=\"http:\/\/www.freimarianne.ch\/wp-content\/gallery\/wald-von-versoix-17-7-24\/thumbs\/thumbs_IMG_7295.jpeg\"\n               data-image-id=\"33276\"\n               data-title=\"der Versoix; wunderbare Flusslandschaft\"\n               data-description=\"der Versoix; wunderbare Flusslandschaft\"\n               data-image-slug=\"img_7295-4\"\n               class=\"shutterset_01bbbfb197ce1dba5d3f1c4f8783f434\">\n                <img\n                    title=\"der Versoix; wunderbare Flusslandschaft\"\n                    alt=\"der Versoix; wunderbare Flusslandschaft\"\n                    src=\"http:\/\/www.freimarianne.ch\/wp-content\/gallery\/wald-von-versoix-17-7-24\/cache\/IMG_7295.jpeg-nggid0533276-ngg0dyn-100x75x100-00f0w010c010r110f110r010t010.jpeg\"\n                    width=\"100\"\n                    height=\"75\"\n                    style=\"max-width:100%;\"\n                \/>\n            <\/a>\n        <\/div>\n\t\t\t\t\t\t\t<\/div> \n\t\t\t\n                            \n\t\t\t\t<div id=\"ngg-image-3\" class=\"ngg-gallery-thumbnail-box\" >\n\t\t\t\t        <div class=\"ngg-gallery-thumbnail\">\n            <a href=\"http:\/\/www.freimarianne.ch\/wp-content\/gallery\/wald-von-versoix-17-7-24\/IMG_7296.jpeg\"\n               title=\"der Versoix; wunderbare Flusslandschaft\"\n               data-src=\"http:\/\/www.freimarianne.ch\/wp-content\/gallery\/wald-von-versoix-17-7-24\/IMG_7296.jpeg\"\n               data-thumbnail=\"http:\/\/www.freimarianne.ch\/wp-content\/gallery\/wald-von-versoix-17-7-24\/thumbs\/thumbs_IMG_7296.jpeg\"\n               data-image-id=\"33271\"\n               data-title=\"der Versoix; wunderbare Flusslandschaft\"\n               data-description=\"der Versoix; wunderbare Flusslandschaft\"\n               data-image-slug=\"img_7296-4\"\n               class=\"shutterset_01bbbfb197ce1dba5d3f1c4f8783f434\">\n                <img\n                    title=\"der Versoix; wunderbare Flusslandschaft\"\n                    alt=\"der Versoix; wunderbare Flusslandschaft\"\n                    src=\"http:\/\/www.freimarianne.ch\/wp-content\/gallery\/wald-von-versoix-17-7-24\/cache\/IMG_7296.jpeg-nggid0533271-ngg0dyn-100x75x100-00f0w010c010r110f110r010t010.jpeg\"\n                    width=\"100\"\n                    height=\"75\"\n                    style=\"max-width:100%;\"\n                \/>\n            <\/a>\n        <\/div>\n\t\t\t\t\t\t\t<\/div> \n\t\t\t\n                                    <br style=\"clear: both\" \/>\n                    \n\t\t\t\t<div id=\"ngg-image-4\" class=\"ngg-gallery-thumbnail-box\" >\n\t\t\t\t        <div class=\"ngg-gallery-thumbnail\">\n            <a href=\"http:\/\/www.freimarianne.ch\/wp-content\/gallery\/wald-von-versoix-17-7-24\/IMG_7759.jpeg\"\n               title=\"am Fluss Versoix\"\n               data-src=\"http:\/\/www.freimarianne.ch\/wp-content\/gallery\/wald-von-versoix-17-7-24\/IMG_7759.jpeg\"\n               data-thumbnail=\"http:\/\/www.freimarianne.ch\/wp-content\/gallery\/wald-von-versoix-17-7-24\/thumbs\/thumbs_IMG_7759.jpeg\"\n               data-image-id=\"33273\"\n               data-title=\"am Fluss Versoix\"\n               data-description=\"am Fluss Versoix\"\n               data-image-slug=\"img_7759-3\"\n               class=\"shutterset_01bbbfb197ce1dba5d3f1c4f8783f434\">\n                <img\n                    title=\"am Fluss Versoix\"\n                    alt=\"am Fluss Versoix\"\n                    src=\"http:\/\/www.freimarianne.ch\/wp-content\/gallery\/wald-von-versoix-17-7-24\/cache\/IMG_7759.jpeg-nggid0533273-ngg0dyn-100x75x100-00f0w010c010r110f110r010t010.jpeg\"\n                    width=\"100\"\n                    height=\"75\"\n                    style=\"max-width:100%;\"\n                \/>\n            <\/a>\n        <\/div>\n\t\t\t\t\t\t\t<\/div> \n\t\t\t\n                            \n\t\t\t\t<div id=\"ngg-image-5\" class=\"ngg-gallery-thumbnail-box\" >\n\t\t\t\t        <div class=\"ngg-gallery-thumbnail\">\n            <a href=\"http:\/\/www.freimarianne.ch\/wp-content\/gallery\/wald-von-versoix-17-7-24\/IMG_7763.jpeg\"\n               title=\"Sonnenblumenfeld\"\n               data-src=\"http:\/\/www.freimarianne.ch\/wp-content\/gallery\/wald-von-versoix-17-7-24\/IMG_7763.jpeg\"\n               data-thumbnail=\"http:\/\/www.freimarianne.ch\/wp-content\/gallery\/wald-von-versoix-17-7-24\/thumbs\/thumbs_IMG_7763.jpeg\"\n               data-image-id=\"33274\"\n               data-title=\"Sonnenblumenfeld\"\n               data-description=\"Sonnenblumenfeld\"\n               data-image-slug=\"img_7763-2\"\n               class=\"shutterset_01bbbfb197ce1dba5d3f1c4f8783f434\">\n                <img\n                    title=\"Sonnenblumenfeld\"\n                    alt=\"Sonnenblumenfeld\"\n                    src=\"http:\/\/www.freimarianne.ch\/wp-content\/gallery\/wald-von-versoix-17-7-24\/cache\/IMG_7763.jpeg-nggid0533274-ngg0dyn-100x75x100-00f0w010c010r110f110r010t010.jpeg\"\n                    width=\"100\"\n                    height=\"75\"\n                    style=\"max-width:100%;\"\n                \/>\n            <\/a>\n        <\/div>\n\t\t\t\t\t\t\t<\/div> \n\t\t\t\n                            \n\t\t\t\t<div id=\"ngg-image-6\" class=\"ngg-gallery-thumbnail-box\" >\n\t\t\t\t        <div class=\"ngg-gallery-thumbnail\">\n            <a href=\"http:\/\/www.freimarianne.ch\/wp-content\/gallery\/wald-von-versoix-17-7-24\/IMG_7769.jpeg\"\n               title=\"an der Versoix\"\n               data-src=\"http:\/\/www.freimarianne.ch\/wp-content\/gallery\/wald-von-versoix-17-7-24\/IMG_7769.jpeg\"\n               data-thumbnail=\"http:\/\/www.freimarianne.ch\/wp-content\/gallery\/wald-von-versoix-17-7-24\/thumbs\/thumbs_IMG_7769.jpeg\"\n               data-image-id=\"33272\"\n               data-title=\"an der Versoix\"\n               data-description=\"an der Versoix\"\n               data-image-slug=\"img_7769-1\"\n               class=\"shutterset_01bbbfb197ce1dba5d3f1c4f8783f434\">\n                <img\n                    title=\"an der Versoix\"\n                    alt=\"an der Versoix\"\n                    src=\"http:\/\/www.freimarianne.ch\/wp-content\/gallery\/wald-von-versoix-17-7-24\/cache\/IMG_7769.jpeg-nggid0533272-ngg0dyn-100x75x100-00f0w010c010r110f110r010t010.jpeg\"\n                    width=\"100\"\n                    height=\"75\"\n                    style=\"max-width:100%;\"\n                \/>\n            <\/a>\n        <\/div>\n\t\t\t\t\t\t\t<\/div> \n\t\t\t\n                            \n\t\t\t\t<div id=\"ngg-image-7\" class=\"ngg-gallery-thumbnail-box\" >\n\t\t\t\t        <div class=\"ngg-gallery-thumbnail\">\n            <a href=\"http:\/\/www.freimarianne.ch\/wp-content\/gallery\/wald-von-versoix-17-7-24\/IMG_7774.jpeg\"\n               title=\"weg vom Fluss\"\n               data-src=\"http:\/\/www.freimarianne.ch\/wp-content\/gallery\/wald-von-versoix-17-7-24\/IMG_7774.jpeg\"\n               data-thumbnail=\"http:\/\/www.freimarianne.ch\/wp-content\/gallery\/wald-von-versoix-17-7-24\/thumbs\/thumbs_IMG_7774.jpeg\"\n               data-image-id=\"33270\"\n               data-title=\"weg vom Fluss\"\n               data-description=\"weg vom Fluss\"\n               data-image-slug=\"img_7774-2\"\n               class=\"shutterset_01bbbfb197ce1dba5d3f1c4f8783f434\">\n                <img\n                    title=\"weg vom Fluss\"\n                    alt=\"weg vom Fluss\"\n                    src=\"http:\/\/www.freimarianne.ch\/wp-content\/gallery\/wald-von-versoix-17-7-24\/cache\/IMG_7774.jpeg-nggid0533270-ngg0dyn-100x75x100-00f0w010c010r110f110r010t010.jpeg\"\n                    width=\"100\"\n                    height=\"75\"\n                    style=\"max-width:100%;\"\n                \/>\n            <\/a>\n        <\/div>\n\t\t\t\t\t\t\t<\/div> \n\t\t\t\n                                    <br style=\"clear: both\" \/>\n                    \n\t\t\t\t<div id=\"ngg-image-8\" class=\"ngg-gallery-thumbnail-box\" >\n\t\t\t\t        <div class=\"ngg-gallery-thumbnail\">\n            <a href=\"http:\/\/www.freimarianne.ch\/wp-content\/gallery\/wald-von-versoix-17-7-24\/IMG_7301.jpeg\"\n               title=\"\"\n               data-src=\"http:\/\/www.freimarianne.ch\/wp-content\/gallery\/wald-von-versoix-17-7-24\/IMG_7301.jpeg\"\n               data-thumbnail=\"http:\/\/www.freimarianne.ch\/wp-content\/gallery\/wald-von-versoix-17-7-24\/thumbs\/thumbs_IMG_7301.jpeg\"\n               data-image-id=\"33269\"\n               data-title=\"IMG_7301\"\n               data-description=\"\"\n               data-image-slug=\"img_7301-3\"\n               class=\"shutterset_01bbbfb197ce1dba5d3f1c4f8783f434\">\n                <img\n                    title=\"IMG_7301\"\n                    alt=\"IMG_7301\"\n                    src=\"http:\/\/www.freimarianne.ch\/wp-content\/gallery\/wald-von-versoix-17-7-24\/cache\/IMG_7301.jpeg-nggid0533269-ngg0dyn-100x75x100-00f0w010c010r110f110r010t010.jpeg\"\n                    width=\"100\"\n                    height=\"75\"\n                    style=\"max-width:100%;\"\n                \/>\n            <\/a>\n        <\/div>\n\t\t\t\t\t\t\t<\/div> \n\t\t\t\n                            \n\t\t\n\t\t<!-- Pagination -->\n\t<div class='ngg-clear'><\/div>\t<\/div>\n\n","protected":false},"excerpt":{"rendered":"<p>Wanderung entlang des Flusses Versoix Ich beginne um 10.30h meine Wanderung bei Sauverney douane, dh. an der Grenze zu Frankreich. Ich konnte mit einem Bus von Versoix hieher fahren. Der Fluss markiert auf die Grenze zwischen der Schweiz und Frankreich und durchfliesst eines der gr\u00f6ssten Waldgebiete des Kantons Genf und steht unter Naturschutz.Gleich tauche ich [&hellip;]<\/p>\n","protected":false},"author":1,"featured_media":0,"parent":64849,"menu_order":8,"comment_status":"closed","ping_status":"closed","template":"","meta":{"ngg_post_thumbnail":0},"_links":{"self":[{"href":"http:\/\/www.freimarianne.ch\/index.php?rest_route=\/wp\/v2\/pages\/65483"}],"collection":[{"href":"http:\/\/www.freimarianne.ch\/index.php?rest_route=\/wp\/v2\/pages"}],"about":[{"href":"http:\/\/www.freimarianne.ch\/index.php?rest_route=\/wp\/v2\/types\/page"}],"author":[{"embeddable":true,"href":"http:\/\/www.freimarianne.ch\/index.php?rest_route=\/wp\/v2\/users\/1"}],"replies":[{"embeddable":true,"href":"http:\/\/www.freimarianne.ch\/index.php?rest_route=%2Fwp%2Fv2%2Fcomments&post=65483"}],"version-history":[{"count":2,"href":"http:\/\/www.freimarianne.ch\/index.php?rest_route=\/wp\/v2\/pages\/65483\/revisions"}],"predecessor-version":[{"id":65491,"href":"http:\/\/www.freimarianne.ch\/index.php?rest_route=\/wp\/v2\/pages\/65483\/revisions\/65491"}],"up":[{"embeddable":true,"href":"http:\/\/www.freimarianne.ch\/index.php?rest_route=\/wp\/v2\/pages\/64849"}],"wp:attachment":[{"href":"http:\/\/www.freimarianne.ch\/index.php?rest_route=%2Fwp%2Fv2%2Fmedia&parent=65483"}],"curies":[{"name":"wp","href":"https:\/\/api.w.org\/{rel}","templated":true}]}}