{"id":66451,"date":"2024-11-24T11:40:04","date_gmt":"2024-11-24T10:40:04","guid":{"rendered":"http:\/\/www.freimarianne.ch\/?page_id=66451"},"modified":"2024-11-24T12:18:50","modified_gmt":"2024-11-24T11:18:50","slug":"arosio-fescoggia-ti-2-11-2024","status":"publish","type":"page","link":"http:\/\/www.freimarianne.ch\/?page_id=66451","title":{"rendered":"Arosio &#8211; Fescoggia  TI 2.11.2024"},"content":{"rendered":"<div id=\"attachment_66437\" style=\"width: 510px\" class=\"wp-caption alignleft\"><img aria-describedby=\"caption-attachment-66437\" loading=\"lazy\" class=\"size-full wp-image-66437\" src=\"http:\/\/www.freimarianne.ch\/wp-content\/uploads\/2024\/11\/IMG_8977_arosia-10.24_500.jpeg\" alt=\"\" width=\"500\" height=\"375\" srcset=\"http:\/\/www.freimarianne.ch\/wp-content\/uploads\/2024\/11\/IMG_8977_arosia-10.24_500.jpeg 500w, http:\/\/www.freimarianne.ch\/wp-content\/uploads\/2024\/11\/IMG_8977_arosia-10.24_500-300x225.jpeg 300w, http:\/\/www.freimarianne.ch\/wp-content\/uploads\/2024\/11\/IMG_8977_arosia-10.24_500-400x300.jpeg 400w\" sizes=\"(max-width: 500px) 100vw, 500px\" \/><p id=\"caption-attachment-66437\" class=\"wp-caption-text\">lichter Kastanienwald<\/p><\/div>\n<p>Wandern auf dem Sentiero del Castagno<\/p>\n<p>Wir fahren nach Arosio,TI um einen kurzen Teil des Sentiero del Castagnos zu erwandern. Dies habe ich einer MItwanderin versprochen, die damals nicht auf unserer \u201eAlpenblick\u201c Wanderung dabei sein konnte.<\/p>\n<p>Wir beginnen unsere Wanderung in Arosio, paese und sind bald im Kastanienwald, wo wir aufsteigen m\u00fcssen bis zur Abzweigung nach Mulino. F\u00fcr die Kastanien sind wir definitiv zu sp\u00e4t. Aber es war auch nie unsere Absicht, Kastanien zu sammeln. Wir m\u00f6chten ganz einfach die Landschaft geniessen. So wandern wir im Ab und Ab in Taleinschnitte hinein und wieder hinaus. An einer Pickniclstelle , Morinitt halten wir unsere Mittagsrast und setzen dann unsere Wanderung fort, die uns noch einen kurzen Aufstieg bringt, bevor wir gegen Fescoggia absteigen. Eigentlich war das Dorf Vezio unser Ziel. Aber wir sehen, dass ab hier bald ein Postauto fahren wird, das uns eine gute Verbindung zur\u00fcck nach Basel gibt. Also packen wir die Gelegenheit! Es reicht noch zu einem kurzen Kaffee in der Bar bei der Postautohaltestelle.<\/p>\n<p>Dies war eine sch\u00f6ne Wanderung im herbstlichen Malcantone.<\/p>\n<p>Laut Schweizmobil:<\/p>\n<p>Distanz: 6.90km; Aufstieg: 310m;Abstieg: 343m; Wanderzeit: 2h 6 min<\/p>\n<p><a href=\"https:\/\/map.schweizmobil.ch\/?lang=de&amp;bgLayer=pk&amp;logo=yes&amp;season=summer&amp;resolution=2.5&amp;E=2711226&amp;N=1099503&amp;photos=yes&amp;detours=yes&amp;layers=Wanderland%2CStation&amp;trackId=2059380626\">Karte Schweizmobil:<\/a><\/p>\n\n\n<!-- index.php -->\n<div\n\tclass=\"ngg-galleryoverview ngg-ajax-pagination-none\"\n\tid=\"ngg-gallery-8175e971464e6393243bcab4d307dd41-1\">\n\n    \t<div class=\"slideshowlink\">\n        <a href='http:\/\/www.freimarianne.ch\/index.php\/nggallery\/slideshow?page_id=66451'>[Show as slideshow]<\/a>\n\t\t\n\t<\/div>\n\t\t\t<!-- Thumbnails -->\n\t\t\t\t<div id=\"ngg-image-0\" class=\"ngg-gallery-thumbnail-box\" >\n\t\t\t\t        <div class=\"ngg-gallery-thumbnail\">\n            <a href=\"http:\/\/www.freimarianne.ch\/wp-content\/gallery\/arosio-2-11-24\/IMG_8965.jpeg\"\n               title=\"durch den sch\u00f6nen Birkenwald\"\n               data-src=\"http:\/\/www.freimarianne.ch\/wp-content\/gallery\/arosio-2-11-24\/IMG_8965.jpeg\"\n               data-thumbnail=\"http:\/\/www.freimarianne.ch\/wp-content\/gallery\/arosio-2-11-24\/thumbs\/thumbs_IMG_8965.jpeg\"\n               data-image-id=\"34121\"\n               data-title=\"durch den sch\u00f6nen Birkenwald\"\n               data-description=\"durch den sch\u00f6nen Birkenwald\"\n               data-image-slug=\"img_8965-7\"\n               class=\"shutterset_8175e971464e6393243bcab4d307dd41\">\n                <img\n                    title=\"durch den sch\u00f6nen Birkenwald\"\n                    alt=\"durch den sch\u00f6nen Birkenwald\"\n                    src=\"http:\/\/www.freimarianne.ch\/wp-content\/gallery\/arosio-2-11-24\/cache\/IMG_8965.jpeg-nggid0534121-ngg0dyn-100x75x100-00f0w010c010r110f110r010t010.jpeg\"\n                    width=\"100\"\n                    height=\"75\"\n                    style=\"max-width:100%;\"\n                \/>\n            <\/a>\n        <\/div>\n\t\t\t\t\t\t\t<\/div> \n\t\t\t\n                            \n\t\t\t\t<div id=\"ngg-image-1\" class=\"ngg-gallery-thumbnail-box\" >\n\t\t\t\t        <div class=\"ngg-gallery-thumbnail\">\n            <a href=\"http:\/\/www.freimarianne.ch\/wp-content\/gallery\/arosio-2-11-24\/IMG_8966.jpeg\"\n               title=\"durch den sch\u00f6nen Birkenwald\"\n               data-src=\"http:\/\/www.freimarianne.ch\/wp-content\/gallery\/arosio-2-11-24\/IMG_8966.jpeg\"\n               data-thumbnail=\"http:\/\/www.freimarianne.ch\/wp-content\/gallery\/arosio-2-11-24\/thumbs\/thumbs_IMG_8966.jpeg\"\n               data-image-id=\"34119\"\n               data-title=\"durch den sch\u00f6nen Birkenwald\"\n               data-description=\"durch den sch\u00f6nen Birkenwald\"\n               data-image-slug=\"img_8966-1\"\n               class=\"shutterset_8175e971464e6393243bcab4d307dd41\">\n                <img\n                    title=\"durch den sch\u00f6nen Birkenwald\"\n                    alt=\"durch den sch\u00f6nen Birkenwald\"\n                    src=\"http:\/\/www.freimarianne.ch\/wp-content\/gallery\/arosio-2-11-24\/cache\/IMG_8966.jpeg-nggid0534119-ngg0dyn-100x75x100-00f0w010c010r110f110r010t010.jpeg\"\n                    width=\"100\"\n                    height=\"75\"\n                    style=\"max-width:100%;\"\n                \/>\n            <\/a>\n        <\/div>\n\t\t\t\t\t\t\t<\/div> \n\t\t\t\n                            \n\t\t\t\t<div id=\"ngg-image-2\" class=\"ngg-gallery-thumbnail-box\" >\n\t\t\t\t        <div class=\"ngg-gallery-thumbnail\">\n            <a href=\"http:\/\/www.freimarianne.ch\/wp-content\/gallery\/arosio-2-11-24\/IMG_8968.jpeg\"\n               title=\"hinunter gegen Mulino\"\n               data-src=\"http:\/\/www.freimarianne.ch\/wp-content\/gallery\/arosio-2-11-24\/IMG_8968.jpeg\"\n               data-thumbnail=\"http:\/\/www.freimarianne.ch\/wp-content\/gallery\/arosio-2-11-24\/thumbs\/thumbs_IMG_8968.jpeg\"\n               data-image-id=\"34120\"\n               data-title=\"hinunter gegen Mulino\"\n               data-description=\"hinunter gegen Mulino\"\n               data-image-slug=\"img_8968-2\"\n               class=\"shutterset_8175e971464e6393243bcab4d307dd41\">\n                <img\n                    title=\"hinunter gegen Mulino\"\n                    alt=\"hinunter gegen Mulino\"\n                    src=\"http:\/\/www.freimarianne.ch\/wp-content\/gallery\/arosio-2-11-24\/cache\/IMG_8968.jpeg-nggid0534120-ngg0dyn-100x75x100-00f0w010c010r110f110r010t010.jpeg\"\n                    width=\"100\"\n                    height=\"75\"\n                    style=\"max-width:100%;\"\n                \/>\n            <\/a>\n        <\/div>\n\t\t\t\t\t\t\t<\/div> \n\t\t\t\n                            \n\t\t\t\t<div id=\"ngg-image-3\" class=\"ngg-gallery-thumbnail-box\" >\n\t\t\t\t        <div class=\"ngg-gallery-thumbnail\">\n            <a href=\"http:\/\/www.freimarianne.ch\/wp-content\/gallery\/arosio-2-11-24\/IMG_8969.jpeg\"\n               title=\"bei Mulino; Sasso 1201m\"\n               data-src=\"http:\/\/www.freimarianne.ch\/wp-content\/gallery\/arosio-2-11-24\/IMG_8969.jpeg\"\n               data-thumbnail=\"http:\/\/www.freimarianne.ch\/wp-content\/gallery\/arosio-2-11-24\/thumbs\/thumbs_IMG_8969.jpeg\"\n               data-image-id=\"34117\"\n               data-title=\"bei Mulino; Sasso 1201m\"\n               data-description=\"bei Mulino; Sasso 1201m\"\n               data-image-slug=\"img_8969-1\"\n               class=\"shutterset_8175e971464e6393243bcab4d307dd41\">\n                <img\n                    title=\"bei Mulino; Sasso 1201m\"\n                    alt=\"bei Mulino; Sasso 1201m\"\n                    src=\"http:\/\/www.freimarianne.ch\/wp-content\/gallery\/arosio-2-11-24\/cache\/IMG_8969.jpeg-nggid0534117-ngg0dyn-100x75x100-00f0w010c010r110f110r010t010.jpeg\"\n                    width=\"86\"\n                    height=\"75\"\n                    style=\"max-width:100%;\"\n                \/>\n            <\/a>\n        <\/div>\n\t\t\t\t\t\t\t<\/div> \n\t\t\t\n                                    <br style=\"clear: both\" \/>\n                    \n\t\t\t\t<div id=\"ngg-image-4\" class=\"ngg-gallery-thumbnail-box\" >\n\t\t\t\t        <div class=\"ngg-gallery-thumbnail\">\n            <a href=\"http:\/\/www.freimarianne.ch\/wp-content\/gallery\/arosio-2-11-24\/IMG_8970.jpeg\"\n               title=\"Br\u00fccke \u00fcber die  Magliasina\"\n               data-src=\"http:\/\/www.freimarianne.ch\/wp-content\/gallery\/arosio-2-11-24\/IMG_8970.jpeg\"\n               data-thumbnail=\"http:\/\/www.freimarianne.ch\/wp-content\/gallery\/arosio-2-11-24\/thumbs\/thumbs_IMG_8970.jpeg\"\n               data-image-id=\"34116\"\n               data-title=\"Br\u00fccke \u00fcber die  Magliasina\"\n               data-description=\"Br\u00fccke \u00fcber die  Magliasina\"\n               data-image-slug=\"img_8970-5\"\n               class=\"shutterset_8175e971464e6393243bcab4d307dd41\">\n                <img\n                    title=\"Br\u00fccke \u00fcber die  Magliasina\"\n                    alt=\"Br\u00fccke \u00fcber die  Magliasina\"\n                    src=\"http:\/\/www.freimarianne.ch\/wp-content\/gallery\/arosio-2-11-24\/cache\/IMG_8970.jpeg-nggid0534116-ngg0dyn-100x75x100-00f0w010c010r110f110r010t010.jpeg\"\n                    width=\"100\"\n                    height=\"75\"\n                    style=\"max-width:100%;\"\n                \/>\n            <\/a>\n        <\/div>\n\t\t\t\t\t\t\t<\/div> \n\t\t\t\n                            \n\t\t\t\t<div id=\"ngg-image-5\" class=\"ngg-gallery-thumbnail-box\" >\n\t\t\t\t        <div class=\"ngg-gallery-thumbnail\">\n            <a href=\"http:\/\/www.freimarianne.ch\/wp-content\/gallery\/arosio-2-11-24\/IMG_8974.jpeg\"\n               title=\"Kastaienselve\"\n               data-src=\"http:\/\/www.freimarianne.ch\/wp-content\/gallery\/arosio-2-11-24\/IMG_8974.jpeg\"\n               data-thumbnail=\"http:\/\/www.freimarianne.ch\/wp-content\/gallery\/arosio-2-11-24\/thumbs\/thumbs_IMG_8974.jpeg\"\n               data-image-id=\"34118\"\n               data-title=\"Kastaienselve\"\n               data-description=\"Kastaienselve\"\n               data-image-slug=\"img_8974-4\"\n               class=\"shutterset_8175e971464e6393243bcab4d307dd41\">\n                <img\n                    title=\"Kastaienselve\"\n                    alt=\"Kastaienselve\"\n                    src=\"http:\/\/www.freimarianne.ch\/wp-content\/gallery\/arosio-2-11-24\/cache\/IMG_8974.jpeg-nggid0534118-ngg0dyn-100x75x100-00f0w010c010r110f110r010t010.jpeg\"\n                    width=\"100\"\n                    height=\"75\"\n                    style=\"max-width:100%;\"\n                \/>\n            <\/a>\n        <\/div>\n\t\t\t\t\t\t\t<\/div> \n\t\t\t\n                            \n\t\t\t\t<div id=\"ngg-image-6\" class=\"ngg-gallery-thumbnail-box\" >\n\t\t\t\t        <div class=\"ngg-gallery-thumbnail\">\n            <a href=\"http:\/\/www.freimarianne.ch\/wp-content\/gallery\/arosio-2-11-24\/IMG_8977.jpeg\"\n               title=\"lichter Kastanienwald\"\n               data-src=\"http:\/\/www.freimarianne.ch\/wp-content\/gallery\/arosio-2-11-24\/IMG_8977.jpeg\"\n               data-thumbnail=\"http:\/\/www.freimarianne.ch\/wp-content\/gallery\/arosio-2-11-24\/thumbs\/thumbs_IMG_8977.jpeg\"\n               data-image-id=\"34115\"\n               data-title=\"lichter Kastanienwald\"\n               data-description=\"lichter Kastanienwald\"\n               data-image-slug=\"img_8977-5\"\n               class=\"shutterset_8175e971464e6393243bcab4d307dd41\">\n                <img\n                    title=\"lichter Kastanienwald\"\n                    alt=\"lichter Kastanienwald\"\n                    src=\"http:\/\/www.freimarianne.ch\/wp-content\/gallery\/arosio-2-11-24\/cache\/IMG_8977.jpeg-nggid0534115-ngg0dyn-100x75x100-00f0w010c010r110f110r010t010.jpeg\"\n                    width=\"100\"\n                    height=\"75\"\n                    style=\"max-width:100%;\"\n                \/>\n            <\/a>\n        <\/div>\n\t\t\t\t\t\t\t<\/div> \n\t\t\t\n                            \n\t\t\n\t\t<!-- Pagination -->\n\t<div class='ngg-clear'><\/div>\t<\/div>\n\n\n\n\n<!-- index.php -->\n<div\n\tclass=\"ngg-galleryoverview ngg-ajax-pagination-none\"\n\tid=\"ngg-gallery-17e816954b3355d3162e3979623535a9-1\">\n\n    \t<div class=\"slideshowlink\">\n        <a href='http:\/\/www.freimarianne.ch\/index.php\/nggallery\/slideshow?page_id=66451'>[Show as slideshow]<\/a>\n\t\t\n\t<\/div>\n\t\t\t<!-- Thumbnails -->\n\t\t\t\t<div id=\"ngg-image-0\" class=\"ngg-gallery-thumbnail-box\" >\n\t\t\t\t        <div class=\"ngg-gallery-thumbnail\">\n            <a href=\"http:\/\/www.freimarianne.ch\/wp-content\/gallery\/arosio-iph-9-11-25\/IMG_8316.jpeg\"\n               title=\"Blick gegen S\u00fcden; Vezio\"\n               data-src=\"http:\/\/www.freimarianne.ch\/wp-content\/gallery\/arosio-iph-9-11-25\/IMG_8316.jpeg\"\n               data-thumbnail=\"http:\/\/www.freimarianne.ch\/wp-content\/gallery\/arosio-iph-9-11-25\/thumbs\/thumbs_IMG_8316.jpeg\"\n               data-image-id=\"34124\"\n               data-title=\"Blick gegen S\u00fcden; Vezio\"\n               data-description=\"Blick gegen S\u00fcden; Vezio\"\n               data-image-slug=\"img_8316-2\"\n               class=\"shutterset_17e816954b3355d3162e3979623535a9\">\n                <img\n                    title=\"Blick gegen S\u00fcden; Vezio\"\n                    alt=\"Blick gegen S\u00fcden; Vezio\"\n                    src=\"http:\/\/www.freimarianne.ch\/wp-content\/gallery\/arosio-iph-9-11-25\/cache\/IMG_8316.jpeg-nggid0534124-ngg0dyn-100x75x100-00f0w010c010r110f110r010t010.jpeg\"\n                    width=\"100\"\n                    height=\"75\"\n                    style=\"max-width:100%;\"\n                \/>\n            <\/a>\n        <\/div>\n\t\t\t\t\t\t\t<\/div> \n\t\t\t\n                            \n\t\t\t\t<div id=\"ngg-image-1\" class=\"ngg-gallery-thumbnail-box\" >\n\t\t\t\t        <div class=\"ngg-gallery-thumbnail\">\n            <a href=\"http:\/\/www.freimarianne.ch\/wp-content\/gallery\/arosio-iph-9-11-25\/IMG_8306.jpeg\"\n               title=\"wundersch\u00f6ne Herbstlandschaft\"\n               data-src=\"http:\/\/www.freimarianne.ch\/wp-content\/gallery\/arosio-iph-9-11-25\/IMG_8306.jpeg\"\n               data-thumbnail=\"http:\/\/www.freimarianne.ch\/wp-content\/gallery\/arosio-iph-9-11-25\/thumbs\/thumbs_IMG_8306.jpeg\"\n               data-image-id=\"34127\"\n               data-title=\"wundersch\u00f6ne Herbstlandschaft\"\n               data-description=\"wundersch\u00f6ne Herbstlandschaft\"\n               data-image-slug=\"img_8306-3\"\n               class=\"shutterset_17e816954b3355d3162e3979623535a9\">\n                <img\n                    title=\"wundersch\u00f6ne Herbstlandschaft\"\n                    alt=\"wundersch\u00f6ne Herbstlandschaft\"\n                    src=\"http:\/\/www.freimarianne.ch\/wp-content\/gallery\/arosio-iph-9-11-25\/cache\/IMG_8306.jpeg-nggid0534127-ngg0dyn-100x75x100-00f0w010c010r110f110r010t010.jpeg\"\n                    width=\"100\"\n                    height=\"75\"\n                    style=\"max-width:100%;\"\n                \/>\n            <\/a>\n        <\/div>\n\t\t\t\t\t\t\t<\/div> \n\t\t\t\n                            \n\t\t\t\t<div id=\"ngg-image-2\" class=\"ngg-gallery-thumbnail-box\" >\n\t\t\t\t        <div class=\"ngg-gallery-thumbnail\">\n            <a href=\"http:\/\/www.freimarianne.ch\/wp-content\/gallery\/arosio-iph-9-11-25\/IMG_8307.jpeg\"\n               title=\"bei Mulino\"\n               data-src=\"http:\/\/www.freimarianne.ch\/wp-content\/gallery\/arosio-iph-9-11-25\/IMG_8307.jpeg\"\n               data-thumbnail=\"http:\/\/www.freimarianne.ch\/wp-content\/gallery\/arosio-iph-9-11-25\/thumbs\/thumbs_IMG_8307.jpeg\"\n               data-image-id=\"34123\"\n               data-title=\"bei Mulino\"\n               data-description=\"bei Mulino\"\n               data-image-slug=\"img_8307-4\"\n               class=\"shutterset_17e816954b3355d3162e3979623535a9\">\n                <img\n                    title=\"bei Mulino\"\n                    alt=\"bei Mulino\"\n                    src=\"http:\/\/www.freimarianne.ch\/wp-content\/gallery\/arosio-iph-9-11-25\/cache\/IMG_8307.jpeg-nggid0534123-ngg0dyn-100x75x100-00f0w010c010r110f110r010t010.jpeg\"\n                    width=\"94\"\n                    height=\"75\"\n                    style=\"max-width:100%;\"\n                \/>\n            <\/a>\n        <\/div>\n\t\t\t\t\t\t\t<\/div> \n\t\t\t\n                            \n\t\t\t\t<div id=\"ngg-image-3\" class=\"ngg-gallery-thumbnail-box\" >\n\t\t\t\t        <div class=\"ngg-gallery-thumbnail\">\n            <a href=\"http:\/\/www.freimarianne.ch\/wp-content\/gallery\/arosio-iph-9-11-25\/IMG_8308.jpeg\"\n               title=\"bei Mulino\"\n               data-src=\"http:\/\/www.freimarianne.ch\/wp-content\/gallery\/arosio-iph-9-11-25\/IMG_8308.jpeg\"\n               data-thumbnail=\"http:\/\/www.freimarianne.ch\/wp-content\/gallery\/arosio-iph-9-11-25\/thumbs\/thumbs_IMG_8308.jpeg\"\n               data-image-id=\"34125\"\n               data-title=\"bei Mulino\"\n               data-description=\"bei Mulino\"\n               data-image-slug=\"img_8308-2\"\n               class=\"shutterset_17e816954b3355d3162e3979623535a9\">\n                <img\n                    title=\"bei Mulino\"\n                    alt=\"bei Mulino\"\n                    src=\"http:\/\/www.freimarianne.ch\/wp-content\/gallery\/arosio-iph-9-11-25\/cache\/IMG_8308.jpeg-nggid0534125-ngg0dyn-100x75x100-00f0w010c010r110f110r010t010.jpeg\"\n                    width=\"100\"\n                    height=\"75\"\n                    style=\"max-width:100%;\"\n                \/>\n            <\/a>\n        <\/div>\n\t\t\t\t\t\t\t<\/div> \n\t\t\t\n                                    <br style=\"clear: both\" \/>\n                    \n\t\t\t\t<div id=\"ngg-image-4\" class=\"ngg-gallery-thumbnail-box\" >\n\t\t\t\t        <div class=\"ngg-gallery-thumbnail\">\n            <a href=\"http:\/\/www.freimarianne.ch\/wp-content\/gallery\/arosio-iph-9-11-25\/IMG_8311.jpeg\"\n               title=\"Blick auf Mugena\"\n               data-src=\"http:\/\/www.freimarianne.ch\/wp-content\/gallery\/arosio-iph-9-11-25\/IMG_8311.jpeg\"\n               data-thumbnail=\"http:\/\/www.freimarianne.ch\/wp-content\/gallery\/arosio-iph-9-11-25\/thumbs\/thumbs_IMG_8311.jpeg\"\n               data-image-id=\"34126\"\n               data-title=\"Blick auf Mugena\"\n               data-description=\"Blick auf Mugena\"\n               data-image-slug=\"img_8311-3\"\n               class=\"shutterset_17e816954b3355d3162e3979623535a9\">\n                <img\n                    title=\"Blick auf Mugena\"\n                    alt=\"Blick auf Mugena\"\n                    src=\"http:\/\/www.freimarianne.ch\/wp-content\/gallery\/arosio-iph-9-11-25\/cache\/IMG_8311.jpeg-nggid0534126-ngg0dyn-100x75x100-00f0w010c010r110f110r010t010.jpeg\"\n                    width=\"100\"\n                    height=\"75\"\n                    style=\"max-width:100%;\"\n                \/>\n            <\/a>\n        <\/div>\n\t\t\t\t\t\t\t<\/div> \n\t\t\t\n                            \n\t\t\t\t<div id=\"ngg-image-5\" class=\"ngg-gallery-thumbnail-box\" >\n\t\t\t\t        <div class=\"ngg-gallery-thumbnail\">\n            <a href=\"http:\/\/www.freimarianne.ch\/wp-content\/gallery\/arosio-iph-9-11-25\/IMG_8314.jpeg\"\n               title=\"Blick auf Arosio\"\n               data-src=\"http:\/\/www.freimarianne.ch\/wp-content\/gallery\/arosio-iph-9-11-25\/IMG_8314.jpeg\"\n               data-thumbnail=\"http:\/\/www.freimarianne.ch\/wp-content\/gallery\/arosio-iph-9-11-25\/thumbs\/thumbs_IMG_8314.jpeg\"\n               data-image-id=\"34122\"\n               data-title=\"Blick auf Arosio\"\n               data-description=\"Blick auf Arosio\"\n               data-image-slug=\"img_8314-2\"\n               class=\"shutterset_17e816954b3355d3162e3979623535a9\">\n                <img\n                    title=\"Blick auf Arosio\"\n                    alt=\"Blick auf Arosio\"\n                    src=\"http:\/\/www.freimarianne.ch\/wp-content\/gallery\/arosio-iph-9-11-25\/cache\/IMG_8314.jpeg-nggid0534122-ngg0dyn-100x75x100-00f0w010c010r110f110r010t010.jpeg\"\n                    width=\"100\"\n                    height=\"75\"\n                    style=\"max-width:100%;\"\n                \/>\n            <\/a>\n        <\/div>\n\t\t\t\t\t\t\t<\/div> \n\t\t\t\n                            \n\t\t\n\t\t<!-- Pagination -->\n\t<div class='ngg-clear'><\/div>\t<\/div>\n\n","protected":false},"excerpt":{"rendered":"<p>Wandern auf dem Sentiero del Castagno Wir fahren nach Arosio,TI um einen kurzen Teil des Sentiero del Castagnos zu erwandern. Dies habe ich einer MItwanderin versprochen, die damals nicht auf unserer \u201eAlpenblick\u201c Wanderung dabei sein konnte. Wir beginnen unsere Wanderung in Arosio, paese und sind bald im Kastanienwald, wo wir aufsteigen m\u00fcssen bis zur Abzweigung [&hellip;]<\/p>\n","protected":false},"author":1,"featured_media":0,"parent":65961,"menu_order":17,"comment_status":"closed","ping_status":"closed","template":"","meta":{"ngg_post_thumbnail":0},"_links":{"self":[{"href":"http:\/\/www.freimarianne.ch\/index.php?rest_route=\/wp\/v2\/pages\/66451"}],"collection":[{"href":"http:\/\/www.freimarianne.ch\/index.php?rest_route=\/wp\/v2\/pages"}],"about":[{"href":"http:\/\/www.freimarianne.ch\/index.php?rest_route=\/wp\/v2\/types\/page"}],"author":[{"embeddable":true,"href":"http:\/\/www.freimarianne.ch\/index.php?rest_route=\/wp\/v2\/users\/1"}],"replies":[{"embeddable":true,"href":"http:\/\/www.freimarianne.ch\/index.php?rest_route=%2Fwp%2Fv2%2Fcomments&post=66451"}],"version-history":[{"count":3,"href":"http:\/\/www.freimarianne.ch\/index.php?rest_route=\/wp\/v2\/pages\/66451\/revisions"}],"predecessor-version":[{"id":66575,"href":"http:\/\/www.freimarianne.ch\/index.php?rest_route=\/wp\/v2\/pages\/66451\/revisions\/66575"}],"up":[{"embeddable":true,"href":"http:\/\/www.freimarianne.ch\/index.php?rest_route=\/wp\/v2\/pages\/65961"}],"wp:attachment":[{"href":"http:\/\/www.freimarianne.ch\/index.php?rest_route=%2Fwp%2Fv2%2Fmedia&parent=66451"}],"curies":[{"name":"wp","href":"https:\/\/api.w.org\/{rel}","templated":true}]}}