{"id":67751,"date":"2025-05-05T08:39:44","date_gmt":"2025-05-05T07:39:44","guid":{"rendered":"https:\/\/www.freimarianne.ch\/?page_id=67751"},"modified":"2025-05-05T08:55:16","modified_gmt":"2025-05-05T07:55:16","slug":"mendrisio-ti-3-5-2025","status":"publish","type":"page","link":"http:\/\/www.freimarianne.ch\/?page_id=67751","title":{"rendered":"Mendrisio  TI  3.5.2025"},"content":{"rendered":"\n<p><strong>Erkundung von der Gegend bei Mendrisio<\/strong><\/p>\n\n\n<div id=\"attachment_67747\" style=\"width: 510px\" class=\"wp-caption alignleft\"><img aria-describedby=\"caption-attachment-67747\" loading=\"lazy\" class=\"size-full wp-image-67747\" src=\"http:\/\/www.freimarianne.ch\/wp-content\/uploads\/2025\/05\/IMG_9608_mendrisio_5.25_500.jpeg\" alt=\"\" width=\"500\" height=\"342\" srcset=\"http:\/\/www.freimarianne.ch\/wp-content\/uploads\/2025\/05\/IMG_9608_mendrisio_5.25_500.jpeg 500w, http:\/\/www.freimarianne.ch\/wp-content\/uploads\/2025\/05\/IMG_9608_mendrisio_5.25_500-300x205.jpeg 300w, http:\/\/www.freimarianne.ch\/wp-content\/uploads\/2025\/05\/IMG_9608_mendrisio_5.25_500-439x300.jpeg 439w\" sizes=\"(max-width: 500px) 100vw, 500px\" \/><p id=\"caption-attachment-67747\" class=\"wp-caption-text\">Park bei Capolago<\/p><\/div>\n<p>Heute bin ich schon wieder auf den n\u00e4chsten Erkundungstour, um einen Eindruck von der Gegend zu erhalten, in welcher ich gerne eine Wanderungen machen m\u00f6chte.<\/p>\n<p>Ich fahre mit dem 7h Zug nach Lugano und mit der S-Bahn mach Mendrisio. Bald finde ich den Weg zur Altstadt und sogar das Restaurant, wo man ein Zimmer mieten kann ( auf dem WEB gefunden!). Ich bin positiv \u00fcberrascht!<br>In der N\u00e4he gibt es eine Bus Haltestelle, von welcher ich zum Bahnhof und mit der S-Bahn nach Capolago fahre. Hier k\u00f6nnte man gleich auf die Monte Generoso Bahn umsteigen (eines meiner Wanderziele neben dem Monte San Giorgio). Ich wandere hin\u00fcber nach Riva San Vitale, das am Seeende liegt. Nun habe ich auch diesen Ort gleich kennen gelernt! Es geht dann wieder zur\u00fcck zum Bahnhof, wo ich bereits um 13.48h den Zug nach Lugano besteigen kann.<\/p>\n<p>Auch diese Ausflug ist f\u00fcr mich positiv verlaufen. <\/p>\n\n\n<!-- index.php -->\n<div\n\tclass=\"ngg-galleryoverview ngg-ajax-pagination-none\"\n\tid=\"ngg-gallery-b2a99476c39cb35efae5b3742b8fcc6b-1\">\n\n    \t<div class=\"slideshowlink\">\n        <a href='http:\/\/www.freimarianne.ch\/index.php\/nggallery\/slideshow?page_id=67751'>[Show as slideshow]<\/a>\n\t\t\n\t<\/div>\n\t\t\t<!-- Thumbnails -->\n\t\t\t\t<div id=\"ngg-image-0\" class=\"ngg-gallery-thumbnail-box\" >\n\t\t\t\t        <div class=\"ngg-gallery-thumbnail\">\n            <a href=\"http:\/\/www.freimarianne.ch\/wp-content\/gallery\/mendrisio-3-5-25\/IMG_9591.jpeg\"\n               title=\"in der Altsadt\"\n               data-src=\"http:\/\/www.freimarianne.ch\/wp-content\/gallery\/mendrisio-3-5-25\/IMG_9591.jpeg\"\n               data-thumbnail=\"http:\/\/www.freimarianne.ch\/wp-content\/gallery\/mendrisio-3-5-25\/thumbs\/thumbs_IMG_9591.jpeg\"\n               data-image-id=\"34953\"\n               data-title=\"in der Altsadt\"\n               data-description=\"in der Altsadt\"\n               data-image-slug=\"img_9591-1\"\n               class=\"shutterset_b2a99476c39cb35efae5b3742b8fcc6b\">\n                <img\n                    title=\"in der Altsadt\"\n                    alt=\"in der Altsadt\"\n                    src=\"http:\/\/www.freimarianne.ch\/wp-content\/gallery\/mendrisio-3-5-25\/cache\/IMG_9591.jpeg-nggid0534953-ngg0dyn-100x75x100-00f0w010c010r110f110r010t010.jpeg\"\n                    width=\"100\"\n                    height=\"75\"\n                    style=\"max-width:100%;\"\n                \/>\n            <\/a>\n        <\/div>\n\t\t\t\t\t\t\t<\/div> \n\t\t\t\n                            \n\t\t\t\t<div id=\"ngg-image-1\" class=\"ngg-gallery-thumbnail-box\" >\n\t\t\t\t        <div class=\"ngg-gallery-thumbnail\">\n            <a href=\"http:\/\/www.freimarianne.ch\/wp-content\/gallery\/mendrisio-3-5-25\/IMG_9590.jpeg\"\n               title=\"\"\n               data-src=\"http:\/\/www.freimarianne.ch\/wp-content\/gallery\/mendrisio-3-5-25\/IMG_9590.jpeg\"\n               data-thumbnail=\"http:\/\/www.freimarianne.ch\/wp-content\/gallery\/mendrisio-3-5-25\/thumbs\/thumbs_IMG_9590.jpeg\"\n               data-image-id=\"34954\"\n               data-title=\"IMG_9590\"\n               data-description=\"\"\n               data-image-slug=\"img_9590-2\"\n               class=\"shutterset_b2a99476c39cb35efae5b3742b8fcc6b\">\n                <img\n                    title=\"IMG_9590\"\n                    alt=\"IMG_9590\"\n                    src=\"http:\/\/www.freimarianne.ch\/wp-content\/gallery\/mendrisio-3-5-25\/cache\/IMG_9590.jpeg-nggid0534954-ngg0dyn-100x75x100-00f0w010c010r110f110r010t010.jpeg\"\n                    width=\"94\"\n                    height=\"75\"\n                    style=\"max-width:100%;\"\n                \/>\n            <\/a>\n        <\/div>\n\t\t\t\t\t\t\t<\/div> \n\t\t\t\n                            \n\t\t\t\t<div id=\"ngg-image-2\" class=\"ngg-gallery-thumbnail-box\" >\n\t\t\t\t        <div class=\"ngg-gallery-thumbnail\">\n            <a href=\"http:\/\/www.freimarianne.ch\/wp-content\/gallery\/mendrisio-3-5-25\/IMG_9606.jpeg\"\n               title=\"Park bei Capolago\"\n               data-src=\"http:\/\/www.freimarianne.ch\/wp-content\/gallery\/mendrisio-3-5-25\/IMG_9606.jpeg\"\n               data-thumbnail=\"http:\/\/www.freimarianne.ch\/wp-content\/gallery\/mendrisio-3-5-25\/thumbs\/thumbs_IMG_9606.jpeg\"\n               data-image-id=\"34952\"\n               data-title=\"Park bei Capolago\"\n               data-description=\"Park bei Capolago\"\n               data-image-slug=\"img_9606-2\"\n               class=\"shutterset_b2a99476c39cb35efae5b3742b8fcc6b\">\n                <img\n                    title=\"Park bei Capolago\"\n                    alt=\"Park bei Capolago\"\n                    src=\"http:\/\/www.freimarianne.ch\/wp-content\/gallery\/mendrisio-3-5-25\/cache\/IMG_9606.jpeg-nggid0534952-ngg0dyn-100x75x100-00f0w010c010r110f110r010t010.jpeg\"\n                    width=\"100\"\n                    height=\"75\"\n                    style=\"max-width:100%;\"\n                \/>\n            <\/a>\n        <\/div>\n\t\t\t\t\t\t\t<\/div> \n\t\t\t\n                            \n\t\t\t\t<div id=\"ngg-image-3\" class=\"ngg-gallery-thumbnail-box\" >\n\t\t\t\t        <div class=\"ngg-gallery-thumbnail\">\n            <a href=\"http:\/\/www.freimarianne.ch\/wp-content\/gallery\/mendrisio-3-5-25\/IMG_9607.jpeg\"\n               title=\"Park bei Capolago\"\n               data-src=\"http:\/\/www.freimarianne.ch\/wp-content\/gallery\/mendrisio-3-5-25\/IMG_9607.jpeg\"\n               data-thumbnail=\"http:\/\/www.freimarianne.ch\/wp-content\/gallery\/mendrisio-3-5-25\/thumbs\/thumbs_IMG_9607.jpeg\"\n               data-image-id=\"34951\"\n               data-title=\"Park bei Capolago\"\n               data-description=\"Park bei Capolago\"\n               data-image-slug=\"img_9607-5\"\n               class=\"shutterset_b2a99476c39cb35efae5b3742b8fcc6b\">\n                <img\n                    title=\"Park bei Capolago\"\n                    alt=\"Park bei Capolago\"\n                    src=\"http:\/\/www.freimarianne.ch\/wp-content\/gallery\/mendrisio-3-5-25\/cache\/IMG_9607.jpeg-nggid0534951-ngg0dyn-100x75x100-00f0w010c010r110f110r010t010.jpeg\"\n                    width=\"97\"\n                    height=\"75\"\n                    style=\"max-width:100%;\"\n                \/>\n            <\/a>\n        <\/div>\n\t\t\t\t\t\t\t<\/div> \n\t\t\t\n                                    <br style=\"clear: both\" \/>\n                    \n\t\t\t\t<div id=\"ngg-image-4\" class=\"ngg-gallery-thumbnail-box\" >\n\t\t\t\t        <div class=\"ngg-gallery-thumbnail\">\n            <a href=\"http:\/\/www.freimarianne.ch\/wp-content\/gallery\/mendrisio-3-5-25\/IMG_9610.jpeg\"\n               title=\"Park bei Capolago; Sicht auf  Riva San Vitale\"\n               data-src=\"http:\/\/www.freimarianne.ch\/wp-content\/gallery\/mendrisio-3-5-25\/IMG_9610.jpeg\"\n               data-thumbnail=\"http:\/\/www.freimarianne.ch\/wp-content\/gallery\/mendrisio-3-5-25\/thumbs\/thumbs_IMG_9610.jpeg\"\n               data-image-id=\"34948\"\n               data-title=\"Park bei Capolago; Sicht auf  Riva San Vitale\"\n               data-description=\"Park bei Capolago; Sicht auf  Riva San Vitale\"\n               data-image-slug=\"img_9610-4\"\n               class=\"shutterset_b2a99476c39cb35efae5b3742b8fcc6b\">\n                <img\n                    title=\"Park bei Capolago; Sicht auf  Riva San Vitale\"\n                    alt=\"Park bei Capolago; Sicht auf  Riva San Vitale\"\n                    src=\"http:\/\/www.freimarianne.ch\/wp-content\/gallery\/mendrisio-3-5-25\/cache\/IMG_9610.jpeg-nggid0534948-ngg0dyn-100x75x100-00f0w010c010r110f110r010t010.jpeg\"\n                    width=\"100\"\n                    height=\"72\"\n                    style=\"max-width:100%;\"\n                \/>\n            <\/a>\n        <\/div>\n\t\t\t\t\t\t\t<\/div> \n\t\t\t\n                            \n\t\t\t\t<div id=\"ngg-image-5\" class=\"ngg-gallery-thumbnail-box\" >\n\t\t\t\t        <div class=\"ngg-gallery-thumbnail\">\n            <a href=\"http:\/\/www.freimarianne.ch\/wp-content\/gallery\/mendrisio-3-5-25\/IMG_9613.jpeg\"\n               title=\"Park bei Capolago; i Mt.Generoso\"\n               data-src=\"http:\/\/www.freimarianne.ch\/wp-content\/gallery\/mendrisio-3-5-25\/IMG_9613.jpeg\"\n               data-thumbnail=\"http:\/\/www.freimarianne.ch\/wp-content\/gallery\/mendrisio-3-5-25\/thumbs\/thumbs_IMG_9613.jpeg\"\n               data-image-id=\"34950\"\n               data-title=\"Park bei Capolago; i Mt.Generoso\"\n               data-description=\"Park bei Capolago; i Mt.Generoso\"\n               data-image-slug=\"img_9613-4\"\n               class=\"shutterset_b2a99476c39cb35efae5b3742b8fcc6b\">\n                <img\n                    title=\"Park bei Capolago; i Mt.Generoso\"\n                    alt=\"Park bei Capolago; i Mt.Generoso\"\n                    src=\"http:\/\/www.freimarianne.ch\/wp-content\/gallery\/mendrisio-3-5-25\/cache\/IMG_9613.jpeg-nggid0534950-ngg0dyn-100x75x100-00f0w010c010r110f110r010t010.jpeg\"\n                    width=\"100\"\n                    height=\"75\"\n                    style=\"max-width:100%;\"\n                \/>\n            <\/a>\n        <\/div>\n\t\t\t\t\t\t\t<\/div> \n\t\t\t\n                            \n\t\t\t\t<div id=\"ngg-image-6\" class=\"ngg-gallery-thumbnail-box\" >\n\t\t\t\t        <div class=\"ngg-gallery-thumbnail\">\n            <a href=\"http:\/\/www.freimarianne.ch\/wp-content\/gallery\/mendrisio-3-5-25\/IMG_9616.jpeg\"\n               title=\"Sicht auf  Riva San Vitale\"\n               data-src=\"http:\/\/www.freimarianne.ch\/wp-content\/gallery\/mendrisio-3-5-25\/IMG_9616.jpeg\"\n               data-thumbnail=\"http:\/\/www.freimarianne.ch\/wp-content\/gallery\/mendrisio-3-5-25\/thumbs\/thumbs_IMG_9616.jpeg\"\n               data-image-id=\"34949\"\n               data-title=\"Sicht auf  Riva San Vitale\"\n               data-description=\"Sicht auf  Riva San Vitale\"\n               data-image-slug=\"img_9616\"\n               class=\"shutterset_b2a99476c39cb35efae5b3742b8fcc6b\">\n                <img\n                    title=\"Sicht auf  Riva San Vitale\"\n                    alt=\"Sicht auf  Riva San Vitale\"\n                    src=\"http:\/\/www.freimarianne.ch\/wp-content\/gallery\/mendrisio-3-5-25\/cache\/IMG_9616.jpeg-nggid0534949-ngg0dyn-100x75x100-00f0w010c010r110f110r010t010.jpeg\"\n                    width=\"100\"\n                    height=\"73\"\n                    style=\"max-width:100%;\"\n                \/>\n            <\/a>\n        <\/div>\n\t\t\t\t\t\t\t<\/div> \n\t\t\t\n                            \n\t\t\t\t<div id=\"ngg-image-7\" class=\"ngg-gallery-thumbnail-box\" >\n\t\t\t\t        <div class=\"ngg-gallery-thumbnail\">\n            <a href=\"http:\/\/www.freimarianne.ch\/wp-content\/gallery\/mendrisio-3-5-25\/IMG_9618.jpeg\"\n               title=\"Riva San Vitale\"\n               data-src=\"http:\/\/www.freimarianne.ch\/wp-content\/gallery\/mendrisio-3-5-25\/IMG_9618.jpeg\"\n               data-thumbnail=\"http:\/\/www.freimarianne.ch\/wp-content\/gallery\/mendrisio-3-5-25\/thumbs\/thumbs_IMG_9618.jpeg\"\n               data-image-id=\"34946\"\n               data-title=\"Riva San Vitale\"\n               data-description=\"Riva San Vitale\"\n               data-image-slug=\"img_9618-3\"\n               class=\"shutterset_b2a99476c39cb35efae5b3742b8fcc6b\">\n                <img\n                    title=\"Riva San Vitale\"\n                    alt=\"Riva San Vitale\"\n                    src=\"http:\/\/www.freimarianne.ch\/wp-content\/gallery\/mendrisio-3-5-25\/cache\/IMG_9618.jpeg-nggid0534946-ngg0dyn-100x75x100-00f0w010c010r110f110r010t010.jpeg\"\n                    width=\"100\"\n                    height=\"67\"\n                    style=\"max-width:100%;\"\n                \/>\n            <\/a>\n        <\/div>\n\t\t\t\t\t\t\t<\/div> \n\t\t\t\n                                    <br style=\"clear: both\" \/>\n                    \n\t\t\t\t<div id=\"ngg-image-8\" class=\"ngg-gallery-thumbnail-box\" >\n\t\t\t\t        <div class=\"ngg-gallery-thumbnail\">\n            <a href=\"http:\/\/www.freimarianne.ch\/wp-content\/gallery\/mendrisio-3-5-25\/IMG_9619.jpeg\"\n               title=\"Monte Generoso\"\n               data-src=\"http:\/\/www.freimarianne.ch\/wp-content\/gallery\/mendrisio-3-5-25\/IMG_9619.jpeg\"\n               data-thumbnail=\"http:\/\/www.freimarianne.ch\/wp-content\/gallery\/mendrisio-3-5-25\/thumbs\/thumbs_IMG_9619.jpeg\"\n               data-image-id=\"34947\"\n               data-title=\"Monte Generoso\"\n               data-description=\"Monte Generoso\"\n               data-image-slug=\"img_9619-3\"\n               class=\"shutterset_b2a99476c39cb35efae5b3742b8fcc6b\">\n                <img\n                    title=\"Monte Generoso\"\n                    alt=\"Monte Generoso\"\n                    src=\"http:\/\/www.freimarianne.ch\/wp-content\/gallery\/mendrisio-3-5-25\/cache\/IMG_9619.jpeg-nggid0534947-ngg0dyn-100x75x100-00f0w010c010r110f110r010t010.jpeg\"\n                    width=\"100\"\n                    height=\"75\"\n                    style=\"max-width:100%;\"\n                \/>\n            <\/a>\n        <\/div>\n\t\t\t\t\t\t\t<\/div> \n\t\t\t\n                            \n\t\t\t\t<div id=\"ngg-image-9\" class=\"ngg-gallery-thumbnail-box\" >\n\t\t\t\t        <div class=\"ngg-gallery-thumbnail\">\n            <a href=\"http:\/\/www.freimarianne.ch\/wp-content\/gallery\/mendrisio-3-5-25\/IMG_9621.jpeg\"\n               title=\"Riva San Vitale; Schiffsteg\"\n               data-src=\"http:\/\/www.freimarianne.ch\/wp-content\/gallery\/mendrisio-3-5-25\/IMG_9621.jpeg\"\n               data-thumbnail=\"http:\/\/www.freimarianne.ch\/wp-content\/gallery\/mendrisio-3-5-25\/thumbs\/thumbs_IMG_9621.jpeg\"\n               data-image-id=\"34945\"\n               data-title=\"Riva San Vitale; Schiffsteg\"\n               data-description=\"Riva San Vitale; Schiffsteg\"\n               data-image-slug=\"img_9621-3\"\n               class=\"shutterset_b2a99476c39cb35efae5b3742b8fcc6b\">\n                <img\n                    title=\"Riva San Vitale; Schiffsteg\"\n                    alt=\"Riva San Vitale; Schiffsteg\"\n                    src=\"http:\/\/www.freimarianne.ch\/wp-content\/gallery\/mendrisio-3-5-25\/cache\/IMG_9621.jpeg-nggid0534945-ngg0dyn-100x75x100-00f0w010c010r110f110r010t010.jpeg\"\n                    width=\"100\"\n                    height=\"75\"\n                    style=\"max-width:100%;\"\n                \/>\n            <\/a>\n        <\/div>\n\t\t\t\t\t\t\t<\/div> \n\t\t\t\n                            \n\t\t\n\t\t<!-- Pagination -->\n\t<div class='ngg-clear'><\/div>\t<\/div>\n\n\n\n\n<p><\/p>\n","protected":false},"excerpt":{"rendered":"<p>Erkundung von der Gegend bei Mendrisio Heute bin ich schon wieder auf den n\u00e4chsten Erkundungstour, um einen Eindruck von der Gegend zu erhalten, in welcher ich gerne eine Wanderungen machen m\u00f6chte. Ich fahre mit dem 7h Zug nach Lugano und mit der S-Bahn mach Mendrisio. Bald finde ich den Weg zur Altstadt und sogar das [&hellip;]<\/p>\n","protected":false},"author":1,"featured_media":0,"parent":67194,"menu_order":20,"comment_status":"closed","ping_status":"closed","template":"","meta":{"ngg_post_thumbnail":0},"_links":{"self":[{"href":"http:\/\/www.freimarianne.ch\/index.php?rest_route=\/wp\/v2\/pages\/67751"}],"collection":[{"href":"http:\/\/www.freimarianne.ch\/index.php?rest_route=\/wp\/v2\/pages"}],"about":[{"href":"http:\/\/www.freimarianne.ch\/index.php?rest_route=\/wp\/v2\/types\/page"}],"author":[{"embeddable":true,"href":"http:\/\/www.freimarianne.ch\/index.php?rest_route=\/wp\/v2\/users\/1"}],"replies":[{"embeddable":true,"href":"http:\/\/www.freimarianne.ch\/index.php?rest_route=%2Fwp%2Fv2%2Fcomments&post=67751"}],"version-history":[{"count":3,"href":"http:\/\/www.freimarianne.ch\/index.php?rest_route=\/wp\/v2\/pages\/67751\/revisions"}],"predecessor-version":[{"id":67795,"href":"http:\/\/www.freimarianne.ch\/index.php?rest_route=\/wp\/v2\/pages\/67751\/revisions\/67795"}],"up":[{"embeddable":true,"href":"http:\/\/www.freimarianne.ch\/index.php?rest_route=\/wp\/v2\/pages\/67194"}],"wp:attachment":[{"href":"http:\/\/www.freimarianne.ch\/index.php?rest_route=%2Fwp%2Fv2%2Fmedia&parent=67751"}],"curies":[{"name":"wp","href":"https:\/\/api.w.org\/{rel}","templated":true}]}}