{"id":68040,"date":"2025-06-29T10:07:11","date_gmt":"2025-06-29T09:07:11","guid":{"rendered":"https:\/\/www.freimarianne.ch\/?page_id=68040"},"modified":"2025-06-29T10:59:49","modified_gmt":"2025-06-29T09:59:49","slug":"meride-serpiano-ti-13-6-2025","status":"publish","type":"page","link":"http:\/\/www.freimarianne.ch\/?page_id=68040","title":{"rendered":"Meride &#8211; Serpiano  TI 13.6.2025"},"content":{"rendered":"\n<p><strong><strong>3.Tag der Ferien in Mendrisio<\/strong><\/strong><\/p>\n\n\n\n<p><strong> Besuch des Fossilienmuseums in Meride und Wanderung nach Serpiano<\/strong><\/p>\n\n\n\n<p><\/p>\n\n\n\n<div class=\"wp-block-image\"><figure class=\"alignleft\"><img loading=\"lazy\" width=\"500\" height=\"263\" src=\"http:\/\/www.freimarianne.ch\/wp-content\/uploads\/2025\/06\/IMG_9950._meride_6.25_500.jpeg\" alt=\"\" class=\"wp-image-68029\" srcset=\"http:\/\/www.freimarianne.ch\/wp-content\/uploads\/2025\/06\/IMG_9950._meride_6.25_500.jpeg 500w, http:\/\/www.freimarianne.ch\/wp-content\/uploads\/2025\/06\/IMG_9950._meride_6.25_500-300x158.jpeg 300w\" sizes=\"(max-width: 500px) 100vw, 500px\" \/><\/figure><\/div>\n\n\n<p>&nbsp;<\/p>\n<p>Nochmals fahre Ich heute nach Meride, um das Fossilien Museum zu besuchen, das mitten im Dorf liegt.<br>Dort verbringe ich eine Stunde und schaue mir die Funde an. Davon mache ich einige Fotos f\u00fcr mich privat. Die Ausstellung ist wirklich sehenswert und man k\u00f6nnte Stunden darin verbringen. Ich m\u00f6chte aber noch einen Teil des \u201eGeo-pal\u00e4ontologischer Weg Monte San Giorgio\u201c unter die F\u00fcsse nehmen. Diesem werde ich bis Serpiano folgen. Dies ist eine leichte Wanderung aber gerade richtig bei dieser grossen Hitze.<br>Zuerst besuche ich den Ausgrabungsort Val Mara oberhalb des Gaggiolo-Baches. Hier im Wald ist es angenehm k\u00fchl. Weiter geht es noch auf Hartbelag nach Spinirolo. Bald kann ich auf den Wanderweg abzweigen, der in den Wald hiniein und nach Crocefisso 670m f\u00fchrt. Bald erreiche ich Sassone di Carpanee, ein sogenannter Lehrraum im Freien, wo man in Holzbeh\u00e4ltern nach Steinen suchen kann, die evt. kleine Abdr\u00fccke von Meerestieren oder Pflanzen haben. Daneben ist eine geschichtete Steinwand sichtbar,wodie Forscher offensichtlich viel Funde freigelegt haben. Ich wandere weiter und gelange in die Umgebung von Serpiano 615m, wo ich imWalde meine Mittagspause halte. Dann fahre ich hinunter zum Ort <br>Bonera am Luganersee, wo ich nach einer Wartezeit spontan ein Schiff nach Lugano besteige.<br>Leider ist es in Lugano sehr heiss und es wimmelt nur von Menschen. So bin ich froh, als ich in die k\u00fchle S-Bahn nach Mendrisio steigen kann.<\/p>\n<p>&nbsp;<\/p>\n<p>&nbsp;<\/p>\n<p>Laut Schweizmobil:<\/p>\n<p>Distanz: 5.45km; Aufstieg:245m; Abstieg: 140m;Wanderzeit:1h 35min<\/p>\n<p><a href=\"https:\/\/map.schweizmobil.ch\/?lang=de&amp;bgLayer=pk&amp;logo=yes&amp;season=summer&amp;resolution=1&amp;E=2716043&amp;N=1085743&amp;photos=yes&amp;detours=yes&amp;layers=Wanderland%2CStation&amp;trackId=950155817\">Karte Schweizmobil:<\/a><\/p>\n<p>Link zum Geo-pal\u00e4ontologischer Weg Monte San Giorgio<\/p>\n<p><a href=\"https:\/\/www.ticino.ch\/de\/hike\/details\/Geo-pal%C3%A4ontologischer-Weg-Monte-San-Giorgio\/801413636.html\">Link<\/a><\/p>\n<p>&nbsp;<\/p>\n\n\n<!-- index.php -->\n<div\n\tclass=\"ngg-galleryoverview ngg-ajax-pagination-none\"\n\tid=\"ngg-gallery-5c347cbad2aaef74d3dd217e1df7e430-1\">\n\n    \t<div class=\"slideshowlink\">\n        <a href='http:\/\/www.freimarianne.ch\/index.php\/nggallery\/slideshow?page_id=68040'>[Show as slideshow]<\/a>\n\t\t\n\t<\/div>\n\t\t\t<!-- Thumbnails -->\n\t\t\t\t<div id=\"ngg-image-0\" class=\"ngg-gallery-thumbnail-box\" >\n\t\t\t\t        <div class=\"ngg-gallery-thumbnail\">\n            <a href=\"http:\/\/www.freimarianne.ch\/wp-content\/gallery\/meride-serpiano-13-6-25-1\/IMG_0791.jpeg\"\n               title=\"Blick auf Meride\"\n               data-src=\"http:\/\/www.freimarianne.ch\/wp-content\/gallery\/meride-serpiano-13-6-25-1\/IMG_0791.jpeg\"\n               data-thumbnail=\"http:\/\/www.freimarianne.ch\/wp-content\/gallery\/meride-serpiano-13-6-25-1\/thumbs\/thumbs_IMG_0791.jpeg\"\n               data-image-id=\"35260\"\n               data-title=\"Blick auf Meride\"\n               data-description=\"Blick auf Meride\"\n               data-image-slug=\"img_0791-2\"\n               class=\"shutterset_5c347cbad2aaef74d3dd217e1df7e430\">\n                <img\n                    title=\"Blick auf Meride\"\n                    alt=\"Blick auf Meride\"\n                    src=\"http:\/\/www.freimarianne.ch\/wp-content\/gallery\/meride-serpiano-13-6-25-1\/cache\/IMG_0791.jpeg-nggid0535260-ngg0dyn-100x75x100-00f0w010c010r110f110r010t010.jpeg\"\n                    width=\"100\"\n                    height=\"75\"\n                    style=\"max-width:100%;\"\n                \/>\n            <\/a>\n        <\/div>\n\t\t\t\t\t\t\t<\/div> \n\t\t\t\n                            \n\t\t\t\t<div id=\"ngg-image-1\" class=\"ngg-gallery-thumbnail-box\" >\n\t\t\t\t        <div class=\"ngg-gallery-thumbnail\">\n            <a href=\"http:\/\/www.freimarianne.ch\/wp-content\/gallery\/meride-serpiano-13-6-25-1\/IMG_0793.jpeg\"\n               title=\"die Umgebung von Meride\"\n               data-src=\"http:\/\/www.freimarianne.ch\/wp-content\/gallery\/meride-serpiano-13-6-25-1\/IMG_0793.jpeg\"\n               data-thumbnail=\"http:\/\/www.freimarianne.ch\/wp-content\/gallery\/meride-serpiano-13-6-25-1\/thumbs\/thumbs_IMG_0793.jpeg\"\n               data-image-id=\"35259\"\n               data-title=\"die Umgebung von Meride\"\n               data-description=\"die Umgebung von Meride\"\n               data-image-slug=\"img_0793-4\"\n               class=\"shutterset_5c347cbad2aaef74d3dd217e1df7e430\">\n                <img\n                    title=\"die Umgebung von Meride\"\n                    alt=\"die Umgebung von Meride\"\n                    src=\"http:\/\/www.freimarianne.ch\/wp-content\/gallery\/meride-serpiano-13-6-25-1\/cache\/IMG_0793.jpeg-nggid0535259-ngg0dyn-100x75x100-00f0w010c010r110f110r010t010.jpeg\"\n                    width=\"100\"\n                    height=\"75\"\n                    style=\"max-width:100%;\"\n                \/>\n            <\/a>\n        <\/div>\n\t\t\t\t\t\t\t<\/div> \n\t\t\t\n                            \n\t\t\t\t<div id=\"ngg-image-2\" class=\"ngg-gallery-thumbnail-box\" >\n\t\t\t\t        <div class=\"ngg-gallery-thumbnail\">\n            <a href=\"http:\/\/www.freimarianne.ch\/wp-content\/gallery\/meride-serpiano-13-6-25-1\/IMG_0794.jpeg\"\n               title=\"hianuf ins Dorf Meride\"\n               data-src=\"http:\/\/www.freimarianne.ch\/wp-content\/gallery\/meride-serpiano-13-6-25-1\/IMG_0794.jpeg\"\n               data-thumbnail=\"http:\/\/www.freimarianne.ch\/wp-content\/gallery\/meride-serpiano-13-6-25-1\/thumbs\/thumbs_IMG_0794.jpeg\"\n               data-image-id=\"35258\"\n               data-title=\"hianuf ins Dorf Meride\"\n               data-description=\"hianuf ins Dorf Meride\"\n               data-image-slug=\"img_0794-8\"\n               class=\"shutterset_5c347cbad2aaef74d3dd217e1df7e430\">\n                <img\n                    title=\"hianuf ins Dorf Meride\"\n                    alt=\"hianuf ins Dorf Meride\"\n                    src=\"http:\/\/www.freimarianne.ch\/wp-content\/gallery\/meride-serpiano-13-6-25-1\/cache\/IMG_0794.jpeg-nggid0535258-ngg0dyn-100x75x100-00f0w010c010r110f110r010t010.jpeg\"\n                    width=\"100\"\n                    height=\"75\"\n                    style=\"max-width:100%;\"\n                \/>\n            <\/a>\n        <\/div>\n\t\t\t\t\t\t\t<\/div> \n\t\t\t\n                            \n\t\t\t\t<div id=\"ngg-image-3\" class=\"ngg-gallery-thumbnail-box\" >\n\t\t\t\t        <div class=\"ngg-gallery-thumbnail\">\n            <a href=\"http:\/\/www.freimarianne.ch\/wp-content\/gallery\/meride-serpiano-13-6-25-1\/IMG_0801.jpeg\"\n               title=\"Val Mara; Blick auf dieKalkschiferzone; 239 Millionen Jahre alt\"\n               data-src=\"http:\/\/www.freimarianne.ch\/wp-content\/gallery\/meride-serpiano-13-6-25-1\/IMG_0801.jpeg\"\n               data-thumbnail=\"http:\/\/www.freimarianne.ch\/wp-content\/gallery\/meride-serpiano-13-6-25-1\/thumbs\/thumbs_IMG_0801.jpeg\"\n               data-image-id=\"35256\"\n               data-title=\"Val Mara; Blick auf dieKalkschiferzone; 239 Millionen Jahre alt\"\n               data-description=\"Val Mara; Blick auf dieKalkschiferzone; 239 Millionen Jahre alt\"\n               data-image-slug=\"img_0801-4\"\n               class=\"shutterset_5c347cbad2aaef74d3dd217e1df7e430\">\n                <img\n                    title=\"Val Mara; Blick auf dieKalkschiferzone; 239 Millionen Jahre alt\"\n                    alt=\"Val Mara; Blick auf dieKalkschiferzone; 239 Millionen Jahre alt\"\n                    src=\"http:\/\/www.freimarianne.ch\/wp-content\/gallery\/meride-serpiano-13-6-25-1\/cache\/IMG_0801.jpeg-nggid0535256-ngg0dyn-100x75x100-00f0w010c010r110f110r010t010.jpeg\"\n                    width=\"100\"\n                    height=\"75\"\n                    style=\"max-width:100%;\"\n                \/>\n            <\/a>\n        <\/div>\n\t\t\t\t\t\t\t<\/div> \n\t\t\t\n                                    <br style=\"clear: both\" \/>\n                    \n\t\t\t\t<div id=\"ngg-image-4\" class=\"ngg-gallery-thumbnail-box\" >\n\t\t\t\t        <div class=\"ngg-gallery-thumbnail\">\n            <a href=\"http:\/\/www.freimarianne.ch\/wp-content\/gallery\/meride-serpiano-13-6-25-1\/IMG_0809.jpeg\"\n               title=\"Ehemalige Bitumenfabrik\"\n               data-src=\"http:\/\/www.freimarianne.ch\/wp-content\/gallery\/meride-serpiano-13-6-25-1\/IMG_0809.jpeg\"\n               data-thumbnail=\"http:\/\/www.freimarianne.ch\/wp-content\/gallery\/meride-serpiano-13-6-25-1\/thumbs\/thumbs_IMG_0809.jpeg\"\n               data-image-id=\"35257\"\n               data-title=\"Ehemalige Bitumenfabrik\"\n               data-description=\"Ehemalige Bitumenfabrik\"\n               data-image-slug=\"img_0809-2\"\n               class=\"shutterset_5c347cbad2aaef74d3dd217e1df7e430\">\n                <img\n                    title=\"Ehemalige Bitumenfabrik\"\n                    alt=\"Ehemalige Bitumenfabrik\"\n                    src=\"http:\/\/www.freimarianne.ch\/wp-content\/gallery\/meride-serpiano-13-6-25-1\/cache\/IMG_0809.jpeg-nggid0535257-ngg0dyn-100x75x100-00f0w010c010r110f110r010t010.jpeg\"\n                    width=\"100\"\n                    height=\"75\"\n                    style=\"max-width:100%;\"\n                \/>\n            <\/a>\n        <\/div>\n\t\t\t\t\t\t\t<\/div> \n\t\t\t\n                            \n\t\t\t\t<div id=\"ngg-image-5\" class=\"ngg-gallery-thumbnail-box\" >\n\t\t\t\t        <div class=\"ngg-gallery-thumbnail\">\n            <a href=\"http:\/\/www.freimarianne.ch\/wp-content\/gallery\/meride-serpiano-13-6-25-1\/IMG_0811.jpeg\"\n               title=\"auf dem Weg nach Serpiano\"\n               data-src=\"http:\/\/www.freimarianne.ch\/wp-content\/gallery\/meride-serpiano-13-6-25-1\/IMG_0811.jpeg\"\n               data-thumbnail=\"http:\/\/www.freimarianne.ch\/wp-content\/gallery\/meride-serpiano-13-6-25-1\/thumbs\/thumbs_IMG_0811.jpeg\"\n               data-image-id=\"35255\"\n               data-title=\"auf dem Weg nach Serpiano\"\n               data-description=\"auf dem Weg nach Serpiano\"\n               data-image-slug=\"img_0811-2\"\n               class=\"shutterset_5c347cbad2aaef74d3dd217e1df7e430\">\n                <img\n                    title=\"auf dem Weg nach Serpiano\"\n                    alt=\"auf dem Weg nach Serpiano\"\n                    src=\"http:\/\/www.freimarianne.ch\/wp-content\/gallery\/meride-serpiano-13-6-25-1\/cache\/IMG_0811.jpeg-nggid0535255-ngg0dyn-100x75x100-00f0w010c010r110f110r010t010.jpeg\"\n                    width=\"100\"\n                    height=\"75\"\n                    style=\"max-width:100%;\"\n                \/>\n            <\/a>\n        <\/div>\n\t\t\t\t\t\t\t<\/div> \n\t\t\t\n                            \n\t\t\t\t<div id=\"ngg-image-6\" class=\"ngg-gallery-thumbnail-box\" >\n\t\t\t\t        <div class=\"ngg-gallery-thumbnail\">\n            <a href=\"http:\/\/www.freimarianne.ch\/wp-content\/gallery\/meride-serpiano-13-6-25-1\/IMG_0816.jpeg\"\n               title=\"uf dem Weg nach Serpianodem Weg nach Serpiano\"\n               data-src=\"http:\/\/www.freimarianne.ch\/wp-content\/gallery\/meride-serpiano-13-6-25-1\/IMG_0816.jpeg\"\n               data-thumbnail=\"http:\/\/www.freimarianne.ch\/wp-content\/gallery\/meride-serpiano-13-6-25-1\/thumbs\/thumbs_IMG_0816.jpeg\"\n               data-image-id=\"35254\"\n               data-title=\"uf dem Weg nach Serpianodem Weg nach Serpiano\"\n               data-description=\"uf dem Weg nach Serpianodem Weg nach Serpiano\"\n               data-image-slug=\"img_0816-2\"\n               class=\"shutterset_5c347cbad2aaef74d3dd217e1df7e430\">\n                <img\n                    title=\"uf dem Weg nach Serpianodem Weg nach Serpiano\"\n                    alt=\"uf dem Weg nach Serpianodem Weg nach Serpiano\"\n                    src=\"http:\/\/www.freimarianne.ch\/wp-content\/gallery\/meride-serpiano-13-6-25-1\/cache\/IMG_0816.jpeg-nggid0535254-ngg0dyn-100x75x100-00f0w010c010r110f110r010t010.jpeg\"\n                    width=\"100\"\n                    height=\"75\"\n                    style=\"max-width:100%;\"\n                \/>\n            <\/a>\n        <\/div>\n\t\t\t\t\t\t\t<\/div> \n\t\t\t\n                            \n\t\t\t\t<div id=\"ngg-image-7\" class=\"ngg-gallery-thumbnail-box\" >\n\t\t\t\t        <div class=\"ngg-gallery-thumbnail\">\n            <a href=\"http:\/\/www.freimarianne.ch\/wp-content\/gallery\/meride-serpiano-13-6-25-1\/IMG_0818.jpeg\"\n               title=\"auf dem Weg nach Serpiano\"\n               data-src=\"http:\/\/www.freimarianne.ch\/wp-content\/gallery\/meride-serpiano-13-6-25-1\/IMG_0818.jpeg\"\n               data-thumbnail=\"http:\/\/www.freimarianne.ch\/wp-content\/gallery\/meride-serpiano-13-6-25-1\/thumbs\/thumbs_IMG_0818.jpeg\"\n               data-image-id=\"35253\"\n               data-title=\"auf dem Weg nach Serpiano\"\n               data-description=\"auf dem Weg nach Serpiano\"\n               data-image-slug=\"img_0818-5\"\n               class=\"shutterset_5c347cbad2aaef74d3dd217e1df7e430\">\n                <img\n                    title=\"auf dem Weg nach Serpiano\"\n                    alt=\"auf dem Weg nach Serpiano\"\n                    src=\"http:\/\/www.freimarianne.ch\/wp-content\/gallery\/meride-serpiano-13-6-25-1\/cache\/IMG_0818.jpeg-nggid0535253-ngg0dyn-100x75x100-00f0w010c010r110f110r010t010.jpeg\"\n                    width=\"100\"\n                    height=\"75\"\n                    style=\"max-width:100%;\"\n                \/>\n            <\/a>\n        <\/div>\n\t\t\t\t\t\t\t<\/div> \n\t\t\t\n                                    <br style=\"clear: both\" \/>\n                    \n\t\t\t\t<div id=\"ngg-image-8\" class=\"ngg-gallery-thumbnail-box\" >\n\t\t\t\t        <div class=\"ngg-gallery-thumbnail\">\n            <a href=\"http:\/\/www.freimarianne.ch\/wp-content\/gallery\/meride-serpiano-13-6-25-1\/IMG_0819.jpeg\"\n               title=\"\"\n               data-src=\"http:\/\/www.freimarianne.ch\/wp-content\/gallery\/meride-serpiano-13-6-25-1\/IMG_0819.jpeg\"\n               data-thumbnail=\"http:\/\/www.freimarianne.ch\/wp-content\/gallery\/meride-serpiano-13-6-25-1\/thumbs\/thumbs_IMG_0819.jpeg\"\n               data-image-id=\"35252\"\n               data-title=\"IMG_0819\"\n               data-description=\"\"\n               data-image-slug=\"img_0819-2\"\n               class=\"shutterset_5c347cbad2aaef74d3dd217e1df7e430\">\n                <img\n                    title=\"IMG_0819\"\n                    alt=\"IMG_0819\"\n                    src=\"http:\/\/www.freimarianne.ch\/wp-content\/gallery\/meride-serpiano-13-6-25-1\/cache\/IMG_0819.jpeg-nggid0535252-ngg0dyn-100x75x100-00f0w010c010r110f110r010t010.jpeg\"\n                    width=\"100\"\n                    height=\"75\"\n                    style=\"max-width:100%;\"\n                \/>\n            <\/a>\n        <\/div>\n\t\t\t\t\t\t\t<\/div> \n\t\t\t\n                            \n\t\t\t\t<div id=\"ngg-image-9\" class=\"ngg-gallery-thumbnail-box\" >\n\t\t\t\t        <div class=\"ngg-gallery-thumbnail\">\n            <a href=\"http:\/\/www.freimarianne.ch\/wp-content\/gallery\/meride-serpiano-13-6-25-1\/IMG_0821.jpeg\"\n               title=\"Fundplatz\"\n               data-src=\"http:\/\/www.freimarianne.ch\/wp-content\/gallery\/meride-serpiano-13-6-25-1\/IMG_0821.jpeg\"\n               data-thumbnail=\"http:\/\/www.freimarianne.ch\/wp-content\/gallery\/meride-serpiano-13-6-25-1\/thumbs\/thumbs_IMG_0821.jpeg\"\n               data-image-id=\"35250\"\n               data-title=\"Fundplatz\"\n               data-description=\"Fundplatz\"\n               data-image-slug=\"img_0821-6\"\n               class=\"shutterset_5c347cbad2aaef74d3dd217e1df7e430\">\n                <img\n                    title=\"Fundplatz\"\n                    alt=\"Fundplatz\"\n                    src=\"http:\/\/www.freimarianne.ch\/wp-content\/gallery\/meride-serpiano-13-6-25-1\/cache\/IMG_0821.jpeg-nggid0535250-ngg0dyn-100x75x100-00f0w010c010r110f110r010t010.jpeg\"\n                    width=\"94\"\n                    height=\"75\"\n                    style=\"max-width:100%;\"\n                \/>\n            <\/a>\n        <\/div>\n\t\t\t\t\t\t\t<\/div> \n\t\t\t\n                            \n\t\t\t\t<div id=\"ngg-image-10\" class=\"ngg-gallery-thumbnail-box\" >\n\t\t\t\t        <div class=\"ngg-gallery-thumbnail\">\n            <a href=\"http:\/\/www.freimarianne.ch\/wp-content\/gallery\/meride-serpiano-13-6-25-1\/IMG_0824.jpeg\"\n               title=\"Fundstelle\"\n               data-src=\"http:\/\/www.freimarianne.ch\/wp-content\/gallery\/meride-serpiano-13-6-25-1\/IMG_0824.jpeg\"\n               data-thumbnail=\"http:\/\/www.freimarianne.ch\/wp-content\/gallery\/meride-serpiano-13-6-25-1\/thumbs\/thumbs_IMG_0824.jpeg\"\n               data-image-id=\"35251\"\n               data-title=\"Fundstelle\"\n               data-description=\"Fundstelle\"\n               data-image-slug=\"img_0824-3\"\n               class=\"shutterset_5c347cbad2aaef74d3dd217e1df7e430\">\n                <img\n                    title=\"Fundstelle\"\n                    alt=\"Fundstelle\"\n                    src=\"http:\/\/www.freimarianne.ch\/wp-content\/gallery\/meride-serpiano-13-6-25-1\/cache\/IMG_0824.jpeg-nggid0535251-ngg0dyn-100x75x100-00f0w010c010r110f110r010t010.jpeg\"\n                    width=\"100\"\n                    height=\"75\"\n                    style=\"max-width:100%;\"\n                \/>\n            <\/a>\n        <\/div>\n\t\t\t\t\t\t\t<\/div> \n\t\t\t\n                            \n\t\t\t\t<div id=\"ngg-image-11\" class=\"ngg-gallery-thumbnail-box\" >\n\t\t\t\t        <div class=\"ngg-gallery-thumbnail\">\n            <a href=\"http:\/\/www.freimarianne.ch\/wp-content\/gallery\/meride-serpiano-13-6-25-1\/IMG_0830.jpeg\"\n               title=\"auf dem Weg nach Serpiano\"\n               data-src=\"http:\/\/www.freimarianne.ch\/wp-content\/gallery\/meride-serpiano-13-6-25-1\/IMG_0830.jpeg\"\n               data-thumbnail=\"http:\/\/www.freimarianne.ch\/wp-content\/gallery\/meride-serpiano-13-6-25-1\/thumbs\/thumbs_IMG_0830.jpeg\"\n               data-image-id=\"35249\"\n               data-title=\"auf dem Weg nach Serpiano\"\n               data-description=\"auf dem Weg nach Serpiano\"\n               data-image-slug=\"img_0830-5\"\n               class=\"shutterset_5c347cbad2aaef74d3dd217e1df7e430\">\n                <img\n                    title=\"auf dem Weg nach Serpiano\"\n                    alt=\"auf dem Weg nach Serpiano\"\n                    src=\"http:\/\/www.freimarianne.ch\/wp-content\/gallery\/meride-serpiano-13-6-25-1\/cache\/IMG_0830.jpeg-nggid0535249-ngg0dyn-100x75x100-00f0w010c010r110f110r010t010.jpeg\"\n                    width=\"100\"\n                    height=\"75\"\n                    style=\"max-width:100%;\"\n                \/>\n            <\/a>\n        <\/div>\n\t\t\t\t\t\t\t<\/div> \n\t\t\t\n                                    <br style=\"clear: both\" \/>\n                    \n\t\t\t\t<div id=\"ngg-image-12\" class=\"ngg-gallery-thumbnail-box\" >\n\t\t\t\t        <div class=\"ngg-gallery-thumbnail\">\n            <a href=\"http:\/\/www.freimarianne.ch\/wp-content\/gallery\/meride-serpiano-13-6-25-1\/IMG_0834.jpeg\"\n               title=\"in Bonera am Luganersee\"\n               data-src=\"http:\/\/www.freimarianne.ch\/wp-content\/gallery\/meride-serpiano-13-6-25-1\/IMG_0834.jpeg\"\n               data-thumbnail=\"http:\/\/www.freimarianne.ch\/wp-content\/gallery\/meride-serpiano-13-6-25-1\/thumbs\/thumbs_IMG_0834.jpeg\"\n               data-image-id=\"35248\"\n               data-title=\"in Bonera am Luganersee\"\n               data-description=\"in Bonera am Luganersee\"\n               data-image-slug=\"img_0834-3\"\n               class=\"shutterset_5c347cbad2aaef74d3dd217e1df7e430\">\n                <img\n                    title=\"in Bonera am Luganersee\"\n                    alt=\"in Bonera am Luganersee\"\n                    src=\"http:\/\/www.freimarianne.ch\/wp-content\/gallery\/meride-serpiano-13-6-25-1\/cache\/IMG_0834.jpeg-nggid0535248-ngg0dyn-100x75x100-00f0w010c010r110f110r010t010.jpeg\"\n                    width=\"100\"\n                    height=\"75\"\n                    style=\"max-width:100%;\"\n                \/>\n            <\/a>\n        <\/div>\n\t\t\t\t\t\t\t<\/div> \n\t\t\t\n                            \n\t\t\t\t<div id=\"ngg-image-13\" class=\"ngg-gallery-thumbnail-box\" >\n\t\t\t\t        <div class=\"ngg-gallery-thumbnail\">\n            <a href=\"http:\/\/www.freimarianne.ch\/wp-content\/gallery\/meride-serpiano-13-6-25-1\/IMG_0836.jpeg\"\n               title=\"das Schiff kommt\"\n               data-src=\"http:\/\/www.freimarianne.ch\/wp-content\/gallery\/meride-serpiano-13-6-25-1\/IMG_0836.jpeg\"\n               data-thumbnail=\"http:\/\/www.freimarianne.ch\/wp-content\/gallery\/meride-serpiano-13-6-25-1\/thumbs\/thumbs_IMG_0836.jpeg\"\n               data-image-id=\"35247\"\n               data-title=\"das Schiff kommt\"\n               data-description=\"das Schiff kommt\"\n               data-image-slug=\"img_0836-2\"\n               class=\"shutterset_5c347cbad2aaef74d3dd217e1df7e430\">\n                <img\n                    title=\"das Schiff kommt\"\n                    alt=\"das Schiff kommt\"\n                    src=\"http:\/\/www.freimarianne.ch\/wp-content\/gallery\/meride-serpiano-13-6-25-1\/cache\/IMG_0836.jpeg-nggid0535247-ngg0dyn-100x75x100-00f0w010c010r110f110r010t010.jpeg\"\n                    width=\"100\"\n                    height=\"75\"\n                    style=\"max-width:100%;\"\n                \/>\n            <\/a>\n        <\/div>\n\t\t\t\t\t\t\t<\/div> \n\t\t\t\n                            \n\t\t\t\t<div id=\"ngg-image-14\" class=\"ngg-gallery-thumbnail-box\" >\n\t\t\t\t        <div class=\"ngg-gallery-thumbnail\">\n            <a href=\"http:\/\/www.freimarianne.ch\/wp-content\/gallery\/meride-serpiano-13-6-25-1\/IMG_0839.jpeg\"\n               title=\"Arsizio Brusino\"\n               data-src=\"http:\/\/www.freimarianne.ch\/wp-content\/gallery\/meride-serpiano-13-6-25-1\/IMG_0839.jpeg\"\n               data-thumbnail=\"http:\/\/www.freimarianne.ch\/wp-content\/gallery\/meride-serpiano-13-6-25-1\/thumbs\/thumbs_IMG_0839.jpeg\"\n               data-image-id=\"35246\"\n               data-title=\"Arsizio Brusino\"\n               data-description=\"Arsizio Brusino\"\n               data-image-slug=\"img_0839-4\"\n               class=\"shutterset_5c347cbad2aaef74d3dd217e1df7e430\">\n                <img\n                    title=\"Arsizio Brusino\"\n                    alt=\"Arsizio Brusino\"\n                    src=\"http:\/\/www.freimarianne.ch\/wp-content\/gallery\/meride-serpiano-13-6-25-1\/cache\/IMG_0839.jpeg-nggid0535246-ngg0dyn-100x75x100-00f0w010c010r110f110r010t010.jpeg\"\n                    width=\"100\"\n                    height=\"75\"\n                    style=\"max-width:100%;\"\n                \/>\n            <\/a>\n        <\/div>\n\t\t\t\t\t\t\t<\/div> \n\t\t\t\n                            \n\t\t\n\t\t<!-- Pagination -->\n\t<div class='ngg-clear'><\/div>\t<\/div>\n\n\n\n\n<p>no images were found<\/p>\n\n","protected":false},"excerpt":{"rendered":"<p>3.Tag der Ferien in Mendrisio Besuch des Fossilienmuseums in Meride und Wanderung nach Serpiano &nbsp; Nochmals fahre Ich heute nach Meride, um das Fossilien Museum zu besuchen, das mitten im Dorf liegt.Dort verbringe ich eine Stunde und schaue mir die Funde an. Davon mache ich einige Fotos f\u00fcr mich privat. Die Ausstellung ist wirklich sehenswert [&hellip;]<\/p>\n","protected":false},"author":1,"featured_media":0,"parent":67938,"menu_order":4,"comment_status":"closed","ping_status":"closed","template":"","meta":{"ngg_post_thumbnail":0},"_links":{"self":[{"href":"http:\/\/www.freimarianne.ch\/index.php?rest_route=\/wp\/v2\/pages\/68040"}],"collection":[{"href":"http:\/\/www.freimarianne.ch\/index.php?rest_route=\/wp\/v2\/pages"}],"about":[{"href":"http:\/\/www.freimarianne.ch\/index.php?rest_route=\/wp\/v2\/types\/page"}],"author":[{"embeddable":true,"href":"http:\/\/www.freimarianne.ch\/index.php?rest_route=\/wp\/v2\/users\/1"}],"replies":[{"embeddable":true,"href":"http:\/\/www.freimarianne.ch\/index.php?rest_route=%2Fwp%2Fv2%2Fcomments&post=68040"}],"version-history":[{"count":9,"href":"http:\/\/www.freimarianne.ch\/index.php?rest_route=\/wp\/v2\/pages\/68040\/revisions"}],"predecessor-version":[{"id":68241,"href":"http:\/\/www.freimarianne.ch\/index.php?rest_route=\/wp\/v2\/pages\/68040\/revisions\/68241"}],"up":[{"embeddable":true,"href":"http:\/\/www.freimarianne.ch\/index.php?rest_route=\/wp\/v2\/pages\/67938"}],"wp:attachment":[{"href":"http:\/\/www.freimarianne.ch\/index.php?rest_route=%2Fwp%2Fv2%2Fmedia&parent=68040"}],"curies":[{"name":"wp","href":"https:\/\/api.w.org\/{rel}","templated":true}]}}