{"id":68050,"date":"2025-06-29T10:16:38","date_gmt":"2025-06-29T09:16:38","guid":{"rendered":"https:\/\/www.freimarianne.ch\/?page_id=68050"},"modified":"2025-06-29T10:16:59","modified_gmt":"2025-06-29T09:16:59","slug":"lueg-im-emmental-be-17-6-2026","status":"publish","type":"page","link":"http:\/\/www.freimarianne.ch\/?page_id=68050","title":{"rendered":"Lueg im Emmental BE 17.6.2026"},"content":{"rendered":"\n<p><strong>Wanderung von Affoltern i.E. \u00fcber die Lueg nach Burgdorf<\/strong><\/p>\n\n\n<div id=\"attachment_68030\" style=\"width: 510px\" class=\"wp-caption alignleft\"><img aria-describedby=\"caption-attachment-68030\" loading=\"lazy\" class=\"size-full wp-image-68030\" src=\"http:\/\/www.freimarianne.ch\/wp-content\/uploads\/2025\/06\/IMG_0863_lueg6.25_500.jpeg\" alt=\"\" width=\"500\" height=\"375\" srcset=\"http:\/\/www.freimarianne.ch\/wp-content\/uploads\/2025\/06\/IMG_0863_lueg6.25_500.jpeg 500w, http:\/\/www.freimarianne.ch\/wp-content\/uploads\/2025\/06\/IMG_0863_lueg6.25_500-300x225.jpeg 300w, http:\/\/www.freimarianne.ch\/wp-content\/uploads\/2025\/06\/IMG_0863_lueg6.25_500-400x300.jpeg 400w\" sizes=\"(max-width: 500px) 100vw, 500px\" \/><p id=\"caption-attachment-68030\" class=\"wp-caption-text\">Emmentaler Landschaft<\/p><\/div>\n<p>Wir haben einen wundersch\u00f6nen Sommertag f\u00fcr unsere Wanderung mit der Gruppe Alpenblick !<br>Wir fahren nach Affoltern i.E. wo wir uns etwas umschauen und einen Startkaffee trinken. Dann beginnt die Wanderung durch die typische Emmentaler Landschaft zum Ausblickspunkt Lueg 887m, wo wir einen Halt einschalten. Von hier aus sollte man eigentlich die Alpen sehen. Aber dazu ist die Sicht nicht klar. Daf\u00fcr staunen wir \u00fcber die gr\u00fcne Landschaft und die beh\u00e4bigen Bauernh\u00f6fe. Wir wandern \u00fcber Heimismatt, Gerstner zum Kaltacker, Egg in den Wald Leueh\u00f6lzli. Durch eine kleine Schlucht steigen wir hinunter zur Kapelle Sommerhaus nach Burgdorf.<\/p>\n<p>Laut Schweizmobil:<\/p>\n<p>Distanz: 11.8km; Aufstieg: 200m; Abstieg: 486m; Wanderzeit: 3h 1min<\/p>\n<p><a href=\"https:\/\/map.schweizmobil.ch\/?lang=de&amp;photos=yes&amp;logo=yes&amp;detours=yes&amp;season=summer&amp;bgLayer=pk&amp;resolution=7.87&amp;E=2618096&amp;N=1213104&amp;layers=Wanderland%2CStation&amp;trackId=97848235\">Karte Schweizmobil:<\/a><\/p>","protected":false},"excerpt":{"rendered":"<p>Wanderung von Affoltern i.E. \u00fcber die Lueg nach Burgdorf Wir haben einen wundersch\u00f6nen Sommertag f\u00fcr unsere Wanderung mit der Gruppe Alpenblick !Wir fahren nach Affoltern i.E. wo wir uns etwas umschauen und einen Startkaffee trinken. Dann beginnt die Wanderung durch die typische Emmentaler Landschaft zum Ausblickspunkt Lueg 887m, wo wir einen Halt einschalten. Von hier [&hellip;]<\/p>\n","protected":false},"author":1,"featured_media":0,"parent":67938,"menu_order":5,"comment_status":"closed","ping_status":"closed","template":"","meta":{"ngg_post_thumbnail":0},"_links":{"self":[{"href":"http:\/\/www.freimarianne.ch\/index.php?rest_route=\/wp\/v2\/pages\/68050"}],"collection":[{"href":"http:\/\/www.freimarianne.ch\/index.php?rest_route=\/wp\/v2\/pages"}],"about":[{"href":"http:\/\/www.freimarianne.ch\/index.php?rest_route=\/wp\/v2\/types\/page"}],"author":[{"embeddable":true,"href":"http:\/\/www.freimarianne.ch\/index.php?rest_route=\/wp\/v2\/users\/1"}],"replies":[{"embeddable":true,"href":"http:\/\/www.freimarianne.ch\/index.php?rest_route=%2Fwp%2Fv2%2Fcomments&post=68050"}],"version-history":[{"count":1,"href":"http:\/\/www.freimarianne.ch\/index.php?rest_route=\/wp\/v2\/pages\/68050\/revisions"}],"predecessor-version":[{"id":68051,"href":"http:\/\/www.freimarianne.ch\/index.php?rest_route=\/wp\/v2\/pages\/68050\/revisions\/68051"}],"up":[{"embeddable":true,"href":"http:\/\/www.freimarianne.ch\/index.php?rest_route=\/wp\/v2\/pages\/67938"}],"wp:attachment":[{"href":"http:\/\/www.freimarianne.ch\/index.php?rest_route=%2Fwp%2Fv2%2Fmedia&parent=68050"}],"curies":[{"name":"wp","href":"https:\/\/api.w.org\/{rel}","templated":true}]}}