{"id":70856,"date":"2026-05-01T14:37:38","date_gmt":"2026-05-01T13:37:38","guid":{"rendered":"https:\/\/www.freimarianne.ch\/?page_id=70856"},"modified":"2026-05-01T15:10:42","modified_gmt":"2026-05-01T14:10:42","slug":"bourrignon-fregiecourt-ju-21-4-2026","status":"publish","type":"page","link":"http:\/\/www.freimarianne.ch\/?page_id=70856","title":{"rendered":"Bourrignon  &#8211;  Fregi\u00e9court  JU 21.4.2026"},"content":{"rendered":"\n<p><strong>Wanderung auf den Grande Roche<\/strong><\/p>\n\n\n<div id=\"attachment_70850\" style=\"width: 510px\" class=\"wp-caption alignleft\"><img aria-describedby=\"caption-attachment-70850\" loading=\"lazy\" class=\"size-full wp-image-70850\" src=\"http:\/\/www.freimarianne.ch\/wp-content\/uploads\/2026\/05\/IMG_4698_grande_roche4.26_500..jpeg\" alt=\"\" width=\"500\" height=\"334\" srcset=\"http:\/\/www.freimarianne.ch\/wp-content\/uploads\/2026\/05\/IMG_4698_grande_roche4.26_500..jpeg 500w, http:\/\/www.freimarianne.ch\/wp-content\/uploads\/2026\/05\/IMG_4698_grande_roche4.26_500.-300x200.jpeg 300w, http:\/\/www.freimarianne.ch\/wp-content\/uploads\/2026\/05\/IMG_4698_grande_roche4.26_500.-449x300.jpeg 449w\" sizes=\"(max-width: 500px) 100vw, 500px\" \/><p id=\"caption-attachment-70850\" class=\"wp-caption-text\">auf dem Grande Roche<\/p><\/div>\n<p>Heute f\u00e4hrt die Gruppe Alpenblick in den Jura. Von D\u00e9l\u00e9mont aus nehmen wir den Bus nach Bourrignon 770m, ein kleines Dorf, das an der Strasse nach Lucelle, also nahe zur Grenze nach Frankreich liegt.<br>Wir haben wundersch\u00f6nes sonniges Wetter aber es weht eine Bise, gerade richtig zum Wandern.<br>Vor dem Dorf gibt es in einer kleinen B\u00e4ckerei einen Startkaffee. Dann steigen wir vom Dorfzentrum hinunter in eine Senke 701m und dann auf einem Wiesenpfad wieder hinauf auf eine Stasse. Diese f\u00fchrt uns \u00fcber Bellevue nach Plainbois, wo wir auf die beiden Jurah\u00f6henwege wechseln ( SM 31 Chemin du Jura, 453 Chemin du 100e du CAS Jura ).<br>Die Gratwanderung ist sehr abwechslungsreich, es wechseln sich Waldabschnitte und Wiesenabschnitte ab. <br>Zur Mittagszeit erreicht die Gruppe den Grande Roche, ein Felskopf mit Sicht auf die gr\u00fcne Landschaft. Wir f\u00fchlen uns weit weg vom Trubel der Agglomerationen.<br>Wir halten verteilt unsere Mittagsrast und geniessen die pr\u00e4chtige Sicht und die Ruhe.<br>Nach 13h geht es auf Waldwegen langsam hinunter. Sp\u00e4ter wandern wir auf Waldstrassen und erreichen dann den Ort Fregi\u00e9court, wo wir den Bus nach Courgenay besteigen k\u00f6nnen. Dort nehmen wir den Zug nach D\u00e9l\u00e9mont .<\/p>\n<p>Dies war eine sehr sch\u00f6ne Wanderung in einer einsamen Umgebung und in guter Gesellschaft.<\/p>\n<p>Laut Schweizmobil:<\/p>\n<p>Distanz: 9.9km; Aufstieg: 345m; Abstieg:596m; Wanderzeit: 3h 28min<\/p>\n<p><a href=\"https:\/\/schweizmobil.ch\/de\/tour\/1672739331\">Karte Schweizmobil:<\/a><\/p>\n\n\n<!-- index.php -->\n<div\n\tclass=\"ngg-galleryoverview ngg-ajax-pagination-none\"\n\tid=\"ngg-gallery-92ee8e35b58479483326d47a45ed6eb8-1\">\n\n    \t<div class=\"slideshowlink\">\n        <a href='http:\/\/www.freimarianne.ch\/index.php\/nggallery\/slideshow?page_id=70856'>[Show as slideshow]<\/a>\n\t\t\n\t<\/div>\n\t\t\t<!-- Thumbnails -->\n\t\t\t\t<div id=\"ngg-image-0\" class=\"ngg-gallery-thumbnail-box\" >\n\t\t\t\t        <div class=\"ngg-gallery-thumbnail\">\n            <a href=\"http:\/\/www.freimarianne.ch\/wp-content\/gallery\/bourrignon-21-4-26\/IMG_4659.jpeg\"\n               title=\"Kirche von Bourrignon\"\n               data-src=\"http:\/\/www.freimarianne.ch\/wp-content\/gallery\/bourrignon-21-4-26\/IMG_4659.jpeg\"\n               data-thumbnail=\"http:\/\/www.freimarianne.ch\/wp-content\/gallery\/bourrignon-21-4-26\/thumbs\/thumbs_IMG_4659.jpeg\"\n               data-image-id=\"37245\"\n               data-title=\"Kirche von Bourrignon\"\n               data-description=\"Kirche von Bourrignon\"\n               data-image-slug=\"img_4659-3\"\n               class=\"shutterset_92ee8e35b58479483326d47a45ed6eb8\">\n                <img\n                    title=\"Kirche von Bourrignon\"\n                    alt=\"Kirche von Bourrignon\"\n                    src=\"http:\/\/www.freimarianne.ch\/wp-content\/gallery\/bourrignon-21-4-26\/cache\/IMG_4659.jpeg-nggid0537245-ngg0dyn-100x75x100-00f0w010c010r110f110r010t010.jpeg\"\n                    width=\"100\"\n                    height=\"67\"\n                    style=\"max-width:100%;\"\n                \/>\n            <\/a>\n        <\/div>\n\t\t\t\t\t\t\t<\/div> \n\t\t\t\n                            \n\t\t\t\t<div id=\"ngg-image-1\" class=\"ngg-gallery-thumbnail-box\" >\n\t\t\t\t        <div class=\"ngg-gallery-thumbnail\">\n            <a href=\"http:\/\/www.freimarianne.ch\/wp-content\/gallery\/bourrignon-21-4-26\/IMG_4662.jpeg\"\n               title=\"Bourrignon\"\n               data-src=\"http:\/\/www.freimarianne.ch\/wp-content\/gallery\/bourrignon-21-4-26\/IMG_4662.jpeg\"\n               data-thumbnail=\"http:\/\/www.freimarianne.ch\/wp-content\/gallery\/bourrignon-21-4-26\/thumbs\/thumbs_IMG_4662.jpeg\"\n               data-image-id=\"37246\"\n               data-title=\"Bourrignon\"\n               data-description=\"Bourrignon\"\n               data-image-slug=\"img_4662-4\"\n               class=\"shutterset_92ee8e35b58479483326d47a45ed6eb8\">\n                <img\n                    title=\"Bourrignon\"\n                    alt=\"Bourrignon\"\n                    src=\"http:\/\/www.freimarianne.ch\/wp-content\/gallery\/bourrignon-21-4-26\/cache\/IMG_4662.jpeg-nggid0537246-ngg0dyn-100x75x100-00f0w010c010r110f110r010t010.jpeg\"\n                    width=\"100\"\n                    height=\"71\"\n                    style=\"max-width:100%;\"\n                \/>\n            <\/a>\n        <\/div>\n\t\t\t\t\t\t\t<\/div> \n\t\t\t\n                            \n\t\t\t\t<div id=\"ngg-image-2\" class=\"ngg-gallery-thumbnail-box\" >\n\t\t\t\t        <div class=\"ngg-gallery-thumbnail\">\n            <a href=\"http:\/\/www.freimarianne.ch\/wp-content\/gallery\/bourrignon-21-4-26\/IMG_4668.jpeg\"\n               title=\"Bourrignon\"\n               data-src=\"http:\/\/www.freimarianne.ch\/wp-content\/gallery\/bourrignon-21-4-26\/IMG_4668.jpeg\"\n               data-thumbnail=\"http:\/\/www.freimarianne.ch\/wp-content\/gallery\/bourrignon-21-4-26\/thumbs\/thumbs_IMG_4668.jpeg\"\n               data-image-id=\"37244\"\n               data-title=\"Bourrignon\"\n               data-description=\"Bourrignon\"\n               data-image-slug=\"img_4668-3\"\n               class=\"shutterset_92ee8e35b58479483326d47a45ed6eb8\">\n                <img\n                    title=\"Bourrignon\"\n                    alt=\"Bourrignon\"\n                    src=\"http:\/\/www.freimarianne.ch\/wp-content\/gallery\/bourrignon-21-4-26\/cache\/IMG_4668.jpeg-nggid0537244-ngg0dyn-100x75x100-00f0w010c010r110f110r010t010.jpeg\"\n                    width=\"100\"\n                    height=\"70\"\n                    style=\"max-width:100%;\"\n                \/>\n            <\/a>\n        <\/div>\n\t\t\t\t\t\t\t<\/div> \n\t\t\t\n                            \n\t\t\t\t<div id=\"ngg-image-3\" class=\"ngg-gallery-thumbnail-box\" >\n\t\t\t\t        <div class=\"ngg-gallery-thumbnail\">\n            <a href=\"http:\/\/www.freimarianne.ch\/wp-content\/gallery\/bourrignon-21-4-26\/IMG_4670.jpeg\"\n               title=\"Bourrignon\"\n               data-src=\"http:\/\/www.freimarianne.ch\/wp-content\/gallery\/bourrignon-21-4-26\/IMG_4670.jpeg\"\n               data-thumbnail=\"http:\/\/www.freimarianne.ch\/wp-content\/gallery\/bourrignon-21-4-26\/thumbs\/thumbs_IMG_4670.jpeg\"\n               data-image-id=\"37243\"\n               data-title=\"Bourrignon\"\n               data-description=\"Bourrignon\"\n               data-image-slug=\"img_4670-4\"\n               class=\"shutterset_92ee8e35b58479483326d47a45ed6eb8\">\n                <img\n                    title=\"Bourrignon\"\n                    alt=\"Bourrignon\"\n                    src=\"http:\/\/www.freimarianne.ch\/wp-content\/gallery\/bourrignon-21-4-26\/cache\/IMG_4670.jpeg-nggid0537243-ngg0dyn-100x75x100-00f0w010c010r110f110r010t010.jpeg\"\n                    width=\"100\"\n                    height=\"67\"\n                    style=\"max-width:100%;\"\n                \/>\n            <\/a>\n        <\/div>\n\t\t\t\t\t\t\t<\/div> \n\t\t\t\n                                    <br style=\"clear: both\" \/>\n                    \n\t\t\t\t<div id=\"ngg-image-4\" class=\"ngg-gallery-thumbnail-box\" >\n\t\t\t\t        <div class=\"ngg-gallery-thumbnail\">\n            <a href=\"http:\/\/www.freimarianne.ch\/wp-content\/gallery\/bourrignon-21-4-26\/IMG_4673.jpeg\"\n               title=\"weiterhianuf\"\n               data-src=\"http:\/\/www.freimarianne.ch\/wp-content\/gallery\/bourrignon-21-4-26\/IMG_4673.jpeg\"\n               data-thumbnail=\"http:\/\/www.freimarianne.ch\/wp-content\/gallery\/bourrignon-21-4-26\/thumbs\/thumbs_IMG_4673.jpeg\"\n               data-image-id=\"37242\"\n               data-title=\"weiterhianuf\"\n               data-description=\"weiterhianuf\"\n               data-image-slug=\"img_4673-7\"\n               class=\"shutterset_92ee8e35b58479483326d47a45ed6eb8\">\n                <img\n                    title=\"weiterhianuf\"\n                    alt=\"weiterhianuf\"\n                    src=\"http:\/\/www.freimarianne.ch\/wp-content\/gallery\/bourrignon-21-4-26\/cache\/IMG_4673.jpeg-nggid0537242-ngg0dyn-100x75x100-00f0w010c010r110f110r010t010.jpeg\"\n                    width=\"100\"\n                    height=\"67\"\n                    style=\"max-width:100%;\"\n                \/>\n            <\/a>\n        <\/div>\n\t\t\t\t\t\t\t<\/div> \n\t\t\t\n                            \n\t\t\t\t<div id=\"ngg-image-5\" class=\"ngg-gallery-thumbnail-box\" >\n\t\t\t\t        <div class=\"ngg-gallery-thumbnail\">\n            <a href=\"http:\/\/www.freimarianne.ch\/wp-content\/gallery\/bourrignon-21-4-26\/IMG_4676.jpeg\"\n               title=\"gegen eien kleinen Pass\u00fcbergang\"\n               data-src=\"http:\/\/www.freimarianne.ch\/wp-content\/gallery\/bourrignon-21-4-26\/IMG_4676.jpeg\"\n               data-thumbnail=\"http:\/\/www.freimarianne.ch\/wp-content\/gallery\/bourrignon-21-4-26\/thumbs\/thumbs_IMG_4676.jpeg\"\n               data-image-id=\"37241\"\n               data-title=\"gegen eien kleinen Pass\u00fcbergang\"\n               data-description=\"gegen eien kleinen Pass\u00fcbergang\"\n               data-image-slug=\"img_4676-2\"\n               class=\"shutterset_92ee8e35b58479483326d47a45ed6eb8\">\n                <img\n                    title=\"gegen eien kleinen Pass\u00fcbergang\"\n                    alt=\"gegen eien kleinen Pass\u00fcbergang\"\n                    src=\"http:\/\/www.freimarianne.ch\/wp-content\/gallery\/bourrignon-21-4-26\/cache\/IMG_4676.jpeg-nggid0537241-ngg0dyn-100x75x100-00f0w010c010r110f110r010t010.jpeg\"\n                    width=\"100\"\n                    height=\"68\"\n                    style=\"max-width:100%;\"\n                \/>\n            <\/a>\n        <\/div>\n\t\t\t\t\t\t\t<\/div> \n\t\t\t\n                            \n\t\t\t\t<div id=\"ngg-image-6\" class=\"ngg-gallery-thumbnail-box\" >\n\t\t\t\t        <div class=\"ngg-gallery-thumbnail\">\n            <a href=\"http:\/\/www.freimarianne.ch\/wp-content\/gallery\/bourrignon-21-4-26\/IMG_4689.jpeg\"\n               title=\"an einer Weide vorbei\"\n               data-src=\"http:\/\/www.freimarianne.ch\/wp-content\/gallery\/bourrignon-21-4-26\/IMG_4689.jpeg\"\n               data-thumbnail=\"http:\/\/www.freimarianne.ch\/wp-content\/gallery\/bourrignon-21-4-26\/thumbs\/thumbs_IMG_4689.jpeg\"\n               data-image-id=\"37236\"\n               data-title=\"an einer Weide vorbei\"\n               data-description=\"an einer Weide vorbei\"\n               data-image-slug=\"img_4689-2\"\n               class=\"shutterset_92ee8e35b58479483326d47a45ed6eb8\">\n                <img\n                    title=\"an einer Weide vorbei\"\n                    alt=\"an einer Weide vorbei\"\n                    src=\"http:\/\/www.freimarianne.ch\/wp-content\/gallery\/bourrignon-21-4-26\/cache\/IMG_4689.jpeg-nggid0537236-ngg0dyn-100x75x100-00f0w010c010r110f110r010t010.jpeg\"\n                    width=\"100\"\n                    height=\"67\"\n                    style=\"max-width:100%;\"\n                \/>\n            <\/a>\n        <\/div>\n\t\t\t\t\t\t\t<\/div> \n\t\t\t\n                            \n\t\t\t\t<div id=\"ngg-image-7\" class=\"ngg-gallery-thumbnail-box\" >\n\t\t\t\t        <div class=\"ngg-gallery-thumbnail\">\n            <a href=\"http:\/\/www.freimarianne.ch\/wp-content\/gallery\/bourrignon-21-4-26\/IMG_4692.jpeg\"\n               title=\"an einer Weide vorbei\"\n               data-src=\"http:\/\/www.freimarianne.ch\/wp-content\/gallery\/bourrignon-21-4-26\/IMG_4692.jpeg\"\n               data-thumbnail=\"http:\/\/www.freimarianne.ch\/wp-content\/gallery\/bourrignon-21-4-26\/thumbs\/thumbs_IMG_4692.jpeg\"\n               data-image-id=\"37240\"\n               data-title=\"an einer Weide vorbei\"\n               data-description=\"an einer Weide vorbei\"\n               data-image-slug=\"img_4692-4\"\n               class=\"shutterset_92ee8e35b58479483326d47a45ed6eb8\">\n                <img\n                    title=\"an einer Weide vorbei\"\n                    alt=\"an einer Weide vorbei\"\n                    src=\"http:\/\/www.freimarianne.ch\/wp-content\/gallery\/bourrignon-21-4-26\/cache\/IMG_4692.jpeg-nggid0537240-ngg0dyn-100x75x100-00f0w010c010r110f110r010t010.jpeg\"\n                    width=\"100\"\n                    height=\"75\"\n                    style=\"max-width:100%;\"\n                \/>\n            <\/a>\n        <\/div>\n\t\t\t\t\t\t\t<\/div> \n\t\t\t\n                                    <br style=\"clear: both\" \/>\n                    \n\t\t\t\t<div id=\"ngg-image-8\" class=\"ngg-gallery-thumbnail-box\" >\n\t\t\t\t        <div class=\"ngg-gallery-thumbnail\">\n            <a href=\"http:\/\/www.freimarianne.ch\/wp-content\/gallery\/bourrignon-21-4-26\/IMG_4695.jpeg\"\n               title=\"auf dem Grande Roche\"\n               data-src=\"http:\/\/www.freimarianne.ch\/wp-content\/gallery\/bourrignon-21-4-26\/IMG_4695.jpeg\"\n               data-thumbnail=\"http:\/\/www.freimarianne.ch\/wp-content\/gallery\/bourrignon-21-4-26\/thumbs\/thumbs_IMG_4695.jpeg\"\n               data-image-id=\"37238\"\n               data-title=\"auf dem Grande Roche\"\n               data-description=\"auf dem Grande Roche\"\n               data-image-slug=\"img_4695-5\"\n               class=\"shutterset_92ee8e35b58479483326d47a45ed6eb8\">\n                <img\n                    title=\"auf dem Grande Roche\"\n                    alt=\"auf dem Grande Roche\"\n                    src=\"http:\/\/www.freimarianne.ch\/wp-content\/gallery\/bourrignon-21-4-26\/cache\/IMG_4695.jpeg-nggid0537238-ngg0dyn-100x75x100-00f0w010c010r110f110r010t010.jpeg\"\n                    width=\"100\"\n                    height=\"67\"\n                    style=\"max-width:100%;\"\n                \/>\n            <\/a>\n        <\/div>\n\t\t\t\t\t\t\t<\/div> \n\t\t\t\n                            \n\t\t\t\t<div id=\"ngg-image-9\" class=\"ngg-gallery-thumbnail-box\" >\n\t\t\t\t        <div class=\"ngg-gallery-thumbnail\">\n            <a href=\"http:\/\/www.freimarianne.ch\/wp-content\/gallery\/bourrignon-21-4-26\/IMG_4696.jpeg\"\n               title=\"auf dem Grande Roche\"\n               data-src=\"http:\/\/www.freimarianne.ch\/wp-content\/gallery\/bourrignon-21-4-26\/IMG_4696.jpeg\"\n               data-thumbnail=\"http:\/\/www.freimarianne.ch\/wp-content\/gallery\/bourrignon-21-4-26\/thumbs\/thumbs_IMG_4696.jpeg\"\n               data-image-id=\"37239\"\n               data-title=\"auf dem Grande Roche\"\n               data-description=\"auf dem Grande Roche\"\n               data-image-slug=\"img_4696-3\"\n               class=\"shutterset_92ee8e35b58479483326d47a45ed6eb8\">\n                <img\n                    title=\"auf dem Grande Roche\"\n                    alt=\"auf dem Grande Roche\"\n                    src=\"http:\/\/www.freimarianne.ch\/wp-content\/gallery\/bourrignon-21-4-26\/cache\/IMG_4696.jpeg-nggid0537239-ngg0dyn-100x75x100-00f0w010c010r110f110r010t010.jpeg\"\n                    width=\"100\"\n                    height=\"67\"\n                    style=\"max-width:100%;\"\n                \/>\n            <\/a>\n        <\/div>\n\t\t\t\t\t\t\t<\/div> \n\t\t\t\n                            \n\t\t\t\t<div id=\"ngg-image-10\" class=\"ngg-gallery-thumbnail-box\" >\n\t\t\t\t        <div class=\"ngg-gallery-thumbnail\">\n            <a href=\"http:\/\/www.freimarianne.ch\/wp-content\/gallery\/bourrignon-21-4-26\/IMG_4697.jpeg\"\n               title=\"auf dem Grande Roche\"\n               data-src=\"http:\/\/www.freimarianne.ch\/wp-content\/gallery\/bourrignon-21-4-26\/IMG_4697.jpeg\"\n               data-thumbnail=\"http:\/\/www.freimarianne.ch\/wp-content\/gallery\/bourrignon-21-4-26\/thumbs\/thumbs_IMG_4697.jpeg\"\n               data-image-id=\"37237\"\n               data-title=\"auf dem Grande Roche\"\n               data-description=\"auf dem Grande Roche\"\n               data-image-slug=\"img_4697-3\"\n               class=\"shutterset_92ee8e35b58479483326d47a45ed6eb8\">\n                <img\n                    title=\"auf dem Grande Roche\"\n                    alt=\"auf dem Grande Roche\"\n                    src=\"http:\/\/www.freimarianne.ch\/wp-content\/gallery\/bourrignon-21-4-26\/cache\/IMG_4697.jpeg-nggid0537237-ngg0dyn-100x75x100-00f0w010c010r110f110r010t010.jpeg\"\n                    width=\"100\"\n                    height=\"67\"\n                    style=\"max-width:100%;\"\n                \/>\n            <\/a>\n        <\/div>\n\t\t\t\t\t\t\t<\/div> \n\t\t\t\n                            \n\t\t\n\t\t<!-- Pagination -->\n\t<div class='ngg-clear'><\/div>\t<\/div>\n\n\n\n\n<!-- index.php -->\n<div\n\tclass=\"ngg-galleryoverview ngg-ajax-pagination-none\"\n\tid=\"ngg-gallery-dc282286eb21b9c536173baeb8254d42-1\">\n\n    \t<div class=\"slideshowlink\">\n        <a href='http:\/\/www.freimarianne.ch\/index.php\/nggallery\/slideshow?page_id=70856'>[Show as slideshow]<\/a>\n\t\t\n\t<\/div>\n\t\t\t<!-- Thumbnails -->\n\t\t\t\t<div id=\"ngg-image-0\" class=\"ngg-gallery-thumbnail-box\" >\n\t\t\t\t        <div class=\"ngg-gallery-thumbnail\">\n            <a href=\"http:\/\/www.freimarianne.ch\/wp-content\/gallery\/bourrignin-iph-21-4-26\/IMG_2671.jpeg\"\n               title=\"bei Bourrignon; grosse Weite\"\n               data-src=\"http:\/\/www.freimarianne.ch\/wp-content\/gallery\/bourrignin-iph-21-4-26\/IMG_2671.jpeg\"\n               data-thumbnail=\"http:\/\/www.freimarianne.ch\/wp-content\/gallery\/bourrignin-iph-21-4-26\/thumbs\/thumbs_IMG_2671.jpeg\"\n               data-image-id=\"37249\"\n               data-title=\"bei Bourrignon; grosse Weite\"\n               data-description=\"bei Bourrignon; grosse Weite\"\n               data-image-slug=\"img_2671-5\"\n               class=\"shutterset_dc282286eb21b9c536173baeb8254d42\">\n                <img\n                    title=\"bei Bourrignon; grosse Weite\"\n                    alt=\"bei Bourrignon; grosse Weite\"\n                    src=\"http:\/\/www.freimarianne.ch\/wp-content\/gallery\/bourrignin-iph-21-4-26\/cache\/IMG_2671.jpeg-nggid0537249-ngg0dyn-100x75x100-00f0w010c010r110f110r010t010.jpeg\"\n                    width=\"95\"\n                    height=\"75\"\n                    style=\"max-width:100%;\"\n                \/>\n            <\/a>\n        <\/div>\n\t\t\t\t\t\t\t<\/div> \n\t\t\t\n                            \n\t\t\t\t<div id=\"ngg-image-1\" class=\"ngg-gallery-thumbnail-box\" >\n\t\t\t\t        <div class=\"ngg-gallery-thumbnail\">\n            <a href=\"http:\/\/www.freimarianne.ch\/wp-content\/gallery\/bourrignin-iph-21-4-26\/IMG_2674.jpeg\"\n               title=\"bei Bourrignon\"\n               data-src=\"http:\/\/www.freimarianne.ch\/wp-content\/gallery\/bourrignin-iph-21-4-26\/IMG_2674.jpeg\"\n               data-thumbnail=\"http:\/\/www.freimarianne.ch\/wp-content\/gallery\/bourrignin-iph-21-4-26\/thumbs\/thumbs_IMG_2674.jpeg\"\n               data-image-id=\"37250\"\n               data-title=\"bei Bourrignon\"\n               data-description=\"bei Bourrignon\"\n               data-image-slug=\"img_2674-2\"\n               class=\"shutterset_dc282286eb21b9c536173baeb8254d42\">\n                <img\n                    title=\"bei Bourrignon\"\n                    alt=\"bei Bourrignon\"\n                    src=\"http:\/\/www.freimarianne.ch\/wp-content\/gallery\/bourrignin-iph-21-4-26\/cache\/IMG_2674.jpeg-nggid0537250-ngg0dyn-100x75x100-00f0w010c010r110f110r010t010.jpeg\"\n                    width=\"100\"\n                    height=\"66\"\n                    style=\"max-width:100%;\"\n                \/>\n            <\/a>\n        <\/div>\n\t\t\t\t\t\t\t<\/div> \n\t\t\t\n                            \n\t\t\t\t<div id=\"ngg-image-2\" class=\"ngg-gallery-thumbnail-box\" >\n\t\t\t\t        <div class=\"ngg-gallery-thumbnail\">\n            <a href=\"http:\/\/www.freimarianne.ch\/wp-content\/gallery\/bourrignin-iph-21-4-26\/IMG_2685.jpeg\"\n               title=\"auf dem Grande Roche\"\n               data-src=\"http:\/\/www.freimarianne.ch\/wp-content\/gallery\/bourrignin-iph-21-4-26\/IMG_2685.jpeg\"\n               data-thumbnail=\"http:\/\/www.freimarianne.ch\/wp-content\/gallery\/bourrignin-iph-21-4-26\/thumbs\/thumbs_IMG_2685.jpeg\"\n               data-image-id=\"37248\"\n               data-title=\"auf dem Grande Roche\"\n               data-description=\"auf dem Grande Roche\"\n               data-image-slug=\"img_2685-2\"\n               class=\"shutterset_dc282286eb21b9c536173baeb8254d42\">\n                <img\n                    title=\"auf dem Grande Roche\"\n                    alt=\"auf dem Grande Roche\"\n                    src=\"http:\/\/www.freimarianne.ch\/wp-content\/gallery\/bourrignin-iph-21-4-26\/cache\/IMG_2685.jpeg-nggid0537248-ngg0dyn-100x75x100-00f0w010c010r110f110r010t010.jpeg\"\n                    width=\"100\"\n                    height=\"75\"\n                    style=\"max-width:100%;\"\n                \/>\n            <\/a>\n        <\/div>\n\t\t\t\t\t\t\t<\/div> \n\t\t\t\n                            \n\t\t\t\t<div id=\"ngg-image-3\" class=\"ngg-gallery-thumbnail-box\" >\n\t\t\t\t        <div class=\"ngg-gallery-thumbnail\">\n            <a href=\"http:\/\/www.freimarianne.ch\/wp-content\/gallery\/bourrignin-iph-21-4-26\/IMG_2686.jpeg\"\n               title=\"auf dem Grande Roche\"\n               data-src=\"http:\/\/www.freimarianne.ch\/wp-content\/gallery\/bourrignin-iph-21-4-26\/IMG_2686.jpeg\"\n               data-thumbnail=\"http:\/\/www.freimarianne.ch\/wp-content\/gallery\/bourrignin-iph-21-4-26\/thumbs\/thumbs_IMG_2686.jpeg\"\n               data-image-id=\"37247\"\n               data-title=\"auf dem Grande Roche\"\n               data-description=\"auf dem Grande Roche\"\n               data-image-slug=\"img_2686-5\"\n               class=\"shutterset_dc282286eb21b9c536173baeb8254d42\">\n                <img\n                    title=\"auf dem Grande Roche\"\n                    alt=\"auf dem Grande Roche\"\n                    src=\"http:\/\/www.freimarianne.ch\/wp-content\/gallery\/bourrignin-iph-21-4-26\/cache\/IMG_2686.jpeg-nggid0537247-ngg0dyn-100x75x100-00f0w010c010r110f110r010t010.jpeg\"\n                    width=\"100\"\n                    height=\"75\"\n                    style=\"max-width:100%;\"\n                \/>\n            <\/a>\n        <\/div>\n\t\t\t\t\t\t\t<\/div> \n\t\t\t\n                                    <br style=\"clear: both\" \/>\n                    \n\t\t\n\t\t<!-- Pagination -->\n\t<div class='ngg-clear'><\/div>\t<\/div>\n\n","protected":false},"excerpt":{"rendered":"<p>Wanderung auf den Grande Roche Heute f\u00e4hrt die Gruppe Alpenblick in den Jura. Von D\u00e9l\u00e9mont aus nehmen wir den Bus nach Bourrignon 770m, ein kleines Dorf, das an der Strasse nach Lucelle, also nahe zur Grenze nach Frankreich liegt.Wir haben wundersch\u00f6nes sonniges Wetter aber es weht eine Bise, gerade richtig zum Wandern.Vor dem Dorf gibt [&hellip;]<\/p>\n","protected":false},"author":1,"featured_media":0,"parent":70273,"menu_order":16,"comment_status":"closed","ping_status":"closed","template":"","meta":{"ngg_post_thumbnail":0},"_links":{"self":[{"href":"http:\/\/www.freimarianne.ch\/index.php?rest_route=\/wp\/v2\/pages\/70856"}],"collection":[{"href":"http:\/\/www.freimarianne.ch\/index.php?rest_route=\/wp\/v2\/pages"}],"about":[{"href":"http:\/\/www.freimarianne.ch\/index.php?rest_route=\/wp\/v2\/types\/page"}],"author":[{"embeddable":true,"href":"http:\/\/www.freimarianne.ch\/index.php?rest_route=\/wp\/v2\/users\/1"}],"replies":[{"embeddable":true,"href":"http:\/\/www.freimarianne.ch\/index.php?rest_route=%2Fwp%2Fv2%2Fcomments&post=70856"}],"version-history":[{"count":3,"href":"http:\/\/www.freimarianne.ch\/index.php?rest_route=\/wp\/v2\/pages\/70856\/revisions"}],"predecessor-version":[{"id":71002,"href":"http:\/\/www.freimarianne.ch\/index.php?rest_route=\/wp\/v2\/pages\/70856\/revisions\/71002"}],"up":[{"embeddable":true,"href":"http:\/\/www.freimarianne.ch\/index.php?rest_route=\/wp\/v2\/pages\/70273"}],"wp:attachment":[{"href":"http:\/\/www.freimarianne.ch\/index.php?rest_route=%2Fwp%2Fv2%2Fmedia&parent=70856"}],"curies":[{"name":"wp","href":"https:\/\/api.w.org\/{rel}","templated":true}]}}