{"id":7212,"date":"2014-09-22T11:13:08","date_gmt":"2014-09-22T10:13:08","guid":{"rendered":"http:\/\/www.freimarianne.ch\/?page_id=7212"},"modified":"2014-09-25T08:00:54","modified_gmt":"2014-09-25T07:00:54","slug":"ernen-ausserbinn-vs-20-9-2014","status":"publish","type":"page","link":"http:\/\/www.freimarianne.ch\/?page_id=7212","title":{"rendered":"Ernen &#8211; Ausserbinn, VS 20.9.2014"},"content":{"rendered":"<p><strong>Wanderung von Ernen \u00fcber die Alp Frid nach Ausserbinn<\/strong><\/p>\n<p><img loading=\"lazy\" class=\"aligncenter size-full wp-image-7214\" src=\"http:\/\/www.freimarianne.ch\/wp-content\/uploads\/2014\/09\/IMG_1071_ernen_500.jpg\" alt=\"IMG_1071_ernen_500\" width=\"500\" height=\"333\" srcset=\"http:\/\/www.freimarianne.ch\/wp-content\/uploads\/2014\/09\/IMG_1071_ernen_500.jpg 500w, http:\/\/www.freimarianne.ch\/wp-content\/uploads\/2014\/09\/IMG_1071_ernen_500-300x199.jpg 300w, http:\/\/www.freimarianne.ch\/wp-content\/uploads\/2014\/09\/IMG_1071_ernen_500-450x300.jpg 450w\" sizes=\"(max-width: 500px) 100vw, 500px\" \/><\/p>\n<p>Bevor wir unsere Wanderunge anfangen, besichtigen wir das Dorf Ernen mit seinen sch\u00f6nen H\u00e4usern und der Kirche St. Georg. Wir sind sehr beeindruckt. Hier\u00a0 sollte man ein F\u00fchrung machen!<br \/>\nNach 10.30 marschieren wir los. Die Wegweiser befnden sich bei der B\u00e4ckerei. Wir steigen steil auf im Ernerwald und erreichen um ca. 11.30 die Kapelle Maria Hilf aus dem Jahre 1693, die mitten im Ernerwald steht.<br \/>\nBald sind wir dann im offenen Gel\u00e4nde auf dem ehemaligen Maiens\u00e4ss Uf en Egg oder Uf en Egga 1709m ( jetzt Ferienh\u00e4user). Es ist wundersch\u00f6n hier oben und wir geniessen den momentanen Sonnenschein. WIr haben Sicht auf das Breithorn und das B\u00e4ttlihorn und gegen S\u00fcden auf das Helsenhorn und den tiefen Taleinschnitt des Binntals.<br \/>\nGegen Norden sehen wir auf das Fischerhorn, das meist von Wolken verdeckt ist.<br \/>\nAuf einem Teerstr\u00e4sschen !! gehen wir hinauf durch die wenigen H\u00fctten\u00a0 zum Wasserreservoir, das praktisch leer ist. Um ca. 13 h sind wir dann bei unserem Ziel der Alp friss 1889m, wo es aber nicht so feindlich ist. Es gibt kein Kuhglockengebimmel mehr sondern Traktorl\u00e4rm ! Es gibt auch keine Sitzgelegenheiten. Wir finden dann Platz auf dem Wasserreservoir, um unsern Mittagshalt zu machen.Wir nehmen denselben Weg zur\u00fcck bis zur Abzweigung\u00a0 zum Rundweg Kalkofen, der\u00a0 aber bald nicht mehr sichtbar ist. So gehen wir hinunter zum Wasserbecken und zur Abzweigung in den Ernerwald, um den steilen Pfad im Wald nach Ausserbinn zu nehmen. Dies geht eine Weile gut aber dann kommen wir zu einer Abzweigung, die nicht bezeichnet ist. Wir nehmen dann den Pfad, der nicht genutzt aussieht nach links und kommen dann\u00a0 sp\u00e4ter auf eine Schotterstrasse oberhalb Ausserbinn (ist das die Strasse auf Uf en Egg ?). Wieder m\u00fcssen wir \u00fcber Teer gehen, um nach Ausserbinn 1304m zu gelangen, wo wir vor 15.00 h eintreffen. Wir haben noch Zeit zum Einkehren im Gasthaus\u00a0 J\u00e4gerheim.<br \/>\nDiese Wanderung war sch\u00f6n und anf\u00e4nglich sehr gurt bezeichnet aber auf der Binntalseite ist die Ausschilderung\u00a0 mangelhaft.<br \/>\nAber diese Wanderung sollte uns einen Eindruck dieser uns noch unbekannten Gegend geben.<\/p>\n<p>Aufstieg von Ernen auf Alp Frid:<br \/>\nDistanz: 4.89km; Aufstieg: 721m; Abstieg: 32m; Marschzeit: 2.20 h<\/p>\n<p>Abstieg von Alp Frid nach Ausserbinn:<br \/>\nDistanz: 5.55km; Aufstieg: 81m; Abstieg: 679m; Marschzeit: 1.43 h<\/p>\n<p>Total: Distanz: 10.44km; Aufstieg:\u00a0 802m; Abstieg: 711m; Marschzeit: 4 h<\/p>\n<p><!-- index.php -->\n<div\n\tclass=\"ngg-galleryoverview ngg-ajax-pagination-none\"\n\tid=\"ngg-gallery-7246-1\">\n\n    \t<div class=\"slideshowlink\">\n        <a href='http:\/\/www.freimarianne.ch\/index.php\/nggallery\/slideshow?page_id=7212'>[Show as slideshow]<\/a>\n\t\t\n\t<\/div>\n\t\t\t<!-- Thumbnails -->\n\t\t\t\t<div id=\"ngg-image-0\" class=\"ngg-gallery-thumbnail-box\" >\n\t\t\t\t        <div class=\"ngg-gallery-thumbnail\">\n            <a href=\"http:\/\/www.freimarianne.ch\/wp-content\/gallery\/ernen-20-9-14\/IMG_1049.jpg\"\n               title=\"\"\n               data-src=\"http:\/\/www.freimarianne.ch\/wp-content\/gallery\/ernen-20-9-14\/IMG_1049.jpg\"\n               data-thumbnail=\"http:\/\/www.freimarianne.ch\/wp-content\/gallery\/ernen-20-9-14\/thumbs\/thumbs_IMG_1049.jpg\"\n               data-image-id=\"9477\"\n               data-title=\"IMG_1049\"\n               data-description=\"\"\n               data-image-slug=\"img_1049-3\"\n               class=\"shutterset_7246\">\n                <img\n                    title=\"IMG_1049\"\n                    alt=\"IMG_1049\"\n                    src=\"http:\/\/www.freimarianne.ch\/wp-content\/gallery\/ernen-20-9-14\/thumbs\/thumbs_IMG_1049.jpg\"\n                    width=\"100\"\n                    height=\"75\"\n                    style=\"max-width:100%;\"\n                \/>\n            <\/a>\n        <\/div>\n\t\t\t\t\t\t\t<\/div> \n\t\t\t\n        \n\t\t\t\t<div id=\"ngg-image-1\" class=\"ngg-gallery-thumbnail-box\" >\n\t\t\t\t        <div class=\"ngg-gallery-thumbnail\">\n            <a href=\"http:\/\/www.freimarianne.ch\/wp-content\/gallery\/ernen-20-9-14\/IMG_1052.jpg\"\n               title=\"\"\n               data-src=\"http:\/\/www.freimarianne.ch\/wp-content\/gallery\/ernen-20-9-14\/IMG_1052.jpg\"\n               data-thumbnail=\"http:\/\/www.freimarianne.ch\/wp-content\/gallery\/ernen-20-9-14\/thumbs\/thumbs_IMG_1052.jpg\"\n               data-image-id=\"9476\"\n               data-title=\"IMG_1052\"\n               data-description=\"\"\n               data-image-slug=\"img_1052-3\"\n               class=\"shutterset_7246\">\n                <img\n                    title=\"IMG_1052\"\n                    alt=\"IMG_1052\"\n                    src=\"http:\/\/www.freimarianne.ch\/wp-content\/gallery\/ernen-20-9-14\/thumbs\/thumbs_IMG_1052.jpg\"\n                    width=\"100\"\n                    height=\"75\"\n                    style=\"max-width:100%;\"\n                \/>\n            <\/a>\n        <\/div>\n\t\t\t\t\t\t\t<\/div> \n\t\t\t\n        \n\t\t\t\t<div id=\"ngg-image-2\" class=\"ngg-gallery-thumbnail-box\" >\n\t\t\t\t        <div class=\"ngg-gallery-thumbnail\">\n            <a href=\"http:\/\/www.freimarianne.ch\/wp-content\/gallery\/ernen-20-9-14\/IMG_1055.jpg\"\n               title=\"\"\n               data-src=\"http:\/\/www.freimarianne.ch\/wp-content\/gallery\/ernen-20-9-14\/IMG_1055.jpg\"\n               data-thumbnail=\"http:\/\/www.freimarianne.ch\/wp-content\/gallery\/ernen-20-9-14\/thumbs\/thumbs_IMG_1055.jpg\"\n               data-image-id=\"9475\"\n               data-title=\"IMG_1055\"\n               data-description=\"\"\n               data-image-slug=\"img_1055-1\"\n               class=\"shutterset_7246\">\n                <img\n                    title=\"IMG_1055\"\n                    alt=\"IMG_1055\"\n                    src=\"http:\/\/www.freimarianne.ch\/wp-content\/gallery\/ernen-20-9-14\/thumbs\/thumbs_IMG_1055.jpg\"\n                    width=\"100\"\n                    height=\"75\"\n                    style=\"max-width:100%;\"\n                \/>\n            <\/a>\n        <\/div>\n\t\t\t\t\t\t\t<\/div> \n\t\t\t\n        \n\t\t\t\t<div id=\"ngg-image-3\" class=\"ngg-gallery-thumbnail-box\" >\n\t\t\t\t        <div class=\"ngg-gallery-thumbnail\">\n            <a href=\"http:\/\/www.freimarianne.ch\/wp-content\/gallery\/ernen-20-9-14\/IMG_1058.jpg\"\n               title=\"\"\n               data-src=\"http:\/\/www.freimarianne.ch\/wp-content\/gallery\/ernen-20-9-14\/IMG_1058.jpg\"\n               data-thumbnail=\"http:\/\/www.freimarianne.ch\/wp-content\/gallery\/ernen-20-9-14\/thumbs\/thumbs_IMG_1058.jpg\"\n               data-image-id=\"9474\"\n               data-title=\"IMG_1058\"\n               data-description=\"\"\n               data-image-slug=\"img_1058-3\"\n               class=\"shutterset_7246\">\n                <img\n                    title=\"IMG_1058\"\n                    alt=\"IMG_1058\"\n                    src=\"http:\/\/www.freimarianne.ch\/wp-content\/gallery\/ernen-20-9-14\/thumbs\/thumbs_IMG_1058.jpg\"\n                    width=\"100\"\n                    height=\"75\"\n                    style=\"max-width:100%;\"\n                \/>\n            <\/a>\n        <\/div>\n\t\t\t\t\t\t\t<\/div> \n\t\t\t\n        \n\t\t\t\t<div id=\"ngg-image-4\" class=\"ngg-gallery-thumbnail-box\" >\n\t\t\t\t        <div class=\"ngg-gallery-thumbnail\">\n            <a href=\"http:\/\/www.freimarianne.ch\/wp-content\/gallery\/ernen-20-9-14\/IMG_1073.jpg\"\n               title=\"\"\n               data-src=\"http:\/\/www.freimarianne.ch\/wp-content\/gallery\/ernen-20-9-14\/IMG_1073.jpg\"\n               data-thumbnail=\"http:\/\/www.freimarianne.ch\/wp-content\/gallery\/ernen-20-9-14\/thumbs\/thumbs_IMG_1073.jpg\"\n               data-image-id=\"9473\"\n               data-title=\"IMG_1073\"\n               data-description=\"\"\n               data-image-slug=\"img_1073-1\"\n               class=\"shutterset_7246\">\n                <img\n                    title=\"IMG_1073\"\n                    alt=\"IMG_1073\"\n                    src=\"http:\/\/www.freimarianne.ch\/wp-content\/gallery\/ernen-20-9-14\/thumbs\/thumbs_IMG_1073.jpg\"\n                    width=\"100\"\n                    height=\"75\"\n                    style=\"max-width:100%;\"\n                \/>\n            <\/a>\n        <\/div>\n\t\t\t\t\t\t\t<\/div> \n\t\t\t\n        \n\t\t\t\t<div id=\"ngg-image-5\" class=\"ngg-gallery-thumbnail-box\" >\n\t\t\t\t        <div class=\"ngg-gallery-thumbnail\">\n            <a href=\"http:\/\/www.freimarianne.ch\/wp-content\/gallery\/ernen-20-9-14\/IMG_1079.jpg\"\n               title=\"\"\n               data-src=\"http:\/\/www.freimarianne.ch\/wp-content\/gallery\/ernen-20-9-14\/IMG_1079.jpg\"\n               data-thumbnail=\"http:\/\/www.freimarianne.ch\/wp-content\/gallery\/ernen-20-9-14\/thumbs\/thumbs_IMG_1079.jpg\"\n               data-image-id=\"9472\"\n               data-title=\"IMG_1079\"\n               data-description=\"\"\n               data-image-slug=\"img_1079-1\"\n               class=\"shutterset_7246\">\n                <img\n                    title=\"IMG_1079\"\n                    alt=\"IMG_1079\"\n                    src=\"http:\/\/www.freimarianne.ch\/wp-content\/gallery\/ernen-20-9-14\/thumbs\/thumbs_IMG_1079.jpg\"\n                    width=\"100\"\n                    height=\"75\"\n                    style=\"max-width:100%;\"\n                \/>\n            <\/a>\n        <\/div>\n\t\t\t\t\t\t\t<\/div> \n\t\t\t\n        \n\t\t\t\t<div id=\"ngg-image-6\" class=\"ngg-gallery-thumbnail-box\" >\n\t\t\t\t        <div class=\"ngg-gallery-thumbnail\">\n            <a href=\"http:\/\/www.freimarianne.ch\/wp-content\/gallery\/ernen-20-9-14\/IMG_1080.jpg\"\n               title=\"\"\n               data-src=\"http:\/\/www.freimarianne.ch\/wp-content\/gallery\/ernen-20-9-14\/IMG_1080.jpg\"\n               data-thumbnail=\"http:\/\/www.freimarianne.ch\/wp-content\/gallery\/ernen-20-9-14\/thumbs\/thumbs_IMG_1080.jpg\"\n               data-image-id=\"9471\"\n               data-title=\"IMG_1080\"\n               data-description=\"\"\n               data-image-slug=\"img_1080-1\"\n               class=\"shutterset_7246\">\n                <img\n                    title=\"IMG_1080\"\n                    alt=\"IMG_1080\"\n                    src=\"http:\/\/www.freimarianne.ch\/wp-content\/gallery\/ernen-20-9-14\/thumbs\/thumbs_IMG_1080.jpg\"\n                    width=\"100\"\n                    height=\"75\"\n                    style=\"max-width:100%;\"\n                \/>\n            <\/a>\n        <\/div>\n\t\t\t\t\t\t\t<\/div> \n\t\t\t\n        \n\t\t\t\t<div id=\"ngg-image-7\" class=\"ngg-gallery-thumbnail-box\" >\n\t\t\t\t        <div class=\"ngg-gallery-thumbnail\">\n            <a href=\"http:\/\/www.freimarianne.ch\/wp-content\/gallery\/ernen-20-9-14\/IMG_1083.jpg\"\n               title=\"\"\n               data-src=\"http:\/\/www.freimarianne.ch\/wp-content\/gallery\/ernen-20-9-14\/IMG_1083.jpg\"\n               data-thumbnail=\"http:\/\/www.freimarianne.ch\/wp-content\/gallery\/ernen-20-9-14\/thumbs\/thumbs_IMG_1083.jpg\"\n               data-image-id=\"9470\"\n               data-title=\"IMG_1083\"\n               data-description=\"\"\n               data-image-slug=\"img_1083-3\"\n               class=\"shutterset_7246\">\n                <img\n                    title=\"IMG_1083\"\n                    alt=\"IMG_1083\"\n                    src=\"http:\/\/www.freimarianne.ch\/wp-content\/gallery\/ernen-20-9-14\/thumbs\/thumbs_IMG_1083.jpg\"\n                    width=\"100\"\n                    height=\"75\"\n                    style=\"max-width:100%;\"\n                \/>\n            <\/a>\n        <\/div>\n\t\t\t\t\t\t\t<\/div> \n\t\t\t\n        \n\t\t\t\t<div id=\"ngg-image-8\" class=\"ngg-gallery-thumbnail-box\" >\n\t\t\t\t        <div class=\"ngg-gallery-thumbnail\">\n            <a href=\"http:\/\/www.freimarianne.ch\/wp-content\/gallery\/ernen-20-9-14\/IMG_1092.jpg\"\n               title=\"\"\n               data-src=\"http:\/\/www.freimarianne.ch\/wp-content\/gallery\/ernen-20-9-14\/IMG_1092.jpg\"\n               data-thumbnail=\"http:\/\/www.freimarianne.ch\/wp-content\/gallery\/ernen-20-9-14\/thumbs\/thumbs_IMG_1092.jpg\"\n               data-image-id=\"9469\"\n               data-title=\"IMG_1092\"\n               data-description=\"\"\n               data-image-slug=\"img_1092\"\n               class=\"shutterset_7246\">\n                <img\n                    title=\"IMG_1092\"\n                    alt=\"IMG_1092\"\n                    src=\"http:\/\/www.freimarianne.ch\/wp-content\/gallery\/ernen-20-9-14\/thumbs\/thumbs_IMG_1092.jpg\"\n                    width=\"100\"\n                    height=\"75\"\n                    style=\"max-width:100%;\"\n                \/>\n            <\/a>\n        <\/div>\n\t\t\t\t\t\t\t<\/div> \n\t\t\t\n        \n\t\t\t\t<div id=\"ngg-image-9\" class=\"ngg-gallery-thumbnail-box\" >\n\t\t\t\t        <div class=\"ngg-gallery-thumbnail\">\n            <a href=\"http:\/\/www.freimarianne.ch\/wp-content\/gallery\/ernen-20-9-14\/IMG_1094.jpg\"\n               title=\"\"\n               data-src=\"http:\/\/www.freimarianne.ch\/wp-content\/gallery\/ernen-20-9-14\/IMG_1094.jpg\"\n               data-thumbnail=\"http:\/\/www.freimarianne.ch\/wp-content\/gallery\/ernen-20-9-14\/thumbs\/thumbs_IMG_1094.jpg\"\n               data-image-id=\"9468\"\n               data-title=\"IMG_1094\"\n               data-description=\"\"\n               data-image-slug=\"img_1094-3\"\n               class=\"shutterset_7246\">\n                <img\n                    title=\"IMG_1094\"\n                    alt=\"IMG_1094\"\n                    src=\"http:\/\/www.freimarianne.ch\/wp-content\/gallery\/ernen-20-9-14\/thumbs\/thumbs_IMG_1094.jpg\"\n                    width=\"100\"\n                    height=\"75\"\n                    style=\"max-width:100%;\"\n                \/>\n            <\/a>\n        <\/div>\n\t\t\t\t\t\t\t<\/div> \n\t\t\t\n        \n\t\t\t\t<div id=\"ngg-image-10\" class=\"ngg-gallery-thumbnail-box\" >\n\t\t\t\t        <div class=\"ngg-gallery-thumbnail\">\n            <a href=\"http:\/\/www.freimarianne.ch\/wp-content\/gallery\/ernen-20-9-14\/IMG_1097.jpg\"\n               title=\"\"\n               data-src=\"http:\/\/www.freimarianne.ch\/wp-content\/gallery\/ernen-20-9-14\/IMG_1097.jpg\"\n               data-thumbnail=\"http:\/\/www.freimarianne.ch\/wp-content\/gallery\/ernen-20-9-14\/thumbs\/thumbs_IMG_1097.jpg\"\n               data-image-id=\"9467\"\n               data-title=\"IMG_1097\"\n               data-description=\"\"\n               data-image-slug=\"img_1097-1\"\n               class=\"shutterset_7246\">\n                <img\n                    title=\"IMG_1097\"\n                    alt=\"IMG_1097\"\n                    src=\"http:\/\/www.freimarianne.ch\/wp-content\/gallery\/ernen-20-9-14\/thumbs\/thumbs_IMG_1097.jpg\"\n                    width=\"100\"\n                    height=\"75\"\n                    style=\"max-width:100%;\"\n                \/>\n            <\/a>\n        <\/div>\n\t\t\t\t\t\t\t<\/div> \n\t\t\t\n        \n\t\t\t\t<div id=\"ngg-image-11\" class=\"ngg-gallery-thumbnail-box\" >\n\t\t\t\t        <div class=\"ngg-gallery-thumbnail\">\n            <a href=\"http:\/\/www.freimarianne.ch\/wp-content\/gallery\/ernen-20-9-14\/IMG_1100.jpg\"\n               title=\"\"\n               data-src=\"http:\/\/www.freimarianne.ch\/wp-content\/gallery\/ernen-20-9-14\/IMG_1100.jpg\"\n               data-thumbnail=\"http:\/\/www.freimarianne.ch\/wp-content\/gallery\/ernen-20-9-14\/thumbs\/thumbs_IMG_1100.jpg\"\n               data-image-id=\"9466\"\n               data-title=\"IMG_1100\"\n               data-description=\"\"\n               data-image-slug=\"img_1100-1\"\n               class=\"shutterset_7246\">\n                <img\n                    title=\"IMG_1100\"\n                    alt=\"IMG_1100\"\n                    src=\"http:\/\/www.freimarianne.ch\/wp-content\/gallery\/ernen-20-9-14\/thumbs\/thumbs_IMG_1100.jpg\"\n                    width=\"100\"\n                    height=\"75\"\n                    style=\"max-width:100%;\"\n                \/>\n            <\/a>\n        <\/div>\n\t\t\t\t\t\t\t<\/div> \n\t\t\t\n        \n\t\t\t\t<div id=\"ngg-image-12\" class=\"ngg-gallery-thumbnail-box\" >\n\t\t\t\t        <div class=\"ngg-gallery-thumbnail\">\n            <a href=\"http:\/\/www.freimarianne.ch\/wp-content\/gallery\/ernen-20-9-14\/IMG_1101.jpg\"\n               title=\"\"\n               data-src=\"http:\/\/www.freimarianne.ch\/wp-content\/gallery\/ernen-20-9-14\/IMG_1101.jpg\"\n               data-thumbnail=\"http:\/\/www.freimarianne.ch\/wp-content\/gallery\/ernen-20-9-14\/thumbs\/thumbs_IMG_1101.jpg\"\n               data-image-id=\"9465\"\n               data-title=\"IMG_1101\"\n               data-description=\"\"\n               data-image-slug=\"img_1101\"\n               class=\"shutterset_7246\">\n                <img\n                    title=\"IMG_1101\"\n                    alt=\"IMG_1101\"\n                    src=\"http:\/\/www.freimarianne.ch\/wp-content\/gallery\/ernen-20-9-14\/thumbs\/thumbs_IMG_1101.jpg\"\n                    width=\"100\"\n                    height=\"75\"\n                    style=\"max-width:100%;\"\n                \/>\n            <\/a>\n        <\/div>\n\t\t\t\t\t\t\t<\/div> \n\t\t\t\n        \n\t\t\n\t\t<!-- Pagination -->\n\t<div class='ngg-clear'><\/div>\t<\/div>\n<\/p>\n","protected":false},"excerpt":{"rendered":"<p>Wanderung von Ernen \u00fcber die Alp Frid nach Ausserbinn Bevor wir unsere Wanderunge anfangen, besichtigen wir das Dorf Ernen mit seinen sch\u00f6nen H\u00e4usern und der Kirche St. Georg. Wir sind sehr beeindruckt. Hier\u00a0 sollte man ein F\u00fchrung machen! Nach 10.30 marschieren wir los. Die Wegweiser befnden sich bei der B\u00e4ckerei. Wir steigen steil auf im [&hellip;]<\/p>\n","protected":false},"author":1,"featured_media":0,"parent":6625,"menu_order":7,"comment_status":"closed","ping_status":"closed","template":"","meta":{"ngg_post_thumbnail":0},"_links":{"self":[{"href":"http:\/\/www.freimarianne.ch\/index.php?rest_route=\/wp\/v2\/pages\/7212"}],"collection":[{"href":"http:\/\/www.freimarianne.ch\/index.php?rest_route=\/wp\/v2\/pages"}],"about":[{"href":"http:\/\/www.freimarianne.ch\/index.php?rest_route=\/wp\/v2\/types\/page"}],"author":[{"embeddable":true,"href":"http:\/\/www.freimarianne.ch\/index.php?rest_route=\/wp\/v2\/users\/1"}],"replies":[{"embeddable":true,"href":"http:\/\/www.freimarianne.ch\/index.php?rest_route=%2Fwp%2Fv2%2Fcomments&post=7212"}],"version-history":[{"count":4,"href":"http:\/\/www.freimarianne.ch\/index.php?rest_route=\/wp\/v2\/pages\/7212\/revisions"}],"predecessor-version":[{"id":7248,"href":"http:\/\/www.freimarianne.ch\/index.php?rest_route=\/wp\/v2\/pages\/7212\/revisions\/7248"}],"up":[{"embeddable":true,"href":"http:\/\/www.freimarianne.ch\/index.php?rest_route=\/wp\/v2\/pages\/6625"}],"wp:attachment":[{"href":"http:\/\/www.freimarianne.ch\/index.php?rest_route=%2Fwp%2Fv2%2Fmedia&parent=7212"}],"curies":[{"name":"wp","href":"https:\/\/api.w.org\/{rel}","templated":true}]}}