{"id":8373,"date":"2014-11-30T11:50:44","date_gmt":"2014-11-30T10:50:44","guid":{"rendered":"http:\/\/www.freimarianne.ch\/?page_id=8373"},"modified":"2014-12-01T17:47:54","modified_gmt":"2014-12-01T16:47:54","slug":"arosa-gr-23-11-2014","status":"publish","type":"page","link":"http:\/\/www.freimarianne.ch\/?page_id=8373","title":{"rendered":"Arosa, GR 23.11.2014"},"content":{"rendered":"<p><strong>Winterwanderung oberhalb Arosa<\/strong><\/p>\n<p><img loading=\"lazy\" class=\"aligncenter size-full wp-image-8371\" src=\"http:\/\/www.freimarianne.ch\/wp-content\/uploads\/2014\/11\/IMG_2837_arosa_500.jpg\" alt=\"IMG_2837_arosa_500\" width=\"500\" height=\"333\" srcset=\"http:\/\/www.freimarianne.ch\/wp-content\/uploads\/2014\/11\/IMG_2837_arosa_500.jpg 500w, http:\/\/www.freimarianne.ch\/wp-content\/uploads\/2014\/11\/IMG_2837_arosa_500-300x199.jpg 300w, http:\/\/www.freimarianne.ch\/wp-content\/uploads\/2014\/11\/IMG_2837_arosa_500-450x300.jpg 450w\" sizes=\"(max-width: 500px) 100vw, 500px\" \/><br \/>\nErst nach 11.00h komme ich bei strahlenden Wetter in Arosa 1739m an. Ich mache mich gleich auf den Weg ( ohne Karte) und finde bei der Seehalde den Einstieg auf den Weg nach Maran. Teilweise gehe ich \u00fcber nasse, rutschige Wiesen und dann allm\u00e4hlich auf vereisten Schnee im Walde. Von Maran 1862m aus hat man ein grossartige Sicht auf Stelli 2622m, Zenjiflue, 2686m, Davoser Weissfluh 2843m, Schiahorn, Ch\u00fcpfenflue 2658m, Mederger Flue 2706m, Tiejer Flue 2781m, Furggahorn 2727m, Chlein Furggahorn 2491m, Amselfue 2786m, Schiesshorn 2605m. Ich halte eine kurze Rast und geniesse das pr\u00e4chtige Panorama.<br \/>\nWeiter gehe ich auf einem aperen Str\u00e4sschen hinauf zum Pr\u00e4tschli 1908m. In einem Bogen geht es hinauf zur Maraner Alp und dann biege ich nach links auf den H\u00f6henweg ab, der stellenweise mit Schnee bedeckt ist. Durch den Arlenwald komme ich zur Mittelstation der Bergbahnen. Nun gehe ich im Schnee und folge dem Wegweiser zur Camenah\u00fctte, wohin ich aber nicht gehe sondern nach links unten abbiege und in einem weiten Bogen hinunter nach Innerarosa wandere. Dort mache ich einen Abstecher zum alten Aroser Bergkirchli 15. Jh., das auf einem H\u00fcgel liegt. Dann nehme ich den schnellsten Weg hinunter zum Bahnhof, m\u00f6chte ich doch den n\u00e4chsten Zug um 16. h nach Chur erreichen.<br \/>\nLaut Swissmap:<br \/>\nDistanz: 10.8km; Aufstieg: 435m; Abstieg: 438m; Marschzeit: 3.9 h<\/p>\n<p><!-- index.php -->\n<div\n\tclass=\"ngg-galleryoverview ngg-ajax-pagination-none\"\n\tid=\"ngg-gallery-8436-1\">\n\n    \t<div class=\"slideshowlink\">\n        <a href='http:\/\/www.freimarianne.ch\/index.php\/nggallery\/slideshow?page_id=8373'>[Show as slideshow]<\/a>\n\t\t\n\t<\/div>\n\t\t\t<!-- Thumbnails -->\n\t\t\t\t<div id=\"ngg-image-0\" class=\"ngg-gallery-thumbnail-box\" >\n\t\t\t\t        <div class=\"ngg-gallery-thumbnail\">\n            <a href=\"http:\/\/www.freimarianne.ch\/wp-content\/gallery\/arosa-23-11-14\/IMG_2792.jpg\"\n               title=\"\"\n               data-src=\"http:\/\/www.freimarianne.ch\/wp-content\/gallery\/arosa-23-11-14\/IMG_2792.jpg\"\n               data-thumbnail=\"http:\/\/www.freimarianne.ch\/wp-content\/gallery\/arosa-23-11-14\/thumbs\/thumbs_IMG_2792.jpg\"\n               data-image-id=\"9902\"\n               data-title=\"IMG_2792\"\n               data-description=\"\"\n               data-image-slug=\"img_2792-1\"\n               class=\"shutterset_8436\">\n                <img\n                    title=\"IMG_2792\"\n                    alt=\"IMG_2792\"\n                    src=\"http:\/\/www.freimarianne.ch\/wp-content\/gallery\/arosa-23-11-14\/thumbs\/thumbs_IMG_2792.jpg\"\n                    width=\"100\"\n                    height=\"75\"\n                    style=\"max-width:100%;\"\n                \/>\n            <\/a>\n        <\/div>\n\t\t\t\t\t\t\t<\/div> \n\t\t\t\n        \n\t\t\t\t<div id=\"ngg-image-1\" class=\"ngg-gallery-thumbnail-box\" >\n\t\t\t\t        <div class=\"ngg-gallery-thumbnail\">\n            <a href=\"http:\/\/www.freimarianne.ch\/wp-content\/gallery\/arosa-23-11-14\/IMG_2797.jpg\"\n               title=\"\"\n               data-src=\"http:\/\/www.freimarianne.ch\/wp-content\/gallery\/arosa-23-11-14\/IMG_2797.jpg\"\n               data-thumbnail=\"http:\/\/www.freimarianne.ch\/wp-content\/gallery\/arosa-23-11-14\/thumbs\/thumbs_IMG_2797.jpg\"\n               data-image-id=\"9903\"\n               data-title=\"IMG_2797\"\n               data-description=\"\"\n               data-image-slug=\"img_2797-3\"\n               class=\"shutterset_8436\">\n                <img\n                    title=\"IMG_2797\"\n                    alt=\"IMG_2797\"\n                    src=\"http:\/\/www.freimarianne.ch\/wp-content\/gallery\/arosa-23-11-14\/thumbs\/thumbs_IMG_2797.jpg\"\n                    width=\"100\"\n                    height=\"75\"\n                    style=\"max-width:100%;\"\n                \/>\n            <\/a>\n        <\/div>\n\t\t\t\t\t\t\t<\/div> \n\t\t\t\n        \n\t\t\t\t<div id=\"ngg-image-2\" class=\"ngg-gallery-thumbnail-box\" >\n\t\t\t\t        <div class=\"ngg-gallery-thumbnail\">\n            <a href=\"http:\/\/www.freimarianne.ch\/wp-content\/gallery\/arosa-23-11-14\/IMG_2811.jpg\"\n               title=\"\"\n               data-src=\"http:\/\/www.freimarianne.ch\/wp-content\/gallery\/arosa-23-11-14\/IMG_2811.jpg\"\n               data-thumbnail=\"http:\/\/www.freimarianne.ch\/wp-content\/gallery\/arosa-23-11-14\/thumbs\/thumbs_IMG_2811.jpg\"\n               data-image-id=\"9904\"\n               data-title=\"IMG_2811\"\n               data-description=\"\"\n               data-image-slug=\"img_2811-3\"\n               class=\"shutterset_8436\">\n                <img\n                    title=\"IMG_2811\"\n                    alt=\"IMG_2811\"\n                    src=\"http:\/\/www.freimarianne.ch\/wp-content\/gallery\/arosa-23-11-14\/thumbs\/thumbs_IMG_2811.jpg\"\n                    width=\"100\"\n                    height=\"75\"\n                    style=\"max-width:100%;\"\n                \/>\n            <\/a>\n        <\/div>\n\t\t\t\t\t\t\t<\/div> \n\t\t\t\n        \n\t\t\t\t<div id=\"ngg-image-3\" class=\"ngg-gallery-thumbnail-box\" >\n\t\t\t\t        <div class=\"ngg-gallery-thumbnail\">\n            <a href=\"http:\/\/www.freimarianne.ch\/wp-content\/gallery\/arosa-23-11-14\/IMG_2825.jpg\"\n               title=\"\"\n               data-src=\"http:\/\/www.freimarianne.ch\/wp-content\/gallery\/arosa-23-11-14\/IMG_2825.jpg\"\n               data-thumbnail=\"http:\/\/www.freimarianne.ch\/wp-content\/gallery\/arosa-23-11-14\/thumbs\/thumbs_IMG_2825.jpg\"\n               data-image-id=\"9905\"\n               data-title=\"IMG_2825\"\n               data-description=\"\"\n               data-image-slug=\"img_2825\"\n               class=\"shutterset_8436\">\n                <img\n                    title=\"IMG_2825\"\n                    alt=\"IMG_2825\"\n                    src=\"http:\/\/www.freimarianne.ch\/wp-content\/gallery\/arosa-23-11-14\/thumbs\/thumbs_IMG_2825.jpg\"\n                    width=\"100\"\n                    height=\"75\"\n                    style=\"max-width:100%;\"\n                \/>\n            <\/a>\n        <\/div>\n\t\t\t\t\t\t\t<\/div> \n\t\t\t\n        \n\t\t\t\t<div id=\"ngg-image-4\" class=\"ngg-gallery-thumbnail-box\" >\n\t\t\t\t        <div class=\"ngg-gallery-thumbnail\">\n            <a href=\"http:\/\/www.freimarianne.ch\/wp-content\/gallery\/arosa-23-11-14\/IMG_2830.jpg\"\n               title=\"\"\n               data-src=\"http:\/\/www.freimarianne.ch\/wp-content\/gallery\/arosa-23-11-14\/IMG_2830.jpg\"\n               data-thumbnail=\"http:\/\/www.freimarianne.ch\/wp-content\/gallery\/arosa-23-11-14\/thumbs\/thumbs_IMG_2830.jpg\"\n               data-image-id=\"9906\"\n               data-title=\"IMG_2830\"\n               data-description=\"\"\n               data-image-slug=\"img_2830\"\n               class=\"shutterset_8436\">\n                <img\n                    title=\"IMG_2830\"\n                    alt=\"IMG_2830\"\n                    src=\"http:\/\/www.freimarianne.ch\/wp-content\/gallery\/arosa-23-11-14\/thumbs\/thumbs_IMG_2830.jpg\"\n                    width=\"100\"\n                    height=\"75\"\n                    style=\"max-width:100%;\"\n                \/>\n            <\/a>\n        <\/div>\n\t\t\t\t\t\t\t<\/div> \n\t\t\t\n        \n\t\t\t\t<div id=\"ngg-image-5\" class=\"ngg-gallery-thumbnail-box\" >\n\t\t\t\t        <div class=\"ngg-gallery-thumbnail\">\n            <a href=\"http:\/\/www.freimarianne.ch\/wp-content\/gallery\/arosa-23-11-14\/IMG_2837.jpg\"\n               title=\"\"\n               data-src=\"http:\/\/www.freimarianne.ch\/wp-content\/gallery\/arosa-23-11-14\/IMG_2837.jpg\"\n               data-thumbnail=\"http:\/\/www.freimarianne.ch\/wp-content\/gallery\/arosa-23-11-14\/thumbs\/thumbs_IMG_2837.jpg\"\n               data-image-id=\"9907\"\n               data-title=\"IMG_2837\"\n               data-description=\"\"\n               data-image-slug=\"img_2837-3\"\n               class=\"shutterset_8436\">\n                <img\n                    title=\"IMG_2837\"\n                    alt=\"IMG_2837\"\n                    src=\"http:\/\/www.freimarianne.ch\/wp-content\/gallery\/arosa-23-11-14\/thumbs\/thumbs_IMG_2837.jpg\"\n                    width=\"100\"\n                    height=\"75\"\n                    style=\"max-width:100%;\"\n                \/>\n            <\/a>\n        <\/div>\n\t\t\t\t\t\t\t<\/div> \n\t\t\t\n        \n\t\t\t\t<div id=\"ngg-image-6\" class=\"ngg-gallery-thumbnail-box\" >\n\t\t\t\t        <div class=\"ngg-gallery-thumbnail\">\n            <a href=\"http:\/\/www.freimarianne.ch\/wp-content\/gallery\/arosa-23-11-14\/IMG_2841.jpg\"\n               title=\"\"\n               data-src=\"http:\/\/www.freimarianne.ch\/wp-content\/gallery\/arosa-23-11-14\/IMG_2841.jpg\"\n               data-thumbnail=\"http:\/\/www.freimarianne.ch\/wp-content\/gallery\/arosa-23-11-14\/thumbs\/thumbs_IMG_2841.jpg\"\n               data-image-id=\"9908\"\n               data-title=\"IMG_2841\"\n               data-description=\"\"\n               data-image-slug=\"img_2841-1\"\n               class=\"shutterset_8436\">\n                <img\n                    title=\"IMG_2841\"\n                    alt=\"IMG_2841\"\n                    src=\"http:\/\/www.freimarianne.ch\/wp-content\/gallery\/arosa-23-11-14\/thumbs\/thumbs_IMG_2841.jpg\"\n                    width=\"100\"\n                    height=\"75\"\n                    style=\"max-width:100%;\"\n                \/>\n            <\/a>\n        <\/div>\n\t\t\t\t\t\t\t<\/div> \n\t\t\t\n        \n\t\t\t\t<div id=\"ngg-image-7\" class=\"ngg-gallery-thumbnail-box\" >\n\t\t\t\t        <div class=\"ngg-gallery-thumbnail\">\n            <a href=\"http:\/\/www.freimarianne.ch\/wp-content\/gallery\/arosa-23-11-14\/IMG_2845.jpg\"\n               title=\"\"\n               data-src=\"http:\/\/www.freimarianne.ch\/wp-content\/gallery\/arosa-23-11-14\/IMG_2845.jpg\"\n               data-thumbnail=\"http:\/\/www.freimarianne.ch\/wp-content\/gallery\/arosa-23-11-14\/thumbs\/thumbs_IMG_2845.jpg\"\n               data-image-id=\"9909\"\n               data-title=\"IMG_2845\"\n               data-description=\"\"\n               data-image-slug=\"img_2845-1\"\n               class=\"shutterset_8436\">\n                <img\n                    title=\"IMG_2845\"\n                    alt=\"IMG_2845\"\n                    src=\"http:\/\/www.freimarianne.ch\/wp-content\/gallery\/arosa-23-11-14\/thumbs\/thumbs_IMG_2845.jpg\"\n                    width=\"100\"\n                    height=\"75\"\n                    style=\"max-width:100%;\"\n                \/>\n            <\/a>\n        <\/div>\n\t\t\t\t\t\t\t<\/div> \n\t\t\t\n        \n\t\t\t\t<div id=\"ngg-image-8\" class=\"ngg-gallery-thumbnail-box\" >\n\t\t\t\t        <div class=\"ngg-gallery-thumbnail\">\n            <a href=\"http:\/\/www.freimarianne.ch\/wp-content\/gallery\/arosa-23-11-14\/IMG_2847.jpg\"\n               title=\"\"\n               data-src=\"http:\/\/www.freimarianne.ch\/wp-content\/gallery\/arosa-23-11-14\/IMG_2847.jpg\"\n               data-thumbnail=\"http:\/\/www.freimarianne.ch\/wp-content\/gallery\/arosa-23-11-14\/thumbs\/thumbs_IMG_2847.jpg\"\n               data-image-id=\"9910\"\n               data-title=\"IMG_2847\"\n               data-description=\"\"\n               data-image-slug=\"img_2847-1\"\n               class=\"shutterset_8436\">\n                <img\n                    title=\"IMG_2847\"\n                    alt=\"IMG_2847\"\n                    src=\"http:\/\/www.freimarianne.ch\/wp-content\/gallery\/arosa-23-11-14\/thumbs\/thumbs_IMG_2847.jpg\"\n                    width=\"100\"\n                    height=\"75\"\n                    style=\"max-width:100%;\"\n                \/>\n            <\/a>\n        <\/div>\n\t\t\t\t\t\t\t<\/div> \n\t\t\t\n        \n\t\t\t\t<div id=\"ngg-image-9\" class=\"ngg-gallery-thumbnail-box\" >\n\t\t\t\t        <div class=\"ngg-gallery-thumbnail\">\n            <a href=\"http:\/\/www.freimarianne.ch\/wp-content\/gallery\/arosa-23-11-14\/IMG_2853.jpg\"\n               title=\"\"\n               data-src=\"http:\/\/www.freimarianne.ch\/wp-content\/gallery\/arosa-23-11-14\/IMG_2853.jpg\"\n               data-thumbnail=\"http:\/\/www.freimarianne.ch\/wp-content\/gallery\/arosa-23-11-14\/thumbs\/thumbs_IMG_2853.jpg\"\n               data-image-id=\"9911\"\n               data-title=\"IMG_2853\"\n               data-description=\"\"\n               data-image-slug=\"img_2853-1\"\n               class=\"shutterset_8436\">\n                <img\n                    title=\"IMG_2853\"\n                    alt=\"IMG_2853\"\n                    src=\"http:\/\/www.freimarianne.ch\/wp-content\/gallery\/arosa-23-11-14\/thumbs\/thumbs_IMG_2853.jpg\"\n                    width=\"100\"\n                    height=\"75\"\n                    style=\"max-width:100%;\"\n                \/>\n            <\/a>\n        <\/div>\n\t\t\t\t\t\t\t<\/div> \n\t\t\t\n        \n\t\t\t\t<div id=\"ngg-image-10\" class=\"ngg-gallery-thumbnail-box\" >\n\t\t\t\t        <div class=\"ngg-gallery-thumbnail\">\n            <a href=\"http:\/\/www.freimarianne.ch\/wp-content\/gallery\/arosa-23-11-14\/IMG_2859.jpg\"\n               title=\"\"\n               data-src=\"http:\/\/www.freimarianne.ch\/wp-content\/gallery\/arosa-23-11-14\/IMG_2859.jpg\"\n               data-thumbnail=\"http:\/\/www.freimarianne.ch\/wp-content\/gallery\/arosa-23-11-14\/thumbs\/thumbs_IMG_2859.jpg\"\n               data-image-id=\"9912\"\n               data-title=\"IMG_2859\"\n               data-description=\"\"\n               data-image-slug=\"img_2859\"\n               class=\"shutterset_8436\">\n                <img\n                    title=\"IMG_2859\"\n                    alt=\"IMG_2859\"\n                    src=\"http:\/\/www.freimarianne.ch\/wp-content\/gallery\/arosa-23-11-14\/thumbs\/thumbs_IMG_2859.jpg\"\n                    width=\"100\"\n                    height=\"75\"\n                    style=\"max-width:100%;\"\n                \/>\n            <\/a>\n        <\/div>\n\t\t\t\t\t\t\t<\/div> \n\t\t\t\n        \n\t\t\t\t<div id=\"ngg-image-11\" class=\"ngg-gallery-thumbnail-box\" >\n\t\t\t\t        <div class=\"ngg-gallery-thumbnail\">\n            <a href=\"http:\/\/www.freimarianne.ch\/wp-content\/gallery\/arosa-23-11-14\/IMG_2868.jpg\"\n               title=\"\"\n               data-src=\"http:\/\/www.freimarianne.ch\/wp-content\/gallery\/arosa-23-11-14\/IMG_2868.jpg\"\n               data-thumbnail=\"http:\/\/www.freimarianne.ch\/wp-content\/gallery\/arosa-23-11-14\/thumbs\/thumbs_IMG_2868.jpg\"\n               data-image-id=\"9913\"\n               data-title=\"IMG_2868\"\n               data-description=\"\"\n               data-image-slug=\"img_2868-1\"\n               class=\"shutterset_8436\">\n                <img\n                    title=\"IMG_2868\"\n                    alt=\"IMG_2868\"\n                    src=\"http:\/\/www.freimarianne.ch\/wp-content\/gallery\/arosa-23-11-14\/thumbs\/thumbs_IMG_2868.jpg\"\n                    width=\"100\"\n                    height=\"75\"\n                    style=\"max-width:100%;\"\n                \/>\n            <\/a>\n        <\/div>\n\t\t\t\t\t\t\t<\/div> \n\t\t\t\n        \n\t\t\t\t<div id=\"ngg-image-12\" class=\"ngg-gallery-thumbnail-box\" >\n\t\t\t\t        <div class=\"ngg-gallery-thumbnail\">\n            <a href=\"http:\/\/www.freimarianne.ch\/wp-content\/gallery\/arosa-23-11-14\/IMG_2873.jpg\"\n               title=\"\"\n               data-src=\"http:\/\/www.freimarianne.ch\/wp-content\/gallery\/arosa-23-11-14\/IMG_2873.jpg\"\n               data-thumbnail=\"http:\/\/www.freimarianne.ch\/wp-content\/gallery\/arosa-23-11-14\/thumbs\/thumbs_IMG_2873.jpg\"\n               data-image-id=\"9914\"\n               data-title=\"IMG_2873\"\n               data-description=\"\"\n               data-image-slug=\"img_2873-1\"\n               class=\"shutterset_8436\">\n                <img\n                    title=\"IMG_2873\"\n                    alt=\"IMG_2873\"\n                    src=\"http:\/\/www.freimarianne.ch\/wp-content\/gallery\/arosa-23-11-14\/thumbs\/thumbs_IMG_2873.jpg\"\n                    width=\"100\"\n                    height=\"75\"\n                    style=\"max-width:100%;\"\n                \/>\n            <\/a>\n        <\/div>\n\t\t\t\t\t\t\t<\/div> \n\t\t\t\n        \n\t\t\t\t<div id=\"ngg-image-13\" class=\"ngg-gallery-thumbnail-box\" >\n\t\t\t\t        <div class=\"ngg-gallery-thumbnail\">\n            <a href=\"http:\/\/www.freimarianne.ch\/wp-content\/gallery\/arosa-23-11-14\/IMG_2876.jpg\"\n               title=\"\"\n               data-src=\"http:\/\/www.freimarianne.ch\/wp-content\/gallery\/arosa-23-11-14\/IMG_2876.jpg\"\n               data-thumbnail=\"http:\/\/www.freimarianne.ch\/wp-content\/gallery\/arosa-23-11-14\/thumbs\/thumbs_IMG_2876.jpg\"\n               data-image-id=\"9915\"\n               data-title=\"IMG_2876\"\n               data-description=\"\"\n               data-image-slug=\"img_2876-1\"\n               class=\"shutterset_8436\">\n                <img\n                    title=\"IMG_2876\"\n                    alt=\"IMG_2876\"\n                    src=\"http:\/\/www.freimarianne.ch\/wp-content\/gallery\/arosa-23-11-14\/thumbs\/thumbs_IMG_2876.jpg\"\n                    width=\"100\"\n                    height=\"75\"\n                    style=\"max-width:100%;\"\n                \/>\n            <\/a>\n        <\/div>\n\t\t\t\t\t\t\t<\/div> \n\t\t\t\n        \n\t\t\t\t<div id=\"ngg-image-14\" class=\"ngg-gallery-thumbnail-box\" >\n\t\t\t\t        <div class=\"ngg-gallery-thumbnail\">\n            <a href=\"http:\/\/www.freimarianne.ch\/wp-content\/gallery\/arosa-23-11-14\/IMG_2878.jpg\"\n               title=\"\"\n               data-src=\"http:\/\/www.freimarianne.ch\/wp-content\/gallery\/arosa-23-11-14\/IMG_2878.jpg\"\n               data-thumbnail=\"http:\/\/www.freimarianne.ch\/wp-content\/gallery\/arosa-23-11-14\/thumbs\/thumbs_IMG_2878.jpg\"\n               data-image-id=\"9916\"\n               data-title=\"IMG_2878\"\n               data-description=\"\"\n               data-image-slug=\"img_2878-4\"\n               class=\"shutterset_8436\">\n                <img\n                    title=\"IMG_2878\"\n                    alt=\"IMG_2878\"\n                    src=\"http:\/\/www.freimarianne.ch\/wp-content\/gallery\/arosa-23-11-14\/thumbs\/thumbs_IMG_2878.jpg\"\n                    width=\"100\"\n                    height=\"75\"\n                    style=\"max-width:100%;\"\n                \/>\n            <\/a>\n        <\/div>\n\t\t\t\t\t\t\t<\/div> \n\t\t\t\n        \n\t\t\t\t<div id=\"ngg-image-15\" class=\"ngg-gallery-thumbnail-box\" >\n\t\t\t\t        <div class=\"ngg-gallery-thumbnail\">\n            <a href=\"http:\/\/www.freimarianne.ch\/wp-content\/gallery\/arosa-23-11-14\/IMG_2880.jpg\"\n               title=\"\"\n               data-src=\"http:\/\/www.freimarianne.ch\/wp-content\/gallery\/arosa-23-11-14\/IMG_2880.jpg\"\n               data-thumbnail=\"http:\/\/www.freimarianne.ch\/wp-content\/gallery\/arosa-23-11-14\/thumbs\/thumbs_IMG_2880.jpg\"\n               data-image-id=\"9917\"\n               data-title=\"IMG_2880\"\n               data-description=\"\"\n               data-image-slug=\"img_2880\"\n               class=\"shutterset_8436\">\n                <img\n                    title=\"IMG_2880\"\n                    alt=\"IMG_2880\"\n                    src=\"http:\/\/www.freimarianne.ch\/wp-content\/gallery\/arosa-23-11-14\/thumbs\/thumbs_IMG_2880.jpg\"\n                    width=\"100\"\n                    height=\"75\"\n                    style=\"max-width:100%;\"\n                \/>\n            <\/a>\n        <\/div>\n\t\t\t\t\t\t\t<\/div> \n\t\t\t\n        \n\t\t\n\t\t<!-- Pagination -->\n\t<div class='ngg-clear'><\/div>\t<\/div>\n<\/p>\n","protected":false},"excerpt":{"rendered":"<p>Winterwanderung oberhalb Arosa Erst nach 11.00h komme ich bei strahlenden Wetter in Arosa 1739m an. Ich mache mich gleich auf den Weg ( ohne Karte) und finde bei der Seehalde den Einstieg auf den Weg nach Maran. Teilweise gehe ich \u00fcber nasse, rutschige Wiesen und dann allm\u00e4hlich auf vereisten Schnee im Walde. Von Maran 1862m [&hellip;]<\/p>\n","protected":false},"author":1,"featured_media":0,"parent":6625,"menu_order":28,"comment_status":"closed","ping_status":"closed","template":"","meta":{"ngg_post_thumbnail":0},"_links":{"self":[{"href":"http:\/\/www.freimarianne.ch\/index.php?rest_route=\/wp\/v2\/pages\/8373"}],"collection":[{"href":"http:\/\/www.freimarianne.ch\/index.php?rest_route=\/wp\/v2\/pages"}],"about":[{"href":"http:\/\/www.freimarianne.ch\/index.php?rest_route=\/wp\/v2\/types\/page"}],"author":[{"embeddable":true,"href":"http:\/\/www.freimarianne.ch\/index.php?rest_route=\/wp\/v2\/users\/1"}],"replies":[{"embeddable":true,"href":"http:\/\/www.freimarianne.ch\/index.php?rest_route=%2Fwp%2Fv2%2Fcomments&post=8373"}],"version-history":[{"count":7,"href":"http:\/\/www.freimarianne.ch\/index.php?rest_route=\/wp\/v2\/pages\/8373\/revisions"}],"predecessor-version":[{"id":8442,"href":"http:\/\/www.freimarianne.ch\/index.php?rest_route=\/wp\/v2\/pages\/8373\/revisions\/8442"}],"up":[{"embeddable":true,"href":"http:\/\/www.freimarianne.ch\/index.php?rest_route=\/wp\/v2\/pages\/6625"}],"wp:attachment":[{"href":"http:\/\/www.freimarianne.ch\/index.php?rest_route=%2Fwp%2Fv2%2Fmedia&parent=8373"}],"curies":[{"name":"wp","href":"https:\/\/api.w.org\/{rel}","templated":true}]}}