{"id":8554,"date":"2014-12-26T11:48:33","date_gmt":"2014-12-26T10:48:33","guid":{"rendered":"http:\/\/www.freimarianne.ch\/?page_id=8554"},"modified":"2016-05-07T07:10:00","modified_gmt":"2016-05-07T06:10:00","slug":"von-sion-nach-lens-vs-25-12-2014","status":"publish","type":"page","link":"http:\/\/www.freimarianne.ch\/?page_id=8554","title":{"rendered":"Von Sion nach Lens, VS  25.12.2014"},"content":{"rendered":"<p><strong>Auf dem Chemin de Vigne der Bisse de Clavau entlang<\/strong><br \/>\nFlucht in die Sonne:\u00a0 Eine Weihnachtswanderung von Sion nach Lens<br \/>\n<img loading=\"lazy\" class=\"aligncenter size-full wp-image-8553\" src=\"http:\/\/www.freimarianne.ch\/wp-content\/uploads\/2014\/12\/IMG_7049_son_500.jpg\" alt=\"IMG_7049_son_500\" width=\"500\" height=\"375\" srcset=\"http:\/\/www.freimarianne.ch\/wp-content\/uploads\/2014\/12\/IMG_7049_son_500.jpg 500w, http:\/\/www.freimarianne.ch\/wp-content\/uploads\/2014\/12\/IMG_7049_son_500-300x225.jpg 300w, http:\/\/www.freimarianne.ch\/wp-content\/uploads\/2014\/12\/IMG_7049_son_500-400x300.jpg 400w\" sizes=\"(max-width: 500px) 100vw, 500px\" \/><br \/>\nVon Sion Brassi\u00e8re aus f\u00fchrt der Wanderweg der Bisse de Clavau entlang durch die Rebberge ( Naturweg)<br \/>\nBei Granges wendet sich der Weg ins Tal hinein. Ich \u00fcberquere den ersten Bach und dann vor Tsampon einen weiteren Zufluss der Li\u00e8ne, die unten im engen Tal fliesst.<br \/>\nNun geht es langsam etwas aufw\u00e4rts und ich verlasse die Rebberge. Der Pfad f\u00fchrt eng den Felsw\u00e4nden entlang und pl\u00f6tzlich stehe ich vor einem schwarzen Loch. Nun erinnere ich mich an die Tourenbeschreibung auf www.wandersite.ch.<\/p>\n<p>Leider ist der Tunnel aber nicht beleucht, wie dort beschrieben ist. Ich taste mich in der Dunkelheit den Felsw\u00e4nden entlang durch diesen engen Tunnel. Gl\u00fccklicherweise kommt niemand entgegen! Als ich draussen bin gehe ich im Schatten hinauf zum Wehr\u00a0 Beulet der Li\u00e8ne.\u00a0 Hier ist es wegen dem Raureif rutschig am Boden. Endlich komme ich ganz hinten in der Schlucht zur Br\u00fccke 690m \u00fcber den Bach. Nun geht es in Kehren hinauf durch den Wald bis zu einem Aussichtspunkt und einem Wegweiser. Von hier aus habe ich eine pr\u00e4chtige Sicht hinunter ins Unterwallis und auf die Schneeberge. Eigentlich hatte ich die Absicht, \u00fcber les Planisses der Bisse de Sillonine entlang nach St. L\u00e9onard zu laufen. Aber angesichts den rutschigen Bedinungen in den Schattenh\u00e4ngen und der Querung eines Felsbandes beschliesse ich, nach Lens hinaufzusteigen, auch wenn nun etliche H\u00f6henmeter dazu kommen.<br \/>\nIn Lens f\u00e4hrt das Postauto um 14.57 h nach Sierre nicht, obwohl das im SBB Fahrplan so angegeben ist!<br \/>\nEin netter Mann bem\u00fcht sich, mir eine Mitfahrgelegenheit zu finden. Aber da kommt gerade ein roter Bus der Montana Verkehrsbetriebe vorbei, den ich nehme. So komme ich zum Funiculaire\u00a0 in Crans\/Montana und fahre hinunter nach Sierre, wo ich gleich Anschluss habe auf den Zug nach Visp und dann nach Basel habe.<\/p>\n<p>Laut Swissmap:<br \/>\nDistanz: 12.2km; Aufstieg: 887m; Abstieg: 321m; Marschzeit: 4.16 h<\/p>\n<p><!-- index.php -->\n<div\n\tclass=\"ngg-galleryoverview ngg-ajax-pagination-none\"\n\tid=\"ngg-gallery-8613-1\">\n\n    \t<div class=\"slideshowlink\">\n        <a href='http:\/\/www.freimarianne.ch\/index.php\/nggallery\/slideshow?page_id=8554'>[Show as slideshow]<\/a>\n\t\t\n\t<\/div>\n\t\t\t<!-- Thumbnails -->\n\t\t\t\t<div id=\"ngg-image-0\" class=\"ngg-gallery-thumbnail-box\" >\n\t\t\t\t        <div class=\"ngg-gallery-thumbnail\">\n            <a href=\"http:\/\/www.freimarianne.ch\/wp-content\/gallery\/sion-25-12-2014\/IMG_7036.jpg\"\n               title=\"\"\n               data-src=\"http:\/\/www.freimarianne.ch\/wp-content\/gallery\/sion-25-12-2014\/IMG_7036.jpg\"\n               data-thumbnail=\"http:\/\/www.freimarianne.ch\/wp-content\/gallery\/sion-25-12-2014\/thumbs\/thumbs_IMG_7036.jpg\"\n               data-image-id=\"9966\"\n               data-title=\"IMG_7036\"\n               data-description=\"\"\n               data-image-slug=\"img_7036-1\"\n               class=\"shutterset_8613\">\n                <img\n                    title=\"IMG_7036\"\n                    alt=\"IMG_7036\"\n                    src=\"http:\/\/www.freimarianne.ch\/wp-content\/gallery\/sion-25-12-2014\/thumbs\/thumbs_IMG_7036.jpg\"\n                    width=\"100\"\n                    height=\"75\"\n                    style=\"max-width:100%;\"\n                \/>\n            <\/a>\n        <\/div>\n\t\t\t\t\t\t\t<\/div> \n\t\t\t\n        \n\t\t\t\t<div id=\"ngg-image-1\" class=\"ngg-gallery-thumbnail-box\" >\n\t\t\t\t        <div class=\"ngg-gallery-thumbnail\">\n            <a href=\"http:\/\/www.freimarianne.ch\/wp-content\/gallery\/sion-25-12-2014\/IMG_7037.jpg\"\n               title=\"\"\n               data-src=\"http:\/\/www.freimarianne.ch\/wp-content\/gallery\/sion-25-12-2014\/IMG_7037.jpg\"\n               data-thumbnail=\"http:\/\/www.freimarianne.ch\/wp-content\/gallery\/sion-25-12-2014\/thumbs\/thumbs_IMG_7037.jpg\"\n               data-image-id=\"9967\"\n               data-title=\"IMG_7037\"\n               data-description=\"\"\n               data-image-slug=\"img_7037-1\"\n               class=\"shutterset_8613\">\n                <img\n                    title=\"IMG_7037\"\n                    alt=\"IMG_7037\"\n                    src=\"http:\/\/www.freimarianne.ch\/wp-content\/gallery\/sion-25-12-2014\/thumbs\/thumbs_IMG_7037.jpg\"\n                    width=\"100\"\n                    height=\"75\"\n                    style=\"max-width:100%;\"\n                \/>\n            <\/a>\n        <\/div>\n\t\t\t\t\t\t\t<\/div> \n\t\t\t\n        \n\t\t\t\t<div id=\"ngg-image-2\" class=\"ngg-gallery-thumbnail-box\" >\n\t\t\t\t        <div class=\"ngg-gallery-thumbnail\">\n            <a href=\"http:\/\/www.freimarianne.ch\/wp-content\/gallery\/sion-25-12-2014\/IMG_7039.jpg\"\n               title=\"\"\n               data-src=\"http:\/\/www.freimarianne.ch\/wp-content\/gallery\/sion-25-12-2014\/IMG_7039.jpg\"\n               data-thumbnail=\"http:\/\/www.freimarianne.ch\/wp-content\/gallery\/sion-25-12-2014\/thumbs\/thumbs_IMG_7039.jpg\"\n               data-image-id=\"9968\"\n               data-title=\"IMG_7039\"\n               data-description=\"\"\n               data-image-slug=\"img_7039-1\"\n               class=\"shutterset_8613\">\n                <img\n                    title=\"IMG_7039\"\n                    alt=\"IMG_7039\"\n                    src=\"http:\/\/www.freimarianne.ch\/wp-content\/gallery\/sion-25-12-2014\/thumbs\/thumbs_IMG_7039.jpg\"\n                    width=\"100\"\n                    height=\"75\"\n                    style=\"max-width:100%;\"\n                \/>\n            <\/a>\n        <\/div>\n\t\t\t\t\t\t\t<\/div> \n\t\t\t\n        \n\t\t\t\t<div id=\"ngg-image-3\" class=\"ngg-gallery-thumbnail-box\" >\n\t\t\t\t        <div class=\"ngg-gallery-thumbnail\">\n            <a href=\"http:\/\/www.freimarianne.ch\/wp-content\/gallery\/sion-25-12-2014\/IMG_7048.jpg\"\n               title=\"\"\n               data-src=\"http:\/\/www.freimarianne.ch\/wp-content\/gallery\/sion-25-12-2014\/IMG_7048.jpg\"\n               data-thumbnail=\"http:\/\/www.freimarianne.ch\/wp-content\/gallery\/sion-25-12-2014\/thumbs\/thumbs_IMG_7048.jpg\"\n               data-image-id=\"9969\"\n               data-title=\"IMG_7048\"\n               data-description=\"\"\n               data-image-slug=\"img_7048\"\n               class=\"shutterset_8613\">\n                <img\n                    title=\"IMG_7048\"\n                    alt=\"IMG_7048\"\n                    src=\"http:\/\/www.freimarianne.ch\/wp-content\/gallery\/sion-25-12-2014\/thumbs\/thumbs_IMG_7048.jpg\"\n                    width=\"100\"\n                    height=\"75\"\n                    style=\"max-width:100%;\"\n                \/>\n            <\/a>\n        <\/div>\n\t\t\t\t\t\t\t<\/div> \n\t\t\t\n        \n\t\t\t\t<div id=\"ngg-image-4\" class=\"ngg-gallery-thumbnail-box\" >\n\t\t\t\t        <div class=\"ngg-gallery-thumbnail\">\n            <a href=\"http:\/\/www.freimarianne.ch\/wp-content\/gallery\/sion-25-12-2014\/IMG_7050.jpg\"\n               title=\"\"\n               data-src=\"http:\/\/www.freimarianne.ch\/wp-content\/gallery\/sion-25-12-2014\/IMG_7050.jpg\"\n               data-thumbnail=\"http:\/\/www.freimarianne.ch\/wp-content\/gallery\/sion-25-12-2014\/thumbs\/thumbs_IMG_7050.jpg\"\n               data-image-id=\"9970\"\n               data-title=\"IMG_7050\"\n               data-description=\"\"\n               data-image-slug=\"img_7050-3\"\n               class=\"shutterset_8613\">\n                <img\n                    title=\"IMG_7050\"\n                    alt=\"IMG_7050\"\n                    src=\"http:\/\/www.freimarianne.ch\/wp-content\/gallery\/sion-25-12-2014\/thumbs\/thumbs_IMG_7050.jpg\"\n                    width=\"100\"\n                    height=\"75\"\n                    style=\"max-width:100%;\"\n                \/>\n            <\/a>\n        <\/div>\n\t\t\t\t\t\t\t<\/div> \n\t\t\t\n        \n\t\t\t\t<div id=\"ngg-image-5\" class=\"ngg-gallery-thumbnail-box\" >\n\t\t\t\t        <div class=\"ngg-gallery-thumbnail\">\n            <a href=\"http:\/\/www.freimarianne.ch\/wp-content\/gallery\/sion-25-12-2014\/IMG_7051.jpg\"\n               title=\"\"\n               data-src=\"http:\/\/www.freimarianne.ch\/wp-content\/gallery\/sion-25-12-2014\/IMG_7051.jpg\"\n               data-thumbnail=\"http:\/\/www.freimarianne.ch\/wp-content\/gallery\/sion-25-12-2014\/thumbs\/thumbs_IMG_7051.jpg\"\n               data-image-id=\"9971\"\n               data-title=\"IMG_7051\"\n               data-description=\"\"\n               data-image-slug=\"img_7051-1\"\n               class=\"shutterset_8613\">\n                <img\n                    title=\"IMG_7051\"\n                    alt=\"IMG_7051\"\n                    src=\"http:\/\/www.freimarianne.ch\/wp-content\/gallery\/sion-25-12-2014\/thumbs\/thumbs_IMG_7051.jpg\"\n                    width=\"100\"\n                    height=\"75\"\n                    style=\"max-width:100%;\"\n                \/>\n            <\/a>\n        <\/div>\n\t\t\t\t\t\t\t<\/div> \n\t\t\t\n        \n\t\t\t\t<div id=\"ngg-image-6\" class=\"ngg-gallery-thumbnail-box\" >\n\t\t\t\t        <div class=\"ngg-gallery-thumbnail\">\n            <a href=\"http:\/\/www.freimarianne.ch\/wp-content\/gallery\/sion-25-12-2014\/IMG_7059.jpg\"\n               title=\"\"\n               data-src=\"http:\/\/www.freimarianne.ch\/wp-content\/gallery\/sion-25-12-2014\/IMG_7059.jpg\"\n               data-thumbnail=\"http:\/\/www.freimarianne.ch\/wp-content\/gallery\/sion-25-12-2014\/thumbs\/thumbs_IMG_7059.jpg\"\n               data-image-id=\"9972\"\n               data-title=\"IMG_7059\"\n               data-description=\"\"\n               data-image-slug=\"img_7059-1\"\n               class=\"shutterset_8613\">\n                <img\n                    title=\"IMG_7059\"\n                    alt=\"IMG_7059\"\n                    src=\"http:\/\/www.freimarianne.ch\/wp-content\/gallery\/sion-25-12-2014\/thumbs\/thumbs_IMG_7059.jpg\"\n                    width=\"100\"\n                    height=\"75\"\n                    style=\"max-width:100%;\"\n                \/>\n            <\/a>\n        <\/div>\n\t\t\t\t\t\t\t<\/div> \n\t\t\t\n        \n\t\t\t\t<div id=\"ngg-image-7\" class=\"ngg-gallery-thumbnail-box\" >\n\t\t\t\t        <div class=\"ngg-gallery-thumbnail\">\n            <a href=\"http:\/\/www.freimarianne.ch\/wp-content\/gallery\/sion-25-12-2014\/IMG_7060.jpg\"\n               title=\"\"\n               data-src=\"http:\/\/www.freimarianne.ch\/wp-content\/gallery\/sion-25-12-2014\/IMG_7060.jpg\"\n               data-thumbnail=\"http:\/\/www.freimarianne.ch\/wp-content\/gallery\/sion-25-12-2014\/thumbs\/thumbs_IMG_7060.jpg\"\n               data-image-id=\"9973\"\n               data-title=\"IMG_7060\"\n               data-description=\"\"\n               data-image-slug=\"img_7060\"\n               class=\"shutterset_8613\">\n                <img\n                    title=\"IMG_7060\"\n                    alt=\"IMG_7060\"\n                    src=\"http:\/\/www.freimarianne.ch\/wp-content\/gallery\/sion-25-12-2014\/thumbs\/thumbs_IMG_7060.jpg\"\n                    width=\"100\"\n                    height=\"75\"\n                    style=\"max-width:100%;\"\n                \/>\n            <\/a>\n        <\/div>\n\t\t\t\t\t\t\t<\/div> \n\t\t\t\n        \n\t\t\t\t<div id=\"ngg-image-8\" class=\"ngg-gallery-thumbnail-box\" >\n\t\t\t\t        <div class=\"ngg-gallery-thumbnail\">\n            <a href=\"http:\/\/www.freimarianne.ch\/wp-content\/gallery\/sion-25-12-2014\/IMG_7062.jpg\"\n               title=\"\"\n               data-src=\"http:\/\/www.freimarianne.ch\/wp-content\/gallery\/sion-25-12-2014\/IMG_7062.jpg\"\n               data-thumbnail=\"http:\/\/www.freimarianne.ch\/wp-content\/gallery\/sion-25-12-2014\/thumbs\/thumbs_IMG_7062.jpg\"\n               data-image-id=\"9974\"\n               data-title=\"IMG_7062\"\n               data-description=\"\"\n               data-image-slug=\"img_7062\"\n               class=\"shutterset_8613\">\n                <img\n                    title=\"IMG_7062\"\n                    alt=\"IMG_7062\"\n                    src=\"http:\/\/www.freimarianne.ch\/wp-content\/gallery\/sion-25-12-2014\/thumbs\/thumbs_IMG_7062.jpg\"\n                    width=\"100\"\n                    height=\"75\"\n                    style=\"max-width:100%;\"\n                \/>\n            <\/a>\n        <\/div>\n\t\t\t\t\t\t\t<\/div> \n\t\t\t\n        \n\t\t\t\t<div id=\"ngg-image-9\" class=\"ngg-gallery-thumbnail-box\" >\n\t\t\t\t        <div class=\"ngg-gallery-thumbnail\">\n            <a href=\"http:\/\/www.freimarianne.ch\/wp-content\/gallery\/sion-25-12-2014\/IMG_7067.jpg\"\n               title=\"\"\n               data-src=\"http:\/\/www.freimarianne.ch\/wp-content\/gallery\/sion-25-12-2014\/IMG_7067.jpg\"\n               data-thumbnail=\"http:\/\/www.freimarianne.ch\/wp-content\/gallery\/sion-25-12-2014\/thumbs\/thumbs_IMG_7067.jpg\"\n               data-image-id=\"9975\"\n               data-title=\"IMG_7067\"\n               data-description=\"\"\n               data-image-slug=\"img_7067\"\n               class=\"shutterset_8613\">\n                <img\n                    title=\"IMG_7067\"\n                    alt=\"IMG_7067\"\n                    src=\"http:\/\/www.freimarianne.ch\/wp-content\/gallery\/sion-25-12-2014\/thumbs\/thumbs_IMG_7067.jpg\"\n                    width=\"100\"\n                    height=\"75\"\n                    style=\"max-width:100%;\"\n                \/>\n            <\/a>\n        <\/div>\n\t\t\t\t\t\t\t<\/div> \n\t\t\t\n        \n\t\t\t\t<div id=\"ngg-image-10\" class=\"ngg-gallery-thumbnail-box\" >\n\t\t\t\t        <div class=\"ngg-gallery-thumbnail\">\n            <a href=\"http:\/\/www.freimarianne.ch\/wp-content\/gallery\/sion-25-12-2014\/IMG_7081.jpg\"\n               title=\"\"\n               data-src=\"http:\/\/www.freimarianne.ch\/wp-content\/gallery\/sion-25-12-2014\/IMG_7081.jpg\"\n               data-thumbnail=\"http:\/\/www.freimarianne.ch\/wp-content\/gallery\/sion-25-12-2014\/thumbs\/thumbs_IMG_7081.jpg\"\n               data-image-id=\"9976\"\n               data-title=\"IMG_7081\"\n               data-description=\"\"\n               data-image-slug=\"img_7081-1\"\n               class=\"shutterset_8613\">\n                <img\n                    title=\"IMG_7081\"\n                    alt=\"IMG_7081\"\n                    src=\"http:\/\/www.freimarianne.ch\/wp-content\/gallery\/sion-25-12-2014\/thumbs\/thumbs_IMG_7081.jpg\"\n                    width=\"100\"\n                    height=\"75\"\n                    style=\"max-width:100%;\"\n                \/>\n            <\/a>\n        <\/div>\n\t\t\t\t\t\t\t<\/div> \n\t\t\t\n        \n\t\t\t\t<div id=\"ngg-image-11\" class=\"ngg-gallery-thumbnail-box\" >\n\t\t\t\t        <div class=\"ngg-gallery-thumbnail\">\n            <a href=\"http:\/\/www.freimarianne.ch\/wp-content\/gallery\/sion-25-12-2014\/IMG_7083.jpg\"\n               title=\"\"\n               data-src=\"http:\/\/www.freimarianne.ch\/wp-content\/gallery\/sion-25-12-2014\/IMG_7083.jpg\"\n               data-thumbnail=\"http:\/\/www.freimarianne.ch\/wp-content\/gallery\/sion-25-12-2014\/thumbs\/thumbs_IMG_7083.jpg\"\n               data-image-id=\"9977\"\n               data-title=\"IMG_7083\"\n               data-description=\"\"\n               data-image-slug=\"img_7083-3\"\n               class=\"shutterset_8613\">\n                <img\n                    title=\"IMG_7083\"\n                    alt=\"IMG_7083\"\n                    src=\"http:\/\/www.freimarianne.ch\/wp-content\/gallery\/sion-25-12-2014\/thumbs\/thumbs_IMG_7083.jpg\"\n                    width=\"100\"\n                    height=\"75\"\n                    style=\"max-width:100%;\"\n                \/>\n            <\/a>\n        <\/div>\n\t\t\t\t\t\t\t<\/div> \n\t\t\t\n        \n\t\t\n\t\t<!-- Pagination -->\n\t<div class='ngg-clear'><\/div>\t<\/div>\n<\/p>\n","protected":false},"excerpt":{"rendered":"<p>Auf dem Chemin de Vigne der Bisse de Clavau entlang Flucht in die Sonne:\u00a0 Eine Weihnachtswanderung von Sion nach Lens Von Sion Brassi\u00e8re aus f\u00fchrt der Wanderweg der Bisse de Clavau entlang durch die Rebberge ( Naturweg) Bei Granges wendet sich der Weg ins Tal hinein. Ich \u00fcberquere den ersten Bach und dann vor Tsampon [&hellip;]<\/p>\n","protected":false},"author":1,"featured_media":0,"parent":4769,"menu_order":24,"comment_status":"closed","ping_status":"closed","template":"","meta":{"ngg_post_thumbnail":0},"_links":{"self":[{"href":"http:\/\/www.freimarianne.ch\/index.php?rest_route=\/wp\/v2\/pages\/8554"}],"collection":[{"href":"http:\/\/www.freimarianne.ch\/index.php?rest_route=\/wp\/v2\/pages"}],"about":[{"href":"http:\/\/www.freimarianne.ch\/index.php?rest_route=\/wp\/v2\/types\/page"}],"author":[{"embeddable":true,"href":"http:\/\/www.freimarianne.ch\/index.php?rest_route=\/wp\/v2\/users\/1"}],"replies":[{"embeddable":true,"href":"http:\/\/www.freimarianne.ch\/index.php?rest_route=%2Fwp%2Fv2%2Fcomments&post=8554"}],"version-history":[{"count":11,"href":"http:\/\/www.freimarianne.ch\/index.php?rest_route=\/wp\/v2\/pages\/8554\/revisions"}],"predecessor-version":[{"id":16850,"href":"http:\/\/www.freimarianne.ch\/index.php?rest_route=\/wp\/v2\/pages\/8554\/revisions\/16850"}],"up":[{"embeddable":true,"href":"http:\/\/www.freimarianne.ch\/index.php?rest_route=\/wp\/v2\/pages\/4769"}],"wp:attachment":[{"href":"http:\/\/www.freimarianne.ch\/index.php?rest_route=%2Fwp%2Fv2%2Fmedia&parent=8554"}],"curies":[{"name":"wp","href":"https:\/\/api.w.org\/{rel}","templated":true}]}}