{"id":9233,"date":"2015-02-16T16:01:39","date_gmt":"2015-02-16T15:01:39","guid":{"rendered":"http:\/\/www.freimarianne.ch\/?page_id=9233"},"modified":"2015-02-23T15:52:42","modified_gmt":"2015-02-23T14:52:42","slug":"visperterminen-vs-6-2-2015","status":"publish","type":"page","link":"http:\/\/www.freimarianne.ch\/?page_id=9233","title":{"rendered":"Visperterminen, VS 6.2.2015"},"content":{"rendered":"<p><strong>Schneeschuhwanderung &#8220;Spuren im Schnee&#8221;<\/strong><\/p>\n<p><img loading=\"lazy\" class=\"alignleft size-full wp-image-9243\" src=\"http:\/\/www.freimarianne.ch\/wp-content\/uploads\/2015\/02\/IMG_7370_visperterm_500.jpg\" alt=\"IMG_7370_visperterm_500\" width=\"500\" height=\"375\" srcset=\"http:\/\/www.freimarianne.ch\/wp-content\/uploads\/2015\/02\/IMG_7370_visperterm_500.jpg 500w, http:\/\/www.freimarianne.ch\/wp-content\/uploads\/2015\/02\/IMG_7370_visperterm_500-300x225.jpg 300w, http:\/\/www.freimarianne.ch\/wp-content\/uploads\/2015\/02\/IMG_7370_visperterm_500-400x300.jpg 400w\" sizes=\"(max-width: 500px) 100vw, 500px\" \/><\/p>\n<p>Eigentlich habe ich heute die Schneeschuhtour auf den Gibidum ins Auge gefasst aber das Wetter in Visperterminen ist schlechter als ich erwartet habe. Die Gegend versinkt fast im Nebel und den st\u00e4ndig sich bewegenden Wolkenb\u00e4nken.<br \/>\nWir beschliessen, eine kleinere Schneeschuhtour zu machen und w\u00e4hlen die Tour &#8221; Spuren im Schnee&#8221;, zu welcher wir dann den Einstieg finden. Hier gibt es keine soso Wegweiser sondern weisse, die man nicht so gut sieht! Der Pfad folgt dem Sommerwanderweg nach Bodma in Richtung Gibitum, den wir im Herbst bereits gegangen sind. Wir scheine heute die ersten zu sein, die im tief verschneiten Wald unterwegs sind. Es herrscht eine ganz spezielle Stimmung in diesem Winterwald, in dem wir allein unterwegs sind. Immer wieder werden wir von herunterfallenden Schnee best\u00e4ubt und werden recht nass. Der Pfad f\u00fchrt in das Tobel der Rieddachs hinein, den wir auf einer kleinen Br\u00fccke \u00fcberqueren. Dann geht es hinauf im steilen Hang bis wir auf die Anh\u00f6he und Lichtung von Bodma 1578m kommen. Von hier aus sehen wir wegen einer momentanen Aufhellung hin\u00fcber zum Bietschhorn und Hohgleifa. Wir haben ewas M\u00fche, den Weg zu folgen, der eben keiner ist. Die weissen Schilder sind zu weit auseinander. Mit Hilfe des Kartenausdrucks finden wie die Richtung und steigen bald hinunter in den tief verschneiten wundersch\u00f6nen Winterwald. Wir gehen wieder auf dem Sommer Wanderweg und stossen daher weiter unten auf die Abzweigung, die wir anfangs gesehen hatten. Ober halb dem Dorf steht ein verschneites B\u00e4nklein, das wir vom Schnee befreien. Hier machen wir eine sp\u00e4te Mittagsrast. Eine kurze Aufhellung l\u00e4sst uns weiter untern das Dorf erblicken. Schneeschauer vom nahen Baum vertreiben uns aber bald. Durchn\u00e4sst machen wir uns auf den R\u00fcckweg ins Dorf, wo wir fast noch eine Stunde Zeit haben, uns im Restaurant aufzuw\u00e4rmen und unsere Kleider zu trocknen.<br \/>\nF\u00fcr diese eher kurze Wanderung haben wir ca. 2 Stunden gebraucht. Die Bedingungen waren sehr winterlich und punkto Sonne schlecht.<\/p>\n<p><!-- index.php -->\n<div\n\tclass=\"ngg-galleryoverview ngg-ajax-pagination-none\"\n\tid=\"ngg-gallery-9591-1\">\n\n    \t<div class=\"slideshowlink\">\n        <a href='http:\/\/www.freimarianne.ch\/index.php\/nggallery\/slideshow?page_id=9233'>[Show as slideshow]<\/a>\n\t\t\n\t<\/div>\n\t\t\t<!-- Thumbnails -->\n\t\t\t\t<div id=\"ngg-image-0\" class=\"ngg-gallery-thumbnail-box\" >\n\t\t\t\t        <div class=\"ngg-gallery-thumbnail\">\n            <a href=\"http:\/\/www.freimarianne.ch\/wp-content\/gallery\/visperterminen-6-2-15\/IMG_7352.jpg\"\n               title=\"\"\n               data-src=\"http:\/\/www.freimarianne.ch\/wp-content\/gallery\/visperterminen-6-2-15\/IMG_7352.jpg\"\n               data-thumbnail=\"http:\/\/www.freimarianne.ch\/wp-content\/gallery\/visperterminen-6-2-15\/thumbs\/thumbs_IMG_7352.jpg\"\n               data-image-id=\"10133\"\n               data-title=\"IMG_7352\"\n               data-description=\"\"\n               data-image-slug=\"img_7352\"\n               class=\"shutterset_9591\">\n                <img\n                    title=\"IMG_7352\"\n                    alt=\"IMG_7352\"\n                    src=\"http:\/\/www.freimarianne.ch\/wp-content\/gallery\/visperterminen-6-2-15\/thumbs\/thumbs_IMG_7352.jpg\"\n                    width=\"100\"\n                    height=\"75\"\n                    style=\"max-width:100%;\"\n                \/>\n            <\/a>\n        <\/div>\n\t\t\t\t\t\t\t<\/div> \n\t\t\t\n        \n\t\t\t\t<div id=\"ngg-image-1\" class=\"ngg-gallery-thumbnail-box\" >\n\t\t\t\t        <div class=\"ngg-gallery-thumbnail\">\n            <a href=\"http:\/\/www.freimarianne.ch\/wp-content\/gallery\/visperterminen-6-2-15\/IMG_7354.jpg\"\n               title=\"\"\n               data-src=\"http:\/\/www.freimarianne.ch\/wp-content\/gallery\/visperterminen-6-2-15\/IMG_7354.jpg\"\n               data-thumbnail=\"http:\/\/www.freimarianne.ch\/wp-content\/gallery\/visperterminen-6-2-15\/thumbs\/thumbs_IMG_7354.jpg\"\n               data-image-id=\"10134\"\n               data-title=\"IMG_7354\"\n               data-description=\"\"\n               data-image-slug=\"img_7354\"\n               class=\"shutterset_9591\">\n                <img\n                    title=\"IMG_7354\"\n                    alt=\"IMG_7354\"\n                    src=\"http:\/\/www.freimarianne.ch\/wp-content\/gallery\/visperterminen-6-2-15\/thumbs\/thumbs_IMG_7354.jpg\"\n                    width=\"100\"\n                    height=\"75\"\n                    style=\"max-width:100%;\"\n                \/>\n            <\/a>\n        <\/div>\n\t\t\t\t\t\t\t<\/div> \n\t\t\t\n        \n\t\t\t\t<div id=\"ngg-image-2\" class=\"ngg-gallery-thumbnail-box\" >\n\t\t\t\t        <div class=\"ngg-gallery-thumbnail\">\n            <a href=\"http:\/\/www.freimarianne.ch\/wp-content\/gallery\/visperterminen-6-2-15\/IMG_7370.jpg\"\n               title=\"\"\n               data-src=\"http:\/\/www.freimarianne.ch\/wp-content\/gallery\/visperterminen-6-2-15\/IMG_7370.jpg\"\n               data-thumbnail=\"http:\/\/www.freimarianne.ch\/wp-content\/gallery\/visperterminen-6-2-15\/thumbs\/thumbs_IMG_7370.jpg\"\n               data-image-id=\"10135\"\n               data-title=\"IMG_7370\"\n               data-description=\"\"\n               data-image-slug=\"img_7370-3\"\n               class=\"shutterset_9591\">\n                <img\n                    title=\"IMG_7370\"\n                    alt=\"IMG_7370\"\n                    src=\"http:\/\/www.freimarianne.ch\/wp-content\/gallery\/visperterminen-6-2-15\/thumbs\/thumbs_IMG_7370.jpg\"\n                    width=\"100\"\n                    height=\"75\"\n                    style=\"max-width:100%;\"\n                \/>\n            <\/a>\n        <\/div>\n\t\t\t\t\t\t\t<\/div> \n\t\t\t\n        \n\t\t\t\t<div id=\"ngg-image-3\" class=\"ngg-gallery-thumbnail-box\" >\n\t\t\t\t        <div class=\"ngg-gallery-thumbnail\">\n            <a href=\"http:\/\/www.freimarianne.ch\/wp-content\/gallery\/visperterminen-6-2-15\/IMG_7372.jpg\"\n               title=\"\"\n               data-src=\"http:\/\/www.freimarianne.ch\/wp-content\/gallery\/visperterminen-6-2-15\/IMG_7372.jpg\"\n               data-thumbnail=\"http:\/\/www.freimarianne.ch\/wp-content\/gallery\/visperterminen-6-2-15\/thumbs\/thumbs_IMG_7372.jpg\"\n               data-image-id=\"10136\"\n               data-title=\"IMG_7372\"\n               data-description=\"\"\n               data-image-slug=\"img_7372\"\n               class=\"shutterset_9591\">\n                <img\n                    title=\"IMG_7372\"\n                    alt=\"IMG_7372\"\n                    src=\"http:\/\/www.freimarianne.ch\/wp-content\/gallery\/visperterminen-6-2-15\/thumbs\/thumbs_IMG_7372.jpg\"\n                    width=\"100\"\n                    height=\"75\"\n                    style=\"max-width:100%;\"\n                \/>\n            <\/a>\n        <\/div>\n\t\t\t\t\t\t\t<\/div> \n\t\t\t\n        \n\t\t\t\t<div id=\"ngg-image-4\" class=\"ngg-gallery-thumbnail-box\" >\n\t\t\t\t        <div class=\"ngg-gallery-thumbnail\">\n            <a href=\"http:\/\/www.freimarianne.ch\/wp-content\/gallery\/visperterminen-6-2-15\/IMG_7376.jpg\"\n               title=\"\"\n               data-src=\"http:\/\/www.freimarianne.ch\/wp-content\/gallery\/visperterminen-6-2-15\/IMG_7376.jpg\"\n               data-thumbnail=\"http:\/\/www.freimarianne.ch\/wp-content\/gallery\/visperterminen-6-2-15\/thumbs\/thumbs_IMG_7376.jpg\"\n               data-image-id=\"10137\"\n               data-title=\"IMG_7376\"\n               data-description=\"\"\n               data-image-slug=\"img_7376-1\"\n               class=\"shutterset_9591\">\n                <img\n                    title=\"IMG_7376\"\n                    alt=\"IMG_7376\"\n                    src=\"http:\/\/www.freimarianne.ch\/wp-content\/gallery\/visperterminen-6-2-15\/thumbs\/thumbs_IMG_7376.jpg\"\n                    width=\"100\"\n                    height=\"75\"\n                    style=\"max-width:100%;\"\n                \/>\n            <\/a>\n        <\/div>\n\t\t\t\t\t\t\t<\/div> \n\t\t\t\n        \n\t\t\t\t<div id=\"ngg-image-5\" class=\"ngg-gallery-thumbnail-box\" >\n\t\t\t\t        <div class=\"ngg-gallery-thumbnail\">\n            <a href=\"http:\/\/www.freimarianne.ch\/wp-content\/gallery\/visperterminen-6-2-15\/IMG_7377.jpg\"\n               title=\"\"\n               data-src=\"http:\/\/www.freimarianne.ch\/wp-content\/gallery\/visperterminen-6-2-15\/IMG_7377.jpg\"\n               data-thumbnail=\"http:\/\/www.freimarianne.ch\/wp-content\/gallery\/visperterminen-6-2-15\/thumbs\/thumbs_IMG_7377.jpg\"\n               data-image-id=\"10138\"\n               data-title=\"IMG_7377\"\n               data-description=\"\"\n               data-image-slug=\"img_7377\"\n               class=\"shutterset_9591\">\n                <img\n                    title=\"IMG_7377\"\n                    alt=\"IMG_7377\"\n                    src=\"http:\/\/www.freimarianne.ch\/wp-content\/gallery\/visperterminen-6-2-15\/thumbs\/thumbs_IMG_7377.jpg\"\n                    width=\"100\"\n                    height=\"75\"\n                    style=\"max-width:100%;\"\n                \/>\n            <\/a>\n        <\/div>\n\t\t\t\t\t\t\t<\/div> \n\t\t\t\n        \n\t\t\t\t<div id=\"ngg-image-6\" class=\"ngg-gallery-thumbnail-box\" >\n\t\t\t\t        <div class=\"ngg-gallery-thumbnail\">\n            <a href=\"http:\/\/www.freimarianne.ch\/wp-content\/gallery\/visperterminen-6-2-15\/IMG_7378.jpg\"\n               title=\"\"\n               data-src=\"http:\/\/www.freimarianne.ch\/wp-content\/gallery\/visperterminen-6-2-15\/IMG_7378.jpg\"\n               data-thumbnail=\"http:\/\/www.freimarianne.ch\/wp-content\/gallery\/visperterminen-6-2-15\/thumbs\/thumbs_IMG_7378.jpg\"\n               data-image-id=\"10139\"\n               data-title=\"IMG_7378\"\n               data-description=\"\"\n               data-image-slug=\"img_7378-4\"\n               class=\"shutterset_9591\">\n                <img\n                    title=\"IMG_7378\"\n                    alt=\"IMG_7378\"\n                    src=\"http:\/\/www.freimarianne.ch\/wp-content\/gallery\/visperterminen-6-2-15\/thumbs\/thumbs_IMG_7378.jpg\"\n                    width=\"100\"\n                    height=\"75\"\n                    style=\"max-width:100%;\"\n                \/>\n            <\/a>\n        <\/div>\n\t\t\t\t\t\t\t<\/div> \n\t\t\t\n        \n\t\t\t\t<div id=\"ngg-image-7\" class=\"ngg-gallery-thumbnail-box\" >\n\t\t\t\t        <div class=\"ngg-gallery-thumbnail\">\n            <a href=\"http:\/\/www.freimarianne.ch\/wp-content\/gallery\/visperterminen-6-2-15\/IMG_7381.jpg\"\n               title=\"\"\n               data-src=\"http:\/\/www.freimarianne.ch\/wp-content\/gallery\/visperterminen-6-2-15\/IMG_7381.jpg\"\n               data-thumbnail=\"http:\/\/www.freimarianne.ch\/wp-content\/gallery\/visperterminen-6-2-15\/thumbs\/thumbs_IMG_7381.jpg\"\n               data-image-id=\"10140\"\n               data-title=\"IMG_7381\"\n               data-description=\"\"\n               data-image-slug=\"img_7381-1\"\n               class=\"shutterset_9591\">\n                <img\n                    title=\"IMG_7381\"\n                    alt=\"IMG_7381\"\n                    src=\"http:\/\/www.freimarianne.ch\/wp-content\/gallery\/visperterminen-6-2-15\/thumbs\/thumbs_IMG_7381.jpg\"\n                    width=\"100\"\n                    height=\"75\"\n                    style=\"max-width:100%;\"\n                \/>\n            <\/a>\n        <\/div>\n\t\t\t\t\t\t\t<\/div> \n\t\t\t\n        \n\t\t\t\t<div id=\"ngg-image-8\" class=\"ngg-gallery-thumbnail-box\" >\n\t\t\t\t        <div class=\"ngg-gallery-thumbnail\">\n            <a href=\"http:\/\/www.freimarianne.ch\/wp-content\/gallery\/visperterminen-6-2-15\/IMG_7383.jpg\"\n               title=\"\"\n               data-src=\"http:\/\/www.freimarianne.ch\/wp-content\/gallery\/visperterminen-6-2-15\/IMG_7383.jpg\"\n               data-thumbnail=\"http:\/\/www.freimarianne.ch\/wp-content\/gallery\/visperterminen-6-2-15\/thumbs\/thumbs_IMG_7383.jpg\"\n               data-image-id=\"10141\"\n               data-title=\"IMG_7383\"\n               data-description=\"\"\n               data-image-slug=\"img_7383\"\n               class=\"shutterset_9591\">\n                <img\n                    title=\"IMG_7383\"\n                    alt=\"IMG_7383\"\n                    src=\"http:\/\/www.freimarianne.ch\/wp-content\/gallery\/visperterminen-6-2-15\/thumbs\/thumbs_IMG_7383.jpg\"\n                    width=\"100\"\n                    height=\"75\"\n                    style=\"max-width:100%;\"\n                \/>\n            <\/a>\n        <\/div>\n\t\t\t\t\t\t\t<\/div> \n\t\t\t\n        \n\t\t\t\t<div id=\"ngg-image-9\" class=\"ngg-gallery-thumbnail-box\" >\n\t\t\t\t        <div class=\"ngg-gallery-thumbnail\">\n            <a href=\"http:\/\/www.freimarianne.ch\/wp-content\/gallery\/visperterminen-6-2-15\/IMG_7385.jpg\"\n               title=\"\"\n               data-src=\"http:\/\/www.freimarianne.ch\/wp-content\/gallery\/visperterminen-6-2-15\/IMG_7385.jpg\"\n               data-thumbnail=\"http:\/\/www.freimarianne.ch\/wp-content\/gallery\/visperterminen-6-2-15\/thumbs\/thumbs_IMG_7385.jpg\"\n               data-image-id=\"10142\"\n               data-title=\"IMG_7385\"\n               data-description=\"\"\n               data-image-slug=\"img_7385\"\n               class=\"shutterset_9591\">\n                <img\n                    title=\"IMG_7385\"\n                    alt=\"IMG_7385\"\n                    src=\"http:\/\/www.freimarianne.ch\/wp-content\/gallery\/visperterminen-6-2-15\/thumbs\/thumbs_IMG_7385.jpg\"\n                    width=\"100\"\n                    height=\"75\"\n                    style=\"max-width:100%;\"\n                \/>\n            <\/a>\n        <\/div>\n\t\t\t\t\t\t\t<\/div> \n\t\t\t\n        \n\t\t\n\t\t<!-- Pagination -->\n\t<div class='ngg-clear'><\/div>\t<\/div>\n<\/p>\n","protected":false},"excerpt":{"rendered":"<p>Schneeschuhwanderung &#8220;Spuren im Schnee&#8221; Eigentlich habe ich heute die Schneeschuhtour auf den Gibidum ins Auge gefasst aber das Wetter in Visperterminen ist schlechter als ich erwartet habe. Die Gegend versinkt fast im Nebel und den st\u00e4ndig sich bewegenden Wolkenb\u00e4nken. Wir beschliessen, eine kleinere Schneeschuhtour zu machen und w\u00e4hlen die Tour &#8221; Spuren im Schnee&#8221;, zu [&hellip;]<\/p>\n","protected":false},"author":1,"featured_media":0,"parent":8619,"menu_order":12,"comment_status":"closed","ping_status":"closed","template":"","meta":{"ngg_post_thumbnail":0},"_links":{"self":[{"href":"http:\/\/www.freimarianne.ch\/index.php?rest_route=\/wp\/v2\/pages\/9233"}],"collection":[{"href":"http:\/\/www.freimarianne.ch\/index.php?rest_route=\/wp\/v2\/pages"}],"about":[{"href":"http:\/\/www.freimarianne.ch\/index.php?rest_route=\/wp\/v2\/types\/page"}],"author":[{"embeddable":true,"href":"http:\/\/www.freimarianne.ch\/index.php?rest_route=\/wp\/v2\/users\/1"}],"replies":[{"embeddable":true,"href":"http:\/\/www.freimarianne.ch\/index.php?rest_route=%2Fwp%2Fv2%2Fcomments&post=9233"}],"version-history":[{"count":6,"href":"http:\/\/www.freimarianne.ch\/index.php?rest_route=\/wp\/v2\/pages\/9233\/revisions"}],"predecessor-version":[{"id":9593,"href":"http:\/\/www.freimarianne.ch\/index.php?rest_route=\/wp\/v2\/pages\/9233\/revisions\/9593"}],"up":[{"embeddable":true,"href":"http:\/\/www.freimarianne.ch\/index.php?rest_route=\/wp\/v2\/pages\/8619"}],"wp:attachment":[{"href":"http:\/\/www.freimarianne.ch\/index.php?rest_route=%2Fwp%2Fv2%2Fmedia&parent=9233"}],"curies":[{"name":"wp","href":"https:\/\/api.w.org\/{rel}","templated":true}]}}