{"id":9644,"date":"2015-03-01T11:59:23","date_gmt":"2015-03-01T10:59:23","guid":{"rendered":"http:\/\/www.freimarianne.ch\/?page_id=9644"},"modified":"2015-03-02T10:28:47","modified_gmt":"2015-03-02T09:28:47","slug":"simplon-vs-28-2-2015","status":"publish","type":"page","link":"http:\/\/www.freimarianne.ch\/?page_id=9644","title":{"rendered":"Simplon, VS 28.2.2015"},"content":{"rendered":"<p><strong>Schneeschuhtour auf dem Simplon Pass<\/strong><br \/>\nAuf dem Stockalperweg von Simplon Monte Leone nach Simplon Dorf<\/p>\n<p><img loading=\"lazy\" class=\"alignleft size-full wp-image-9647\" src=\"http:\/\/www.freimarianne.ch\/wp-content\/uploads\/2015\/03\/IMG_7963_simplon_500.jpg\" alt=\"IMG_7963_simplon_500\" width=\"500\" height=\"375\" srcset=\"http:\/\/www.freimarianne.ch\/wp-content\/uploads\/2015\/03\/IMG_7963_simplon_500.jpg 500w, http:\/\/www.freimarianne.ch\/wp-content\/uploads\/2015\/03\/IMG_7963_simplon_500-300x225.jpg 300w, http:\/\/www.freimarianne.ch\/wp-content\/uploads\/2015\/03\/IMG_7963_simplon_500-400x300.jpg 400w\" sizes=\"(max-width: 500px) 100vw, 500px\" \/><\/p>\n<p>Wir trauen heute der Wetterprognose, die recht gutes Wetter f\u00fcr das Simplongebiet prophezeit. Aber auch im Wallis sind die Berg meist von Wolken umh\u00fcllt. Das Wetter wird zunehmend freundlicher je weiter wir hinaufkommen. Bevor wir auf dem Simplon aussteigen liegt der Pass in der Sonne und ich freue mich schon auf die pr\u00e4chtigen Aussichten. Aber als wir uns bei der Haltestelle Simplon Monte Leone bereitmachen, ziehen Wolken auf, die das Gebiet in den folgenden Stunden nicht mehr verlassen werden. Es hat hier oben auf dem Simplonpass eine Unmenge von Schnee und es ist bitterkalt, sodass wir alle unsere Kleider anziehen m\u00fcssen.<\/p>\n<p>Wir folgen zuerst dem Str\u00e4sschen, das aber in zwei Sackgassen f\u00fchrt. Wir m\u00fcssen zur\u00fcckgehen und wandern dann auf einer Schneeschuhspur, die uns auch am Wegweiser &#8220;Stockalperweg&#8221; vorbeif\u00fchrt. Dieser Wegweiser steht auf der H\u00f6he unserer F\u00fcsse, ein Mass f\u00fcr die Schneemenge hier oben!  Die Spur bringt uns nach Niwe und dann geht sie Richtung Sicke. Sie folgt also nicht dem Somerwanderweg.<br \/>\nWir kommen hinunter in die Ebene von Gampisch und sehen den Alten Spittel und das Barralhaus zu unserer linken Seite. Bald befinden wir uns am Bach. Wir machen bei einer Scheune einen kurzen Halt. Es ist nicht sehr gem\u00fctlich und wir gehen bald weiter immer der Spur folgend, die uns \u00fcber Nideralp, die Chlusmatte und Maschih\u00fcs bringt. In diesem Bereich wandern wir durch eine abwechslungsreiche Landschaft und es geht auf und ab. Bei Maschih\u00fcs \u00fcberqueren wir den Bach und wir erreichen \u00fcber nassen, dreckigen Schnee den Weiler Egg, einem Sommerdorf mit alten H\u00e4usern und der Kapelle des Johannes dem T\u00e4ufers. Nach Egga h\u00f6rt der Pfad auf und wir wundern uns, wo es weitergehen soll. Ich errinnere mich an unsere Herbstwanderung. Der Wanderweg f\u00fchrt durch das Gebiet des Rossbodensturzes, auf welchem nun seit 1901 wieder ein lichter L\u00e4rchenwald gewachsen ist.<br \/>\nWir finden im tiefen, nassen Schnee nirgends eine Spur und beschliessen, auf der Strasse nach Simplon Dorf weiterzugehen, was ein guter Entschluss ist, denn die H\u00fcgel oberhalb des Dorfes sind bereits aper. Hier haben wir noch Zeit f\u00fcr einen Kaffee, um dann um 14.34h das Postauto zu besteigen, das uns wieder nach Brig bringt. Dank einer Versp\u00e4tung des Basler Zuges erreichen wir noch denselben und so sind wir schon um 18 h in Basel.<\/p>\n<p>Diese Wanderung ist auf der Webseite: Postauto.ch beschrieben:<br \/>\n<a href=\"http:\/\/www.postauto.ch\/pag-startseite\/pag-reisen-und-freizeit\/pag-freizeitklick\/pag-angebote\/pag-at-stockalpenweg-auf-schneeschuhen\/pag-angebot-detail.htm\">http:\/\/www.postauto.ch\/pag-startseite\/pag-reisen-und-freizeit\/pag-freizeitklick\/pag-angebote\/pag-at-stockalpenweg-auf-schneeschuhen\/pag-angebot-detail.htm<\/a><\/p>\n<p>Aber leider gibt es vor Ort keinerlei Hinweise ( auch der Chauffeur wusste nicht Bescheid) und keinerlei Schilder oder rosa Stecken. Wir haben zuf\u00e4llig einen Wanderer, der in der Gegenrichtung kam, angetroffen, der uns sagte, dass wir dieser Spur bis Simplon Dorf folgen k\u00f6nnten. Aber die Spur endet in Egga.<br \/>\nDie Dauer der Wanderung ist mit 5 h angegeben, was nicht stimmt. Man kann diese Strecke in 3 h bew\u00e4ltigen.<br \/>\n<!-- index.php -->\n<div\n\tclass=\"ngg-galleryoverview ngg-ajax-pagination-none\"\n\tid=\"ngg-gallery-9735-1\">\n\n    \t<div class=\"slideshowlink\">\n        <a href='http:\/\/www.freimarianne.ch\/index.php\/nggallery\/slideshow?page_id=9644'>[Show as slideshow]<\/a>\n\t\t\n\t<\/div>\n\t\t\t<!-- Thumbnails -->\n\t\t\t\t<div id=\"ngg-image-0\" class=\"ngg-gallery-thumbnail-box\" >\n\t\t\t\t        <div class=\"ngg-gallery-thumbnail\">\n            <a href=\"http:\/\/www.freimarianne.ch\/wp-content\/gallery\/simplon-28-2-15\/IMG_7957.jpg\"\n               title=\"\"\n               data-src=\"http:\/\/www.freimarianne.ch\/wp-content\/gallery\/simplon-28-2-15\/IMG_7957.jpg\"\n               data-thumbnail=\"http:\/\/www.freimarianne.ch\/wp-content\/gallery\/simplon-28-2-15\/thumbs\/thumbs_IMG_7957.jpg\"\n               data-image-id=\"10305\"\n               data-title=\"IMG_7957\"\n               data-description=\"\"\n               data-image-slug=\"img_7957-1\"\n               class=\"shutterset_9735\">\n                <img\n                    title=\"IMG_7957\"\n                    alt=\"IMG_7957\"\n                    src=\"http:\/\/www.freimarianne.ch\/wp-content\/gallery\/simplon-28-2-15\/thumbs\/thumbs_IMG_7957.jpg\"\n                    width=\"100\"\n                    height=\"75\"\n                    style=\"max-width:100%;\"\n                \/>\n            <\/a>\n        <\/div>\n\t\t\t\t\t\t\t<\/div> \n\t\t\t\n        \n\t\t\t\t<div id=\"ngg-image-1\" class=\"ngg-gallery-thumbnail-box\" >\n\t\t\t\t        <div class=\"ngg-gallery-thumbnail\">\n            <a href=\"http:\/\/www.freimarianne.ch\/wp-content\/gallery\/simplon-28-2-15\/IMG_7960.jpg\"\n               title=\"\"\n               data-src=\"http:\/\/www.freimarianne.ch\/wp-content\/gallery\/simplon-28-2-15\/IMG_7960.jpg\"\n               data-thumbnail=\"http:\/\/www.freimarianne.ch\/wp-content\/gallery\/simplon-28-2-15\/thumbs\/thumbs_IMG_7960.jpg\"\n               data-image-id=\"10306\"\n               data-title=\"IMG_7960\"\n               data-description=\"\"\n               data-image-slug=\"img_7960\"\n               class=\"shutterset_9735\">\n                <img\n                    title=\"IMG_7960\"\n                    alt=\"IMG_7960\"\n                    src=\"http:\/\/www.freimarianne.ch\/wp-content\/gallery\/simplon-28-2-15\/thumbs\/thumbs_IMG_7960.jpg\"\n                    width=\"100\"\n                    height=\"75\"\n                    style=\"max-width:100%;\"\n                \/>\n            <\/a>\n        <\/div>\n\t\t\t\t\t\t\t<\/div> \n\t\t\t\n        \n\t\t\t\t<div id=\"ngg-image-2\" class=\"ngg-gallery-thumbnail-box\" >\n\t\t\t\t        <div class=\"ngg-gallery-thumbnail\">\n            <a href=\"http:\/\/www.freimarianne.ch\/wp-content\/gallery\/simplon-28-2-15\/IMG_7965.jpg\"\n               title=\"\"\n               data-src=\"http:\/\/www.freimarianne.ch\/wp-content\/gallery\/simplon-28-2-15\/IMG_7965.jpg\"\n               data-thumbnail=\"http:\/\/www.freimarianne.ch\/wp-content\/gallery\/simplon-28-2-15\/thumbs\/thumbs_IMG_7965.jpg\"\n               data-image-id=\"10307\"\n               data-title=\"IMG_7965\"\n               data-description=\"\"\n               data-image-slug=\"img_7965-1\"\n               class=\"shutterset_9735\">\n                <img\n                    title=\"IMG_7965\"\n                    alt=\"IMG_7965\"\n                    src=\"http:\/\/www.freimarianne.ch\/wp-content\/gallery\/simplon-28-2-15\/thumbs\/thumbs_IMG_7965.jpg\"\n                    width=\"100\"\n                    height=\"75\"\n                    style=\"max-width:100%;\"\n                \/>\n            <\/a>\n        <\/div>\n\t\t\t\t\t\t\t<\/div> \n\t\t\t\n        \n\t\t\t\t<div id=\"ngg-image-3\" class=\"ngg-gallery-thumbnail-box\" >\n\t\t\t\t        <div class=\"ngg-gallery-thumbnail\">\n            <a href=\"http:\/\/www.freimarianne.ch\/wp-content\/gallery\/simplon-28-2-15\/IMG_7968.jpg\"\n               title=\"\"\n               data-src=\"http:\/\/www.freimarianne.ch\/wp-content\/gallery\/simplon-28-2-15\/IMG_7968.jpg\"\n               data-thumbnail=\"http:\/\/www.freimarianne.ch\/wp-content\/gallery\/simplon-28-2-15\/thumbs\/thumbs_IMG_7968.jpg\"\n               data-image-id=\"10308\"\n               data-title=\"IMG_7968\"\n               data-description=\"\"\n               data-image-slug=\"img_7968-1\"\n               class=\"shutterset_9735\">\n                <img\n                    title=\"IMG_7968\"\n                    alt=\"IMG_7968\"\n                    src=\"http:\/\/www.freimarianne.ch\/wp-content\/gallery\/simplon-28-2-15\/thumbs\/thumbs_IMG_7968.jpg\"\n                    width=\"100\"\n                    height=\"75\"\n                    style=\"max-width:100%;\"\n                \/>\n            <\/a>\n        <\/div>\n\t\t\t\t\t\t\t<\/div> \n\t\t\t\n        \n\t\t\t\t<div id=\"ngg-image-4\" class=\"ngg-gallery-thumbnail-box\" >\n\t\t\t\t        <div class=\"ngg-gallery-thumbnail\">\n            <a href=\"http:\/\/www.freimarianne.ch\/wp-content\/gallery\/simplon-28-2-15\/IMG_7978.jpg\"\n               title=\"\"\n               data-src=\"http:\/\/www.freimarianne.ch\/wp-content\/gallery\/simplon-28-2-15\/IMG_7978.jpg\"\n               data-thumbnail=\"http:\/\/www.freimarianne.ch\/wp-content\/gallery\/simplon-28-2-15\/thumbs\/thumbs_IMG_7978.jpg\"\n               data-image-id=\"10309\"\n               data-title=\"IMG_7978\"\n               data-description=\"\"\n               data-image-slug=\"img_7978-3\"\n               class=\"shutterset_9735\">\n                <img\n                    title=\"IMG_7978\"\n                    alt=\"IMG_7978\"\n                    src=\"http:\/\/www.freimarianne.ch\/wp-content\/gallery\/simplon-28-2-15\/thumbs\/thumbs_IMG_7978.jpg\"\n                    width=\"100\"\n                    height=\"75\"\n                    style=\"max-width:100%;\"\n                \/>\n            <\/a>\n        <\/div>\n\t\t\t\t\t\t\t<\/div> \n\t\t\t\n        \n\t\t\t\t<div id=\"ngg-image-5\" class=\"ngg-gallery-thumbnail-box\" >\n\t\t\t\t        <div class=\"ngg-gallery-thumbnail\">\n            <a href=\"http:\/\/www.freimarianne.ch\/wp-content\/gallery\/simplon-28-2-15\/IMG_7981.jpg\"\n               title=\"\"\n               data-src=\"http:\/\/www.freimarianne.ch\/wp-content\/gallery\/simplon-28-2-15\/IMG_7981.jpg\"\n               data-thumbnail=\"http:\/\/www.freimarianne.ch\/wp-content\/gallery\/simplon-28-2-15\/thumbs\/thumbs_IMG_7981.jpg\"\n               data-image-id=\"10310\"\n               data-title=\"IMG_7981\"\n               data-description=\"\"\n               data-image-slug=\"img_7981-1\"\n               class=\"shutterset_9735\">\n                <img\n                    title=\"IMG_7981\"\n                    alt=\"IMG_7981\"\n                    src=\"http:\/\/www.freimarianne.ch\/wp-content\/gallery\/simplon-28-2-15\/thumbs\/thumbs_IMG_7981.jpg\"\n                    width=\"100\"\n                    height=\"75\"\n                    style=\"max-width:100%;\"\n                \/>\n            <\/a>\n        <\/div>\n\t\t\t\t\t\t\t<\/div> \n\t\t\t\n        \n\t\t\t\t<div id=\"ngg-image-6\" class=\"ngg-gallery-thumbnail-box\" >\n\t\t\t\t        <div class=\"ngg-gallery-thumbnail\">\n            <a href=\"http:\/\/www.freimarianne.ch\/wp-content\/gallery\/simplon-28-2-15\/IMG_7983.jpg\"\n               title=\"\"\n               data-src=\"http:\/\/www.freimarianne.ch\/wp-content\/gallery\/simplon-28-2-15\/IMG_7983.jpg\"\n               data-thumbnail=\"http:\/\/www.freimarianne.ch\/wp-content\/gallery\/simplon-28-2-15\/thumbs\/thumbs_IMG_7983.jpg\"\n               data-image-id=\"10311\"\n               data-title=\"IMG_7983\"\n               data-description=\"\"\n               data-image-slug=\"img_7983\"\n               class=\"shutterset_9735\">\n                <img\n                    title=\"IMG_7983\"\n                    alt=\"IMG_7983\"\n                    src=\"http:\/\/www.freimarianne.ch\/wp-content\/gallery\/simplon-28-2-15\/thumbs\/thumbs_IMG_7983.jpg\"\n                    width=\"100\"\n                    height=\"75\"\n                    style=\"max-width:100%;\"\n                \/>\n            <\/a>\n        <\/div>\n\t\t\t\t\t\t\t<\/div> \n\t\t\t\n        \n\t\t\t\t<div id=\"ngg-image-7\" class=\"ngg-gallery-thumbnail-box\" >\n\t\t\t\t        <div class=\"ngg-gallery-thumbnail\">\n            <a href=\"http:\/\/www.freimarianne.ch\/wp-content\/gallery\/simplon-28-2-15\/IMG_7986.jpg\"\n               title=\"\"\n               data-src=\"http:\/\/www.freimarianne.ch\/wp-content\/gallery\/simplon-28-2-15\/IMG_7986.jpg\"\n               data-thumbnail=\"http:\/\/www.freimarianne.ch\/wp-content\/gallery\/simplon-28-2-15\/thumbs\/thumbs_IMG_7986.jpg\"\n               data-image-id=\"10312\"\n               data-title=\"IMG_7986\"\n               data-description=\"\"\n               data-image-slug=\"img_7986-3\"\n               class=\"shutterset_9735\">\n                <img\n                    title=\"IMG_7986\"\n                    alt=\"IMG_7986\"\n                    src=\"http:\/\/www.freimarianne.ch\/wp-content\/gallery\/simplon-28-2-15\/thumbs\/thumbs_IMG_7986.jpg\"\n                    width=\"100\"\n                    height=\"75\"\n                    style=\"max-width:100%;\"\n                \/>\n            <\/a>\n        <\/div>\n\t\t\t\t\t\t\t<\/div> \n\t\t\t\n        \n\t\t\t\t<div id=\"ngg-image-8\" class=\"ngg-gallery-thumbnail-box\" >\n\t\t\t\t        <div class=\"ngg-gallery-thumbnail\">\n            <a href=\"http:\/\/www.freimarianne.ch\/wp-content\/gallery\/simplon-28-2-15\/IMG_7987.jpg\"\n               title=\"\"\n               data-src=\"http:\/\/www.freimarianne.ch\/wp-content\/gallery\/simplon-28-2-15\/IMG_7987.jpg\"\n               data-thumbnail=\"http:\/\/www.freimarianne.ch\/wp-content\/gallery\/simplon-28-2-15\/thumbs\/thumbs_IMG_7987.jpg\"\n               data-image-id=\"10313\"\n               data-title=\"IMG_7987\"\n               data-description=\"\"\n               data-image-slug=\"img_7987-1\"\n               class=\"shutterset_9735\">\n                <img\n                    title=\"IMG_7987\"\n                    alt=\"IMG_7987\"\n                    src=\"http:\/\/www.freimarianne.ch\/wp-content\/gallery\/simplon-28-2-15\/thumbs\/thumbs_IMG_7987.jpg\"\n                    width=\"100\"\n                    height=\"75\"\n                    style=\"max-width:100%;\"\n                \/>\n            <\/a>\n        <\/div>\n\t\t\t\t\t\t\t<\/div> \n\t\t\t\n        \n\t\t\t\t<div id=\"ngg-image-9\" class=\"ngg-gallery-thumbnail-box\" >\n\t\t\t\t        <div class=\"ngg-gallery-thumbnail\">\n            <a href=\"http:\/\/www.freimarianne.ch\/wp-content\/gallery\/simplon-28-2-15\/IMG_7991.jpg\"\n               title=\"\"\n               data-src=\"http:\/\/www.freimarianne.ch\/wp-content\/gallery\/simplon-28-2-15\/IMG_7991.jpg\"\n               data-thumbnail=\"http:\/\/www.freimarianne.ch\/wp-content\/gallery\/simplon-28-2-15\/thumbs\/thumbs_IMG_7991.jpg\"\n               data-image-id=\"10314\"\n               data-title=\"IMG_7991\"\n               data-description=\"\"\n               data-image-slug=\"img_7991-1\"\n               class=\"shutterset_9735\">\n                <img\n                    title=\"IMG_7991\"\n                    alt=\"IMG_7991\"\n                    src=\"http:\/\/www.freimarianne.ch\/wp-content\/gallery\/simplon-28-2-15\/thumbs\/thumbs_IMG_7991.jpg\"\n                    width=\"100\"\n                    height=\"75\"\n                    style=\"max-width:100%;\"\n                \/>\n            <\/a>\n        <\/div>\n\t\t\t\t\t\t\t<\/div> \n\t\t\t\n        \n\t\t\n\t\t<!-- Pagination -->\n\t<div class='ngg-clear'><\/div>\t<\/div>\n<\/p>\n","protected":false},"excerpt":{"rendered":"<p>Schneeschuhtour auf dem Simplon Pass Auf dem Stockalperweg von Simplon Monte Leone nach Simplon Dorf Wir trauen heute der Wetterprognose, die recht gutes Wetter f\u00fcr das Simplongebiet prophezeit. Aber auch im Wallis sind die Berg meist von Wolken umh\u00fcllt. Das Wetter wird zunehmend freundlicher je weiter wir hinaufkommen. Bevor wir auf dem Simplon aussteigen liegt [&hellip;]<\/p>\n","protected":false},"author":1,"featured_media":0,"parent":8619,"menu_order":23,"comment_status":"closed","ping_status":"closed","template":"","meta":{"ngg_post_thumbnail":0},"_links":{"self":[{"href":"http:\/\/www.freimarianne.ch\/index.php?rest_route=\/wp\/v2\/pages\/9644"}],"collection":[{"href":"http:\/\/www.freimarianne.ch\/index.php?rest_route=\/wp\/v2\/pages"}],"about":[{"href":"http:\/\/www.freimarianne.ch\/index.php?rest_route=\/wp\/v2\/types\/page"}],"author":[{"embeddable":true,"href":"http:\/\/www.freimarianne.ch\/index.php?rest_route=\/wp\/v2\/users\/1"}],"replies":[{"embeddable":true,"href":"http:\/\/www.freimarianne.ch\/index.php?rest_route=%2Fwp%2Fv2%2Fcomments&post=9644"}],"version-history":[{"count":11,"href":"http:\/\/www.freimarianne.ch\/index.php?rest_route=\/wp\/v2\/pages\/9644\/revisions"}],"predecessor-version":[{"id":9746,"href":"http:\/\/www.freimarianne.ch\/index.php?rest_route=\/wp\/v2\/pages\/9644\/revisions\/9746"}],"up":[{"embeddable":true,"href":"http:\/\/www.freimarianne.ch\/index.php?rest_route=\/wp\/v2\/pages\/8619"}],"wp:attachment":[{"href":"http:\/\/www.freimarianne.ch\/index.php?rest_route=%2Fwp%2Fv2%2Fmedia&parent=9644"}],"curies":[{"name":"wp","href":"https:\/\/api.w.org\/{rel}","templated":true}]}}