{"id":10095,"date":"2015-04-12T10:48:50","date_gmt":"2015-04-12T09:48:50","guid":{"rendered":"http:\/\/www.freimarianne.ch\/?page_id=10095"},"modified":"2015-04-17T08:40:22","modified_gmt":"2015-04-17T07:40:22","slug":"turtmann-vs-6-4-2015","status":"publish","type":"page","link":"https:\/\/www.freimarianne.ch\/?page_id=10095","title":{"rendered":"Turtmann, VS  6.4.2015"},"content":{"rendered":"<p><strong>Wanderung von Turtmann nach Agarn, Unterems, Tuminu, Ergisch, Turtmann<\/strong><br \/>\nWanderung auf dem Dachspfad und Hopschilpfad<\/p>\n<p><img loading=\"lazy\" class=\"alignleft size-full wp-image-10101\" src=\"http:\/\/www.freimarianne.ch\/wp-content\/uploads\/2015\/04\/IMG_8634_turtmann_500.jpg\" alt=\"IMG_8634_turtmann_500\" width=\"500\" height=\"375\" srcset=\"https:\/\/www.freimarianne.ch\/wp-content\/uploads\/2015\/04\/IMG_8634_turtmann_500.jpg 500w, https:\/\/www.freimarianne.ch\/wp-content\/uploads\/2015\/04\/IMG_8634_turtmann_500-300x225.jpg 300w, https:\/\/www.freimarianne.ch\/wp-content\/uploads\/2015\/04\/IMG_8634_turtmann_500-400x300.jpg 400w\" sizes=\"(max-width: 500px) 100vw, 500px\" \/><\/a><br \/>\nEigentlich wollte ich heute den &#8220;Adonispfad&#8221; in Turtmann  machen. Dieser verl\u00e4uft zum grossen Teil auf dem &#8220;Dachspfad&#8221;. So steige ich in Turtmann eben nicht zur Kastleren Kapelle, sondern gehe den Talweg Richtung Agarn, was ich nachtr\u00e4glich bereue. Entgegen der Beschreibung ist das kein sch\u00f6ner Weg. Ich  gehe  meist auf Teer und finde kaum eine Bezeichnung. Aber ich weiss, dass ich \u00fcber Agarn kommen muss. Diese Route ist also nicht empfehlenswert; sie ist v\u00f6llig reizlos und erst nach l\u00e4rmig.<br \/>\nIn Agarn finde ich wieder Wanderwegzeichen. So wandere ich auf einem groben Pfad durch den Wald hinauf in Richtung Unterems.<br \/>\nIch komme am Aussichtspunkt  813m  Rubetschi Biel vorbei, von wo man eine pr\u00e4chtige Sicht hinunter ins Rhonetal hat. Ich sehe viele Leberbl\u00fcmchen im Wald sowie Fr\u00fchlingsanemonen.  Weiter oben komme ich auf die Wiesen von Unterems  und  muss nun auf der Teerstrasse bis zum Dorf gehen. In den Wiesen sehe ich Fr\u00fchlingslichtblumen ( diese gibt es also nicht nur in Eisscholl!).<br \/>\nHier in diesem Dorf war ich schon  einmal und ich kenne mich aus. Nun wandere ich auf einem sch\u00f6nen Pfad durch den lichten Wald taleinw\u00e4rts und steige dann hinunter zum Bach (Richtung Ergisch  oder Turtmann). Nun bin ich auf dem &#8220;Dachspfad&#8221;, der oberhalb der Turtmanna verl\u00e4uft.<br \/>\nBei  Bachtoli 820m gibt es einen Wegweiser. Hier nehme ich den Weg nach Ergisch, der \u00fcber B\u00e4rg f\u00fchrt. Einmal muss ich die Autostrasse \u00fcberqueren..Ich habe einen sch\u00f6nen Blick hinunter auf die Rebberge und  das Rhonetal.<br \/>\nIch komme zum Wegweiser B\u00e4rg 830m. Hier geht es auf dem Saumweg nach Ergisch, auf dem Riedweg nach Turtmann oder auf dem Saumweg nach Turtmann oder auf dem &#8220;Hopfschilpfad&#8221;.<br \/>\nIm Dorf Ergisch besichtige ich die Kirche und  mache auf einem Stein eine kurze Pause. Ich studiere die Wegweiser. Ab hier g\u00e4be es sehr viele Wanderm\u00f6glichkeiten.<br \/>\nVon Ergisch 1086m   steige ich  auf dem Riedweg ab. Der Weg  ist nicht  durchgehend auf Swissmap eingezeichnet, wohl aber in Schweizmobil.<br \/>\nDer Pfad f\u00fchrt \u00fcber Grabuachra  und dann durch den Wald. Zweimal muss ich die Autostrasse queren und komme dann auf den Weg bei Ried hinunter. Es gibt dann noch einen Hinweis zum Adonis Garten, wo aber noch nichts bl\u00fcht. Weiter unten befindet sich die Abzweigung zum B\u00e4rg und Bachtoli, wo ich gewesen bin. Hier geht der Weg einer Suone (f\u00fchrt kein Wasser) entlang. Ich aber steige ins Dorf Turtmann hinunter  und muss mich da zuerst zurechtfinden, denn diesen Dorfteil kenne ich nicht. Hier komme ich an einigen sch\u00f6nen  H\u00e4usern und einem gut gestalteten Dorfplatz vorbei.<br \/>\nIch habe noch fast eine Stunde Zeit bis der Zug f\u00e4hrt. Das Wetter war heute sch\u00f6n  aber es wehte eine kalte Bise. Hin und wieder musste ich eine M\u00fctze anziehen.<br \/>\nLaut Schweizmobil:<br \/>\nDistanz: 15.69km; Aufstieg: 706m; Abstieg: 760m; Marschzeit: 4.58 h<br \/>\nIch war von 9.30 h bis 14.45 h unterwegs.<\/p>\n<p><strong><!-- index.php -->\n<div\n\tclass=\"ngg-galleryoverview ngg-ajax-pagination-none\"\n\tid=\"ngg-gallery-10184-1\">\n\n    \t<div class=\"slideshowlink\">\n        <a href='https:\/\/www.freimarianne.ch\/index.php\/nggallery\/slideshow?page_id=10095'>[Show as slideshow]<\/a>\n\t\t\n\t<\/div>\n\t\t\t<!-- Thumbnails -->\n\t\t\t\t<div id=\"ngg-image-0\" class=\"ngg-gallery-thumbnail-box\" >\n\t\t\t\t        <div class=\"ngg-gallery-thumbnail\">\n            <a href=\"https:\/\/www.freimarianne.ch\/wp-content\/gallery\/turtmann-6-4-15\/IMG_8579.jpg\"\n               title=\"\"\n               data-src=\"https:\/\/www.freimarianne.ch\/wp-content\/gallery\/turtmann-6-4-15\/IMG_8579.jpg\"\n               data-thumbnail=\"https:\/\/www.freimarianne.ch\/wp-content\/gallery\/turtmann-6-4-15\/thumbs\/thumbs_IMG_8579.jpg\"\n               data-image-id=\"10420\"\n               data-title=\"IMG_8579\"\n               data-description=\"\"\n               data-image-slug=\"img_8579\"\n               class=\"shutterset_10184\">\n                <img\n                    title=\"IMG_8579\"\n                    alt=\"IMG_8579\"\n                    src=\"https:\/\/www.freimarianne.ch\/wp-content\/gallery\/turtmann-6-4-15\/thumbs\/thumbs_IMG_8579.jpg\"\n                    width=\"100\"\n                    height=\"75\"\n                    style=\"max-width:100%;\"\n                \/>\n            <\/a>\n        <\/div>\n\t\t\t\t\t\t\t<\/div> \n\t\t\t\n        \n\t\t\t\t<div id=\"ngg-image-1\" class=\"ngg-gallery-thumbnail-box\" >\n\t\t\t\t        <div class=\"ngg-gallery-thumbnail\">\n            <a href=\"https:\/\/www.freimarianne.ch\/wp-content\/gallery\/turtmann-6-4-15\/IMG_8589.jpg\"\n               title=\"\"\n               data-src=\"https:\/\/www.freimarianne.ch\/wp-content\/gallery\/turtmann-6-4-15\/IMG_8589.jpg\"\n               data-thumbnail=\"https:\/\/www.freimarianne.ch\/wp-content\/gallery\/turtmann-6-4-15\/thumbs\/thumbs_IMG_8589.jpg\"\n               data-image-id=\"10421\"\n               data-title=\"IMG_8589\"\n               data-description=\"\"\n               data-image-slug=\"img_8589\"\n               class=\"shutterset_10184\">\n                <img\n                    title=\"IMG_8589\"\n                    alt=\"IMG_8589\"\n                    src=\"https:\/\/www.freimarianne.ch\/wp-content\/gallery\/turtmann-6-4-15\/thumbs\/thumbs_IMG_8589.jpg\"\n                    width=\"100\"\n                    height=\"75\"\n                    style=\"max-width:100%;\"\n                \/>\n            <\/a>\n        <\/div>\n\t\t\t\t\t\t\t<\/div> \n\t\t\t\n        \n\t\t\t\t<div id=\"ngg-image-2\" class=\"ngg-gallery-thumbnail-box\" >\n\t\t\t\t        <div class=\"ngg-gallery-thumbnail\">\n            <a href=\"https:\/\/www.freimarianne.ch\/wp-content\/gallery\/turtmann-6-4-15\/IMG_8593.jpg\"\n               title=\"\"\n               data-src=\"https:\/\/www.freimarianne.ch\/wp-content\/gallery\/turtmann-6-4-15\/IMG_8593.jpg\"\n               data-thumbnail=\"https:\/\/www.freimarianne.ch\/wp-content\/gallery\/turtmann-6-4-15\/thumbs\/thumbs_IMG_8593.jpg\"\n               data-image-id=\"10422\"\n               data-title=\"IMG_8593\"\n               data-description=\"\"\n               data-image-slug=\"img_8593\"\n               class=\"shutterset_10184\">\n                <img\n                    title=\"IMG_8593\"\n                    alt=\"IMG_8593\"\n                    src=\"https:\/\/www.freimarianne.ch\/wp-content\/gallery\/turtmann-6-4-15\/thumbs\/thumbs_IMG_8593.jpg\"\n                    width=\"100\"\n                    height=\"75\"\n                    style=\"max-width:100%;\"\n                \/>\n            <\/a>\n        <\/div>\n\t\t\t\t\t\t\t<\/div> \n\t\t\t\n        \n\t\t\t\t<div id=\"ngg-image-3\" class=\"ngg-gallery-thumbnail-box\" >\n\t\t\t\t        <div class=\"ngg-gallery-thumbnail\">\n            <a href=\"https:\/\/www.freimarianne.ch\/wp-content\/gallery\/turtmann-6-4-15\/IMG_8595.jpg\"\n               title=\"\"\n               data-src=\"https:\/\/www.freimarianne.ch\/wp-content\/gallery\/turtmann-6-4-15\/IMG_8595.jpg\"\n               data-thumbnail=\"https:\/\/www.freimarianne.ch\/wp-content\/gallery\/turtmann-6-4-15\/thumbs\/thumbs_IMG_8595.jpg\"\n               data-image-id=\"10423\"\n               data-title=\"IMG_8595\"\n               data-description=\"\"\n               data-image-slug=\"img_8595-4\"\n               class=\"shutterset_10184\">\n                <img\n                    title=\"IMG_8595\"\n                    alt=\"IMG_8595\"\n                    src=\"https:\/\/www.freimarianne.ch\/wp-content\/gallery\/turtmann-6-4-15\/thumbs\/thumbs_IMG_8595.jpg\"\n                    width=\"100\"\n                    height=\"75\"\n                    style=\"max-width:100%;\"\n                \/>\n            <\/a>\n        <\/div>\n\t\t\t\t\t\t\t<\/div> \n\t\t\t\n        \n\t\t\t\t<div id=\"ngg-image-4\" class=\"ngg-gallery-thumbnail-box\" >\n\t\t\t\t        <div class=\"ngg-gallery-thumbnail\">\n            <a href=\"https:\/\/www.freimarianne.ch\/wp-content\/gallery\/turtmann-6-4-15\/IMG_8599.jpg\"\n               title=\"\"\n               data-src=\"https:\/\/www.freimarianne.ch\/wp-content\/gallery\/turtmann-6-4-15\/IMG_8599.jpg\"\n               data-thumbnail=\"https:\/\/www.freimarianne.ch\/wp-content\/gallery\/turtmann-6-4-15\/thumbs\/thumbs_IMG_8599.jpg\"\n               data-image-id=\"10424\"\n               data-title=\"IMG_8599\"\n               data-description=\"\"\n               data-image-slug=\"img_8599-1\"\n               class=\"shutterset_10184\">\n                <img\n                    title=\"IMG_8599\"\n                    alt=\"IMG_8599\"\n                    src=\"https:\/\/www.freimarianne.ch\/wp-content\/gallery\/turtmann-6-4-15\/thumbs\/thumbs_IMG_8599.jpg\"\n                    width=\"100\"\n                    height=\"75\"\n                    style=\"max-width:100%;\"\n                \/>\n            <\/a>\n        <\/div>\n\t\t\t\t\t\t\t<\/div> \n\t\t\t\n        \n\t\t\t\t<div id=\"ngg-image-5\" class=\"ngg-gallery-thumbnail-box\" >\n\t\t\t\t        <div class=\"ngg-gallery-thumbnail\">\n            <a href=\"https:\/\/www.freimarianne.ch\/wp-content\/gallery\/turtmann-6-4-15\/IMG_8607.jpg\"\n               title=\"\"\n               data-src=\"https:\/\/www.freimarianne.ch\/wp-content\/gallery\/turtmann-6-4-15\/IMG_8607.jpg\"\n               data-thumbnail=\"https:\/\/www.freimarianne.ch\/wp-content\/gallery\/turtmann-6-4-15\/thumbs\/thumbs_IMG_8607.jpg\"\n               data-image-id=\"10425\"\n               data-title=\"IMG_8607\"\n               data-description=\"\"\n               data-image-slug=\"img_8607-1\"\n               class=\"shutterset_10184\">\n                <img\n                    title=\"IMG_8607\"\n                    alt=\"IMG_8607\"\n                    src=\"https:\/\/www.freimarianne.ch\/wp-content\/gallery\/turtmann-6-4-15\/thumbs\/thumbs_IMG_8607.jpg\"\n                    width=\"100\"\n                    height=\"75\"\n                    style=\"max-width:100%;\"\n                \/>\n            <\/a>\n        <\/div>\n\t\t\t\t\t\t\t<\/div> \n\t\t\t\n        \n\t\t\t\t<div id=\"ngg-image-6\" class=\"ngg-gallery-thumbnail-box\" >\n\t\t\t\t        <div class=\"ngg-gallery-thumbnail\">\n            <a href=\"https:\/\/www.freimarianne.ch\/wp-content\/gallery\/turtmann-6-4-15\/IMG_8611.jpg\"\n               title=\"\"\n               data-src=\"https:\/\/www.freimarianne.ch\/wp-content\/gallery\/turtmann-6-4-15\/IMG_8611.jpg\"\n               data-thumbnail=\"https:\/\/www.freimarianne.ch\/wp-content\/gallery\/turtmann-6-4-15\/thumbs\/thumbs_IMG_8611.jpg\"\n               data-image-id=\"10426\"\n               data-title=\"IMG_8611\"\n               data-description=\"\"\n               data-image-slug=\"img_8611-1\"\n               class=\"shutterset_10184\">\n                <img\n                    title=\"IMG_8611\"\n                    alt=\"IMG_8611\"\n                    src=\"https:\/\/www.freimarianne.ch\/wp-content\/gallery\/turtmann-6-4-15\/thumbs\/thumbs_IMG_8611.jpg\"\n                    width=\"100\"\n                    height=\"75\"\n                    style=\"max-width:100%;\"\n                \/>\n            <\/a>\n        <\/div>\n\t\t\t\t\t\t\t<\/div> \n\t\t\t\n        \n\t\t\t\t<div id=\"ngg-image-7\" class=\"ngg-gallery-thumbnail-box\" >\n\t\t\t\t        <div class=\"ngg-gallery-thumbnail\">\n            <a href=\"https:\/\/www.freimarianne.ch\/wp-content\/gallery\/turtmann-6-4-15\/IMG_8614.jpg\"\n               title=\"\"\n               data-src=\"https:\/\/www.freimarianne.ch\/wp-content\/gallery\/turtmann-6-4-15\/IMG_8614.jpg\"\n               data-thumbnail=\"https:\/\/www.freimarianne.ch\/wp-content\/gallery\/turtmann-6-4-15\/thumbs\/thumbs_IMG_8614.jpg\"\n               data-image-id=\"10427\"\n               data-title=\"IMG_8614\"\n               data-description=\"\"\n               data-image-slug=\"img_8614-1\"\n               class=\"shutterset_10184\">\n                <img\n                    title=\"IMG_8614\"\n                    alt=\"IMG_8614\"\n                    src=\"https:\/\/www.freimarianne.ch\/wp-content\/gallery\/turtmann-6-4-15\/thumbs\/thumbs_IMG_8614.jpg\"\n                    width=\"100\"\n                    height=\"75\"\n                    style=\"max-width:100%;\"\n                \/>\n            <\/a>\n        <\/div>\n\t\t\t\t\t\t\t<\/div> \n\t\t\t\n        \n\t\t\t\t<div id=\"ngg-image-8\" class=\"ngg-gallery-thumbnail-box\" >\n\t\t\t\t        <div class=\"ngg-gallery-thumbnail\">\n            <a href=\"https:\/\/www.freimarianne.ch\/wp-content\/gallery\/turtmann-6-4-15\/IMG_8619.jpg\"\n               title=\"\"\n               data-src=\"https:\/\/www.freimarianne.ch\/wp-content\/gallery\/turtmann-6-4-15\/IMG_8619.jpg\"\n               data-thumbnail=\"https:\/\/www.freimarianne.ch\/wp-content\/gallery\/turtmann-6-4-15\/thumbs\/thumbs_IMG_8619.jpg\"\n               data-image-id=\"10428\"\n               data-title=\"IMG_8619\"\n               data-description=\"\"\n               data-image-slug=\"img_8619-3\"\n               class=\"shutterset_10184\">\n                <img\n                    title=\"IMG_8619\"\n                    alt=\"IMG_8619\"\n                    src=\"https:\/\/www.freimarianne.ch\/wp-content\/gallery\/turtmann-6-4-15\/thumbs\/thumbs_IMG_8619.jpg\"\n                    width=\"100\"\n                    height=\"75\"\n                    style=\"max-width:100%;\"\n                \/>\n            <\/a>\n        <\/div>\n\t\t\t\t\t\t\t<\/div> \n\t\t\t\n        \n\t\t\t\t<div id=\"ngg-image-9\" class=\"ngg-gallery-thumbnail-box\" >\n\t\t\t\t        <div class=\"ngg-gallery-thumbnail\">\n            <a href=\"https:\/\/www.freimarianne.ch\/wp-content\/gallery\/turtmann-6-4-15\/IMG_8630.jpg\"\n               title=\"\"\n               data-src=\"https:\/\/www.freimarianne.ch\/wp-content\/gallery\/turtmann-6-4-15\/IMG_8630.jpg\"\n               data-thumbnail=\"https:\/\/www.freimarianne.ch\/wp-content\/gallery\/turtmann-6-4-15\/thumbs\/thumbs_IMG_8630.jpg\"\n               data-image-id=\"10429\"\n               data-title=\"IMG_8630\"\n               data-description=\"\"\n               data-image-slug=\"img_8630\"\n               class=\"shutterset_10184\">\n                <img\n                    title=\"IMG_8630\"\n                    alt=\"IMG_8630\"\n                    src=\"https:\/\/www.freimarianne.ch\/wp-content\/gallery\/turtmann-6-4-15\/thumbs\/thumbs_IMG_8630.jpg\"\n                    width=\"100\"\n                    height=\"75\"\n                    style=\"max-width:100%;\"\n                \/>\n            <\/a>\n        <\/div>\n\t\t\t\t\t\t\t<\/div> \n\t\t\t\n        \n\t\t\n\t\t<!-- Pagination -->\n\t<div class='ngg-clear'><\/div>\t<\/div>\n <\/strong><\/p>\n","protected":false},"excerpt":{"rendered":"<p>Wanderung von Turtmann nach Agarn, Unterems, Tuminu, Ergisch, Turtmann Wanderung auf dem Dachspfad und Hopschilpfad Eigentlich wollte ich heute den &#8220;Adonispfad&#8221; in Turtmann machen. Dieser verl\u00e4uft zum grossen Teil auf dem &#8220;Dachspfad&#8221;. So steige ich in Turtmann eben nicht zur Kastleren Kapelle, sondern gehe den Talweg Richtung Agarn, was ich nachtr\u00e4glich bereue. Entgegen der Beschreibung [&hellip;]<\/p>\n","protected":false},"author":1,"featured_media":0,"parent":9750,"menu_order":1,"comment_status":"closed","ping_status":"closed","template":"","meta":{"ngg_post_thumbnail":0},"_links":{"self":[{"href":"https:\/\/www.freimarianne.ch\/index.php?rest_route=\/wp\/v2\/pages\/10095"}],"collection":[{"href":"https:\/\/www.freimarianne.ch\/index.php?rest_route=\/wp\/v2\/pages"}],"about":[{"href":"https:\/\/www.freimarianne.ch\/index.php?rest_route=\/wp\/v2\/types\/page"}],"author":[{"embeddable":true,"href":"https:\/\/www.freimarianne.ch\/index.php?rest_route=\/wp\/v2\/users\/1"}],"replies":[{"embeddable":true,"href":"https:\/\/www.freimarianne.ch\/index.php?rest_route=%2Fwp%2Fv2%2Fcomments&post=10095"}],"version-history":[{"count":10,"href":"https:\/\/www.freimarianne.ch\/index.php?rest_route=\/wp\/v2\/pages\/10095\/revisions"}],"predecessor-version":[{"id":10269,"href":"https:\/\/www.freimarianne.ch\/index.php?rest_route=\/wp\/v2\/pages\/10095\/revisions\/10269"}],"up":[{"embeddable":true,"href":"https:\/\/www.freimarianne.ch\/index.php?rest_route=\/wp\/v2\/pages\/9750"}],"wp:attachment":[{"href":"https:\/\/www.freimarianne.ch\/index.php?rest_route=%2Fwp%2Fv2%2Fmedia&parent=10095"}],"curies":[{"name":"wp","href":"https:\/\/api.w.org\/{rel}","templated":true}]}}