{"id":10272,"date":"2015-04-21T10:54:02","date_gmt":"2015-04-21T09:54:02","guid":{"rendered":"http:\/\/www.freimarianne.ch\/?page_id=10272"},"modified":"2015-04-24T11:12:12","modified_gmt":"2015-04-24T10:12:12","slug":"blasenflue-be-19-4-2015","status":"publish","type":"page","link":"https:\/\/www.freimarianne.ch\/?page_id=10272","title":{"rendered":"Blasenflue, BE  19.4.2015"},"content":{"rendered":"<p><strong>Fr\u00fchlingswanderung im Emmental<\/strong><br \/>\n<strong>Wanderung von Signau zur Blasenflue, Waldh\u00e4usern, Blasenegg &#8211; Emmenmatt<\/strong><br \/>\nUm 9.45 beginne ich meine Wanderung in Signau. Der Wanderweg f\u00fchrt zur Kirche hinauf. Beachtenswert ist die Holzbr\u00fccke, die Kirche und Pfarrhaus miteinander verbindet.<br \/>\nEin steiler Waldweg f\u00fchrt hinauf \u00fcber Unter- und Ober Rainsberg. Wald und offenene Landschaft wechseln sich ab. Bei der Offeneggalp kommt die Abzweigung zur Blasenflue. Nun geht es hinauf durch den Wald auf die Flue 1115m. Ich mache einen kurzen Halt im k\u00fchlen Wald. Dann geht es weiter \u00fcber den Grat meist durch den Wald nach Waldh\u00e4usern 967m, wo ein altes Gasthaus steht. Von hier sollte man einen grossartigen Panoramablick haben. Aber heute ist es bew\u00f6lkt und die Sicht ist etwas tr\u00fcbe. Nach einer Kaffeepause gehe ich auf dem Wanderweg \u00fcber Egguriedegg in Richtung Blasenegg und von dort hinunter \u00fcber Blasen nach Emmenmatt, wo endlich die Sonne scheint.<br \/>\nDies war eine kurze Wanderung, die aber fast ausschliesslich auf Wanderwegen verl\u00e4uft ( praktisch kein Teer -erst vor Emmenmatt und kurz bei Waldh\u00e4usern)<br \/>\nLaut Swissmap:<br \/>\nDistanz: 9.73km; Aufstieg: 511m; Abstieg: 550m; Marschzeit. 3.10 h<\/p>\n<p><!-- index.php -->\n<div\n\tclass=\"ngg-galleryoverview ngg-ajax-pagination-none\"\n\tid=\"ngg-gallery-10293-1\">\n\n    \t<div class=\"slideshowlink\">\n        <a href='https:\/\/www.freimarianne.ch\/index.php\/nggallery\/slideshow?page_id=10272'>[Show as slideshow]<\/a>\n\t\t\n\t<\/div>\n\t\t\t<!-- Thumbnails -->\n\t\t\t\t<div id=\"ngg-image-0\" class=\"ngg-gallery-thumbnail-box\" >\n\t\t\t\t        <div class=\"ngg-gallery-thumbnail\">\n            <a href=\"https:\/\/www.freimarianne.ch\/wp-content\/gallery\/blasenflue-19-4-15\/IMG_3455.jpg\"\n               title=\"\"\n               data-src=\"https:\/\/www.freimarianne.ch\/wp-content\/gallery\/blasenflue-19-4-15\/IMG_3455.jpg\"\n               data-thumbnail=\"https:\/\/www.freimarianne.ch\/wp-content\/gallery\/blasenflue-19-4-15\/thumbs\/thumbs_IMG_3455.jpg\"\n               data-image-id=\"10476\"\n               data-title=\"IMG_3455\"\n               data-description=\"\"\n               data-image-slug=\"img_3455\"\n               class=\"shutterset_10293\">\n                <img\n                    title=\"IMG_3455\"\n                    alt=\"IMG_3455\"\n                    src=\"https:\/\/www.freimarianne.ch\/wp-content\/gallery\/blasenflue-19-4-15\/thumbs\/thumbs_IMG_3455.jpg\"\n                    width=\"100\"\n                    height=\"75\"\n                    style=\"max-width:100%;\"\n                \/>\n            <\/a>\n        <\/div>\n\t\t\t\t\t\t\t<\/div> \n\t\t\t\n        \n\t\t\t\t<div id=\"ngg-image-1\" class=\"ngg-gallery-thumbnail-box\" >\n\t\t\t\t        <div class=\"ngg-gallery-thumbnail\">\n            <a href=\"https:\/\/www.freimarianne.ch\/wp-content\/gallery\/blasenflue-19-4-15\/IMG_3459.jpg\"\n               title=\"\"\n               data-src=\"https:\/\/www.freimarianne.ch\/wp-content\/gallery\/blasenflue-19-4-15\/IMG_3459.jpg\"\n               data-thumbnail=\"https:\/\/www.freimarianne.ch\/wp-content\/gallery\/blasenflue-19-4-15\/thumbs\/thumbs_IMG_3459.jpg\"\n               data-image-id=\"10477\"\n               data-title=\"IMG_3459\"\n               data-description=\"\"\n               data-image-slug=\"img_3459\"\n               class=\"shutterset_10293\">\n                <img\n                    title=\"IMG_3459\"\n                    alt=\"IMG_3459\"\n                    src=\"https:\/\/www.freimarianne.ch\/wp-content\/gallery\/blasenflue-19-4-15\/thumbs\/thumbs_IMG_3459.jpg\"\n                    width=\"100\"\n                    height=\"75\"\n                    style=\"max-width:100%;\"\n                \/>\n            <\/a>\n        <\/div>\n\t\t\t\t\t\t\t<\/div> \n\t\t\t\n        \n\t\t\t\t<div id=\"ngg-image-2\" class=\"ngg-gallery-thumbnail-box\" >\n\t\t\t\t        <div class=\"ngg-gallery-thumbnail\">\n            <a href=\"https:\/\/www.freimarianne.ch\/wp-content\/gallery\/blasenflue-19-4-15\/IMG_3463.jpg\"\n               title=\"\"\n               data-src=\"https:\/\/www.freimarianne.ch\/wp-content\/gallery\/blasenflue-19-4-15\/IMG_3463.jpg\"\n               data-thumbnail=\"https:\/\/www.freimarianne.ch\/wp-content\/gallery\/blasenflue-19-4-15\/thumbs\/thumbs_IMG_3463.jpg\"\n               data-image-id=\"10478\"\n               data-title=\"IMG_3463\"\n               data-description=\"\"\n               data-image-slug=\"img_3463\"\n               class=\"shutterset_10293\">\n                <img\n                    title=\"IMG_3463\"\n                    alt=\"IMG_3463\"\n                    src=\"https:\/\/www.freimarianne.ch\/wp-content\/gallery\/blasenflue-19-4-15\/thumbs\/thumbs_IMG_3463.jpg\"\n                    width=\"100\"\n                    height=\"75\"\n                    style=\"max-width:100%;\"\n                \/>\n            <\/a>\n        <\/div>\n\t\t\t\t\t\t\t<\/div> \n\t\t\t\n        \n\t\t\t\t<div id=\"ngg-image-3\" class=\"ngg-gallery-thumbnail-box\" >\n\t\t\t\t        <div class=\"ngg-gallery-thumbnail\">\n            <a href=\"https:\/\/www.freimarianne.ch\/wp-content\/gallery\/blasenflue-19-4-15\/IMG_3468.jpg\"\n               title=\"\"\n               data-src=\"https:\/\/www.freimarianne.ch\/wp-content\/gallery\/blasenflue-19-4-15\/IMG_3468.jpg\"\n               data-thumbnail=\"https:\/\/www.freimarianne.ch\/wp-content\/gallery\/blasenflue-19-4-15\/thumbs\/thumbs_IMG_3468.jpg\"\n               data-image-id=\"10479\"\n               data-title=\"IMG_3468\"\n               data-description=\"\"\n               data-image-slug=\"img_3468-1\"\n               class=\"shutterset_10293\">\n                <img\n                    title=\"IMG_3468\"\n                    alt=\"IMG_3468\"\n                    src=\"https:\/\/www.freimarianne.ch\/wp-content\/gallery\/blasenflue-19-4-15\/thumbs\/thumbs_IMG_3468.jpg\"\n                    width=\"100\"\n                    height=\"75\"\n                    style=\"max-width:100%;\"\n                \/>\n            <\/a>\n        <\/div>\n\t\t\t\t\t\t\t<\/div> \n\t\t\t\n        \n\t\t\t\t<div id=\"ngg-image-4\" class=\"ngg-gallery-thumbnail-box\" >\n\t\t\t\t        <div class=\"ngg-gallery-thumbnail\">\n            <a href=\"https:\/\/www.freimarianne.ch\/wp-content\/gallery\/blasenflue-19-4-15\/IMG_3483.jpg\"\n               title=\"\"\n               data-src=\"https:\/\/www.freimarianne.ch\/wp-content\/gallery\/blasenflue-19-4-15\/IMG_3483.jpg\"\n               data-thumbnail=\"https:\/\/www.freimarianne.ch\/wp-content\/gallery\/blasenflue-19-4-15\/thumbs\/thumbs_IMG_3483.jpg\"\n               data-image-id=\"10480\"\n               data-title=\"IMG_3483\"\n               data-description=\"\"\n               data-image-slug=\"img_3483\"\n               class=\"shutterset_10293\">\n                <img\n                    title=\"IMG_3483\"\n                    alt=\"IMG_3483\"\n                    src=\"https:\/\/www.freimarianne.ch\/wp-content\/gallery\/blasenflue-19-4-15\/thumbs\/thumbs_IMG_3483.jpg\"\n                    width=\"100\"\n                    height=\"75\"\n                    style=\"max-width:100%;\"\n                \/>\n            <\/a>\n        <\/div>\n\t\t\t\t\t\t\t<\/div> \n\t\t\t\n        \n\t\t\t\t<div id=\"ngg-image-5\" class=\"ngg-gallery-thumbnail-box\" >\n\t\t\t\t        <div class=\"ngg-gallery-thumbnail\">\n            <a href=\"https:\/\/www.freimarianne.ch\/wp-content\/gallery\/blasenflue-19-4-15\/IMG_3486.jpg\"\n               title=\"\"\n               data-src=\"https:\/\/www.freimarianne.ch\/wp-content\/gallery\/blasenflue-19-4-15\/IMG_3486.jpg\"\n               data-thumbnail=\"https:\/\/www.freimarianne.ch\/wp-content\/gallery\/blasenflue-19-4-15\/thumbs\/thumbs_IMG_3486.jpg\"\n               data-image-id=\"10481\"\n               data-title=\"IMG_3486\"\n               data-description=\"\"\n               data-image-slug=\"img_3486-3\"\n               class=\"shutterset_10293\">\n                <img\n                    title=\"IMG_3486\"\n                    alt=\"IMG_3486\"\n                    src=\"https:\/\/www.freimarianne.ch\/wp-content\/gallery\/blasenflue-19-4-15\/thumbs\/thumbs_IMG_3486.jpg\"\n                    width=\"100\"\n                    height=\"75\"\n                    style=\"max-width:100%;\"\n                \/>\n            <\/a>\n        <\/div>\n\t\t\t\t\t\t\t<\/div> \n\t\t\t\n        \n\t\t\t\t<div id=\"ngg-image-6\" class=\"ngg-gallery-thumbnail-box\" >\n\t\t\t\t        <div class=\"ngg-gallery-thumbnail\">\n            <a href=\"https:\/\/www.freimarianne.ch\/wp-content\/gallery\/blasenflue-19-4-15\/IMG_3492.jpg\"\n               title=\"\"\n               data-src=\"https:\/\/www.freimarianne.ch\/wp-content\/gallery\/blasenflue-19-4-15\/IMG_3492.jpg\"\n               data-thumbnail=\"https:\/\/www.freimarianne.ch\/wp-content\/gallery\/blasenflue-19-4-15\/thumbs\/thumbs_IMG_3492.jpg\"\n               data-image-id=\"10482\"\n               data-title=\"IMG_3492\"\n               data-description=\"\"\n               data-image-slug=\"img_3492\"\n               class=\"shutterset_10293\">\n                <img\n                    title=\"IMG_3492\"\n                    alt=\"IMG_3492\"\n                    src=\"https:\/\/www.freimarianne.ch\/wp-content\/gallery\/blasenflue-19-4-15\/thumbs\/thumbs_IMG_3492.jpg\"\n                    width=\"100\"\n                    height=\"75\"\n                    style=\"max-width:100%;\"\n                \/>\n            <\/a>\n        <\/div>\n\t\t\t\t\t\t\t<\/div> \n\t\t\t\n        \n\t\t\t\t<div id=\"ngg-image-7\" class=\"ngg-gallery-thumbnail-box\" >\n\t\t\t\t        <div class=\"ngg-gallery-thumbnail\">\n            <a href=\"https:\/\/www.freimarianne.ch\/wp-content\/gallery\/blasenflue-19-4-15\/IMG_3497.jpg\"\n               title=\"\"\n               data-src=\"https:\/\/www.freimarianne.ch\/wp-content\/gallery\/blasenflue-19-4-15\/IMG_3497.jpg\"\n               data-thumbnail=\"https:\/\/www.freimarianne.ch\/wp-content\/gallery\/blasenflue-19-4-15\/thumbs\/thumbs_IMG_3497.jpg\"\n               data-image-id=\"10483\"\n               data-title=\"IMG_3497\"\n               data-description=\"\"\n               data-image-slug=\"img_3497-3\"\n               class=\"shutterset_10293\">\n                <img\n                    title=\"IMG_3497\"\n                    alt=\"IMG_3497\"\n                    src=\"https:\/\/www.freimarianne.ch\/wp-content\/gallery\/blasenflue-19-4-15\/thumbs\/thumbs_IMG_3497.jpg\"\n                    width=\"100\"\n                    height=\"75\"\n                    style=\"max-width:100%;\"\n                \/>\n            <\/a>\n        <\/div>\n\t\t\t\t\t\t\t<\/div> \n\t\t\t\n        \n\t\t\n\t\t<!-- Pagination -->\n\t<div class='ngg-clear'><\/div>\t<\/div>\n<\/p>\n","protected":false},"excerpt":{"rendered":"<p>Fr\u00fchlingswanderung im Emmental Wanderung von Signau zur Blasenflue, Waldh\u00e4usern, Blasenegg &#8211; Emmenmatt Um 9.45 beginne ich meine Wanderung in Signau. Der Wanderweg f\u00fchrt zur Kirche hinauf. Beachtenswert ist die Holzbr\u00fccke, die Kirche und Pfarrhaus miteinander verbindet. Ein steiler Waldweg f\u00fchrt hinauf \u00fcber Unter- und Ober Rainsberg. Wald und offenene Landschaft wechseln sich ab. Bei der [&hellip;]<\/p>\n","protected":false},"author":1,"featured_media":0,"parent":9750,"menu_order":5,"comment_status":"closed","ping_status":"closed","template":"","meta":{"ngg_post_thumbnail":0},"_links":{"self":[{"href":"https:\/\/www.freimarianne.ch\/index.php?rest_route=\/wp\/v2\/pages\/10272"}],"collection":[{"href":"https:\/\/www.freimarianne.ch\/index.php?rest_route=\/wp\/v2\/pages"}],"about":[{"href":"https:\/\/www.freimarianne.ch\/index.php?rest_route=\/wp\/v2\/types\/page"}],"author":[{"embeddable":true,"href":"https:\/\/www.freimarianne.ch\/index.php?rest_route=\/wp\/v2\/users\/1"}],"replies":[{"embeddable":true,"href":"https:\/\/www.freimarianne.ch\/index.php?rest_route=%2Fwp%2Fv2%2Fcomments&post=10272"}],"version-history":[{"count":7,"href":"https:\/\/www.freimarianne.ch\/index.php?rest_route=\/wp\/v2\/pages\/10272\/revisions"}],"predecessor-version":[{"id":10304,"href":"https:\/\/www.freimarianne.ch\/index.php?rest_route=\/wp\/v2\/pages\/10272\/revisions\/10304"}],"up":[{"embeddable":true,"href":"https:\/\/www.freimarianne.ch\/index.php?rest_route=\/wp\/v2\/pages\/9750"}],"wp:attachment":[{"href":"https:\/\/www.freimarianne.ch\/index.php?rest_route=%2Fwp%2Fv2%2Fmedia&parent=10272"}],"curies":[{"name":"wp","href":"https:\/\/api.w.org\/{rel}","templated":true}]}}