{"id":10355,"date":"2015-06-01T10:13:17","date_gmt":"2015-06-01T09:13:17","guid":{"rendered":"http:\/\/www.freimarianne.ch\/?page_id=10355"},"modified":"2016-04-17T08:22:29","modified_gmt":"2016-04-17T07:22:29","slug":"zettenalp-sigriswil-be","status":"publish","type":"page","link":"https:\/\/www.freimarianne.ch\/?page_id=10355","title":{"rendered":"Zettenalp, Sigriswil, BE  29.5.2015"},"content":{"rendered":"<p><strong>Bergwanderung\u00a0 von Sigriswil\/Sagi auf die Zettenalp und hin\u00fcber nach Innereriz\/ S\u00e4ge<\/strong><\/p>\n<p><img loading=\"lazy\" class=\"alignleft size-full wp-image-10360\" src=\"http:\/\/www.freimarianne.ch\/wp-content\/uploads\/2015\/06\/IMG_0112_zettenalp_500.jpg\" alt=\"IMG_0112_zettenalp_500\" width=\"500\" height=\"375\" srcset=\"https:\/\/www.freimarianne.ch\/wp-content\/uploads\/2015\/06\/IMG_0112_zettenalp_500.jpg 500w, https:\/\/www.freimarianne.ch\/wp-content\/uploads\/2015\/06\/IMG_0112_zettenalp_500-300x225.jpg 300w, https:\/\/www.freimarianne.ch\/wp-content\/uploads\/2015\/06\/IMG_0112_zettenalp_500-400x300.jpg 400w\" sizes=\"(max-width: 500px) 100vw, 500px\" \/><\/p>\n<p>10.45 Abmarsch in Schwanden Sagi 1076m bei sch\u00f6nen Sommerwetter, blauen Himmel mit einigen weissen Wolken<br \/>\nZuerst kurz auf dem Str\u00e4sschen dann f\u00fchrt der Wiesenweg steil hinauf \u00fcber Weiden zu Stampfi 1265m und dann weiter zur Undermatte, wo wir M\u00fche haben, den Weg zu finden. Es gibt kaum ein rot-weisses Wanderzeichen. Zuerst gehen wir in die falsche Richtung, was uns etliche Zeit kostet.\u00a0 Hier m\u00fcssen wir in der gleichen Richtung weitergehen\u00a0 in den Wald hinauf. So gelangen wir denn zur Oberi Matte 1393m, wo wir\u00a0 eine Rast einschalten &#8211; ist es doch\u00a0 Mittagszeit.<\/p>\n<p>Weiter f\u00fchrt der ruppige Pfad durch den Bergwald hinauf zumPkt. 1582m,\u00a0 wo der Weg zum Sigiswiler Rothorn &#8211; Vord. Schafl\u00e4ger -Tunnel durch den Berg &#8211;\u00a0 abzweigt.\u00a0 Wir gehen weiter\u00a0 in Richtung Osten\u00a0 und kommen bald auf den den h\u00f6chsten Punkt unserer Wanderung 1525m. Dies\u00a0 ist eine Art von Pass \u00dcbergang.<\/p>\n<p>Von hier hat man eine sch\u00f6ne Sicht in das Gebiet unmittelbar unter dem steilen Sigriswilergrat und hin\u00fcber zum Oberh\u00f6rnli. Nun\u00a0 geht es leider auf einem Alpstr\u00e4ssche hinunter\u00a0 zu den Alpgeb\u00e4uden der Zettenalp und stetig hinunter\u00a0 parallel zum gewaltigen Sigriswilergat. Wir geniessen die Einsamkeit und Stille dieser abgelegenen Gegend. Wir kommen and einzelnen H\u00f6fen vorbei,\u00a0 wobei es wieder aufw\u00e4rts geht zum Obers H\u00f6rnli 1489m. Hier verzweigen sich die Wege. Da unser heutiges Ziel Eriz\/ S\u00e4ge ist,\u00a0 steigen wir in den Steilhang ein, durch den ein schmaler alpiner Pfad f\u00fchrt. Wir m\u00fcssen oft steinige Runsen \u00fcberqueren aber der Weg ist immer gut sichtbar. Im Auf und Ab gelangen wir dann\u00a0 sichtlich erleichtert &#8211; wir gehen unmittelbar unter den Steilh\u00e4ngen des Burst mit seinen Ger\u00f6llfeldern &#8211;\u00a0 zum Punkt 1463m, der wieder einen \u00dcbergang markiert. Ich kenne diese Gegend schon von einer Schneeschuhtour (Stouffe).<br \/>\nNun m\u00fcssen wir auf dem Alpstr\u00e4sschen gehen bis Ober Sch\u00f6ritz\u00a0 und dann gibt es einen Wanderweg durch die Feuchtwiesen, wo auch viele Orchideen wachsen. Die Gegend im Eriz mit Sicht auf Hohgant, die Sieben Hengste und den spitzen Burst ist sehr malerisch. \u00dcber Und. Sch\u00f6ritz und Geissegg erreichen wir Eriz\/S\u00e4ge 1040m, wo um 16.07 das Postauto nach Thun f\u00e4hrt.<\/p>\n<p>Laut Swissmap:<br \/>\nDistanz: 11.6km; Aufstieg: 677m; Abstieg: 716m; Marschzeit: 4 h<br \/>\nWir waren von 10.45 h bis 15.30 h unterwegs.<\/p>\n<p><!-- index.php -->\n<div\n\tclass=\"ngg-galleryoverview ngg-ajax-pagination-none\"\n\tid=\"ngg-gallery-10466-1\">\n\n    \t<div class=\"slideshowlink\">\n        <a href='https:\/\/www.freimarianne.ch\/index.php\/nggallery\/slideshow?page_id=10355'>[Show as slideshow]<\/a>\n\t\t\n\t<\/div>\n\t\t\t<!-- Thumbnails -->\n\t\t\t\t<div id=\"ngg-image-0\" class=\"ngg-gallery-thumbnail-box\" >\n\t\t\t\t        <div class=\"ngg-gallery-thumbnail\">\n            <a href=\"https:\/\/www.freimarianne.ch\/wp-content\/gallery\/zettenalp-29-5-15\/IMG_0074-2.jpg\"\n               title=\"\"\n               data-src=\"https:\/\/www.freimarianne.ch\/wp-content\/gallery\/zettenalp-29-5-15\/IMG_0074-2.jpg\"\n               data-thumbnail=\"https:\/\/www.freimarianne.ch\/wp-content\/gallery\/zettenalp-29-5-15\/thumbs\/thumbs_IMG_0074-2.jpg\"\n               data-image-id=\"10513\"\n               data-title=\"IMG_0074\"\n               data-description=\"\"\n               data-image-slug=\"img_0074-3\"\n               class=\"shutterset_10466\">\n                <img\n                    title=\"IMG_0074\"\n                    alt=\"IMG_0074\"\n                    src=\"https:\/\/www.freimarianne.ch\/wp-content\/gallery\/zettenalp-29-5-15\/thumbs\/thumbs_IMG_0074-2.jpg\"\n                    width=\"100\"\n                    height=\"75\"\n                    style=\"max-width:100%;\"\n                \/>\n            <\/a>\n        <\/div>\n\t\t\t\t\t\t\t<\/div> \n\t\t\t\n        \n\t\t\t\t<div id=\"ngg-image-1\" class=\"ngg-gallery-thumbnail-box\" >\n\t\t\t\t        <div class=\"ngg-gallery-thumbnail\">\n            <a href=\"https:\/\/www.freimarianne.ch\/wp-content\/gallery\/zettenalp-29-5-15\/IMG_0078-2.jpg\"\n               title=\"\"\n               data-src=\"https:\/\/www.freimarianne.ch\/wp-content\/gallery\/zettenalp-29-5-15\/IMG_0078-2.jpg\"\n               data-thumbnail=\"https:\/\/www.freimarianne.ch\/wp-content\/gallery\/zettenalp-29-5-15\/thumbs\/thumbs_IMG_0078-2.jpg\"\n               data-image-id=\"10514\"\n               data-title=\"IMG_0078\"\n               data-description=\"\"\n               data-image-slug=\"img_0078-2\"\n               class=\"shutterset_10466\">\n                <img\n                    title=\"IMG_0078\"\n                    alt=\"IMG_0078\"\n                    src=\"https:\/\/www.freimarianne.ch\/wp-content\/gallery\/zettenalp-29-5-15\/thumbs\/thumbs_IMG_0078-2.jpg\"\n                    width=\"100\"\n                    height=\"75\"\n                    style=\"max-width:100%;\"\n                \/>\n            <\/a>\n        <\/div>\n\t\t\t\t\t\t\t<\/div> \n\t\t\t\n        \n\t\t\t\t<div id=\"ngg-image-2\" class=\"ngg-gallery-thumbnail-box\" >\n\t\t\t\t        <div class=\"ngg-gallery-thumbnail\">\n            <a href=\"https:\/\/www.freimarianne.ch\/wp-content\/gallery\/zettenalp-29-5-15\/IMG_0086-2.jpg\"\n               title=\"\"\n               data-src=\"https:\/\/www.freimarianne.ch\/wp-content\/gallery\/zettenalp-29-5-15\/IMG_0086-2.jpg\"\n               data-thumbnail=\"https:\/\/www.freimarianne.ch\/wp-content\/gallery\/zettenalp-29-5-15\/thumbs\/thumbs_IMG_0086-2.jpg\"\n               data-image-id=\"10515\"\n               data-title=\"IMG_0086\"\n               data-description=\"\"\n               data-image-slug=\"img_0086-3\"\n               class=\"shutterset_10466\">\n                <img\n                    title=\"IMG_0086\"\n                    alt=\"IMG_0086\"\n                    src=\"https:\/\/www.freimarianne.ch\/wp-content\/gallery\/zettenalp-29-5-15\/thumbs\/thumbs_IMG_0086-2.jpg\"\n                    width=\"100\"\n                    height=\"75\"\n                    style=\"max-width:100%;\"\n                \/>\n            <\/a>\n        <\/div>\n\t\t\t\t\t\t\t<\/div> \n\t\t\t\n        \n\t\t\t\t<div id=\"ngg-image-3\" class=\"ngg-gallery-thumbnail-box\" >\n\t\t\t\t        <div class=\"ngg-gallery-thumbnail\">\n            <a href=\"https:\/\/www.freimarianne.ch\/wp-content\/gallery\/zettenalp-29-5-15\/IMG_0089-2.jpg\"\n               title=\"\"\n               data-src=\"https:\/\/www.freimarianne.ch\/wp-content\/gallery\/zettenalp-29-5-15\/IMG_0089-2.jpg\"\n               data-thumbnail=\"https:\/\/www.freimarianne.ch\/wp-content\/gallery\/zettenalp-29-5-15\/thumbs\/thumbs_IMG_0089-2.jpg\"\n               data-image-id=\"10516\"\n               data-title=\"IMG_0089\"\n               data-description=\"\"\n               data-image-slug=\"img_0089-3\"\n               class=\"shutterset_10466\">\n                <img\n                    title=\"IMG_0089\"\n                    alt=\"IMG_0089\"\n                    src=\"https:\/\/www.freimarianne.ch\/wp-content\/gallery\/zettenalp-29-5-15\/thumbs\/thumbs_IMG_0089-2.jpg\"\n                    width=\"100\"\n                    height=\"75\"\n                    style=\"max-width:100%;\"\n                \/>\n            <\/a>\n        <\/div>\n\t\t\t\t\t\t\t<\/div> \n\t\t\t\n        \n\t\t\t\t<div id=\"ngg-image-4\" class=\"ngg-gallery-thumbnail-box\" >\n\t\t\t\t        <div class=\"ngg-gallery-thumbnail\">\n            <a href=\"https:\/\/www.freimarianne.ch\/wp-content\/gallery\/zettenalp-29-5-15\/IMG_0101-2.jpg\"\n               title=\"\"\n               data-src=\"https:\/\/www.freimarianne.ch\/wp-content\/gallery\/zettenalp-29-5-15\/IMG_0101-2.jpg\"\n               data-thumbnail=\"https:\/\/www.freimarianne.ch\/wp-content\/gallery\/zettenalp-29-5-15\/thumbs\/thumbs_IMG_0101-2.jpg\"\n               data-image-id=\"10517\"\n               data-title=\"IMG_0101\"\n               data-description=\"\"\n               data-image-slug=\"img_0101-1\"\n               class=\"shutterset_10466\">\n                <img\n                    title=\"IMG_0101\"\n                    alt=\"IMG_0101\"\n                    src=\"https:\/\/www.freimarianne.ch\/wp-content\/gallery\/zettenalp-29-5-15\/thumbs\/thumbs_IMG_0101-2.jpg\"\n                    width=\"100\"\n                    height=\"75\"\n                    style=\"max-width:100%;\"\n                \/>\n            <\/a>\n        <\/div>\n\t\t\t\t\t\t\t<\/div> \n\t\t\t\n        \n\t\t\t\t<div id=\"ngg-image-5\" class=\"ngg-gallery-thumbnail-box\" >\n\t\t\t\t        <div class=\"ngg-gallery-thumbnail\">\n            <a href=\"https:\/\/www.freimarianne.ch\/wp-content\/gallery\/zettenalp-29-5-15\/IMG_0103-2.jpg\"\n               title=\"\"\n               data-src=\"https:\/\/www.freimarianne.ch\/wp-content\/gallery\/zettenalp-29-5-15\/IMG_0103-2.jpg\"\n               data-thumbnail=\"https:\/\/www.freimarianne.ch\/wp-content\/gallery\/zettenalp-29-5-15\/thumbs\/thumbs_IMG_0103-2.jpg\"\n               data-image-id=\"10518\"\n               data-title=\"IMG_0103\"\n               data-description=\"\"\n               data-image-slug=\"img_0103\"\n               class=\"shutterset_10466\">\n                <img\n                    title=\"IMG_0103\"\n                    alt=\"IMG_0103\"\n                    src=\"https:\/\/www.freimarianne.ch\/wp-content\/gallery\/zettenalp-29-5-15\/thumbs\/thumbs_IMG_0103-2.jpg\"\n                    width=\"100\"\n                    height=\"75\"\n                    style=\"max-width:100%;\"\n                \/>\n            <\/a>\n        <\/div>\n\t\t\t\t\t\t\t<\/div> \n\t\t\t\n        \n\t\t\t\t<div id=\"ngg-image-6\" class=\"ngg-gallery-thumbnail-box\" >\n\t\t\t\t        <div class=\"ngg-gallery-thumbnail\">\n            <a href=\"https:\/\/www.freimarianne.ch\/wp-content\/gallery\/zettenalp-29-5-15\/IMG_0106-2.jpg\"\n               title=\"\"\n               data-src=\"https:\/\/www.freimarianne.ch\/wp-content\/gallery\/zettenalp-29-5-15\/IMG_0106-2.jpg\"\n               data-thumbnail=\"https:\/\/www.freimarianne.ch\/wp-content\/gallery\/zettenalp-29-5-15\/thumbs\/thumbs_IMG_0106-2.jpg\"\n               data-image-id=\"10519\"\n               data-title=\"IMG_0106\"\n               data-description=\"\"\n               data-image-slug=\"img_0106-1\"\n               class=\"shutterset_10466\">\n                <img\n                    title=\"IMG_0106\"\n                    alt=\"IMG_0106\"\n                    src=\"https:\/\/www.freimarianne.ch\/wp-content\/gallery\/zettenalp-29-5-15\/thumbs\/thumbs_IMG_0106-2.jpg\"\n                    width=\"100\"\n                    height=\"75\"\n                    style=\"max-width:100%;\"\n                \/>\n            <\/a>\n        <\/div>\n\t\t\t\t\t\t\t<\/div> \n\t\t\t\n        \n\t\t\t\t<div id=\"ngg-image-7\" class=\"ngg-gallery-thumbnail-box\" >\n\t\t\t\t        <div class=\"ngg-gallery-thumbnail\">\n            <a href=\"https:\/\/www.freimarianne.ch\/wp-content\/gallery\/zettenalp-29-5-15\/IMG_0112-2.jpg\"\n               title=\"\"\n               data-src=\"https:\/\/www.freimarianne.ch\/wp-content\/gallery\/zettenalp-29-5-15\/IMG_0112-2.jpg\"\n               data-thumbnail=\"https:\/\/www.freimarianne.ch\/wp-content\/gallery\/zettenalp-29-5-15\/thumbs\/thumbs_IMG_0112-2.jpg\"\n               data-image-id=\"10520\"\n               data-title=\"IMG_0112\"\n               data-description=\"\"\n               data-image-slug=\"img_0112\"\n               class=\"shutterset_10466\">\n                <img\n                    title=\"IMG_0112\"\n                    alt=\"IMG_0112\"\n                    src=\"https:\/\/www.freimarianne.ch\/wp-content\/gallery\/zettenalp-29-5-15\/thumbs\/thumbs_IMG_0112-2.jpg\"\n                    width=\"100\"\n                    height=\"75\"\n                    style=\"max-width:100%;\"\n                \/>\n            <\/a>\n        <\/div>\n\t\t\t\t\t\t\t<\/div> \n\t\t\t\n        \n\t\t\t\t<div id=\"ngg-image-8\" class=\"ngg-gallery-thumbnail-box\" >\n\t\t\t\t        <div class=\"ngg-gallery-thumbnail\">\n            <a href=\"https:\/\/www.freimarianne.ch\/wp-content\/gallery\/zettenalp-29-5-15\/IMG_0118-2.jpg\"\n               title=\"\"\n               data-src=\"https:\/\/www.freimarianne.ch\/wp-content\/gallery\/zettenalp-29-5-15\/IMG_0118-2.jpg\"\n               data-thumbnail=\"https:\/\/www.freimarianne.ch\/wp-content\/gallery\/zettenalp-29-5-15\/thumbs\/thumbs_IMG_0118-2.jpg\"\n               data-image-id=\"10521\"\n               data-title=\"IMG_0118\"\n               data-description=\"\"\n               data-image-slug=\"img_0118-3\"\n               class=\"shutterset_10466\">\n                <img\n                    title=\"IMG_0118\"\n                    alt=\"IMG_0118\"\n                    src=\"https:\/\/www.freimarianne.ch\/wp-content\/gallery\/zettenalp-29-5-15\/thumbs\/thumbs_IMG_0118-2.jpg\"\n                    width=\"100\"\n                    height=\"75\"\n                    style=\"max-width:100%;\"\n                \/>\n            <\/a>\n        <\/div>\n\t\t\t\t\t\t\t<\/div> \n\t\t\t\n        \n\t\t\t\t<div id=\"ngg-image-9\" class=\"ngg-gallery-thumbnail-box\" >\n\t\t\t\t        <div class=\"ngg-gallery-thumbnail\">\n            <a href=\"https:\/\/www.freimarianne.ch\/wp-content\/gallery\/zettenalp-29-5-15\/IMG_0127-2.jpg\"\n               title=\"\"\n               data-src=\"https:\/\/www.freimarianne.ch\/wp-content\/gallery\/zettenalp-29-5-15\/IMG_0127-2.jpg\"\n               data-thumbnail=\"https:\/\/www.freimarianne.ch\/wp-content\/gallery\/zettenalp-29-5-15\/thumbs\/thumbs_IMG_0127-2.jpg\"\n               data-image-id=\"10522\"\n               data-title=\"IMG_0127\"\n               data-description=\"\"\n               data-image-slug=\"img_0127-1\"\n               class=\"shutterset_10466\">\n                <img\n                    title=\"IMG_0127\"\n                    alt=\"IMG_0127\"\n                    src=\"https:\/\/www.freimarianne.ch\/wp-content\/gallery\/zettenalp-29-5-15\/thumbs\/thumbs_IMG_0127-2.jpg\"\n                    width=\"100\"\n                    height=\"75\"\n                    style=\"max-width:100%;\"\n                \/>\n            <\/a>\n        <\/div>\n\t\t\t\t\t\t\t<\/div> \n\t\t\t\n        \n\t\t\t\t<div id=\"ngg-image-10\" class=\"ngg-gallery-thumbnail-box\" >\n\t\t\t\t        <div class=\"ngg-gallery-thumbnail\">\n            <a href=\"https:\/\/www.freimarianne.ch\/wp-content\/gallery\/zettenalp-29-5-15\/IMG_0128-2.jpg\"\n               title=\"\"\n               data-src=\"https:\/\/www.freimarianne.ch\/wp-content\/gallery\/zettenalp-29-5-15\/IMG_0128-2.jpg\"\n               data-thumbnail=\"https:\/\/www.freimarianne.ch\/wp-content\/gallery\/zettenalp-29-5-15\/thumbs\/thumbs_IMG_0128-2.jpg\"\n               data-image-id=\"10523\"\n               data-title=\"IMG_0128\"\n               data-description=\"\"\n               data-image-slug=\"img_0128-1\"\n               class=\"shutterset_10466\">\n                <img\n                    title=\"IMG_0128\"\n                    alt=\"IMG_0128\"\n                    src=\"https:\/\/www.freimarianne.ch\/wp-content\/gallery\/zettenalp-29-5-15\/thumbs\/thumbs_IMG_0128-2.jpg\"\n                    width=\"100\"\n                    height=\"75\"\n                    style=\"max-width:100%;\"\n                \/>\n            <\/a>\n        <\/div>\n\t\t\t\t\t\t\t<\/div> \n\t\t\t\n        \n\t\t\t\t<div id=\"ngg-image-11\" class=\"ngg-gallery-thumbnail-box\" >\n\t\t\t\t        <div class=\"ngg-gallery-thumbnail\">\n            <a href=\"https:\/\/www.freimarianne.ch\/wp-content\/gallery\/zettenalp-29-5-15\/IMG_0136-2.jpg\"\n               title=\"\"\n               data-src=\"https:\/\/www.freimarianne.ch\/wp-content\/gallery\/zettenalp-29-5-15\/IMG_0136-2.jpg\"\n               data-thumbnail=\"https:\/\/www.freimarianne.ch\/wp-content\/gallery\/zettenalp-29-5-15\/thumbs\/thumbs_IMG_0136-2.jpg\"\n               data-image-id=\"10524\"\n               data-title=\"IMG_0136\"\n               data-description=\"\"\n               data-image-slug=\"img_0136-2\"\n               class=\"shutterset_10466\">\n                <img\n                    title=\"IMG_0136\"\n                    alt=\"IMG_0136\"\n                    src=\"https:\/\/www.freimarianne.ch\/wp-content\/gallery\/zettenalp-29-5-15\/thumbs\/thumbs_IMG_0136-2.jpg\"\n                    width=\"100\"\n                    height=\"75\"\n                    style=\"max-width:100%;\"\n                \/>\n            <\/a>\n        <\/div>\n\t\t\t\t\t\t\t<\/div> \n\t\t\t\n        \n\t\t\t\t<div id=\"ngg-image-12\" class=\"ngg-gallery-thumbnail-box\" >\n\t\t\t\t        <div class=\"ngg-gallery-thumbnail\">\n            <a href=\"https:\/\/www.freimarianne.ch\/wp-content\/gallery\/zettenalp-29-5-15\/IMG_0137-2.jpg\"\n               title=\"\"\n               data-src=\"https:\/\/www.freimarianne.ch\/wp-content\/gallery\/zettenalp-29-5-15\/IMG_0137-2.jpg\"\n               data-thumbnail=\"https:\/\/www.freimarianne.ch\/wp-content\/gallery\/zettenalp-29-5-15\/thumbs\/thumbs_IMG_0137-2.jpg\"\n               data-image-id=\"10525\"\n               data-title=\"IMG_0137\"\n               data-description=\"\"\n               data-image-slug=\"img_0137-3\"\n               class=\"shutterset_10466\">\n                <img\n                    title=\"IMG_0137\"\n                    alt=\"IMG_0137\"\n                    src=\"https:\/\/www.freimarianne.ch\/wp-content\/gallery\/zettenalp-29-5-15\/thumbs\/thumbs_IMG_0137-2.jpg\"\n                    width=\"100\"\n                    height=\"75\"\n                    style=\"max-width:100%;\"\n                \/>\n            <\/a>\n        <\/div>\n\t\t\t\t\t\t\t<\/div> \n\t\t\t\n        \n\t\t\t\t<div id=\"ngg-image-13\" class=\"ngg-gallery-thumbnail-box\" >\n\t\t\t\t        <div class=\"ngg-gallery-thumbnail\">\n            <a href=\"https:\/\/www.freimarianne.ch\/wp-content\/gallery\/zettenalp-29-5-15\/IMG_0139-2.jpg\"\n               title=\"\"\n               data-src=\"https:\/\/www.freimarianne.ch\/wp-content\/gallery\/zettenalp-29-5-15\/IMG_0139-2.jpg\"\n               data-thumbnail=\"https:\/\/www.freimarianne.ch\/wp-content\/gallery\/zettenalp-29-5-15\/thumbs\/thumbs_IMG_0139-2.jpg\"\n               data-image-id=\"10526\"\n               data-title=\"IMG_0139\"\n               data-description=\"\"\n               data-image-slug=\"img_0139-1\"\n               class=\"shutterset_10466\">\n                <img\n                    title=\"IMG_0139\"\n                    alt=\"IMG_0139\"\n                    src=\"https:\/\/www.freimarianne.ch\/wp-content\/gallery\/zettenalp-29-5-15\/thumbs\/thumbs_IMG_0139-2.jpg\"\n                    width=\"100\"\n                    height=\"75\"\n                    style=\"max-width:100%;\"\n                \/>\n            <\/a>\n        <\/div>\n\t\t\t\t\t\t\t<\/div> \n\t\t\t\n        \n\t\t\t\t<div id=\"ngg-image-14\" class=\"ngg-gallery-thumbnail-box\" >\n\t\t\t\t        <div class=\"ngg-gallery-thumbnail\">\n            <a href=\"https:\/\/www.freimarianne.ch\/wp-content\/gallery\/zettenalp-29-5-15\/IMG_0146-2.jpg\"\n               title=\"\"\n               data-src=\"https:\/\/www.freimarianne.ch\/wp-content\/gallery\/zettenalp-29-5-15\/IMG_0146-2.jpg\"\n               data-thumbnail=\"https:\/\/www.freimarianne.ch\/wp-content\/gallery\/zettenalp-29-5-15\/thumbs\/thumbs_IMG_0146-2.jpg\"\n               data-image-id=\"10527\"\n               data-title=\"IMG_0146\"\n               data-description=\"\"\n               data-image-slug=\"img_0146\"\n               class=\"shutterset_10466\">\n                <img\n                    title=\"IMG_0146\"\n                    alt=\"IMG_0146\"\n                    src=\"https:\/\/www.freimarianne.ch\/wp-content\/gallery\/zettenalp-29-5-15\/thumbs\/thumbs_IMG_0146-2.jpg\"\n                    width=\"100\"\n                    height=\"75\"\n                    style=\"max-width:100%;\"\n                \/>\n            <\/a>\n        <\/div>\n\t\t\t\t\t\t\t<\/div> \n\t\t\t\n        \n\t\t\t\t<div id=\"ngg-image-15\" class=\"ngg-gallery-thumbnail-box\" >\n\t\t\t\t        <div class=\"ngg-gallery-thumbnail\">\n            <a href=\"https:\/\/www.freimarianne.ch\/wp-content\/gallery\/zettenalp-29-5-15\/IMG_0150-2.jpg\"\n               title=\"\"\n               data-src=\"https:\/\/www.freimarianne.ch\/wp-content\/gallery\/zettenalp-29-5-15\/IMG_0150-2.jpg\"\n               data-thumbnail=\"https:\/\/www.freimarianne.ch\/wp-content\/gallery\/zettenalp-29-5-15\/thumbs\/thumbs_IMG_0150-2.jpg\"\n               data-image-id=\"10528\"\n               data-title=\"IMG_0150\"\n               data-description=\"\"\n               data-image-slug=\"img_0150-1\"\n               class=\"shutterset_10466\">\n                <img\n                    title=\"IMG_0150\"\n                    alt=\"IMG_0150\"\n                    src=\"https:\/\/www.freimarianne.ch\/wp-content\/gallery\/zettenalp-29-5-15\/thumbs\/thumbs_IMG_0150-2.jpg\"\n                    width=\"100\"\n                    height=\"75\"\n                    style=\"max-width:100%;\"\n                \/>\n            <\/a>\n        <\/div>\n\t\t\t\t\t\t\t<\/div> \n\t\t\t\n        \n\t\t\n\t\t<!-- Pagination -->\n\t<div class='ngg-clear'><\/div>\t<\/div>\n<\/p>\n<p>&nbsp;<\/p>\n","protected":false},"excerpt":{"rendered":"<p>Bergwanderung\u00a0 von Sigriswil\/Sagi auf die Zettenalp und hin\u00fcber nach Innereriz\/ S\u00e4ge 10.45 Abmarsch in Schwanden Sagi 1076m bei sch\u00f6nen Sommerwetter, blauen Himmel mit einigen weissen Wolken Zuerst kurz auf dem Str\u00e4sschen dann f\u00fchrt der Wiesenweg steil hinauf \u00fcber Weiden zu Stampfi 1265m und dann weiter zur Undermatte, wo wir M\u00fche haben, den Weg zu finden. [&hellip;]<\/p>\n","protected":false},"author":1,"featured_media":0,"parent":9750,"menu_order":10,"comment_status":"closed","ping_status":"closed","template":"","meta":{"ngg_post_thumbnail":0},"_links":{"self":[{"href":"https:\/\/www.freimarianne.ch\/index.php?rest_route=\/wp\/v2\/pages\/10355"}],"collection":[{"href":"https:\/\/www.freimarianne.ch\/index.php?rest_route=\/wp\/v2\/pages"}],"about":[{"href":"https:\/\/www.freimarianne.ch\/index.php?rest_route=\/wp\/v2\/types\/page"}],"author":[{"embeddable":true,"href":"https:\/\/www.freimarianne.ch\/index.php?rest_route=\/wp\/v2\/users\/1"}],"replies":[{"embeddable":true,"href":"https:\/\/www.freimarianne.ch\/index.php?rest_route=%2Fwp%2Fv2%2Fcomments&post=10355"}],"version-history":[{"count":10,"href":"https:\/\/www.freimarianne.ch\/index.php?rest_route=\/wp\/v2\/pages\/10355\/revisions"}],"predecessor-version":[{"id":16674,"href":"https:\/\/www.freimarianne.ch\/index.php?rest_route=\/wp\/v2\/pages\/10355\/revisions\/16674"}],"up":[{"embeddable":true,"href":"https:\/\/www.freimarianne.ch\/index.php?rest_route=\/wp\/v2\/pages\/9750"}],"wp:attachment":[{"href":"https:\/\/www.freimarianne.ch\/index.php?rest_route=%2Fwp%2Fv2%2Fmedia&parent=10355"}],"curies":[{"name":"wp","href":"https:\/\/api.w.org\/{rel}","templated":true}]}}