{"id":10674,"date":"2015-06-19T14:11:17","date_gmt":"2015-06-19T13:11:17","guid":{"rendered":"http:\/\/www.freimarianne.ch\/?page_id=10674"},"modified":"2019-10-08T10:55:44","modified_gmt":"2019-10-08T09:55:44","slug":"eischoll-unterbach-vs-18-6-2015","status":"publish","type":"page","link":"https:\/\/www.freimarianne.ch\/?page_id=10674","title":{"rendered":"Eischoll &#8211; Unterb\u00e4ch,  VS  18.6.2015"},"content":{"rendered":"<p><strong>Wanderung von Eischoll auf dem Suonenweg zum Breite St\u00e4g &#8211; Alp Brand &#8211; Unterb\u00e4ch<\/strong><\/p>\n<p><img loading=\"lazy\" class=\"alignleft size-full wp-image-10676\" src=\"http:\/\/www.freimarianne.ch\/wp-content\/uploads\/2015\/06\/IMG_0499_eischoll_500.jpg\" alt=\"IMG_0499_eischoll_500\" width=\"500\" height=\"375\" srcset=\"https:\/\/www.freimarianne.ch\/wp-content\/uploads\/2015\/06\/IMG_0499_eischoll_500.jpg 500w, https:\/\/www.freimarianne.ch\/wp-content\/uploads\/2015\/06\/IMG_0499_eischoll_500-300x225.jpg 300w, https:\/\/www.freimarianne.ch\/wp-content\/uploads\/2015\/06\/IMG_0499_eischoll_500-400x300.jpg 400w\" sizes=\"(max-width: 500px) 100vw, 500px\" \/><\/p>\n<p>Wir treffen um 9.33 h in Eischoll 1291m ein. Im nahen Hotel Schwarzhorn trinken wir einen Kaffee und starten dann um 10.00 h mit unserer Wanderung. Der Weg f\u00fchrt uns zuerst durch das alte Dorf und auf kleinen Pfaden zur Strasse nach Ifil, wo sich der Einstieg in den alten wieder restaurierten Suonenweg befindet. Auf schmalen Pfade wandern wir einmal am Waldrande, dann durch pr\u00e4chtige Blumenwiesen durch die sommerliche, sonnige Landschaft &#8211; immer begleitet vom Gurgeln des fliessenden Wassers. Wir kommen \u00fcber Breitmattu. Hier verlassen wir die Suone und der Weg f\u00fchrt tief in den Taleinschnitt hinauf durch die Wiesen, an einer Kuhweide vorbei und dann in den Wald hinein. Hier wird es nochmals etwas steil und dann sind wir am Breite St\u00e4g 1719m, wo wir den Milibach \u00fcberqueren. Wir finden eine Bank f\u00fcr unsere Mittagspause. Das Wetter hat sich inzwischen ge\u00e4ndert und der Himmel ist bedeckt und es geht eine Bise.<br \/>\nUm auf die Brandalp zu gelangen m\u00fcssen wir nun auf einer Alpstrasse gehen ( sogar teilweise auf Hartbelag) und kommen an einen Ausgleichsbecken vorbei zur Sesselbahnstation Brandalp. Es fallen einige Regentropfen, die uns aber nicht weiter st\u00f6ren. Bald sind wir wieder im Wald auf dem Weg nach Egg und dann erreichen wie auf guten Wanderwegen um 15.30 h das Dorf Unterb\u00e4ch, wo wir noch gen\u00fcgend Zeit haben, etwas zu trinken. Um 16.25 f\u00e4hrt die Seilbahn hinunter nach Raren.<br \/>\nDies war eine sch\u00f6ne Wallis Ersatzwanderung in einer ansprechenden malerischen Landschaft. Wir hatten Gl\u00fcck mit dem Wetter &#8211; war doch der Wetterbericht nicht allzugut.<\/p>\n<p>Laut Swissmap:<br \/>\nDistanz: 10.53km; Aufstieg: 595m; Abstieg: 600m; Marschzeit: 3.32 h:<br \/>\nWir waren von 10.00 h bis 15.30 h unterwegs<\/p>\n<p><a href=\"https:\/\/map.schweizmobil.ch\/?lang=de&#038;bgLayer=pk&#038;logo=yes&#038;season=summer&#038;resolution=10&#038;E=2627026&#038;N=1125410&#038;layers=Wanderland&#038;trackId=6166640\">Karte Schweizmobil:<\/a><\/p>\n<p><!-- index.php -->\n<div\n\tclass=\"ngg-galleryoverview ngg-ajax-pagination-none\"\n\tid=\"ngg-gallery-10704-1\">\n\n    \t<div class=\"slideshowlink\">\n        <a href='https:\/\/www.freimarianne.ch\/index.php\/nggallery\/slideshow?page_id=10674'>[Show as slideshow]<\/a>\n\t\t\n\t<\/div>\n\t\t\t<!-- Thumbnails -->\n\t\t\t\t<div id=\"ngg-image-0\" class=\"ngg-gallery-thumbnail-box\" >\n\t\t\t\t        <div class=\"ngg-gallery-thumbnail\">\n            <a href=\"https:\/\/www.freimarianne.ch\/wp-content\/gallery\/eischoll-18-6-15\/IMG_0460.jpg\"\n               title=\"\"\n               data-src=\"https:\/\/www.freimarianne.ch\/wp-content\/gallery\/eischoll-18-6-15\/IMG_0460.jpg\"\n               data-thumbnail=\"https:\/\/www.freimarianne.ch\/wp-content\/gallery\/eischoll-18-6-15\/thumbs\/thumbs_IMG_0460.jpg\"\n               data-image-id=\"10600\"\n               data-title=\"IMG_0460\"\n               data-description=\"\"\n               data-image-slug=\"img_0460-3\"\n               class=\"shutterset_10704\">\n                <img\n                    title=\"IMG_0460\"\n                    alt=\"IMG_0460\"\n                    src=\"https:\/\/www.freimarianne.ch\/wp-content\/gallery\/eischoll-18-6-15\/thumbs\/thumbs_IMG_0460.jpg\"\n                    width=\"100\"\n                    height=\"75\"\n                    style=\"max-width:100%;\"\n                \/>\n            <\/a>\n        <\/div>\n\t\t\t\t\t\t\t<\/div> \n\t\t\t\n        \n\t\t\t\t<div id=\"ngg-image-1\" class=\"ngg-gallery-thumbnail-box\" >\n\t\t\t\t        <div class=\"ngg-gallery-thumbnail\">\n            <a href=\"https:\/\/www.freimarianne.ch\/wp-content\/gallery\/eischoll-18-6-15\/IMG_0461.jpg\"\n               title=\"\"\n               data-src=\"https:\/\/www.freimarianne.ch\/wp-content\/gallery\/eischoll-18-6-15\/IMG_0461.jpg\"\n               data-thumbnail=\"https:\/\/www.freimarianne.ch\/wp-content\/gallery\/eischoll-18-6-15\/thumbs\/thumbs_IMG_0461.jpg\"\n               data-image-id=\"10601\"\n               data-title=\"IMG_0461\"\n               data-description=\"\"\n               data-image-slug=\"img_0461-1\"\n               class=\"shutterset_10704\">\n                <img\n                    title=\"IMG_0461\"\n                    alt=\"IMG_0461\"\n                    src=\"https:\/\/www.freimarianne.ch\/wp-content\/gallery\/eischoll-18-6-15\/thumbs\/thumbs_IMG_0461.jpg\"\n                    width=\"100\"\n                    height=\"75\"\n                    style=\"max-width:100%;\"\n                \/>\n            <\/a>\n        <\/div>\n\t\t\t\t\t\t\t<\/div> \n\t\t\t\n        \n\t\t\t\t<div id=\"ngg-image-2\" class=\"ngg-gallery-thumbnail-box\" >\n\t\t\t\t        <div class=\"ngg-gallery-thumbnail\">\n            <a href=\"https:\/\/www.freimarianne.ch\/wp-content\/gallery\/eischoll-18-6-15\/IMG_0467.jpg\"\n               title=\"\"\n               data-src=\"https:\/\/www.freimarianne.ch\/wp-content\/gallery\/eischoll-18-6-15\/IMG_0467.jpg\"\n               data-thumbnail=\"https:\/\/www.freimarianne.ch\/wp-content\/gallery\/eischoll-18-6-15\/thumbs\/thumbs_IMG_0467.jpg\"\n               data-image-id=\"10602\"\n               data-title=\"IMG_0467\"\n               data-description=\"\"\n               data-image-slug=\"img_0467-1\"\n               class=\"shutterset_10704\">\n                <img\n                    title=\"IMG_0467\"\n                    alt=\"IMG_0467\"\n                    src=\"https:\/\/www.freimarianne.ch\/wp-content\/gallery\/eischoll-18-6-15\/thumbs\/thumbs_IMG_0467.jpg\"\n                    width=\"100\"\n                    height=\"75\"\n                    style=\"max-width:100%;\"\n                \/>\n            <\/a>\n        <\/div>\n\t\t\t\t\t\t\t<\/div> \n\t\t\t\n        \n\t\t\t\t<div id=\"ngg-image-3\" class=\"ngg-gallery-thumbnail-box\" >\n\t\t\t\t        <div class=\"ngg-gallery-thumbnail\">\n            <a href=\"https:\/\/www.freimarianne.ch\/wp-content\/gallery\/eischoll-18-6-15\/IMG_0476.jpg\"\n               title=\"\"\n               data-src=\"https:\/\/www.freimarianne.ch\/wp-content\/gallery\/eischoll-18-6-15\/IMG_0476.jpg\"\n               data-thumbnail=\"https:\/\/www.freimarianne.ch\/wp-content\/gallery\/eischoll-18-6-15\/thumbs\/thumbs_IMG_0476.jpg\"\n               data-image-id=\"10603\"\n               data-title=\"IMG_0476\"\n               data-description=\"\"\n               data-image-slug=\"img_0476\"\n               class=\"shutterset_10704\">\n                <img\n                    title=\"IMG_0476\"\n                    alt=\"IMG_0476\"\n                    src=\"https:\/\/www.freimarianne.ch\/wp-content\/gallery\/eischoll-18-6-15\/thumbs\/thumbs_IMG_0476.jpg\"\n                    width=\"100\"\n                    height=\"75\"\n                    style=\"max-width:100%;\"\n                \/>\n            <\/a>\n        <\/div>\n\t\t\t\t\t\t\t<\/div> \n\t\t\t\n        \n\t\t\t\t<div id=\"ngg-image-4\" class=\"ngg-gallery-thumbnail-box\" >\n\t\t\t\t        <div class=\"ngg-gallery-thumbnail\">\n            <a href=\"https:\/\/www.freimarianne.ch\/wp-content\/gallery\/eischoll-18-6-15\/IMG_0478.jpg\"\n               title=\"\"\n               data-src=\"https:\/\/www.freimarianne.ch\/wp-content\/gallery\/eischoll-18-6-15\/IMG_0478.jpg\"\n               data-thumbnail=\"https:\/\/www.freimarianne.ch\/wp-content\/gallery\/eischoll-18-6-15\/thumbs\/thumbs_IMG_0478.jpg\"\n               data-image-id=\"10604\"\n               data-title=\"IMG_0478\"\n               data-description=\"\"\n               data-image-slug=\"img_0478-3\"\n               class=\"shutterset_10704\">\n                <img\n                    title=\"IMG_0478\"\n                    alt=\"IMG_0478\"\n                    src=\"https:\/\/www.freimarianne.ch\/wp-content\/gallery\/eischoll-18-6-15\/thumbs\/thumbs_IMG_0478.jpg\"\n                    width=\"100\"\n                    height=\"75\"\n                    style=\"max-width:100%;\"\n                \/>\n            <\/a>\n        <\/div>\n\t\t\t\t\t\t\t<\/div> \n\t\t\t\n        \n\t\t\t\t<div id=\"ngg-image-5\" class=\"ngg-gallery-thumbnail-box\" >\n\t\t\t\t        <div class=\"ngg-gallery-thumbnail\">\n            <a href=\"https:\/\/www.freimarianne.ch\/wp-content\/gallery\/eischoll-18-6-15\/IMG_0480.jpg\"\n               title=\"\"\n               data-src=\"https:\/\/www.freimarianne.ch\/wp-content\/gallery\/eischoll-18-6-15\/IMG_0480.jpg\"\n               data-thumbnail=\"https:\/\/www.freimarianne.ch\/wp-content\/gallery\/eischoll-18-6-15\/thumbs\/thumbs_IMG_0480.jpg\"\n               data-image-id=\"10605\"\n               data-title=\"IMG_0480\"\n               data-description=\"\"\n               data-image-slug=\"img_0480-2\"\n               class=\"shutterset_10704\">\n                <img\n                    title=\"IMG_0480\"\n                    alt=\"IMG_0480\"\n                    src=\"https:\/\/www.freimarianne.ch\/wp-content\/gallery\/eischoll-18-6-15\/thumbs\/thumbs_IMG_0480.jpg\"\n                    width=\"100\"\n                    height=\"75\"\n                    style=\"max-width:100%;\"\n                \/>\n            <\/a>\n        <\/div>\n\t\t\t\t\t\t\t<\/div> \n\t\t\t\n        \n\t\t\t\t<div id=\"ngg-image-6\" class=\"ngg-gallery-thumbnail-box\" >\n\t\t\t\t        <div class=\"ngg-gallery-thumbnail\">\n            <a href=\"https:\/\/www.freimarianne.ch\/wp-content\/gallery\/eischoll-18-6-15\/IMG_0482.jpg\"\n               title=\"\"\n               data-src=\"https:\/\/www.freimarianne.ch\/wp-content\/gallery\/eischoll-18-6-15\/IMG_0482.jpg\"\n               data-thumbnail=\"https:\/\/www.freimarianne.ch\/wp-content\/gallery\/eischoll-18-6-15\/thumbs\/thumbs_IMG_0482.jpg\"\n               data-image-id=\"10606\"\n               data-title=\"IMG_0482\"\n               data-description=\"\"\n               data-image-slug=\"img_0482-3\"\n               class=\"shutterset_10704\">\n                <img\n                    title=\"IMG_0482\"\n                    alt=\"IMG_0482\"\n                    src=\"https:\/\/www.freimarianne.ch\/wp-content\/gallery\/eischoll-18-6-15\/thumbs\/thumbs_IMG_0482.jpg\"\n                    width=\"100\"\n                    height=\"75\"\n                    style=\"max-width:100%;\"\n                \/>\n            <\/a>\n        <\/div>\n\t\t\t\t\t\t\t<\/div> \n\t\t\t\n        \n\t\t\t\t<div id=\"ngg-image-7\" class=\"ngg-gallery-thumbnail-box\" >\n\t\t\t\t        <div class=\"ngg-gallery-thumbnail\">\n            <a href=\"https:\/\/www.freimarianne.ch\/wp-content\/gallery\/eischoll-18-6-15\/IMG_0493.jpg\"\n               title=\"\"\n               data-src=\"https:\/\/www.freimarianne.ch\/wp-content\/gallery\/eischoll-18-6-15\/IMG_0493.jpg\"\n               data-thumbnail=\"https:\/\/www.freimarianne.ch\/wp-content\/gallery\/eischoll-18-6-15\/thumbs\/thumbs_IMG_0493.jpg\"\n               data-image-id=\"10607\"\n               data-title=\"IMG_0493\"\n               data-description=\"\"\n               data-image-slug=\"img_0493\"\n               class=\"shutterset_10704\">\n                <img\n                    title=\"IMG_0493\"\n                    alt=\"IMG_0493\"\n                    src=\"https:\/\/www.freimarianne.ch\/wp-content\/gallery\/eischoll-18-6-15\/thumbs\/thumbs_IMG_0493.jpg\"\n                    width=\"100\"\n                    height=\"75\"\n                    style=\"max-width:100%;\"\n                \/>\n            <\/a>\n        <\/div>\n\t\t\t\t\t\t\t<\/div> \n\t\t\t\n        \n\t\t\t\t<div id=\"ngg-image-8\" class=\"ngg-gallery-thumbnail-box\" >\n\t\t\t\t        <div class=\"ngg-gallery-thumbnail\">\n            <a href=\"https:\/\/www.freimarianne.ch\/wp-content\/gallery\/eischoll-18-6-15\/IMG_0499.jpg\"\n               title=\"\"\n               data-src=\"https:\/\/www.freimarianne.ch\/wp-content\/gallery\/eischoll-18-6-15\/IMG_0499.jpg\"\n               data-thumbnail=\"https:\/\/www.freimarianne.ch\/wp-content\/gallery\/eischoll-18-6-15\/thumbs\/thumbs_IMG_0499.jpg\"\n               data-image-id=\"10608\"\n               data-title=\"IMG_0499\"\n               data-description=\"\"\n               data-image-slug=\"img_0499-1\"\n               class=\"shutterset_10704\">\n                <img\n                    title=\"IMG_0499\"\n                    alt=\"IMG_0499\"\n                    src=\"https:\/\/www.freimarianne.ch\/wp-content\/gallery\/eischoll-18-6-15\/thumbs\/thumbs_IMG_0499.jpg\"\n                    width=\"100\"\n                    height=\"75\"\n                    style=\"max-width:100%;\"\n                \/>\n            <\/a>\n        <\/div>\n\t\t\t\t\t\t\t<\/div> \n\t\t\t\n        \n\t\t\t\t<div id=\"ngg-image-9\" class=\"ngg-gallery-thumbnail-box\" >\n\t\t\t\t        <div class=\"ngg-gallery-thumbnail\">\n            <a href=\"https:\/\/www.freimarianne.ch\/wp-content\/gallery\/eischoll-18-6-15\/IMG_0504.jpg\"\n               title=\"\"\n               data-src=\"https:\/\/www.freimarianne.ch\/wp-content\/gallery\/eischoll-18-6-15\/IMG_0504.jpg\"\n               data-thumbnail=\"https:\/\/www.freimarianne.ch\/wp-content\/gallery\/eischoll-18-6-15\/thumbs\/thumbs_IMG_0504.jpg\"\n               data-image-id=\"10609\"\n               data-title=\"IMG_0504\"\n               data-description=\"\"\n               data-image-slug=\"img_0504-4\"\n               class=\"shutterset_10704\">\n                <img\n                    title=\"IMG_0504\"\n                    alt=\"IMG_0504\"\n                    src=\"https:\/\/www.freimarianne.ch\/wp-content\/gallery\/eischoll-18-6-15\/thumbs\/thumbs_IMG_0504.jpg\"\n                    width=\"100\"\n                    height=\"75\"\n                    style=\"max-width:100%;\"\n                \/>\n            <\/a>\n        <\/div>\n\t\t\t\t\t\t\t<\/div> \n\t\t\t\n        \n\t\t\t\t<div id=\"ngg-image-10\" class=\"ngg-gallery-thumbnail-box\" >\n\t\t\t\t        <div class=\"ngg-gallery-thumbnail\">\n            <a href=\"https:\/\/www.freimarianne.ch\/wp-content\/gallery\/eischoll-18-6-15\/IMG_0507.jpg\"\n               title=\"\"\n               data-src=\"https:\/\/www.freimarianne.ch\/wp-content\/gallery\/eischoll-18-6-15\/IMG_0507.jpg\"\n               data-thumbnail=\"https:\/\/www.freimarianne.ch\/wp-content\/gallery\/eischoll-18-6-15\/thumbs\/thumbs_IMG_0507.jpg\"\n               data-image-id=\"10610\"\n               data-title=\"IMG_0507\"\n               data-description=\"\"\n               data-image-slug=\"img_0507-3\"\n               class=\"shutterset_10704\">\n                <img\n                    title=\"IMG_0507\"\n                    alt=\"IMG_0507\"\n                    src=\"https:\/\/www.freimarianne.ch\/wp-content\/gallery\/eischoll-18-6-15\/thumbs\/thumbs_IMG_0507.jpg\"\n                    width=\"100\"\n                    height=\"75\"\n                    style=\"max-width:100%;\"\n                \/>\n            <\/a>\n        <\/div>\n\t\t\t\t\t\t\t<\/div> \n\t\t\t\n        \n\t\t\t\t<div id=\"ngg-image-11\" class=\"ngg-gallery-thumbnail-box\" >\n\t\t\t\t        <div class=\"ngg-gallery-thumbnail\">\n            <a href=\"https:\/\/www.freimarianne.ch\/wp-content\/gallery\/eischoll-18-6-15\/IMG_0512.jpg\"\n               title=\"\"\n               data-src=\"https:\/\/www.freimarianne.ch\/wp-content\/gallery\/eischoll-18-6-15\/IMG_0512.jpg\"\n               data-thumbnail=\"https:\/\/www.freimarianne.ch\/wp-content\/gallery\/eischoll-18-6-15\/thumbs\/thumbs_IMG_0512.jpg\"\n               data-image-id=\"10611\"\n               data-title=\"IMG_0512\"\n               data-description=\"\"\n               data-image-slug=\"img_0512-1\"\n               class=\"shutterset_10704\">\n                <img\n                    title=\"IMG_0512\"\n                    alt=\"IMG_0512\"\n                    src=\"https:\/\/www.freimarianne.ch\/wp-content\/gallery\/eischoll-18-6-15\/thumbs\/thumbs_IMG_0512.jpg\"\n                    width=\"100\"\n                    height=\"75\"\n                    style=\"max-width:100%;\"\n                \/>\n            <\/a>\n        <\/div>\n\t\t\t\t\t\t\t<\/div> \n\t\t\t\n        \n\t\t\n\t\t<!-- Pagination -->\n\t<div class='ngg-clear'><\/div>\t<\/div>\n<\/p>\n","protected":false},"excerpt":{"rendered":"<p>Wanderung von Eischoll auf dem Suonenweg zum Breite St\u00e4g &#8211; Alp Brand &#8211; Unterb\u00e4ch Wir treffen um 9.33 h in Eischoll 1291m ein. Im nahen Hotel Schwarzhorn trinken wir einen Kaffee und starten dann um 10.00 h mit unserer Wanderung. Der Weg f\u00fchrt uns zuerst durch das alte Dorf und auf kleinen Pfaden zur Strasse [&hellip;]<\/p>\n","protected":false},"author":1,"featured_media":0,"parent":10369,"menu_order":5,"comment_status":"closed","ping_status":"closed","template":"","meta":{"ngg_post_thumbnail":0},"_links":{"self":[{"href":"https:\/\/www.freimarianne.ch\/index.php?rest_route=\/wp\/v2\/pages\/10674"}],"collection":[{"href":"https:\/\/www.freimarianne.ch\/index.php?rest_route=\/wp\/v2\/pages"}],"about":[{"href":"https:\/\/www.freimarianne.ch\/index.php?rest_route=\/wp\/v2\/types\/page"}],"author":[{"embeddable":true,"href":"https:\/\/www.freimarianne.ch\/index.php?rest_route=\/wp\/v2\/users\/1"}],"replies":[{"embeddable":true,"href":"https:\/\/www.freimarianne.ch\/index.php?rest_route=%2Fwp%2Fv2%2Fcomments&post=10674"}],"version-history":[{"count":5,"href":"https:\/\/www.freimarianne.ch\/index.php?rest_route=\/wp\/v2\/pages\/10674\/revisions"}],"predecessor-version":[{"id":38971,"href":"https:\/\/www.freimarianne.ch\/index.php?rest_route=\/wp\/v2\/pages\/10674\/revisions\/38971"}],"up":[{"embeddable":true,"href":"https:\/\/www.freimarianne.ch\/index.php?rest_route=\/wp\/v2\/pages\/10369"}],"wp:attachment":[{"href":"https:\/\/www.freimarianne.ch\/index.php?rest_route=%2Fwp%2Fv2%2Fmedia&parent=10674"}],"curies":[{"name":"wp","href":"https:\/\/api.w.org\/{rel}","templated":true}]}}