{"id":10872,"date":"2015-07-17T15:13:43","date_gmt":"2015-07-17T14:13:43","guid":{"rendered":"http:\/\/www.freimarianne.ch\/?page_id=10872"},"modified":"2015-07-23T15:09:11","modified_gmt":"2015-07-23T14:09:11","slug":"rund-um-den-mont-blanc-10-13-7-2015","status":"publish","type":"page","link":"https:\/\/www.freimarianne.ch\/?page_id=10872","title":{"rendered":"Rund um den Mont Blanc  10. &#8211; 13.7. 2015"},"content":{"rendered":"<p><strong>4 Tage: 3 Etappen mit dem Novartis Berg&#038;Ski Club<\/strong><\/p>\n<p><img loading=\"lazy\" src=\"http:\/\/www.freimarianne.ch\/wp-content\/uploads\/2015\/07\/Tour_du_Mont_Blanc-Etappe_558.jpg\" alt=\"Tour_du_Mont_Blanc Etappe_558\" width=\"558\" height=\"840\" class=\"alignleft size-full wp-image-10937\" srcset=\"https:\/\/www.freimarianne.ch\/wp-content\/uploads\/2015\/07\/Tour_du_Mont_Blanc-Etappe_558.jpg 558w, https:\/\/www.freimarianne.ch\/wp-content\/uploads\/2015\/07\/Tour_du_Mont_Blanc-Etappe_558-199x300.jpg 199w\" sizes=\"(max-width: 558px) 100vw, 558px\" \/><\/a><\/p>\n<p><img loading=\"lazy\" src=\"http:\/\/www.freimarianne.ch\/wp-content\/uploads\/2015\/07\/TMB_0026_r1.jpg\" alt=\"TMB_0026_r\" width=\"700\" height=\"467\" class=\"alignleft size-full wp-image-10917\" srcset=\"https:\/\/www.freimarianne.ch\/wp-content\/uploads\/2015\/07\/TMB_0026_r1.jpg 700w, https:\/\/www.freimarianne.ch\/wp-content\/uploads\/2015\/07\/TMB_0026_r1-300x200.jpg 300w, https:\/\/www.freimarianne.ch\/wp-content\/uploads\/2015\/07\/TMB_0026_r1-450x300.jpg 450w\" sizes=\"(max-width: 700px) 100vw, 700px\" \/><\/a><\/p>\n<p><img loading=\"lazy\" src=\"http:\/\/www.freimarianne.ch\/wp-content\/uploads\/2015\/07\/TMB_0076_r1.jpg\" alt=\"TMB_0076_r\" width=\"700\" height=\"467\" class=\"alignleft size-full wp-image-10918\" srcset=\"https:\/\/www.freimarianne.ch\/wp-content\/uploads\/2015\/07\/TMB_0076_r1.jpg 700w, https:\/\/www.freimarianne.ch\/wp-content\/uploads\/2015\/07\/TMB_0076_r1-300x200.jpg 300w, https:\/\/www.freimarianne.ch\/wp-content\/uploads\/2015\/07\/TMB_0076_r1-450x300.jpg 450w\" sizes=\"(max-width: 700px) 100vw, 700px\" \/><\/a><a \n\n<img loading=\"lazy\" src=\"http:\/\/www.freimarianne.ch\/wp-content\/uploads\/2015\/07\/TMB_0273_r-1.jpg\" alt=\"TMB_0273_r-1\" width=\"700\" height=\"467\" class=\"alignleft size-full wp-image-10919\" \/><\/a><\/p>\n<p><img loading=\"lazy\" src=\"http:\/\/www.freimarianne.ch\/wp-content\/uploads\/2015\/07\/TMB_0425_r.jpg\" alt=\"TMB_0425_r\" width=\"700\" height=\"467\" class=\"alignleft size-full wp-image-10914\" srcset=\"https:\/\/www.freimarianne.ch\/wp-content\/uploads\/2015\/07\/TMB_0425_r.jpg 700w, https:\/\/www.freimarianne.ch\/wp-content\/uploads\/2015\/07\/TMB_0425_r-300x200.jpg 300w, https:\/\/www.freimarianne.ch\/wp-content\/uploads\/2015\/07\/TMB_0425_r-450x300.jpg 450w\" sizes=\"(max-width: 700px) 100vw, 700px\" \/><\/a><\/p>\n<p>Gruppenfotos von A. Wood (Tourenleiter)<\/p>\n<p>1.\tTag, 3h20, 270 m aufw\u00e4rts, 750 m abw\u00e4rts<br \/>\nMontroc 1382m \u2013 Chalet Alpin du Tour (15min) \u2013 Seilbahn bis Col de Balme 2191m \u2013 Col des Posettes 1997m (45min) &#8211; Aiguillette des Posettes 2201m (50min) \u2013 Chalet Alpin du Tour 1453m (1hr30)<\/p>\n<p>2.\tTag, 4h15 oder 5h05, 810m oder 1110m aufw\u00e4rts, 385m oder 685m abw\u00e4rts<br \/>\nChalet Alpin du Tour &#8211; Tr\u00e9 le Champ 1417m (15min) &#8211; Col des Montets 1461 (20min) &#8211; Grand Balcon (1h30) \u2013 Tete aux Vent 2140m &#8211; Ch. des Ch\u00e9serys 2060m (1h10), oder Lac Blanc 2352m (2h) \u2013 Refuge La Fl\u00e9g\u00e8re 1877m (1h)<\/p>\n<p>3.\tTag, 4h45, 820 m aufw\u00e4rts, 535 m abw\u00e4rts<br \/>\nLa Fl\u00e9g\u00e8re &#8211; Charlanan 1812m (1h) &#8211; Planpraz 2060m (1h) &#8211; Col de Br\u00e9vent 2368m (1h) &#8211; Le Br\u00e9vent 2525m (45min) &#8211; Cab.Bellachat 2152m (1h)<\/p>\n<p>4.\tTag,  1172 m abw\u00e4rts<br \/>\nCab.Bellachat 2152m &#8211; Merlet 1563m (1h25) &#8211; Les Houches 980m (1h20)<\/p>\n","protected":false},"excerpt":{"rendered":"<p>4 Tage: 3 Etappen mit dem Novartis Berg&#038;Ski Club<\/p>\n","protected":false},"author":1,"featured_media":0,"parent":10369,"menu_order":10,"comment_status":"closed","ping_status":"closed","template":"","meta":{"ngg_post_thumbnail":0},"_links":{"self":[{"href":"https:\/\/www.freimarianne.ch\/index.php?rest_route=\/wp\/v2\/pages\/10872"}],"collection":[{"href":"https:\/\/www.freimarianne.ch\/index.php?rest_route=\/wp\/v2\/pages"}],"about":[{"href":"https:\/\/www.freimarianne.ch\/index.php?rest_route=\/wp\/v2\/types\/page"}],"author":[{"embeddable":true,"href":"https:\/\/www.freimarianne.ch\/index.php?rest_route=\/wp\/v2\/users\/1"}],"replies":[{"embeddable":true,"href":"https:\/\/www.freimarianne.ch\/index.php?rest_route=%2Fwp%2Fv2%2Fcomments&post=10872"}],"version-history":[{"count":28,"href":"https:\/\/www.freimarianne.ch\/index.php?rest_route=\/wp\/v2\/pages\/10872\/revisions"}],"predecessor-version":[{"id":11250,"href":"https:\/\/www.freimarianne.ch\/index.php?rest_route=\/wp\/v2\/pages\/10872\/revisions\/11250"}],"up":[{"embeddable":true,"href":"https:\/\/www.freimarianne.ch\/index.php?rest_route=\/wp\/v2\/pages\/10369"}],"wp:attachment":[{"href":"https:\/\/www.freimarianne.ch\/index.php?rest_route=%2Fwp%2Fv2%2Fmedia&parent=10872"}],"curies":[{"name":"wp","href":"https:\/\/api.w.org\/{rel}","templated":true}]}}