{"id":11267,"date":"2015-08-10T09:58:00","date_gmt":"2015-08-10T08:58:00","guid":{"rendered":"http:\/\/www.freimarianne.ch\/?page_id=11267"},"modified":"2015-08-21T15:17:02","modified_gmt":"2015-08-21T14:17:02","slug":"massa-schlucht-25-7-2015","status":"publish","type":"page","link":"https:\/\/www.freimarianne.ch\/?page_id=11267","title":{"rendered":"Massa &#8211; Schlucht  25.7.2015"},"content":{"rendered":"<p><strong>Bergwanderung von Blatten\/ Naters durch die Massa &#8211; Schlucht nach Ried\/ M\u00f6rel<\/strong><br \/>\n<img loading=\"lazy\" class=\"alignleft size-full wp-image-11269\" src=\"http:\/\/www.freimarianne.ch\/wp-content\/uploads\/2015\/08\/IMG_1295_massa_500.jpg\" alt=\"IMG_1295_massa_500\" width=\"500\" height=\"375\" srcset=\"https:\/\/www.freimarianne.ch\/wp-content\/uploads\/2015\/08\/IMG_1295_massa_500.jpg 500w, https:\/\/www.freimarianne.ch\/wp-content\/uploads\/2015\/08\/IMG_1295_massa_500-300x225.jpg 300w, https:\/\/www.freimarianne.ch\/wp-content\/uploads\/2015\/08\/IMG_1295_massa_500-400x300.jpg 400w\" sizes=\"(max-width: 500px) 100vw, 500px\" \/><\/p>\n<p>Wieder einmal ist der Wetterbericht f\u00fcr das Wallis besser als f\u00fcr die Nordschweiz.<br \/>\nAber auch hier hat es etliche graue Wolken und der Himmel ist weiss-grau.<br \/>\nWir fahren nach Blatten \/ Naters hinauf und beginnen gleich um 10.45 h mit der Wanderung. Wir finden bald den Einstieg in den Weg bei der Br\u00fccke \u00fcber den Bach Bruchi. Wir gehen nun durch eine sehr romantische, malerische Berglandschaft. WIr befinden uns im Aletschwald mit seinen alten B\u00e4umen und den vielen grossen Felsbrocken, die wohl einst der m\u00e4chtige Aletschgletscher hierher gebracht hat. Nach ca. 45 Minuten erreichen wir die Br\u00fccke \u00fcber die Massa 1236m und die Autostrasse! Wir sehen hinauf zum Staudamm es Gibidumsees.<br \/>\nAb hier beginnt die Schluchtenwanderung. Wir gehen auf einem schmalen Weg zwischen riesigen Felsbrocken hindurch in Richtung S\u00fcden. Vor uns sehen wir das<br \/>\n\u00fcber Brig thronende Glishorn. Rechts neben uns rauscht in der Tiefe die Massa.<br \/>\nZusehends wird das Tal enger und bald gehen wir auf dem in den Fels gehauenen Pfad in der engen Schlucht. Der Weg ist angenehm breit und l\u00e4sst keine H\u00f6hen\u00e4ngste aufkommen. Teilweise sind Ketten in der Felswand montiert, um einem mehr Sicherheit zu geben. Einmal gehen wir unter einem Felsdach hindurch und dann treten wir in einen dunklen Tunnel ein und dann wandern wir auf einem Holzsteg, der auch mit Ketten gesichert ist. Um ca. 12.30 h sind wir aus der Schlucht heraus und gehen nun auf einen Bergweg, der einige ausgesetzte Stellen hat weiter.<br \/>\nInzwischen haben sich die Wolken verzogen und der Himmel ist gegen S\u00fcden blau. Wir finden eine Bank f\u00fcr unseren Mittagshalt und geniessen die Sonne und die Aussicht ins Simplongebiet.<br \/>\nWir gehen dann weiter auf dem Bergpfad, der zwischendurch mit Ketten gesichert ist.<br \/>\nBald fliesst neben und das Wasser in einer Suone &#8211; ein wundersch\u00f6ner Wanderpfad mit Blick hinauf ins Goms. Wir gehen Richtung Sommerseili. Bald erblicken wir die Kirche von Ried\/M\u00f6rel unter uns. Auf Wiesenpfaden gelangen wir ins Dorf und finden die Gondelbahn.<br \/>\nWir lassen uns hinauf zur Riederalp bringen, wo wir noch einen Kaffee trinken und die Aussicht geniessen.<br \/>\nMit der grossen Seilbahn fahren wir dann hinunter nach M\u00f6rel.<\/p>\n<p>Dies war eine sehr sch\u00f6ne, interessante Wanderung von ca. 3 h.<br \/>\nNun weiss ich, wie es in der Massa Schlucht aussieht.<\/p>\n<p><!-- index.php -->\n<div\n\tclass=\"ngg-galleryoverview ngg-ajax-pagination-none\"\n\tid=\"ngg-gallery-11937-1\">\n\n    \t<div class=\"slideshowlink\">\n        <a href='https:\/\/www.freimarianne.ch\/index.php\/nggallery\/slideshow?page_id=11267'>[Show as slideshow]<\/a>\n\t\t\n\t<\/div>\n\t\t\t<!-- Thumbnails -->\n\t\t\t\t<div id=\"ngg-image-0\" class=\"ngg-gallery-thumbnail-box\" >\n\t\t\t\t        <div class=\"ngg-gallery-thumbnail\">\n            <a href=\"https:\/\/www.freimarianne.ch\/wp-content\/gallery\/massaschlucht-25-7-2015\/IMG_1264.jpg\"\n               title=\"\"\n               data-src=\"https:\/\/www.freimarianne.ch\/wp-content\/gallery\/massaschlucht-25-7-2015\/IMG_1264.jpg\"\n               data-thumbnail=\"https:\/\/www.freimarianne.ch\/wp-content\/gallery\/massaschlucht-25-7-2015\/thumbs\/thumbs_IMG_1264.jpg\"\n               data-image-id=\"10811\"\n               data-title=\"IMG_1264\"\n               data-description=\"\"\n               data-image-slug=\"img_1264-1\"\n               class=\"shutterset_11937\">\n                <img\n                    title=\"IMG_1264\"\n                    alt=\"IMG_1264\"\n                    src=\"https:\/\/www.freimarianne.ch\/wp-content\/gallery\/massaschlucht-25-7-2015\/thumbs\/thumbs_IMG_1264.jpg\"\n                    width=\"100\"\n                    height=\"75\"\n                    style=\"max-width:100%;\"\n                \/>\n            <\/a>\n        <\/div>\n\t\t\t\t\t\t\t<\/div> \n\t\t\t\n        \n\t\t\t\t<div id=\"ngg-image-1\" class=\"ngg-gallery-thumbnail-box\" >\n\t\t\t\t        <div class=\"ngg-gallery-thumbnail\">\n            <a href=\"https:\/\/www.freimarianne.ch\/wp-content\/gallery\/massaschlucht-25-7-2015\/IMG_1266.jpg\"\n               title=\"\"\n               data-src=\"https:\/\/www.freimarianne.ch\/wp-content\/gallery\/massaschlucht-25-7-2015\/IMG_1266.jpg\"\n               data-thumbnail=\"https:\/\/www.freimarianne.ch\/wp-content\/gallery\/massaschlucht-25-7-2015\/thumbs\/thumbs_IMG_1266.jpg\"\n               data-image-id=\"10812\"\n               data-title=\"IMG_1266\"\n               data-description=\"\"\n               data-image-slug=\"img_1266\"\n               class=\"shutterset_11937\">\n                <img\n                    title=\"IMG_1266\"\n                    alt=\"IMG_1266\"\n                    src=\"https:\/\/www.freimarianne.ch\/wp-content\/gallery\/massaschlucht-25-7-2015\/thumbs\/thumbs_IMG_1266.jpg\"\n                    width=\"100\"\n                    height=\"75\"\n                    style=\"max-width:100%;\"\n                \/>\n            <\/a>\n        <\/div>\n\t\t\t\t\t\t\t<\/div> \n\t\t\t\n        \n\t\t\t\t<div id=\"ngg-image-2\" class=\"ngg-gallery-thumbnail-box\" >\n\t\t\t\t        <div class=\"ngg-gallery-thumbnail\">\n            <a href=\"https:\/\/www.freimarianne.ch\/wp-content\/gallery\/massaschlucht-25-7-2015\/IMG_1268.jpg\"\n               title=\"\"\n               data-src=\"https:\/\/www.freimarianne.ch\/wp-content\/gallery\/massaschlucht-25-7-2015\/IMG_1268.jpg\"\n               data-thumbnail=\"https:\/\/www.freimarianne.ch\/wp-content\/gallery\/massaschlucht-25-7-2015\/thumbs\/thumbs_IMG_1268.jpg\"\n               data-image-id=\"10813\"\n               data-title=\"IMG_1268\"\n               data-description=\"\"\n               data-image-slug=\"img_1268-2\"\n               class=\"shutterset_11937\">\n                <img\n                    title=\"IMG_1268\"\n                    alt=\"IMG_1268\"\n                    src=\"https:\/\/www.freimarianne.ch\/wp-content\/gallery\/massaschlucht-25-7-2015\/thumbs\/thumbs_IMG_1268.jpg\"\n                    width=\"100\"\n                    height=\"75\"\n                    style=\"max-width:100%;\"\n                \/>\n            <\/a>\n        <\/div>\n\t\t\t\t\t\t\t<\/div> \n\t\t\t\n        \n\t\t\t\t<div id=\"ngg-image-3\" class=\"ngg-gallery-thumbnail-box\" >\n\t\t\t\t        <div class=\"ngg-gallery-thumbnail\">\n            <a href=\"https:\/\/www.freimarianne.ch\/wp-content\/gallery\/massaschlucht-25-7-2015\/IMG_1271.jpg\"\n               title=\"\"\n               data-src=\"https:\/\/www.freimarianne.ch\/wp-content\/gallery\/massaschlucht-25-7-2015\/IMG_1271.jpg\"\n               data-thumbnail=\"https:\/\/www.freimarianne.ch\/wp-content\/gallery\/massaschlucht-25-7-2015\/thumbs\/thumbs_IMG_1271.jpg\"\n               data-image-id=\"10814\"\n               data-title=\"IMG_1271\"\n               data-description=\"\"\n               data-image-slug=\"img_1271-2\"\n               class=\"shutterset_11937\">\n                <img\n                    title=\"IMG_1271\"\n                    alt=\"IMG_1271\"\n                    src=\"https:\/\/www.freimarianne.ch\/wp-content\/gallery\/massaschlucht-25-7-2015\/thumbs\/thumbs_IMG_1271.jpg\"\n                    width=\"100\"\n                    height=\"75\"\n                    style=\"max-width:100%;\"\n                \/>\n            <\/a>\n        <\/div>\n\t\t\t\t\t\t\t<\/div> \n\t\t\t\n        \n\t\t\t\t<div id=\"ngg-image-4\" class=\"ngg-gallery-thumbnail-box\" >\n\t\t\t\t        <div class=\"ngg-gallery-thumbnail\">\n            <a href=\"https:\/\/www.freimarianne.ch\/wp-content\/gallery\/massaschlucht-25-7-2015\/IMG_1274.jpg\"\n               title=\"\"\n               data-src=\"https:\/\/www.freimarianne.ch\/wp-content\/gallery\/massaschlucht-25-7-2015\/IMG_1274.jpg\"\n               data-thumbnail=\"https:\/\/www.freimarianne.ch\/wp-content\/gallery\/massaschlucht-25-7-2015\/thumbs\/thumbs_IMG_1274.jpg\"\n               data-image-id=\"10815\"\n               data-title=\"IMG_1274\"\n               data-description=\"\"\n               data-image-slug=\"img_1274-1\"\n               class=\"shutterset_11937\">\n                <img\n                    title=\"IMG_1274\"\n                    alt=\"IMG_1274\"\n                    src=\"https:\/\/www.freimarianne.ch\/wp-content\/gallery\/massaschlucht-25-7-2015\/thumbs\/thumbs_IMG_1274.jpg\"\n                    width=\"100\"\n                    height=\"75\"\n                    style=\"max-width:100%;\"\n                \/>\n            <\/a>\n        <\/div>\n\t\t\t\t\t\t\t<\/div> \n\t\t\t\n        \n\t\t\t\t<div id=\"ngg-image-5\" class=\"ngg-gallery-thumbnail-box\" >\n\t\t\t\t        <div class=\"ngg-gallery-thumbnail\">\n            <a href=\"https:\/\/www.freimarianne.ch\/wp-content\/gallery\/massaschlucht-25-7-2015\/IMG_1279.jpg\"\n               title=\"\"\n               data-src=\"https:\/\/www.freimarianne.ch\/wp-content\/gallery\/massaschlucht-25-7-2015\/IMG_1279.jpg\"\n               data-thumbnail=\"https:\/\/www.freimarianne.ch\/wp-content\/gallery\/massaschlucht-25-7-2015\/thumbs\/thumbs_IMG_1279.jpg\"\n               data-image-id=\"10816\"\n               data-title=\"IMG_1279\"\n               data-description=\"\"\n               data-image-slug=\"img_1279\"\n               class=\"shutterset_11937\">\n                <img\n                    title=\"IMG_1279\"\n                    alt=\"IMG_1279\"\n                    src=\"https:\/\/www.freimarianne.ch\/wp-content\/gallery\/massaschlucht-25-7-2015\/thumbs\/thumbs_IMG_1279.jpg\"\n                    width=\"100\"\n                    height=\"75\"\n                    style=\"max-width:100%;\"\n                \/>\n            <\/a>\n        <\/div>\n\t\t\t\t\t\t\t<\/div> \n\t\t\t\n        \n\t\t\t\t<div id=\"ngg-image-6\" class=\"ngg-gallery-thumbnail-box\" >\n\t\t\t\t        <div class=\"ngg-gallery-thumbnail\">\n            <a href=\"https:\/\/www.freimarianne.ch\/wp-content\/gallery\/massaschlucht-25-7-2015\/IMG_1283.jpg\"\n               title=\"\"\n               data-src=\"https:\/\/www.freimarianne.ch\/wp-content\/gallery\/massaschlucht-25-7-2015\/IMG_1283.jpg\"\n               data-thumbnail=\"https:\/\/www.freimarianne.ch\/wp-content\/gallery\/massaschlucht-25-7-2015\/thumbs\/thumbs_IMG_1283.jpg\"\n               data-image-id=\"10817\"\n               data-title=\"IMG_1283\"\n               data-description=\"\"\n               data-image-slug=\"img_1283\"\n               class=\"shutterset_11937\">\n                <img\n                    title=\"IMG_1283\"\n                    alt=\"IMG_1283\"\n                    src=\"https:\/\/www.freimarianne.ch\/wp-content\/gallery\/massaschlucht-25-7-2015\/thumbs\/thumbs_IMG_1283.jpg\"\n                    width=\"100\"\n                    height=\"75\"\n                    style=\"max-width:100%;\"\n                \/>\n            <\/a>\n        <\/div>\n\t\t\t\t\t\t\t<\/div> \n\t\t\t\n        \n\t\t\t\t<div id=\"ngg-image-7\" class=\"ngg-gallery-thumbnail-box\" >\n\t\t\t\t        <div class=\"ngg-gallery-thumbnail\">\n            <a href=\"https:\/\/www.freimarianne.ch\/wp-content\/gallery\/massaschlucht-25-7-2015\/IMG_1287.jpg\"\n               title=\"\"\n               data-src=\"https:\/\/www.freimarianne.ch\/wp-content\/gallery\/massaschlucht-25-7-2015\/IMG_1287.jpg\"\n               data-thumbnail=\"https:\/\/www.freimarianne.ch\/wp-content\/gallery\/massaschlucht-25-7-2015\/thumbs\/thumbs_IMG_1287.jpg\"\n               data-image-id=\"10818\"\n               data-title=\"IMG_1287\"\n               data-description=\"\"\n               data-image-slug=\"img_1287-3\"\n               class=\"shutterset_11937\">\n                <img\n                    title=\"IMG_1287\"\n                    alt=\"IMG_1287\"\n                    src=\"https:\/\/www.freimarianne.ch\/wp-content\/gallery\/massaschlucht-25-7-2015\/thumbs\/thumbs_IMG_1287.jpg\"\n                    width=\"100\"\n                    height=\"75\"\n                    style=\"max-width:100%;\"\n                \/>\n            <\/a>\n        <\/div>\n\t\t\t\t\t\t\t<\/div> \n\t\t\t\n        \n\t\t\t\t<div id=\"ngg-image-8\" class=\"ngg-gallery-thumbnail-box\" >\n\t\t\t\t        <div class=\"ngg-gallery-thumbnail\">\n            <a href=\"https:\/\/www.freimarianne.ch\/wp-content\/gallery\/massaschlucht-25-7-2015\/IMG_1291.jpg\"\n               title=\"\"\n               data-src=\"https:\/\/www.freimarianne.ch\/wp-content\/gallery\/massaschlucht-25-7-2015\/IMG_1291.jpg\"\n               data-thumbnail=\"https:\/\/www.freimarianne.ch\/wp-content\/gallery\/massaschlucht-25-7-2015\/thumbs\/thumbs_IMG_1291.jpg\"\n               data-image-id=\"10819\"\n               data-title=\"IMG_1291\"\n               data-description=\"\"\n               data-image-slug=\"img_1291-5\"\n               class=\"shutterset_11937\">\n                <img\n                    title=\"IMG_1291\"\n                    alt=\"IMG_1291\"\n                    src=\"https:\/\/www.freimarianne.ch\/wp-content\/gallery\/massaschlucht-25-7-2015\/thumbs\/thumbs_IMG_1291.jpg\"\n                    width=\"100\"\n                    height=\"75\"\n                    style=\"max-width:100%;\"\n                \/>\n            <\/a>\n        <\/div>\n\t\t\t\t\t\t\t<\/div> \n\t\t\t\n        \n\t\t\t\t<div id=\"ngg-image-9\" class=\"ngg-gallery-thumbnail-box\" >\n\t\t\t\t        <div class=\"ngg-gallery-thumbnail\">\n            <a href=\"https:\/\/www.freimarianne.ch\/wp-content\/gallery\/massaschlucht-25-7-2015\/IMG_1293.jpg\"\n               title=\"\"\n               data-src=\"https:\/\/www.freimarianne.ch\/wp-content\/gallery\/massaschlucht-25-7-2015\/IMG_1293.jpg\"\n               data-thumbnail=\"https:\/\/www.freimarianne.ch\/wp-content\/gallery\/massaschlucht-25-7-2015\/thumbs\/thumbs_IMG_1293.jpg\"\n               data-image-id=\"10820\"\n               data-title=\"IMG_1293\"\n               data-description=\"\"\n               data-image-slug=\"img_1293-1\"\n               class=\"shutterset_11937\">\n                <img\n                    title=\"IMG_1293\"\n                    alt=\"IMG_1293\"\n                    src=\"https:\/\/www.freimarianne.ch\/wp-content\/gallery\/massaschlucht-25-7-2015\/thumbs\/thumbs_IMG_1293.jpg\"\n                    width=\"100\"\n                    height=\"75\"\n                    style=\"max-width:100%;\"\n                \/>\n            <\/a>\n        <\/div>\n\t\t\t\t\t\t\t<\/div> \n\t\t\t\n        \n\t\t\t\t<div id=\"ngg-image-10\" class=\"ngg-gallery-thumbnail-box\" >\n\t\t\t\t        <div class=\"ngg-gallery-thumbnail\">\n            <a href=\"https:\/\/www.freimarianne.ch\/wp-content\/gallery\/massaschlucht-25-7-2015\/IMG_1294.jpg\"\n               title=\"\"\n               data-src=\"https:\/\/www.freimarianne.ch\/wp-content\/gallery\/massaschlucht-25-7-2015\/IMG_1294.jpg\"\n               data-thumbnail=\"https:\/\/www.freimarianne.ch\/wp-content\/gallery\/massaschlucht-25-7-2015\/thumbs\/thumbs_IMG_1294.jpg\"\n               data-image-id=\"10821\"\n               data-title=\"IMG_1294\"\n               data-description=\"\"\n               data-image-slug=\"img_1294-3\"\n               class=\"shutterset_11937\">\n                <img\n                    title=\"IMG_1294\"\n                    alt=\"IMG_1294\"\n                    src=\"https:\/\/www.freimarianne.ch\/wp-content\/gallery\/massaschlucht-25-7-2015\/thumbs\/thumbs_IMG_1294.jpg\"\n                    width=\"100\"\n                    height=\"75\"\n                    style=\"max-width:100%;\"\n                \/>\n            <\/a>\n        <\/div>\n\t\t\t\t\t\t\t<\/div> \n\t\t\t\n        \n\t\t\t\t<div id=\"ngg-image-11\" class=\"ngg-gallery-thumbnail-box\" >\n\t\t\t\t        <div class=\"ngg-gallery-thumbnail\">\n            <a href=\"https:\/\/www.freimarianne.ch\/wp-content\/gallery\/massaschlucht-25-7-2015\/IMG_1297.jpg\"\n               title=\"\"\n               data-src=\"https:\/\/www.freimarianne.ch\/wp-content\/gallery\/massaschlucht-25-7-2015\/IMG_1297.jpg\"\n               data-thumbnail=\"https:\/\/www.freimarianne.ch\/wp-content\/gallery\/massaschlucht-25-7-2015\/thumbs\/thumbs_IMG_1297.jpg\"\n               data-image-id=\"10822\"\n               data-title=\"IMG_1297\"\n               data-description=\"\"\n               data-image-slug=\"img_1297-4\"\n               class=\"shutterset_11937\">\n                <img\n                    title=\"IMG_1297\"\n                    alt=\"IMG_1297\"\n                    src=\"https:\/\/www.freimarianne.ch\/wp-content\/gallery\/massaschlucht-25-7-2015\/thumbs\/thumbs_IMG_1297.jpg\"\n                    width=\"100\"\n                    height=\"75\"\n                    style=\"max-width:100%;\"\n                \/>\n            <\/a>\n        <\/div>\n\t\t\t\t\t\t\t<\/div> \n\t\t\t\n        \n\t\t\t\t<div id=\"ngg-image-12\" class=\"ngg-gallery-thumbnail-box\" >\n\t\t\t\t        <div class=\"ngg-gallery-thumbnail\">\n            <a href=\"https:\/\/www.freimarianne.ch\/wp-content\/gallery\/massaschlucht-25-7-2015\/IMG_1299.jpg\"\n               title=\"\"\n               data-src=\"https:\/\/www.freimarianne.ch\/wp-content\/gallery\/massaschlucht-25-7-2015\/IMG_1299.jpg\"\n               data-thumbnail=\"https:\/\/www.freimarianne.ch\/wp-content\/gallery\/massaschlucht-25-7-2015\/thumbs\/thumbs_IMG_1299.jpg\"\n               data-image-id=\"10823\"\n               data-title=\"IMG_1299\"\n               data-description=\"\"\n               data-image-slug=\"img_1299-2\"\n               class=\"shutterset_11937\">\n                <img\n                    title=\"IMG_1299\"\n                    alt=\"IMG_1299\"\n                    src=\"https:\/\/www.freimarianne.ch\/wp-content\/gallery\/massaschlucht-25-7-2015\/thumbs\/thumbs_IMG_1299.jpg\"\n                    width=\"100\"\n                    height=\"75\"\n                    style=\"max-width:100%;\"\n                \/>\n            <\/a>\n        <\/div>\n\t\t\t\t\t\t\t<\/div> \n\t\t\t\n        \n\t\t\t\t<div id=\"ngg-image-13\" class=\"ngg-gallery-thumbnail-box\" >\n\t\t\t\t        <div class=\"ngg-gallery-thumbnail\">\n            <a href=\"https:\/\/www.freimarianne.ch\/wp-content\/gallery\/massaschlucht-25-7-2015\/IMG_1302.jpg\"\n               title=\"\"\n               data-src=\"https:\/\/www.freimarianne.ch\/wp-content\/gallery\/massaschlucht-25-7-2015\/IMG_1302.jpg\"\n               data-thumbnail=\"https:\/\/www.freimarianne.ch\/wp-content\/gallery\/massaschlucht-25-7-2015\/thumbs\/thumbs_IMG_1302.jpg\"\n               data-image-id=\"10824\"\n               data-title=\"IMG_1302\"\n               data-description=\"\"\n               data-image-slug=\"img_1302\"\n               class=\"shutterset_11937\">\n                <img\n                    title=\"IMG_1302\"\n                    alt=\"IMG_1302\"\n                    src=\"https:\/\/www.freimarianne.ch\/wp-content\/gallery\/massaschlucht-25-7-2015\/thumbs\/thumbs_IMG_1302.jpg\"\n                    width=\"100\"\n                    height=\"75\"\n                    style=\"max-width:100%;\"\n                \/>\n            <\/a>\n        <\/div>\n\t\t\t\t\t\t\t<\/div> \n\t\t\t\n        \n\t\t\t\t<div id=\"ngg-image-14\" class=\"ngg-gallery-thumbnail-box\" >\n\t\t\t\t        <div class=\"ngg-gallery-thumbnail\">\n            <a href=\"https:\/\/www.freimarianne.ch\/wp-content\/gallery\/massaschlucht-25-7-2015\/IMG_1314.jpg\"\n               title=\"\"\n               data-src=\"https:\/\/www.freimarianne.ch\/wp-content\/gallery\/massaschlucht-25-7-2015\/IMG_1314.jpg\"\n               data-thumbnail=\"https:\/\/www.freimarianne.ch\/wp-content\/gallery\/massaschlucht-25-7-2015\/thumbs\/thumbs_IMG_1314.jpg\"\n               data-image-id=\"10825\"\n               data-title=\"IMG_1314\"\n               data-description=\"\"\n               data-image-slug=\"img_1314\"\n               class=\"shutterset_11937\">\n                <img\n                    title=\"IMG_1314\"\n                    alt=\"IMG_1314\"\n                    src=\"https:\/\/www.freimarianne.ch\/wp-content\/gallery\/massaschlucht-25-7-2015\/thumbs\/thumbs_IMG_1314.jpg\"\n                    width=\"100\"\n                    height=\"75\"\n                    style=\"max-width:100%;\"\n                \/>\n            <\/a>\n        <\/div>\n\t\t\t\t\t\t\t<\/div> \n\t\t\t\n        \n\t\t\t\t<div id=\"ngg-image-15\" class=\"ngg-gallery-thumbnail-box\" >\n\t\t\t\t        <div class=\"ngg-gallery-thumbnail\">\n            <a href=\"https:\/\/www.freimarianne.ch\/wp-content\/gallery\/massaschlucht-25-7-2015\/IMG_1317.jpg\"\n               title=\"\"\n               data-src=\"https:\/\/www.freimarianne.ch\/wp-content\/gallery\/massaschlucht-25-7-2015\/IMG_1317.jpg\"\n               data-thumbnail=\"https:\/\/www.freimarianne.ch\/wp-content\/gallery\/massaschlucht-25-7-2015\/thumbs\/thumbs_IMG_1317.jpg\"\n               data-image-id=\"10826\"\n               data-title=\"IMG_1317\"\n               data-description=\"\"\n               data-image-slug=\"img_1317-3\"\n               class=\"shutterset_11937\">\n                <img\n                    title=\"IMG_1317\"\n                    alt=\"IMG_1317\"\n                    src=\"https:\/\/www.freimarianne.ch\/wp-content\/gallery\/massaschlucht-25-7-2015\/thumbs\/thumbs_IMG_1317.jpg\"\n                    width=\"100\"\n                    height=\"75\"\n                    style=\"max-width:100%;\"\n                \/>\n            <\/a>\n        <\/div>\n\t\t\t\t\t\t\t<\/div> \n\t\t\t\n        \n\t\t\t\t<div id=\"ngg-image-16\" class=\"ngg-gallery-thumbnail-box\" >\n\t\t\t\t        <div class=\"ngg-gallery-thumbnail\">\n            <a href=\"https:\/\/www.freimarianne.ch\/wp-content\/gallery\/massaschlucht-25-7-2015\/IMG_1326.jpg\"\n               title=\"\"\n               data-src=\"https:\/\/www.freimarianne.ch\/wp-content\/gallery\/massaschlucht-25-7-2015\/IMG_1326.jpg\"\n               data-thumbnail=\"https:\/\/www.freimarianne.ch\/wp-content\/gallery\/massaschlucht-25-7-2015\/thumbs\/thumbs_IMG_1326.jpg\"\n               data-image-id=\"10827\"\n               data-title=\"IMG_1326\"\n               data-description=\"\"\n               data-image-slug=\"img_1326-4\"\n               class=\"shutterset_11937\">\n                <img\n                    title=\"IMG_1326\"\n                    alt=\"IMG_1326\"\n                    src=\"https:\/\/www.freimarianne.ch\/wp-content\/gallery\/massaschlucht-25-7-2015\/thumbs\/thumbs_IMG_1326.jpg\"\n                    width=\"100\"\n                    height=\"75\"\n                    style=\"max-width:100%;\"\n                \/>\n            <\/a>\n        <\/div>\n\t\t\t\t\t\t\t<\/div> \n\t\t\t\n        \n\t\t\t\t<div id=\"ngg-image-17\" class=\"ngg-gallery-thumbnail-box\" >\n\t\t\t\t        <div class=\"ngg-gallery-thumbnail\">\n            <a href=\"https:\/\/www.freimarianne.ch\/wp-content\/gallery\/massaschlucht-25-7-2015\/IMG_1334.jpg\"\n               title=\"\"\n               data-src=\"https:\/\/www.freimarianne.ch\/wp-content\/gallery\/massaschlucht-25-7-2015\/IMG_1334.jpg\"\n               data-thumbnail=\"https:\/\/www.freimarianne.ch\/wp-content\/gallery\/massaschlucht-25-7-2015\/thumbs\/thumbs_IMG_1334.jpg\"\n               data-image-id=\"10828\"\n               data-title=\"IMG_1334\"\n               data-description=\"\"\n               data-image-slug=\"img_1334\"\n               class=\"shutterset_11937\">\n                <img\n                    title=\"IMG_1334\"\n                    alt=\"IMG_1334\"\n                    src=\"https:\/\/www.freimarianne.ch\/wp-content\/gallery\/massaschlucht-25-7-2015\/thumbs\/thumbs_IMG_1334.jpg\"\n                    width=\"100\"\n                    height=\"75\"\n                    style=\"max-width:100%;\"\n                \/>\n            <\/a>\n        <\/div>\n\t\t\t\t\t\t\t<\/div> \n\t\t\t\n        \n\t\t\n\t\t<!-- Pagination -->\n\t<div class='ngg-clear'><\/div>\t<\/div>\n<\/p>\n","protected":false},"excerpt":{"rendered":"<p>Bergwanderung von Blatten\/ Naters durch die Massa &#8211; Schlucht nach Ried\/ M\u00f6rel Wieder einmal ist der Wetterbericht f\u00fcr das Wallis besser als f\u00fcr die Nordschweiz. Aber auch hier hat es etliche graue Wolken und der Himmel ist weiss-grau. Wir fahren nach Blatten \/ Naters hinauf und beginnen gleich um 10.45 h mit der Wanderung. Wir [&hellip;]<\/p>\n","protected":false},"author":1,"featured_media":0,"parent":10369,"menu_order":12,"comment_status":"closed","ping_status":"closed","template":"","meta":{"ngg_post_thumbnail":0},"_links":{"self":[{"href":"https:\/\/www.freimarianne.ch\/index.php?rest_route=\/wp\/v2\/pages\/11267"}],"collection":[{"href":"https:\/\/www.freimarianne.ch\/index.php?rest_route=\/wp\/v2\/pages"}],"about":[{"href":"https:\/\/www.freimarianne.ch\/index.php?rest_route=\/wp\/v2\/types\/page"}],"author":[{"embeddable":true,"href":"https:\/\/www.freimarianne.ch\/index.php?rest_route=\/wp\/v2\/users\/1"}],"replies":[{"embeddable":true,"href":"https:\/\/www.freimarianne.ch\/index.php?rest_route=%2Fwp%2Fv2%2Fcomments&post=11267"}],"version-history":[{"count":7,"href":"https:\/\/www.freimarianne.ch\/index.php?rest_route=\/wp\/v2\/pages\/11267\/revisions"}],"predecessor-version":[{"id":11939,"href":"https:\/\/www.freimarianne.ch\/index.php?rest_route=\/wp\/v2\/pages\/11267\/revisions\/11939"}],"up":[{"embeddable":true,"href":"https:\/\/www.freimarianne.ch\/index.php?rest_route=\/wp\/v2\/pages\/10369"}],"wp:attachment":[{"href":"https:\/\/www.freimarianne.ch\/index.php?rest_route=%2Fwp%2Fv2%2Fmedia&parent=11267"}],"curies":[{"name":"wp","href":"https:\/\/api.w.org\/{rel}","templated":true}]}}