{"id":12179,"date":"2015-08-23T15:37:52","date_gmt":"2015-08-23T14:37:52","guid":{"rendered":"http:\/\/www.freimarianne.ch\/?page_id=12179"},"modified":"2015-08-24T09:56:03","modified_gmt":"2015-08-24T08:56:03","slug":"dodekanes-14-5-2015-2","status":"publish","type":"page","link":"https:\/\/www.freimarianne.ch\/?page_id=12179","title":{"rendered":"Dodekanes   14.5.2015"},"content":{"rendered":"<p><strong>13.Tag: Do 14.05.2015<\/strong><br \/>\n<strong>Kefalos Halbinsel<\/strong><br \/>\n<img loading=\"lazy\" class=\"alignleft size-full wp-image-12239\" src=\"http:\/\/www.freimarianne.ch\/wp-content\/uploads\/2015\/08\/IMG_9915_14.jpg\" alt=\"IMG_9915_14\" width=\"500\" height=\"375\" srcset=\"https:\/\/www.freimarianne.ch\/wp-content\/uploads\/2015\/08\/IMG_9915_14.jpg 500w, https:\/\/www.freimarianne.ch\/wp-content\/uploads\/2015\/08\/IMG_9915_14-300x225.jpg 300w, https:\/\/www.freimarianne.ch\/wp-content\/uploads\/2015\/08\/IMG_9915_14-400x300.jpg 400w\" sizes=\"(max-width: 500px) 100vw, 500px\" \/><br \/>\nHeute steht eine Wanderung auf die Kafalos Halbinsel auf dem Programm, wozu wir mit dem Bus zum Strand von Kamari fahren, das in einer sch\u00f6ne halbrunden Bucht liegt.<br \/>\nWir steigen hinauf durch die Macchia zur modernen Kirche Panagia Palatiani und zu den Ruinen ihrer Vorg\u00e4ngerin. Weiter geht es bis zur Kirche Agia Anastasia, wo wir einen Halt einschalten. Von dort aus suchen wir einen Wanderweg zu den so ber\u00fchmten Str\u00e4nden, was sich als schwierig herausstellt. Hier am Strand von Katz mit seinen Kreidefelsen soll es sch\u00f6ne Badebuchten geben. Leider sind sie nicht einfach erreichbar. Schliesslich kommt jeder auf seine Rechnung und sp\u00e4ter trifft sich die Gruppe in der Taverne Agios Ioannis Theologos.<br \/>\nDer Bus bringt uns zur\u00fcck zum Hotel und wir haben eine freien Abend.<\/p>\n<p><!-- index.php -->\n<div\n\tclass=\"ngg-galleryoverview ngg-ajax-pagination-none\"\n\tid=\"ngg-gallery-12979-1\">\n\n    \t<div class=\"slideshowlink\">\n        <a href='https:\/\/www.freimarianne.ch\/index.php\/nggallery\/slideshow?page_id=12179'>[Show as slideshow]<\/a>\n\t\t\n\t<\/div>\n\t\t\t<!-- Thumbnails -->\n\t\t\t\t<div id=\"ngg-image-0\" class=\"ngg-gallery-thumbnail-box\" >\n\t\t\t\t        <div class=\"ngg-gallery-thumbnail\">\n            <a href=\"https:\/\/www.freimarianne.ch\/wp-content\/gallery\/dodekanes-14-5-15-1\/IMG_9872.jpg\"\n               title=\"\"\n               data-src=\"https:\/\/www.freimarianne.ch\/wp-content\/gallery\/dodekanes-14-5-15-1\/IMG_9872.jpg\"\n               data-thumbnail=\"https:\/\/www.freimarianne.ch\/wp-content\/gallery\/dodekanes-14-5-15-1\/thumbs\/thumbs_IMG_9872.jpg\"\n               data-image-id=\"11444\"\n               data-title=\"IMG_9872\"\n               data-description=\"\"\n               data-image-slug=\"img_9872-1\"\n               class=\"shutterset_12979\">\n                <img\n                    title=\"IMG_9872\"\n                    alt=\"IMG_9872\"\n                    src=\"https:\/\/www.freimarianne.ch\/wp-content\/gallery\/dodekanes-14-5-15-1\/thumbs\/thumbs_IMG_9872.jpg\"\n                    width=\"100\"\n                    height=\"75\"\n                    style=\"max-width:100%;\"\n                \/>\n            <\/a>\n        <\/div>\n\t\t\t\t\t\t\t<\/div> \n\t\t\t\n        \n\t\t\t\t<div id=\"ngg-image-1\" class=\"ngg-gallery-thumbnail-box\" >\n\t\t\t\t        <div class=\"ngg-gallery-thumbnail\">\n            <a href=\"https:\/\/www.freimarianne.ch\/wp-content\/gallery\/dodekanes-14-5-15-1\/IMG_9874.jpg\"\n               title=\"\"\n               data-src=\"https:\/\/www.freimarianne.ch\/wp-content\/gallery\/dodekanes-14-5-15-1\/IMG_9874.jpg\"\n               data-thumbnail=\"https:\/\/www.freimarianne.ch\/wp-content\/gallery\/dodekanes-14-5-15-1\/thumbs\/thumbs_IMG_9874.jpg\"\n               data-image-id=\"11429\"\n               data-title=\"IMG_9874\"\n               data-description=\"\"\n               data-image-slug=\"img_9874-1\"\n               class=\"shutterset_12979\">\n                <img\n                    title=\"IMG_9874\"\n                    alt=\"IMG_9874\"\n                    src=\"https:\/\/www.freimarianne.ch\/wp-content\/gallery\/dodekanes-14-5-15-1\/thumbs\/thumbs_IMG_9874.jpg\"\n                    width=\"100\"\n                    height=\"75\"\n                    style=\"max-width:100%;\"\n                \/>\n            <\/a>\n        <\/div>\n\t\t\t\t\t\t\t<\/div> \n\t\t\t\n        \n\t\t\t\t<div id=\"ngg-image-2\" class=\"ngg-gallery-thumbnail-box\" >\n\t\t\t\t        <div class=\"ngg-gallery-thumbnail\">\n            <a href=\"https:\/\/www.freimarianne.ch\/wp-content\/gallery\/dodekanes-14-5-15-1\/IMG_9875.jpg\"\n               title=\"\"\n               data-src=\"https:\/\/www.freimarianne.ch\/wp-content\/gallery\/dodekanes-14-5-15-1\/IMG_9875.jpg\"\n               data-thumbnail=\"https:\/\/www.freimarianne.ch\/wp-content\/gallery\/dodekanes-14-5-15-1\/thumbs\/thumbs_IMG_9875.jpg\"\n               data-image-id=\"11430\"\n               data-title=\"IMG_9875\"\n               data-description=\"\"\n               data-image-slug=\"img_9875\"\n               class=\"shutterset_12979\">\n                <img\n                    title=\"IMG_9875\"\n                    alt=\"IMG_9875\"\n                    src=\"https:\/\/www.freimarianne.ch\/wp-content\/gallery\/dodekanes-14-5-15-1\/thumbs\/thumbs_IMG_9875.jpg\"\n                    width=\"100\"\n                    height=\"75\"\n                    style=\"max-width:100%;\"\n                \/>\n            <\/a>\n        <\/div>\n\t\t\t\t\t\t\t<\/div> \n\t\t\t\n        \n\t\t\t\t<div id=\"ngg-image-3\" class=\"ngg-gallery-thumbnail-box\" >\n\t\t\t\t        <div class=\"ngg-gallery-thumbnail\">\n            <a href=\"https:\/\/www.freimarianne.ch\/wp-content\/gallery\/dodekanes-14-5-15-1\/IMG_9877.jpg\"\n               title=\"\"\n               data-src=\"https:\/\/www.freimarianne.ch\/wp-content\/gallery\/dodekanes-14-5-15-1\/IMG_9877.jpg\"\n               data-thumbnail=\"https:\/\/www.freimarianne.ch\/wp-content\/gallery\/dodekanes-14-5-15-1\/thumbs\/thumbs_IMG_9877.jpg\"\n               data-image-id=\"11431\"\n               data-title=\"IMG_9877\"\n               data-description=\"\"\n               data-image-slug=\"img_9877-1\"\n               class=\"shutterset_12979\">\n                <img\n                    title=\"IMG_9877\"\n                    alt=\"IMG_9877\"\n                    src=\"https:\/\/www.freimarianne.ch\/wp-content\/gallery\/dodekanes-14-5-15-1\/thumbs\/thumbs_IMG_9877.jpg\"\n                    width=\"100\"\n                    height=\"75\"\n                    style=\"max-width:100%;\"\n                \/>\n            <\/a>\n        <\/div>\n\t\t\t\t\t\t\t<\/div> \n\t\t\t\n        \n\t\t\t\t<div id=\"ngg-image-4\" class=\"ngg-gallery-thumbnail-box\" >\n\t\t\t\t        <div class=\"ngg-gallery-thumbnail\">\n            <a href=\"https:\/\/www.freimarianne.ch\/wp-content\/gallery\/dodekanes-14-5-15-1\/IMG_9886.jpg\"\n               title=\"\"\n               data-src=\"https:\/\/www.freimarianne.ch\/wp-content\/gallery\/dodekanes-14-5-15-1\/IMG_9886.jpg\"\n               data-thumbnail=\"https:\/\/www.freimarianne.ch\/wp-content\/gallery\/dodekanes-14-5-15-1\/thumbs\/thumbs_IMG_9886.jpg\"\n               data-image-id=\"11432\"\n               data-title=\"IMG_9886\"\n               data-description=\"\"\n               data-image-slug=\"img_9886-1\"\n               class=\"shutterset_12979\">\n                <img\n                    title=\"IMG_9886\"\n                    alt=\"IMG_9886\"\n                    src=\"https:\/\/www.freimarianne.ch\/wp-content\/gallery\/dodekanes-14-5-15-1\/thumbs\/thumbs_IMG_9886.jpg\"\n                    width=\"100\"\n                    height=\"75\"\n                    style=\"max-width:100%;\"\n                \/>\n            <\/a>\n        <\/div>\n\t\t\t\t\t\t\t<\/div> \n\t\t\t\n        \n\t\t\t\t<div id=\"ngg-image-5\" class=\"ngg-gallery-thumbnail-box\" >\n\t\t\t\t        <div class=\"ngg-gallery-thumbnail\">\n            <a href=\"https:\/\/www.freimarianne.ch\/wp-content\/gallery\/dodekanes-14-5-15-1\/IMG_9892.jpg\"\n               title=\"\"\n               data-src=\"https:\/\/www.freimarianne.ch\/wp-content\/gallery\/dodekanes-14-5-15-1\/IMG_9892.jpg\"\n               data-thumbnail=\"https:\/\/www.freimarianne.ch\/wp-content\/gallery\/dodekanes-14-5-15-1\/thumbs\/thumbs_IMG_9892.jpg\"\n               data-image-id=\"11433\"\n               data-title=\"IMG_9892\"\n               data-description=\"\"\n               data-image-slug=\"img_9892-1\"\n               class=\"shutterset_12979\">\n                <img\n                    title=\"IMG_9892\"\n                    alt=\"IMG_9892\"\n                    src=\"https:\/\/www.freimarianne.ch\/wp-content\/gallery\/dodekanes-14-5-15-1\/thumbs\/thumbs_IMG_9892.jpg\"\n                    width=\"100\"\n                    height=\"75\"\n                    style=\"max-width:100%;\"\n                \/>\n            <\/a>\n        <\/div>\n\t\t\t\t\t\t\t<\/div> \n\t\t\t\n        \n\t\t\t\t<div id=\"ngg-image-6\" class=\"ngg-gallery-thumbnail-box\" >\n\t\t\t\t        <div class=\"ngg-gallery-thumbnail\">\n            <a href=\"https:\/\/www.freimarianne.ch\/wp-content\/gallery\/dodekanes-14-5-15-1\/IMG_9895.jpg\"\n               title=\"\"\n               data-src=\"https:\/\/www.freimarianne.ch\/wp-content\/gallery\/dodekanes-14-5-15-1\/IMG_9895.jpg\"\n               data-thumbnail=\"https:\/\/www.freimarianne.ch\/wp-content\/gallery\/dodekanes-14-5-15-1\/thumbs\/thumbs_IMG_9895.jpg\"\n               data-image-id=\"11434\"\n               data-title=\"IMG_9895\"\n               data-description=\"\"\n               data-image-slug=\"img_9895\"\n               class=\"shutterset_12979\">\n                <img\n                    title=\"IMG_9895\"\n                    alt=\"IMG_9895\"\n                    src=\"https:\/\/www.freimarianne.ch\/wp-content\/gallery\/dodekanes-14-5-15-1\/thumbs\/thumbs_IMG_9895.jpg\"\n                    width=\"100\"\n                    height=\"75\"\n                    style=\"max-width:100%;\"\n                \/>\n            <\/a>\n        <\/div>\n\t\t\t\t\t\t\t<\/div> \n\t\t\t\n        \n\t\t\t\t<div id=\"ngg-image-7\" class=\"ngg-gallery-thumbnail-box\" >\n\t\t\t\t        <div class=\"ngg-gallery-thumbnail\">\n            <a href=\"https:\/\/www.freimarianne.ch\/wp-content\/gallery\/dodekanes-14-5-15-1\/IMG_9897.jpg\"\n               title=\"\"\n               data-src=\"https:\/\/www.freimarianne.ch\/wp-content\/gallery\/dodekanes-14-5-15-1\/IMG_9897.jpg\"\n               data-thumbnail=\"https:\/\/www.freimarianne.ch\/wp-content\/gallery\/dodekanes-14-5-15-1\/thumbs\/thumbs_IMG_9897.jpg\"\n               data-image-id=\"11435\"\n               data-title=\"IMG_9897\"\n               data-description=\"\"\n               data-image-slug=\"img_9897-1\"\n               class=\"shutterset_12979\">\n                <img\n                    title=\"IMG_9897\"\n                    alt=\"IMG_9897\"\n                    src=\"https:\/\/www.freimarianne.ch\/wp-content\/gallery\/dodekanes-14-5-15-1\/thumbs\/thumbs_IMG_9897.jpg\"\n                    width=\"100\"\n                    height=\"75\"\n                    style=\"max-width:100%;\"\n                \/>\n            <\/a>\n        <\/div>\n\t\t\t\t\t\t\t<\/div> \n\t\t\t\n        \n\t\t\t\t<div id=\"ngg-image-8\" class=\"ngg-gallery-thumbnail-box\" >\n\t\t\t\t        <div class=\"ngg-gallery-thumbnail\">\n            <a href=\"https:\/\/www.freimarianne.ch\/wp-content\/gallery\/dodekanes-14-5-15-1\/IMG_9900.jpg\"\n               title=\"\"\n               data-src=\"https:\/\/www.freimarianne.ch\/wp-content\/gallery\/dodekanes-14-5-15-1\/IMG_9900.jpg\"\n               data-thumbnail=\"https:\/\/www.freimarianne.ch\/wp-content\/gallery\/dodekanes-14-5-15-1\/thumbs\/thumbs_IMG_9900.jpg\"\n               data-image-id=\"11436\"\n               data-title=\"IMG_9900\"\n               data-description=\"\"\n               data-image-slug=\"img_9900\"\n               class=\"shutterset_12979\">\n                <img\n                    title=\"IMG_9900\"\n                    alt=\"IMG_9900\"\n                    src=\"https:\/\/www.freimarianne.ch\/wp-content\/gallery\/dodekanes-14-5-15-1\/thumbs\/thumbs_IMG_9900.jpg\"\n                    width=\"100\"\n                    height=\"75\"\n                    style=\"max-width:100%;\"\n                \/>\n            <\/a>\n        <\/div>\n\t\t\t\t\t\t\t<\/div> \n\t\t\t\n        \n\t\t\t\t<div id=\"ngg-image-9\" class=\"ngg-gallery-thumbnail-box\" >\n\t\t\t\t        <div class=\"ngg-gallery-thumbnail\">\n            <a href=\"https:\/\/www.freimarianne.ch\/wp-content\/gallery\/dodekanes-14-5-15-1\/IMG_9903.jpg\"\n               title=\"\"\n               data-src=\"https:\/\/www.freimarianne.ch\/wp-content\/gallery\/dodekanes-14-5-15-1\/IMG_9903.jpg\"\n               data-thumbnail=\"https:\/\/www.freimarianne.ch\/wp-content\/gallery\/dodekanes-14-5-15-1\/thumbs\/thumbs_IMG_9903.jpg\"\n               data-image-id=\"11437\"\n               data-title=\"IMG_9903\"\n               data-description=\"\"\n               data-image-slug=\"img_9903-1\"\n               class=\"shutterset_12979\">\n                <img\n                    title=\"IMG_9903\"\n                    alt=\"IMG_9903\"\n                    src=\"https:\/\/www.freimarianne.ch\/wp-content\/gallery\/dodekanes-14-5-15-1\/thumbs\/thumbs_IMG_9903.jpg\"\n                    width=\"100\"\n                    height=\"75\"\n                    style=\"max-width:100%;\"\n                \/>\n            <\/a>\n        <\/div>\n\t\t\t\t\t\t\t<\/div> \n\t\t\t\n        \n\t\t\t\t<div id=\"ngg-image-10\" class=\"ngg-gallery-thumbnail-box\" >\n\t\t\t\t        <div class=\"ngg-gallery-thumbnail\">\n            <a href=\"https:\/\/www.freimarianne.ch\/wp-content\/gallery\/dodekanes-14-5-15-1\/IMG_9908.jpg\"\n               title=\"\"\n               data-src=\"https:\/\/www.freimarianne.ch\/wp-content\/gallery\/dodekanes-14-5-15-1\/IMG_9908.jpg\"\n               data-thumbnail=\"https:\/\/www.freimarianne.ch\/wp-content\/gallery\/dodekanes-14-5-15-1\/thumbs\/thumbs_IMG_9908.jpg\"\n               data-image-id=\"11438\"\n               data-title=\"IMG_9908\"\n               data-description=\"\"\n               data-image-slug=\"img_9908-3\"\n               class=\"shutterset_12979\">\n                <img\n                    title=\"IMG_9908\"\n                    alt=\"IMG_9908\"\n                    src=\"https:\/\/www.freimarianne.ch\/wp-content\/gallery\/dodekanes-14-5-15-1\/thumbs\/thumbs_IMG_9908.jpg\"\n                    width=\"100\"\n                    height=\"75\"\n                    style=\"max-width:100%;\"\n                \/>\n            <\/a>\n        <\/div>\n\t\t\t\t\t\t\t<\/div> \n\t\t\t\n        \n\t\t\t\t<div id=\"ngg-image-11\" class=\"ngg-gallery-thumbnail-box\" >\n\t\t\t\t        <div class=\"ngg-gallery-thumbnail\">\n            <a href=\"https:\/\/www.freimarianne.ch\/wp-content\/gallery\/dodekanes-14-5-15-1\/IMG_9910.jpg\"\n               title=\"\"\n               data-src=\"https:\/\/www.freimarianne.ch\/wp-content\/gallery\/dodekanes-14-5-15-1\/IMG_9910.jpg\"\n               data-thumbnail=\"https:\/\/www.freimarianne.ch\/wp-content\/gallery\/dodekanes-14-5-15-1\/thumbs\/thumbs_IMG_9910.jpg\"\n               data-image-id=\"11439\"\n               data-title=\"IMG_9910\"\n               data-description=\"\"\n               data-image-slug=\"img_9910\"\n               class=\"shutterset_12979\">\n                <img\n                    title=\"IMG_9910\"\n                    alt=\"IMG_9910\"\n                    src=\"https:\/\/www.freimarianne.ch\/wp-content\/gallery\/dodekanes-14-5-15-1\/thumbs\/thumbs_IMG_9910.jpg\"\n                    width=\"100\"\n                    height=\"75\"\n                    style=\"max-width:100%;\"\n                \/>\n            <\/a>\n        <\/div>\n\t\t\t\t\t\t\t<\/div> \n\t\t\t\n        \n\t\t\t\t<div id=\"ngg-image-12\" class=\"ngg-gallery-thumbnail-box\" >\n\t\t\t\t        <div class=\"ngg-gallery-thumbnail\">\n            <a href=\"https:\/\/www.freimarianne.ch\/wp-content\/gallery\/dodekanes-14-5-15-1\/IMG_9912.jpg\"\n               title=\"\"\n               data-src=\"https:\/\/www.freimarianne.ch\/wp-content\/gallery\/dodekanes-14-5-15-1\/IMG_9912.jpg\"\n               data-thumbnail=\"https:\/\/www.freimarianne.ch\/wp-content\/gallery\/dodekanes-14-5-15-1\/thumbs\/thumbs_IMG_9912.jpg\"\n               data-image-id=\"11440\"\n               data-title=\"IMG_9912\"\n               data-description=\"\"\n               data-image-slug=\"img_9912-1\"\n               class=\"shutterset_12979\">\n                <img\n                    title=\"IMG_9912\"\n                    alt=\"IMG_9912\"\n                    src=\"https:\/\/www.freimarianne.ch\/wp-content\/gallery\/dodekanes-14-5-15-1\/thumbs\/thumbs_IMG_9912.jpg\"\n                    width=\"100\"\n                    height=\"75\"\n                    style=\"max-width:100%;\"\n                \/>\n            <\/a>\n        <\/div>\n\t\t\t\t\t\t\t<\/div> \n\t\t\t\n        \n\t\t\t\t<div id=\"ngg-image-13\" class=\"ngg-gallery-thumbnail-box\" >\n\t\t\t\t        <div class=\"ngg-gallery-thumbnail\">\n            <a href=\"https:\/\/www.freimarianne.ch\/wp-content\/gallery\/dodekanes-14-5-15-1\/IMG_9914.jpg\"\n               title=\"\"\n               data-src=\"https:\/\/www.freimarianne.ch\/wp-content\/gallery\/dodekanes-14-5-15-1\/IMG_9914.jpg\"\n               data-thumbnail=\"https:\/\/www.freimarianne.ch\/wp-content\/gallery\/dodekanes-14-5-15-1\/thumbs\/thumbs_IMG_9914.jpg\"\n               data-image-id=\"11441\"\n               data-title=\"IMG_9914\"\n               data-description=\"\"\n               data-image-slug=\"img_9914-1\"\n               class=\"shutterset_12979\">\n                <img\n                    title=\"IMG_9914\"\n                    alt=\"IMG_9914\"\n                    src=\"https:\/\/www.freimarianne.ch\/wp-content\/gallery\/dodekanes-14-5-15-1\/thumbs\/thumbs_IMG_9914.jpg\"\n                    width=\"100\"\n                    height=\"75\"\n                    style=\"max-width:100%;\"\n                \/>\n            <\/a>\n        <\/div>\n\t\t\t\t\t\t\t<\/div> \n\t\t\t\n        \n\t\t\t\t<div id=\"ngg-image-14\" class=\"ngg-gallery-thumbnail-box\" >\n\t\t\t\t        <div class=\"ngg-gallery-thumbnail\">\n            <a href=\"https:\/\/www.freimarianne.ch\/wp-content\/gallery\/dodekanes-14-5-15-1\/IMG_9916.jpg\"\n               title=\"\"\n               data-src=\"https:\/\/www.freimarianne.ch\/wp-content\/gallery\/dodekanes-14-5-15-1\/IMG_9916.jpg\"\n               data-thumbnail=\"https:\/\/www.freimarianne.ch\/wp-content\/gallery\/dodekanes-14-5-15-1\/thumbs\/thumbs_IMG_9916.jpg\"\n               data-image-id=\"11442\"\n               data-title=\"IMG_9916\"\n               data-description=\"\"\n               data-image-slug=\"img_9916-3\"\n               class=\"shutterset_12979\">\n                <img\n                    title=\"IMG_9916\"\n                    alt=\"IMG_9916\"\n                    src=\"https:\/\/www.freimarianne.ch\/wp-content\/gallery\/dodekanes-14-5-15-1\/thumbs\/thumbs_IMG_9916.jpg\"\n                    width=\"100\"\n                    height=\"75\"\n                    style=\"max-width:100%;\"\n                \/>\n            <\/a>\n        <\/div>\n\t\t\t\t\t\t\t<\/div> \n\t\t\t\n        \n\t\t\t\t<div id=\"ngg-image-15\" class=\"ngg-gallery-thumbnail-box\" >\n\t\t\t\t        <div class=\"ngg-gallery-thumbnail\">\n            <a href=\"https:\/\/www.freimarianne.ch\/wp-content\/gallery\/dodekanes-14-5-15-1\/IMG_9919.jpg\"\n               title=\"\"\n               data-src=\"https:\/\/www.freimarianne.ch\/wp-content\/gallery\/dodekanes-14-5-15-1\/IMG_9919.jpg\"\n               data-thumbnail=\"https:\/\/www.freimarianne.ch\/wp-content\/gallery\/dodekanes-14-5-15-1\/thumbs\/thumbs_IMG_9919.jpg\"\n               data-image-id=\"11443\"\n               data-title=\"IMG_9919\"\n               data-description=\"\"\n               data-image-slug=\"img_9919\"\n               class=\"shutterset_12979\">\n                <img\n                    title=\"IMG_9919\"\n                    alt=\"IMG_9919\"\n                    src=\"https:\/\/www.freimarianne.ch\/wp-content\/gallery\/dodekanes-14-5-15-1\/thumbs\/thumbs_IMG_9919.jpg\"\n                    width=\"100\"\n                    height=\"75\"\n                    style=\"max-width:100%;\"\n                \/>\n            <\/a>\n        <\/div>\n\t\t\t\t\t\t\t<\/div> \n\t\t\t\n        \n\t\t\n\t\t<!-- Pagination -->\n\t<div class='ngg-clear'><\/div>\t<\/div>\n<\/p>\n","protected":false},"excerpt":{"rendered":"<p>13.Tag: Do 14.05.2015 Kefalos Halbinsel Heute steht eine Wanderung auf die Kafalos Halbinsel auf dem Programm, wozu wir mit dem Bus zum Strand von Kamari fahren, das in einer sch\u00f6ne halbrunden Bucht liegt. Wir steigen hinauf durch die Macchia zur modernen Kirche Panagia Palatiani und zu den Ruinen ihrer Vorg\u00e4ngerin. Weiter geht es bis zur [&hellip;]<\/p>\n","protected":false},"author":1,"featured_media":0,"parent":11968,"menu_order":12,"comment_status":"closed","ping_status":"closed","template":"","meta":{"ngg_post_thumbnail":0},"_links":{"self":[{"href":"https:\/\/www.freimarianne.ch\/index.php?rest_route=\/wp\/v2\/pages\/12179"}],"collection":[{"href":"https:\/\/www.freimarianne.ch\/index.php?rest_route=\/wp\/v2\/pages"}],"about":[{"href":"https:\/\/www.freimarianne.ch\/index.php?rest_route=\/wp\/v2\/types\/page"}],"author":[{"embeddable":true,"href":"https:\/\/www.freimarianne.ch\/index.php?rest_route=\/wp\/v2\/users\/1"}],"replies":[{"embeddable":true,"href":"https:\/\/www.freimarianne.ch\/index.php?rest_route=%2Fwp%2Fv2%2Fcomments&post=12179"}],"version-history":[{"count":4,"href":"https:\/\/www.freimarianne.ch\/index.php?rest_route=\/wp\/v2\/pages\/12179\/revisions"}],"predecessor-version":[{"id":12980,"href":"https:\/\/www.freimarianne.ch\/index.php?rest_route=\/wp\/v2\/pages\/12179\/revisions\/12980"}],"up":[{"embeddable":true,"href":"https:\/\/www.freimarianne.ch\/index.php?rest_route=\/wp\/v2\/pages\/11968"}],"wp:attachment":[{"href":"https:\/\/www.freimarianne.ch\/index.php?rest_route=%2Fwp%2Fv2%2Fmedia&parent=12179"}],"curies":[{"name":"wp","href":"https:\/\/api.w.org\/{rel}","templated":true}]}}